{"id":11235,"date":"2025-08-01T13:42:27","date_gmt":"2025-08-01T11:42:27","guid":{"rendered":"https:\/\/baselinkweb.nl\/greeneggtotaal\/product\/big-green-egg-acacia-tafel-xl\/"},"modified":"2025-12-18T10:27:45","modified_gmt":"2025-12-18T09:27:45","slug":"big-green-egg-akazienholz-tisch-xl","status":"publish","type":"product","link":"https:\/\/www.greeneggtotaal.nl\/de\/product\/big-green-egg-acacia-tafel-xl\/","title":{"rendered":"Big Green Egg Akazientisch XL"},"content":{"rendered":"<p>Die Natur geht ihren eigenen Weg. Schauen Sie sich nur den Acacia Table an. Dieser handgefertigte Tisch besteht aus massiven Akazienholzbrettern und hat nat\u00fcrlich geformte Maserungen und einzigartige Farbnuancen. Deshalb ist jeder Tisch anders. Der Acacia Table verwandelt Ihr Big Green Egg in eine komplette Au\u00dfenk\u00fcche mit ausreichend Platz f\u00fcr Ihre Werkzeuge und Ihr Geschirr.<\/p>\n<p>Der Acacia Table strahlt eine angenehme W\u00e4rme aus, sodass sich jeder in seiner N\u00e4he wohlf\u00fchlt. Da Akazienholz mit Abstand das nachhaltigste und h\u00e4rteste Holz ist, eignet es sich perfekt als Geh\u00e4use f\u00fcr das Big Green Egg Large oder XLarge. M\u00f6chten Sie Ihre Kochinsel versetzen? Mit den 4 stabilen R\u00e4dern k\u00f6nnen Sie den Acacia Table inklusive Ihrem Big Green Egg an einen sch\u00f6nen Platz in der Sonne rollen. Stellen Sie das EGG in das Table Nest, um f\u00fcr die notwendige Luftzirkulation zu sorgen.<\/p>\n<p>Bitte beachten Sie: Dieser Tisch wird als Ganzes geliefert. Gibt es besondere Umst\u00e4nde bei der Lieferung (Treppen, schwierige Ecken, Schwellen im Garten usw.)? Bitte geben Sie dies in der Bestellnotiz an!<\/p>","protected":false},"excerpt":{"rendered":"<p>De natuur gaat haar eigen gang. Kijk maar naar de Acacia Table. Deze handgemaakte tafel bestaat uit massieve planken van acacia en heeft natuurlijk gevormde nerven en unieke kleurschakeringen. Daarom is elke tafel weer anders. De Acacia Table transformeert je Big Green Egg tot een complete buitenkeuken met voldoende ruimte voor je tools en je [&hellip;]<\/p>\n","protected":false},"featured_media":11190,"template":"","meta":[],"product_brand":[229],"product_cat":[106],"product_tag":[],"class_list":{"0":"post-11235","1":"product","2":"type-product","3":"status-publish","4":"has-post-thumbnail","6":"product_brand-big-green-egg","7":"product_cat-xl-accessoires","9":"first","10":"instock","11":"taxable","12":"shipping-taxable","13":"purchasable","14":"product-type-composite"},"yoast_head":"<!-- This site is optimized with the Yoast SEO Premium plugin v27.4 (Yoast SEO v27.4) - https:\/\/yoast.com\/product\/yoast-seo-premium-wordpress\/ -->\n<title>Big Green Egg Acacia Tafel XL<\/title>\n<meta name=\"description\" content=\"Wij van GreenEggTotaal.nl bezorgen de Big Green Egg gratis \u00e9n we plaatsen hem volledig gemonteerd op de plek die u aanwijst.\" \/>\n<meta name=\"robots\" content=\"index, follow, max-snippet:-1, max-image-preview:large, max-video-preview:-1\" \/>\n<link rel=\"canonical\" href=\"https:\/\/www.greeneggtotaal.nl\/de\/product\/big-green-egg-akazienholz-tisch-xl\/\" \/>\n<meta property=\"og:locale\" content=\"de_DE\" \/>\n<meta property=\"og:type\" content=\"article\" \/>\n<meta property=\"og:title\" content=\"Big Green Egg Acacia Tafel XL\" \/>\n<meta property=\"og:description\" content=\"Wij van GreenEggTotaal.nl bezorgen de Big Green Egg gratis \u00e9n we plaatsen hem volledig gemonteerd op de plek die u aanwijst.\" \/>\n<meta property=\"og:url\" content=\"https:\/\/www.greeneggtotaal.nl\/de\/product\/big-green-egg-akazienholz-tisch-xl\/\" \/>\n<meta property=\"og:site_name\" content=\"GreenEggTotaal\" \/>\n<meta property=\"article:modified_time\" content=\"2025-12-18T09:27:45+00:00\" \/>\n<meta property=\"og:image\" content=\"https:\/\/www.greeneggtotaal.nl\/wp-content\/uploads\/2025\/08\/webimage-98e25524-a8df-4769-aa180f1d61ac0c67.webp\" \/>\n\t<meta property=\"og:image:width\" content=\"500\" \/>\n\t<meta property=\"og:image:height\" content=\"500\" \/>\n\t<meta property=\"og:image:type\" content=\"image\/webp\" \/>\n<meta name=\"twitter:card\" content=\"summary_large_image\" \/>\n<meta name=\"twitter:label1\" content=\"Gesch\u00e4tzte Lesezeit\" \/>\n\t<meta name=\"twitter:data1\" content=\"2\u00a0Minuten\" \/>\n<script type=\"application\/ld+json\" class=\"yoast-schema-graph\">{\"@context\":\"https:\\\/\\\/schema.org\",\"@graph\":[{\"@type\":\"WebPage\",\"@id\":\"https:\\\/\\\/www.greeneggtotaal.nl\\\/product\\\/big-green-egg-acacia-tafel-xl\\\/\",\"url\":\"https:\\\/\\\/www.greeneggtotaal.nl\\\/product\\\/big-green-egg-acacia-tafel-xl\\\/\",\"name\":\"Big Green Egg Acacia Tafel XL\",\"isPartOf\":{\"@id\":\"https:\\\/\\\/www.greeneggtotaal.nl\\\/nl\\\/#website\"},\"primaryImageOfPage\":{\"@id\":\"https:\\\/\\\/www.greeneggtotaal.nl\\\/product\\\/big-green-egg-acacia-tafel-xl\\\/#primaryimage\"},\"image\":{\"@id\":\"https:\\\/\\\/www.greeneggtotaal.nl\\\/product\\\/big-green-egg-acacia-tafel-xl\\\/#primaryimage\"},\"thumbnailUrl\":\"https:\\\/\\\/www.greeneggtotaal.nl\\\/wp-content\\\/uploads\\\/2025\\\/08\\\/webimage-98e25524-a8df-4769-aa180f1d61ac0c67.webp\",\"datePublished\":\"2025-08-01T11:42:27+00:00\",\"dateModified\":\"2025-12-18T09:27:45+00:00\",\"description\":\"Wij van GreenEggTotaal.nl bezorgen de Big Green Egg gratis \u00e9n we plaatsen hem volledig gemonteerd op de plek die u aanwijst.\",\"breadcrumb\":{\"@id\":\"https:\\\/\\\/www.greeneggtotaal.nl\\\/product\\\/big-green-egg-acacia-tafel-xl\\\/#breadcrumb\"},\"inLanguage\":\"de\",\"potentialAction\":[{\"@type\":\"ReadAction\",\"target\":[\"https:\\\/\\\/www.greeneggtotaal.nl\\\/product\\\/big-green-egg-acacia-tafel-xl\\\/\"]}]},{\"@type\":\"ImageObject\",\"inLanguage\":\"de\",\"@id\":\"https:\\\/\\\/www.greeneggtotaal.nl\\\/product\\\/big-green-egg-acacia-tafel-xl\\\/#primaryimage\",\"url\":\"https:\\\/\\\/www.greeneggtotaal.nl\\\/wp-content\\\/uploads\\\/2025\\\/08\\\/webimage-98e25524-a8df-4769-aa180f1d61ac0c67.webp\",\"contentUrl\":\"https:\\\/\\\/www.greeneggtotaal.nl\\\/wp-content\\\/uploads\\\/2025\\\/08\\\/webimage-98e25524-a8df-4769-aa180f1d61ac0c67.webp\",\"width\":500,\"height\":500,\"caption\":\"Big Green Egg Acacia Tafel XL\"},{\"@type\":\"BreadcrumbList\",\"@id\":\"https:\\\/\\\/www.greeneggtotaal.nl\\\/product\\\/big-green-egg-acacia-tafel-xl\\\/#breadcrumb\",\"itemListElement\":[{\"@type\":\"ListItem\",\"position\":1,\"name\":\"Home\",\"item\":\"https:\\\/\\\/www.greeneggtotaal.nl\\\/\"},{\"@type\":\"ListItem\",\"position\":2,\"name\":\"Shop\",\"item\":\"https:\\\/\\\/www.greeneggtotaal.nl\\\/nl\\\/shop\\\/\"},{\"@type\":\"ListItem\",\"position\":3,\"name\":\"Big Green Egg Acacia Tafel XL\"}]},{\"@type\":\"WebSite\",\"@id\":\"https:\\\/\\\/www.greeneggtotaal.nl\\\/nl\\\/#website\",\"url\":\"https:\\\/\\\/www.greeneggtotaal.nl\\\/nl\\\/\",\"name\":\"greeneggtotaal.nl\",\"description\":\"D\u00e9 Big Green Egg Specialist\",\"publisher\":{\"@id\":\"https:\\\/\\\/www.greeneggtotaal.nl\\\/nl\\\/#organization\"},\"potentialAction\":[{\"@type\":\"SearchAction\",\"target\":{\"@type\":\"EntryPoint\",\"urlTemplate\":\"https:\\\/\\\/www.greeneggtotaal.nl\\\/nl\\\/?s={search_term_string}\"},\"query-input\":{\"@type\":\"PropertyValueSpecification\",\"valueRequired\":true,\"valueName\":\"search_term_string\"}}],\"inLanguage\":\"de\"},{\"@type\":\"Organization\",\"@id\":\"https:\\\/\\\/www.greeneggtotaal.nl\\\/nl\\\/#organization\",\"name\":\"Green Egg Totaal\",\"url\":\"https:\\\/\\\/www.greeneggtotaal.nl\\\/nl\\\/\",\"logo\":{\"@type\":\"ImageObject\",\"inLanguage\":\"de\",\"@id\":\"https:\\\/\\\/www.greeneggtotaal.nl\\\/nl\\\/#\\\/schema\\\/logo\\\/image\\\/\",\"url\":\"https:\\\/\\\/www.greeneggtotaal.nl\\\/wp-content\\\/uploads\\\/2025\\\/06\\\/Green-Egg-Totaal-Logo.png\",\"contentUrl\":\"https:\\\/\\\/www.greeneggtotaal.nl\\\/wp-content\\\/uploads\\\/2025\\\/06\\\/Green-Egg-Totaal-Logo.png\",\"width\":225,\"height\":95,\"caption\":\"Green Egg Totaal\"},\"image\":{\"@id\":\"https:\\\/\\\/www.greeneggtotaal.nl\\\/nl\\\/#\\\/schema\\\/logo\\\/image\\\/\"}}]}<\/script>\n<!-- \/ Yoast SEO Premium plugin. -->","yoast_head_json":{"title":"Big Green Egg Akazientisch XL","description":"Wir von GreenEggTotaal.nl liefern das Big Green Egg kostenlos und stellen es vollst\u00e4ndig montiert an dem von Ihnen angegebenen Ort auf.","robots":{"index":"index","follow":"follow","max-snippet":"max-snippet:-1","max-image-preview":"max-image-preview:large","max-video-preview":"max-video-preview:-1"},"canonical":"https:\/\/www.greeneggtotaal.nl\/de\/product\/big-green-egg-akazienholz-tisch-xl\/","og_locale":"de_DE","og_type":"article","og_title":"Big Green Egg Acacia Tafel XL","og_description":"Wij van GreenEggTotaal.nl bezorgen de Big Green Egg gratis \u00e9n we plaatsen hem volledig gemonteerd op de plek die u aanwijst.","og_url":"https:\/\/www.greeneggtotaal.nl\/de\/product\/big-green-egg-akazienholz-tisch-xl\/","og_site_name":"GreenEggTotaal","article_modified_time":"2025-12-18T09:27:45+00:00","og_image":[{"width":500,"height":500,"url":"https:\/\/www.greeneggtotaal.nl\/wp-content\/uploads\/2025\/08\/webimage-98e25524-a8df-4769-aa180f1d61ac0c67.webp","type":"image\/webp"}],"twitter_card":"summary_large_image","twitter_misc":{"Gesch\u00e4tzte Lesezeit":"2\u00a0Minuten"},"schema":{"@context":"https:\/\/schema.org","@graph":[{"@type":"WebPage","@id":"https:\/\/www.greeneggtotaal.nl\/product\/big-green-egg-acacia-tafel-xl\/","url":"https:\/\/www.greeneggtotaal.nl\/product\/big-green-egg-acacia-tafel-xl\/","name":"Big Green Egg Akazientisch XL","isPartOf":{"@id":"https:\/\/www.greeneggtotaal.nl\/nl\/#website"},"primaryImageOfPage":{"@id":"https:\/\/www.greeneggtotaal.nl\/product\/big-green-egg-acacia-tafel-xl\/#primaryimage"},"image":{"@id":"https:\/\/www.greeneggtotaal.nl\/product\/big-green-egg-acacia-tafel-xl\/#primaryimage"},"thumbnailUrl":"https:\/\/www.greeneggtotaal.nl\/wp-content\/uploads\/2025\/08\/webimage-98e25524-a8df-4769-aa180f1d61ac0c67.webp","datePublished":"2025-08-01T11:42:27+00:00","dateModified":"2025-12-18T09:27:45+00:00","description":"Wir von GreenEggTotaal.nl liefern das Big Green Egg kostenlos und stellen es vollst\u00e4ndig montiert an dem von Ihnen angegebenen Ort auf.","breadcrumb":{"@id":"https:\/\/www.greeneggtotaal.nl\/product\/big-green-egg-acacia-tafel-xl\/#breadcrumb"},"inLanguage":"de","potentialAction":[{"@type":"ReadAction","target":["https:\/\/www.greeneggtotaal.nl\/product\/big-green-egg-acacia-tafel-xl\/"]}]},{"@type":"ImageObject","inLanguage":"de","@id":"https:\/\/www.greeneggtotaal.nl\/product\/big-green-egg-acacia-tafel-xl\/#primaryimage","url":"https:\/\/www.greeneggtotaal.nl\/wp-content\/uploads\/2025\/08\/webimage-98e25524-a8df-4769-aa180f1d61ac0c67.webp","contentUrl":"https:\/\/www.greeneggtotaal.nl\/wp-content\/uploads\/2025\/08\/webimage-98e25524-a8df-4769-aa180f1d61ac0c67.webp","width":500,"height":500,"caption":"Big Green Egg Acacia Tafel XL"},{"@type":"BreadcrumbList","@id":"https:\/\/www.greeneggtotaal.nl\/product\/big-green-egg-acacia-tafel-xl\/#breadcrumb","itemListElement":[{"@type":"ListItem","position":1,"name":"Home","item":"https:\/\/www.greeneggtotaal.nl\/"},{"@type":"ListItem","position":2,"name":"Shop","item":"https:\/\/www.greeneggtotaal.nl\/nl\/shop\/"},{"@type":"ListItem","position":3,"name":"Big Green Egg Acacia Tafel XL"}]},{"@type":"WebSite","@id":"https:\/\/www.greeneggtotaal.nl\/nl\/#website","url":"https:\/\/www.greeneggtotaal.nl\/nl\/","name":"greeneggtotaal.nl","description":"Der Big Green Egg Spezialist","publisher":{"@id":"https:\/\/www.greeneggtotaal.nl\/nl\/#organization"},"potentialAction":[{"@type":"SearchAction","target":{"@type":"EntryPoint","urlTemplate":"https:\/\/www.greeneggtotaal.nl\/nl\/?s={search_term_string}"},"query-input":{"@type":"PropertyValueSpecification","valueRequired":true,"valueName":"search_term_string"}}],"inLanguage":"de"},{"@type":"Organization","@id":"https:\/\/www.greeneggtotaal.nl\/nl\/#organization","name":"Green Egg Totaal","url":"https:\/\/www.greeneggtotaal.nl\/nl\/","logo":{"@type":"ImageObject","inLanguage":"de","@id":"https:\/\/www.greeneggtotaal.nl\/nl\/#\/schema\/logo\/image\/","url":"https:\/\/www.greeneggtotaal.nl\/wp-content\/uploads\/2025\/06\/Green-Egg-Totaal-Logo.png","contentUrl":"https:\/\/www.greeneggtotaal.nl\/wp-content\/uploads\/2025\/06\/Green-Egg-Totaal-Logo.png","width":225,"height":95,"caption":"Green Egg Totaal"},"image":{"@id":"https:\/\/www.greeneggtotaal.nl\/nl\/#\/schema\/logo\/image\/"}}]}},"_links":{"self":[{"href":"https:\/\/www.greeneggtotaal.nl\/de\/wp-json\/wp\/v2\/product\/11235","targetHints":{"allow":["GET"]}}],"collection":[{"href":"https:\/\/www.greeneggtotaal.nl\/de\/wp-json\/wp\/v2\/product"}],"about":[{"href":"https:\/\/www.greeneggtotaal.nl\/de\/wp-json\/wp\/v2\/types\/product"}],"wp:featuredmedia":[{"embeddable":true,"href":"https:\/\/www.greeneggtotaal.nl\/de\/wp-json\/wp\/v2\/media\/11190"}],"wp:attachment":[{"href":"https:\/\/www.greeneggtotaal.nl\/de\/wp-json\/wp\/v2\/media?parent=11235"}],"wp:term":[{"taxonomy":"product_brand","embeddable":true,"href":"https:\/\/www.greeneggtotaal.nl\/de\/wp-json\/wp\/v2\/product_brand?post=11235"},{"taxonomy":"product_cat","embeddable":true,"href":"https:\/\/www.greeneggtotaal.nl\/de\/wp-json\/wp\/v2\/product_cat?post=11235"},{"taxonomy":"product_tag","embeddable":true,"href":"https:\/\/www.greeneggtotaal.nl\/de\/wp-json\/wp\/v2\/product_tag?post=11235"}],"curies":[{"name":"wp","href":"https:\/\/api.w.org\/{rel}","templated":true}]}}