{"id":11258,"date":"2025-08-01T13:42:33","date_gmt":"2025-08-01T11:42:33","guid":{"rendered":"https:\/\/baselinkweb.nl\/greeneggtotaal\/product\/ofyr-mise-en-place-table-corten-135-pro-donkergrijs\/"},"modified":"2026-04-07T10:04:07","modified_gmt":"2026-04-07T08:04:07","slug":"ofyr-mise-en-place-tisch-corten-135-pro-dunkelgrau","status":"publish","type":"product","link":"https:\/\/www.greeneggtotaal.nl\/de\/product\/ofyr-mise-en-place-table-corten-135-pro-donkergrijs\/","title":{"rendered":"OFYR Mise en Place Tisch Corten 135 PRO Dunkelgrau"},"content":{"rendered":"<p><strong>Mit dem Mise en Place Table 135 PRO k\u00f6nnen Sie Ihre Outdoor-K\u00fcche ganz einfach um zus\u00e4tzliche Arbeitsfl\u00e4che erweitern. Der Tisch ist leicht zu bewegen und hat eine praktische Arbeitsfl\u00e4che von 135 x 65 cm. Dar\u00fcber hinaus bietet der Tisch Stauraum f\u00fcr Holz oder Zubeh\u00f6r. Die Arbeitsplatte ist in Teakholz und dunkelgrauer Keramik erh\u00e4ltlich.<\/strong><\/p>\n<p>-Teil der PRO-Kollektion, mit der Sie eine professionelle Au\u00dfenk\u00fcche zusammenstellen k\u00f6nnen.<\/p>\n<p>-Die Keramikarbeitsplatte kann dauerhaft im Freien bleiben. Bewahren Sie eine Teakholz-Arbeitsplatte im Innenbereich auf und behandeln Sie sie regelm\u00e4\u00dfig mit einem Pflanzen\u00f6l.<\/p>\n<p>-Inklusive praktischer Werkzeugablage.<\/p>\n<p>-Leicht zu transportieren. Das Ger\u00e4t ist relativ schwer, wenn es mit Holz gef\u00fcllt ist.<\/p>\n<p>-Kompatibel mit OFYR Insert PRO Small, Medium und Large.<\/p>\n<p>-Die Black-Modelle sind trotz ihrer hochwertigen Beschichtung anf\u00e4lliger f\u00fcr Kratzer und Besch\u00e4digungen und erfordern mehr Pflege als die Corten-Modelle.<\/p>","protected":false},"excerpt":{"rendered":"<p>Met de Mise en Place Table 135 PRO voegt u makkelijk extra werkruimte aan je buitenkeuken toe. De tafel is eenvoudig te verplaatsen en heeft een praktisch werkblad van 135 x 65 cm. Daarnaast heeft de tafel ook opbergruimte voor hout of accessoires. Het werkblad is verkrijgbaar in teakhout en donkergrijs keramiek. -Onderdeel van de [&hellip;]<\/p>\n","protected":false},"featured_media":11257,"template":"","meta":[],"product_brand":[239],"product_cat":[133],"product_tag":[],"class_list":{"0":"post-11258","1":"product","2":"type-product","3":"status-publish","4":"has-post-thumbnail","6":"product_brand-ofyr","7":"product_cat-ofyr-buitenkeukens","9":"first","10":"instock","11":"sale","12":"taxable","13":"shipping-taxable","14":"purchasable","15":"product-type-composite"},"yoast_head":"<!-- This site is optimized with the Yoast SEO Premium plugin v27.4 (Yoast SEO v27.4) - https:\/\/yoast.com\/product\/yoast-seo-premium-wordpress\/ -->\n<title>OFYR Mise en Place Table Corten 135 PRO Donkergrijs<\/title>\n<meta name=\"description\" content=\"Bestel alles voor de Big Green Egg bij GreenEggTotaal. Voor 16.00u besteld? Morgen bezorgd. GreenEggTotaal.nl: D\u00e9 Big Green Egg Specialist.\" \/>\n<meta name=\"robots\" content=\"index, follow, max-snippet:-1, max-image-preview:large, max-video-preview:-1\" \/>\n<link rel=\"canonical\" href=\"https:\/\/www.greeneggtotaal.nl\/de\/product\/ofyr-mise-en-place-tisch-corten-135-pro-dunkelgrau\/\" \/>\n<meta property=\"og:locale\" content=\"de_DE\" \/>\n<meta property=\"og:type\" content=\"article\" \/>\n<meta property=\"og:title\" content=\"OFYR Mise en Place Table Corten 135 PRO Donkergrijs\" \/>\n<meta property=\"og:description\" content=\"Bestel alles voor de Big Green Egg bij GreenEggTotaal. Voor 16.00u besteld? Morgen bezorgd. GreenEggTotaal.nl: D\u00e9 Big Green Egg Specialist.\" \/>\n<meta property=\"og:url\" content=\"https:\/\/www.greeneggtotaal.nl\/de\/product\/ofyr-mise-en-place-tisch-corten-135-pro-dunkelgrau\/\" \/>\n<meta property=\"og:site_name\" content=\"GreenEggTotaal\" \/>\n<meta property=\"article:modified_time\" content=\"2026-04-07T08:04:07+00:00\" \/>\n<meta property=\"og:image\" content=\"https:\/\/www.greeneggtotaal.nl\/wp-content\/uploads\/2025\/08\/ontwerp-zonder-titel-2023-07-10t140734.196.webp\" \/>\n\t<meta property=\"og:image:width\" content=\"500\" \/>\n\t<meta property=\"og:image:height\" content=\"500\" \/>\n\t<meta property=\"og:image:type\" content=\"image\/webp\" \/>\n<meta name=\"twitter:card\" content=\"summary_large_image\" \/>\n<meta name=\"twitter:label1\" content=\"Gesch\u00e4tzte Lesezeit\" \/>\n\t<meta name=\"twitter:data1\" content=\"1\u00a0Minute\" \/>\n<script type=\"application\/ld+json\" class=\"yoast-schema-graph\">{\"@context\":\"https:\\\/\\\/schema.org\",\"@graph\":[{\"@type\":\"WebPage\",\"@id\":\"https:\\\/\\\/www.greeneggtotaal.nl\\\/product\\\/ofyr-mise-en-place-table-corten-135-pro-donkergrijs\\\/\",\"url\":\"https:\\\/\\\/www.greeneggtotaal.nl\\\/product\\\/ofyr-mise-en-place-table-corten-135-pro-donkergrijs\\\/\",\"name\":\"OFYR Mise en Place Table Corten 135 PRO Donkergrijs\",\"isPartOf\":{\"@id\":\"https:\\\/\\\/www.greeneggtotaal.nl\\\/nl\\\/#website\"},\"primaryImageOfPage\":{\"@id\":\"https:\\\/\\\/www.greeneggtotaal.nl\\\/product\\\/ofyr-mise-en-place-table-corten-135-pro-donkergrijs\\\/#primaryimage\"},\"image\":{\"@id\":\"https:\\\/\\\/www.greeneggtotaal.nl\\\/product\\\/ofyr-mise-en-place-table-corten-135-pro-donkergrijs\\\/#primaryimage\"},\"thumbnailUrl\":\"https:\\\/\\\/www.greeneggtotaal.nl\\\/wp-content\\\/uploads\\\/2025\\\/08\\\/ontwerp-zonder-titel-2023-07-10t140734.196.webp\",\"datePublished\":\"2025-08-01T11:42:33+00:00\",\"dateModified\":\"2026-04-07T08:04:07+00:00\",\"description\":\"Bestel alles voor de Big Green Egg bij GreenEggTotaal. Voor 16.00u besteld? Morgen bezorgd. GreenEggTotaal.nl: D\u00e9 Big Green Egg Specialist.\",\"breadcrumb\":{\"@id\":\"https:\\\/\\\/www.greeneggtotaal.nl\\\/product\\\/ofyr-mise-en-place-table-corten-135-pro-donkergrijs\\\/#breadcrumb\"},\"inLanguage\":\"de\",\"potentialAction\":[{\"@type\":\"ReadAction\",\"target\":[\"https:\\\/\\\/www.greeneggtotaal.nl\\\/product\\\/ofyr-mise-en-place-table-corten-135-pro-donkergrijs\\\/\"]}]},{\"@type\":\"ImageObject\",\"inLanguage\":\"de\",\"@id\":\"https:\\\/\\\/www.greeneggtotaal.nl\\\/product\\\/ofyr-mise-en-place-table-corten-135-pro-donkergrijs\\\/#primaryimage\",\"url\":\"https:\\\/\\\/www.greeneggtotaal.nl\\\/wp-content\\\/uploads\\\/2025\\\/08\\\/ontwerp-zonder-titel-2023-07-10t140734.196.webp\",\"contentUrl\":\"https:\\\/\\\/www.greeneggtotaal.nl\\\/wp-content\\\/uploads\\\/2025\\\/08\\\/ontwerp-zonder-titel-2023-07-10t140734.196.webp\",\"width\":500,\"height\":500,\"caption\":\"OFYR Mise en Place Table Corten 135 PRO Donkergrijs\"},{\"@type\":\"BreadcrumbList\",\"@id\":\"https:\\\/\\\/www.greeneggtotaal.nl\\\/product\\\/ofyr-mise-en-place-table-corten-135-pro-donkergrijs\\\/#breadcrumb\",\"itemListElement\":[{\"@type\":\"ListItem\",\"position\":1,\"name\":\"Home\",\"item\":\"https:\\\/\\\/www.greeneggtotaal.nl\\\/\"},{\"@type\":\"ListItem\",\"position\":2,\"name\":\"Shop\",\"item\":\"https:\\\/\\\/www.greeneggtotaal.nl\\\/nl\\\/shop\\\/\"},{\"@type\":\"ListItem\",\"position\":3,\"name\":\"OFYR Mise en Place Table Corten 135 PRO Donkergrijs\"}]},{\"@type\":\"WebSite\",\"@id\":\"https:\\\/\\\/www.greeneggtotaal.nl\\\/nl\\\/#website\",\"url\":\"https:\\\/\\\/www.greeneggtotaal.nl\\\/nl\\\/\",\"name\":\"greeneggtotaal.nl\",\"description\":\"D\u00e9 Big Green Egg Specialist\",\"publisher\":{\"@id\":\"https:\\\/\\\/www.greeneggtotaal.nl\\\/nl\\\/#organization\"},\"potentialAction\":[{\"@type\":\"SearchAction\",\"target\":{\"@type\":\"EntryPoint\",\"urlTemplate\":\"https:\\\/\\\/www.greeneggtotaal.nl\\\/nl\\\/?s={search_term_string}\"},\"query-input\":{\"@type\":\"PropertyValueSpecification\",\"valueRequired\":true,\"valueName\":\"search_term_string\"}}],\"inLanguage\":\"de\"},{\"@type\":\"Organization\",\"@id\":\"https:\\\/\\\/www.greeneggtotaal.nl\\\/nl\\\/#organization\",\"name\":\"Green Egg Totaal\",\"url\":\"https:\\\/\\\/www.greeneggtotaal.nl\\\/nl\\\/\",\"logo\":{\"@type\":\"ImageObject\",\"inLanguage\":\"de\",\"@id\":\"https:\\\/\\\/www.greeneggtotaal.nl\\\/nl\\\/#\\\/schema\\\/logo\\\/image\\\/\",\"url\":\"https:\\\/\\\/www.greeneggtotaal.nl\\\/wp-content\\\/uploads\\\/2025\\\/06\\\/Green-Egg-Totaal-Logo.png\",\"contentUrl\":\"https:\\\/\\\/www.greeneggtotaal.nl\\\/wp-content\\\/uploads\\\/2025\\\/06\\\/Green-Egg-Totaal-Logo.png\",\"width\":225,\"height\":95,\"caption\":\"Green Egg Totaal\"},\"image\":{\"@id\":\"https:\\\/\\\/www.greeneggtotaal.nl\\\/nl\\\/#\\\/schema\\\/logo\\\/image\\\/\"}}]}<\/script>\n<!-- \/ Yoast SEO Premium plugin. -->","yoast_head_json":{"title":"OFYR Mise en Place Tisch Corten 135 PRO Dunkelgrau","description":"Bestellen Sie alles f\u00fcr das Big Green Egg bei GreenEggTotaal. Vor 16:00 Uhr bestellt? Wird morgen geliefert. GreenEggTotaal.nl: Der Big Green Egg Spezialist.","robots":{"index":"index","follow":"follow","max-snippet":"max-snippet:-1","max-image-preview":"max-image-preview:large","max-video-preview":"max-video-preview:-1"},"canonical":"https:\/\/www.greeneggtotaal.nl\/de\/product\/ofyr-mise-en-place-tisch-corten-135-pro-dunkelgrau\/","og_locale":"de_DE","og_type":"article","og_title":"OFYR Mise en Place Table Corten 135 PRO Donkergrijs","og_description":"Bestel alles voor de Big Green Egg bij GreenEggTotaal. Voor 16.00u besteld? Morgen bezorgd. GreenEggTotaal.nl: D\u00e9 Big Green Egg Specialist.","og_url":"https:\/\/www.greeneggtotaal.nl\/de\/product\/ofyr-mise-en-place-tisch-corten-135-pro-dunkelgrau\/","og_site_name":"GreenEggTotaal","article_modified_time":"2026-04-07T08:04:07+00:00","og_image":[{"width":500,"height":500,"url":"https:\/\/www.greeneggtotaal.nl\/wp-content\/uploads\/2025\/08\/ontwerp-zonder-titel-2023-07-10t140734.196.webp","type":"image\/webp"}],"twitter_card":"summary_large_image","twitter_misc":{"Gesch\u00e4tzte Lesezeit":"1\u00a0Minute"},"schema":{"@context":"https:\/\/schema.org","@graph":[{"@type":"WebPage","@id":"https:\/\/www.greeneggtotaal.nl\/product\/ofyr-mise-en-place-table-corten-135-pro-donkergrijs\/","url":"https:\/\/www.greeneggtotaal.nl\/product\/ofyr-mise-en-place-table-corten-135-pro-donkergrijs\/","name":"OFYR Mise en Place Tisch Corten 135 PRO Dunkelgrau","isPartOf":{"@id":"https:\/\/www.greeneggtotaal.nl\/nl\/#website"},"primaryImageOfPage":{"@id":"https:\/\/www.greeneggtotaal.nl\/product\/ofyr-mise-en-place-table-corten-135-pro-donkergrijs\/#primaryimage"},"image":{"@id":"https:\/\/www.greeneggtotaal.nl\/product\/ofyr-mise-en-place-table-corten-135-pro-donkergrijs\/#primaryimage"},"thumbnailUrl":"https:\/\/www.greeneggtotaal.nl\/wp-content\/uploads\/2025\/08\/ontwerp-zonder-titel-2023-07-10t140734.196.webp","datePublished":"2025-08-01T11:42:33+00:00","dateModified":"2026-04-07T08:04:07+00:00","description":"Bestellen Sie alles f\u00fcr das Big Green Egg bei GreenEggTotaal. Vor 16:00 Uhr bestellt? Wird morgen geliefert. GreenEggTotaal.nl: Der Big Green Egg Spezialist.","breadcrumb":{"@id":"https:\/\/www.greeneggtotaal.nl\/product\/ofyr-mise-en-place-table-corten-135-pro-donkergrijs\/#breadcrumb"},"inLanguage":"de","potentialAction":[{"@type":"ReadAction","target":["https:\/\/www.greeneggtotaal.nl\/product\/ofyr-mise-en-place-table-corten-135-pro-donkergrijs\/"]}]},{"@type":"ImageObject","inLanguage":"de","@id":"https:\/\/www.greeneggtotaal.nl\/product\/ofyr-mise-en-place-table-corten-135-pro-donkergrijs\/#primaryimage","url":"https:\/\/www.greeneggtotaal.nl\/wp-content\/uploads\/2025\/08\/ontwerp-zonder-titel-2023-07-10t140734.196.webp","contentUrl":"https:\/\/www.greeneggtotaal.nl\/wp-content\/uploads\/2025\/08\/ontwerp-zonder-titel-2023-07-10t140734.196.webp","width":500,"height":500,"caption":"OFYR Mise en Place Table Corten 135 PRO Donkergrijs"},{"@type":"BreadcrumbList","@id":"https:\/\/www.greeneggtotaal.nl\/product\/ofyr-mise-en-place-table-corten-135-pro-donkergrijs\/#breadcrumb","itemListElement":[{"@type":"ListItem","position":1,"name":"Home","item":"https:\/\/www.greeneggtotaal.nl\/"},{"@type":"ListItem","position":2,"name":"Shop","item":"https:\/\/www.greeneggtotaal.nl\/nl\/shop\/"},{"@type":"ListItem","position":3,"name":"OFYR Mise en Place Table Corten 135 PRO Donkergrijs"}]},{"@type":"WebSite","@id":"https:\/\/www.greeneggtotaal.nl\/nl\/#website","url":"https:\/\/www.greeneggtotaal.nl\/nl\/","name":"greeneggtotaal.nl","description":"Der Big Green Egg Spezialist","publisher":{"@id":"https:\/\/www.greeneggtotaal.nl\/nl\/#organization"},"potentialAction":[{"@type":"SearchAction","target":{"@type":"EntryPoint","urlTemplate":"https:\/\/www.greeneggtotaal.nl\/nl\/?s={search_term_string}"},"query-input":{"@type":"PropertyValueSpecification","valueRequired":true,"valueName":"search_term_string"}}],"inLanguage":"de"},{"@type":"Organization","@id":"https:\/\/www.greeneggtotaal.nl\/nl\/#organization","name":"Green Egg Totaal","url":"https:\/\/www.greeneggtotaal.nl\/nl\/","logo":{"@type":"ImageObject","inLanguage":"de","@id":"https:\/\/www.greeneggtotaal.nl\/nl\/#\/schema\/logo\/image\/","url":"https:\/\/www.greeneggtotaal.nl\/wp-content\/uploads\/2025\/06\/Green-Egg-Totaal-Logo.png","contentUrl":"https:\/\/www.greeneggtotaal.nl\/wp-content\/uploads\/2025\/06\/Green-Egg-Totaal-Logo.png","width":225,"height":95,"caption":"Green Egg Totaal"},"image":{"@id":"https:\/\/www.greeneggtotaal.nl\/nl\/#\/schema\/logo\/image\/"}}]}},"_links":{"self":[{"href":"https:\/\/www.greeneggtotaal.nl\/de\/wp-json\/wp\/v2\/product\/11258","targetHints":{"allow":["GET"]}}],"collection":[{"href":"https:\/\/www.greeneggtotaal.nl\/de\/wp-json\/wp\/v2\/product"}],"about":[{"href":"https:\/\/www.greeneggtotaal.nl\/de\/wp-json\/wp\/v2\/types\/product"}],"wp:featuredmedia":[{"embeddable":true,"href":"https:\/\/www.greeneggtotaal.nl\/de\/wp-json\/wp\/v2\/media\/11257"}],"wp:attachment":[{"href":"https:\/\/www.greeneggtotaal.nl\/de\/wp-json\/wp\/v2\/media?parent=11258"}],"wp:term":[{"taxonomy":"product_brand","embeddable":true,"href":"https:\/\/www.greeneggtotaal.nl\/de\/wp-json\/wp\/v2\/product_brand?post=11258"},{"taxonomy":"product_cat","embeddable":true,"href":"https:\/\/www.greeneggtotaal.nl\/de\/wp-json\/wp\/v2\/product_cat?post=11258"},{"taxonomy":"product_tag","embeddable":true,"href":"https:\/\/www.greeneggtotaal.nl\/de\/wp-json\/wp\/v2\/product_tag?post=11258"}],"curies":[{"name":"wp","href":"https:\/\/api.w.org\/{rel}","templated":true}]}}