{"id":11325,"date":"2025-08-01T13:42:47","date_gmt":"2025-08-01T11:42:47","guid":{"rendered":"https:\/\/baselinkweb.nl\/greeneggtotaal\/product\/witt-etna-rotante-pizza-oven-black-gratis-accessoires\/"},"modified":"2026-04-15T09:41:29","modified_gmt":"2026-04-15T07:41:29","slug":"witt-etna-rotante-pizzaofen-schwarz-kostenloses-zubehor","status":"publish","type":"product","link":"https:\/\/www.greeneggtotaal.nl\/de\/product\/witt-etna-rotante-pizza-oven-black-gratis-accessoires\/","title":{"rendered":"Witt Etna Rotante Pizza-Ofen Schwarz"},"content":{"rendered":"<p>Der Witt ETNA Rotante 16\u2033 in Mattschwarz kombiniert schlichtes skandinavisches Design mit beeindruckender Leistung. Dank seines modernen Looks f\u00fcgt er sich m\u00fchelos in jede Au\u00dfenk\u00fcche, jeden Garten oder jede Catering-Einrichtung ein. Dieser Ofen ist f\u00fcr jeden gemacht, der Pizza auf professionellem Niveau backen m\u00f6chte, egal ob zu Hause oder im gewerblichen Bereich.<\/p>\n<h3><strong>Superschnell auf Temperatur &amp; immer perfekte Ergebnisse<\/strong><\/h3>\n<p>Mit ihrem leistungsstarken U-Brenner und dem zus\u00e4tzlichen Booster-Brenner erreicht die ETNA Rotante innerhalb von 15 Minuten eine Temperatur von 500\u00b0C. Der rotierende Pizzastein sorgt daf\u00fcr, dass Ihre Pizza gleichm\u00e4\u00dfig gart, ohne dass Sie ihn selbst drehen m\u00fcssen. So erhalten Sie jedes Mal einen knusprigen, perfekt gebackenen Boden - genau wie in einer echten Pizzeria.<\/p>\n<h3><strong>Gebaut f\u00fcr jahrelangen Einsatz<\/strong><\/h3>\n<p>Der Ofen ist aus langlebigen Materialien gefertigt und verf\u00fcgt \u00fcber einen Innenraum aus Edelstahl f\u00fcr eine optimale W\u00e4rmeverteilung. Der robuste 40,5 cm Pizzastein aus Cordierit h\u00e4lt die Hitze sehr gut und ist ideal f\u00fcr gro\u00dfe Pizzen. Dies ist ein Ofen, den Sie immer wieder f\u00fcr neue kulinarische Abenteuer verwenden k\u00f6nnen.<\/p>\n<div><\/div>\n<h2><strong>Wesentliche Merkmale<\/strong><\/h2>\n<ul>\n<li><strong>Innenmaterial:<\/strong> ROSTFREIER STAHL<\/li>\n<li><strong>Pizzastein:<\/strong> 40,5 cm Cordierit, 1,5 cm dick<\/li>\n<li><strong>Brenner:<\/strong> U-f\u00f6rmig + Booster<\/li>\n<li><strong>Anzahl der Brenner:<\/strong> 2<\/li>\n<li><strong>Maximale Temperatur:<\/strong> 500\u00b0C<\/li>\n<li><strong>Zeit bis 500\u00b0C:<\/strong> 15 Minuten<\/li>\n<li><strong>Rotierender Stein:<\/strong> Ja<\/li>\n<li><strong>Z\u00fcndung:<\/strong> Elektrisch<\/li>\n<li><strong>Dauer der Z\u00fcndung:<\/strong> 0.25 min<\/li>\n<li><strong>Kraftstoff:<\/strong> Gas (I 3B\/P 30)<\/li>\n<li><strong>Macht:<\/strong> 9,2 kW \/ 31.400 BTU<\/li>\n<li><strong>Verbindung:<\/strong> 220-240V<\/li>\n<li><strong>Batterien:<\/strong> 5\u00d7 AA<\/li>\n<li><strong>Inklusive Kabel:<\/strong> Ja (150 cm)<\/li>\n<li><strong>Gasregler und Gasschlauch:<\/strong> Nicht enthalten<\/li>\n<li><strong>Die Beine sind klappbar:<\/strong> Ja<\/li>\n<li><strong>Tragbar:<\/strong> Nein<\/li>\n<\/ul>","protected":false},"excerpt":{"rendered":"<p>De Witt ETNA Rotante 16&#8243; in Matte Black combineert een strak Scandinavisch design met indrukwekkende prestaties. Dankzij de moderne uitstraling past hij moeiteloos in elke buitenkeuken, tuin of horecasetting. Deze oven is gemaakt voor iedereen die pizza\u2019s wil bakken op professioneel niveau, zowel thuis als commercieel. Supersnel op temperatuur &amp; altijd een perfect resultaat Met [&hellip;]<\/p>\n","protected":false},"featured_media":11324,"template":"","meta":[],"product_brand":[243],"product_cat":[112,114,118],"product_tag":[],"class_list":{"0":"post-11325","1":"product","2":"type-product","3":"status-publish","4":"has-post-thumbnail","6":"product_brand-witt","7":"product_cat-pizzaovens","8":"product_cat-witt","9":"product_cat-witt-pizzaovens","11":"first","12":"outofstock","13":"taxable","14":"shipping-taxable","15":"purchasable","16":"product-type-composite"},"yoast_head":"<!-- This site is optimized with the Yoast SEO Premium plugin v27.4 (Yoast SEO v27.4) - https:\/\/yoast.com\/product\/yoast-seo-premium-wordpress\/ -->\n<title>Witt Etna Rotante Pizza Oven Black<\/title>\n<meta name=\"description\" content=\"Bestel alles voor de Big Green Egg bij GreenEggTotaal.nl - Voor 16.00u besteld? Morgen gratis bezorgd. GreenEggTotaal.nl: D\u00e9 Big Green Egg Specialist.\" \/>\n<meta name=\"robots\" content=\"index, follow, max-snippet:-1, max-image-preview:large, max-video-preview:-1\" \/>\n<link rel=\"canonical\" href=\"https:\/\/www.greeneggtotaal.nl\/de\/product\/witt-etna-rotante-pizzaofen-schwarz-kostenloses-zubehor\/\" \/>\n<meta property=\"og:locale\" content=\"de_DE\" \/>\n<meta property=\"og:type\" content=\"article\" \/>\n<meta property=\"og:title\" content=\"Witt Etna Rotante Pizza Oven Black\" \/>\n<meta property=\"og:description\" content=\"Bestel alles voor de Big Green Egg bij GreenEggTotaal.nl - Voor 16.00u besteld? Morgen gratis bezorgd. GreenEggTotaal.nl: D\u00e9 Big Green Egg Specialist.\" \/>\n<meta property=\"og:url\" content=\"https:\/\/www.greeneggtotaal.nl\/de\/product\/witt-etna-rotante-pizzaofen-schwarz-kostenloses-zubehor\/\" \/>\n<meta property=\"og:site_name\" content=\"GreenEggTotaal\" \/>\n<meta property=\"article:modified_time\" content=\"2026-04-15T07:41:29+00:00\" \/>\n<meta property=\"og:image\" content=\"https:\/\/www.greeneggtotaal.nl\/wp-content\/uploads\/2025\/08\/1-13-2.webp\" \/>\n\t<meta property=\"og:image:width\" content=\"500\" \/>\n\t<meta property=\"og:image:height\" content=\"500\" \/>\n\t<meta property=\"og:image:type\" content=\"image\/webp\" \/>\n<meta name=\"twitter:card\" content=\"summary_large_image\" \/>\n<meta name=\"twitter:label1\" content=\"Gesch\u00e4tzte Lesezeit\" \/>\n\t<meta name=\"twitter:data1\" content=\"2\u00a0Minuten\" \/>\n<script type=\"application\/ld+json\" class=\"yoast-schema-graph\">{\"@context\":\"https:\\\/\\\/schema.org\",\"@graph\":[{\"@type\":\"WebPage\",\"@id\":\"https:\\\/\\\/www.greeneggtotaal.nl\\\/product\\\/witt-etna-rotante-pizza-oven-black-gratis-accessoires\\\/\",\"url\":\"https:\\\/\\\/www.greeneggtotaal.nl\\\/product\\\/witt-etna-rotante-pizza-oven-black-gratis-accessoires\\\/\",\"name\":\"Witt Etna Rotante Pizza Oven Black\",\"isPartOf\":{\"@id\":\"https:\\\/\\\/www.greeneggtotaal.nl\\\/nl\\\/#website\"},\"primaryImageOfPage\":{\"@id\":\"https:\\\/\\\/www.greeneggtotaal.nl\\\/product\\\/witt-etna-rotante-pizza-oven-black-gratis-accessoires\\\/#primaryimage\"},\"image\":{\"@id\":\"https:\\\/\\\/www.greeneggtotaal.nl\\\/product\\\/witt-etna-rotante-pizza-oven-black-gratis-accessoires\\\/#primaryimage\"},\"thumbnailUrl\":\"https:\\\/\\\/www.greeneggtotaal.nl\\\/wp-content\\\/uploads\\\/2025\\\/08\\\/1-13-2.webp\",\"datePublished\":\"2025-08-01T11:42:47+00:00\",\"dateModified\":\"2026-04-15T07:41:29+00:00\",\"description\":\"Bestel alles voor de Big Green Egg bij GreenEggTotaal.nl - Voor 16.00u besteld? Morgen gratis bezorgd. GreenEggTotaal.nl: D\u00e9 Big Green Egg Specialist.\",\"breadcrumb\":{\"@id\":\"https:\\\/\\\/www.greeneggtotaal.nl\\\/product\\\/witt-etna-rotante-pizza-oven-black-gratis-accessoires\\\/#breadcrumb\"},\"inLanguage\":\"de\",\"potentialAction\":[{\"@type\":\"ReadAction\",\"target\":[\"https:\\\/\\\/www.greeneggtotaal.nl\\\/product\\\/witt-etna-rotante-pizza-oven-black-gratis-accessoires\\\/\"]}]},{\"@type\":\"ImageObject\",\"inLanguage\":\"de\",\"@id\":\"https:\\\/\\\/www.greeneggtotaal.nl\\\/product\\\/witt-etna-rotante-pizza-oven-black-gratis-accessoires\\\/#primaryimage\",\"url\":\"https:\\\/\\\/www.greeneggtotaal.nl\\\/wp-content\\\/uploads\\\/2025\\\/08\\\/1-13-2.webp\",\"contentUrl\":\"https:\\\/\\\/www.greeneggtotaal.nl\\\/wp-content\\\/uploads\\\/2025\\\/08\\\/1-13-2.webp\",\"width\":500,\"height\":500,\"caption\":\"Witt Etna Rotante Pizza Oven Black\"},{\"@type\":\"BreadcrumbList\",\"@id\":\"https:\\\/\\\/www.greeneggtotaal.nl\\\/product\\\/witt-etna-rotante-pizza-oven-black-gratis-accessoires\\\/#breadcrumb\",\"itemListElement\":[{\"@type\":\"ListItem\",\"position\":1,\"name\":\"Home\",\"item\":\"https:\\\/\\\/www.greeneggtotaal.nl\\\/\"},{\"@type\":\"ListItem\",\"position\":2,\"name\":\"Shop\",\"item\":\"https:\\\/\\\/www.greeneggtotaal.nl\\\/nl\\\/shop\\\/\"},{\"@type\":\"ListItem\",\"position\":3,\"name\":\"Witt Etna Rotante Pizza Oven Black\"}]},{\"@type\":\"WebSite\",\"@id\":\"https:\\\/\\\/www.greeneggtotaal.nl\\\/nl\\\/#website\",\"url\":\"https:\\\/\\\/www.greeneggtotaal.nl\\\/nl\\\/\",\"name\":\"greeneggtotaal.nl\",\"description\":\"D\u00e9 Big Green Egg Specialist\",\"publisher\":{\"@id\":\"https:\\\/\\\/www.greeneggtotaal.nl\\\/nl\\\/#organization\"},\"potentialAction\":[{\"@type\":\"SearchAction\",\"target\":{\"@type\":\"EntryPoint\",\"urlTemplate\":\"https:\\\/\\\/www.greeneggtotaal.nl\\\/nl\\\/?s={search_term_string}\"},\"query-input\":{\"@type\":\"PropertyValueSpecification\",\"valueRequired\":true,\"valueName\":\"search_term_string\"}}],\"inLanguage\":\"de\"},{\"@type\":\"Organization\",\"@id\":\"https:\\\/\\\/www.greeneggtotaal.nl\\\/nl\\\/#organization\",\"name\":\"Green Egg Totaal\",\"url\":\"https:\\\/\\\/www.greeneggtotaal.nl\\\/nl\\\/\",\"logo\":{\"@type\":\"ImageObject\",\"inLanguage\":\"de\",\"@id\":\"https:\\\/\\\/www.greeneggtotaal.nl\\\/nl\\\/#\\\/schema\\\/logo\\\/image\\\/\",\"url\":\"https:\\\/\\\/www.greeneggtotaal.nl\\\/wp-content\\\/uploads\\\/2025\\\/06\\\/Green-Egg-Totaal-Logo.png\",\"contentUrl\":\"https:\\\/\\\/www.greeneggtotaal.nl\\\/wp-content\\\/uploads\\\/2025\\\/06\\\/Green-Egg-Totaal-Logo.png\",\"width\":225,\"height\":95,\"caption\":\"Green Egg Totaal\"},\"image\":{\"@id\":\"https:\\\/\\\/www.greeneggtotaal.nl\\\/nl\\\/#\\\/schema\\\/logo\\\/image\\\/\"}}]}<\/script>\n<!-- \/ Yoast SEO Premium plugin. -->","yoast_head_json":{"title":"Witt Etna Rotante Pizza-Ofen Schwarz","description":"Bestellen Sie alles f\u00fcr das Big Green Egg bei GreenEggTotaal.nl - Vor 16:00 Uhr bestellt? Kostenlose Lieferung morgen. GreenEggTotaal.nl: Der Big Green Egg Spezialist.","robots":{"index":"index","follow":"follow","max-snippet":"max-snippet:-1","max-image-preview":"max-image-preview:large","max-video-preview":"max-video-preview:-1"},"canonical":"https:\/\/www.greeneggtotaal.nl\/de\/product\/witt-etna-rotante-pizzaofen-schwarz-kostenloses-zubehor\/","og_locale":"de_DE","og_type":"article","og_title":"Witt Etna Rotante Pizza Oven Black","og_description":"Bestel alles voor de Big Green Egg bij GreenEggTotaal.nl - Voor 16.00u besteld? Morgen gratis bezorgd. GreenEggTotaal.nl: D\u00e9 Big Green Egg Specialist.","og_url":"https:\/\/www.greeneggtotaal.nl\/de\/product\/witt-etna-rotante-pizzaofen-schwarz-kostenloses-zubehor\/","og_site_name":"GreenEggTotaal","article_modified_time":"2026-04-15T07:41:29+00:00","og_image":[{"width":500,"height":500,"url":"https:\/\/www.greeneggtotaal.nl\/wp-content\/uploads\/2025\/08\/1-13-2.webp","type":"image\/webp"}],"twitter_card":"summary_large_image","twitter_misc":{"Gesch\u00e4tzte Lesezeit":"2\u00a0Minuten"},"schema":{"@context":"https:\/\/schema.org","@graph":[{"@type":"WebPage","@id":"https:\/\/www.greeneggtotaal.nl\/product\/witt-etna-rotante-pizza-oven-black-gratis-accessoires\/","url":"https:\/\/www.greeneggtotaal.nl\/product\/witt-etna-rotante-pizza-oven-black-gratis-accessoires\/","name":"Witt Etna Rotante Pizza-Ofen Schwarz","isPartOf":{"@id":"https:\/\/www.greeneggtotaal.nl\/nl\/#website"},"primaryImageOfPage":{"@id":"https:\/\/www.greeneggtotaal.nl\/product\/witt-etna-rotante-pizza-oven-black-gratis-accessoires\/#primaryimage"},"image":{"@id":"https:\/\/www.greeneggtotaal.nl\/product\/witt-etna-rotante-pizza-oven-black-gratis-accessoires\/#primaryimage"},"thumbnailUrl":"https:\/\/www.greeneggtotaal.nl\/wp-content\/uploads\/2025\/08\/1-13-2.webp","datePublished":"2025-08-01T11:42:47+00:00","dateModified":"2026-04-15T07:41:29+00:00","description":"Bestellen Sie alles f\u00fcr das Big Green Egg bei GreenEggTotaal.nl - Vor 16:00 Uhr bestellt? Kostenlose Lieferung morgen. GreenEggTotaal.nl: Der Big Green Egg Spezialist.","breadcrumb":{"@id":"https:\/\/www.greeneggtotaal.nl\/product\/witt-etna-rotante-pizza-oven-black-gratis-accessoires\/#breadcrumb"},"inLanguage":"de","potentialAction":[{"@type":"ReadAction","target":["https:\/\/www.greeneggtotaal.nl\/product\/witt-etna-rotante-pizza-oven-black-gratis-accessoires\/"]}]},{"@type":"ImageObject","inLanguage":"de","@id":"https:\/\/www.greeneggtotaal.nl\/product\/witt-etna-rotante-pizza-oven-black-gratis-accessoires\/#primaryimage","url":"https:\/\/www.greeneggtotaal.nl\/wp-content\/uploads\/2025\/08\/1-13-2.webp","contentUrl":"https:\/\/www.greeneggtotaal.nl\/wp-content\/uploads\/2025\/08\/1-13-2.webp","width":500,"height":500,"caption":"Witt Etna Rotante Pizza Oven Black"},{"@type":"BreadcrumbList","@id":"https:\/\/www.greeneggtotaal.nl\/product\/witt-etna-rotante-pizza-oven-black-gratis-accessoires\/#breadcrumb","itemListElement":[{"@type":"ListItem","position":1,"name":"Home","item":"https:\/\/www.greeneggtotaal.nl\/"},{"@type":"ListItem","position":2,"name":"Shop","item":"https:\/\/www.greeneggtotaal.nl\/nl\/shop\/"},{"@type":"ListItem","position":3,"name":"Witt Etna Rotante Pizza Oven Black"}]},{"@type":"WebSite","@id":"https:\/\/www.greeneggtotaal.nl\/nl\/#website","url":"https:\/\/www.greeneggtotaal.nl\/nl\/","name":"greeneggtotaal.nl","description":"Der Big Green Egg Spezialist","publisher":{"@id":"https:\/\/www.greeneggtotaal.nl\/nl\/#organization"},"potentialAction":[{"@type":"SearchAction","target":{"@type":"EntryPoint","urlTemplate":"https:\/\/www.greeneggtotaal.nl\/nl\/?s={search_term_string}"},"query-input":{"@type":"PropertyValueSpecification","valueRequired":true,"valueName":"search_term_string"}}],"inLanguage":"de"},{"@type":"Organization","@id":"https:\/\/www.greeneggtotaal.nl\/nl\/#organization","name":"Green Egg Totaal","url":"https:\/\/www.greeneggtotaal.nl\/nl\/","logo":{"@type":"ImageObject","inLanguage":"de","@id":"https:\/\/www.greeneggtotaal.nl\/nl\/#\/schema\/logo\/image\/","url":"https:\/\/www.greeneggtotaal.nl\/wp-content\/uploads\/2025\/06\/Green-Egg-Totaal-Logo.png","contentUrl":"https:\/\/www.greeneggtotaal.nl\/wp-content\/uploads\/2025\/06\/Green-Egg-Totaal-Logo.png","width":225,"height":95,"caption":"Green Egg Totaal"},"image":{"@id":"https:\/\/www.greeneggtotaal.nl\/nl\/#\/schema\/logo\/image\/"}}]}},"_links":{"self":[{"href":"https:\/\/www.greeneggtotaal.nl\/de\/wp-json\/wp\/v2\/product\/11325","targetHints":{"allow":["GET"]}}],"collection":[{"href":"https:\/\/www.greeneggtotaal.nl\/de\/wp-json\/wp\/v2\/product"}],"about":[{"href":"https:\/\/www.greeneggtotaal.nl\/de\/wp-json\/wp\/v2\/types\/product"}],"wp:featuredmedia":[{"embeddable":true,"href":"https:\/\/www.greeneggtotaal.nl\/de\/wp-json\/wp\/v2\/media\/11324"}],"wp:attachment":[{"href":"https:\/\/www.greeneggtotaal.nl\/de\/wp-json\/wp\/v2\/media?parent=11325"}],"wp:term":[{"taxonomy":"product_brand","embeddable":true,"href":"https:\/\/www.greeneggtotaal.nl\/de\/wp-json\/wp\/v2\/product_brand?post=11325"},{"taxonomy":"product_cat","embeddable":true,"href":"https:\/\/www.greeneggtotaal.nl\/de\/wp-json\/wp\/v2\/product_cat?post=11325"},{"taxonomy":"product_tag","embeddable":true,"href":"https:\/\/www.greeneggtotaal.nl\/de\/wp-json\/wp\/v2\/product_tag?post=11325"}],"curies":[{"name":"wp","href":"https:\/\/api.w.org\/{rel}","templated":true}]}}