{"id":11434,"date":"2025-08-01T13:43:17","date_gmt":"2025-08-01T11:43:17","guid":{"rendered":"https:\/\/baselinkweb.nl\/greeneggtotaal\/product\/alfa-forni-moderno-2-pizze-rood-hout\/"},"modified":"2026-03-25T09:30:42","modified_gmt":"2026-03-25T08:30:42","slug":"alfa-forni-moderno-2-pizze-rot-holz","status":"publish","type":"product","link":"https:\/\/www.greeneggtotaal.nl\/de\/product\/alfa-forni-moderno-2-pizze-rood-hout\/","title":{"rendered":"Alfa Forni Moderno 2 Pizze Rot Holz + Kostenlose Schutzh\u00fclle"},"content":{"rendered":"<p>Innerhalb der Moderno-Linie ist der Moderno 2 Pizze ein mittelgro\u00dfer Pizzaofen von Alfa Forni. Dieser Ofen hat ein modernes Design, ist vielseitig und kann sofort verwendet werden. Mit einem Gewicht von 79 Kilo ist er dennoch leicht zu transportieren, sodass man ihn an vielen Orten aufstellen kann.<\/p>\n<p>Der Ofen heizt in 30 Minuten auf 500\u00b0C auf. So k\u00f6nnen Sie in 90 Sekunden eine echte neapolitanische Pizza backen, wo immer Sie wollen.<\/p>\n<p>Der Moderno 2 Pizze verf\u00fcgt au\u00dferdem \u00fcber die Heat Genius\u2122-Technologie. Dadurch arbeitet der Ofen sehr effizient, liefert hervorragende Backergebnisse und verbraucht weniger Brennstoff.<\/p>\n<p>Mit seiner starken Leistung und seinem kompakten Design ist der Moderno 2 Pizze eine wertvolle Erg\u00e4nzung f\u00fcr Ihre Outdoor-K\u00fcche.<\/p>\n<p>&nbsp;<\/p>\n<h3>Eigenschaften Alfa Pizza Moderno 2 Pizze Holzbackofen - <strong>Farbe Rot<\/strong><\/h3>\n<p>-Materialien: rostfreier Stahl, Stahlblech, Keramikfasern (Isolierung)<\/p>\n<p>Boden: Tonerde-Silikat-Heizkessel-Feuerfeststein<\/p>\n<p>-Abmessungen (B x T x H): 95 \u00d7 70 \u00d7 48,5 \/ 105,5 cm (ohne \/ mit Schornstein)<\/p>\n<p>-Gr\u00f6\u00dfe des Steinbodens: 70 \u00d7 50 cm<\/p>\n<p>Schornstein-Durchmesser: 13 cm<\/p>\n<p>-Breite der Backofen\u00f6ffnung: 52,5 cm<\/p>\n<p>-Gewicht: 79 kg<\/p>\n<p>-Aufheizzeit: 30 Minuten<\/p>\n<p>-Pizzakapazit\u00e4t: 2 Pizzen auf einmal<\/p>\n<p>-Anzahl der Pizzen: 6 pro Quartal<\/p>\n<p>-Fassungsverm\u00f6gen Brot: 1 kg<\/p>\n<p>-Brennstoff: Holz<\/p>\n<p>-Verbrauch: 6,9 kg pro Stunde<\/p>\n<p>-Maximaltemperatur: 500\u00b0C<\/p>\n<p>-Abgastemperatur: 395\u00b0C<\/p>\n<p>CO-Emissionen: 0,31% - 3843 mg\/Nm\u00b3<\/p>","protected":false},"excerpt":{"rendered":"<p>Binnen de Moderno\u2011lijn is de Moderno 2 Pizze een middelgrote pizzaoven van Alfa Forni. Deze oven heeft een modern ontwerp, is veelzijdig en kan meteen gebruikt worden. Met zijn gewicht van 79 kilo is hij nog steeds goed te verplaatsen, waardoor je hem op veel plekken kunt neerzetten. De oven wordt in 30 minuten tot [&hellip;]<\/p>\n","protected":false},"featured_media":52518,"template":"","meta":[],"product_brand":[244],"product_cat":[115,120,112],"product_tag":[],"class_list":{"0":"post-11434","1":"product","2":"type-product","3":"status-publish","4":"has-post-thumbnail","6":"product_brand-alfa","7":"product_cat-alfa-forni","8":"product_cat-alfa-forni-pizzaovens","9":"product_cat-pizzaovens","11":"first","12":"instock","13":"taxable","14":"shipping-taxable","15":"purchasable","16":"product-type-composite"},"yoast_head":"<!-- This site is optimized with the Yoast SEO Premium plugin v27.4 (Yoast SEO v27.4) - https:\/\/yoast.com\/product\/yoast-seo-premium-wordpress\/ -->\n<title>Alfa Forni Moderno 2 Pizze Rood Hout + Gratis Beschermhoes<\/title>\n<meta name=\"description\" content=\"Zoek je een hoogwaardige, professionele pizzaoven voor in je eigen achtertuin? Dan is de Alfa Forni Moderno 2 Pizze wellicht de perfecte keuze voor jou.\" \/>\n<meta name=\"robots\" content=\"index, follow, max-snippet:-1, max-image-preview:large, max-video-preview:-1\" \/>\n<link rel=\"canonical\" href=\"https:\/\/www.greeneggtotaal.nl\/de\/product\/alfa-forni-moderno-2-pizze-rot-holz\/\" \/>\n<meta property=\"og:locale\" content=\"de_DE\" \/>\n<meta property=\"og:type\" content=\"article\" \/>\n<meta property=\"og:title\" content=\"Alfa Forni Moderno 2 Pizze Rood Hout + Gratis Beschermhoes\" \/>\n<meta property=\"og:description\" content=\"Zoek je een hoogwaardige, professionele pizzaoven voor in je eigen achtertuin? Dan is de Alfa Forni Moderno 2 Pizze wellicht de perfecte keuze voor jou.\" \/>\n<meta property=\"og:url\" content=\"https:\/\/www.greeneggtotaal.nl\/de\/product\/alfa-forni-moderno-2-pizze-rot-holz\/\" \/>\n<meta property=\"og:site_name\" content=\"GreenEggTotaal\" \/>\n<meta property=\"article:modified_time\" content=\"2026-03-25T08:30:42+00:00\" \/>\n<meta property=\"og:image\" content=\"https:\/\/www.greeneggtotaal.nl\/wp-content\/uploads\/2025\/08\/GreenEggTotaal_-_2026-03-25T092826.739-removebg-preview.webp\" \/>\n\t<meta property=\"og:image:width\" content=\"500\" \/>\n\t<meta property=\"og:image:height\" content=\"500\" \/>\n\t<meta property=\"og:image:type\" content=\"image\/webp\" \/>\n<meta name=\"twitter:card\" content=\"summary_large_image\" \/>\n<meta name=\"twitter:label1\" content=\"Gesch\u00e4tzte Lesezeit\" \/>\n\t<meta name=\"twitter:data1\" content=\"2\u00a0Minuten\" \/>\n<script type=\"application\/ld+json\" class=\"yoast-schema-graph\">{\"@context\":\"https:\\\/\\\/schema.org\",\"@graph\":[{\"@type\":\"WebPage\",\"@id\":\"https:\\\/\\\/www.greeneggtotaal.nl\\\/product\\\/alfa-forni-moderno-2-pizze-rood-hout\\\/\",\"url\":\"https:\\\/\\\/www.greeneggtotaal.nl\\\/product\\\/alfa-forni-moderno-2-pizze-rood-hout\\\/\",\"name\":\"Alfa Forni Moderno 2 Pizze Rood Hout + Gratis Beschermhoes\",\"isPartOf\":{\"@id\":\"https:\\\/\\\/www.greeneggtotaal.nl\\\/nl\\\/#website\"},\"primaryImageOfPage\":{\"@id\":\"https:\\\/\\\/www.greeneggtotaal.nl\\\/product\\\/alfa-forni-moderno-2-pizze-rood-hout\\\/#primaryimage\"},\"image\":{\"@id\":\"https:\\\/\\\/www.greeneggtotaal.nl\\\/product\\\/alfa-forni-moderno-2-pizze-rood-hout\\\/#primaryimage\"},\"thumbnailUrl\":\"https:\\\/\\\/www.greeneggtotaal.nl\\\/wp-content\\\/uploads\\\/2025\\\/08\\\/GreenEggTotaal_-_2026-03-25T092826.739-removebg-preview.webp\",\"datePublished\":\"2025-08-01T11:43:17+00:00\",\"dateModified\":\"2026-03-25T08:30:42+00:00\",\"description\":\"Zoek je een hoogwaardige, professionele pizzaoven voor in je eigen achtertuin? Dan is de Alfa Forni Moderno 2 Pizze wellicht de perfecte keuze voor jou.\",\"breadcrumb\":{\"@id\":\"https:\\\/\\\/www.greeneggtotaal.nl\\\/product\\\/alfa-forni-moderno-2-pizze-rood-hout\\\/#breadcrumb\"},\"inLanguage\":\"de\",\"potentialAction\":[{\"@type\":\"ReadAction\",\"target\":[\"https:\\\/\\\/www.greeneggtotaal.nl\\\/product\\\/alfa-forni-moderno-2-pizze-rood-hout\\\/\"]}]},{\"@type\":\"ImageObject\",\"inLanguage\":\"de\",\"@id\":\"https:\\\/\\\/www.greeneggtotaal.nl\\\/product\\\/alfa-forni-moderno-2-pizze-rood-hout\\\/#primaryimage\",\"url\":\"https:\\\/\\\/www.greeneggtotaal.nl\\\/wp-content\\\/uploads\\\/2025\\\/08\\\/GreenEggTotaal_-_2026-03-25T092826.739-removebg-preview.webp\",\"contentUrl\":\"https:\\\/\\\/www.greeneggtotaal.nl\\\/wp-content\\\/uploads\\\/2025\\\/08\\\/GreenEggTotaal_-_2026-03-25T092826.739-removebg-preview.webp\",\"width\":500,\"height\":500,\"caption\":\"Alfa Forni Moderno 2 Pizze Rood Hout + Gratis Beschermhoes\"},{\"@type\":\"BreadcrumbList\",\"@id\":\"https:\\\/\\\/www.greeneggtotaal.nl\\\/product\\\/alfa-forni-moderno-2-pizze-rood-hout\\\/#breadcrumb\",\"itemListElement\":[{\"@type\":\"ListItem\",\"position\":1,\"name\":\"Home\",\"item\":\"https:\\\/\\\/www.greeneggtotaal.nl\\\/\"},{\"@type\":\"ListItem\",\"position\":2,\"name\":\"Shop\",\"item\":\"https:\\\/\\\/www.greeneggtotaal.nl\\\/nl\\\/shop\\\/\"},{\"@type\":\"ListItem\",\"position\":3,\"name\":\"Alfa Forni Moderno 2 Pizze Rood Hout + Gratis Beschermhoes\"}]},{\"@type\":\"WebSite\",\"@id\":\"https:\\\/\\\/www.greeneggtotaal.nl\\\/nl\\\/#website\",\"url\":\"https:\\\/\\\/www.greeneggtotaal.nl\\\/nl\\\/\",\"name\":\"greeneggtotaal.nl\",\"description\":\"D\u00e9 Big Green Egg Specialist\",\"publisher\":{\"@id\":\"https:\\\/\\\/www.greeneggtotaal.nl\\\/nl\\\/#organization\"},\"potentialAction\":[{\"@type\":\"SearchAction\",\"target\":{\"@type\":\"EntryPoint\",\"urlTemplate\":\"https:\\\/\\\/www.greeneggtotaal.nl\\\/nl\\\/?s={search_term_string}\"},\"query-input\":{\"@type\":\"PropertyValueSpecification\",\"valueRequired\":true,\"valueName\":\"search_term_string\"}}],\"inLanguage\":\"de\"},{\"@type\":\"Organization\",\"@id\":\"https:\\\/\\\/www.greeneggtotaal.nl\\\/nl\\\/#organization\",\"name\":\"Green Egg Totaal\",\"url\":\"https:\\\/\\\/www.greeneggtotaal.nl\\\/nl\\\/\",\"logo\":{\"@type\":\"ImageObject\",\"inLanguage\":\"de\",\"@id\":\"https:\\\/\\\/www.greeneggtotaal.nl\\\/nl\\\/#\\\/schema\\\/logo\\\/image\\\/\",\"url\":\"https:\\\/\\\/www.greeneggtotaal.nl\\\/wp-content\\\/uploads\\\/2025\\\/06\\\/Green-Egg-Totaal-Logo.png\",\"contentUrl\":\"https:\\\/\\\/www.greeneggtotaal.nl\\\/wp-content\\\/uploads\\\/2025\\\/06\\\/Green-Egg-Totaal-Logo.png\",\"width\":225,\"height\":95,\"caption\":\"Green Egg Totaal\"},\"image\":{\"@id\":\"https:\\\/\\\/www.greeneggtotaal.nl\\\/nl\\\/#\\\/schema\\\/logo\\\/image\\\/\"}}]}<\/script>\n<!-- \/ Yoast SEO Premium plugin. -->","yoast_head_json":{"title":"Alfa Forni Moderno 2 Pizze Rot Holz + Kostenlose Schutzh\u00fclle","description":"Sind Sie auf der Suche nach einem hochwertigen, professionellen Pizzaofen f\u00fcr Ihren eigenen Garten? Dann ist der Alfa Forni Moderno 2 Pizze vielleicht die perfekte Wahl f\u00fcr Sie.","robots":{"index":"index","follow":"follow","max-snippet":"max-snippet:-1","max-image-preview":"max-image-preview:large","max-video-preview":"max-video-preview:-1"},"canonical":"https:\/\/www.greeneggtotaal.nl\/de\/product\/alfa-forni-moderno-2-pizze-rot-holz\/","og_locale":"de_DE","og_type":"article","og_title":"Alfa Forni Moderno 2 Pizze Rood Hout + Gratis Beschermhoes","og_description":"Zoek je een hoogwaardige, professionele pizzaoven voor in je eigen achtertuin? Dan is de Alfa Forni Moderno 2 Pizze wellicht de perfecte keuze voor jou.","og_url":"https:\/\/www.greeneggtotaal.nl\/de\/product\/alfa-forni-moderno-2-pizze-rot-holz\/","og_site_name":"GreenEggTotaal","article_modified_time":"2026-03-25T08:30:42+00:00","og_image":[{"width":500,"height":500,"url":"https:\/\/www.greeneggtotaal.nl\/wp-content\/uploads\/2025\/08\/GreenEggTotaal_-_2026-03-25T092826.739-removebg-preview.webp","type":"image\/webp"}],"twitter_card":"summary_large_image","twitter_misc":{"Gesch\u00e4tzte Lesezeit":"2\u00a0Minuten"},"schema":{"@context":"https:\/\/schema.org","@graph":[{"@type":"WebPage","@id":"https:\/\/www.greeneggtotaal.nl\/product\/alfa-forni-moderno-2-pizze-rood-hout\/","url":"https:\/\/www.greeneggtotaal.nl\/product\/alfa-forni-moderno-2-pizze-rood-hout\/","name":"Alfa Forni Moderno 2 Pizze Rot Holz + Kostenlose Schutzh\u00fclle","isPartOf":{"@id":"https:\/\/www.greeneggtotaal.nl\/nl\/#website"},"primaryImageOfPage":{"@id":"https:\/\/www.greeneggtotaal.nl\/product\/alfa-forni-moderno-2-pizze-rood-hout\/#primaryimage"},"image":{"@id":"https:\/\/www.greeneggtotaal.nl\/product\/alfa-forni-moderno-2-pizze-rood-hout\/#primaryimage"},"thumbnailUrl":"https:\/\/www.greeneggtotaal.nl\/wp-content\/uploads\/2025\/08\/GreenEggTotaal_-_2026-03-25T092826.739-removebg-preview.webp","datePublished":"2025-08-01T11:43:17+00:00","dateModified":"2026-03-25T08:30:42+00:00","description":"Sind Sie auf der Suche nach einem hochwertigen, professionellen Pizzaofen f\u00fcr Ihren eigenen Garten? Dann ist der Alfa Forni Moderno 2 Pizze vielleicht die perfekte Wahl f\u00fcr Sie.","breadcrumb":{"@id":"https:\/\/www.greeneggtotaal.nl\/product\/alfa-forni-moderno-2-pizze-rood-hout\/#breadcrumb"},"inLanguage":"de","potentialAction":[{"@type":"ReadAction","target":["https:\/\/www.greeneggtotaal.nl\/product\/alfa-forni-moderno-2-pizze-rood-hout\/"]}]},{"@type":"ImageObject","inLanguage":"de","@id":"https:\/\/www.greeneggtotaal.nl\/product\/alfa-forni-moderno-2-pizze-rood-hout\/#primaryimage","url":"https:\/\/www.greeneggtotaal.nl\/wp-content\/uploads\/2025\/08\/GreenEggTotaal_-_2026-03-25T092826.739-removebg-preview.webp","contentUrl":"https:\/\/www.greeneggtotaal.nl\/wp-content\/uploads\/2025\/08\/GreenEggTotaal_-_2026-03-25T092826.739-removebg-preview.webp","width":500,"height":500,"caption":"Alfa Forni Moderno 2 Pizze Rood Hout + Gratis Beschermhoes"},{"@type":"BreadcrumbList","@id":"https:\/\/www.greeneggtotaal.nl\/product\/alfa-forni-moderno-2-pizze-rood-hout\/#breadcrumb","itemListElement":[{"@type":"ListItem","position":1,"name":"Home","item":"https:\/\/www.greeneggtotaal.nl\/"},{"@type":"ListItem","position":2,"name":"Shop","item":"https:\/\/www.greeneggtotaal.nl\/nl\/shop\/"},{"@type":"ListItem","position":3,"name":"Alfa Forni Moderno 2 Pizze Rood Hout + Gratis Beschermhoes"}]},{"@type":"WebSite","@id":"https:\/\/www.greeneggtotaal.nl\/nl\/#website","url":"https:\/\/www.greeneggtotaal.nl\/nl\/","name":"greeneggtotaal.nl","description":"Der Big Green Egg Spezialist","publisher":{"@id":"https:\/\/www.greeneggtotaal.nl\/nl\/#organization"},"potentialAction":[{"@type":"SearchAction","target":{"@type":"EntryPoint","urlTemplate":"https:\/\/www.greeneggtotaal.nl\/nl\/?s={search_term_string}"},"query-input":{"@type":"PropertyValueSpecification","valueRequired":true,"valueName":"search_term_string"}}],"inLanguage":"de"},{"@type":"Organization","@id":"https:\/\/www.greeneggtotaal.nl\/nl\/#organization","name":"Green Egg Totaal","url":"https:\/\/www.greeneggtotaal.nl\/nl\/","logo":{"@type":"ImageObject","inLanguage":"de","@id":"https:\/\/www.greeneggtotaal.nl\/nl\/#\/schema\/logo\/image\/","url":"https:\/\/www.greeneggtotaal.nl\/wp-content\/uploads\/2025\/06\/Green-Egg-Totaal-Logo.png","contentUrl":"https:\/\/www.greeneggtotaal.nl\/wp-content\/uploads\/2025\/06\/Green-Egg-Totaal-Logo.png","width":225,"height":95,"caption":"Green Egg Totaal"},"image":{"@id":"https:\/\/www.greeneggtotaal.nl\/nl\/#\/schema\/logo\/image\/"}}]}},"_links":{"self":[{"href":"https:\/\/www.greeneggtotaal.nl\/de\/wp-json\/wp\/v2\/product\/11434","targetHints":{"allow":["GET"]}}],"collection":[{"href":"https:\/\/www.greeneggtotaal.nl\/de\/wp-json\/wp\/v2\/product"}],"about":[{"href":"https:\/\/www.greeneggtotaal.nl\/de\/wp-json\/wp\/v2\/types\/product"}],"wp:featuredmedia":[{"embeddable":true,"href":"https:\/\/www.greeneggtotaal.nl\/de\/wp-json\/wp\/v2\/media\/52518"}],"wp:attachment":[{"href":"https:\/\/www.greeneggtotaal.nl\/de\/wp-json\/wp\/v2\/media?parent=11434"}],"wp:term":[{"taxonomy":"product_brand","embeddable":true,"href":"https:\/\/www.greeneggtotaal.nl\/de\/wp-json\/wp\/v2\/product_brand?post=11434"},{"taxonomy":"product_cat","embeddable":true,"href":"https:\/\/www.greeneggtotaal.nl\/de\/wp-json\/wp\/v2\/product_cat?post=11434"},{"taxonomy":"product_tag","embeddable":true,"href":"https:\/\/www.greeneggtotaal.nl\/de\/wp-json\/wp\/v2\/product_tag?post=11434"}],"curies":[{"name":"wp","href":"https:\/\/api.w.org\/{rel}","templated":true}]}}