{"id":11499,"date":"2025-08-01T13:43:32","date_gmt":"2025-08-01T11:43:32","guid":{"rendered":"https:\/\/baselinkweb.nl\/greeneggtotaal\/product\/fraaii-buitenkeuken-frake-storage\/"},"modified":"2026-04-01T16:19:32","modified_gmt":"2026-04-01T14:19:32","slug":"fraaii-ausenkuche-frake-lagerung","status":"publish","type":"product","link":"https:\/\/www.greeneggtotaal.nl\/de\/product\/fraaii-buitenkeuken-frake-storage\/","title":{"rendered":"Sch\u00f6ne Au\u00dfenk\u00fcche Frak\u00e9 Storage + Dekton-Arbeitsplatte"},"content":{"rendered":"<p>Die Fraaii Outdoor Kitchen Frak\u00e9 Storage + Dekton Worktop kombiniert robustes Design mit langlebigen Materialien und Funktionalit\u00e4t. Der pulverbeschichtete Stahlrahmen hat eine feine Struktur und ist doppelt beschichtet. Dies sorgt f\u00fcr eine starke, witterungsbest\u00e4ndige Basis, die f\u00fcr eine intensive Nutzung im Freien geeignet ist. Die Arbeitsplatte ist in Dekton Sirius ausgef\u00fchrt. Dieses Material h\u00e4lt hohen Temperaturen stand, verf\u00e4rbt sich nicht im Sonnenlicht und ist sehr kratzfest. Au\u00dferdem l\u00e4sst es sich mit einem handels\u00fcblichen K\u00fcchenreiniger leicht reinigen.<\/p>\n<p>Die Ausf\u00fchrung mit thermisch behandeltem Frak\u00e9-Holz verleiht der Au\u00dfenk\u00fcche ein warmes Aussehen. Das thermische Verfahren macht das Holz widerstandsf\u00e4higer gegen Feuchtigkeit, Schimmel und verschiedene Witterungseinfl\u00fcsse. F\u00fcr zus\u00e4tzlichen Komfort gibt es Optionen wie einen Zwischenboden und eine Schublade unter dem Kamado. Praktisch f\u00fcr die Aufbewahrung von Zubeh\u00f6r. Zum Schutz der K\u00fcche bei Nichtgebrauch ist auch eine Schutzabdeckung erh\u00e4ltlich. Die Outdoor-K\u00fcche ist mit vier R\u00e4dern ausgestattet. Die beiden vorderen R\u00e4der haben eine Bremse, damit die K\u00fcche w\u00e4hrend des Gebrauchs sicher steht.<\/p>\n<p><strong>Abmessungen<\/strong><\/p>\n<p>Breite: 144 cm<br \/>\nTiefe: 70 cm<br \/>\nH\u00f6he: 90 cm<\/p>","protected":false},"excerpt":{"rendered":"<p>De Fraaii Buitenkeuken Frak\u00e9 Storage + Dekton Werkblad combineert een robuust ontwerp met duurzame materialen en praktisch gebruiksgemak. Het gepoedercoate stalen frame heeft een fijne structuur en is dubbel gecoat. Dit zorgt voor een sterke, weerbestendige basis die geschikt is voor intensief buitengebruik. Het werkblad is uitgevoerd in Dekton Sirius. Dit materiaal is bestand tegen [&hellip;]<\/p>\n","protected":false},"featured_media":11498,"template":"","meta":[],"product_brand":[223],"product_cat":[58],"product_tag":[],"class_list":{"0":"post-11499","1":"product","2":"type-product","3":"status-publish","4":"has-post-thumbnail","6":"product_brand-fraaii","7":"product_cat-fraaii-buitenkeukens-modellen","9":"first","10":"instock","11":"taxable","12":"shipping-taxable","13":"purchasable","14":"product-type-composite"},"yoast_head":"<!-- This site is optimized with the Yoast SEO Premium plugin v27.4 (Yoast SEO v27.4) - https:\/\/yoast.com\/product\/yoast-seo-premium-wordpress\/ -->\n<title>Fraaii Buitenkeuken Frak\u00e9 Storage + Dekton Werkblad<\/title>\n<meta name=\"description\" content=\"De Fraaii Buitenkeuken Frak\u00e9 Storage biedt stijlvolle en duurzame opbergruimte, perfect voor al je buitenkookgerei en accessoires.\" \/>\n<meta name=\"robots\" content=\"index, follow, max-snippet:-1, max-image-preview:large, max-video-preview:-1\" \/>\n<link rel=\"canonical\" href=\"https:\/\/www.greeneggtotaal.nl\/de\/product\/fraaii-ausenkuche-frake-lagerung\/\" \/>\n<meta property=\"og:locale\" content=\"de_DE\" \/>\n<meta property=\"og:type\" content=\"article\" \/>\n<meta property=\"og:title\" content=\"Fraaii Buitenkeuken Frak\u00e9 Storage + Dekton Werkblad\" \/>\n<meta property=\"og:description\" content=\"De Fraaii Buitenkeuken Frak\u00e9 Storage biedt stijlvolle en duurzame opbergruimte, perfect voor al je buitenkookgerei en accessoires.\" \/>\n<meta property=\"og:url\" content=\"https:\/\/www.greeneggtotaal.nl\/de\/product\/fraaii-ausenkuche-frake-lagerung\/\" \/>\n<meta property=\"og:site_name\" content=\"GreenEggTotaal\" \/>\n<meta property=\"article:modified_time\" content=\"2026-04-01T14:19:32+00:00\" \/>\n<meta property=\"og:image\" content=\"https:\/\/www.greeneggtotaal.nl\/wp-content\/uploads\/2025\/08\/9572green-egg-totaal-1.webp\" \/>\n\t<meta property=\"og:image:width\" content=\"500\" \/>\n\t<meta property=\"og:image:height\" content=\"500\" \/>\n\t<meta property=\"og:image:type\" content=\"image\/webp\" \/>\n<meta name=\"twitter:card\" content=\"summary_large_image\" \/>\n<meta name=\"twitter:label1\" content=\"Gesch\u00e4tzte Lesezeit\" \/>\n\t<meta name=\"twitter:data1\" content=\"2\u00a0Minuten\" \/>\n<script type=\"application\/ld+json\" class=\"yoast-schema-graph\">{\"@context\":\"https:\\\/\\\/schema.org\",\"@graph\":[{\"@type\":\"WebPage\",\"@id\":\"https:\\\/\\\/www.greeneggtotaal.nl\\\/product\\\/fraaii-buitenkeuken-frake-storage\\\/\",\"url\":\"https:\\\/\\\/www.greeneggtotaal.nl\\\/product\\\/fraaii-buitenkeuken-frake-storage\\\/\",\"name\":\"Fraaii Buitenkeuken Frak\u00e9 Storage + Dekton Werkblad\",\"isPartOf\":{\"@id\":\"https:\\\/\\\/www.greeneggtotaal.nl\\\/nl\\\/#website\"},\"primaryImageOfPage\":{\"@id\":\"https:\\\/\\\/www.greeneggtotaal.nl\\\/product\\\/fraaii-buitenkeuken-frake-storage\\\/#primaryimage\"},\"image\":{\"@id\":\"https:\\\/\\\/www.greeneggtotaal.nl\\\/product\\\/fraaii-buitenkeuken-frake-storage\\\/#primaryimage\"},\"thumbnailUrl\":\"https:\\\/\\\/www.greeneggtotaal.nl\\\/wp-content\\\/uploads\\\/2025\\\/08\\\/9572green-egg-totaal-1.webp\",\"datePublished\":\"2025-08-01T11:43:32+00:00\",\"dateModified\":\"2026-04-01T14:19:32+00:00\",\"description\":\"De Fraaii Buitenkeuken Frak\u00e9 Storage biedt stijlvolle en duurzame opbergruimte, perfect voor al je buitenkookgerei en accessoires.\",\"breadcrumb\":{\"@id\":\"https:\\\/\\\/www.greeneggtotaal.nl\\\/product\\\/fraaii-buitenkeuken-frake-storage\\\/#breadcrumb\"},\"inLanguage\":\"de\",\"potentialAction\":[{\"@type\":\"ReadAction\",\"target\":[\"https:\\\/\\\/www.greeneggtotaal.nl\\\/product\\\/fraaii-buitenkeuken-frake-storage\\\/\"]}]},{\"@type\":\"ImageObject\",\"inLanguage\":\"de\",\"@id\":\"https:\\\/\\\/www.greeneggtotaal.nl\\\/product\\\/fraaii-buitenkeuken-frake-storage\\\/#primaryimage\",\"url\":\"https:\\\/\\\/www.greeneggtotaal.nl\\\/wp-content\\\/uploads\\\/2025\\\/08\\\/9572green-egg-totaal-1.webp\",\"contentUrl\":\"https:\\\/\\\/www.greeneggtotaal.nl\\\/wp-content\\\/uploads\\\/2025\\\/08\\\/9572green-egg-totaal-1.webp\",\"width\":500,\"height\":500,\"caption\":\"Fraaii Buitenkeuken Frak\u00e9 Storage + Dekton Werkblad\"},{\"@type\":\"BreadcrumbList\",\"@id\":\"https:\\\/\\\/www.greeneggtotaal.nl\\\/product\\\/fraaii-buitenkeuken-frake-storage\\\/#breadcrumb\",\"itemListElement\":[{\"@type\":\"ListItem\",\"position\":1,\"name\":\"Home\",\"item\":\"https:\\\/\\\/www.greeneggtotaal.nl\\\/\"},{\"@type\":\"ListItem\",\"position\":2,\"name\":\"Shop\",\"item\":\"https:\\\/\\\/www.greeneggtotaal.nl\\\/nl\\\/shop\\\/\"},{\"@type\":\"ListItem\",\"position\":3,\"name\":\"Fraaii Buitenkeuken Frak\u00e9 Storage + Dekton Werkblad\"}]},{\"@type\":\"WebSite\",\"@id\":\"https:\\\/\\\/www.greeneggtotaal.nl\\\/nl\\\/#website\",\"url\":\"https:\\\/\\\/www.greeneggtotaal.nl\\\/nl\\\/\",\"name\":\"greeneggtotaal.nl\",\"description\":\"D\u00e9 Big Green Egg Specialist\",\"publisher\":{\"@id\":\"https:\\\/\\\/www.greeneggtotaal.nl\\\/nl\\\/#organization\"},\"potentialAction\":[{\"@type\":\"SearchAction\",\"target\":{\"@type\":\"EntryPoint\",\"urlTemplate\":\"https:\\\/\\\/www.greeneggtotaal.nl\\\/nl\\\/?s={search_term_string}\"},\"query-input\":{\"@type\":\"PropertyValueSpecification\",\"valueRequired\":true,\"valueName\":\"search_term_string\"}}],\"inLanguage\":\"de\"},{\"@type\":\"Organization\",\"@id\":\"https:\\\/\\\/www.greeneggtotaal.nl\\\/nl\\\/#organization\",\"name\":\"Green Egg Totaal\",\"url\":\"https:\\\/\\\/www.greeneggtotaal.nl\\\/nl\\\/\",\"logo\":{\"@type\":\"ImageObject\",\"inLanguage\":\"de\",\"@id\":\"https:\\\/\\\/www.greeneggtotaal.nl\\\/nl\\\/#\\\/schema\\\/logo\\\/image\\\/\",\"url\":\"https:\\\/\\\/www.greeneggtotaal.nl\\\/wp-content\\\/uploads\\\/2025\\\/06\\\/Green-Egg-Totaal-Logo.png\",\"contentUrl\":\"https:\\\/\\\/www.greeneggtotaal.nl\\\/wp-content\\\/uploads\\\/2025\\\/06\\\/Green-Egg-Totaal-Logo.png\",\"width\":225,\"height\":95,\"caption\":\"Green Egg Totaal\"},\"image\":{\"@id\":\"https:\\\/\\\/www.greeneggtotaal.nl\\\/nl\\\/#\\\/schema\\\/logo\\\/image\\\/\"}}]}<\/script>\n<!-- \/ Yoast SEO Premium plugin. -->","yoast_head_json":{"title":"Sch\u00f6ne Au\u00dfenk\u00fcche Frak\u00e9 Storage + Dekton-Arbeitsplatte","description":"Die Fraaii Outdoor Kitchen Frak\u00e9 Aufbewahrungsbox bietet eine stilvolle und robuste Aufbewahrungsm\u00f6glichkeit f\u00fcr alle Ihre Kochutensilien und Zubeh\u00f6rteile im Freien.","robots":{"index":"index","follow":"follow","max-snippet":"max-snippet:-1","max-image-preview":"max-image-preview:large","max-video-preview":"max-video-preview:-1"},"canonical":"https:\/\/www.greeneggtotaal.nl\/de\/product\/fraaii-ausenkuche-frake-lagerung\/","og_locale":"de_DE","og_type":"article","og_title":"Fraaii Buitenkeuken Frak\u00e9 Storage + Dekton Werkblad","og_description":"De Fraaii Buitenkeuken Frak\u00e9 Storage biedt stijlvolle en duurzame opbergruimte, perfect voor al je buitenkookgerei en accessoires.","og_url":"https:\/\/www.greeneggtotaal.nl\/de\/product\/fraaii-ausenkuche-frake-lagerung\/","og_site_name":"GreenEggTotaal","article_modified_time":"2026-04-01T14:19:32+00:00","og_image":[{"width":500,"height":500,"url":"https:\/\/www.greeneggtotaal.nl\/wp-content\/uploads\/2025\/08\/9572green-egg-totaal-1.webp","type":"image\/webp"}],"twitter_card":"summary_large_image","twitter_misc":{"Gesch\u00e4tzte Lesezeit":"2\u00a0Minuten"},"schema":{"@context":"https:\/\/schema.org","@graph":[{"@type":"WebPage","@id":"https:\/\/www.greeneggtotaal.nl\/product\/fraaii-buitenkeuken-frake-storage\/","url":"https:\/\/www.greeneggtotaal.nl\/product\/fraaii-buitenkeuken-frake-storage\/","name":"Sch\u00f6ne Au\u00dfenk\u00fcche Frak\u00e9 Storage + Dekton-Arbeitsplatte","isPartOf":{"@id":"https:\/\/www.greeneggtotaal.nl\/nl\/#website"},"primaryImageOfPage":{"@id":"https:\/\/www.greeneggtotaal.nl\/product\/fraaii-buitenkeuken-frake-storage\/#primaryimage"},"image":{"@id":"https:\/\/www.greeneggtotaal.nl\/product\/fraaii-buitenkeuken-frake-storage\/#primaryimage"},"thumbnailUrl":"https:\/\/www.greeneggtotaal.nl\/wp-content\/uploads\/2025\/08\/9572green-egg-totaal-1.webp","datePublished":"2025-08-01T11:43:32+00:00","dateModified":"2026-04-01T14:19:32+00:00","description":"Die Fraaii Outdoor Kitchen Frak\u00e9 Aufbewahrungsbox bietet eine stilvolle und robuste Aufbewahrungsm\u00f6glichkeit f\u00fcr alle Ihre Kochutensilien und Zubeh\u00f6rteile im Freien.","breadcrumb":{"@id":"https:\/\/www.greeneggtotaal.nl\/product\/fraaii-buitenkeuken-frake-storage\/#breadcrumb"},"inLanguage":"de","potentialAction":[{"@type":"ReadAction","target":["https:\/\/www.greeneggtotaal.nl\/product\/fraaii-buitenkeuken-frake-storage\/"]}]},{"@type":"ImageObject","inLanguage":"de","@id":"https:\/\/www.greeneggtotaal.nl\/product\/fraaii-buitenkeuken-frake-storage\/#primaryimage","url":"https:\/\/www.greeneggtotaal.nl\/wp-content\/uploads\/2025\/08\/9572green-egg-totaal-1.webp","contentUrl":"https:\/\/www.greeneggtotaal.nl\/wp-content\/uploads\/2025\/08\/9572green-egg-totaal-1.webp","width":500,"height":500,"caption":"Fraaii Buitenkeuken Frak\u00e9 Storage + Dekton Werkblad"},{"@type":"BreadcrumbList","@id":"https:\/\/www.greeneggtotaal.nl\/product\/fraaii-buitenkeuken-frake-storage\/#breadcrumb","itemListElement":[{"@type":"ListItem","position":1,"name":"Home","item":"https:\/\/www.greeneggtotaal.nl\/"},{"@type":"ListItem","position":2,"name":"Shop","item":"https:\/\/www.greeneggtotaal.nl\/nl\/shop\/"},{"@type":"ListItem","position":3,"name":"Fraaii Buitenkeuken Frak\u00e9 Storage + Dekton Werkblad"}]},{"@type":"WebSite","@id":"https:\/\/www.greeneggtotaal.nl\/nl\/#website","url":"https:\/\/www.greeneggtotaal.nl\/nl\/","name":"greeneggtotaal.nl","description":"Der Big Green Egg Spezialist","publisher":{"@id":"https:\/\/www.greeneggtotaal.nl\/nl\/#organization"},"potentialAction":[{"@type":"SearchAction","target":{"@type":"EntryPoint","urlTemplate":"https:\/\/www.greeneggtotaal.nl\/nl\/?s={search_term_string}"},"query-input":{"@type":"PropertyValueSpecification","valueRequired":true,"valueName":"search_term_string"}}],"inLanguage":"de"},{"@type":"Organization","@id":"https:\/\/www.greeneggtotaal.nl\/nl\/#organization","name":"Green Egg Totaal","url":"https:\/\/www.greeneggtotaal.nl\/nl\/","logo":{"@type":"ImageObject","inLanguage":"de","@id":"https:\/\/www.greeneggtotaal.nl\/nl\/#\/schema\/logo\/image\/","url":"https:\/\/www.greeneggtotaal.nl\/wp-content\/uploads\/2025\/06\/Green-Egg-Totaal-Logo.png","contentUrl":"https:\/\/www.greeneggtotaal.nl\/wp-content\/uploads\/2025\/06\/Green-Egg-Totaal-Logo.png","width":225,"height":95,"caption":"Green Egg Totaal"},"image":{"@id":"https:\/\/www.greeneggtotaal.nl\/nl\/#\/schema\/logo\/image\/"}}]}},"_links":{"self":[{"href":"https:\/\/www.greeneggtotaal.nl\/de\/wp-json\/wp\/v2\/product\/11499","targetHints":{"allow":["GET"]}}],"collection":[{"href":"https:\/\/www.greeneggtotaal.nl\/de\/wp-json\/wp\/v2\/product"}],"about":[{"href":"https:\/\/www.greeneggtotaal.nl\/de\/wp-json\/wp\/v2\/types\/product"}],"wp:featuredmedia":[{"embeddable":true,"href":"https:\/\/www.greeneggtotaal.nl\/de\/wp-json\/wp\/v2\/media\/11498"}],"wp:attachment":[{"href":"https:\/\/www.greeneggtotaal.nl\/de\/wp-json\/wp\/v2\/media?parent=11499"}],"wp:term":[{"taxonomy":"product_brand","embeddable":true,"href":"https:\/\/www.greeneggtotaal.nl\/de\/wp-json\/wp\/v2\/product_brand?post=11499"},{"taxonomy":"product_cat","embeddable":true,"href":"https:\/\/www.greeneggtotaal.nl\/de\/wp-json\/wp\/v2\/product_cat?post=11499"},{"taxonomy":"product_tag","embeddable":true,"href":"https:\/\/www.greeneggtotaal.nl\/de\/wp-json\/wp\/v2\/product_tag?post=11499"}],"curies":[{"name":"wp","href":"https:\/\/api.w.org\/{rel}","templated":true}]}}