{"id":11584,"date":"2025-08-01T13:43:49","date_gmt":"2025-08-01T11:43:49","guid":{"rendered":"https:\/\/baselinkweb.nl\/greeneggtotaal\/product\/fraaii-buitenkeuken-eiken-classic-ii\/"},"modified":"2026-04-21T18:34:47","modified_gmt":"2026-04-21T16:34:47","slug":"schone-ausenkuche-eiche-classic-ii","status":"publish","type":"product","link":"https:\/\/www.greeneggtotaal.nl\/de\/product\/fraaii-buitenkeuken-eiken-classic-ii\/","title":{"rendered":"Au\u00dfenk\u00fcche Eiche Classic II"},"content":{"rendered":"<p><b>Au\u00dfenk\u00fcche Eiche Classic II<\/b><\/p>\n<p>Die Au\u00dfenk\u00fcche Eiken Classic II mit Arbeitsplatte aus Verbundwerkstoff ist eine Bereicherung f\u00fcr jeden Garten. Diese stilvolle Au\u00dfenk\u00fcche bietet Platz f\u00fcr einen Kamado-Grill und verf\u00fcgt \u00fcber eine gro\u00dfz\u00fcgige Arbeitsfl\u00e4che. Dank der cleveren Staur\u00e4ume hinter den Schrankt\u00fcren sind alle Ihre Kochutensilien \u00fcbersichtlich und griffbereit verstaut. Diese Au\u00dfenk\u00fcche ist f\u00fcr Kamados von 15 bis 22 Zoll geeignet.<\/p>\n<p><b>Abmessungen<\/b><\/p>\n<p>Breite: 177 cm<br \/>\nTiefe: 71 cm<br \/>\nH\u00f6he: 90 cm<\/p>\n<p><b><br \/>\n<\/b><b>Material<\/b><\/p>\n<p>Der Rahmen ist aus Eichenholz gefertigt, das mit seinem auff\u00e4lligen Holzmuster sch\u00f6n und nat\u00fcrlich aussieht. Er ist stark und strapazierf\u00e4hig und damit langlebig. Aufgrund seiner Robustheit und Langlebigkeit ist Eiche sowohl f\u00fcr klassische als auch f\u00fcr moderne Designs beliebt.<\/p>\n<p>Die Arbeitsplatte ist aus Verbundwerkstoff und hat die Farbe Belgian Blue. Diese Verbundwerkstoff-Arbeitsplatte hat eine dunkelgraue bis fast schwarze Farbe mit dezenten Blaut\u00f6nen. Sie ist kratzfest und daher sehr langlebig. Die Farbe des Verbundstoffs bleibt auch bei starker Sonneneinstrahlung und anderen Witterungsbedingungen wie Regen gut erhalten. Eine Arbeitsplatte aus Verbundwerkstoff ist hitzebest\u00e4ndig. Trotzdem empfehlen wir nicht, eine hei\u00dfe Pfanne darauf zu stellen. Trotz seiner Hitzebest\u00e4ndigkeit kann das Harz im Verbundwerkstoff durch eine hei\u00dfe Pfanne verf\u00e4rbt werden.<\/p>\n<p>Dar\u00fcber hinaus ist die Outdoor-K\u00fcche mit komplett schwarzen Rollen ausgestattet, von denen die beiden vorderen eine Bremse haben, sowie mit schwarzen Griffen und Scharnieren f\u00fcr einen modernen Look.<\/p>\n<p><b>Wartung<\/b><br \/>\nHalten Sie Ihre Au\u00dfenk\u00fcche in gutem Zustand, indem Sie das Holz einmal im Jahr mit einer Beize oder einem \u00d6l behandeln. W\u00e4hlen Sie die richtige Beize oder das richtige \u00d6l sorgf\u00e4ltig aus. Die Arbeitsplatte wird von uns bereits vor der Lieferung mit einer Farbverd\u00fcnnung behandelt, die ebenfalls sch\u00fctzt und nur noch ab und zu gereinigt werden muss. Verbundwerkstoff-Arbeitsplatten werden vor der Lieferung mit einer Farbverd\u00fcnnung behandelt, die ebenfalls eine Schutzschicht bildet. Reinigen Sie eine Verbundwerkstoff-Arbeitsplatte w\u00f6chentlich mit einem weichen Tuch und milden Chemikalien.<\/p>\n<p>&nbsp;<\/p>","protected":false},"excerpt":{"rendered":"<p>Buitenkeuken Eiken Classic II De Buitenkeuken Eiken Classic II met composiet werkblad is een toevoeging voor elke tuin. Deze stijlvolle buitenkeuken biedt ruimte voor een kamado-barbecue en heeft een ruim werkblad. Dankzij de slimme opbergruimtes achter de kastdeuren houd je al je kookgerei georganiseerd en binnen handbereik. Deze buitenkeuken is geschikt voor kamado&#8217;s van 15 [&hellip;]<\/p>\n","protected":false},"featured_media":11583,"template":"","meta":[],"product_brand":[223],"product_cat":[216],"product_tag":[],"class_list":{"0":"post-11584","1":"product","2":"type-product","3":"status-publish","4":"has-post-thumbnail","6":"product_brand-fraaii","7":"product_cat-outlet","9":"first","10":"instock","11":"sale","12":"taxable","13":"shipping-taxable","14":"purchasable","15":"product-type-composite"},"yoast_head":"<!-- This site is optimized with the Yoast SEO Premium plugin v27.4 (Yoast SEO v27.4) - https:\/\/yoast.com\/product\/yoast-seo-premium-wordpress\/ -->\n<title>Buitenkeuken Eiken Classic II<\/title>\n<meta name=\"description\" content=\"De Buitenkeuken Eiken Classic II met composiet werkblad is een toevoeging voor elke tuin. Mis het niet, Nu te koop bij GreenEggTotaal.\" \/>\n<meta name=\"robots\" content=\"index, follow, max-snippet:-1, max-image-preview:large, max-video-preview:-1\" \/>\n<link rel=\"canonical\" href=\"https:\/\/www.greeneggtotaal.nl\/de\/product\/schone-ausenkuche-eiche-classic-ii\/\" \/>\n<meta property=\"og:locale\" content=\"de_DE\" \/>\n<meta property=\"og:type\" content=\"article\" \/>\n<meta property=\"og:title\" content=\"Buitenkeuken Eiken Classic II\" \/>\n<meta property=\"og:description\" content=\"De Buitenkeuken Eiken Classic II met composiet werkblad is een toevoeging voor elke tuin. Mis het niet, Nu te koop bij GreenEggTotaal.\" \/>\n<meta property=\"og:url\" content=\"https:\/\/www.greeneggtotaal.nl\/de\/product\/schone-ausenkuche-eiche-classic-ii\/\" \/>\n<meta property=\"og:site_name\" content=\"GreenEggTotaal\" \/>\n<meta property=\"article:modified_time\" content=\"2026-04-21T16:34:47+00:00\" \/>\n<meta property=\"og:image\" content=\"https:\/\/www.greeneggtotaal.nl\/wp-content\/uploads\/2025\/08\/9347green-egg-totaal-1.webp\" \/>\n\t<meta property=\"og:image:width\" content=\"500\" \/>\n\t<meta property=\"og:image:height\" content=\"500\" \/>\n\t<meta property=\"og:image:type\" content=\"image\/webp\" \/>\n<meta name=\"twitter:card\" content=\"summary_large_image\" \/>\n<meta name=\"twitter:label1\" content=\"Gesch\u00e4tzte Lesezeit\" \/>\n\t<meta name=\"twitter:data1\" content=\"2\u00a0Minuten\" \/>\n<script type=\"application\/ld+json\" class=\"yoast-schema-graph\">{\"@context\":\"https:\\\/\\\/schema.org\",\"@graph\":[{\"@type\":\"WebPage\",\"@id\":\"https:\\\/\\\/www.greeneggtotaal.nl\\\/product\\\/fraaii-buitenkeuken-eiken-classic-ii\\\/\",\"url\":\"https:\\\/\\\/www.greeneggtotaal.nl\\\/product\\\/fraaii-buitenkeuken-eiken-classic-ii\\\/\",\"name\":\"Buitenkeuken Eiken Classic II\",\"isPartOf\":{\"@id\":\"https:\\\/\\\/www.greeneggtotaal.nl\\\/nl\\\/#website\"},\"primaryImageOfPage\":{\"@id\":\"https:\\\/\\\/www.greeneggtotaal.nl\\\/product\\\/fraaii-buitenkeuken-eiken-classic-ii\\\/#primaryimage\"},\"image\":{\"@id\":\"https:\\\/\\\/www.greeneggtotaal.nl\\\/product\\\/fraaii-buitenkeuken-eiken-classic-ii\\\/#primaryimage\"},\"thumbnailUrl\":\"https:\\\/\\\/www.greeneggtotaal.nl\\\/wp-content\\\/uploads\\\/2025\\\/08\\\/9347green-egg-totaal-1.webp\",\"datePublished\":\"2025-08-01T11:43:49+00:00\",\"dateModified\":\"2026-04-21T16:34:47+00:00\",\"description\":\"De Buitenkeuken Eiken Classic II met composiet werkblad is een toevoeging voor elke tuin. Mis het niet, Nu te koop bij GreenEggTotaal.\",\"breadcrumb\":{\"@id\":\"https:\\\/\\\/www.greeneggtotaal.nl\\\/product\\\/fraaii-buitenkeuken-eiken-classic-ii\\\/#breadcrumb\"},\"inLanguage\":\"de\",\"potentialAction\":[{\"@type\":\"ReadAction\",\"target\":[\"https:\\\/\\\/www.greeneggtotaal.nl\\\/product\\\/fraaii-buitenkeuken-eiken-classic-ii\\\/\"]}]},{\"@type\":\"ImageObject\",\"inLanguage\":\"de\",\"@id\":\"https:\\\/\\\/www.greeneggtotaal.nl\\\/product\\\/fraaii-buitenkeuken-eiken-classic-ii\\\/#primaryimage\",\"url\":\"https:\\\/\\\/www.greeneggtotaal.nl\\\/wp-content\\\/uploads\\\/2025\\\/08\\\/9347green-egg-totaal-1.webp\",\"contentUrl\":\"https:\\\/\\\/www.greeneggtotaal.nl\\\/wp-content\\\/uploads\\\/2025\\\/08\\\/9347green-egg-totaal-1.webp\",\"width\":500,\"height\":500,\"caption\":\"Buitenkeuken Eiken Classic II\"},{\"@type\":\"BreadcrumbList\",\"@id\":\"https:\\\/\\\/www.greeneggtotaal.nl\\\/product\\\/fraaii-buitenkeuken-eiken-classic-ii\\\/#breadcrumb\",\"itemListElement\":[{\"@type\":\"ListItem\",\"position\":1,\"name\":\"Home\",\"item\":\"https:\\\/\\\/www.greeneggtotaal.nl\\\/\"},{\"@type\":\"ListItem\",\"position\":2,\"name\":\"Shop\",\"item\":\"https:\\\/\\\/www.greeneggtotaal.nl\\\/nl\\\/shop\\\/\"},{\"@type\":\"ListItem\",\"position\":3,\"name\":\"Buitenkeuken Eiken Classic II\"}]},{\"@type\":\"WebSite\",\"@id\":\"https:\\\/\\\/www.greeneggtotaal.nl\\\/nl\\\/#website\",\"url\":\"https:\\\/\\\/www.greeneggtotaal.nl\\\/nl\\\/\",\"name\":\"greeneggtotaal.nl\",\"description\":\"D\u00e9 Big Green Egg Specialist\",\"publisher\":{\"@id\":\"https:\\\/\\\/www.greeneggtotaal.nl\\\/nl\\\/#organization\"},\"potentialAction\":[{\"@type\":\"SearchAction\",\"target\":{\"@type\":\"EntryPoint\",\"urlTemplate\":\"https:\\\/\\\/www.greeneggtotaal.nl\\\/nl\\\/?s={search_term_string}\"},\"query-input\":{\"@type\":\"PropertyValueSpecification\",\"valueRequired\":true,\"valueName\":\"search_term_string\"}}],\"inLanguage\":\"de\"},{\"@type\":\"Organization\",\"@id\":\"https:\\\/\\\/www.greeneggtotaal.nl\\\/nl\\\/#organization\",\"name\":\"Green Egg Totaal\",\"url\":\"https:\\\/\\\/www.greeneggtotaal.nl\\\/nl\\\/\",\"logo\":{\"@type\":\"ImageObject\",\"inLanguage\":\"de\",\"@id\":\"https:\\\/\\\/www.greeneggtotaal.nl\\\/nl\\\/#\\\/schema\\\/logo\\\/image\\\/\",\"url\":\"https:\\\/\\\/www.greeneggtotaal.nl\\\/wp-content\\\/uploads\\\/2025\\\/06\\\/Green-Egg-Totaal-Logo.png\",\"contentUrl\":\"https:\\\/\\\/www.greeneggtotaal.nl\\\/wp-content\\\/uploads\\\/2025\\\/06\\\/Green-Egg-Totaal-Logo.png\",\"width\":225,\"height\":95,\"caption\":\"Green Egg Totaal\"},\"image\":{\"@id\":\"https:\\\/\\\/www.greeneggtotaal.nl\\\/nl\\\/#\\\/schema\\\/logo\\\/image\\\/\"}}]}<\/script>\n<!-- \/ Yoast SEO Premium plugin. -->","yoast_head_json":{"title":"Au\u00dfenk\u00fcche Eiche Classic II","description":"Die Au\u00dfenk\u00fcche Eiken Classic II mit Arbeitsplatte aus Verbundwerkstoff ist eine Bereicherung f\u00fcr jeden Garten. Verpassen Sie diese Gelegenheit nicht, jetzt bei GreenEggTotaal erh\u00e4ltlich.","robots":{"index":"index","follow":"follow","max-snippet":"max-snippet:-1","max-image-preview":"max-image-preview:large","max-video-preview":"max-video-preview:-1"},"canonical":"https:\/\/www.greeneggtotaal.nl\/de\/product\/schone-ausenkuche-eiche-classic-ii\/","og_locale":"de_DE","og_type":"article","og_title":"Buitenkeuken Eiken Classic II","og_description":"De Buitenkeuken Eiken Classic II met composiet werkblad is een toevoeging voor elke tuin. Mis het niet, Nu te koop bij GreenEggTotaal.","og_url":"https:\/\/www.greeneggtotaal.nl\/de\/product\/schone-ausenkuche-eiche-classic-ii\/","og_site_name":"GreenEggTotaal","article_modified_time":"2026-04-21T16:34:47+00:00","og_image":[{"width":500,"height":500,"url":"https:\/\/www.greeneggtotaal.nl\/wp-content\/uploads\/2025\/08\/9347green-egg-totaal-1.webp","type":"image\/webp"}],"twitter_card":"summary_large_image","twitter_misc":{"Gesch\u00e4tzte Lesezeit":"2\u00a0Minuten"},"schema":{"@context":"https:\/\/schema.org","@graph":[{"@type":"WebPage","@id":"https:\/\/www.greeneggtotaal.nl\/product\/fraaii-buitenkeuken-eiken-classic-ii\/","url":"https:\/\/www.greeneggtotaal.nl\/product\/fraaii-buitenkeuken-eiken-classic-ii\/","name":"Au\u00dfenk\u00fcche Eiche Classic II","isPartOf":{"@id":"https:\/\/www.greeneggtotaal.nl\/nl\/#website"},"primaryImageOfPage":{"@id":"https:\/\/www.greeneggtotaal.nl\/product\/fraaii-buitenkeuken-eiken-classic-ii\/#primaryimage"},"image":{"@id":"https:\/\/www.greeneggtotaal.nl\/product\/fraaii-buitenkeuken-eiken-classic-ii\/#primaryimage"},"thumbnailUrl":"https:\/\/www.greeneggtotaal.nl\/wp-content\/uploads\/2025\/08\/9347green-egg-totaal-1.webp","datePublished":"2025-08-01T11:43:49+00:00","dateModified":"2026-04-21T16:34:47+00:00","description":"Die Au\u00dfenk\u00fcche Eiken Classic II mit Arbeitsplatte aus Verbundwerkstoff ist eine Bereicherung f\u00fcr jeden Garten. Verpassen Sie diese Gelegenheit nicht, jetzt bei GreenEggTotaal erh\u00e4ltlich.","breadcrumb":{"@id":"https:\/\/www.greeneggtotaal.nl\/product\/fraaii-buitenkeuken-eiken-classic-ii\/#breadcrumb"},"inLanguage":"de","potentialAction":[{"@type":"ReadAction","target":["https:\/\/www.greeneggtotaal.nl\/product\/fraaii-buitenkeuken-eiken-classic-ii\/"]}]},{"@type":"ImageObject","inLanguage":"de","@id":"https:\/\/www.greeneggtotaal.nl\/product\/fraaii-buitenkeuken-eiken-classic-ii\/#primaryimage","url":"https:\/\/www.greeneggtotaal.nl\/wp-content\/uploads\/2025\/08\/9347green-egg-totaal-1.webp","contentUrl":"https:\/\/www.greeneggtotaal.nl\/wp-content\/uploads\/2025\/08\/9347green-egg-totaal-1.webp","width":500,"height":500,"caption":"Buitenkeuken Eiken Classic II"},{"@type":"BreadcrumbList","@id":"https:\/\/www.greeneggtotaal.nl\/product\/fraaii-buitenkeuken-eiken-classic-ii\/#breadcrumb","itemListElement":[{"@type":"ListItem","position":1,"name":"Home","item":"https:\/\/www.greeneggtotaal.nl\/"},{"@type":"ListItem","position":2,"name":"Shop","item":"https:\/\/www.greeneggtotaal.nl\/nl\/shop\/"},{"@type":"ListItem","position":3,"name":"Buitenkeuken Eiken Classic II"}]},{"@type":"WebSite","@id":"https:\/\/www.greeneggtotaal.nl\/nl\/#website","url":"https:\/\/www.greeneggtotaal.nl\/nl\/","name":"greeneggtotaal.nl","description":"Der Big Green Egg Spezialist","publisher":{"@id":"https:\/\/www.greeneggtotaal.nl\/nl\/#organization"},"potentialAction":[{"@type":"SearchAction","target":{"@type":"EntryPoint","urlTemplate":"https:\/\/www.greeneggtotaal.nl\/nl\/?s={search_term_string}"},"query-input":{"@type":"PropertyValueSpecification","valueRequired":true,"valueName":"search_term_string"}}],"inLanguage":"de"},{"@type":"Organization","@id":"https:\/\/www.greeneggtotaal.nl\/nl\/#organization","name":"Green Egg Totaal","url":"https:\/\/www.greeneggtotaal.nl\/nl\/","logo":{"@type":"ImageObject","inLanguage":"de","@id":"https:\/\/www.greeneggtotaal.nl\/nl\/#\/schema\/logo\/image\/","url":"https:\/\/www.greeneggtotaal.nl\/wp-content\/uploads\/2025\/06\/Green-Egg-Totaal-Logo.png","contentUrl":"https:\/\/www.greeneggtotaal.nl\/wp-content\/uploads\/2025\/06\/Green-Egg-Totaal-Logo.png","width":225,"height":95,"caption":"Green Egg Totaal"},"image":{"@id":"https:\/\/www.greeneggtotaal.nl\/nl\/#\/schema\/logo\/image\/"}}]}},"_links":{"self":[{"href":"https:\/\/www.greeneggtotaal.nl\/de\/wp-json\/wp\/v2\/product\/11584","targetHints":{"allow":["GET"]}}],"collection":[{"href":"https:\/\/www.greeneggtotaal.nl\/de\/wp-json\/wp\/v2\/product"}],"about":[{"href":"https:\/\/www.greeneggtotaal.nl\/de\/wp-json\/wp\/v2\/types\/product"}],"wp:featuredmedia":[{"embeddable":true,"href":"https:\/\/www.greeneggtotaal.nl\/de\/wp-json\/wp\/v2\/media\/11583"}],"wp:attachment":[{"href":"https:\/\/www.greeneggtotaal.nl\/de\/wp-json\/wp\/v2\/media?parent=11584"}],"wp:term":[{"taxonomy":"product_brand","embeddable":true,"href":"https:\/\/www.greeneggtotaal.nl\/de\/wp-json\/wp\/v2\/product_brand?post=11584"},{"taxonomy":"product_cat","embeddable":true,"href":"https:\/\/www.greeneggtotaal.nl\/de\/wp-json\/wp\/v2\/product_cat?post=11584"},{"taxonomy":"product_tag","embeddable":true,"href":"https:\/\/www.greeneggtotaal.nl\/de\/wp-json\/wp\/v2\/product_tag?post=11584"}],"curies":[{"name":"wp","href":"https:\/\/api.w.org\/{rel}","templated":true}]}}