{"id":12174,"date":"2025-08-01T13:45:50","date_gmt":"2025-08-01T11:45:50","guid":{"rendered":"https:\/\/baselinkweb.nl\/greeneggtotaal\/product\/big-green-egg-rvs-grill-rings-3-stuks\/"},"modified":"2026-01-19T11:58:48","modified_gmt":"2026-01-19T10:58:48","slug":"big-green-egg-edelstahl-grillringe-3-stuck","status":"publish","type":"product","link":"https:\/\/www.greeneggtotaal.nl\/de\/product\/big-green-egg-rvs-grill-rings-3-stuks\/","title":{"rendered":"Big Green Egg Edelstahl Grillringe 3 St\u00fcck"},"content":{"rendered":"<p>Mit den Grillringen fallen Ihre (gef\u00fcllten) Paprikaschoten, Tomaten oder Zwiebeln beim Grillen auf dem Big Green Egg nie wieder um. Denn diese Edelstahlringe haben einen Stift, mit dem Sie Ihr Obst und Gem\u00fcse fest fixieren k\u00f6nnen. Die w\u00e4rmeleitende Spirale in der Mitte der Grillringe sorgt daf\u00fcr, dass Ihre Zutaten schnell gar werden.<\/p>\n<p>Wenn Sie gef\u00fcllte Paprikaschoten oder Zwiebelringe auf den Grillringen befestigen, stehen sie bombenfest. Sie k\u00f6nnen nat\u00fcrlich auch \u00fcber den Tellerrand hinausdenken und gef\u00fcllte \u00c4pfel, Artischocken oder Ofenkartoffeln darauf spie\u00dfen. Eine Packung enth\u00e4lt 3 Grillringe mit einem Durchmesser von 8 Zentimetern.<\/p>","protected":false},"excerpt":{"rendered":"<p>Met de Grill Rings vallen je (gevulde) paprika\u2019s, tomaten of uien nooit meer om tijdens het grillen op de Big Green Egg. Want deze roestvrijstalen ringen hebben een pin waarop je je groente en fruit stevig vastzet. De warmtegeleidende spiraal in het midden van de Grill Rings zorgt ervoor dat je ingredi\u00ebnten lekker snel klaar [&hellip;]<\/p>\n","protected":false},"featured_media":12173,"template":"","meta":[],"product_brand":[229],"product_cat":[109,104,102,50,181,100,106],"product_tag":[],"class_list":{"0":"post-12174","1":"product","2":"type-product","3":"status-publish","4":"has-post-thumbnail","6":"product_brand-big-green-egg","7":"product_cat-2xl-accessoires","8":"product_cat-large-accessoires","9":"product_cat-medium-accessoires","10":"product_cat-mini-accessoires","11":"product_cat-minimax-accessoires","12":"product_cat-small-accessoires","13":"product_cat-xl-accessoires","15":"first","16":"instock","17":"sale","18":"taxable","19":"shipping-taxable","20":"purchasable","21":"product-type-simple"},"yoast_head":"<!-- This site is optimized with the Yoast SEO Premium plugin v27.4 (Yoast SEO v27.4) - https:\/\/yoast.com\/product\/yoast-seo-premium-wordpress\/ -->\n<title>Big Green Egg RVS Grill Rings 3 stuks - GreenEggTotaal<\/title>\n<meta name=\"description\" content=\"De RVS Grill Rings (3st) houden groenten en kleinere ingredi\u00ebnten stevig op de grill, ideaal voor gelijkmatige bereiding zonder verschuiven.\" \/>\n<meta name=\"robots\" content=\"index, follow, max-snippet:-1, max-image-preview:large, max-video-preview:-1\" \/>\n<link rel=\"canonical\" href=\"https:\/\/www.greeneggtotaal.nl\/de\/product\/big-green-egg-edelstahl-grillringe-3-stuck\/\" \/>\n<meta property=\"og:locale\" content=\"de_DE\" \/>\n<meta property=\"og:type\" content=\"article\" \/>\n<meta property=\"og:title\" content=\"Big Green Egg RVS Grill Rings 3 stuks\" \/>\n<meta property=\"og:description\" content=\"De RVS Grill Rings (3st) houden groenten en kleinere ingredi\u00ebnten stevig op de grill, ideaal voor gelijkmatige bereiding zonder verschuiven.\" \/>\n<meta property=\"og:url\" content=\"https:\/\/www.greeneggtotaal.nl\/de\/product\/big-green-egg-edelstahl-grillringe-3-stuck\/\" \/>\n<meta property=\"og:site_name\" content=\"GreenEggTotaal\" \/>\n<meta property=\"article:modified_time\" content=\"2026-01-19T10:58:48+00:00\" \/>\n<meta property=\"og:image\" content=\"https:\/\/www.greeneggtotaal.nl\/wp-content\/uploads\/2025\/08\/grill-rings-Kopie.webp\" \/>\n\t<meta property=\"og:image:width\" content=\"500\" \/>\n\t<meta property=\"og:image:height\" content=\"500\" \/>\n\t<meta property=\"og:image:type\" content=\"image\/webp\" \/>\n<meta name=\"twitter:card\" content=\"summary_large_image\" \/>\n<meta name=\"twitter:label1\" content=\"Gesch\u00e4tzte Lesezeit\" \/>\n\t<meta name=\"twitter:data1\" content=\"1\u00a0Minute\" \/>\n<script type=\"application\/ld+json\" class=\"yoast-schema-graph\">{\"@context\":\"https:\\\/\\\/schema.org\",\"@graph\":[{\"@type\":\"WebPage\",\"@id\":\"https:\\\/\\\/www.greeneggtotaal.nl\\\/product\\\/big-green-egg-rvs-grill-rings-3-stuks\\\/\",\"url\":\"https:\\\/\\\/www.greeneggtotaal.nl\\\/product\\\/big-green-egg-rvs-grill-rings-3-stuks\\\/\",\"name\":\"Big Green Egg RVS Grill Rings 3 stuks - GreenEggTotaal\",\"isPartOf\":{\"@id\":\"https:\\\/\\\/www.greeneggtotaal.nl\\\/nl\\\/#website\"},\"primaryImageOfPage\":{\"@id\":\"https:\\\/\\\/www.greeneggtotaal.nl\\\/product\\\/big-green-egg-rvs-grill-rings-3-stuks\\\/#primaryimage\"},\"image\":{\"@id\":\"https:\\\/\\\/www.greeneggtotaal.nl\\\/product\\\/big-green-egg-rvs-grill-rings-3-stuks\\\/#primaryimage\"},\"thumbnailUrl\":\"https:\\\/\\\/www.greeneggtotaal.nl\\\/wp-content\\\/uploads\\\/2025\\\/08\\\/grill-rings-Kopie.webp\",\"datePublished\":\"2025-08-01T11:45:50+00:00\",\"dateModified\":\"2026-01-19T10:58:48+00:00\",\"description\":\"De RVS Grill Rings (3st) houden groenten en kleinere ingredi\u00ebnten stevig op de grill, ideaal voor gelijkmatige bereiding zonder verschuiven.\",\"breadcrumb\":{\"@id\":\"https:\\\/\\\/www.greeneggtotaal.nl\\\/product\\\/big-green-egg-rvs-grill-rings-3-stuks\\\/#breadcrumb\"},\"inLanguage\":\"de\",\"potentialAction\":[{\"@type\":\"ReadAction\",\"target\":[\"https:\\\/\\\/www.greeneggtotaal.nl\\\/product\\\/big-green-egg-rvs-grill-rings-3-stuks\\\/\"]}]},{\"@type\":\"ImageObject\",\"inLanguage\":\"de\",\"@id\":\"https:\\\/\\\/www.greeneggtotaal.nl\\\/product\\\/big-green-egg-rvs-grill-rings-3-stuks\\\/#primaryimage\",\"url\":\"https:\\\/\\\/www.greeneggtotaal.nl\\\/wp-content\\\/uploads\\\/2025\\\/08\\\/grill-rings-Kopie.webp\",\"contentUrl\":\"https:\\\/\\\/www.greeneggtotaal.nl\\\/wp-content\\\/uploads\\\/2025\\\/08\\\/grill-rings-Kopie.webp\",\"width\":500,\"height\":500},{\"@type\":\"BreadcrumbList\",\"@id\":\"https:\\\/\\\/www.greeneggtotaal.nl\\\/product\\\/big-green-egg-rvs-grill-rings-3-stuks\\\/#breadcrumb\",\"itemListElement\":[{\"@type\":\"ListItem\",\"position\":1,\"name\":\"Home\",\"item\":\"https:\\\/\\\/www.greeneggtotaal.nl\\\/\"},{\"@type\":\"ListItem\",\"position\":2,\"name\":\"Shop\",\"item\":\"https:\\\/\\\/www.greeneggtotaal.nl\\\/nl\\\/shop\\\/\"},{\"@type\":\"ListItem\",\"position\":3,\"name\":\"Big Green Egg RVS Grill Rings 3 stuks\"}]},{\"@type\":\"WebSite\",\"@id\":\"https:\\\/\\\/www.greeneggtotaal.nl\\\/nl\\\/#website\",\"url\":\"https:\\\/\\\/www.greeneggtotaal.nl\\\/nl\\\/\",\"name\":\"greeneggtotaal.nl\",\"description\":\"D\u00e9 Big Green Egg Specialist\",\"publisher\":{\"@id\":\"https:\\\/\\\/www.greeneggtotaal.nl\\\/nl\\\/#organization\"},\"potentialAction\":[{\"@type\":\"SearchAction\",\"target\":{\"@type\":\"EntryPoint\",\"urlTemplate\":\"https:\\\/\\\/www.greeneggtotaal.nl\\\/nl\\\/?s={search_term_string}\"},\"query-input\":{\"@type\":\"PropertyValueSpecification\",\"valueRequired\":true,\"valueName\":\"search_term_string\"}}],\"inLanguage\":\"de\"},{\"@type\":\"Organization\",\"@id\":\"https:\\\/\\\/www.greeneggtotaal.nl\\\/nl\\\/#organization\",\"name\":\"Green Egg Totaal\",\"url\":\"https:\\\/\\\/www.greeneggtotaal.nl\\\/nl\\\/\",\"logo\":{\"@type\":\"ImageObject\",\"inLanguage\":\"de\",\"@id\":\"https:\\\/\\\/www.greeneggtotaal.nl\\\/nl\\\/#\\\/schema\\\/logo\\\/image\\\/\",\"url\":\"https:\\\/\\\/www.greeneggtotaal.nl\\\/wp-content\\\/uploads\\\/2025\\\/06\\\/Green-Egg-Totaal-Logo.png\",\"contentUrl\":\"https:\\\/\\\/www.greeneggtotaal.nl\\\/wp-content\\\/uploads\\\/2025\\\/06\\\/Green-Egg-Totaal-Logo.png\",\"width\":225,\"height\":95,\"caption\":\"Green Egg Totaal\"},\"image\":{\"@id\":\"https:\\\/\\\/www.greeneggtotaal.nl\\\/nl\\\/#\\\/schema\\\/logo\\\/image\\\/\"}}]}<\/script>\n<!-- \/ Yoast SEO Premium plugin. -->","yoast_head_json":{"title":"Big Green Egg Edelstahl Grillringe 3 St\u00fcck - GreenEggTotal","description":"Die Edelstahl-Grillringe (3 St\u00fcck) halten Gem\u00fcse und kleinere Zutaten sicher auf dem Grill und sind ideal f\u00fcr eine gleichm\u00e4\u00dfige Zubereitung ohne Verrutschen.","robots":{"index":"index","follow":"follow","max-snippet":"max-snippet:-1","max-image-preview":"max-image-preview:large","max-video-preview":"max-video-preview:-1"},"canonical":"https:\/\/www.greeneggtotaal.nl\/de\/product\/big-green-egg-edelstahl-grillringe-3-stuck\/","og_locale":"de_DE","og_type":"article","og_title":"Big Green Egg RVS Grill Rings 3 stuks","og_description":"De RVS Grill Rings (3st) houden groenten en kleinere ingredi\u00ebnten stevig op de grill, ideaal voor gelijkmatige bereiding zonder verschuiven.","og_url":"https:\/\/www.greeneggtotaal.nl\/de\/product\/big-green-egg-edelstahl-grillringe-3-stuck\/","og_site_name":"GreenEggTotaal","article_modified_time":"2026-01-19T10:58:48+00:00","og_image":[{"width":500,"height":500,"url":"https:\/\/www.greeneggtotaal.nl\/wp-content\/uploads\/2025\/08\/grill-rings-Kopie.webp","type":"image\/webp"}],"twitter_card":"summary_large_image","twitter_misc":{"Gesch\u00e4tzte Lesezeit":"1\u00a0Minute"},"schema":{"@context":"https:\/\/schema.org","@graph":[{"@type":"WebPage","@id":"https:\/\/www.greeneggtotaal.nl\/product\/big-green-egg-rvs-grill-rings-3-stuks\/","url":"https:\/\/www.greeneggtotaal.nl\/product\/big-green-egg-rvs-grill-rings-3-stuks\/","name":"Big Green Egg Edelstahl Grillringe 3 St\u00fcck - GreenEggTotal","isPartOf":{"@id":"https:\/\/www.greeneggtotaal.nl\/nl\/#website"},"primaryImageOfPage":{"@id":"https:\/\/www.greeneggtotaal.nl\/product\/big-green-egg-rvs-grill-rings-3-stuks\/#primaryimage"},"image":{"@id":"https:\/\/www.greeneggtotaal.nl\/product\/big-green-egg-rvs-grill-rings-3-stuks\/#primaryimage"},"thumbnailUrl":"https:\/\/www.greeneggtotaal.nl\/wp-content\/uploads\/2025\/08\/grill-rings-Kopie.webp","datePublished":"2025-08-01T11:45:50+00:00","dateModified":"2026-01-19T10:58:48+00:00","description":"Die Edelstahl-Grillringe (3 St\u00fcck) halten Gem\u00fcse und kleinere Zutaten sicher auf dem Grill und sind ideal f\u00fcr eine gleichm\u00e4\u00dfige Zubereitung ohne Verrutschen.","breadcrumb":{"@id":"https:\/\/www.greeneggtotaal.nl\/product\/big-green-egg-rvs-grill-rings-3-stuks\/#breadcrumb"},"inLanguage":"de","potentialAction":[{"@type":"ReadAction","target":["https:\/\/www.greeneggtotaal.nl\/product\/big-green-egg-rvs-grill-rings-3-stuks\/"]}]},{"@type":"ImageObject","inLanguage":"de","@id":"https:\/\/www.greeneggtotaal.nl\/product\/big-green-egg-rvs-grill-rings-3-stuks\/#primaryimage","url":"https:\/\/www.greeneggtotaal.nl\/wp-content\/uploads\/2025\/08\/grill-rings-Kopie.webp","contentUrl":"https:\/\/www.greeneggtotaal.nl\/wp-content\/uploads\/2025\/08\/grill-rings-Kopie.webp","width":500,"height":500},{"@type":"BreadcrumbList","@id":"https:\/\/www.greeneggtotaal.nl\/product\/big-green-egg-rvs-grill-rings-3-stuks\/#breadcrumb","itemListElement":[{"@type":"ListItem","position":1,"name":"Home","item":"https:\/\/www.greeneggtotaal.nl\/"},{"@type":"ListItem","position":2,"name":"Shop","item":"https:\/\/www.greeneggtotaal.nl\/nl\/shop\/"},{"@type":"ListItem","position":3,"name":"Big Green Egg RVS Grill Rings 3 stuks"}]},{"@type":"WebSite","@id":"https:\/\/www.greeneggtotaal.nl\/nl\/#website","url":"https:\/\/www.greeneggtotaal.nl\/nl\/","name":"greeneggtotaal.nl","description":"Der Big Green Egg Spezialist","publisher":{"@id":"https:\/\/www.greeneggtotaal.nl\/nl\/#organization"},"potentialAction":[{"@type":"SearchAction","target":{"@type":"EntryPoint","urlTemplate":"https:\/\/www.greeneggtotaal.nl\/nl\/?s={search_term_string}"},"query-input":{"@type":"PropertyValueSpecification","valueRequired":true,"valueName":"search_term_string"}}],"inLanguage":"de"},{"@type":"Organization","@id":"https:\/\/www.greeneggtotaal.nl\/nl\/#organization","name":"Green Egg Totaal","url":"https:\/\/www.greeneggtotaal.nl\/nl\/","logo":{"@type":"ImageObject","inLanguage":"de","@id":"https:\/\/www.greeneggtotaal.nl\/nl\/#\/schema\/logo\/image\/","url":"https:\/\/www.greeneggtotaal.nl\/wp-content\/uploads\/2025\/06\/Green-Egg-Totaal-Logo.png","contentUrl":"https:\/\/www.greeneggtotaal.nl\/wp-content\/uploads\/2025\/06\/Green-Egg-Totaal-Logo.png","width":225,"height":95,"caption":"Green Egg Totaal"},"image":{"@id":"https:\/\/www.greeneggtotaal.nl\/nl\/#\/schema\/logo\/image\/"}}]}},"_links":{"self":[{"href":"https:\/\/www.greeneggtotaal.nl\/de\/wp-json\/wp\/v2\/product\/12174","targetHints":{"allow":["GET"]}}],"collection":[{"href":"https:\/\/www.greeneggtotaal.nl\/de\/wp-json\/wp\/v2\/product"}],"about":[{"href":"https:\/\/www.greeneggtotaal.nl\/de\/wp-json\/wp\/v2\/types\/product"}],"wp:featuredmedia":[{"embeddable":true,"href":"https:\/\/www.greeneggtotaal.nl\/de\/wp-json\/wp\/v2\/media\/12173"}],"wp:attachment":[{"href":"https:\/\/www.greeneggtotaal.nl\/de\/wp-json\/wp\/v2\/media?parent=12174"}],"wp:term":[{"taxonomy":"product_brand","embeddable":true,"href":"https:\/\/www.greeneggtotaal.nl\/de\/wp-json\/wp\/v2\/product_brand?post=12174"},{"taxonomy":"product_cat","embeddable":true,"href":"https:\/\/www.greeneggtotaal.nl\/de\/wp-json\/wp\/v2\/product_cat?post=12174"},{"taxonomy":"product_tag","embeddable":true,"href":"https:\/\/www.greeneggtotaal.nl\/de\/wp-json\/wp\/v2\/product_tag?post=12174"}],"curies":[{"name":"wp","href":"https:\/\/api.w.org\/{rel}","templated":true}]}}