{"id":12183,"date":"2025-08-01T13:45:52","date_gmt":"2025-08-01T11:45:52","guid":{"rendered":"https:\/\/baselinkweb.nl\/greeneggtotaal\/product\/big-green-egg-kalkoenhouder-rvs\/"},"modified":"2026-01-19T12:04:17","modified_gmt":"2026-01-19T11:04:17","slug":"big-green-egg-truthahnhalter-edelstahl","status":"publish","type":"product","link":"https:\/\/www.greeneggtotaal.nl\/de\/product\/big-green-egg-kalkoenhouder-rvs\/","title":{"rendered":"Big Green Egg Truthahnhalter aus Edelstahl"},"content":{"rendered":"<p><strong>Geben Sie Ihrem Poulet Noir oder Bresse-Huhn einen Ehrenplatz in Ihrem Big Green Egg auf dem Vertical Poultry Roaster. Mit dem Vertical Poultry Roaster aus Edelstahl steht der Truthahn senkrecht auf dem Halter, sodass er sich mit seinem eigenen Fett begie\u00dft. Dadurch wird er innen unglaublich saftig, w\u00e4hrend er au\u00dfen eine leckere knusprige Kruste bekommt. Fettig lecker.<\/strong><\/p>\n<p>Kombinieren Sie den Vertical Poultry Roaster mit der Round Drip Pan, um S\u00e4fte und Fette als Grundlage f\u00fcr eine leckere So\u00dfe aufzufangen. Auch praktisch: Das H\u00e4hnchen l\u00e4sst sich viel leichter schneiden, wenn es noch auf dem Vertical Poultry Roaster liegt. Der Turkey Roaster passt in die Modelle Medium, Large, XLarge und XXLarge.<\/p>","protected":false},"excerpt":{"rendered":"<p>Geef je Poulet Noir of Bressekip een ereplaats in je Big Green Egg op de Vertical Poultry Roaster. Met de roestvrijstalen Vertical Poultry Roaster staat de kalkoen verticaal op de houder zodat hij zich met zijn eigen vet bedruipt. Daardoor wordt hij ongelofelijk sappig van binnen, terwijl hij van buiten een lekker krokante korst krijgt. [&hellip;]<\/p>\n","protected":false},"featured_media":12182,"template":"","meta":[],"product_brand":[229],"product_cat":[109,104,102,106],"product_tag":[],"class_list":{"0":"post-12183","1":"product","2":"type-product","3":"status-publish","4":"has-post-thumbnail","6":"product_brand-big-green-egg","7":"product_cat-2xl-accessoires","8":"product_cat-large-accessoires","9":"product_cat-medium-accessoires","10":"product_cat-xl-accessoires","12":"first","13":"instock","14":"sale","15":"taxable","16":"shipping-taxable","17":"purchasable","18":"product-type-simple"},"yoast_head":"<!-- This site is optimized with the Yoast SEO Premium plugin v27.4 (Yoast SEO v27.4) - https:\/\/yoast.com\/product\/yoast-seo-premium-wordpress\/ -->\n<title>Big Green Egg Kalkoenhouder RVS<\/title>\n<meta name=\"description\" content=\"Roestvrijstalen kalkoenhouder voor een perfecte bereiding van je kalkoen, biedt stabiliteit en voorkomt omvallen tijdens het koken.\" \/>\n<meta name=\"robots\" content=\"index, follow, max-snippet:-1, max-image-preview:large, max-video-preview:-1\" \/>\n<link rel=\"canonical\" href=\"https:\/\/www.greeneggtotaal.nl\/de\/product\/big-green-egg-truthahnhalter-edelstahl\/\" \/>\n<meta property=\"og:locale\" content=\"de_DE\" \/>\n<meta property=\"og:type\" content=\"article\" \/>\n<meta property=\"og:title\" content=\"Big Green Egg Kalkoenhouder RVS\" \/>\n<meta property=\"og:description\" content=\"Roestvrijstalen kalkoenhouder voor een perfecte bereiding van je kalkoen, biedt stabiliteit en voorkomt omvallen tijdens het koken.\" \/>\n<meta property=\"og:url\" content=\"https:\/\/www.greeneggtotaal.nl\/de\/product\/big-green-egg-truthahnhalter-edelstahl\/\" \/>\n<meta property=\"og:site_name\" content=\"GreenEggTotaal\" \/>\n<meta property=\"article:modified_time\" content=\"2026-01-19T11:04:17+00:00\" \/>\n<meta property=\"og:image\" content=\"https:\/\/www.greeneggtotaal.nl\/wp-content\/uploads\/2025\/08\/vcr-kopie-1-1.webp\" \/>\n\t<meta property=\"og:image:width\" content=\"500\" \/>\n\t<meta property=\"og:image:height\" content=\"500\" \/>\n\t<meta property=\"og:image:type\" content=\"image\/webp\" \/>\n<meta name=\"twitter:card\" content=\"summary_large_image\" \/>\n<meta name=\"twitter:label1\" content=\"Gesch\u00e4tzte Lesezeit\" \/>\n\t<meta name=\"twitter:data1\" content=\"1\u00a0Minute\" \/>\n<script type=\"application\/ld+json\" class=\"yoast-schema-graph\">{\"@context\":\"https:\\\/\\\/schema.org\",\"@graph\":[{\"@type\":\"WebPage\",\"@id\":\"https:\\\/\\\/www.greeneggtotaal.nl\\\/product\\\/big-green-egg-kalkoenhouder-rvs\\\/\",\"url\":\"https:\\\/\\\/www.greeneggtotaal.nl\\\/product\\\/big-green-egg-kalkoenhouder-rvs\\\/\",\"name\":\"Big Green Egg Kalkoenhouder RVS\",\"isPartOf\":{\"@id\":\"https:\\\/\\\/www.greeneggtotaal.nl\\\/nl\\\/#website\"},\"primaryImageOfPage\":{\"@id\":\"https:\\\/\\\/www.greeneggtotaal.nl\\\/product\\\/big-green-egg-kalkoenhouder-rvs\\\/#primaryimage\"},\"image\":{\"@id\":\"https:\\\/\\\/www.greeneggtotaal.nl\\\/product\\\/big-green-egg-kalkoenhouder-rvs\\\/#primaryimage\"},\"thumbnailUrl\":\"https:\\\/\\\/www.greeneggtotaal.nl\\\/wp-content\\\/uploads\\\/2025\\\/08\\\/vcr-kopie-1-1.webp\",\"datePublished\":\"2025-08-01T11:45:52+00:00\",\"dateModified\":\"2026-01-19T11:04:17+00:00\",\"description\":\"Roestvrijstalen kalkoenhouder voor een perfecte bereiding van je kalkoen, biedt stabiliteit en voorkomt omvallen tijdens het koken.\",\"breadcrumb\":{\"@id\":\"https:\\\/\\\/www.greeneggtotaal.nl\\\/product\\\/big-green-egg-kalkoenhouder-rvs\\\/#breadcrumb\"},\"inLanguage\":\"de\",\"potentialAction\":[{\"@type\":\"ReadAction\",\"target\":[\"https:\\\/\\\/www.greeneggtotaal.nl\\\/product\\\/big-green-egg-kalkoenhouder-rvs\\\/\"]}]},{\"@type\":\"ImageObject\",\"inLanguage\":\"de\",\"@id\":\"https:\\\/\\\/www.greeneggtotaal.nl\\\/product\\\/big-green-egg-kalkoenhouder-rvs\\\/#primaryimage\",\"url\":\"https:\\\/\\\/www.greeneggtotaal.nl\\\/wp-content\\\/uploads\\\/2025\\\/08\\\/vcr-kopie-1-1.webp\",\"contentUrl\":\"https:\\\/\\\/www.greeneggtotaal.nl\\\/wp-content\\\/uploads\\\/2025\\\/08\\\/vcr-kopie-1-1.webp\",\"width\":500,\"height\":500,\"caption\":\"Big Green Egg Kiphouder RVS\"},{\"@type\":\"BreadcrumbList\",\"@id\":\"https:\\\/\\\/www.greeneggtotaal.nl\\\/product\\\/big-green-egg-kalkoenhouder-rvs\\\/#breadcrumb\",\"itemListElement\":[{\"@type\":\"ListItem\",\"position\":1,\"name\":\"Home\",\"item\":\"https:\\\/\\\/www.greeneggtotaal.nl\\\/\"},{\"@type\":\"ListItem\",\"position\":2,\"name\":\"Shop\",\"item\":\"https:\\\/\\\/www.greeneggtotaal.nl\\\/nl\\\/shop\\\/\"},{\"@type\":\"ListItem\",\"position\":3,\"name\":\"Big Green Egg Kalkoenhouder RVS\"}]},{\"@type\":\"WebSite\",\"@id\":\"https:\\\/\\\/www.greeneggtotaal.nl\\\/nl\\\/#website\",\"url\":\"https:\\\/\\\/www.greeneggtotaal.nl\\\/nl\\\/\",\"name\":\"greeneggtotaal.nl\",\"description\":\"D\u00e9 Big Green Egg Specialist\",\"publisher\":{\"@id\":\"https:\\\/\\\/www.greeneggtotaal.nl\\\/nl\\\/#organization\"},\"potentialAction\":[{\"@type\":\"SearchAction\",\"target\":{\"@type\":\"EntryPoint\",\"urlTemplate\":\"https:\\\/\\\/www.greeneggtotaal.nl\\\/nl\\\/?s={search_term_string}\"},\"query-input\":{\"@type\":\"PropertyValueSpecification\",\"valueRequired\":true,\"valueName\":\"search_term_string\"}}],\"inLanguage\":\"de\"},{\"@type\":\"Organization\",\"@id\":\"https:\\\/\\\/www.greeneggtotaal.nl\\\/nl\\\/#organization\",\"name\":\"Green Egg Totaal\",\"url\":\"https:\\\/\\\/www.greeneggtotaal.nl\\\/nl\\\/\",\"logo\":{\"@type\":\"ImageObject\",\"inLanguage\":\"de\",\"@id\":\"https:\\\/\\\/www.greeneggtotaal.nl\\\/nl\\\/#\\\/schema\\\/logo\\\/image\\\/\",\"url\":\"https:\\\/\\\/www.greeneggtotaal.nl\\\/wp-content\\\/uploads\\\/2025\\\/06\\\/Green-Egg-Totaal-Logo.png\",\"contentUrl\":\"https:\\\/\\\/www.greeneggtotaal.nl\\\/wp-content\\\/uploads\\\/2025\\\/06\\\/Green-Egg-Totaal-Logo.png\",\"width\":225,\"height\":95,\"caption\":\"Green Egg Totaal\"},\"image\":{\"@id\":\"https:\\\/\\\/www.greeneggtotaal.nl\\\/nl\\\/#\\\/schema\\\/logo\\\/image\\\/\"}}]}<\/script>\n<!-- \/ Yoast SEO Premium plugin. -->","yoast_head_json":{"title":"Big Green Egg Truthahnhalter aus Edelstahl","description":"Edelstahl-Truthahnhalter f\u00fcr die perfekte Zubereitung Ihres Truthahns, bietet Stabilit\u00e4t und verhindert ein Umkippen w\u00e4hrend des Garens.","robots":{"index":"index","follow":"follow","max-snippet":"max-snippet:-1","max-image-preview":"max-image-preview:large","max-video-preview":"max-video-preview:-1"},"canonical":"https:\/\/www.greeneggtotaal.nl\/de\/product\/big-green-egg-truthahnhalter-edelstahl\/","og_locale":"de_DE","og_type":"article","og_title":"Big Green Egg Kalkoenhouder RVS","og_description":"Roestvrijstalen kalkoenhouder voor een perfecte bereiding van je kalkoen, biedt stabiliteit en voorkomt omvallen tijdens het koken.","og_url":"https:\/\/www.greeneggtotaal.nl\/de\/product\/big-green-egg-truthahnhalter-edelstahl\/","og_site_name":"GreenEggTotaal","article_modified_time":"2026-01-19T11:04:17+00:00","og_image":[{"width":500,"height":500,"url":"https:\/\/www.greeneggtotaal.nl\/wp-content\/uploads\/2025\/08\/vcr-kopie-1-1.webp","type":"image\/webp"}],"twitter_card":"summary_large_image","twitter_misc":{"Gesch\u00e4tzte Lesezeit":"1\u00a0Minute"},"schema":{"@context":"https:\/\/schema.org","@graph":[{"@type":"WebPage","@id":"https:\/\/www.greeneggtotaal.nl\/product\/big-green-egg-kalkoenhouder-rvs\/","url":"https:\/\/www.greeneggtotaal.nl\/product\/big-green-egg-kalkoenhouder-rvs\/","name":"Big Green Egg Truthahnhalter aus Edelstahl","isPartOf":{"@id":"https:\/\/www.greeneggtotaal.nl\/nl\/#website"},"primaryImageOfPage":{"@id":"https:\/\/www.greeneggtotaal.nl\/product\/big-green-egg-kalkoenhouder-rvs\/#primaryimage"},"image":{"@id":"https:\/\/www.greeneggtotaal.nl\/product\/big-green-egg-kalkoenhouder-rvs\/#primaryimage"},"thumbnailUrl":"https:\/\/www.greeneggtotaal.nl\/wp-content\/uploads\/2025\/08\/vcr-kopie-1-1.webp","datePublished":"2025-08-01T11:45:52+00:00","dateModified":"2026-01-19T11:04:17+00:00","description":"Edelstahl-Truthahnhalter f\u00fcr die perfekte Zubereitung Ihres Truthahns, bietet Stabilit\u00e4t und verhindert ein Umkippen w\u00e4hrend des Garens.","breadcrumb":{"@id":"https:\/\/www.greeneggtotaal.nl\/product\/big-green-egg-kalkoenhouder-rvs\/#breadcrumb"},"inLanguage":"de","potentialAction":[{"@type":"ReadAction","target":["https:\/\/www.greeneggtotaal.nl\/product\/big-green-egg-kalkoenhouder-rvs\/"]}]},{"@type":"ImageObject","inLanguage":"de","@id":"https:\/\/www.greeneggtotaal.nl\/product\/big-green-egg-kalkoenhouder-rvs\/#primaryimage","url":"https:\/\/www.greeneggtotaal.nl\/wp-content\/uploads\/2025\/08\/vcr-kopie-1-1.webp","contentUrl":"https:\/\/www.greeneggtotaal.nl\/wp-content\/uploads\/2025\/08\/vcr-kopie-1-1.webp","width":500,"height":500,"caption":"Big Green Egg Kiphouder RVS"},{"@type":"BreadcrumbList","@id":"https:\/\/www.greeneggtotaal.nl\/product\/big-green-egg-kalkoenhouder-rvs\/#breadcrumb","itemListElement":[{"@type":"ListItem","position":1,"name":"Home","item":"https:\/\/www.greeneggtotaal.nl\/"},{"@type":"ListItem","position":2,"name":"Shop","item":"https:\/\/www.greeneggtotaal.nl\/nl\/shop\/"},{"@type":"ListItem","position":3,"name":"Big Green Egg Kalkoenhouder RVS"}]},{"@type":"WebSite","@id":"https:\/\/www.greeneggtotaal.nl\/nl\/#website","url":"https:\/\/www.greeneggtotaal.nl\/nl\/","name":"greeneggtotaal.nl","description":"Der Big Green Egg Spezialist","publisher":{"@id":"https:\/\/www.greeneggtotaal.nl\/nl\/#organization"},"potentialAction":[{"@type":"SearchAction","target":{"@type":"EntryPoint","urlTemplate":"https:\/\/www.greeneggtotaal.nl\/nl\/?s={search_term_string}"},"query-input":{"@type":"PropertyValueSpecification","valueRequired":true,"valueName":"search_term_string"}}],"inLanguage":"de"},{"@type":"Organization","@id":"https:\/\/www.greeneggtotaal.nl\/nl\/#organization","name":"Green Egg Totaal","url":"https:\/\/www.greeneggtotaal.nl\/nl\/","logo":{"@type":"ImageObject","inLanguage":"de","@id":"https:\/\/www.greeneggtotaal.nl\/nl\/#\/schema\/logo\/image\/","url":"https:\/\/www.greeneggtotaal.nl\/wp-content\/uploads\/2025\/06\/Green-Egg-Totaal-Logo.png","contentUrl":"https:\/\/www.greeneggtotaal.nl\/wp-content\/uploads\/2025\/06\/Green-Egg-Totaal-Logo.png","width":225,"height":95,"caption":"Green Egg Totaal"},"image":{"@id":"https:\/\/www.greeneggtotaal.nl\/nl\/#\/schema\/logo\/image\/"}}]}},"_links":{"self":[{"href":"https:\/\/www.greeneggtotaal.nl\/de\/wp-json\/wp\/v2\/product\/12183","targetHints":{"allow":["GET"]}}],"collection":[{"href":"https:\/\/www.greeneggtotaal.nl\/de\/wp-json\/wp\/v2\/product"}],"about":[{"href":"https:\/\/www.greeneggtotaal.nl\/de\/wp-json\/wp\/v2\/types\/product"}],"wp:featuredmedia":[{"embeddable":true,"href":"https:\/\/www.greeneggtotaal.nl\/de\/wp-json\/wp\/v2\/media\/12182"}],"wp:attachment":[{"href":"https:\/\/www.greeneggtotaal.nl\/de\/wp-json\/wp\/v2\/media?parent=12183"}],"wp:term":[{"taxonomy":"product_brand","embeddable":true,"href":"https:\/\/www.greeneggtotaal.nl\/de\/wp-json\/wp\/v2\/product_brand?post=12183"},{"taxonomy":"product_cat","embeddable":true,"href":"https:\/\/www.greeneggtotaal.nl\/de\/wp-json\/wp\/v2\/product_cat?post=12183"},{"taxonomy":"product_tag","embeddable":true,"href":"https:\/\/www.greeneggtotaal.nl\/de\/wp-json\/wp\/v2\/product_tag?post=12183"}],"curies":[{"name":"wp","href":"https:\/\/api.w.org\/{rel}","templated":true}]}}