{"id":12281,"date":"2025-08-01T13:46:20","date_gmt":"2025-08-01T11:46:20","guid":{"rendered":"https:\/\/baselinkweb.nl\/greeneggtotaal\/product\/portable-nest-minimax\/"},"modified":"2026-03-02T13:50:00","modified_gmt":"2026-03-02T12:50:00","slug":"tragbares-nest-minimax","status":"publish","type":"product","link":"https:\/\/www.greeneggtotaal.nl\/de\/product\/portable-nest-minimax\/","title":{"rendered":"Tragbares Nest MiniMax"},"content":{"rendered":"<p><strong>Gehen Sie campen, zu einer Park- oder Strandparty? Es gibt keinen Grund, dies nicht stilvoll zu tun. Nehmen Sie einfach Ihren MiniMax in seinem tragbaren Nest mit. Einfach ausklappen und schon steht Ihr multifunktionales Outdoor-Kochger\u00e4t auf komfortabler Kochh\u00f6he (das Untergestell ist 60 cm hoch!). Fertig? Zusammenklappen und weg damit.<\/strong><\/p>\n<p>Bringen Sie Ihr MiniMax EGG in seinem tragbaren Nest \u00fcberallhin mit. Das tragbare Gestell besteht aus schwerem, pulverbeschichtetem Stahl, wodurch es sehr stabil steht. Sie befestigen das MiniMax mit den Schnellverschl\u00fcssen, sodass Sie die Kuppel Ihres EGGs \u00f6ffnen k\u00f6nnen, ohne dass die Gefahr besteht, dass es umkippt. Wenn Sie das tragbare Nest wieder zusammenklappen, erhalten Sie ein flaches Paket, das sich leicht transportieren l\u00e4sst. Hey, warten Sie auf mich!<\/p>","protected":false},"excerpt":{"rendered":"<p>Ga je kamperen, naar een park- of strandparty? Er is geen enkele reden om dat niet in stijl te doen. Je neemt gewoon je MiniMax mee in zijn draagbare nest. Even uitklappen en je multifunctionele buitenkooktoestel staat direct op comfortabele kookhoogte (het onderstel is 60 cm!). UitgeEGG\u2019d? Opvouwen, wegwezen. Breng je MiniMax EGG tot grote [&hellip;]<\/p>\n","protected":false},"featured_media":12280,"template":"","meta":[],"product_brand":[229],"product_cat":[181,193],"product_tag":[],"class_list":{"0":"post-12281","1":"product","2":"type-product","3":"status-publish","4":"has-post-thumbnail","6":"product_brand-big-green-egg","7":"product_cat-minimax-accessoires","8":"product_cat-minimax-onderdelen","10":"first","11":"instock","12":"taxable","13":"shipping-taxable","14":"purchasable","15":"product-type-simple"},"yoast_head":"<!-- This site is optimized with the Yoast SEO Premium plugin v27.4 (Yoast SEO v27.4) - https:\/\/yoast.com\/product\/yoast-seo-premium-wordpress\/ -->\n<title>Portable Nest MiniMax<\/title>\n<meta name=\"description\" content=\"Het Portable Nest MiniMax is een handig en lichtgewicht onderstel dat eenvoudig te verplaatsen is. Ideaal voor buitenkoken en avontuurlijke barbecues.\" \/>\n<meta name=\"robots\" content=\"index, follow, max-snippet:-1, max-image-preview:large, max-video-preview:-1\" \/>\n<link rel=\"canonical\" href=\"https:\/\/www.greeneggtotaal.nl\/de\/product\/tragbares-nest-minimax\/\" \/>\n<meta property=\"og:locale\" content=\"de_DE\" \/>\n<meta property=\"og:type\" content=\"article\" \/>\n<meta property=\"og:title\" content=\"Portable Nest MiniMax\" \/>\n<meta property=\"og:description\" content=\"Het Portable Nest MiniMax is een handig en lichtgewicht onderstel dat eenvoudig te verplaatsen is. Ideaal voor buitenkoken en avontuurlijke barbecues.\" \/>\n<meta property=\"og:url\" content=\"https:\/\/www.greeneggtotaal.nl\/de\/product\/tragbares-nest-minimax\/\" \/>\n<meta property=\"og:site_name\" content=\"GreenEggTotaal\" \/>\n<meta property=\"article:modified_time\" content=\"2026-03-02T12:50:00+00:00\" \/>\n<meta property=\"og:image\" content=\"https:\/\/www.greeneggtotaal.nl\/wp-content\/uploads\/2025\/08\/webimage-6fd4b07c-8c31-4da5-a201f79be3664896-kopie-1-1.webp\" \/>\n\t<meta property=\"og:image:width\" content=\"500\" \/>\n\t<meta property=\"og:image:height\" content=\"500\" \/>\n\t<meta property=\"og:image:type\" content=\"image\/webp\" \/>\n<meta name=\"twitter:card\" content=\"summary_large_image\" \/>\n<meta name=\"twitter:label1\" content=\"Gesch\u00e4tzte Lesezeit\" \/>\n\t<meta name=\"twitter:data1\" content=\"1\u00a0Minute\" \/>\n<script type=\"application\/ld+json\" class=\"yoast-schema-graph\">{\"@context\":\"https:\\\/\\\/schema.org\",\"@graph\":[{\"@type\":\"WebPage\",\"@id\":\"https:\\\/\\\/www.greeneggtotaal.nl\\\/product\\\/portable-nest-minimax\\\/\",\"url\":\"https:\\\/\\\/www.greeneggtotaal.nl\\\/product\\\/portable-nest-minimax\\\/\",\"name\":\"Portable Nest MiniMax\",\"isPartOf\":{\"@id\":\"https:\\\/\\\/www.greeneggtotaal.nl\\\/nl\\\/#website\"},\"primaryImageOfPage\":{\"@id\":\"https:\\\/\\\/www.greeneggtotaal.nl\\\/product\\\/portable-nest-minimax\\\/#primaryimage\"},\"image\":{\"@id\":\"https:\\\/\\\/www.greeneggtotaal.nl\\\/product\\\/portable-nest-minimax\\\/#primaryimage\"},\"thumbnailUrl\":\"https:\\\/\\\/www.greeneggtotaal.nl\\\/wp-content\\\/uploads\\\/2025\\\/08\\\/webimage-6fd4b07c-8c31-4da5-a201f79be3664896-kopie-1-1.webp\",\"datePublished\":\"2025-08-01T11:46:20+00:00\",\"dateModified\":\"2026-03-02T12:50:00+00:00\",\"description\":\"Het Portable Nest MiniMax is een handig en lichtgewicht onderstel dat eenvoudig te verplaatsen is. Ideaal voor buitenkoken en avontuurlijke barbecues.\",\"breadcrumb\":{\"@id\":\"https:\\\/\\\/www.greeneggtotaal.nl\\\/product\\\/portable-nest-minimax\\\/#breadcrumb\"},\"inLanguage\":\"de\",\"potentialAction\":[{\"@type\":\"ReadAction\",\"target\":[\"https:\\\/\\\/www.greeneggtotaal.nl\\\/product\\\/portable-nest-minimax\\\/\"]}]},{\"@type\":\"ImageObject\",\"inLanguage\":\"de\",\"@id\":\"https:\\\/\\\/www.greeneggtotaal.nl\\\/product\\\/portable-nest-minimax\\\/#primaryimage\",\"url\":\"https:\\\/\\\/www.greeneggtotaal.nl\\\/wp-content\\\/uploads\\\/2025\\\/08\\\/webimage-6fd4b07c-8c31-4da5-a201f79be3664896-kopie-1-1.webp\",\"contentUrl\":\"https:\\\/\\\/www.greeneggtotaal.nl\\\/wp-content\\\/uploads\\\/2025\\\/08\\\/webimage-6fd4b07c-8c31-4da5-a201f79be3664896-kopie-1-1.webp\",\"width\":500,\"height\":500,\"caption\":\"Portable Nest MiniMax\"},{\"@type\":\"BreadcrumbList\",\"@id\":\"https:\\\/\\\/www.greeneggtotaal.nl\\\/product\\\/portable-nest-minimax\\\/#breadcrumb\",\"itemListElement\":[{\"@type\":\"ListItem\",\"position\":1,\"name\":\"Home\",\"item\":\"https:\\\/\\\/www.greeneggtotaal.nl\\\/\"},{\"@type\":\"ListItem\",\"position\":2,\"name\":\"Shop\",\"item\":\"https:\\\/\\\/www.greeneggtotaal.nl\\\/nl\\\/shop\\\/\"},{\"@type\":\"ListItem\",\"position\":3,\"name\":\"Portable Nest MiniMax\"}]},{\"@type\":\"WebSite\",\"@id\":\"https:\\\/\\\/www.greeneggtotaal.nl\\\/nl\\\/#website\",\"url\":\"https:\\\/\\\/www.greeneggtotaal.nl\\\/nl\\\/\",\"name\":\"greeneggtotaal.nl\",\"description\":\"D\u00e9 Big Green Egg Specialist\",\"publisher\":{\"@id\":\"https:\\\/\\\/www.greeneggtotaal.nl\\\/nl\\\/#organization\"},\"potentialAction\":[{\"@type\":\"SearchAction\",\"target\":{\"@type\":\"EntryPoint\",\"urlTemplate\":\"https:\\\/\\\/www.greeneggtotaal.nl\\\/nl\\\/?s={search_term_string}\"},\"query-input\":{\"@type\":\"PropertyValueSpecification\",\"valueRequired\":true,\"valueName\":\"search_term_string\"}}],\"inLanguage\":\"de\"},{\"@type\":\"Organization\",\"@id\":\"https:\\\/\\\/www.greeneggtotaal.nl\\\/nl\\\/#organization\",\"name\":\"Green Egg Totaal\",\"url\":\"https:\\\/\\\/www.greeneggtotaal.nl\\\/nl\\\/\",\"logo\":{\"@type\":\"ImageObject\",\"inLanguage\":\"de\",\"@id\":\"https:\\\/\\\/www.greeneggtotaal.nl\\\/nl\\\/#\\\/schema\\\/logo\\\/image\\\/\",\"url\":\"https:\\\/\\\/www.greeneggtotaal.nl\\\/wp-content\\\/uploads\\\/2025\\\/06\\\/Green-Egg-Totaal-Logo.png\",\"contentUrl\":\"https:\\\/\\\/www.greeneggtotaal.nl\\\/wp-content\\\/uploads\\\/2025\\\/06\\\/Green-Egg-Totaal-Logo.png\",\"width\":225,\"height\":95,\"caption\":\"Green Egg Totaal\"},\"image\":{\"@id\":\"https:\\\/\\\/www.greeneggtotaal.nl\\\/nl\\\/#\\\/schema\\\/logo\\\/image\\\/\"}}]}<\/script>\n<!-- \/ Yoast SEO Premium plugin. -->","yoast_head_json":{"title":"Tragbares Nest MiniMax","description":"Das Portable Nest MiniMax ist ein praktisches und leichtes Gestell, das sich einfach transportieren l\u00e4sst. Ideal f\u00fcr das Kochen im Freien und abenteuerliche Grillpartys.","robots":{"index":"index","follow":"follow","max-snippet":"max-snippet:-1","max-image-preview":"max-image-preview:large","max-video-preview":"max-video-preview:-1"},"canonical":"https:\/\/www.greeneggtotaal.nl\/de\/product\/tragbares-nest-minimax\/","og_locale":"de_DE","og_type":"article","og_title":"Portable Nest MiniMax","og_description":"Het Portable Nest MiniMax is een handig en lichtgewicht onderstel dat eenvoudig te verplaatsen is. Ideaal voor buitenkoken en avontuurlijke barbecues.","og_url":"https:\/\/www.greeneggtotaal.nl\/de\/product\/tragbares-nest-minimax\/","og_site_name":"GreenEggTotaal","article_modified_time":"2026-03-02T12:50:00+00:00","og_image":[{"width":500,"height":500,"url":"https:\/\/www.greeneggtotaal.nl\/wp-content\/uploads\/2025\/08\/webimage-6fd4b07c-8c31-4da5-a201f79be3664896-kopie-1-1.webp","type":"image\/webp"}],"twitter_card":"summary_large_image","twitter_misc":{"Gesch\u00e4tzte Lesezeit":"1\u00a0Minute"},"schema":{"@context":"https:\/\/schema.org","@graph":[{"@type":"WebPage","@id":"https:\/\/www.greeneggtotaal.nl\/product\/portable-nest-minimax\/","url":"https:\/\/www.greeneggtotaal.nl\/product\/portable-nest-minimax\/","name":"Tragbares Nest MiniMax","isPartOf":{"@id":"https:\/\/www.greeneggtotaal.nl\/nl\/#website"},"primaryImageOfPage":{"@id":"https:\/\/www.greeneggtotaal.nl\/product\/portable-nest-minimax\/#primaryimage"},"image":{"@id":"https:\/\/www.greeneggtotaal.nl\/product\/portable-nest-minimax\/#primaryimage"},"thumbnailUrl":"https:\/\/www.greeneggtotaal.nl\/wp-content\/uploads\/2025\/08\/webimage-6fd4b07c-8c31-4da5-a201f79be3664896-kopie-1-1.webp","datePublished":"2025-08-01T11:46:20+00:00","dateModified":"2026-03-02T12:50:00+00:00","description":"Das Portable Nest MiniMax ist ein praktisches und leichtes Gestell, das sich einfach transportieren l\u00e4sst. Ideal f\u00fcr das Kochen im Freien und abenteuerliche Grillpartys.","breadcrumb":{"@id":"https:\/\/www.greeneggtotaal.nl\/product\/portable-nest-minimax\/#breadcrumb"},"inLanguage":"de","potentialAction":[{"@type":"ReadAction","target":["https:\/\/www.greeneggtotaal.nl\/product\/portable-nest-minimax\/"]}]},{"@type":"ImageObject","inLanguage":"de","@id":"https:\/\/www.greeneggtotaal.nl\/product\/portable-nest-minimax\/#primaryimage","url":"https:\/\/www.greeneggtotaal.nl\/wp-content\/uploads\/2025\/08\/webimage-6fd4b07c-8c31-4da5-a201f79be3664896-kopie-1-1.webp","contentUrl":"https:\/\/www.greeneggtotaal.nl\/wp-content\/uploads\/2025\/08\/webimage-6fd4b07c-8c31-4da5-a201f79be3664896-kopie-1-1.webp","width":500,"height":500,"caption":"Portable Nest MiniMax"},{"@type":"BreadcrumbList","@id":"https:\/\/www.greeneggtotaal.nl\/product\/portable-nest-minimax\/#breadcrumb","itemListElement":[{"@type":"ListItem","position":1,"name":"Home","item":"https:\/\/www.greeneggtotaal.nl\/"},{"@type":"ListItem","position":2,"name":"Shop","item":"https:\/\/www.greeneggtotaal.nl\/nl\/shop\/"},{"@type":"ListItem","position":3,"name":"Portable Nest MiniMax"}]},{"@type":"WebSite","@id":"https:\/\/www.greeneggtotaal.nl\/nl\/#website","url":"https:\/\/www.greeneggtotaal.nl\/nl\/","name":"greeneggtotaal.nl","description":"Der Big Green Egg Spezialist","publisher":{"@id":"https:\/\/www.greeneggtotaal.nl\/nl\/#organization"},"potentialAction":[{"@type":"SearchAction","target":{"@type":"EntryPoint","urlTemplate":"https:\/\/www.greeneggtotaal.nl\/nl\/?s={search_term_string}"},"query-input":{"@type":"PropertyValueSpecification","valueRequired":true,"valueName":"search_term_string"}}],"inLanguage":"de"},{"@type":"Organization","@id":"https:\/\/www.greeneggtotaal.nl\/nl\/#organization","name":"Green Egg Totaal","url":"https:\/\/www.greeneggtotaal.nl\/nl\/","logo":{"@type":"ImageObject","inLanguage":"de","@id":"https:\/\/www.greeneggtotaal.nl\/nl\/#\/schema\/logo\/image\/","url":"https:\/\/www.greeneggtotaal.nl\/wp-content\/uploads\/2025\/06\/Green-Egg-Totaal-Logo.png","contentUrl":"https:\/\/www.greeneggtotaal.nl\/wp-content\/uploads\/2025\/06\/Green-Egg-Totaal-Logo.png","width":225,"height":95,"caption":"Green Egg Totaal"},"image":{"@id":"https:\/\/www.greeneggtotaal.nl\/nl\/#\/schema\/logo\/image\/"}}]}},"_links":{"self":[{"href":"https:\/\/www.greeneggtotaal.nl\/de\/wp-json\/wp\/v2\/product\/12281","targetHints":{"allow":["GET"]}}],"collection":[{"href":"https:\/\/www.greeneggtotaal.nl\/de\/wp-json\/wp\/v2\/product"}],"about":[{"href":"https:\/\/www.greeneggtotaal.nl\/de\/wp-json\/wp\/v2\/types\/product"}],"wp:featuredmedia":[{"embeddable":true,"href":"https:\/\/www.greeneggtotaal.nl\/de\/wp-json\/wp\/v2\/media\/12280"}],"wp:attachment":[{"href":"https:\/\/www.greeneggtotaal.nl\/de\/wp-json\/wp\/v2\/media?parent=12281"}],"wp:term":[{"taxonomy":"product_brand","embeddable":true,"href":"https:\/\/www.greeneggtotaal.nl\/de\/wp-json\/wp\/v2\/product_brand?post=12281"},{"taxonomy":"product_cat","embeddable":true,"href":"https:\/\/www.greeneggtotaal.nl\/de\/wp-json\/wp\/v2\/product_cat?post=12281"},{"taxonomy":"product_tag","embeddable":true,"href":"https:\/\/www.greeneggtotaal.nl\/de\/wp-json\/wp\/v2\/product_tag?post=12281"}],"curies":[{"name":"wp","href":"https:\/\/api.w.org\/{rel}","templated":true}]}}