{"id":12375,"date":"2025-08-01T13:46:46","date_gmt":"2025-08-01T11:46:46","guid":{"rendered":"https:\/\/baselinkweb.nl\/greeneggtotaal\/product\/grill-pro-geperforeerde-wok\/"},"modified":"2026-03-09T13:05:31","modified_gmt":"2026-03-09T12:05:31","slug":"grill-pro-perforierter-wok","status":"publish","type":"product","link":"https:\/\/www.greeneggtotaal.nl\/de\/product\/grill-pro-geperforeerde-wok\/","title":{"rendered":"Grill Pro Perforierter Wok"},"content":{"rendered":"<p>Der Grill Pro Perforated Wok besteht vollst\u00e4ndig aus Edelstahl und ist mit einer feinen Mikroperforation versehen. Dadurch k\u00f6nnen Sie kleine Zutaten wie Gem\u00fcse, Garnelen oder Fleischst\u00fccke ganz einfach auf dem Grill zubereiten, ohne dass sie durch den Rost fallen.<\/p>\n<p>Dank des abnehmbaren Griffs k\u00f6nnen Sie den Wok sicher auf den Grill stellen und ebenso leicht wieder abnehmen. Das robuste Edelstahlmaterial sorgt f\u00fcr eine lange Lebensdauer und ist leicht zu reinigen. Mit einer Gr\u00f6\u00dfe von 37,5 x 30 cm bietet der Wok ausreichend Platz f\u00fcr verschiedene Gerichte. Geeignet f\u00fcr den Einsatz auf dem Big Green Egg Medium und \u00e4hnlichen Grills.<\/p>","protected":false},"excerpt":{"rendered":"<p>De Grill Pro Geperforeerde Wok is volledig gemaakt van roestvrij staal en voorzien van een fijne micro\u2011perforatie. Hierdoor kun je kleine ingredi\u00ebnten zoals groenten, garnalen of stukjes vlees eenvoudig bereiden op de barbecue, zonder dat ze door het rooster vallen. Dankzij de afneembare handgreep plaats je de wok veilig op de grill en haal je [&hellip;]<\/p>\n","protected":false},"featured_media":12374,"template":"","meta":[],"product_brand":[283],"product_cat":[138],"product_tag":[],"class_list":{"0":"post-12375","1":"product","2":"type-product","3":"status-publish","4":"has-post-thumbnail","6":"product_brand-grill-pro","7":"product_cat-grill-pro","9":"first","10":"outofstock","11":"sale","12":"taxable","13":"shipping-taxable","14":"purchasable","15":"product-type-simple"},"yoast_head":"<!-- This site is optimized with the Yoast SEO Premium plugin v27.4 (Yoast SEO v27.4) - https:\/\/yoast.com\/product\/yoast-seo-premium-wordpress\/ -->\n<title>Grill Pro Geperforeerde Wok<\/title>\n<meta name=\"description\" content=\"Bestel alles voor de Big Green Egg bij GreenEggTotaal.nl - Voor 16.00u besteld? Morgen gratis bezorgd. GreenEggTotaal.nl: D\u00e9 Big Green Egg Specialist.\" \/>\n<meta name=\"robots\" content=\"index, follow, max-snippet:-1, max-image-preview:large, max-video-preview:-1\" \/>\n<link rel=\"canonical\" href=\"https:\/\/www.greeneggtotaal.nl\/de\/product\/grill-pro-perforierter-wok\/\" \/>\n<meta property=\"og:locale\" content=\"de_DE\" \/>\n<meta property=\"og:type\" content=\"article\" \/>\n<meta property=\"og:title\" content=\"Grill Pro Geperforeerde Wok\" \/>\n<meta property=\"og:description\" content=\"Bestel alles voor de Big Green Egg bij GreenEggTotaal.nl - Voor 16.00u besteld? Morgen gratis bezorgd. GreenEggTotaal.nl: D\u00e9 Big Green Egg Specialist.\" \/>\n<meta property=\"og:url\" content=\"https:\/\/www.greeneggtotaal.nl\/de\/product\/grill-pro-perforierter-wok\/\" \/>\n<meta property=\"og:site_name\" content=\"GreenEggTotaal\" \/>\n<meta property=\"article:modified_time\" content=\"2026-03-09T12:05:31+00:00\" \/>\n<meta property=\"og:image\" content=\"https:\/\/www.greeneggtotaal.nl\/wp-content\/uploads\/2025\/08\/ontwerp-zonder-titel-2024-11-25t140030.704.webp\" \/>\n\t<meta property=\"og:image:width\" content=\"500\" \/>\n\t<meta property=\"og:image:height\" content=\"500\" \/>\n\t<meta property=\"og:image:type\" content=\"image\/webp\" \/>\n<meta name=\"twitter:card\" content=\"summary_large_image\" \/>\n<meta name=\"twitter:label1\" content=\"Gesch\u00e4tzte Lesezeit\" \/>\n\t<meta name=\"twitter:data1\" content=\"1\u00a0Minute\" \/>\n<script type=\"application\/ld+json\" class=\"yoast-schema-graph\">{\"@context\":\"https:\\\/\\\/schema.org\",\"@graph\":[{\"@type\":\"WebPage\",\"@id\":\"https:\\\/\\\/www.greeneggtotaal.nl\\\/product\\\/grill-pro-geperforeerde-wok\\\/\",\"url\":\"https:\\\/\\\/www.greeneggtotaal.nl\\\/product\\\/grill-pro-geperforeerde-wok\\\/\",\"name\":\"Grill Pro Geperforeerde Wok\",\"isPartOf\":{\"@id\":\"https:\\\/\\\/www.greeneggtotaal.nl\\\/nl\\\/#website\"},\"primaryImageOfPage\":{\"@id\":\"https:\\\/\\\/www.greeneggtotaal.nl\\\/product\\\/grill-pro-geperforeerde-wok\\\/#primaryimage\"},\"image\":{\"@id\":\"https:\\\/\\\/www.greeneggtotaal.nl\\\/product\\\/grill-pro-geperforeerde-wok\\\/#primaryimage\"},\"thumbnailUrl\":\"https:\\\/\\\/www.greeneggtotaal.nl\\\/wp-content\\\/uploads\\\/2025\\\/08\\\/ontwerp-zonder-titel-2024-11-25t140030.704.webp\",\"datePublished\":\"2025-08-01T11:46:46+00:00\",\"dateModified\":\"2026-03-09T12:05:31+00:00\",\"description\":\"Bestel alles voor de Big Green Egg bij GreenEggTotaal.nl - Voor 16.00u besteld? Morgen gratis bezorgd. GreenEggTotaal.nl: D\u00e9 Big Green Egg Specialist.\",\"breadcrumb\":{\"@id\":\"https:\\\/\\\/www.greeneggtotaal.nl\\\/product\\\/grill-pro-geperforeerde-wok\\\/#breadcrumb\"},\"inLanguage\":\"de\",\"potentialAction\":[{\"@type\":\"ReadAction\",\"target\":[\"https:\\\/\\\/www.greeneggtotaal.nl\\\/product\\\/grill-pro-geperforeerde-wok\\\/\"]}]},{\"@type\":\"ImageObject\",\"inLanguage\":\"de\",\"@id\":\"https:\\\/\\\/www.greeneggtotaal.nl\\\/product\\\/grill-pro-geperforeerde-wok\\\/#primaryimage\",\"url\":\"https:\\\/\\\/www.greeneggtotaal.nl\\\/wp-content\\\/uploads\\\/2025\\\/08\\\/ontwerp-zonder-titel-2024-11-25t140030.704.webp\",\"contentUrl\":\"https:\\\/\\\/www.greeneggtotaal.nl\\\/wp-content\\\/uploads\\\/2025\\\/08\\\/ontwerp-zonder-titel-2024-11-25t140030.704.webp\",\"width\":500,\"height\":500,\"caption\":\"Grill Pro Geperforeerde Wok\"},{\"@type\":\"BreadcrumbList\",\"@id\":\"https:\\\/\\\/www.greeneggtotaal.nl\\\/product\\\/grill-pro-geperforeerde-wok\\\/#breadcrumb\",\"itemListElement\":[{\"@type\":\"ListItem\",\"position\":1,\"name\":\"Home\",\"item\":\"https:\\\/\\\/www.greeneggtotaal.nl\\\/\"},{\"@type\":\"ListItem\",\"position\":2,\"name\":\"Shop\",\"item\":\"https:\\\/\\\/www.greeneggtotaal.nl\\\/nl\\\/shop\\\/\"},{\"@type\":\"ListItem\",\"position\":3,\"name\":\"Grill Pro Geperforeerde Wok\"}]},{\"@type\":\"WebSite\",\"@id\":\"https:\\\/\\\/www.greeneggtotaal.nl\\\/nl\\\/#website\",\"url\":\"https:\\\/\\\/www.greeneggtotaal.nl\\\/nl\\\/\",\"name\":\"greeneggtotaal.nl\",\"description\":\"D\u00e9 Big Green Egg Specialist\",\"publisher\":{\"@id\":\"https:\\\/\\\/www.greeneggtotaal.nl\\\/nl\\\/#organization\"},\"potentialAction\":[{\"@type\":\"SearchAction\",\"target\":{\"@type\":\"EntryPoint\",\"urlTemplate\":\"https:\\\/\\\/www.greeneggtotaal.nl\\\/nl\\\/?s={search_term_string}\"},\"query-input\":{\"@type\":\"PropertyValueSpecification\",\"valueRequired\":true,\"valueName\":\"search_term_string\"}}],\"inLanguage\":\"de\"},{\"@type\":\"Organization\",\"@id\":\"https:\\\/\\\/www.greeneggtotaal.nl\\\/nl\\\/#organization\",\"name\":\"Green Egg Totaal\",\"url\":\"https:\\\/\\\/www.greeneggtotaal.nl\\\/nl\\\/\",\"logo\":{\"@type\":\"ImageObject\",\"inLanguage\":\"de\",\"@id\":\"https:\\\/\\\/www.greeneggtotaal.nl\\\/nl\\\/#\\\/schema\\\/logo\\\/image\\\/\",\"url\":\"https:\\\/\\\/www.greeneggtotaal.nl\\\/wp-content\\\/uploads\\\/2025\\\/06\\\/Green-Egg-Totaal-Logo.png\",\"contentUrl\":\"https:\\\/\\\/www.greeneggtotaal.nl\\\/wp-content\\\/uploads\\\/2025\\\/06\\\/Green-Egg-Totaal-Logo.png\",\"width\":225,\"height\":95,\"caption\":\"Green Egg Totaal\"},\"image\":{\"@id\":\"https:\\\/\\\/www.greeneggtotaal.nl\\\/nl\\\/#\\\/schema\\\/logo\\\/image\\\/\"}}]}<\/script>\n<!-- \/ Yoast SEO Premium plugin. -->","yoast_head_json":{"title":"Grill Pro Perforierter Wok","description":"Bestellen Sie alles f\u00fcr das Big Green Egg bei GreenEggTotaal.nl - Vor 16:00 Uhr bestellt? Kostenlose Lieferung morgen. GreenEggTotaal.nl: Der Big Green Egg Spezialist.","robots":{"index":"index","follow":"follow","max-snippet":"max-snippet:-1","max-image-preview":"max-image-preview:large","max-video-preview":"max-video-preview:-1"},"canonical":"https:\/\/www.greeneggtotaal.nl\/de\/product\/grill-pro-perforierter-wok\/","og_locale":"de_DE","og_type":"article","og_title":"Grill Pro Geperforeerde Wok","og_description":"Bestel alles voor de Big Green Egg bij GreenEggTotaal.nl - Voor 16.00u besteld? Morgen gratis bezorgd. GreenEggTotaal.nl: D\u00e9 Big Green Egg Specialist.","og_url":"https:\/\/www.greeneggtotaal.nl\/de\/product\/grill-pro-perforierter-wok\/","og_site_name":"GreenEggTotaal","article_modified_time":"2026-03-09T12:05:31+00:00","og_image":[{"width":500,"height":500,"url":"https:\/\/www.greeneggtotaal.nl\/wp-content\/uploads\/2025\/08\/ontwerp-zonder-titel-2024-11-25t140030.704.webp","type":"image\/webp"}],"twitter_card":"summary_large_image","twitter_misc":{"Gesch\u00e4tzte Lesezeit":"1\u00a0Minute"},"schema":{"@context":"https:\/\/schema.org","@graph":[{"@type":"WebPage","@id":"https:\/\/www.greeneggtotaal.nl\/product\/grill-pro-geperforeerde-wok\/","url":"https:\/\/www.greeneggtotaal.nl\/product\/grill-pro-geperforeerde-wok\/","name":"Grill Pro Perforierter Wok","isPartOf":{"@id":"https:\/\/www.greeneggtotaal.nl\/nl\/#website"},"primaryImageOfPage":{"@id":"https:\/\/www.greeneggtotaal.nl\/product\/grill-pro-geperforeerde-wok\/#primaryimage"},"image":{"@id":"https:\/\/www.greeneggtotaal.nl\/product\/grill-pro-geperforeerde-wok\/#primaryimage"},"thumbnailUrl":"https:\/\/www.greeneggtotaal.nl\/wp-content\/uploads\/2025\/08\/ontwerp-zonder-titel-2024-11-25t140030.704.webp","datePublished":"2025-08-01T11:46:46+00:00","dateModified":"2026-03-09T12:05:31+00:00","description":"Bestellen Sie alles f\u00fcr das Big Green Egg bei GreenEggTotaal.nl - Vor 16:00 Uhr bestellt? Kostenlose Lieferung morgen. GreenEggTotaal.nl: Der Big Green Egg Spezialist.","breadcrumb":{"@id":"https:\/\/www.greeneggtotaal.nl\/product\/grill-pro-geperforeerde-wok\/#breadcrumb"},"inLanguage":"de","potentialAction":[{"@type":"ReadAction","target":["https:\/\/www.greeneggtotaal.nl\/product\/grill-pro-geperforeerde-wok\/"]}]},{"@type":"ImageObject","inLanguage":"de","@id":"https:\/\/www.greeneggtotaal.nl\/product\/grill-pro-geperforeerde-wok\/#primaryimage","url":"https:\/\/www.greeneggtotaal.nl\/wp-content\/uploads\/2025\/08\/ontwerp-zonder-titel-2024-11-25t140030.704.webp","contentUrl":"https:\/\/www.greeneggtotaal.nl\/wp-content\/uploads\/2025\/08\/ontwerp-zonder-titel-2024-11-25t140030.704.webp","width":500,"height":500,"caption":"Grill Pro Geperforeerde Wok"},{"@type":"BreadcrumbList","@id":"https:\/\/www.greeneggtotaal.nl\/product\/grill-pro-geperforeerde-wok\/#breadcrumb","itemListElement":[{"@type":"ListItem","position":1,"name":"Home","item":"https:\/\/www.greeneggtotaal.nl\/"},{"@type":"ListItem","position":2,"name":"Shop","item":"https:\/\/www.greeneggtotaal.nl\/nl\/shop\/"},{"@type":"ListItem","position":3,"name":"Grill Pro Geperforeerde Wok"}]},{"@type":"WebSite","@id":"https:\/\/www.greeneggtotaal.nl\/nl\/#website","url":"https:\/\/www.greeneggtotaal.nl\/nl\/","name":"greeneggtotaal.nl","description":"Der Big Green Egg Spezialist","publisher":{"@id":"https:\/\/www.greeneggtotaal.nl\/nl\/#organization"},"potentialAction":[{"@type":"SearchAction","target":{"@type":"EntryPoint","urlTemplate":"https:\/\/www.greeneggtotaal.nl\/nl\/?s={search_term_string}"},"query-input":{"@type":"PropertyValueSpecification","valueRequired":true,"valueName":"search_term_string"}}],"inLanguage":"de"},{"@type":"Organization","@id":"https:\/\/www.greeneggtotaal.nl\/nl\/#organization","name":"Green Egg Totaal","url":"https:\/\/www.greeneggtotaal.nl\/nl\/","logo":{"@type":"ImageObject","inLanguage":"de","@id":"https:\/\/www.greeneggtotaal.nl\/nl\/#\/schema\/logo\/image\/","url":"https:\/\/www.greeneggtotaal.nl\/wp-content\/uploads\/2025\/06\/Green-Egg-Totaal-Logo.png","contentUrl":"https:\/\/www.greeneggtotaal.nl\/wp-content\/uploads\/2025\/06\/Green-Egg-Totaal-Logo.png","width":225,"height":95,"caption":"Green Egg Totaal"},"image":{"@id":"https:\/\/www.greeneggtotaal.nl\/nl\/#\/schema\/logo\/image\/"}}]}},"_links":{"self":[{"href":"https:\/\/www.greeneggtotaal.nl\/de\/wp-json\/wp\/v2\/product\/12375","targetHints":{"allow":["GET"]}}],"collection":[{"href":"https:\/\/www.greeneggtotaal.nl\/de\/wp-json\/wp\/v2\/product"}],"about":[{"href":"https:\/\/www.greeneggtotaal.nl\/de\/wp-json\/wp\/v2\/types\/product"}],"wp:featuredmedia":[{"embeddable":true,"href":"https:\/\/www.greeneggtotaal.nl\/de\/wp-json\/wp\/v2\/media\/12374"}],"wp:attachment":[{"href":"https:\/\/www.greeneggtotaal.nl\/de\/wp-json\/wp\/v2\/media?parent=12375"}],"wp:term":[{"taxonomy":"product_brand","embeddable":true,"href":"https:\/\/www.greeneggtotaal.nl\/de\/wp-json\/wp\/v2\/product_brand?post=12375"},{"taxonomy":"product_cat","embeddable":true,"href":"https:\/\/www.greeneggtotaal.nl\/de\/wp-json\/wp\/v2\/product_cat?post=12375"},{"taxonomy":"product_tag","embeddable":true,"href":"https:\/\/www.greeneggtotaal.nl\/de\/wp-json\/wp\/v2\/product_tag?post=12375"}],"curies":[{"name":"wp","href":"https:\/\/api.w.org\/{rel}","templated":true}]}}