{"id":12906,"date":"2025-08-01T13:48:37","date_gmt":"2025-08-01T11:48:37","guid":{"rendered":"https:\/\/baselinkweb.nl\/greeneggtotaal\/product\/ofyr-gietijzeren-braadpannenset-21-26\/"},"modified":"2026-04-07T10:04:12","modified_gmt":"2026-04-07T08:04:12","slug":"ofyr-gusseisen-bratpfannenset-21-26","status":"publish","type":"product","link":"https:\/\/www.greeneggtotaal.nl\/de\/product\/ofyr-gietijzeren-braadpannenset-21-26\/","title":{"rendered":"OFYR Gusseisen Bratpfanne Set 21-26"},"content":{"rendered":"<p><strong>Dieses Set besteht aus zwei elegant gestalteten Gusseisenpfannen mit einem Durchmesser von 21 cm und 26 cm. Die Pfannen wurden speziell f\u00fcr die Verwendung auf der OFYR-Kochplatte entwickelt und zeichnen sich durch eine perfekte W\u00e4rmeverteilung aus. Dadurch eignen sich die Pfannen f\u00fcr die Zubereitung aller Arten von Gerichten. Da der Knopf des Deckels und die Pfanne selbst hei\u00df werden k\u00f6nnen, wird empfohlen, zum Abnehmen des Deckels oder zum Anheben der Pfanne immer Handschuhe zu tragen.<\/strong><\/p>\n<ul>\n<li>Nur f\u00fcr OFYR-Kochger\u00e4te verwenden.<\/li>\n<li>Geeignet f\u00fcr Kochplatten, Grills und Pizza\u00f6fen.<\/li>\n<li>Die Pfannen und Deckel sind aus Gusseisen gefertigt. Nicht sp\u00fclmaschinengeeignet. Reinigen Sie die Pfannen mit Seifenwasser, trocknen Sie sie gut ab und \u00f6len Sie sie anschlie\u00dfend zum Schutz ein.<\/li>\n<li>Verwenden Sie Handschuhe, um die hei\u00dfen Pfannen und Deckel anzuheben.<\/li>\n<\/ul>","protected":false},"excerpt":{"rendered":"<p>Deze set bestaat uit 2 strak vormgegeven gietijzeren pannen met diameters van 21 cm en 26 cm. De pannen zijn speciaal ontworpen om te gebruiken op de OFYR kookplaat en kenmerken zich door een perfecte warmteverdeling. Hierdoor kunnen de pannen gebruikt worden voor het koken van allerlei gerechten. Aangezien de knop van het deksel en [&hellip;]<\/p>\n","protected":false},"featured_media":12905,"template":"","meta":[],"product_brand":[239],"product_cat":[123,127,122],"product_tag":[],"class_list":{"0":"post-12906","1":"product","2":"type-product","3":"status-publish","4":"has-post-thumbnail","6":"product_brand-ofyr","7":"product_cat-ofyr","8":"product_cat-ofyr-accessoires","9":"product_cat-planchas","11":"first","12":"instock","13":"sale","14":"taxable","15":"shipping-taxable","16":"purchasable","17":"product-type-simple"},"yoast_head":"<!-- This site is optimized with the Yoast SEO Premium plugin v27.4 (Yoast SEO v27.4) - https:\/\/yoast.com\/product\/yoast-seo-premium-wordpress\/ -->\n<title>OFYR Gietijzeren Braadpannenset 21-26<\/title>\n<meta name=\"description\" content=\"De OFYR gietijzeren braadpannenset (21-26 cm) is perfect voor het bereiden van heerlijke gerechten op de grill. Duurzaam en veelzijdig in gebruik.\" \/>\n<meta name=\"robots\" content=\"index, follow, max-snippet:-1, max-image-preview:large, max-video-preview:-1\" \/>\n<link rel=\"canonical\" href=\"https:\/\/www.greeneggtotaal.nl\/de\/product\/ofyr-gusseisen-bratpfannenset-21-26\/\" \/>\n<meta property=\"og:locale\" content=\"de_DE\" \/>\n<meta property=\"og:type\" content=\"article\" \/>\n<meta property=\"og:title\" content=\"OFYR Gietijzeren Braadpannenset 21-26\" \/>\n<meta property=\"og:description\" content=\"De OFYR gietijzeren braadpannenset (21-26 cm) is perfect voor het bereiden van heerlijke gerechten op de grill. Duurzaam en veelzijdig in gebruik.\" \/>\n<meta property=\"og:url\" content=\"https:\/\/www.greeneggtotaal.nl\/de\/product\/ofyr-gusseisen-bratpfannenset-21-26\/\" \/>\n<meta property=\"og:site_name\" content=\"GreenEggTotaal\" \/>\n<meta property=\"article:modified_time\" content=\"2026-04-07T08:04:12+00:00\" \/>\n<meta property=\"og:image\" content=\"https:\/\/www.greeneggtotaal.nl\/wp-content\/uploads\/2025\/08\/ontwerp-zonder-titel-2023-07-10t162536.163.webp\" \/>\n\t<meta property=\"og:image:width\" content=\"500\" \/>\n\t<meta property=\"og:image:height\" content=\"500\" \/>\n\t<meta property=\"og:image:type\" content=\"image\/webp\" \/>\n<meta name=\"twitter:card\" content=\"summary_large_image\" \/>\n<meta name=\"twitter:label1\" content=\"Gesch\u00e4tzte Lesezeit\" \/>\n\t<meta name=\"twitter:data1\" content=\"1\u00a0Minute\" \/>\n<script type=\"application\/ld+json\" class=\"yoast-schema-graph\">{\"@context\":\"https:\\\/\\\/schema.org\",\"@graph\":[{\"@type\":\"WebPage\",\"@id\":\"https:\\\/\\\/www.greeneggtotaal.nl\\\/product\\\/ofyr-gietijzeren-braadpannenset-21-26\\\/\",\"url\":\"https:\\\/\\\/www.greeneggtotaal.nl\\\/product\\\/ofyr-gietijzeren-braadpannenset-21-26\\\/\",\"name\":\"OFYR Gietijzeren Braadpannenset 21-26\",\"isPartOf\":{\"@id\":\"https:\\\/\\\/www.greeneggtotaal.nl\\\/nl\\\/#website\"},\"primaryImageOfPage\":{\"@id\":\"https:\\\/\\\/www.greeneggtotaal.nl\\\/product\\\/ofyr-gietijzeren-braadpannenset-21-26\\\/#primaryimage\"},\"image\":{\"@id\":\"https:\\\/\\\/www.greeneggtotaal.nl\\\/product\\\/ofyr-gietijzeren-braadpannenset-21-26\\\/#primaryimage\"},\"thumbnailUrl\":\"https:\\\/\\\/www.greeneggtotaal.nl\\\/wp-content\\\/uploads\\\/2025\\\/08\\\/ontwerp-zonder-titel-2023-07-10t162536.163.webp\",\"datePublished\":\"2025-08-01T11:48:37+00:00\",\"dateModified\":\"2026-04-07T08:04:12+00:00\",\"description\":\"De OFYR gietijzeren braadpannenset (21-26 cm) is perfect voor het bereiden van heerlijke gerechten op de grill. Duurzaam en veelzijdig in gebruik.\",\"breadcrumb\":{\"@id\":\"https:\\\/\\\/www.greeneggtotaal.nl\\\/product\\\/ofyr-gietijzeren-braadpannenset-21-26\\\/#breadcrumb\"},\"inLanguage\":\"de\",\"potentialAction\":[{\"@type\":\"ReadAction\",\"target\":[\"https:\\\/\\\/www.greeneggtotaal.nl\\\/product\\\/ofyr-gietijzeren-braadpannenset-21-26\\\/\"]}]},{\"@type\":\"ImageObject\",\"inLanguage\":\"de\",\"@id\":\"https:\\\/\\\/www.greeneggtotaal.nl\\\/product\\\/ofyr-gietijzeren-braadpannenset-21-26\\\/#primaryimage\",\"url\":\"https:\\\/\\\/www.greeneggtotaal.nl\\\/wp-content\\\/uploads\\\/2025\\\/08\\\/ontwerp-zonder-titel-2023-07-10t162536.163.webp\",\"contentUrl\":\"https:\\\/\\\/www.greeneggtotaal.nl\\\/wp-content\\\/uploads\\\/2025\\\/08\\\/ontwerp-zonder-titel-2023-07-10t162536.163.webp\",\"width\":500,\"height\":500,\"caption\":\"OFYR Gietijzeren Braadpannenset 21-26\"},{\"@type\":\"BreadcrumbList\",\"@id\":\"https:\\\/\\\/www.greeneggtotaal.nl\\\/product\\\/ofyr-gietijzeren-braadpannenset-21-26\\\/#breadcrumb\",\"itemListElement\":[{\"@type\":\"ListItem\",\"position\":1,\"name\":\"Home\",\"item\":\"https:\\\/\\\/www.greeneggtotaal.nl\\\/\"},{\"@type\":\"ListItem\",\"position\":2,\"name\":\"Shop\",\"item\":\"https:\\\/\\\/www.greeneggtotaal.nl\\\/nl\\\/shop\\\/\"},{\"@type\":\"ListItem\",\"position\":3,\"name\":\"OFYR Gietijzeren Braadpannenset 21-26\"}]},{\"@type\":\"WebSite\",\"@id\":\"https:\\\/\\\/www.greeneggtotaal.nl\\\/nl\\\/#website\",\"url\":\"https:\\\/\\\/www.greeneggtotaal.nl\\\/nl\\\/\",\"name\":\"greeneggtotaal.nl\",\"description\":\"D\u00e9 Big Green Egg Specialist\",\"publisher\":{\"@id\":\"https:\\\/\\\/www.greeneggtotaal.nl\\\/nl\\\/#organization\"},\"potentialAction\":[{\"@type\":\"SearchAction\",\"target\":{\"@type\":\"EntryPoint\",\"urlTemplate\":\"https:\\\/\\\/www.greeneggtotaal.nl\\\/nl\\\/?s={search_term_string}\"},\"query-input\":{\"@type\":\"PropertyValueSpecification\",\"valueRequired\":true,\"valueName\":\"search_term_string\"}}],\"inLanguage\":\"de\"},{\"@type\":\"Organization\",\"@id\":\"https:\\\/\\\/www.greeneggtotaal.nl\\\/nl\\\/#organization\",\"name\":\"Green Egg Totaal\",\"url\":\"https:\\\/\\\/www.greeneggtotaal.nl\\\/nl\\\/\",\"logo\":{\"@type\":\"ImageObject\",\"inLanguage\":\"de\",\"@id\":\"https:\\\/\\\/www.greeneggtotaal.nl\\\/nl\\\/#\\\/schema\\\/logo\\\/image\\\/\",\"url\":\"https:\\\/\\\/www.greeneggtotaal.nl\\\/wp-content\\\/uploads\\\/2025\\\/06\\\/Green-Egg-Totaal-Logo.png\",\"contentUrl\":\"https:\\\/\\\/www.greeneggtotaal.nl\\\/wp-content\\\/uploads\\\/2025\\\/06\\\/Green-Egg-Totaal-Logo.png\",\"width\":225,\"height\":95,\"caption\":\"Green Egg Totaal\"},\"image\":{\"@id\":\"https:\\\/\\\/www.greeneggtotaal.nl\\\/nl\\\/#\\\/schema\\\/logo\\\/image\\\/\"}}]}<\/script>\n<!-- \/ Yoast SEO Premium plugin. -->","yoast_head_json":{"title":"OFYR Gusseisen Bratpfanne Set 21-26","description":"Das OFYR-Gusseisen-Bratpfannenset (21\u201326 cm) eignet sich perfekt f\u00fcr die Zubereitung k\u00f6stlicher Gerichte auf dem Grill. Langlebig und vielseitig einsetzbar.","robots":{"index":"index","follow":"follow","max-snippet":"max-snippet:-1","max-image-preview":"max-image-preview:large","max-video-preview":"max-video-preview:-1"},"canonical":"https:\/\/www.greeneggtotaal.nl\/de\/product\/ofyr-gusseisen-bratpfannenset-21-26\/","og_locale":"de_DE","og_type":"article","og_title":"OFYR Gietijzeren Braadpannenset 21-26","og_description":"De OFYR gietijzeren braadpannenset (21-26 cm) is perfect voor het bereiden van heerlijke gerechten op de grill. Duurzaam en veelzijdig in gebruik.","og_url":"https:\/\/www.greeneggtotaal.nl\/de\/product\/ofyr-gusseisen-bratpfannenset-21-26\/","og_site_name":"GreenEggTotaal","article_modified_time":"2026-04-07T08:04:12+00:00","og_image":[{"width":500,"height":500,"url":"https:\/\/www.greeneggtotaal.nl\/wp-content\/uploads\/2025\/08\/ontwerp-zonder-titel-2023-07-10t162536.163.webp","type":"image\/webp"}],"twitter_card":"summary_large_image","twitter_misc":{"Gesch\u00e4tzte Lesezeit":"1\u00a0Minute"},"schema":{"@context":"https:\/\/schema.org","@graph":[{"@type":"WebPage","@id":"https:\/\/www.greeneggtotaal.nl\/product\/ofyr-gietijzeren-braadpannenset-21-26\/","url":"https:\/\/www.greeneggtotaal.nl\/product\/ofyr-gietijzeren-braadpannenset-21-26\/","name":"OFYR Gusseisen Bratpfanne Set 21-26","isPartOf":{"@id":"https:\/\/www.greeneggtotaal.nl\/nl\/#website"},"primaryImageOfPage":{"@id":"https:\/\/www.greeneggtotaal.nl\/product\/ofyr-gietijzeren-braadpannenset-21-26\/#primaryimage"},"image":{"@id":"https:\/\/www.greeneggtotaal.nl\/product\/ofyr-gietijzeren-braadpannenset-21-26\/#primaryimage"},"thumbnailUrl":"https:\/\/www.greeneggtotaal.nl\/wp-content\/uploads\/2025\/08\/ontwerp-zonder-titel-2023-07-10t162536.163.webp","datePublished":"2025-08-01T11:48:37+00:00","dateModified":"2026-04-07T08:04:12+00:00","description":"Das OFYR-Gusseisen-Bratpfannenset (21\u201326 cm) eignet sich perfekt f\u00fcr die Zubereitung k\u00f6stlicher Gerichte auf dem Grill. Langlebig und vielseitig einsetzbar.","breadcrumb":{"@id":"https:\/\/www.greeneggtotaal.nl\/product\/ofyr-gietijzeren-braadpannenset-21-26\/#breadcrumb"},"inLanguage":"de","potentialAction":[{"@type":"ReadAction","target":["https:\/\/www.greeneggtotaal.nl\/product\/ofyr-gietijzeren-braadpannenset-21-26\/"]}]},{"@type":"ImageObject","inLanguage":"de","@id":"https:\/\/www.greeneggtotaal.nl\/product\/ofyr-gietijzeren-braadpannenset-21-26\/#primaryimage","url":"https:\/\/www.greeneggtotaal.nl\/wp-content\/uploads\/2025\/08\/ontwerp-zonder-titel-2023-07-10t162536.163.webp","contentUrl":"https:\/\/www.greeneggtotaal.nl\/wp-content\/uploads\/2025\/08\/ontwerp-zonder-titel-2023-07-10t162536.163.webp","width":500,"height":500,"caption":"OFYR Gietijzeren Braadpannenset 21-26"},{"@type":"BreadcrumbList","@id":"https:\/\/www.greeneggtotaal.nl\/product\/ofyr-gietijzeren-braadpannenset-21-26\/#breadcrumb","itemListElement":[{"@type":"ListItem","position":1,"name":"Home","item":"https:\/\/www.greeneggtotaal.nl\/"},{"@type":"ListItem","position":2,"name":"Shop","item":"https:\/\/www.greeneggtotaal.nl\/nl\/shop\/"},{"@type":"ListItem","position":3,"name":"OFYR Gietijzeren Braadpannenset 21-26"}]},{"@type":"WebSite","@id":"https:\/\/www.greeneggtotaal.nl\/nl\/#website","url":"https:\/\/www.greeneggtotaal.nl\/nl\/","name":"greeneggtotaal.nl","description":"Der Big Green Egg Spezialist","publisher":{"@id":"https:\/\/www.greeneggtotaal.nl\/nl\/#organization"},"potentialAction":[{"@type":"SearchAction","target":{"@type":"EntryPoint","urlTemplate":"https:\/\/www.greeneggtotaal.nl\/nl\/?s={search_term_string}"},"query-input":{"@type":"PropertyValueSpecification","valueRequired":true,"valueName":"search_term_string"}}],"inLanguage":"de"},{"@type":"Organization","@id":"https:\/\/www.greeneggtotaal.nl\/nl\/#organization","name":"Green Egg Totaal","url":"https:\/\/www.greeneggtotaal.nl\/nl\/","logo":{"@type":"ImageObject","inLanguage":"de","@id":"https:\/\/www.greeneggtotaal.nl\/nl\/#\/schema\/logo\/image\/","url":"https:\/\/www.greeneggtotaal.nl\/wp-content\/uploads\/2025\/06\/Green-Egg-Totaal-Logo.png","contentUrl":"https:\/\/www.greeneggtotaal.nl\/wp-content\/uploads\/2025\/06\/Green-Egg-Totaal-Logo.png","width":225,"height":95,"caption":"Green Egg Totaal"},"image":{"@id":"https:\/\/www.greeneggtotaal.nl\/nl\/#\/schema\/logo\/image\/"}}]}},"_links":{"self":[{"href":"https:\/\/www.greeneggtotaal.nl\/de\/wp-json\/wp\/v2\/product\/12906","targetHints":{"allow":["GET"]}}],"collection":[{"href":"https:\/\/www.greeneggtotaal.nl\/de\/wp-json\/wp\/v2\/product"}],"about":[{"href":"https:\/\/www.greeneggtotaal.nl\/de\/wp-json\/wp\/v2\/types\/product"}],"wp:featuredmedia":[{"embeddable":true,"href":"https:\/\/www.greeneggtotaal.nl\/de\/wp-json\/wp\/v2\/media\/12905"}],"wp:attachment":[{"href":"https:\/\/www.greeneggtotaal.nl\/de\/wp-json\/wp\/v2\/media?parent=12906"}],"wp:term":[{"taxonomy":"product_brand","embeddable":true,"href":"https:\/\/www.greeneggtotaal.nl\/de\/wp-json\/wp\/v2\/product_brand?post=12906"},{"taxonomy":"product_cat","embeddable":true,"href":"https:\/\/www.greeneggtotaal.nl\/de\/wp-json\/wp\/v2\/product_cat?post=12906"},{"taxonomy":"product_tag","embeddable":true,"href":"https:\/\/www.greeneggtotaal.nl\/de\/wp-json\/wp\/v2\/product_tag?post=12906"}],"curies":[{"name":"wp","href":"https:\/\/api.w.org\/{rel}","templated":true}]}}