{"id":12937,"date":"2025-08-01T13:48:43","date_gmt":"2025-08-01T11:48:43","guid":{"rendered":"https:\/\/baselinkweb.nl\/greeneggtotaal\/product\/deksel-zwart-85\/"},"modified":"2026-04-07T10:04:13","modified_gmt":"2026-04-07T08:04:13","slug":"deckel-schwarz-85","status":"publish","type":"product","link":"https:\/\/www.greeneggtotaal.nl\/de\/product\/deksel-zwart-85\/","title":{"rendered":"Deckel Schwarz 85"},"content":{"rendered":"<p><strong>Eine OFYR-Abdeckung ist ideal, um Ihren OFYR-Kocher zu sch\u00fctzen, wenn er nicht in Gebrauch ist. Da die Abdeckung das Kochfeld und die Feuerschale abdeckt, sind diese Teile vor \u00e4u\u00dferen Einfl\u00fcssen gesch\u00fctzt. Die Abdeckungen sind aus schwarz beschichtetem Stahl gefertigt und mit einem Teakholz-Knauf versehen. Erh\u00e4ltlich f\u00fcr die Modelle OFYR 85 und OFYR 100<\/strong>.<\/p>\n<p>&nbsp;<\/p>\n<ul>\n<li>Die Covers d\u00fcrfen nicht als Deckung f\u00fcr Dummk\u00f6pfe verwendet werden.<\/li>\n<li>Bei starkem Wind empfiehlt es sich, die Abdeckung mit einem betr\u00e4chtlichen Gewicht zu beschweren, die Abdeckung mit der weichen Abdeckung zu kombinieren oder die Abdeckung innen zu lagern.<\/li>\n<li>Um der Verwitterung vorzubeugen, ist es wichtig, die Abdeckung richtig zu pflegen: regelm\u00e4\u00dfig trocknen und mit Wachs einschmieren.<\/li>\n<li>\u00d6len Sie den Teakholzknauf regelm\u00e4\u00dfig.<\/li>\n<\/ul>","protected":false},"excerpt":{"rendered":"<p>Een OFYR Cover is ideaal om uw OFYR kooktoestel te beschermen wanneer je het toestel niet gebruikt. Doordat de deksel de kookplaat en vuurschaal bedekt, worden deze onderdelen beschermd tegen invloeden van buitenaf. De Covers zijn gemaakt van zwart gecoat staal en voorzien van een teakhouten knop. Verkrijgbaar voor de OFYR 85 en OFYR 100 [&hellip;]<\/p>\n","protected":false},"featured_media":12936,"template":"","meta":[],"product_brand":[239],"product_cat":[123,127,122],"product_tag":[],"class_list":{"0":"post-12937","1":"product","2":"type-product","3":"status-publish","4":"has-post-thumbnail","6":"product_brand-ofyr","7":"product_cat-ofyr","8":"product_cat-ofyr-accessoires","9":"product_cat-planchas","11":"first","12":"instock","13":"sale","14":"taxable","15":"shipping-taxable","16":"purchasable","17":"product-type-simple"},"yoast_head":"<!-- This site is optimized with the Yoast SEO Premium plugin v27.4 (Yoast SEO v27.4) - https:\/\/yoast.com\/product\/yoast-seo-premium-wordpress\/ -->\n<title>Deksel Zwart 85<\/title>\n<meta name=\"description\" content=\"Het OFYR Deksel in zwart, maat 85, biedt optimale bescherming tegen weersinvloeden en zorgt ervoor dat jouw OFYR veel langer meegaat!\" \/>\n<meta name=\"robots\" content=\"index, follow, max-snippet:-1, max-image-preview:large, max-video-preview:-1\" \/>\n<link rel=\"canonical\" href=\"https:\/\/www.greeneggtotaal.nl\/de\/product\/deckel-schwarz-85\/\" \/>\n<meta property=\"og:locale\" content=\"de_DE\" \/>\n<meta property=\"og:type\" content=\"article\" \/>\n<meta property=\"og:title\" content=\"Deksel Zwart 85\" \/>\n<meta property=\"og:description\" content=\"Het OFYR Deksel in zwart, maat 85, biedt optimale bescherming tegen weersinvloeden en zorgt ervoor dat jouw OFYR veel langer meegaat!\" \/>\n<meta property=\"og:url\" content=\"https:\/\/www.greeneggtotaal.nl\/de\/product\/deckel-schwarz-85\/\" \/>\n<meta property=\"og:site_name\" content=\"GreenEggTotaal\" \/>\n<meta property=\"article:modified_time\" content=\"2026-04-07T08:04:13+00:00\" \/>\n<meta property=\"og:image\" content=\"https:\/\/www.greeneggtotaal.nl\/wp-content\/uploads\/2025\/08\/1-2-9.webp\" \/>\n\t<meta property=\"og:image:width\" content=\"500\" \/>\n\t<meta property=\"og:image:height\" content=\"500\" \/>\n\t<meta property=\"og:image:type\" content=\"image\/webp\" \/>\n<meta name=\"twitter:card\" content=\"summary_large_image\" \/>\n<meta name=\"twitter:label1\" content=\"Gesch\u00e4tzte Lesezeit\" \/>\n\t<meta name=\"twitter:data1\" content=\"1\u00a0Minute\" \/>\n<script type=\"application\/ld+json\" class=\"yoast-schema-graph\">{\"@context\":\"https:\\\/\\\/schema.org\",\"@graph\":[{\"@type\":\"WebPage\",\"@id\":\"https:\\\/\\\/www.greeneggtotaal.nl\\\/product\\\/deksel-zwart-85\\\/\",\"url\":\"https:\\\/\\\/www.greeneggtotaal.nl\\\/product\\\/deksel-zwart-85\\\/\",\"name\":\"Deksel Zwart 85\",\"isPartOf\":{\"@id\":\"https:\\\/\\\/www.greeneggtotaal.nl\\\/nl\\\/#website\"},\"primaryImageOfPage\":{\"@id\":\"https:\\\/\\\/www.greeneggtotaal.nl\\\/product\\\/deksel-zwart-85\\\/#primaryimage\"},\"image\":{\"@id\":\"https:\\\/\\\/www.greeneggtotaal.nl\\\/product\\\/deksel-zwart-85\\\/#primaryimage\"},\"thumbnailUrl\":\"https:\\\/\\\/www.greeneggtotaal.nl\\\/wp-content\\\/uploads\\\/2025\\\/08\\\/1-2-9.webp\",\"datePublished\":\"2025-08-01T11:48:43+00:00\",\"dateModified\":\"2026-04-07T08:04:13+00:00\",\"description\":\"Het OFYR Deksel in zwart, maat 85, biedt optimale bescherming tegen weersinvloeden en zorgt ervoor dat jouw OFYR veel langer meegaat!\",\"breadcrumb\":{\"@id\":\"https:\\\/\\\/www.greeneggtotaal.nl\\\/product\\\/deksel-zwart-85\\\/#breadcrumb\"},\"inLanguage\":\"de\",\"potentialAction\":[{\"@type\":\"ReadAction\",\"target\":[\"https:\\\/\\\/www.greeneggtotaal.nl\\\/product\\\/deksel-zwart-85\\\/\"]}]},{\"@type\":\"ImageObject\",\"inLanguage\":\"de\",\"@id\":\"https:\\\/\\\/www.greeneggtotaal.nl\\\/product\\\/deksel-zwart-85\\\/#primaryimage\",\"url\":\"https:\\\/\\\/www.greeneggtotaal.nl\\\/wp-content\\\/uploads\\\/2025\\\/08\\\/1-2-9.webp\",\"contentUrl\":\"https:\\\/\\\/www.greeneggtotaal.nl\\\/wp-content\\\/uploads\\\/2025\\\/08\\\/1-2-9.webp\",\"width\":500,\"height\":500,\"caption\":\"Deksel Zwart 85\"},{\"@type\":\"BreadcrumbList\",\"@id\":\"https:\\\/\\\/www.greeneggtotaal.nl\\\/product\\\/deksel-zwart-85\\\/#breadcrumb\",\"itemListElement\":[{\"@type\":\"ListItem\",\"position\":1,\"name\":\"Home\",\"item\":\"https:\\\/\\\/www.greeneggtotaal.nl\\\/\"},{\"@type\":\"ListItem\",\"position\":2,\"name\":\"Shop\",\"item\":\"https:\\\/\\\/www.greeneggtotaal.nl\\\/nl\\\/shop\\\/\"},{\"@type\":\"ListItem\",\"position\":3,\"name\":\"Deksel Zwart 85\"}]},{\"@type\":\"WebSite\",\"@id\":\"https:\\\/\\\/www.greeneggtotaal.nl\\\/nl\\\/#website\",\"url\":\"https:\\\/\\\/www.greeneggtotaal.nl\\\/nl\\\/\",\"name\":\"greeneggtotaal.nl\",\"description\":\"D\u00e9 Big Green Egg Specialist\",\"publisher\":{\"@id\":\"https:\\\/\\\/www.greeneggtotaal.nl\\\/nl\\\/#organization\"},\"potentialAction\":[{\"@type\":\"SearchAction\",\"target\":{\"@type\":\"EntryPoint\",\"urlTemplate\":\"https:\\\/\\\/www.greeneggtotaal.nl\\\/nl\\\/?s={search_term_string}\"},\"query-input\":{\"@type\":\"PropertyValueSpecification\",\"valueRequired\":true,\"valueName\":\"search_term_string\"}}],\"inLanguage\":\"de\"},{\"@type\":\"Organization\",\"@id\":\"https:\\\/\\\/www.greeneggtotaal.nl\\\/nl\\\/#organization\",\"name\":\"Green Egg Totaal\",\"url\":\"https:\\\/\\\/www.greeneggtotaal.nl\\\/nl\\\/\",\"logo\":{\"@type\":\"ImageObject\",\"inLanguage\":\"de\",\"@id\":\"https:\\\/\\\/www.greeneggtotaal.nl\\\/nl\\\/#\\\/schema\\\/logo\\\/image\\\/\",\"url\":\"https:\\\/\\\/www.greeneggtotaal.nl\\\/wp-content\\\/uploads\\\/2025\\\/06\\\/Green-Egg-Totaal-Logo.png\",\"contentUrl\":\"https:\\\/\\\/www.greeneggtotaal.nl\\\/wp-content\\\/uploads\\\/2025\\\/06\\\/Green-Egg-Totaal-Logo.png\",\"width\":225,\"height\":95,\"caption\":\"Green Egg Totaal\"},\"image\":{\"@id\":\"https:\\\/\\\/www.greeneggtotaal.nl\\\/nl\\\/#\\\/schema\\\/logo\\\/image\\\/\"}}]}<\/script>\n<!-- \/ Yoast SEO Premium plugin. -->","yoast_head_json":{"title":"Deckel Schwarz 85","description":"Der OFYR-Deckel in Schwarz, Gr\u00f6\u00dfe 85, bietet optimalen Schutz vor Witterungseinfl\u00fcssen und sorgt daf\u00fcr, dass Ihr OFYR viel l\u00e4nger h\u00e4lt!","robots":{"index":"index","follow":"follow","max-snippet":"max-snippet:-1","max-image-preview":"max-image-preview:large","max-video-preview":"max-video-preview:-1"},"canonical":"https:\/\/www.greeneggtotaal.nl\/de\/product\/deckel-schwarz-85\/","og_locale":"de_DE","og_type":"article","og_title":"Deksel Zwart 85","og_description":"Het OFYR Deksel in zwart, maat 85, biedt optimale bescherming tegen weersinvloeden en zorgt ervoor dat jouw OFYR veel langer meegaat!","og_url":"https:\/\/www.greeneggtotaal.nl\/de\/product\/deckel-schwarz-85\/","og_site_name":"GreenEggTotaal","article_modified_time":"2026-04-07T08:04:13+00:00","og_image":[{"width":500,"height":500,"url":"https:\/\/www.greeneggtotaal.nl\/wp-content\/uploads\/2025\/08\/1-2-9.webp","type":"image\/webp"}],"twitter_card":"summary_large_image","twitter_misc":{"Gesch\u00e4tzte Lesezeit":"1\u00a0Minute"},"schema":{"@context":"https:\/\/schema.org","@graph":[{"@type":"WebPage","@id":"https:\/\/www.greeneggtotaal.nl\/product\/deksel-zwart-85\/","url":"https:\/\/www.greeneggtotaal.nl\/product\/deksel-zwart-85\/","name":"Deckel Schwarz 85","isPartOf":{"@id":"https:\/\/www.greeneggtotaal.nl\/nl\/#website"},"primaryImageOfPage":{"@id":"https:\/\/www.greeneggtotaal.nl\/product\/deksel-zwart-85\/#primaryimage"},"image":{"@id":"https:\/\/www.greeneggtotaal.nl\/product\/deksel-zwart-85\/#primaryimage"},"thumbnailUrl":"https:\/\/www.greeneggtotaal.nl\/wp-content\/uploads\/2025\/08\/1-2-9.webp","datePublished":"2025-08-01T11:48:43+00:00","dateModified":"2026-04-07T08:04:13+00:00","description":"Der OFYR-Deckel in Schwarz, Gr\u00f6\u00dfe 85, bietet optimalen Schutz vor Witterungseinfl\u00fcssen und sorgt daf\u00fcr, dass Ihr OFYR viel l\u00e4nger h\u00e4lt!","breadcrumb":{"@id":"https:\/\/www.greeneggtotaal.nl\/product\/deksel-zwart-85\/#breadcrumb"},"inLanguage":"de","potentialAction":[{"@type":"ReadAction","target":["https:\/\/www.greeneggtotaal.nl\/product\/deksel-zwart-85\/"]}]},{"@type":"ImageObject","inLanguage":"de","@id":"https:\/\/www.greeneggtotaal.nl\/product\/deksel-zwart-85\/#primaryimage","url":"https:\/\/www.greeneggtotaal.nl\/wp-content\/uploads\/2025\/08\/1-2-9.webp","contentUrl":"https:\/\/www.greeneggtotaal.nl\/wp-content\/uploads\/2025\/08\/1-2-9.webp","width":500,"height":500,"caption":"Deksel Zwart 85"},{"@type":"BreadcrumbList","@id":"https:\/\/www.greeneggtotaal.nl\/product\/deksel-zwart-85\/#breadcrumb","itemListElement":[{"@type":"ListItem","position":1,"name":"Home","item":"https:\/\/www.greeneggtotaal.nl\/"},{"@type":"ListItem","position":2,"name":"Shop","item":"https:\/\/www.greeneggtotaal.nl\/nl\/shop\/"},{"@type":"ListItem","position":3,"name":"Deksel Zwart 85"}]},{"@type":"WebSite","@id":"https:\/\/www.greeneggtotaal.nl\/nl\/#website","url":"https:\/\/www.greeneggtotaal.nl\/nl\/","name":"greeneggtotaal.nl","description":"Der Big Green Egg Spezialist","publisher":{"@id":"https:\/\/www.greeneggtotaal.nl\/nl\/#organization"},"potentialAction":[{"@type":"SearchAction","target":{"@type":"EntryPoint","urlTemplate":"https:\/\/www.greeneggtotaal.nl\/nl\/?s={search_term_string}"},"query-input":{"@type":"PropertyValueSpecification","valueRequired":true,"valueName":"search_term_string"}}],"inLanguage":"de"},{"@type":"Organization","@id":"https:\/\/www.greeneggtotaal.nl\/nl\/#organization","name":"Green Egg Totaal","url":"https:\/\/www.greeneggtotaal.nl\/nl\/","logo":{"@type":"ImageObject","inLanguage":"de","@id":"https:\/\/www.greeneggtotaal.nl\/nl\/#\/schema\/logo\/image\/","url":"https:\/\/www.greeneggtotaal.nl\/wp-content\/uploads\/2025\/06\/Green-Egg-Totaal-Logo.png","contentUrl":"https:\/\/www.greeneggtotaal.nl\/wp-content\/uploads\/2025\/06\/Green-Egg-Totaal-Logo.png","width":225,"height":95,"caption":"Green Egg Totaal"},"image":{"@id":"https:\/\/www.greeneggtotaal.nl\/nl\/#\/schema\/logo\/image\/"}}]}},"_links":{"self":[{"href":"https:\/\/www.greeneggtotaal.nl\/de\/wp-json\/wp\/v2\/product\/12937","targetHints":{"allow":["GET"]}}],"collection":[{"href":"https:\/\/www.greeneggtotaal.nl\/de\/wp-json\/wp\/v2\/product"}],"about":[{"href":"https:\/\/www.greeneggtotaal.nl\/de\/wp-json\/wp\/v2\/types\/product"}],"wp:featuredmedia":[{"embeddable":true,"href":"https:\/\/www.greeneggtotaal.nl\/de\/wp-json\/wp\/v2\/media\/12936"}],"wp:attachment":[{"href":"https:\/\/www.greeneggtotaal.nl\/de\/wp-json\/wp\/v2\/media?parent=12937"}],"wp:term":[{"taxonomy":"product_brand","embeddable":true,"href":"https:\/\/www.greeneggtotaal.nl\/de\/wp-json\/wp\/v2\/product_brand?post=12937"},{"taxonomy":"product_cat","embeddable":true,"href":"https:\/\/www.greeneggtotaal.nl\/de\/wp-json\/wp\/v2\/product_cat?post=12937"},{"taxonomy":"product_tag","embeddable":true,"href":"https:\/\/www.greeneggtotaal.nl\/de\/wp-json\/wp\/v2\/product_tag?post=12937"}],"curies":[{"name":"wp","href":"https:\/\/api.w.org\/{rel}","templated":true}]}}