{"id":12948,"date":"2025-08-01T13:48:45","date_gmt":"2025-08-01T11:48:45","guid":{"rendered":"https:\/\/baselinkweb.nl\/greeneggtotaal\/product\/grill-rond-85\/"},"modified":"2026-04-07T10:04:13","modified_gmt":"2026-04-07T08:04:13","slug":"grill-rund-85","status":"publish","type":"product","link":"https:\/\/www.greeneggtotaal.nl\/de\/product\/grill-rond-85\/","title":{"rendered":"Grill Runde 85"},"content":{"rendered":"<p><strong>Dieser robuste, zweiteilige Grillrost ist ideal f\u00fcr die Zubereitung gr\u00f6\u00dferer Fleischst\u00fccke auf dem OFYR-Kochger\u00e4t. Platzieren Sie den Rost und den Grillhalter direkt \u00fcber den Flammen, um einen typischen Rauchgeschmack zu erzielen. Wenn der Grill verwendet wird, bleibt die Kochplatte frei, sodass gleichzeitig andere Gerichte zubereitet werden k\u00f6nnen. Durch die H\u00f6he des Grillhalters kann leicht zus\u00e4tzliches Holz zum Feuer hinzugef\u00fcgt werden.<\/strong><\/p>\n<p>&nbsp;<\/p>\n<ul>\n<li>Verleihen Sie Ihrem OFYR-Kochger\u00e4t eine zus\u00e4tzliche Dimension, indem Sie es auch als echten Grill verwenden.<\/li>\n<li>Sehr gut geeignet zum Grillen von gro\u00dfen Fleischst\u00fccken und Gem\u00fcse.<\/li>\n<li>Auch Pfannen, wie beispielsweise eine Paellapfanne, k\u00f6nnen auf den Grill gestellt werden.<\/li>\n<li>Um Rostbildung zu vermeiden, wird empfohlen, den Grill und den Grillhalter bei Nichtgebrauch im Innenbereich zu lagern.<\/li>\n<\/ul>","protected":false},"excerpt":{"rendered":"<p>Dit stevige, tweedelige grillrooster is ideaal om grotere stukken vlees op het OFYR kooktoestel te bereiden. Plaats het rooster en de grillhouder direct boven de vlammen voor een typische, rokerige smaak. Wanneer de grill wordt gebruikt blijft de kookplaat vrij, waardoor er tegelijkertijd andere gerechten klaargemaakt kunnen worden. Door de hoogte van de grillhouder kan [&hellip;]<\/p>\n","protected":false},"featured_media":12947,"template":"","meta":[],"product_brand":[239],"product_cat":[123,127,122],"product_tag":[],"class_list":{"0":"post-12948","1":"product","2":"type-product","3":"status-publish","4":"has-post-thumbnail","6":"product_brand-ofyr","7":"product_cat-ofyr","8":"product_cat-ofyr-accessoires","9":"product_cat-planchas","11":"first","12":"instock","13":"sale","14":"taxable","15":"shipping-taxable","16":"purchasable","17":"product-type-simple"},"yoast_head":"<!-- This site is optimized with the Yoast SEO Premium plugin v27.4 (Yoast SEO v27.4) - https:\/\/yoast.com\/product\/yoast-seo-premium-wordpress\/ -->\n<title>Grill Rond 85 - GreenEggTotaal<\/title>\n<meta name=\"description\" content=\"De OFYR Grill Rond 85 is ideaal voor het bereiden van verschillende gerechten, met een compacte kookoppervlakte en een stijlvolle uitstraling.\" \/>\n<meta name=\"robots\" content=\"index, follow, max-snippet:-1, max-image-preview:large, max-video-preview:-1\" \/>\n<link rel=\"canonical\" href=\"https:\/\/www.greeneggtotaal.nl\/de\/product\/grill-rund-85\/\" \/>\n<meta property=\"og:locale\" content=\"de_DE\" \/>\n<meta property=\"og:type\" content=\"article\" \/>\n<meta property=\"og:title\" content=\"Grill Rond 85\" \/>\n<meta property=\"og:description\" content=\"De OFYR Grill Rond 85 is ideaal voor het bereiden van verschillende gerechten, met een compacte kookoppervlakte en een stijlvolle uitstraling.\" \/>\n<meta property=\"og:url\" content=\"https:\/\/www.greeneggtotaal.nl\/de\/product\/grill-rund-85\/\" \/>\n<meta property=\"og:site_name\" content=\"GreenEggTotaal\" \/>\n<meta property=\"article:modified_time\" content=\"2026-04-07T08:04:13+00:00\" \/>\n<meta property=\"og:image\" content=\"https:\/\/www.greeneggtotaal.nl\/wp-content\/uploads\/2025\/08\/ontwerp-zonder-titel-2023-07-10t154220.469.webp\" \/>\n\t<meta property=\"og:image:width\" content=\"500\" \/>\n\t<meta property=\"og:image:height\" content=\"500\" \/>\n\t<meta property=\"og:image:type\" content=\"image\/webp\" \/>\n<meta name=\"twitter:card\" content=\"summary_large_image\" \/>\n<meta name=\"twitter:label1\" content=\"Gesch\u00e4tzte Lesezeit\" \/>\n\t<meta name=\"twitter:data1\" content=\"1\u00a0Minute\" \/>\n<script type=\"application\/ld+json\" class=\"yoast-schema-graph\">{\"@context\":\"https:\\\/\\\/schema.org\",\"@graph\":[{\"@type\":\"WebPage\",\"@id\":\"https:\\\/\\\/www.greeneggtotaal.nl\\\/nl\\\/product\\\/grill-rond-85\\\/\",\"url\":\"https:\\\/\\\/www.greeneggtotaal.nl\\\/nl\\\/product\\\/grill-rond-85\\\/\",\"name\":\"Grill Rond 85 - GreenEggTotaal\",\"isPartOf\":{\"@id\":\"https:\\\/\\\/www.greeneggtotaal.nl\\\/nl\\\/#website\"},\"primaryImageOfPage\":{\"@id\":\"https:\\\/\\\/www.greeneggtotaal.nl\\\/nl\\\/product\\\/grill-rond-85\\\/#primaryimage\"},\"image\":{\"@id\":\"https:\\\/\\\/www.greeneggtotaal.nl\\\/nl\\\/product\\\/grill-rond-85\\\/#primaryimage\"},\"thumbnailUrl\":\"https:\\\/\\\/www.greeneggtotaal.nl\\\/wp-content\\\/uploads\\\/2025\\\/08\\\/ontwerp-zonder-titel-2023-07-10t154220.469.webp\",\"datePublished\":\"2025-08-01T11:48:45+00:00\",\"dateModified\":\"2026-04-07T08:04:13+00:00\",\"description\":\"De OFYR Grill Rond 85 is ideaal voor het bereiden van verschillende gerechten, met een compacte kookoppervlakte en een stijlvolle uitstraling.\",\"breadcrumb\":{\"@id\":\"https:\\\/\\\/www.greeneggtotaal.nl\\\/nl\\\/product\\\/grill-rond-85\\\/#breadcrumb\"},\"inLanguage\":\"de\",\"potentialAction\":[{\"@type\":\"ReadAction\",\"target\":[\"https:\\\/\\\/www.greeneggtotaal.nl\\\/nl\\\/product\\\/grill-rond-85\\\/\"]}]},{\"@type\":\"ImageObject\",\"inLanguage\":\"de\",\"@id\":\"https:\\\/\\\/www.greeneggtotaal.nl\\\/nl\\\/product\\\/grill-rond-85\\\/#primaryimage\",\"url\":\"https:\\\/\\\/www.greeneggtotaal.nl\\\/wp-content\\\/uploads\\\/2025\\\/08\\\/ontwerp-zonder-titel-2023-07-10t154220.469.webp\",\"contentUrl\":\"https:\\\/\\\/www.greeneggtotaal.nl\\\/wp-content\\\/uploads\\\/2025\\\/08\\\/ontwerp-zonder-titel-2023-07-10t154220.469.webp\",\"width\":500,\"height\":500},{\"@type\":\"BreadcrumbList\",\"@id\":\"https:\\\/\\\/www.greeneggtotaal.nl\\\/nl\\\/product\\\/grill-rond-85\\\/#breadcrumb\",\"itemListElement\":[{\"@type\":\"ListItem\",\"position\":1,\"name\":\"Home\",\"item\":\"https:\\\/\\\/www.greeneggtotaal.nl\\\/\"},{\"@type\":\"ListItem\",\"position\":2,\"name\":\"Shop\",\"item\":\"https:\\\/\\\/www.greeneggtotaal.nl\\\/nl\\\/shop\\\/\"},{\"@type\":\"ListItem\",\"position\":3,\"name\":\"Grill Rond 85\"}]},{\"@type\":\"WebSite\",\"@id\":\"https:\\\/\\\/www.greeneggtotaal.nl\\\/nl\\\/#website\",\"url\":\"https:\\\/\\\/www.greeneggtotaal.nl\\\/nl\\\/\",\"name\":\"greeneggtotaal.nl\",\"description\":\"D\u00e9 Big Green Egg Specialist\",\"publisher\":{\"@id\":\"https:\\\/\\\/www.greeneggtotaal.nl\\\/nl\\\/#organization\"},\"potentialAction\":[{\"@type\":\"SearchAction\",\"target\":{\"@type\":\"EntryPoint\",\"urlTemplate\":\"https:\\\/\\\/www.greeneggtotaal.nl\\\/nl\\\/?s={search_term_string}\"},\"query-input\":{\"@type\":\"PropertyValueSpecification\",\"valueRequired\":true,\"valueName\":\"search_term_string\"}}],\"inLanguage\":\"de\"},{\"@type\":\"Organization\",\"@id\":\"https:\\\/\\\/www.greeneggtotaal.nl\\\/nl\\\/#organization\",\"name\":\"Green Egg Totaal\",\"url\":\"https:\\\/\\\/www.greeneggtotaal.nl\\\/nl\\\/\",\"logo\":{\"@type\":\"ImageObject\",\"inLanguage\":\"de\",\"@id\":\"https:\\\/\\\/www.greeneggtotaal.nl\\\/nl\\\/#\\\/schema\\\/logo\\\/image\\\/\",\"url\":\"https:\\\/\\\/www.greeneggtotaal.nl\\\/wp-content\\\/uploads\\\/2025\\\/06\\\/Green-Egg-Totaal-Logo.png\",\"contentUrl\":\"https:\\\/\\\/www.greeneggtotaal.nl\\\/wp-content\\\/uploads\\\/2025\\\/06\\\/Green-Egg-Totaal-Logo.png\",\"width\":225,\"height\":95,\"caption\":\"Green Egg Totaal\"},\"image\":{\"@id\":\"https:\\\/\\\/www.greeneggtotaal.nl\\\/nl\\\/#\\\/schema\\\/logo\\\/image\\\/\"}}]}<\/script>\n<!-- \/ Yoast SEO Premium plugin. -->","yoast_head_json":{"title":"Grill Rund 85 - GreenEggTotaal","description":"Der OFYR Grill Rond 85 ist ideal f\u00fcr die Zubereitung verschiedener Gerichte, mit einer kompakten Kochfl\u00e4che und einem stilvollen Aussehen.","robots":{"index":"index","follow":"follow","max-snippet":"max-snippet:-1","max-image-preview":"max-image-preview:large","max-video-preview":"max-video-preview:-1"},"canonical":"https:\/\/www.greeneggtotaal.nl\/de\/product\/grill-rund-85\/","og_locale":"de_DE","og_type":"article","og_title":"Grill Rond 85","og_description":"De OFYR Grill Rond 85 is ideaal voor het bereiden van verschillende gerechten, met een compacte kookoppervlakte en een stijlvolle uitstraling.","og_url":"https:\/\/www.greeneggtotaal.nl\/de\/product\/grill-rund-85\/","og_site_name":"GreenEggTotaal","article_modified_time":"2026-04-07T08:04:13+00:00","og_image":[{"width":500,"height":500,"url":"https:\/\/www.greeneggtotaal.nl\/wp-content\/uploads\/2025\/08\/ontwerp-zonder-titel-2023-07-10t154220.469.webp","type":"image\/webp"}],"twitter_card":"summary_large_image","twitter_misc":{"Gesch\u00e4tzte Lesezeit":"1\u00a0Minute"},"schema":{"@context":"https:\/\/schema.org","@graph":[{"@type":"WebPage","@id":"https:\/\/www.greeneggtotaal.nl\/nl\/product\/grill-rond-85\/","url":"https:\/\/www.greeneggtotaal.nl\/nl\/product\/grill-rond-85\/","name":"Grill Rund 85 - GreenEggTotaal","isPartOf":{"@id":"https:\/\/www.greeneggtotaal.nl\/nl\/#website"},"primaryImageOfPage":{"@id":"https:\/\/www.greeneggtotaal.nl\/nl\/product\/grill-rond-85\/#primaryimage"},"image":{"@id":"https:\/\/www.greeneggtotaal.nl\/nl\/product\/grill-rond-85\/#primaryimage"},"thumbnailUrl":"https:\/\/www.greeneggtotaal.nl\/wp-content\/uploads\/2025\/08\/ontwerp-zonder-titel-2023-07-10t154220.469.webp","datePublished":"2025-08-01T11:48:45+00:00","dateModified":"2026-04-07T08:04:13+00:00","description":"Der OFYR Grill Rond 85 ist ideal f\u00fcr die Zubereitung verschiedener Gerichte, mit einer kompakten Kochfl\u00e4che und einem stilvollen Aussehen.","breadcrumb":{"@id":"https:\/\/www.greeneggtotaal.nl\/nl\/product\/grill-rond-85\/#breadcrumb"},"inLanguage":"de","potentialAction":[{"@type":"ReadAction","target":["https:\/\/www.greeneggtotaal.nl\/nl\/product\/grill-rond-85\/"]}]},{"@type":"ImageObject","inLanguage":"de","@id":"https:\/\/www.greeneggtotaal.nl\/nl\/product\/grill-rond-85\/#primaryimage","url":"https:\/\/www.greeneggtotaal.nl\/wp-content\/uploads\/2025\/08\/ontwerp-zonder-titel-2023-07-10t154220.469.webp","contentUrl":"https:\/\/www.greeneggtotaal.nl\/wp-content\/uploads\/2025\/08\/ontwerp-zonder-titel-2023-07-10t154220.469.webp","width":500,"height":500},{"@type":"BreadcrumbList","@id":"https:\/\/www.greeneggtotaal.nl\/nl\/product\/grill-rond-85\/#breadcrumb","itemListElement":[{"@type":"ListItem","position":1,"name":"Home","item":"https:\/\/www.greeneggtotaal.nl\/"},{"@type":"ListItem","position":2,"name":"Shop","item":"https:\/\/www.greeneggtotaal.nl\/nl\/shop\/"},{"@type":"ListItem","position":3,"name":"Grill Rond 85"}]},{"@type":"WebSite","@id":"https:\/\/www.greeneggtotaal.nl\/nl\/#website","url":"https:\/\/www.greeneggtotaal.nl\/nl\/","name":"greeneggtotaal.nl","description":"Der Big Green Egg Spezialist","publisher":{"@id":"https:\/\/www.greeneggtotaal.nl\/nl\/#organization"},"potentialAction":[{"@type":"SearchAction","target":{"@type":"EntryPoint","urlTemplate":"https:\/\/www.greeneggtotaal.nl\/nl\/?s={search_term_string}"},"query-input":{"@type":"PropertyValueSpecification","valueRequired":true,"valueName":"search_term_string"}}],"inLanguage":"de"},{"@type":"Organization","@id":"https:\/\/www.greeneggtotaal.nl\/nl\/#organization","name":"Green Egg Totaal","url":"https:\/\/www.greeneggtotaal.nl\/nl\/","logo":{"@type":"ImageObject","inLanguage":"de","@id":"https:\/\/www.greeneggtotaal.nl\/nl\/#\/schema\/logo\/image\/","url":"https:\/\/www.greeneggtotaal.nl\/wp-content\/uploads\/2025\/06\/Green-Egg-Totaal-Logo.png","contentUrl":"https:\/\/www.greeneggtotaal.nl\/wp-content\/uploads\/2025\/06\/Green-Egg-Totaal-Logo.png","width":225,"height":95,"caption":"Green Egg Totaal"},"image":{"@id":"https:\/\/www.greeneggtotaal.nl\/nl\/#\/schema\/logo\/image\/"}}]}},"_links":{"self":[{"href":"https:\/\/www.greeneggtotaal.nl\/de\/wp-json\/wp\/v2\/product\/12948","targetHints":{"allow":["GET"]}}],"collection":[{"href":"https:\/\/www.greeneggtotaal.nl\/de\/wp-json\/wp\/v2\/product"}],"about":[{"href":"https:\/\/www.greeneggtotaal.nl\/de\/wp-json\/wp\/v2\/types\/product"}],"wp:featuredmedia":[{"embeddable":true,"href":"https:\/\/www.greeneggtotaal.nl\/de\/wp-json\/wp\/v2\/media\/12947"}],"wp:attachment":[{"href":"https:\/\/www.greeneggtotaal.nl\/de\/wp-json\/wp\/v2\/media?parent=12948"}],"wp:term":[{"taxonomy":"product_brand","embeddable":true,"href":"https:\/\/www.greeneggtotaal.nl\/de\/wp-json\/wp\/v2\/product_brand?post=12948"},{"taxonomy":"product_cat","embeddable":true,"href":"https:\/\/www.greeneggtotaal.nl\/de\/wp-json\/wp\/v2\/product_cat?post=12948"},{"taxonomy":"product_tag","embeddable":true,"href":"https:\/\/www.greeneggtotaal.nl\/de\/wp-json\/wp\/v2\/product_tag?post=12948"}],"curies":[{"name":"wp","href":"https:\/\/api.w.org\/{rel}","templated":true}]}}