{"id":13013,"date":"2025-08-01T13:48:59","date_gmt":"2025-08-01T11:48:59","guid":{"rendered":"https:\/\/baselinkweb.nl\/greeneggtotaal\/product\/big-green-egg-wide-spatula\/"},"modified":"2026-01-06T09:36:38","modified_gmt":"2026-01-06T08:36:38","slug":"big-green-egg-breiter-spachtel","status":"publish","type":"product","link":"https:\/\/www.greeneggtotaal.nl\/de\/product\/big-green-egg-wide-spatula\/","title":{"rendered":"Big Green Egg Breitspachtel"},"content":{"rendered":"<p>Der Big Green Egg Wide Spatula ist ein extrabreiter Spatel, der speziell f\u00fcr das sichere und einfache Wenden gro\u00dfer Fleisch-, Fisch- oder Gem\u00fcsest\u00fccke auf dem Grill entwickelt wurde. Dank der robusten Edelstahlklinge und dem komfortablen Griff haben Sie beim Grillen eine gute Kontrolle. Die breite Form verhindert, dass das Grillgut bricht oder auseinanderf\u00e4llt. Praktisch, stark und perfekt f\u00fcr jeden begeisterten EGGer.<\/p>","protected":false},"excerpt":{"rendered":"<p>De Big Green Egg Wide Spatula is een extra brede spatel die speciaal is ontworpen voor het veilig en makkelijk omdraaien van grote stukken vlees, vis of groenten op de barbecue. Dankzij het stevige roestvrijstalen blad en de comfortabele handgreep heb je goede controle tijdens het grillen. De brede vorm voorkomt dat het eten breekt [&hellip;]<\/p>\n","protected":false},"featured_media":13012,"template":"","meta":[],"product_brand":[229],"product_cat":[109,104,102,50,181,100,106],"product_tag":[],"class_list":{"0":"post-13013","1":"product","2":"type-product","3":"status-publish","4":"has-post-thumbnail","6":"product_brand-big-green-egg","7":"product_cat-2xl-accessoires","8":"product_cat-large-accessoires","9":"product_cat-medium-accessoires","10":"product_cat-mini-accessoires","11":"product_cat-minimax-accessoires","12":"product_cat-small-accessoires","13":"product_cat-xl-accessoires","15":"first","16":"instock","17":"sale","18":"taxable","19":"shipping-taxable","20":"purchasable","21":"product-type-simple"},"yoast_head":"<!-- This site is optimized with the Yoast SEO Premium plugin v27.4 (Yoast SEO v27.4) - https:\/\/yoast.com\/product\/yoast-seo-premium-wordpress\/ -->\n<title>Big Green Egg Wide Spatula<\/title>\n<meta name=\"description\" content=\"De Big Green Egg Wide Spatula is een stevige en ruime spatel, ideaal voor het flippen en serveren van grote gerechten op de grill.\" \/>\n<meta name=\"robots\" content=\"index, follow, max-snippet:-1, max-image-preview:large, max-video-preview:-1\" \/>\n<link rel=\"canonical\" href=\"https:\/\/www.greeneggtotaal.nl\/de\/product\/big-green-egg-breiter-spachtel\/\" \/>\n<meta property=\"og:locale\" content=\"de_DE\" \/>\n<meta property=\"og:type\" content=\"article\" \/>\n<meta property=\"og:title\" content=\"Big Green Egg Wide Spatula\" \/>\n<meta property=\"og:description\" content=\"De Big Green Egg Wide Spatula is een stevige en ruime spatel, ideaal voor het flippen en serveren van grote gerechten op de grill.\" \/>\n<meta property=\"og:url\" content=\"https:\/\/www.greeneggtotaal.nl\/de\/product\/big-green-egg-breiter-spachtel\/\" \/>\n<meta property=\"og:site_name\" content=\"GreenEggTotaal\" \/>\n<meta property=\"article:modified_time\" content=\"2026-01-06T08:36:38+00:00\" \/>\n<meta property=\"og:image\" content=\"https:\/\/www.greeneggtotaal.nl\/wp-content\/uploads\/2025\/08\/zonder-titel-700-x-700-px-2.webp\" \/>\n\t<meta property=\"og:image:width\" content=\"500\" \/>\n\t<meta property=\"og:image:height\" content=\"500\" \/>\n\t<meta property=\"og:image:type\" content=\"image\/webp\" \/>\n<meta name=\"twitter:card\" content=\"summary_large_image\" \/>\n<meta name=\"twitter:label1\" content=\"Gesch\u00e4tzte Lesezeit\" \/>\n\t<meta name=\"twitter:data1\" content=\"1\u00a0Minute\" \/>\n<script type=\"application\/ld+json\" class=\"yoast-schema-graph\">{\"@context\":\"https:\\\/\\\/schema.org\",\"@graph\":[{\"@type\":\"WebPage\",\"@id\":\"https:\\\/\\\/www.greeneggtotaal.nl\\\/product\\\/big-green-egg-wide-spatula\\\/\",\"url\":\"https:\\\/\\\/www.greeneggtotaal.nl\\\/product\\\/big-green-egg-wide-spatula\\\/\",\"name\":\"Big Green Egg Wide Spatula\",\"isPartOf\":{\"@id\":\"https:\\\/\\\/www.greeneggtotaal.nl\\\/nl\\\/#website\"},\"primaryImageOfPage\":{\"@id\":\"https:\\\/\\\/www.greeneggtotaal.nl\\\/product\\\/big-green-egg-wide-spatula\\\/#primaryimage\"},\"image\":{\"@id\":\"https:\\\/\\\/www.greeneggtotaal.nl\\\/product\\\/big-green-egg-wide-spatula\\\/#primaryimage\"},\"thumbnailUrl\":\"https:\\\/\\\/www.greeneggtotaal.nl\\\/wp-content\\\/uploads\\\/2025\\\/08\\\/zonder-titel-700-x-700-px-2.webp\",\"datePublished\":\"2025-08-01T11:48:59+00:00\",\"dateModified\":\"2026-01-06T08:36:38+00:00\",\"description\":\"De Big Green Egg Wide Spatula is een stevige en ruime spatel, ideaal voor het flippen en serveren van grote gerechten op de grill.\",\"breadcrumb\":{\"@id\":\"https:\\\/\\\/www.greeneggtotaal.nl\\\/product\\\/big-green-egg-wide-spatula\\\/#breadcrumb\"},\"inLanguage\":\"de\",\"potentialAction\":[{\"@type\":\"ReadAction\",\"target\":[\"https:\\\/\\\/www.greeneggtotaal.nl\\\/product\\\/big-green-egg-wide-spatula\\\/\"]}]},{\"@type\":\"ImageObject\",\"inLanguage\":\"de\",\"@id\":\"https:\\\/\\\/www.greeneggtotaal.nl\\\/product\\\/big-green-egg-wide-spatula\\\/#primaryimage\",\"url\":\"https:\\\/\\\/www.greeneggtotaal.nl\\\/wp-content\\\/uploads\\\/2025\\\/08\\\/zonder-titel-700-x-700-px-2.webp\",\"contentUrl\":\"https:\\\/\\\/www.greeneggtotaal.nl\\\/wp-content\\\/uploads\\\/2025\\\/08\\\/zonder-titel-700-x-700-px-2.webp\",\"width\":500,\"height\":500,\"caption\":\"Big Green Egg Wide Spatula\"},{\"@type\":\"BreadcrumbList\",\"@id\":\"https:\\\/\\\/www.greeneggtotaal.nl\\\/product\\\/big-green-egg-wide-spatula\\\/#breadcrumb\",\"itemListElement\":[{\"@type\":\"ListItem\",\"position\":1,\"name\":\"Home\",\"item\":\"https:\\\/\\\/www.greeneggtotaal.nl\\\/\"},{\"@type\":\"ListItem\",\"position\":2,\"name\":\"Shop\",\"item\":\"https:\\\/\\\/www.greeneggtotaal.nl\\\/nl\\\/shop\\\/\"},{\"@type\":\"ListItem\",\"position\":3,\"name\":\"Big Green Egg Wide Spatula\"}]},{\"@type\":\"WebSite\",\"@id\":\"https:\\\/\\\/www.greeneggtotaal.nl\\\/nl\\\/#website\",\"url\":\"https:\\\/\\\/www.greeneggtotaal.nl\\\/nl\\\/\",\"name\":\"greeneggtotaal.nl\",\"description\":\"D\u00e9 Big Green Egg Specialist\",\"publisher\":{\"@id\":\"https:\\\/\\\/www.greeneggtotaal.nl\\\/nl\\\/#organization\"},\"potentialAction\":[{\"@type\":\"SearchAction\",\"target\":{\"@type\":\"EntryPoint\",\"urlTemplate\":\"https:\\\/\\\/www.greeneggtotaal.nl\\\/nl\\\/?s={search_term_string}\"},\"query-input\":{\"@type\":\"PropertyValueSpecification\",\"valueRequired\":true,\"valueName\":\"search_term_string\"}}],\"inLanguage\":\"de\"},{\"@type\":\"Organization\",\"@id\":\"https:\\\/\\\/www.greeneggtotaal.nl\\\/nl\\\/#organization\",\"name\":\"Green Egg Totaal\",\"url\":\"https:\\\/\\\/www.greeneggtotaal.nl\\\/nl\\\/\",\"logo\":{\"@type\":\"ImageObject\",\"inLanguage\":\"de\",\"@id\":\"https:\\\/\\\/www.greeneggtotaal.nl\\\/nl\\\/#\\\/schema\\\/logo\\\/image\\\/\",\"url\":\"https:\\\/\\\/www.greeneggtotaal.nl\\\/wp-content\\\/uploads\\\/2025\\\/06\\\/Green-Egg-Totaal-Logo.png\",\"contentUrl\":\"https:\\\/\\\/www.greeneggtotaal.nl\\\/wp-content\\\/uploads\\\/2025\\\/06\\\/Green-Egg-Totaal-Logo.png\",\"width\":225,\"height\":95,\"caption\":\"Green Egg Totaal\"},\"image\":{\"@id\":\"https:\\\/\\\/www.greeneggtotaal.nl\\\/nl\\\/#\\\/schema\\\/logo\\\/image\\\/\"}}]}<\/script>\n<!-- \/ Yoast SEO Premium plugin. -->","yoast_head_json":{"title":"Big Green Egg Breitspachtel","description":"Der Big Green Egg Wide Spatula ist ein robuster und ger\u00e4umiger Pfannenwender, ideal zum Wenden und Servieren gro\u00dfer Gerichte auf dem Grill.","robots":{"index":"index","follow":"follow","max-snippet":"max-snippet:-1","max-image-preview":"max-image-preview:large","max-video-preview":"max-video-preview:-1"},"canonical":"https:\/\/www.greeneggtotaal.nl\/de\/product\/big-green-egg-breiter-spachtel\/","og_locale":"de_DE","og_type":"article","og_title":"Big Green Egg Wide Spatula","og_description":"De Big Green Egg Wide Spatula is een stevige en ruime spatel, ideaal voor het flippen en serveren van grote gerechten op de grill.","og_url":"https:\/\/www.greeneggtotaal.nl\/de\/product\/big-green-egg-breiter-spachtel\/","og_site_name":"GreenEggTotaal","article_modified_time":"2026-01-06T08:36:38+00:00","og_image":[{"width":500,"height":500,"url":"https:\/\/www.greeneggtotaal.nl\/wp-content\/uploads\/2025\/08\/zonder-titel-700-x-700-px-2.webp","type":"image\/webp"}],"twitter_card":"summary_large_image","twitter_misc":{"Gesch\u00e4tzte Lesezeit":"1\u00a0Minute"},"schema":{"@context":"https:\/\/schema.org","@graph":[{"@type":"WebPage","@id":"https:\/\/www.greeneggtotaal.nl\/product\/big-green-egg-wide-spatula\/","url":"https:\/\/www.greeneggtotaal.nl\/product\/big-green-egg-wide-spatula\/","name":"Big Green Egg Breitspachtel","isPartOf":{"@id":"https:\/\/www.greeneggtotaal.nl\/nl\/#website"},"primaryImageOfPage":{"@id":"https:\/\/www.greeneggtotaal.nl\/product\/big-green-egg-wide-spatula\/#primaryimage"},"image":{"@id":"https:\/\/www.greeneggtotaal.nl\/product\/big-green-egg-wide-spatula\/#primaryimage"},"thumbnailUrl":"https:\/\/www.greeneggtotaal.nl\/wp-content\/uploads\/2025\/08\/zonder-titel-700-x-700-px-2.webp","datePublished":"2025-08-01T11:48:59+00:00","dateModified":"2026-01-06T08:36:38+00:00","description":"Der Big Green Egg Wide Spatula ist ein robuster und ger\u00e4umiger Pfannenwender, ideal zum Wenden und Servieren gro\u00dfer Gerichte auf dem Grill.","breadcrumb":{"@id":"https:\/\/www.greeneggtotaal.nl\/product\/big-green-egg-wide-spatula\/#breadcrumb"},"inLanguage":"de","potentialAction":[{"@type":"ReadAction","target":["https:\/\/www.greeneggtotaal.nl\/product\/big-green-egg-wide-spatula\/"]}]},{"@type":"ImageObject","inLanguage":"de","@id":"https:\/\/www.greeneggtotaal.nl\/product\/big-green-egg-wide-spatula\/#primaryimage","url":"https:\/\/www.greeneggtotaal.nl\/wp-content\/uploads\/2025\/08\/zonder-titel-700-x-700-px-2.webp","contentUrl":"https:\/\/www.greeneggtotaal.nl\/wp-content\/uploads\/2025\/08\/zonder-titel-700-x-700-px-2.webp","width":500,"height":500,"caption":"Big Green Egg Wide Spatula"},{"@type":"BreadcrumbList","@id":"https:\/\/www.greeneggtotaal.nl\/product\/big-green-egg-wide-spatula\/#breadcrumb","itemListElement":[{"@type":"ListItem","position":1,"name":"Home","item":"https:\/\/www.greeneggtotaal.nl\/"},{"@type":"ListItem","position":2,"name":"Shop","item":"https:\/\/www.greeneggtotaal.nl\/nl\/shop\/"},{"@type":"ListItem","position":3,"name":"Big Green Egg Wide Spatula"}]},{"@type":"WebSite","@id":"https:\/\/www.greeneggtotaal.nl\/nl\/#website","url":"https:\/\/www.greeneggtotaal.nl\/nl\/","name":"greeneggtotaal.nl","description":"Der Big Green Egg Spezialist","publisher":{"@id":"https:\/\/www.greeneggtotaal.nl\/nl\/#organization"},"potentialAction":[{"@type":"SearchAction","target":{"@type":"EntryPoint","urlTemplate":"https:\/\/www.greeneggtotaal.nl\/nl\/?s={search_term_string}"},"query-input":{"@type":"PropertyValueSpecification","valueRequired":true,"valueName":"search_term_string"}}],"inLanguage":"de"},{"@type":"Organization","@id":"https:\/\/www.greeneggtotaal.nl\/nl\/#organization","name":"Green Egg Totaal","url":"https:\/\/www.greeneggtotaal.nl\/nl\/","logo":{"@type":"ImageObject","inLanguage":"de","@id":"https:\/\/www.greeneggtotaal.nl\/nl\/#\/schema\/logo\/image\/","url":"https:\/\/www.greeneggtotaal.nl\/wp-content\/uploads\/2025\/06\/Green-Egg-Totaal-Logo.png","contentUrl":"https:\/\/www.greeneggtotaal.nl\/wp-content\/uploads\/2025\/06\/Green-Egg-Totaal-Logo.png","width":225,"height":95,"caption":"Green Egg Totaal"},"image":{"@id":"https:\/\/www.greeneggtotaal.nl\/nl\/#\/schema\/logo\/image\/"}}]}},"_links":{"self":[{"href":"https:\/\/www.greeneggtotaal.nl\/de\/wp-json\/wp\/v2\/product\/13013","targetHints":{"allow":["GET"]}}],"collection":[{"href":"https:\/\/www.greeneggtotaal.nl\/de\/wp-json\/wp\/v2\/product"}],"about":[{"href":"https:\/\/www.greeneggtotaal.nl\/de\/wp-json\/wp\/v2\/types\/product"}],"wp:featuredmedia":[{"embeddable":true,"href":"https:\/\/www.greeneggtotaal.nl\/de\/wp-json\/wp\/v2\/media\/13012"}],"wp:attachment":[{"href":"https:\/\/www.greeneggtotaal.nl\/de\/wp-json\/wp\/v2\/media?parent=13013"}],"wp:term":[{"taxonomy":"product_brand","embeddable":true,"href":"https:\/\/www.greeneggtotaal.nl\/de\/wp-json\/wp\/v2\/product_brand?post=13013"},{"taxonomy":"product_cat","embeddable":true,"href":"https:\/\/www.greeneggtotaal.nl\/de\/wp-json\/wp\/v2\/product_cat?post=13013"},{"taxonomy":"product_tag","embeddable":true,"href":"https:\/\/www.greeneggtotaal.nl\/de\/wp-json\/wp\/v2\/product_tag?post=13013"}],"curies":[{"name":"wp","href":"https:\/\/api.w.org\/{rel}","templated":true}]}}