{"id":13270,"date":"2025-08-01T13:49:49","date_gmt":"2025-08-01T11:49:49","guid":{"rendered":"https:\/\/baselinkweb.nl\/greeneggtotaal\/product\/alfa-base-5-pizze\/"},"modified":"2026-03-25T10:16:28","modified_gmt":"2026-03-25T09:16:28","slug":"alfa-base-5-pizze","status":"publish","type":"product","link":"https:\/\/www.greeneggtotaal.nl\/de\/product\/alfa-base-5-pizze\/","title":{"rendered":"Alfa Basis 5 Pizzen"},"content":{"rendered":"<p>Der Sockel f\u00fcr den Moderno Pizze 5 erm\u00f6glicht es Ihnen, Ihren Ofen problemlos zu bewegen.<br \/>\nDies dank der 4 eingebauten Rollen.<\/p>\n<p>Die gro\u00dfen, klappbaren Seitenablagen bieten Platz f\u00fcr Zutaten, Werkzeuge oder anderes Zubeh\u00f6r, das Sie zum Kochen ben\u00f6tigen.<br \/>\nWenn Sie die Regale nicht brauchen, klappen Sie sie einfach zusammen.<br \/>\nUnter dem Garraum befindet sich ein Warmhaltefach, in dem Sie Ihre Speisen warmhalten oder vor dem Anschneiden ruhen lassen k\u00f6nnen.<\/p>\n<p>Die Ablage am unteren Ende des Sockels erm\u00f6glicht die saubere und ordentliche Lagerung von Holz oder ist der ideale Platz f\u00fcr Ihre Gasflasche.<\/p>\n<p><strong>Abmessungen:\u00a0<\/strong><\/p>\n<p>H\u00f6he: 83,7 cm<br \/>\nBreite: 114,3 cm<\/p>\n<p>&nbsp;<\/p>\n<p><strong>Anmerkung:<\/strong> der Sockel wird ohne Ofen geliefert!<\/p>\n<p>&nbsp;<\/p>","protected":false},"excerpt":{"rendered":"<p>Het onderstel voor de Moderno Pizze 5 kunt u uw oven zonder problemen verplaatsen. Dit dankzij de 4 ingebouwde zwenkwielen. De grote opklapbare zijplanken bieden ruimte om ingredi\u00ebnten, gereedschap of alle andere accessoires te leggen die u nodig heeft om te koken. Als u de planken niet nodig heeft, klap u ze gewoon in. Onder [&hellip;]<\/p>\n","protected":false},"featured_media":13269,"template":"","meta":[],"product_brand":[244],"product_cat":[115,121,112],"product_tag":[],"class_list":{"0":"post-13270","1":"product","2":"type-product","3":"status-publish","4":"has-post-thumbnail","6":"product_brand-alfa","7":"product_cat-alfa-forni","8":"product_cat-alfa-forni-accessoires","9":"product_cat-pizzaovens","11":"first","12":"instock","13":"taxable","14":"shipping-taxable","15":"purchasable","16":"product-type-simple"},"yoast_head":"<!-- This site is optimized with the Yoast SEO Premium plugin v27.4 (Yoast SEO v27.4) - https:\/\/yoast.com\/product\/yoast-seo-premium-wordpress\/ -->\n<title>Alfa Base 5 Pizze<\/title>\n<meta name=\"description\" content=\"Stabiele Alfa Base voor de 5 Pizze oven, biedt optimale ondersteuning en gemak. Ideaal voor buitengebruik en eenvoudig te monteren.\" \/>\n<meta name=\"robots\" content=\"index, follow, max-snippet:-1, max-image-preview:large, max-video-preview:-1\" \/>\n<link rel=\"canonical\" href=\"https:\/\/www.greeneggtotaal.nl\/de\/product\/alfa-base-5-pizze\/\" \/>\n<meta property=\"og:locale\" content=\"de_DE\" \/>\n<meta property=\"og:type\" content=\"article\" \/>\n<meta property=\"og:title\" content=\"Alfa Base 5 Pizze\" \/>\n<meta property=\"og:description\" content=\"Stabiele Alfa Base voor de 5 Pizze oven, biedt optimale ondersteuning en gemak. Ideaal voor buitengebruik en eenvoudig te monteren.\" \/>\n<meta property=\"og:url\" content=\"https:\/\/www.greeneggtotaal.nl\/de\/product\/alfa-base-5-pizze\/\" \/>\n<meta property=\"og:site_name\" content=\"GreenEggTotaal\" \/>\n<meta property=\"article:modified_time\" content=\"2026-03-25T09:16:28+00:00\" \/>\n<meta property=\"og:image\" content=\"https:\/\/www.greeneggtotaal.nl\/wp-content\/uploads\/2025\/08\/ontwerp-zonder-titel-92-1.webp\" \/>\n\t<meta property=\"og:image:width\" content=\"500\" \/>\n\t<meta property=\"og:image:height\" content=\"500\" \/>\n\t<meta property=\"og:image:type\" content=\"image\/webp\" \/>\n<meta name=\"twitter:card\" content=\"summary_large_image\" \/>\n<meta name=\"twitter:label1\" content=\"Gesch\u00e4tzte Lesezeit\" \/>\n\t<meta name=\"twitter:data1\" content=\"1\u00a0Minute\" \/>\n<script type=\"application\/ld+json\" class=\"yoast-schema-graph\">{\"@context\":\"https:\\\/\\\/schema.org\",\"@graph\":[{\"@type\":\"WebPage\",\"@id\":\"https:\\\/\\\/www.greeneggtotaal.nl\\\/product\\\/alfa-base-5-pizze\\\/\",\"url\":\"https:\\\/\\\/www.greeneggtotaal.nl\\\/product\\\/alfa-base-5-pizze\\\/\",\"name\":\"Alfa Base 5 Pizze\",\"isPartOf\":{\"@id\":\"https:\\\/\\\/www.greeneggtotaal.nl\\\/nl\\\/#website\"},\"primaryImageOfPage\":{\"@id\":\"https:\\\/\\\/www.greeneggtotaal.nl\\\/product\\\/alfa-base-5-pizze\\\/#primaryimage\"},\"image\":{\"@id\":\"https:\\\/\\\/www.greeneggtotaal.nl\\\/product\\\/alfa-base-5-pizze\\\/#primaryimage\"},\"thumbnailUrl\":\"https:\\\/\\\/www.greeneggtotaal.nl\\\/wp-content\\\/uploads\\\/2025\\\/08\\\/ontwerp-zonder-titel-92-1.webp\",\"datePublished\":\"2025-08-01T11:49:49+00:00\",\"dateModified\":\"2026-03-25T09:16:28+00:00\",\"description\":\"Stabiele Alfa Base voor de 5 Pizze oven, biedt optimale ondersteuning en gemak. Ideaal voor buitengebruik en eenvoudig te monteren.\",\"breadcrumb\":{\"@id\":\"https:\\\/\\\/www.greeneggtotaal.nl\\\/product\\\/alfa-base-5-pizze\\\/#breadcrumb\"},\"inLanguage\":\"de\",\"potentialAction\":[{\"@type\":\"ReadAction\",\"target\":[\"https:\\\/\\\/www.greeneggtotaal.nl\\\/product\\\/alfa-base-5-pizze\\\/\"]}]},{\"@type\":\"ImageObject\",\"inLanguage\":\"de\",\"@id\":\"https:\\\/\\\/www.greeneggtotaal.nl\\\/product\\\/alfa-base-5-pizze\\\/#primaryimage\",\"url\":\"https:\\\/\\\/www.greeneggtotaal.nl\\\/wp-content\\\/uploads\\\/2025\\\/08\\\/ontwerp-zonder-titel-92-1.webp\",\"contentUrl\":\"https:\\\/\\\/www.greeneggtotaal.nl\\\/wp-content\\\/uploads\\\/2025\\\/08\\\/ontwerp-zonder-titel-92-1.webp\",\"width\":500,\"height\":500,\"caption\":\"Alfa Base 5 Pizze\"},{\"@type\":\"BreadcrumbList\",\"@id\":\"https:\\\/\\\/www.greeneggtotaal.nl\\\/product\\\/alfa-base-5-pizze\\\/#breadcrumb\",\"itemListElement\":[{\"@type\":\"ListItem\",\"position\":1,\"name\":\"Home\",\"item\":\"https:\\\/\\\/www.greeneggtotaal.nl\\\/\"},{\"@type\":\"ListItem\",\"position\":2,\"name\":\"Shop\",\"item\":\"https:\\\/\\\/www.greeneggtotaal.nl\\\/nl\\\/shop\\\/\"},{\"@type\":\"ListItem\",\"position\":3,\"name\":\"Alfa Base 5 Pizze\"}]},{\"@type\":\"WebSite\",\"@id\":\"https:\\\/\\\/www.greeneggtotaal.nl\\\/nl\\\/#website\",\"url\":\"https:\\\/\\\/www.greeneggtotaal.nl\\\/nl\\\/\",\"name\":\"greeneggtotaal.nl\",\"description\":\"D\u00e9 Big Green Egg Specialist\",\"publisher\":{\"@id\":\"https:\\\/\\\/www.greeneggtotaal.nl\\\/nl\\\/#organization\"},\"potentialAction\":[{\"@type\":\"SearchAction\",\"target\":{\"@type\":\"EntryPoint\",\"urlTemplate\":\"https:\\\/\\\/www.greeneggtotaal.nl\\\/nl\\\/?s={search_term_string}\"},\"query-input\":{\"@type\":\"PropertyValueSpecification\",\"valueRequired\":true,\"valueName\":\"search_term_string\"}}],\"inLanguage\":\"de\"},{\"@type\":\"Organization\",\"@id\":\"https:\\\/\\\/www.greeneggtotaal.nl\\\/nl\\\/#organization\",\"name\":\"Green Egg Totaal\",\"url\":\"https:\\\/\\\/www.greeneggtotaal.nl\\\/nl\\\/\",\"logo\":{\"@type\":\"ImageObject\",\"inLanguage\":\"de\",\"@id\":\"https:\\\/\\\/www.greeneggtotaal.nl\\\/nl\\\/#\\\/schema\\\/logo\\\/image\\\/\",\"url\":\"https:\\\/\\\/www.greeneggtotaal.nl\\\/wp-content\\\/uploads\\\/2025\\\/06\\\/Green-Egg-Totaal-Logo.png\",\"contentUrl\":\"https:\\\/\\\/www.greeneggtotaal.nl\\\/wp-content\\\/uploads\\\/2025\\\/06\\\/Green-Egg-Totaal-Logo.png\",\"width\":225,\"height\":95,\"caption\":\"Green Egg Totaal\"},\"image\":{\"@id\":\"https:\\\/\\\/www.greeneggtotaal.nl\\\/nl\\\/#\\\/schema\\\/logo\\\/image\\\/\"}}]}<\/script>\n<!-- \/ Yoast SEO Premium plugin. -->","yoast_head_json":{"title":"Alfa Basis 5 Pizzen","description":"Stabile Alfa Base f\u00fcr den 5 Pizze Ofen, bietet optimale Unterst\u00fctzung und Komfort. Ideal f\u00fcr den Au\u00dfenbereich und einfach zu montieren.","robots":{"index":"index","follow":"follow","max-snippet":"max-snippet:-1","max-image-preview":"max-image-preview:large","max-video-preview":"max-video-preview:-1"},"canonical":"https:\/\/www.greeneggtotaal.nl\/de\/product\/alfa-base-5-pizze\/","og_locale":"de_DE","og_type":"article","og_title":"Alfa Base 5 Pizze","og_description":"Stabiele Alfa Base voor de 5 Pizze oven, biedt optimale ondersteuning en gemak. Ideaal voor buitengebruik en eenvoudig te monteren.","og_url":"https:\/\/www.greeneggtotaal.nl\/de\/product\/alfa-base-5-pizze\/","og_site_name":"GreenEggTotaal","article_modified_time":"2026-03-25T09:16:28+00:00","og_image":[{"width":500,"height":500,"url":"https:\/\/www.greeneggtotaal.nl\/wp-content\/uploads\/2025\/08\/ontwerp-zonder-titel-92-1.webp","type":"image\/webp"}],"twitter_card":"summary_large_image","twitter_misc":{"Gesch\u00e4tzte Lesezeit":"1\u00a0Minute"},"schema":{"@context":"https:\/\/schema.org","@graph":[{"@type":"WebPage","@id":"https:\/\/www.greeneggtotaal.nl\/product\/alfa-base-5-pizze\/","url":"https:\/\/www.greeneggtotaal.nl\/product\/alfa-base-5-pizze\/","name":"Alfa Basis 5 Pizzen","isPartOf":{"@id":"https:\/\/www.greeneggtotaal.nl\/nl\/#website"},"primaryImageOfPage":{"@id":"https:\/\/www.greeneggtotaal.nl\/product\/alfa-base-5-pizze\/#primaryimage"},"image":{"@id":"https:\/\/www.greeneggtotaal.nl\/product\/alfa-base-5-pizze\/#primaryimage"},"thumbnailUrl":"https:\/\/www.greeneggtotaal.nl\/wp-content\/uploads\/2025\/08\/ontwerp-zonder-titel-92-1.webp","datePublished":"2025-08-01T11:49:49+00:00","dateModified":"2026-03-25T09:16:28+00:00","description":"Stabile Alfa Base f\u00fcr den 5 Pizze Ofen, bietet optimale Unterst\u00fctzung und Komfort. Ideal f\u00fcr den Au\u00dfenbereich und einfach zu montieren.","breadcrumb":{"@id":"https:\/\/www.greeneggtotaal.nl\/product\/alfa-base-5-pizze\/#breadcrumb"},"inLanguage":"de","potentialAction":[{"@type":"ReadAction","target":["https:\/\/www.greeneggtotaal.nl\/product\/alfa-base-5-pizze\/"]}]},{"@type":"ImageObject","inLanguage":"de","@id":"https:\/\/www.greeneggtotaal.nl\/product\/alfa-base-5-pizze\/#primaryimage","url":"https:\/\/www.greeneggtotaal.nl\/wp-content\/uploads\/2025\/08\/ontwerp-zonder-titel-92-1.webp","contentUrl":"https:\/\/www.greeneggtotaal.nl\/wp-content\/uploads\/2025\/08\/ontwerp-zonder-titel-92-1.webp","width":500,"height":500,"caption":"Alfa Base 5 Pizze"},{"@type":"BreadcrumbList","@id":"https:\/\/www.greeneggtotaal.nl\/product\/alfa-base-5-pizze\/#breadcrumb","itemListElement":[{"@type":"ListItem","position":1,"name":"Home","item":"https:\/\/www.greeneggtotaal.nl\/"},{"@type":"ListItem","position":2,"name":"Shop","item":"https:\/\/www.greeneggtotaal.nl\/nl\/shop\/"},{"@type":"ListItem","position":3,"name":"Alfa Base 5 Pizze"}]},{"@type":"WebSite","@id":"https:\/\/www.greeneggtotaal.nl\/nl\/#website","url":"https:\/\/www.greeneggtotaal.nl\/nl\/","name":"greeneggtotaal.nl","description":"Der Big Green Egg Spezialist","publisher":{"@id":"https:\/\/www.greeneggtotaal.nl\/nl\/#organization"},"potentialAction":[{"@type":"SearchAction","target":{"@type":"EntryPoint","urlTemplate":"https:\/\/www.greeneggtotaal.nl\/nl\/?s={search_term_string}"},"query-input":{"@type":"PropertyValueSpecification","valueRequired":true,"valueName":"search_term_string"}}],"inLanguage":"de"},{"@type":"Organization","@id":"https:\/\/www.greeneggtotaal.nl\/nl\/#organization","name":"Green Egg Totaal","url":"https:\/\/www.greeneggtotaal.nl\/nl\/","logo":{"@type":"ImageObject","inLanguage":"de","@id":"https:\/\/www.greeneggtotaal.nl\/nl\/#\/schema\/logo\/image\/","url":"https:\/\/www.greeneggtotaal.nl\/wp-content\/uploads\/2025\/06\/Green-Egg-Totaal-Logo.png","contentUrl":"https:\/\/www.greeneggtotaal.nl\/wp-content\/uploads\/2025\/06\/Green-Egg-Totaal-Logo.png","width":225,"height":95,"caption":"Green Egg Totaal"},"image":{"@id":"https:\/\/www.greeneggtotaal.nl\/nl\/#\/schema\/logo\/image\/"}}]}},"_links":{"self":[{"href":"https:\/\/www.greeneggtotaal.nl\/de\/wp-json\/wp\/v2\/product\/13270","targetHints":{"allow":["GET"]}}],"collection":[{"href":"https:\/\/www.greeneggtotaal.nl\/de\/wp-json\/wp\/v2\/product"}],"about":[{"href":"https:\/\/www.greeneggtotaal.nl\/de\/wp-json\/wp\/v2\/types\/product"}],"wp:featuredmedia":[{"embeddable":true,"href":"https:\/\/www.greeneggtotaal.nl\/de\/wp-json\/wp\/v2\/media\/13269"}],"wp:attachment":[{"href":"https:\/\/www.greeneggtotaal.nl\/de\/wp-json\/wp\/v2\/media?parent=13270"}],"wp:term":[{"taxonomy":"product_brand","embeddable":true,"href":"https:\/\/www.greeneggtotaal.nl\/de\/wp-json\/wp\/v2\/product_brand?post=13270"},{"taxonomy":"product_cat","embeddable":true,"href":"https:\/\/www.greeneggtotaal.nl\/de\/wp-json\/wp\/v2\/product_cat?post=13270"},{"taxonomy":"product_tag","embeddable":true,"href":"https:\/\/www.greeneggtotaal.nl\/de\/wp-json\/wp\/v2\/product_tag?post=13270"}],"curies":[{"name":"wp","href":"https:\/\/api.w.org\/{rel}","templated":true}]}}