{"id":13304,"date":"2025-08-01T13:49:58","date_gmt":"2025-08-01T11:49:58","guid":{"rendered":"https:\/\/baselinkweb.nl\/greeneggtotaal\/product\/alfa-hoes-moderno-2-3-pizze-met-base\/"},"modified":"2026-03-25T11:31:51","modified_gmt":"2026-03-25T10:31:51","slug":"alfa-hulle-moderno-2-3-pizze-mit-boden","status":"publish","type":"product","link":"https:\/\/www.greeneggtotaal.nl\/de\/product\/alfa-hoes-moderno-2-3-pizze-met-base\/","title":{"rendered":"Alfa Cover Moderno 2\/3 Pizze mit Sockel"},"content":{"rendered":"<p>Die <em>Alfa Cover Moderno 2\/3 Pizze mit Sockel<\/em> wurde speziell entwickelt, um sowohl den Ofen als auch den dazugeh\u00f6rigen Sockel vor Regen, Sonne, Staub und Schmutz zu sch\u00fctzen. Diese Abdeckung aus einem innovativen technischen Gewebe, das wasserdicht, atmungsaktiv und UV-best\u00e4ndig ist, verhindert Kondenswasserbildung und verl\u00e4ngert die Lebensdauer Ihres Ofens.<\/p>","protected":false},"excerpt":{"rendered":"<p>De Alfa Hoes Moderno 2\/3 Pizze met Base is speciaal ontworpen om zowel de oven als de bijbehorende base te beschermen tegen regen, zon, stof en vuil. Gemaakt van een innovatief technisch textiel dat waterdicht, ademend en UV-bestendig is, voorkomt deze hoes condensvorming en verlengt hij de levensduur van je oven.<\/p>","protected":false},"featured_media":13303,"template":"","meta":[],"product_brand":[244],"product_cat":[115,121,112],"product_tag":[],"class_list":{"0":"post-13304","1":"product","2":"type-product","3":"status-publish","4":"has-post-thumbnail","6":"product_brand-alfa","7":"product_cat-alfa-forni","8":"product_cat-alfa-forni-accessoires","9":"product_cat-pizzaovens","11":"first","12":"instock","13":"taxable","14":"shipping-taxable","15":"purchasable","16":"product-type-simple"},"yoast_head":"<!-- This site is optimized with the Yoast SEO Premium plugin v27.4 (Yoast SEO v27.4) - https:\/\/yoast.com\/product\/yoast-seo-premium-wordpress\/ -->\n<title>Alfa Hoes Moderno 2\/3 Pizze met Base<\/title>\n<meta name=\"description\" content=\"Alfa Hoes Moderno 2\/3 Pizze met Base: waterdichte beschermhoes voor oven en onderstel, biedt volledige bescherming tegen weerinvloeden.\" \/>\n<meta name=\"robots\" content=\"index, follow, max-snippet:-1, max-image-preview:large, max-video-preview:-1\" \/>\n<link rel=\"canonical\" href=\"https:\/\/www.greeneggtotaal.nl\/de\/product\/alfa-hulle-moderno-2-3-pizze-mit-boden\/\" \/>\n<meta property=\"og:locale\" content=\"de_DE\" \/>\n<meta property=\"og:type\" content=\"article\" \/>\n<meta property=\"og:title\" content=\"Alfa Hoes Moderno 2\/3 Pizze met Base\" \/>\n<meta property=\"og:description\" content=\"Alfa Hoes Moderno 2\/3 Pizze met Base: waterdichte beschermhoes voor oven en onderstel, biedt volledige bescherming tegen weerinvloeden.\" \/>\n<meta property=\"og:url\" content=\"https:\/\/www.greeneggtotaal.nl\/de\/product\/alfa-hulle-moderno-2-3-pizze-mit-boden\/\" \/>\n<meta property=\"og:site_name\" content=\"GreenEggTotaal\" \/>\n<meta property=\"article:modified_time\" content=\"2026-03-25T10:31:51+00:00\" \/>\n<meta property=\"og:image\" content=\"https:\/\/www.greeneggtotaal.nl\/wp-content\/uploads\/2025\/08\/ontwerp-zonder-titel-2023-10-25t150710.940-1.webp\" \/>\n\t<meta property=\"og:image:width\" content=\"500\" \/>\n\t<meta property=\"og:image:height\" content=\"500\" \/>\n\t<meta property=\"og:image:type\" content=\"image\/webp\" \/>\n<meta name=\"twitter:card\" content=\"summary_large_image\" \/>\n<meta name=\"twitter:label1\" content=\"Gesch\u00e4tzte Lesezeit\" \/>\n\t<meta name=\"twitter:data1\" content=\"1\u00a0Minute\" \/>\n<script type=\"application\/ld+json\" class=\"yoast-schema-graph\">{\"@context\":\"https:\\\/\\\/schema.org\",\"@graph\":[{\"@type\":\"WebPage\",\"@id\":\"https:\\\/\\\/www.greeneggtotaal.nl\\\/product\\\/alfa-hoes-moderno-2-3-pizze-met-base\\\/\",\"url\":\"https:\\\/\\\/www.greeneggtotaal.nl\\\/product\\\/alfa-hoes-moderno-2-3-pizze-met-base\\\/\",\"name\":\"Alfa Hoes Moderno 2\\\/3 Pizze met Base\",\"isPartOf\":{\"@id\":\"https:\\\/\\\/www.greeneggtotaal.nl\\\/nl\\\/#website\"},\"primaryImageOfPage\":{\"@id\":\"https:\\\/\\\/www.greeneggtotaal.nl\\\/product\\\/alfa-hoes-moderno-2-3-pizze-met-base\\\/#primaryimage\"},\"image\":{\"@id\":\"https:\\\/\\\/www.greeneggtotaal.nl\\\/product\\\/alfa-hoes-moderno-2-3-pizze-met-base\\\/#primaryimage\"},\"thumbnailUrl\":\"https:\\\/\\\/www.greeneggtotaal.nl\\\/wp-content\\\/uploads\\\/2025\\\/08\\\/ontwerp-zonder-titel-2023-10-25t150710.940-1.webp\",\"datePublished\":\"2025-08-01T11:49:58+00:00\",\"dateModified\":\"2026-03-25T10:31:51+00:00\",\"description\":\"Alfa Hoes Moderno 2\\\/3 Pizze met Base: waterdichte beschermhoes voor oven en onderstel, biedt volledige bescherming tegen weerinvloeden.\",\"breadcrumb\":{\"@id\":\"https:\\\/\\\/www.greeneggtotaal.nl\\\/product\\\/alfa-hoes-moderno-2-3-pizze-met-base\\\/#breadcrumb\"},\"inLanguage\":\"de\",\"potentialAction\":[{\"@type\":\"ReadAction\",\"target\":[\"https:\\\/\\\/www.greeneggtotaal.nl\\\/product\\\/alfa-hoes-moderno-2-3-pizze-met-base\\\/\"]}]},{\"@type\":\"ImageObject\",\"inLanguage\":\"de\",\"@id\":\"https:\\\/\\\/www.greeneggtotaal.nl\\\/product\\\/alfa-hoes-moderno-2-3-pizze-met-base\\\/#primaryimage\",\"url\":\"https:\\\/\\\/www.greeneggtotaal.nl\\\/wp-content\\\/uploads\\\/2025\\\/08\\\/ontwerp-zonder-titel-2023-10-25t150710.940-1.webp\",\"contentUrl\":\"https:\\\/\\\/www.greeneggtotaal.nl\\\/wp-content\\\/uploads\\\/2025\\\/08\\\/ontwerp-zonder-titel-2023-10-25t150710.940-1.webp\",\"width\":500,\"height\":500,\"caption\":\"Alfa Hoes Moderno 2\\\/3 Pizze met Base\"},{\"@type\":\"BreadcrumbList\",\"@id\":\"https:\\\/\\\/www.greeneggtotaal.nl\\\/product\\\/alfa-hoes-moderno-2-3-pizze-met-base\\\/#breadcrumb\",\"itemListElement\":[{\"@type\":\"ListItem\",\"position\":1,\"name\":\"Home\",\"item\":\"https:\\\/\\\/www.greeneggtotaal.nl\\\/\"},{\"@type\":\"ListItem\",\"position\":2,\"name\":\"Shop\",\"item\":\"https:\\\/\\\/www.greeneggtotaal.nl\\\/nl\\\/shop\\\/\"},{\"@type\":\"ListItem\",\"position\":3,\"name\":\"Alfa Hoes Moderno 2\\\/3 Pizze met Base\"}]},{\"@type\":\"WebSite\",\"@id\":\"https:\\\/\\\/www.greeneggtotaal.nl\\\/nl\\\/#website\",\"url\":\"https:\\\/\\\/www.greeneggtotaal.nl\\\/nl\\\/\",\"name\":\"greeneggtotaal.nl\",\"description\":\"D\u00e9 Big Green Egg Specialist\",\"publisher\":{\"@id\":\"https:\\\/\\\/www.greeneggtotaal.nl\\\/nl\\\/#organization\"},\"potentialAction\":[{\"@type\":\"SearchAction\",\"target\":{\"@type\":\"EntryPoint\",\"urlTemplate\":\"https:\\\/\\\/www.greeneggtotaal.nl\\\/nl\\\/?s={search_term_string}\"},\"query-input\":{\"@type\":\"PropertyValueSpecification\",\"valueRequired\":true,\"valueName\":\"search_term_string\"}}],\"inLanguage\":\"de\"},{\"@type\":\"Organization\",\"@id\":\"https:\\\/\\\/www.greeneggtotaal.nl\\\/nl\\\/#organization\",\"name\":\"Green Egg Totaal\",\"url\":\"https:\\\/\\\/www.greeneggtotaal.nl\\\/nl\\\/\",\"logo\":{\"@type\":\"ImageObject\",\"inLanguage\":\"de\",\"@id\":\"https:\\\/\\\/www.greeneggtotaal.nl\\\/nl\\\/#\\\/schema\\\/logo\\\/image\\\/\",\"url\":\"https:\\\/\\\/www.greeneggtotaal.nl\\\/wp-content\\\/uploads\\\/2025\\\/06\\\/Green-Egg-Totaal-Logo.png\",\"contentUrl\":\"https:\\\/\\\/www.greeneggtotaal.nl\\\/wp-content\\\/uploads\\\/2025\\\/06\\\/Green-Egg-Totaal-Logo.png\",\"width\":225,\"height\":95,\"caption\":\"Green Egg Totaal\"},\"image\":{\"@id\":\"https:\\\/\\\/www.greeneggtotaal.nl\\\/nl\\\/#\\\/schema\\\/logo\\\/image\\\/\"}}]}<\/script>\n<!-- \/ Yoast SEO Premium plugin. -->","yoast_head_json":{"title":"Alfa Cover Moderno 2\/3 Pizze mit Sockel","description":"Alfa Hoes Moderno 2\/3 Pizze mit Sockel: wasserdichte Schutzh\u00fclle f\u00fcr Ofen und Untergestell, bietet vollst\u00e4ndigen Schutz vor Witterungseinfl\u00fcssen.","robots":{"index":"index","follow":"follow","max-snippet":"max-snippet:-1","max-image-preview":"max-image-preview:large","max-video-preview":"max-video-preview:-1"},"canonical":"https:\/\/www.greeneggtotaal.nl\/de\/product\/alfa-hulle-moderno-2-3-pizze-mit-boden\/","og_locale":"de_DE","og_type":"article","og_title":"Alfa Hoes Moderno 2\/3 Pizze met Base","og_description":"Alfa Hoes Moderno 2\/3 Pizze met Base: waterdichte beschermhoes voor oven en onderstel, biedt volledige bescherming tegen weerinvloeden.","og_url":"https:\/\/www.greeneggtotaal.nl\/de\/product\/alfa-hulle-moderno-2-3-pizze-mit-boden\/","og_site_name":"GreenEggTotaal","article_modified_time":"2026-03-25T10:31:51+00:00","og_image":[{"width":500,"height":500,"url":"https:\/\/www.greeneggtotaal.nl\/wp-content\/uploads\/2025\/08\/ontwerp-zonder-titel-2023-10-25t150710.940-1.webp","type":"image\/webp"}],"twitter_card":"summary_large_image","twitter_misc":{"Gesch\u00e4tzte Lesezeit":"1\u00a0Minute"},"schema":{"@context":"https:\/\/schema.org","@graph":[{"@type":"WebPage","@id":"https:\/\/www.greeneggtotaal.nl\/product\/alfa-hoes-moderno-2-3-pizze-met-base\/","url":"https:\/\/www.greeneggtotaal.nl\/product\/alfa-hoes-moderno-2-3-pizze-met-base\/","name":"Alfa Cover Moderno 2\/3 Pizze mit Sockel","isPartOf":{"@id":"https:\/\/www.greeneggtotaal.nl\/nl\/#website"},"primaryImageOfPage":{"@id":"https:\/\/www.greeneggtotaal.nl\/product\/alfa-hoes-moderno-2-3-pizze-met-base\/#primaryimage"},"image":{"@id":"https:\/\/www.greeneggtotaal.nl\/product\/alfa-hoes-moderno-2-3-pizze-met-base\/#primaryimage"},"thumbnailUrl":"https:\/\/www.greeneggtotaal.nl\/wp-content\/uploads\/2025\/08\/ontwerp-zonder-titel-2023-10-25t150710.940-1.webp","datePublished":"2025-08-01T11:49:58+00:00","dateModified":"2026-03-25T10:31:51+00:00","description":"Alfa Hoes Moderno 2\/3 Pizze mit Sockel: wasserdichte Schutzh\u00fclle f\u00fcr Ofen und Untergestell, bietet vollst\u00e4ndigen Schutz vor Witterungseinfl\u00fcssen.","breadcrumb":{"@id":"https:\/\/www.greeneggtotaal.nl\/product\/alfa-hoes-moderno-2-3-pizze-met-base\/#breadcrumb"},"inLanguage":"de","potentialAction":[{"@type":"ReadAction","target":["https:\/\/www.greeneggtotaal.nl\/product\/alfa-hoes-moderno-2-3-pizze-met-base\/"]}]},{"@type":"ImageObject","inLanguage":"de","@id":"https:\/\/www.greeneggtotaal.nl\/product\/alfa-hoes-moderno-2-3-pizze-met-base\/#primaryimage","url":"https:\/\/www.greeneggtotaal.nl\/wp-content\/uploads\/2025\/08\/ontwerp-zonder-titel-2023-10-25t150710.940-1.webp","contentUrl":"https:\/\/www.greeneggtotaal.nl\/wp-content\/uploads\/2025\/08\/ontwerp-zonder-titel-2023-10-25t150710.940-1.webp","width":500,"height":500,"caption":"Alfa Hoes Moderno 2\/3 Pizze met Base"},{"@type":"BreadcrumbList","@id":"https:\/\/www.greeneggtotaal.nl\/product\/alfa-hoes-moderno-2-3-pizze-met-base\/#breadcrumb","itemListElement":[{"@type":"ListItem","position":1,"name":"Home","item":"https:\/\/www.greeneggtotaal.nl\/"},{"@type":"ListItem","position":2,"name":"Shop","item":"https:\/\/www.greeneggtotaal.nl\/nl\/shop\/"},{"@type":"ListItem","position":3,"name":"Alfa Hoes Moderno 2\/3 Pizze met Base"}]},{"@type":"WebSite","@id":"https:\/\/www.greeneggtotaal.nl\/nl\/#website","url":"https:\/\/www.greeneggtotaal.nl\/nl\/","name":"greeneggtotaal.nl","description":"Der Big Green Egg Spezialist","publisher":{"@id":"https:\/\/www.greeneggtotaal.nl\/nl\/#organization"},"potentialAction":[{"@type":"SearchAction","target":{"@type":"EntryPoint","urlTemplate":"https:\/\/www.greeneggtotaal.nl\/nl\/?s={search_term_string}"},"query-input":{"@type":"PropertyValueSpecification","valueRequired":true,"valueName":"search_term_string"}}],"inLanguage":"de"},{"@type":"Organization","@id":"https:\/\/www.greeneggtotaal.nl\/nl\/#organization","name":"Green Egg Totaal","url":"https:\/\/www.greeneggtotaal.nl\/nl\/","logo":{"@type":"ImageObject","inLanguage":"de","@id":"https:\/\/www.greeneggtotaal.nl\/nl\/#\/schema\/logo\/image\/","url":"https:\/\/www.greeneggtotaal.nl\/wp-content\/uploads\/2025\/06\/Green-Egg-Totaal-Logo.png","contentUrl":"https:\/\/www.greeneggtotaal.nl\/wp-content\/uploads\/2025\/06\/Green-Egg-Totaal-Logo.png","width":225,"height":95,"caption":"Green Egg Totaal"},"image":{"@id":"https:\/\/www.greeneggtotaal.nl\/nl\/#\/schema\/logo\/image\/"}}]}},"_links":{"self":[{"href":"https:\/\/www.greeneggtotaal.nl\/de\/wp-json\/wp\/v2\/product\/13304","targetHints":{"allow":["GET"]}}],"collection":[{"href":"https:\/\/www.greeneggtotaal.nl\/de\/wp-json\/wp\/v2\/product"}],"about":[{"href":"https:\/\/www.greeneggtotaal.nl\/de\/wp-json\/wp\/v2\/types\/product"}],"wp:featuredmedia":[{"embeddable":true,"href":"https:\/\/www.greeneggtotaal.nl\/de\/wp-json\/wp\/v2\/media\/13303"}],"wp:attachment":[{"href":"https:\/\/www.greeneggtotaal.nl\/de\/wp-json\/wp\/v2\/media?parent=13304"}],"wp:term":[{"taxonomy":"product_brand","embeddable":true,"href":"https:\/\/www.greeneggtotaal.nl\/de\/wp-json\/wp\/v2\/product_brand?post=13304"},{"taxonomy":"product_cat","embeddable":true,"href":"https:\/\/www.greeneggtotaal.nl\/de\/wp-json\/wp\/v2\/product_cat?post=13304"},{"taxonomy":"product_tag","embeddable":true,"href":"https:\/\/www.greeneggtotaal.nl\/de\/wp-json\/wp\/v2\/product_tag?post=13304"}],"curies":[{"name":"wp","href":"https:\/\/api.w.org\/{rel}","templated":true}]}}