{"id":13418,"date":"2025-08-01T13:50:25","date_gmt":"2025-08-01T11:50:25","guid":{"rendered":"https:\/\/baselinkweb.nl\/greeneggtotaal\/product\/big-green-egg-half-moon-baking-conveggtor-stone-medium\/"},"modified":"2026-01-06T09:36:34","modified_gmt":"2026-01-06T08:36:34","slug":"big-green-egg-halbmond-backstein-convegtator-medium","status":"publish","type":"product","link":"https:\/\/www.greeneggtotaal.nl\/de\/product\/big-green-egg-half-moon-baking-conveggtor-stone-medium\/","title":{"rendered":"Big Green Egg Halbmond-Back-\/Kochstein Medium"},"content":{"rendered":"<p>Sch\u00f6n und vielseitig ist eine Untertreibung f\u00fcr den halben convEGGtor Stone. Verwenden Sie ihn zusammen mit dem 1-teiligen convEGGtor-Korb als Zwischenlage, wenn Sie in zwei Zonen, einer direkten und einer indirekten, kochen m\u00f6chten. Oder als voller Konvektionsschutz, wenn zwei gegeneinander stehen.<\/p>\n<p>&nbsp;<\/p>\n<p>Konzipiert als \"No-Burn-Zone Stein\", wenn sie gegeneinander gestellt werden. Sorgt f\u00fcr eine optimale Arbeitsfl\u00e4che. Der geringere Durchmesser des convEGGtor bedeutet, dass Lebensmittel an den R\u00e4ndern anbrennen k\u00f6nnen. Er ist daher ideal f\u00fcr gro\u00dfe Mengen an Niedertemperatur-Gargut, z. B. H\u00e4hnchenfl\u00fcgel. Wenn Sie eine H\u00e4lfte zum Garen in zwei Zonen verwenden, haben Sie au\u00dferdem Zugang zu einer ganzen H\u00e4lfte, in der Sie ohne Angst vor Verbrennungen kochen k\u00f6nnen. Der Half convEGGtor Stone ist aus Big Green Egg Keramik gefertigt.<\/p>\n<p>&nbsp;<\/p>\n<p>Hinweis: Bei Verwendung des 5-teiligen EGGspander-Sets nimmt ein halber convEGGtor-Stein aufgrund seiner Gr\u00f6\u00dfe die mittlere Schicht ein.<\/p>","protected":false},"excerpt":{"rendered":"<p>Lekker veelzijdig is een understatement voor de Half convEGGtor Stone. Zet hem samen met de 1-piece convEGGtor basket in als tussenlaag wanneer je in twee zones wilt koken, \u00e9\u00e9n direct en \u00e9\u00e9n indirect. Of als volledig convectie schild wanneer er twee tegen elkaar aan liggen. &nbsp; Ontworpen als \u2018no-burn zone stone\u2019 wanneer ze tegen elkaar [&hellip;]<\/p>\n","protected":false},"featured_media":13417,"template":"","meta":[],"product_brand":[229],"product_cat":[102,273],"product_tag":[],"class_list":{"0":"post-13418","1":"product","2":"type-product","3":"status-publish","4":"has-post-thumbnail","6":"product_brand-big-green-egg","7":"product_cat-medium-accessoires","8":"product_cat-eggspander","10":"first","11":"instock","12":"taxable","13":"shipping-taxable","14":"purchasable","15":"product-type-simple"},"yoast_head":"<!-- This site is optimized with the Yoast SEO Premium plugin v27.4 (Yoast SEO v27.4) - https:\/\/yoast.com\/product\/yoast-seo-premium-wordpress\/ -->\n<title>Big Green Egg Half Moon Baking\/Conveggtor Stone Medium<\/title>\n<meta name=\"description\" content=\"Ontdek de Medium Half Moon Baking\/Conveggtor Stone voor je Green Egg op GreenEggTotaal.nl. Perfect voor bakken en indirect grillen!\" \/>\n<meta name=\"robots\" content=\"index, follow, max-snippet:-1, max-image-preview:large, max-video-preview:-1\" \/>\n<link rel=\"canonical\" href=\"https:\/\/www.greeneggtotaal.nl\/de\/product\/big-green-egg-halbmond-backstein-convegtator-medium\/\" \/>\n<meta property=\"og:locale\" content=\"de_DE\" \/>\n<meta property=\"og:type\" content=\"article\" \/>\n<meta property=\"og:title\" content=\"Big Green Egg Half Moon Baking\/Conveggtor Stone Medium\" \/>\n<meta property=\"og:description\" content=\"Ontdek de Medium Half Moon Baking\/Conveggtor Stone voor je Green Egg op GreenEggTotaal.nl. Perfect voor bakken en indirect grillen!\" \/>\n<meta property=\"og:url\" content=\"https:\/\/www.greeneggtotaal.nl\/de\/product\/big-green-egg-halbmond-backstein-convegtator-medium\/\" \/>\n<meta property=\"og:site_name\" content=\"GreenEggTotaal\" \/>\n<meta property=\"article:modified_time\" content=\"2026-01-06T08:36:34+00:00\" \/>\n<meta property=\"og:image\" content=\"https:\/\/www.greeneggtotaal.nl\/wp-content\/uploads\/2025\/08\/baking-stone-halfmoon-large-1080-2.webp\" \/>\n\t<meta property=\"og:image:width\" content=\"500\" \/>\n\t<meta property=\"og:image:height\" content=\"500\" \/>\n\t<meta property=\"og:image:type\" content=\"image\/webp\" \/>\n<meta name=\"twitter:card\" content=\"summary_large_image\" \/>\n<meta name=\"twitter:label1\" content=\"Gesch\u00e4tzte Lesezeit\" \/>\n\t<meta name=\"twitter:data1\" content=\"1\u00a0Minute\" \/>\n<script type=\"application\/ld+json\" class=\"yoast-schema-graph\">{\"@context\":\"https:\\\/\\\/schema.org\",\"@graph\":[{\"@type\":\"WebPage\",\"@id\":\"https:\\\/\\\/www.greeneggtotaal.nl\\\/product\\\/big-green-egg-half-moon-baking-conveggtor-stone-medium\\\/\",\"url\":\"https:\\\/\\\/www.greeneggtotaal.nl\\\/product\\\/big-green-egg-half-moon-baking-conveggtor-stone-medium\\\/\",\"name\":\"Big Green Egg Half Moon Baking\\\/Conveggtor Stone Medium\",\"isPartOf\":{\"@id\":\"https:\\\/\\\/www.greeneggtotaal.nl\\\/nl\\\/#website\"},\"primaryImageOfPage\":{\"@id\":\"https:\\\/\\\/www.greeneggtotaal.nl\\\/product\\\/big-green-egg-half-moon-baking-conveggtor-stone-medium\\\/#primaryimage\"},\"image\":{\"@id\":\"https:\\\/\\\/www.greeneggtotaal.nl\\\/product\\\/big-green-egg-half-moon-baking-conveggtor-stone-medium\\\/#primaryimage\"},\"thumbnailUrl\":\"https:\\\/\\\/www.greeneggtotaal.nl\\\/wp-content\\\/uploads\\\/2025\\\/08\\\/baking-stone-halfmoon-large-1080-2.webp\",\"datePublished\":\"2025-08-01T11:50:25+00:00\",\"dateModified\":\"2026-01-06T08:36:34+00:00\",\"description\":\"Ontdek de Medium Half Moon Baking\\\/Conveggtor Stone voor je Green Egg op GreenEggTotaal.nl. Perfect voor bakken en indirect grillen!\",\"breadcrumb\":{\"@id\":\"https:\\\/\\\/www.greeneggtotaal.nl\\\/product\\\/big-green-egg-half-moon-baking-conveggtor-stone-medium\\\/#breadcrumb\"},\"inLanguage\":\"de\",\"potentialAction\":[{\"@type\":\"ReadAction\",\"target\":[\"https:\\\/\\\/www.greeneggtotaal.nl\\\/product\\\/big-green-egg-half-moon-baking-conveggtor-stone-medium\\\/\"]}]},{\"@type\":\"ImageObject\",\"inLanguage\":\"de\",\"@id\":\"https:\\\/\\\/www.greeneggtotaal.nl\\\/product\\\/big-green-egg-half-moon-baking-conveggtor-stone-medium\\\/#primaryimage\",\"url\":\"https:\\\/\\\/www.greeneggtotaal.nl\\\/wp-content\\\/uploads\\\/2025\\\/08\\\/baking-stone-halfmoon-large-1080-2.webp\",\"contentUrl\":\"https:\\\/\\\/www.greeneggtotaal.nl\\\/wp-content\\\/uploads\\\/2025\\\/08\\\/baking-stone-halfmoon-large-1080-2.webp\",\"width\":500,\"height\":500,\"caption\":\"Big Green Egg Half Moon Baking\\\/Conveggtor Stone Medium\"},{\"@type\":\"BreadcrumbList\",\"@id\":\"https:\\\/\\\/www.greeneggtotaal.nl\\\/product\\\/big-green-egg-half-moon-baking-conveggtor-stone-medium\\\/#breadcrumb\",\"itemListElement\":[{\"@type\":\"ListItem\",\"position\":1,\"name\":\"Home\",\"item\":\"https:\\\/\\\/www.greeneggtotaal.nl\\\/\"},{\"@type\":\"ListItem\",\"position\":2,\"name\":\"Shop\",\"item\":\"https:\\\/\\\/www.greeneggtotaal.nl\\\/nl\\\/shop\\\/\"},{\"@type\":\"ListItem\",\"position\":3,\"name\":\"Big Green Egg Half Moon Baking\\\/Conveggtor Stone Medium\"}]},{\"@type\":\"WebSite\",\"@id\":\"https:\\\/\\\/www.greeneggtotaal.nl\\\/nl\\\/#website\",\"url\":\"https:\\\/\\\/www.greeneggtotaal.nl\\\/nl\\\/\",\"name\":\"greeneggtotaal.nl\",\"description\":\"D\u00e9 Big Green Egg Specialist\",\"publisher\":{\"@id\":\"https:\\\/\\\/www.greeneggtotaal.nl\\\/nl\\\/#organization\"},\"potentialAction\":[{\"@type\":\"SearchAction\",\"target\":{\"@type\":\"EntryPoint\",\"urlTemplate\":\"https:\\\/\\\/www.greeneggtotaal.nl\\\/nl\\\/?s={search_term_string}\"},\"query-input\":{\"@type\":\"PropertyValueSpecification\",\"valueRequired\":true,\"valueName\":\"search_term_string\"}}],\"inLanguage\":\"de\"},{\"@type\":\"Organization\",\"@id\":\"https:\\\/\\\/www.greeneggtotaal.nl\\\/nl\\\/#organization\",\"name\":\"Green Egg Totaal\",\"url\":\"https:\\\/\\\/www.greeneggtotaal.nl\\\/nl\\\/\",\"logo\":{\"@type\":\"ImageObject\",\"inLanguage\":\"de\",\"@id\":\"https:\\\/\\\/www.greeneggtotaal.nl\\\/nl\\\/#\\\/schema\\\/logo\\\/image\\\/\",\"url\":\"https:\\\/\\\/www.greeneggtotaal.nl\\\/wp-content\\\/uploads\\\/2025\\\/06\\\/Green-Egg-Totaal-Logo.png\",\"contentUrl\":\"https:\\\/\\\/www.greeneggtotaal.nl\\\/wp-content\\\/uploads\\\/2025\\\/06\\\/Green-Egg-Totaal-Logo.png\",\"width\":225,\"height\":95,\"caption\":\"Green Egg Totaal\"},\"image\":{\"@id\":\"https:\\\/\\\/www.greeneggtotaal.nl\\\/nl\\\/#\\\/schema\\\/logo\\\/image\\\/\"}}]}<\/script>\n<!-- \/ Yoast SEO Premium plugin. -->","yoast_head_json":{"title":"Big Green Egg Halbmond-Back-\/Kochstein Medium","description":"Entdecken Sie den Medium Half Moon Baking\/Conveggtor Stone f\u00fcr Ihr Green Egg auf GreenEggTotaal.nl. Perfekt zum Backen und indirekten Grillen!","robots":{"index":"index","follow":"follow","max-snippet":"max-snippet:-1","max-image-preview":"max-image-preview:large","max-video-preview":"max-video-preview:-1"},"canonical":"https:\/\/www.greeneggtotaal.nl\/de\/product\/big-green-egg-halbmond-backstein-convegtator-medium\/","og_locale":"de_DE","og_type":"article","og_title":"Big Green Egg Half Moon Baking\/Conveggtor Stone Medium","og_description":"Ontdek de Medium Half Moon Baking\/Conveggtor Stone voor je Green Egg op GreenEggTotaal.nl. Perfect voor bakken en indirect grillen!","og_url":"https:\/\/www.greeneggtotaal.nl\/de\/product\/big-green-egg-halbmond-backstein-convegtator-medium\/","og_site_name":"GreenEggTotaal","article_modified_time":"2026-01-06T08:36:34+00:00","og_image":[{"width":500,"height":500,"url":"https:\/\/www.greeneggtotaal.nl\/wp-content\/uploads\/2025\/08\/baking-stone-halfmoon-large-1080-2.webp","type":"image\/webp"}],"twitter_card":"summary_large_image","twitter_misc":{"Gesch\u00e4tzte Lesezeit":"1\u00a0Minute"},"schema":{"@context":"https:\/\/schema.org","@graph":[{"@type":"WebPage","@id":"https:\/\/www.greeneggtotaal.nl\/product\/big-green-egg-half-moon-baking-conveggtor-stone-medium\/","url":"https:\/\/www.greeneggtotaal.nl\/product\/big-green-egg-half-moon-baking-conveggtor-stone-medium\/","name":"Big Green Egg Halbmond-Back-\/Kochstein Medium","isPartOf":{"@id":"https:\/\/www.greeneggtotaal.nl\/nl\/#website"},"primaryImageOfPage":{"@id":"https:\/\/www.greeneggtotaal.nl\/product\/big-green-egg-half-moon-baking-conveggtor-stone-medium\/#primaryimage"},"image":{"@id":"https:\/\/www.greeneggtotaal.nl\/product\/big-green-egg-half-moon-baking-conveggtor-stone-medium\/#primaryimage"},"thumbnailUrl":"https:\/\/www.greeneggtotaal.nl\/wp-content\/uploads\/2025\/08\/baking-stone-halfmoon-large-1080-2.webp","datePublished":"2025-08-01T11:50:25+00:00","dateModified":"2026-01-06T08:36:34+00:00","description":"Entdecken Sie den Medium Half Moon Baking\/Conveggtor Stone f\u00fcr Ihr Green Egg auf GreenEggTotaal.nl. Perfekt zum Backen und indirekten Grillen!","breadcrumb":{"@id":"https:\/\/www.greeneggtotaal.nl\/product\/big-green-egg-half-moon-baking-conveggtor-stone-medium\/#breadcrumb"},"inLanguage":"de","potentialAction":[{"@type":"ReadAction","target":["https:\/\/www.greeneggtotaal.nl\/product\/big-green-egg-half-moon-baking-conveggtor-stone-medium\/"]}]},{"@type":"ImageObject","inLanguage":"de","@id":"https:\/\/www.greeneggtotaal.nl\/product\/big-green-egg-half-moon-baking-conveggtor-stone-medium\/#primaryimage","url":"https:\/\/www.greeneggtotaal.nl\/wp-content\/uploads\/2025\/08\/baking-stone-halfmoon-large-1080-2.webp","contentUrl":"https:\/\/www.greeneggtotaal.nl\/wp-content\/uploads\/2025\/08\/baking-stone-halfmoon-large-1080-2.webp","width":500,"height":500,"caption":"Big Green Egg Half Moon Baking\/Conveggtor Stone Medium"},{"@type":"BreadcrumbList","@id":"https:\/\/www.greeneggtotaal.nl\/product\/big-green-egg-half-moon-baking-conveggtor-stone-medium\/#breadcrumb","itemListElement":[{"@type":"ListItem","position":1,"name":"Home","item":"https:\/\/www.greeneggtotaal.nl\/"},{"@type":"ListItem","position":2,"name":"Shop","item":"https:\/\/www.greeneggtotaal.nl\/nl\/shop\/"},{"@type":"ListItem","position":3,"name":"Big Green Egg Half Moon Baking\/Conveggtor Stone Medium"}]},{"@type":"WebSite","@id":"https:\/\/www.greeneggtotaal.nl\/nl\/#website","url":"https:\/\/www.greeneggtotaal.nl\/nl\/","name":"greeneggtotaal.nl","description":"Der Big Green Egg Spezialist","publisher":{"@id":"https:\/\/www.greeneggtotaal.nl\/nl\/#organization"},"potentialAction":[{"@type":"SearchAction","target":{"@type":"EntryPoint","urlTemplate":"https:\/\/www.greeneggtotaal.nl\/nl\/?s={search_term_string}"},"query-input":{"@type":"PropertyValueSpecification","valueRequired":true,"valueName":"search_term_string"}}],"inLanguage":"de"},{"@type":"Organization","@id":"https:\/\/www.greeneggtotaal.nl\/nl\/#organization","name":"Green Egg Totaal","url":"https:\/\/www.greeneggtotaal.nl\/nl\/","logo":{"@type":"ImageObject","inLanguage":"de","@id":"https:\/\/www.greeneggtotaal.nl\/nl\/#\/schema\/logo\/image\/","url":"https:\/\/www.greeneggtotaal.nl\/wp-content\/uploads\/2025\/06\/Green-Egg-Totaal-Logo.png","contentUrl":"https:\/\/www.greeneggtotaal.nl\/wp-content\/uploads\/2025\/06\/Green-Egg-Totaal-Logo.png","width":225,"height":95,"caption":"Green Egg Totaal"},"image":{"@id":"https:\/\/www.greeneggtotaal.nl\/nl\/#\/schema\/logo\/image\/"}}]}},"_links":{"self":[{"href":"https:\/\/www.greeneggtotaal.nl\/de\/wp-json\/wp\/v2\/product\/13418","targetHints":{"allow":["GET"]}}],"collection":[{"href":"https:\/\/www.greeneggtotaal.nl\/de\/wp-json\/wp\/v2\/product"}],"about":[{"href":"https:\/\/www.greeneggtotaal.nl\/de\/wp-json\/wp\/v2\/types\/product"}],"wp:featuredmedia":[{"embeddable":true,"href":"https:\/\/www.greeneggtotaal.nl\/de\/wp-json\/wp\/v2\/media\/13417"}],"wp:attachment":[{"href":"https:\/\/www.greeneggtotaal.nl\/de\/wp-json\/wp\/v2\/media?parent=13418"}],"wp:term":[{"taxonomy":"product_brand","embeddable":true,"href":"https:\/\/www.greeneggtotaal.nl\/de\/wp-json\/wp\/v2\/product_brand?post=13418"},{"taxonomy":"product_cat","embeddable":true,"href":"https:\/\/www.greeneggtotaal.nl\/de\/wp-json\/wp\/v2\/product_cat?post=13418"},{"taxonomy":"product_tag","embeddable":true,"href":"https:\/\/www.greeneggtotaal.nl\/de\/wp-json\/wp\/v2\/product_tag?post=13418"}],"curies":[{"name":"wp","href":"https:\/\/api.w.org\/{rel}","templated":true}]}}