{"id":14385,"date":"2025-08-01T13:53:50","date_gmt":"2025-08-01T11:53:50","guid":{"rendered":"https:\/\/baselinkweb.nl\/greeneggtotaal\/?post_type=product&#038;p=14385"},"modified":"2026-04-07T10:04:20","modified_gmt":"2026-04-07T08:04:20","slug":"ofyr-island-black-85-teakholz","status":"publish","type":"product","link":"https:\/\/www.greeneggtotaal.nl\/de\/product\/ofyr-island-black-85-teak-wood\/","title":{"rendered":"OFYR Island+ Schwarz 85 Teakholz"},"content":{"rendered":"<p><strong>Dieses neue Modell besteht aus einem gedrehten Kegel und einer Airflow-Platte. Diese All-in-One-Au\u00dfenk\u00fcche vereint Funktionalit\u00e4t und einzigartiges Design in einer kompakten Bauweise. Der OFYR Island 85 besteht aus einem Kochger\u00e4t mit Holzlager, einer stabilen Arbeitsplatte und einem praktischen Halter f\u00fcr K\u00fcchenutensilien und Gew\u00fcrze. Erh\u00e4ltlich mit einer Arbeitsplatte aus Teakholz oder dunkelgrauer Keramik.\u00a0<\/strong><\/p>\n<ul>\n<li>Geeignet f\u00fcr 10-12 Personen.<\/li>\n<li>Die Keramik-Arbeitsplatte kann dauerhaft drau\u00dfen bleiben. Eine Arbeitsplatte aus Teakholz wird am besten im Haus aufbewahrt und sollte regelm\u00e4\u00dfig mit einem Pflanzen\u00f6l behandelt werden.<\/li>\n<li>Die Werkzeugablage kann entweder an der Seite oder an der R\u00fcckseite angebracht werden.<\/li>\n<li>Die schwarzen Modelle sind wartungsintensiver und es wird empfohlen, eine Abdeckung zu verwenden. Au\u00dferdem sollte die Oberseite der Insel sauber und trocken gehalten werden, insbesondere an der Basis des Kegels, um Rostbildung zu vermeiden.<\/li>\n<\/ul>","protected":false},"excerpt":{"rendered":"<p>Dit nieuwe model betreft een gesponnen kegel en Airflow plate. Deze alles-in-\u00e9\u00e9n buitenkeuken combineert functionaliteit en een uniek design in een compact ontwerp. Het OFYR Island 85 bestaat uit een kooktoestel met houtopslag, een stevig werkblad en een praktische houder voor keukengerei en kruiden. Verkrijgbaar met een teakhout of donkergrijs keramiek werkblad.\u00a0 Geschikt voor 10-12 [&hellip;]<\/p>\n","protected":false},"featured_media":14384,"template":"","meta":[],"product_brand":[239],"product_cat":[123,126,122],"product_tag":[],"class_list":{"0":"post-14385","1":"product","2":"type-product","3":"status-publish","4":"has-post-thumbnail","6":"product_brand-ofyr","7":"product_cat-ofyr","8":"product_cat-ofyr-modellen","9":"product_cat-planchas","11":"first","12":"instock","13":"sale","14":"taxable","15":"shipping-taxable","16":"purchasable","17":"product-type-composite"},"yoast_head":"<!-- This site is optimized with the Yoast SEO Premium plugin v27.4 (Yoast SEO v27.4) - https:\/\/yoast.com\/product\/yoast-seo-premium-wordpress\/ -->\n<title>OFYR Island+ Black 85 Teak Wood<\/title>\n<meta name=\"description\" content=\"OFYR Island+ Black 85 met teak werkblad. Compacte buitenkeuken met vuurschaal en houtopslag voor stijlvol en professioneel koken in vaste opstelling.\" \/>\n<meta name=\"robots\" content=\"index, follow, max-snippet:-1, max-image-preview:large, max-video-preview:-1\" \/>\n<link rel=\"canonical\" href=\"https:\/\/www.greeneggtotaal.nl\/de\/product\/ofyr-island-black-85-teakholz\/\" \/>\n<meta property=\"og:locale\" content=\"de_DE\" \/>\n<meta property=\"og:type\" content=\"article\" \/>\n<meta property=\"og:title\" content=\"OFYR Island+ Black 85 Teak Wood\" \/>\n<meta property=\"og:description\" content=\"OFYR Island+ Black 85 met teak werkblad. Compacte buitenkeuken met vuurschaal en houtopslag voor stijlvol en professioneel koken in vaste opstelling.\" \/>\n<meta property=\"og:url\" content=\"https:\/\/www.greeneggtotaal.nl\/de\/product\/ofyr-island-black-85-teakholz\/\" \/>\n<meta property=\"og:site_name\" content=\"GreenEggTotaal\" \/>\n<meta property=\"article:modified_time\" content=\"2026-04-07T08:04:20+00:00\" \/>\n<meta property=\"og:image\" content=\"https:\/\/www.greeneggtotaal.nl\/wp-content\/uploads\/2025\/08\/OI3B85W.webp\" \/>\n\t<meta property=\"og:image:width\" content=\"500\" \/>\n\t<meta property=\"og:image:height\" content=\"500\" \/>\n\t<meta property=\"og:image:type\" content=\"image\/webp\" \/>\n<meta name=\"twitter:card\" content=\"summary_large_image\" \/>\n<meta name=\"twitter:label1\" content=\"Gesch\u00e4tzte Lesezeit\" \/>\n\t<meta name=\"twitter:data1\" content=\"1\u00a0Minute\" \/>\n<script type=\"application\/ld+json\" class=\"yoast-schema-graph\">{\"@context\":\"https:\\\/\\\/schema.org\",\"@graph\":[{\"@type\":\"WebPage\",\"@id\":\"https:\\\/\\\/www.greeneggtotaal.nl\\\/product\\\/ofyr-island-black-85-teak-wood\\\/\",\"url\":\"https:\\\/\\\/www.greeneggtotaal.nl\\\/product\\\/ofyr-island-black-85-teak-wood\\\/\",\"name\":\"OFYR Island+ Black 85 Teak Wood\",\"isPartOf\":{\"@id\":\"https:\\\/\\\/www.greeneggtotaal.nl\\\/nl\\\/#website\"},\"primaryImageOfPage\":{\"@id\":\"https:\\\/\\\/www.greeneggtotaal.nl\\\/product\\\/ofyr-island-black-85-teak-wood\\\/#primaryimage\"},\"image\":{\"@id\":\"https:\\\/\\\/www.greeneggtotaal.nl\\\/product\\\/ofyr-island-black-85-teak-wood\\\/#primaryimage\"},\"thumbnailUrl\":\"https:\\\/\\\/www.greeneggtotaal.nl\\\/wp-content\\\/uploads\\\/2025\\\/08\\\/OI3B85W.webp\",\"datePublished\":\"2025-08-01T11:53:50+00:00\",\"dateModified\":\"2026-04-07T08:04:20+00:00\",\"description\":\"OFYR Island+ Black 85 met teak werkblad. Compacte buitenkeuken met vuurschaal en houtopslag voor stijlvol en professioneel koken in vaste opstelling.\",\"breadcrumb\":{\"@id\":\"https:\\\/\\\/www.greeneggtotaal.nl\\\/product\\\/ofyr-island-black-85-teak-wood\\\/#breadcrumb\"},\"inLanguage\":\"de\",\"potentialAction\":[{\"@type\":\"ReadAction\",\"target\":[\"https:\\\/\\\/www.greeneggtotaal.nl\\\/product\\\/ofyr-island-black-85-teak-wood\\\/\"]}]},{\"@type\":\"ImageObject\",\"inLanguage\":\"de\",\"@id\":\"https:\\\/\\\/www.greeneggtotaal.nl\\\/product\\\/ofyr-island-black-85-teak-wood\\\/#primaryimage\",\"url\":\"https:\\\/\\\/www.greeneggtotaal.nl\\\/wp-content\\\/uploads\\\/2025\\\/08\\\/OI3B85W.webp\",\"contentUrl\":\"https:\\\/\\\/www.greeneggtotaal.nl\\\/wp-content\\\/uploads\\\/2025\\\/08\\\/OI3B85W.webp\",\"width\":500,\"height\":500,\"caption\":\"OFYR Island+ Black 85 Teak Wood\"},{\"@type\":\"BreadcrumbList\",\"@id\":\"https:\\\/\\\/www.greeneggtotaal.nl\\\/product\\\/ofyr-island-black-85-teak-wood\\\/#breadcrumb\",\"itemListElement\":[{\"@type\":\"ListItem\",\"position\":1,\"name\":\"Home\",\"item\":\"https:\\\/\\\/www.greeneggtotaal.nl\\\/\"},{\"@type\":\"ListItem\",\"position\":2,\"name\":\"Shop\",\"item\":\"https:\\\/\\\/www.greeneggtotaal.nl\\\/nl\\\/shop\\\/\"},{\"@type\":\"ListItem\",\"position\":3,\"name\":\"OFYR Island+ Black 85 Teak Wood\"}]},{\"@type\":\"WebSite\",\"@id\":\"https:\\\/\\\/www.greeneggtotaal.nl\\\/nl\\\/#website\",\"url\":\"https:\\\/\\\/www.greeneggtotaal.nl\\\/nl\\\/\",\"name\":\"greeneggtotaal.nl\",\"description\":\"D\u00e9 Big Green Egg Specialist\",\"publisher\":{\"@id\":\"https:\\\/\\\/www.greeneggtotaal.nl\\\/nl\\\/#organization\"},\"potentialAction\":[{\"@type\":\"SearchAction\",\"target\":{\"@type\":\"EntryPoint\",\"urlTemplate\":\"https:\\\/\\\/www.greeneggtotaal.nl\\\/nl\\\/?s={search_term_string}\"},\"query-input\":{\"@type\":\"PropertyValueSpecification\",\"valueRequired\":true,\"valueName\":\"search_term_string\"}}],\"inLanguage\":\"de\"},{\"@type\":\"Organization\",\"@id\":\"https:\\\/\\\/www.greeneggtotaal.nl\\\/nl\\\/#organization\",\"name\":\"Green Egg Totaal\",\"url\":\"https:\\\/\\\/www.greeneggtotaal.nl\\\/nl\\\/\",\"logo\":{\"@type\":\"ImageObject\",\"inLanguage\":\"de\",\"@id\":\"https:\\\/\\\/www.greeneggtotaal.nl\\\/nl\\\/#\\\/schema\\\/logo\\\/image\\\/\",\"url\":\"https:\\\/\\\/www.greeneggtotaal.nl\\\/wp-content\\\/uploads\\\/2025\\\/06\\\/Green-Egg-Totaal-Logo.png\",\"contentUrl\":\"https:\\\/\\\/www.greeneggtotaal.nl\\\/wp-content\\\/uploads\\\/2025\\\/06\\\/Green-Egg-Totaal-Logo.png\",\"width\":225,\"height\":95,\"caption\":\"Green Egg Totaal\"},\"image\":{\"@id\":\"https:\\\/\\\/www.greeneggtotaal.nl\\\/nl\\\/#\\\/schema\\\/logo\\\/image\\\/\"}}]}<\/script>\n<!-- \/ Yoast SEO Premium plugin. -->","yoast_head_json":{"title":"OFYR Island+ Schwarz 85 Teakholz","description":"OFYR Island+ Black 85 mit Teakholz-Arbeitsplatte. Kompakte Au\u00dfenk\u00fcche mit Feuerschale und Holzlager f\u00fcr stilvolles und professionelles Kochen in fester Aufstellung.","robots":{"index":"index","follow":"follow","max-snippet":"max-snippet:-1","max-image-preview":"max-image-preview:large","max-video-preview":"max-video-preview:-1"},"canonical":"https:\/\/www.greeneggtotaal.nl\/de\/product\/ofyr-island-black-85-teakholz\/","og_locale":"de_DE","og_type":"article","og_title":"OFYR Island+ Black 85 Teak Wood","og_description":"OFYR Island+ Black 85 met teak werkblad. Compacte buitenkeuken met vuurschaal en houtopslag voor stijlvol en professioneel koken in vaste opstelling.","og_url":"https:\/\/www.greeneggtotaal.nl\/de\/product\/ofyr-island-black-85-teakholz\/","og_site_name":"GreenEggTotaal","article_modified_time":"2026-04-07T08:04:20+00:00","og_image":[{"width":500,"height":500,"url":"https:\/\/www.greeneggtotaal.nl\/wp-content\/uploads\/2025\/08\/OI3B85W.webp","type":"image\/webp"}],"twitter_card":"summary_large_image","twitter_misc":{"Gesch\u00e4tzte Lesezeit":"1\u00a0Minute"},"schema":{"@context":"https:\/\/schema.org","@graph":[{"@type":"WebPage","@id":"https:\/\/www.greeneggtotaal.nl\/product\/ofyr-island-black-85-teak-wood\/","url":"https:\/\/www.greeneggtotaal.nl\/product\/ofyr-island-black-85-teak-wood\/","name":"OFYR Island+ Schwarz 85 Teakholz","isPartOf":{"@id":"https:\/\/www.greeneggtotaal.nl\/nl\/#website"},"primaryImageOfPage":{"@id":"https:\/\/www.greeneggtotaal.nl\/product\/ofyr-island-black-85-teak-wood\/#primaryimage"},"image":{"@id":"https:\/\/www.greeneggtotaal.nl\/product\/ofyr-island-black-85-teak-wood\/#primaryimage"},"thumbnailUrl":"https:\/\/www.greeneggtotaal.nl\/wp-content\/uploads\/2025\/08\/OI3B85W.webp","datePublished":"2025-08-01T11:53:50+00:00","dateModified":"2026-04-07T08:04:20+00:00","description":"OFYR Island+ Black 85 mit Teakholz-Arbeitsplatte. Kompakte Au\u00dfenk\u00fcche mit Feuerschale und Holzlager f\u00fcr stilvolles und professionelles Kochen in fester Aufstellung.","breadcrumb":{"@id":"https:\/\/www.greeneggtotaal.nl\/product\/ofyr-island-black-85-teak-wood\/#breadcrumb"},"inLanguage":"de","potentialAction":[{"@type":"ReadAction","target":["https:\/\/www.greeneggtotaal.nl\/product\/ofyr-island-black-85-teak-wood\/"]}]},{"@type":"ImageObject","inLanguage":"de","@id":"https:\/\/www.greeneggtotaal.nl\/product\/ofyr-island-black-85-teak-wood\/#primaryimage","url":"https:\/\/www.greeneggtotaal.nl\/wp-content\/uploads\/2025\/08\/OI3B85W.webp","contentUrl":"https:\/\/www.greeneggtotaal.nl\/wp-content\/uploads\/2025\/08\/OI3B85W.webp","width":500,"height":500,"caption":"OFYR Island+ Black 85 Teak Wood"},{"@type":"BreadcrumbList","@id":"https:\/\/www.greeneggtotaal.nl\/product\/ofyr-island-black-85-teak-wood\/#breadcrumb","itemListElement":[{"@type":"ListItem","position":1,"name":"Home","item":"https:\/\/www.greeneggtotaal.nl\/"},{"@type":"ListItem","position":2,"name":"Shop","item":"https:\/\/www.greeneggtotaal.nl\/nl\/shop\/"},{"@type":"ListItem","position":3,"name":"OFYR Island+ Black 85 Teak Wood"}]},{"@type":"WebSite","@id":"https:\/\/www.greeneggtotaal.nl\/nl\/#website","url":"https:\/\/www.greeneggtotaal.nl\/nl\/","name":"greeneggtotaal.nl","description":"Der Big Green Egg Spezialist","publisher":{"@id":"https:\/\/www.greeneggtotaal.nl\/nl\/#organization"},"potentialAction":[{"@type":"SearchAction","target":{"@type":"EntryPoint","urlTemplate":"https:\/\/www.greeneggtotaal.nl\/nl\/?s={search_term_string}"},"query-input":{"@type":"PropertyValueSpecification","valueRequired":true,"valueName":"search_term_string"}}],"inLanguage":"de"},{"@type":"Organization","@id":"https:\/\/www.greeneggtotaal.nl\/nl\/#organization","name":"Green Egg Totaal","url":"https:\/\/www.greeneggtotaal.nl\/nl\/","logo":{"@type":"ImageObject","inLanguage":"de","@id":"https:\/\/www.greeneggtotaal.nl\/nl\/#\/schema\/logo\/image\/","url":"https:\/\/www.greeneggtotaal.nl\/wp-content\/uploads\/2025\/06\/Green-Egg-Totaal-Logo.png","contentUrl":"https:\/\/www.greeneggtotaal.nl\/wp-content\/uploads\/2025\/06\/Green-Egg-Totaal-Logo.png","width":225,"height":95,"caption":"Green Egg Totaal"},"image":{"@id":"https:\/\/www.greeneggtotaal.nl\/nl\/#\/schema\/logo\/image\/"}}]}},"_links":{"self":[{"href":"https:\/\/www.greeneggtotaal.nl\/de\/wp-json\/wp\/v2\/product\/14385","targetHints":{"allow":["GET"]}}],"collection":[{"href":"https:\/\/www.greeneggtotaal.nl\/de\/wp-json\/wp\/v2\/product"}],"about":[{"href":"https:\/\/www.greeneggtotaal.nl\/de\/wp-json\/wp\/v2\/types\/product"}],"wp:featuredmedia":[{"embeddable":true,"href":"https:\/\/www.greeneggtotaal.nl\/de\/wp-json\/wp\/v2\/media\/14384"}],"wp:attachment":[{"href":"https:\/\/www.greeneggtotaal.nl\/de\/wp-json\/wp\/v2\/media?parent=14385"}],"wp:term":[{"taxonomy":"product_brand","embeddable":true,"href":"https:\/\/www.greeneggtotaal.nl\/de\/wp-json\/wp\/v2\/product_brand?post=14385"},{"taxonomy":"product_cat","embeddable":true,"href":"https:\/\/www.greeneggtotaal.nl\/de\/wp-json\/wp\/v2\/product_cat?post=14385"},{"taxonomy":"product_tag","embeddable":true,"href":"https:\/\/www.greeneggtotaal.nl\/de\/wp-json\/wp\/v2\/product_tag?post=14385"}],"curies":[{"name":"wp","href":"https:\/\/api.w.org\/{rel}","templated":true}]}}