{"id":14411,"date":"2025-08-01T13:53:55","date_gmt":"2025-08-01T11:53:55","guid":{"rendered":"https:\/\/baselinkweb.nl\/greeneggtotaal\/product\/ofyr-island-corten-100-pro-ceramic-dark-grey-2025-model\/"},"modified":"2026-04-07T10:04:21","modified_gmt":"2026-04-07T08:04:21","slug":"ofyr-island-corten-100-pro-ceramic-dunkelgrau","status":"publish","type":"product","link":"https:\/\/www.greeneggtotaal.nl\/de\/product\/ofyr-island-corten-100-pro-ceramic-dark-grey\/","title":{"rendered":"OFYR Island+ Corten 100 PRO Ceramic Dunkelgrau"},"content":{"rendered":"<p><strong>Dieses neue Modell besteht aus einem gedrehten Kegel und einer Airflow-Platte. Der OFYR Island 100 PRO ist eine mobile All-in-One-Au\u00dfenk\u00fcche. Das Ger\u00e4t ist praktisch, stilvoll, kompakt und mobil. Neben einem Kochger\u00e4t verf\u00fcgt es \u00fcber eine Arbeitsplatte, eine Werkzeugablage und Stauraum. Die Arbeitsplatte ist in Teakholz und Keramik erh\u00e4ltlich.\u00a0<\/strong><\/p>\n<ul>\n<li>Geeignet f\u00fcr 15-20 Personen.<\/li>\n<li>Teil der PRO-Kollektion, mit der Sie eine professionelle Au\u00dfenk\u00fcche zusammenstellen k\u00f6nnen.<\/li>\n<li>Keramik kann dauerhaft im Freien stehen bleiben.<\/li>\n<li>Leicht zu transportieren. Das M\u00f6belst\u00fcck ist relativ schwer, wenn der Stauraum mit Holz gef\u00fcllt ist.<\/li>\n<li>Die Werkzeugablage kann sowohl an der Seite als auch an der R\u00fcckseite montiert werden.<\/li>\n<li>Halten Sie bei beiden Modellen die Arbeitsfl\u00e4che sauber und trocken. Die Verwendung einer Abdeckung oder Schutzh\u00fclle wird empfohlen.<\/li>\n<\/ul>","protected":false},"excerpt":{"rendered":"<p>Dit nieuwe model betreft een gesponnen kegel en Airflow plate. Het OFYR Island 100 PRO is een mobiele alles-in-\u00e9\u00e9n buitenkeuken. De unit is praktisch, stijlvol, compact en verplaatsbaar. Naast een kooktoestel heeft het een werkblad, een tooltray en opbergruimte. Het werkblad is verkrijgbaar in teakhout en keramiek.\u00a0 Geschikt voor 15-20 personen. Onderdeel van de PRO-collectie [&hellip;]<\/p>\n","protected":false},"featured_media":14410,"template":"","meta":[],"product_brand":[239],"product_cat":[123,126,122],"product_tag":[],"class_list":{"0":"post-14411","1":"product","2":"type-product","3":"status-publish","4":"has-post-thumbnail","6":"product_brand-ofyr","7":"product_cat-ofyr","8":"product_cat-ofyr-modellen","9":"product_cat-planchas","11":"first","12":"instock","13":"sale","14":"taxable","15":"shipping-taxable","16":"purchasable","17":"product-type-composite"},"yoast_head":"<!-- This site is optimized with the Yoast SEO Premium plugin v27.4 (Yoast SEO v27.4) - https:\/\/yoast.com\/product\/yoast-seo-premium-wordpress\/ -->\n<title>OFYR Island+ Corten 100 PRO Ceramic Dark Grey<\/title>\n<meta name=\"description\" content=\"OFYR Island+ Corten 100 PRO met keramisch werkblad. Mobiele buitenkeuken met vuurschaal, houtopslag en tijdloos design voor professioneel buiten koken.\" \/>\n<meta name=\"robots\" content=\"index, follow, max-snippet:-1, max-image-preview:large, max-video-preview:-1\" \/>\n<link rel=\"canonical\" href=\"https:\/\/www.greeneggtotaal.nl\/de\/product\/ofyr-island-corten-100-pro-ceramic-dunkelgrau\/\" \/>\n<meta property=\"og:locale\" content=\"de_DE\" \/>\n<meta property=\"og:type\" content=\"article\" \/>\n<meta property=\"og:title\" content=\"OFYR Island+ Corten 100 PRO Ceramic Dark Grey\" \/>\n<meta property=\"og:description\" content=\"OFYR Island+ Corten 100 PRO met keramisch werkblad. Mobiele buitenkeuken met vuurschaal, houtopslag en tijdloos design voor professioneel buiten koken.\" \/>\n<meta property=\"og:url\" content=\"https:\/\/www.greeneggtotaal.nl\/de\/product\/ofyr-island-corten-100-pro-ceramic-dunkelgrau\/\" \/>\n<meta property=\"og:site_name\" content=\"GreenEggTotaal\" \/>\n<meta property=\"article:modified_time\" content=\"2026-04-07T08:04:21+00:00\" \/>\n<meta property=\"og:image\" content=\"https:\/\/www.greeneggtotaal.nl\/wp-content\/uploads\/2025\/08\/ontwerp-zonder-titel-2025-04-23t095053.355.webp\" \/>\n\t<meta property=\"og:image:width\" content=\"500\" \/>\n\t<meta property=\"og:image:height\" content=\"500\" \/>\n\t<meta property=\"og:image:type\" content=\"image\/webp\" \/>\n<meta name=\"twitter:card\" content=\"summary_large_image\" \/>\n<meta name=\"twitter:label1\" content=\"Gesch\u00e4tzte Lesezeit\" \/>\n\t<meta name=\"twitter:data1\" content=\"1\u00a0Minute\" \/>\n<script type=\"application\/ld+json\" class=\"yoast-schema-graph\">{\"@context\":\"https:\\\/\\\/schema.org\",\"@graph\":[{\"@type\":\"WebPage\",\"@id\":\"https:\\\/\\\/www.greeneggtotaal.nl\\\/product\\\/ofyr-island-corten-100-pro-ceramic-dark-grey\\\/\",\"url\":\"https:\\\/\\\/www.greeneggtotaal.nl\\\/product\\\/ofyr-island-corten-100-pro-ceramic-dark-grey\\\/\",\"name\":\"OFYR Island+ Corten 100 PRO Ceramic Dark Grey\",\"isPartOf\":{\"@id\":\"https:\\\/\\\/www.greeneggtotaal.nl\\\/nl\\\/#website\"},\"primaryImageOfPage\":{\"@id\":\"https:\\\/\\\/www.greeneggtotaal.nl\\\/product\\\/ofyr-island-corten-100-pro-ceramic-dark-grey\\\/#primaryimage\"},\"image\":{\"@id\":\"https:\\\/\\\/www.greeneggtotaal.nl\\\/product\\\/ofyr-island-corten-100-pro-ceramic-dark-grey\\\/#primaryimage\"},\"thumbnailUrl\":\"https:\\\/\\\/www.greeneggtotaal.nl\\\/wp-content\\\/uploads\\\/2025\\\/08\\\/ontwerp-zonder-titel-2025-04-23t095053.355.webp\",\"datePublished\":\"2025-08-01T11:53:55+00:00\",\"dateModified\":\"2026-04-07T08:04:21+00:00\",\"description\":\"OFYR Island+ Corten 100 PRO met keramisch werkblad. Mobiele buitenkeuken met vuurschaal, houtopslag en tijdloos design voor professioneel buiten koken.\",\"breadcrumb\":{\"@id\":\"https:\\\/\\\/www.greeneggtotaal.nl\\\/product\\\/ofyr-island-corten-100-pro-ceramic-dark-grey\\\/#breadcrumb\"},\"inLanguage\":\"de\",\"potentialAction\":[{\"@type\":\"ReadAction\",\"target\":[\"https:\\\/\\\/www.greeneggtotaal.nl\\\/product\\\/ofyr-island-corten-100-pro-ceramic-dark-grey\\\/\"]}]},{\"@type\":\"ImageObject\",\"inLanguage\":\"de\",\"@id\":\"https:\\\/\\\/www.greeneggtotaal.nl\\\/product\\\/ofyr-island-corten-100-pro-ceramic-dark-grey\\\/#primaryimage\",\"url\":\"https:\\\/\\\/www.greeneggtotaal.nl\\\/wp-content\\\/uploads\\\/2025\\\/08\\\/ontwerp-zonder-titel-2025-04-23t095053.355.webp\",\"contentUrl\":\"https:\\\/\\\/www.greeneggtotaal.nl\\\/wp-content\\\/uploads\\\/2025\\\/08\\\/ontwerp-zonder-titel-2025-04-23t095053.355.webp\",\"width\":500,\"height\":500,\"caption\":\"OFYR Island+ Corten 100 PRO Ceramic Dark Grey\"},{\"@type\":\"BreadcrumbList\",\"@id\":\"https:\\\/\\\/www.greeneggtotaal.nl\\\/product\\\/ofyr-island-corten-100-pro-ceramic-dark-grey\\\/#breadcrumb\",\"itemListElement\":[{\"@type\":\"ListItem\",\"position\":1,\"name\":\"Home\",\"item\":\"https:\\\/\\\/www.greeneggtotaal.nl\\\/\"},{\"@type\":\"ListItem\",\"position\":2,\"name\":\"Shop\",\"item\":\"https:\\\/\\\/www.greeneggtotaal.nl\\\/nl\\\/shop\\\/\"},{\"@type\":\"ListItem\",\"position\":3,\"name\":\"OFYR Island+ Corten 100 PRO Ceramic Dark Grey\"}]},{\"@type\":\"WebSite\",\"@id\":\"https:\\\/\\\/www.greeneggtotaal.nl\\\/nl\\\/#website\",\"url\":\"https:\\\/\\\/www.greeneggtotaal.nl\\\/nl\\\/\",\"name\":\"greeneggtotaal.nl\",\"description\":\"D\u00e9 Big Green Egg Specialist\",\"publisher\":{\"@id\":\"https:\\\/\\\/www.greeneggtotaal.nl\\\/nl\\\/#organization\"},\"potentialAction\":[{\"@type\":\"SearchAction\",\"target\":{\"@type\":\"EntryPoint\",\"urlTemplate\":\"https:\\\/\\\/www.greeneggtotaal.nl\\\/nl\\\/?s={search_term_string}\"},\"query-input\":{\"@type\":\"PropertyValueSpecification\",\"valueRequired\":true,\"valueName\":\"search_term_string\"}}],\"inLanguage\":\"de\"},{\"@type\":\"Organization\",\"@id\":\"https:\\\/\\\/www.greeneggtotaal.nl\\\/nl\\\/#organization\",\"name\":\"Green Egg Totaal\",\"url\":\"https:\\\/\\\/www.greeneggtotaal.nl\\\/nl\\\/\",\"logo\":{\"@type\":\"ImageObject\",\"inLanguage\":\"de\",\"@id\":\"https:\\\/\\\/www.greeneggtotaal.nl\\\/nl\\\/#\\\/schema\\\/logo\\\/image\\\/\",\"url\":\"https:\\\/\\\/www.greeneggtotaal.nl\\\/wp-content\\\/uploads\\\/2025\\\/06\\\/Green-Egg-Totaal-Logo.png\",\"contentUrl\":\"https:\\\/\\\/www.greeneggtotaal.nl\\\/wp-content\\\/uploads\\\/2025\\\/06\\\/Green-Egg-Totaal-Logo.png\",\"width\":225,\"height\":95,\"caption\":\"Green Egg Totaal\"},\"image\":{\"@id\":\"https:\\\/\\\/www.greeneggtotaal.nl\\\/nl\\\/#\\\/schema\\\/logo\\\/image\\\/\"}}]}<\/script>\n<!-- \/ Yoast SEO Premium plugin. -->","yoast_head_json":{"title":"OFYR Island+ Corten 100 PRO Ceramic Dunkelgrau","description":"OFYR Island+ Corten 100 PRO mit Keramik-Arbeitsplatte. Mobile Au\u00dfenk\u00fcche mit Feuerschale, Holzlager und zeitlosem Design f\u00fcr professionelles Kochen im Freien.","robots":{"index":"index","follow":"follow","max-snippet":"max-snippet:-1","max-image-preview":"max-image-preview:large","max-video-preview":"max-video-preview:-1"},"canonical":"https:\/\/www.greeneggtotaal.nl\/de\/product\/ofyr-island-corten-100-pro-ceramic-dunkelgrau\/","og_locale":"de_DE","og_type":"article","og_title":"OFYR Island+ Corten 100 PRO Ceramic Dark Grey","og_description":"OFYR Island+ Corten 100 PRO met keramisch werkblad. Mobiele buitenkeuken met vuurschaal, houtopslag en tijdloos design voor professioneel buiten koken.","og_url":"https:\/\/www.greeneggtotaal.nl\/de\/product\/ofyr-island-corten-100-pro-ceramic-dunkelgrau\/","og_site_name":"GreenEggTotaal","article_modified_time":"2026-04-07T08:04:21+00:00","og_image":[{"width":500,"height":500,"url":"https:\/\/www.greeneggtotaal.nl\/wp-content\/uploads\/2025\/08\/ontwerp-zonder-titel-2025-04-23t095053.355.webp","type":"image\/webp"}],"twitter_card":"summary_large_image","twitter_misc":{"Gesch\u00e4tzte Lesezeit":"1\u00a0Minute"},"schema":{"@context":"https:\/\/schema.org","@graph":[{"@type":"WebPage","@id":"https:\/\/www.greeneggtotaal.nl\/product\/ofyr-island-corten-100-pro-ceramic-dark-grey\/","url":"https:\/\/www.greeneggtotaal.nl\/product\/ofyr-island-corten-100-pro-ceramic-dark-grey\/","name":"OFYR Island+ Corten 100 PRO Ceramic Dunkelgrau","isPartOf":{"@id":"https:\/\/www.greeneggtotaal.nl\/nl\/#website"},"primaryImageOfPage":{"@id":"https:\/\/www.greeneggtotaal.nl\/product\/ofyr-island-corten-100-pro-ceramic-dark-grey\/#primaryimage"},"image":{"@id":"https:\/\/www.greeneggtotaal.nl\/product\/ofyr-island-corten-100-pro-ceramic-dark-grey\/#primaryimage"},"thumbnailUrl":"https:\/\/www.greeneggtotaal.nl\/wp-content\/uploads\/2025\/08\/ontwerp-zonder-titel-2025-04-23t095053.355.webp","datePublished":"2025-08-01T11:53:55+00:00","dateModified":"2026-04-07T08:04:21+00:00","description":"OFYR Island+ Corten 100 PRO mit Keramik-Arbeitsplatte. Mobile Au\u00dfenk\u00fcche mit Feuerschale, Holzlager und zeitlosem Design f\u00fcr professionelles Kochen im Freien.","breadcrumb":{"@id":"https:\/\/www.greeneggtotaal.nl\/product\/ofyr-island-corten-100-pro-ceramic-dark-grey\/#breadcrumb"},"inLanguage":"de","potentialAction":[{"@type":"ReadAction","target":["https:\/\/www.greeneggtotaal.nl\/product\/ofyr-island-corten-100-pro-ceramic-dark-grey\/"]}]},{"@type":"ImageObject","inLanguage":"de","@id":"https:\/\/www.greeneggtotaal.nl\/product\/ofyr-island-corten-100-pro-ceramic-dark-grey\/#primaryimage","url":"https:\/\/www.greeneggtotaal.nl\/wp-content\/uploads\/2025\/08\/ontwerp-zonder-titel-2025-04-23t095053.355.webp","contentUrl":"https:\/\/www.greeneggtotaal.nl\/wp-content\/uploads\/2025\/08\/ontwerp-zonder-titel-2025-04-23t095053.355.webp","width":500,"height":500,"caption":"OFYR Island+ Corten 100 PRO Ceramic Dark Grey"},{"@type":"BreadcrumbList","@id":"https:\/\/www.greeneggtotaal.nl\/product\/ofyr-island-corten-100-pro-ceramic-dark-grey\/#breadcrumb","itemListElement":[{"@type":"ListItem","position":1,"name":"Home","item":"https:\/\/www.greeneggtotaal.nl\/"},{"@type":"ListItem","position":2,"name":"Shop","item":"https:\/\/www.greeneggtotaal.nl\/nl\/shop\/"},{"@type":"ListItem","position":3,"name":"OFYR Island+ Corten 100 PRO Ceramic Dark Grey"}]},{"@type":"WebSite","@id":"https:\/\/www.greeneggtotaal.nl\/nl\/#website","url":"https:\/\/www.greeneggtotaal.nl\/nl\/","name":"greeneggtotaal.nl","description":"Der Big Green Egg Spezialist","publisher":{"@id":"https:\/\/www.greeneggtotaal.nl\/nl\/#organization"},"potentialAction":[{"@type":"SearchAction","target":{"@type":"EntryPoint","urlTemplate":"https:\/\/www.greeneggtotaal.nl\/nl\/?s={search_term_string}"},"query-input":{"@type":"PropertyValueSpecification","valueRequired":true,"valueName":"search_term_string"}}],"inLanguage":"de"},{"@type":"Organization","@id":"https:\/\/www.greeneggtotaal.nl\/nl\/#organization","name":"Green Egg Totaal","url":"https:\/\/www.greeneggtotaal.nl\/nl\/","logo":{"@type":"ImageObject","inLanguage":"de","@id":"https:\/\/www.greeneggtotaal.nl\/nl\/#\/schema\/logo\/image\/","url":"https:\/\/www.greeneggtotaal.nl\/wp-content\/uploads\/2025\/06\/Green-Egg-Totaal-Logo.png","contentUrl":"https:\/\/www.greeneggtotaal.nl\/wp-content\/uploads\/2025\/06\/Green-Egg-Totaal-Logo.png","width":225,"height":95,"caption":"Green Egg Totaal"},"image":{"@id":"https:\/\/www.greeneggtotaal.nl\/nl\/#\/schema\/logo\/image\/"}}]}},"_links":{"self":[{"href":"https:\/\/www.greeneggtotaal.nl\/de\/wp-json\/wp\/v2\/product\/14411","targetHints":{"allow":["GET"]}}],"collection":[{"href":"https:\/\/www.greeneggtotaal.nl\/de\/wp-json\/wp\/v2\/product"}],"about":[{"href":"https:\/\/www.greeneggtotaal.nl\/de\/wp-json\/wp\/v2\/types\/product"}],"wp:featuredmedia":[{"embeddable":true,"href":"https:\/\/www.greeneggtotaal.nl\/de\/wp-json\/wp\/v2\/media\/14410"}],"wp:attachment":[{"href":"https:\/\/www.greeneggtotaal.nl\/de\/wp-json\/wp\/v2\/media?parent=14411"}],"wp:term":[{"taxonomy":"product_brand","embeddable":true,"href":"https:\/\/www.greeneggtotaal.nl\/de\/wp-json\/wp\/v2\/product_brand?post=14411"},{"taxonomy":"product_cat","embeddable":true,"href":"https:\/\/www.greeneggtotaal.nl\/de\/wp-json\/wp\/v2\/product_cat?post=14411"},{"taxonomy":"product_tag","embeddable":true,"href":"https:\/\/www.greeneggtotaal.nl\/de\/wp-json\/wp\/v2\/product_tag?post=14411"}],"curies":[{"name":"wp","href":"https:\/\/api.w.org\/{rel}","templated":true}]}}