{"id":15539,"date":"2025-08-08T11:10:40","date_gmt":"2025-08-08T09:10:40","guid":{"rendered":"https:\/\/baselinkweb.nl\/greeneggtotaal\/?post_type=product&#038;p=15539"},"modified":"2026-01-05T16:30:02","modified_gmt":"2026-01-05T15:30:02","slug":"exzellenter-pizzastein-fur-den-haushalt","status":"publish","type":"product","link":"https:\/\/www.greeneggtotaal.nl\/de\/product\/excellent-houseware-pizzasteen\/","title":{"rendered":"Excellent Houseware Pizzastein"},"content":{"rendered":"<p>Hergestellt aus <strong>keramisches Material<\/strong>, Dieser Pizzastein sorgt f\u00fcr eine gleichm\u00e4\u00dfige W\u00e4rmeverteilung und einen knusprigen Boden wie in einem traditionellen Steinofen. Der Stein eignet sich f\u00fcr Gasgrills, Holzkohlegrills und den Backofen. Dank seiner kompakten Gr\u00f6\u00dfe ist er einfach zu handhaben und zu verstauen.<\/p>","protected":false},"excerpt":{"rendered":"<p>Gemaakt van keramisch materiaal, deze pizzasteen zorgt voor een gelijkmatige warmteverdeling en een knapperige bodem zoals in een traditionele steenoven. De steen is geschikt voor gebruik op gasbarbecues, houtskoolgrills en in de keukenoven. Dankzij het compacte formaat is hij eenvoudig te hanteren en op te bergen.<\/p>","protected":false},"featured_media":15541,"template":"","meta":[],"product_brand":[289],"product_cat":[182],"product_tag":[],"class_list":{"0":"post-15539","1":"product","2":"type-product","3":"status-publish","4":"has-post-thumbnail","6":"product_brand-excellent-houseware","7":"product_cat-componenten","9":"first","10":"instock","11":"taxable","12":"shipping-taxable","13":"purchasable","14":"product-type-simple"},"yoast_head":"<!-- This site is optimized with the Yoast SEO Premium plugin v27.4 (Yoast SEO v27.4) - https:\/\/yoast.com\/product\/yoast-seo-premium-wordpress\/ -->\n<title>Excellent Houseware Pizzasteen<\/title>\n<meta name=\"description\" content=\"Excellent Houseware Pizzasteen. Keramische steen voor krokante pizza\u2019s van BBQ of oven. Hittebestendig, compact en perfect voor steenovenresultaat thuis.\" \/>\n<meta name=\"robots\" content=\"noindex, follow\" \/>\n<meta property=\"og:locale\" content=\"de_DE\" \/>\n<meta property=\"og:type\" content=\"article\" \/>\n<meta property=\"og:title\" content=\"Excellent Houseware Pizzasteen\" \/>\n<meta property=\"og:description\" content=\"Excellent Houseware Pizzasteen. Keramische steen voor krokante pizza\u2019s van BBQ of oven. Hittebestendig, compact en perfect voor steenovenresultaat thuis.\" \/>\n<meta property=\"og:url\" content=\"https:\/\/www.greeneggtotaal.nl\/de\/product\/exzellenter-pizzastein-fur-den-haushalt\/\" \/>\n<meta property=\"og:site_name\" content=\"GreenEggTotaal\" \/>\n<meta property=\"article:modified_time\" content=\"2026-01-05T15:30:02+00:00\" \/>\n<meta property=\"og:image\" content=\"https:\/\/www.greeneggtotaal.nl\/wp-content\/uploads\/2025\/08\/Ontwerp_zonder_titel__19_-removebg-preview.webp\" \/>\n\t<meta property=\"og:image:width\" content=\"500\" \/>\n\t<meta property=\"og:image:height\" content=\"500\" \/>\n\t<meta property=\"og:image:type\" content=\"image\/webp\" \/>\n<meta name=\"twitter:card\" content=\"summary_large_image\" \/>\n<meta name=\"twitter:label1\" content=\"Gesch\u00e4tzte Lesezeit\" \/>\n\t<meta name=\"twitter:data1\" content=\"1\u00a0Minute\" \/>\n<script type=\"application\/ld+json\" class=\"yoast-schema-graph\">{\"@context\":\"https:\\\/\\\/schema.org\",\"@graph\":[{\"@type\":\"WebPage\",\"@id\":\"https:\\\/\\\/www.greeneggtotaal.nl\\\/product\\\/excellent-houseware-pizzasteen\\\/\",\"url\":\"https:\\\/\\\/www.greeneggtotaal.nl\\\/product\\\/excellent-houseware-pizzasteen\\\/\",\"name\":\"Excellent Houseware Pizzasteen\",\"isPartOf\":{\"@id\":\"https:\\\/\\\/www.greeneggtotaal.nl\\\/nl\\\/#website\"},\"primaryImageOfPage\":{\"@id\":\"https:\\\/\\\/www.greeneggtotaal.nl\\\/product\\\/excellent-houseware-pizzasteen\\\/#primaryimage\"},\"image\":{\"@id\":\"https:\\\/\\\/www.greeneggtotaal.nl\\\/product\\\/excellent-houseware-pizzasteen\\\/#primaryimage\"},\"thumbnailUrl\":\"https:\\\/\\\/www.greeneggtotaal.nl\\\/wp-content\\\/uploads\\\/2025\\\/08\\\/Ontwerp_zonder_titel__19_-removebg-preview.webp\",\"datePublished\":\"2025-08-08T09:10:40+00:00\",\"dateModified\":\"2026-01-05T15:30:02+00:00\",\"description\":\"Excellent Houseware Pizzasteen. Keramische steen voor krokante pizza\u2019s van BBQ of oven. Hittebestendig, compact en perfect voor steenovenresultaat thuis.\",\"breadcrumb\":{\"@id\":\"https:\\\/\\\/www.greeneggtotaal.nl\\\/product\\\/excellent-houseware-pizzasteen\\\/#breadcrumb\"},\"inLanguage\":\"de\",\"potentialAction\":[{\"@type\":\"ReadAction\",\"target\":[\"https:\\\/\\\/www.greeneggtotaal.nl\\\/product\\\/excellent-houseware-pizzasteen\\\/\"]}]},{\"@type\":\"ImageObject\",\"inLanguage\":\"de\",\"@id\":\"https:\\\/\\\/www.greeneggtotaal.nl\\\/product\\\/excellent-houseware-pizzasteen\\\/#primaryimage\",\"url\":\"https:\\\/\\\/www.greeneggtotaal.nl\\\/wp-content\\\/uploads\\\/2025\\\/08\\\/Ontwerp_zonder_titel__19_-removebg-preview.webp\",\"contentUrl\":\"https:\\\/\\\/www.greeneggtotaal.nl\\\/wp-content\\\/uploads\\\/2025\\\/08\\\/Ontwerp_zonder_titel__19_-removebg-preview.webp\",\"width\":500,\"height\":500,\"caption\":\"Excellent Houseware Pizzasteen\"},{\"@type\":\"BreadcrumbList\",\"@id\":\"https:\\\/\\\/www.greeneggtotaal.nl\\\/product\\\/excellent-houseware-pizzasteen\\\/#breadcrumb\",\"itemListElement\":[{\"@type\":\"ListItem\",\"position\":1,\"name\":\"Home\",\"item\":\"https:\\\/\\\/www.greeneggtotaal.nl\\\/\"},{\"@type\":\"ListItem\",\"position\":2,\"name\":\"Shop\",\"item\":\"https:\\\/\\\/www.greeneggtotaal.nl\\\/nl\\\/shop\\\/\"},{\"@type\":\"ListItem\",\"position\":3,\"name\":\"Excellent Houseware Pizzasteen\"}]},{\"@type\":\"WebSite\",\"@id\":\"https:\\\/\\\/www.greeneggtotaal.nl\\\/nl\\\/#website\",\"url\":\"https:\\\/\\\/www.greeneggtotaal.nl\\\/nl\\\/\",\"name\":\"greeneggtotaal.nl\",\"description\":\"D\u00e9 Big Green Egg Specialist\",\"publisher\":{\"@id\":\"https:\\\/\\\/www.greeneggtotaal.nl\\\/nl\\\/#organization\"},\"potentialAction\":[{\"@type\":\"SearchAction\",\"target\":{\"@type\":\"EntryPoint\",\"urlTemplate\":\"https:\\\/\\\/www.greeneggtotaal.nl\\\/nl\\\/?s={search_term_string}\"},\"query-input\":{\"@type\":\"PropertyValueSpecification\",\"valueRequired\":true,\"valueName\":\"search_term_string\"}}],\"inLanguage\":\"de\"},{\"@type\":\"Organization\",\"@id\":\"https:\\\/\\\/www.greeneggtotaal.nl\\\/nl\\\/#organization\",\"name\":\"Green Egg Totaal\",\"url\":\"https:\\\/\\\/www.greeneggtotaal.nl\\\/nl\\\/\",\"logo\":{\"@type\":\"ImageObject\",\"inLanguage\":\"de\",\"@id\":\"https:\\\/\\\/www.greeneggtotaal.nl\\\/nl\\\/#\\\/schema\\\/logo\\\/image\\\/\",\"url\":\"https:\\\/\\\/www.greeneggtotaal.nl\\\/wp-content\\\/uploads\\\/2025\\\/06\\\/Green-Egg-Totaal-Logo.png\",\"contentUrl\":\"https:\\\/\\\/www.greeneggtotaal.nl\\\/wp-content\\\/uploads\\\/2025\\\/06\\\/Green-Egg-Totaal-Logo.png\",\"width\":225,\"height\":95,\"caption\":\"Green Egg Totaal\"},\"image\":{\"@id\":\"https:\\\/\\\/www.greeneggtotaal.nl\\\/nl\\\/#\\\/schema\\\/logo\\\/image\\\/\"}}]}<\/script>\n<!-- \/ Yoast SEO Premium plugin. -->","yoast_head_json":{"title":"Excellent Houseware Pizzastein","description":"Excellent Houseware Pizzastein. Keramikstein f\u00fcr knusprige Pizzen vom Grill oder aus dem Ofen. Hitzebest\u00e4ndig, kompakt und perfekt f\u00fcr Steinofen-Ergebnisse zu Hause.","robots":{"index":"noindex","follow":"follow"},"og_locale":"de_DE","og_type":"article","og_title":"Excellent Houseware Pizzasteen","og_description":"Excellent Houseware Pizzasteen. Keramische steen voor krokante pizza\u2019s van BBQ of oven. Hittebestendig, compact en perfect voor steenovenresultaat thuis.","og_url":"https:\/\/www.greeneggtotaal.nl\/de\/product\/exzellenter-pizzastein-fur-den-haushalt\/","og_site_name":"GreenEggTotaal","article_modified_time":"2026-01-05T15:30:02+00:00","og_image":[{"width":500,"height":500,"url":"https:\/\/www.greeneggtotaal.nl\/wp-content\/uploads\/2025\/08\/Ontwerp_zonder_titel__19_-removebg-preview.webp","type":"image\/webp"}],"twitter_card":"summary_large_image","twitter_misc":{"Gesch\u00e4tzte Lesezeit":"1\u00a0Minute"},"schema":{"@context":"https:\/\/schema.org","@graph":[{"@type":"WebPage","@id":"https:\/\/www.greeneggtotaal.nl\/product\/excellent-houseware-pizzasteen\/","url":"https:\/\/www.greeneggtotaal.nl\/product\/excellent-houseware-pizzasteen\/","name":"Excellent Houseware Pizzastein","isPartOf":{"@id":"https:\/\/www.greeneggtotaal.nl\/nl\/#website"},"primaryImageOfPage":{"@id":"https:\/\/www.greeneggtotaal.nl\/product\/excellent-houseware-pizzasteen\/#primaryimage"},"image":{"@id":"https:\/\/www.greeneggtotaal.nl\/product\/excellent-houseware-pizzasteen\/#primaryimage"},"thumbnailUrl":"https:\/\/www.greeneggtotaal.nl\/wp-content\/uploads\/2025\/08\/Ontwerp_zonder_titel__19_-removebg-preview.webp","datePublished":"2025-08-08T09:10:40+00:00","dateModified":"2026-01-05T15:30:02+00:00","description":"Excellent Houseware Pizzastein. Keramikstein f\u00fcr knusprige Pizzen vom Grill oder aus dem Ofen. Hitzebest\u00e4ndig, kompakt und perfekt f\u00fcr Steinofen-Ergebnisse zu Hause.","breadcrumb":{"@id":"https:\/\/www.greeneggtotaal.nl\/product\/excellent-houseware-pizzasteen\/#breadcrumb"},"inLanguage":"de","potentialAction":[{"@type":"ReadAction","target":["https:\/\/www.greeneggtotaal.nl\/product\/excellent-houseware-pizzasteen\/"]}]},{"@type":"ImageObject","inLanguage":"de","@id":"https:\/\/www.greeneggtotaal.nl\/product\/excellent-houseware-pizzasteen\/#primaryimage","url":"https:\/\/www.greeneggtotaal.nl\/wp-content\/uploads\/2025\/08\/Ontwerp_zonder_titel__19_-removebg-preview.webp","contentUrl":"https:\/\/www.greeneggtotaal.nl\/wp-content\/uploads\/2025\/08\/Ontwerp_zonder_titel__19_-removebg-preview.webp","width":500,"height":500,"caption":"Excellent Houseware Pizzasteen"},{"@type":"BreadcrumbList","@id":"https:\/\/www.greeneggtotaal.nl\/product\/excellent-houseware-pizzasteen\/#breadcrumb","itemListElement":[{"@type":"ListItem","position":1,"name":"Home","item":"https:\/\/www.greeneggtotaal.nl\/"},{"@type":"ListItem","position":2,"name":"Shop","item":"https:\/\/www.greeneggtotaal.nl\/nl\/shop\/"},{"@type":"ListItem","position":3,"name":"Excellent Houseware Pizzasteen"}]},{"@type":"WebSite","@id":"https:\/\/www.greeneggtotaal.nl\/nl\/#website","url":"https:\/\/www.greeneggtotaal.nl\/nl\/","name":"greeneggtotaal.nl","description":"Der Big Green Egg Spezialist","publisher":{"@id":"https:\/\/www.greeneggtotaal.nl\/nl\/#organization"},"potentialAction":[{"@type":"SearchAction","target":{"@type":"EntryPoint","urlTemplate":"https:\/\/www.greeneggtotaal.nl\/nl\/?s={search_term_string}"},"query-input":{"@type":"PropertyValueSpecification","valueRequired":true,"valueName":"search_term_string"}}],"inLanguage":"de"},{"@type":"Organization","@id":"https:\/\/www.greeneggtotaal.nl\/nl\/#organization","name":"Green Egg Totaal","url":"https:\/\/www.greeneggtotaal.nl\/nl\/","logo":{"@type":"ImageObject","inLanguage":"de","@id":"https:\/\/www.greeneggtotaal.nl\/nl\/#\/schema\/logo\/image\/","url":"https:\/\/www.greeneggtotaal.nl\/wp-content\/uploads\/2025\/06\/Green-Egg-Totaal-Logo.png","contentUrl":"https:\/\/www.greeneggtotaal.nl\/wp-content\/uploads\/2025\/06\/Green-Egg-Totaal-Logo.png","width":225,"height":95,"caption":"Green Egg Totaal"},"image":{"@id":"https:\/\/www.greeneggtotaal.nl\/nl\/#\/schema\/logo\/image\/"}}]}},"_links":{"self":[{"href":"https:\/\/www.greeneggtotaal.nl\/de\/wp-json\/wp\/v2\/product\/15539","targetHints":{"allow":["GET"]}}],"collection":[{"href":"https:\/\/www.greeneggtotaal.nl\/de\/wp-json\/wp\/v2\/product"}],"about":[{"href":"https:\/\/www.greeneggtotaal.nl\/de\/wp-json\/wp\/v2\/types\/product"}],"wp:featuredmedia":[{"embeddable":true,"href":"https:\/\/www.greeneggtotaal.nl\/de\/wp-json\/wp\/v2\/media\/15541"}],"wp:attachment":[{"href":"https:\/\/www.greeneggtotaal.nl\/de\/wp-json\/wp\/v2\/media?parent=15539"}],"wp:term":[{"taxonomy":"product_brand","embeddable":true,"href":"https:\/\/www.greeneggtotaal.nl\/de\/wp-json\/wp\/v2\/product_brand?post=15539"},{"taxonomy":"product_cat","embeddable":true,"href":"https:\/\/www.greeneggtotaal.nl\/de\/wp-json\/wp\/v2\/product_cat?post=15539"},{"taxonomy":"product_tag","embeddable":true,"href":"https:\/\/www.greeneggtotaal.nl\/de\/wp-json\/wp\/v2\/product_tag?post=15539"}],"curies":[{"name":"wp","href":"https:\/\/api.w.org\/{rel}","templated":true}]}}