{"id":41936,"date":"2025-09-29T11:44:51","date_gmt":"2025-09-29T09:44:51","guid":{"rendered":"https:\/\/www.greeneggtotaal.nl\/?post_type=product&#038;p=41936"},"modified":"2026-01-16T16:48:09","modified_gmt":"2026-01-16T15:48:09","slug":"rauchermotte-nr-1-avocado-smokey-olive-wood-300-ml","status":"publish","type":"product","link":"https:\/\/www.greeneggtotaal.nl\/de\/product\/rookmot-nr1-avocado-smokey-olive-wood-300ml\/","title":{"rendered":"Smokestack No1. Avocado Smokey Olivenholz 300ml"},"content":{"rendered":"<p>Dieser R\u00e4uchermulch aus Avocadoholz verleiht Ihren Gerichten einen milden, leicht fruchtigen Rauchgeschmack. Hergestellt aus 100% Naturholz, ohne Zusatzstoffe. Perfekt zum Kaltr\u00e4uchern von Fisch, Fleisch, K\u00e4se und Gem\u00fcse. Die feine Struktur sorgt f\u00fcr eine gleichm\u00e4\u00dfige Rauchentwicklung in R\u00e4ucher\u00f6fen, R\u00e4ucherboxen und R\u00e4ucherpistolen.<\/p>","protected":false},"excerpt":{"rendered":"<p>Dieser R\u00e4uchermulch aus Avocadoholz verleiht Ihren Gerichten einen milden, leicht fruchtigen Rauchgeschmack. Hergestellt aus 100% Naturholz, ohne Zusatzstoffe. Perfekt zum Kaltr\u00e4uchern von Fisch, Fleisch, K\u00e4se und Gem\u00fcse. Die feine Struktur sorgt f\u00fcr eine gleichm\u00e4\u00dfige Rauchentwicklung in R\u00e4ucher\u00f6fen, R\u00e4ucherboxen und R\u00e4ucherpistolen.<\/p>","protected":false},"featured_media":41937,"template":"","meta":[],"product_brand":[240],"product_cat":[89],"product_tag":[],"class_list":{"0":"post-41936","1":"product","2":"type-product","3":"status-publish","4":"has-post-thumbnail","6":"product_brand-smokey-goodness","7":"product_cat-rookhout","9":"first","10":"instock","11":"taxable","12":"shipping-taxable","13":"purchasable","14":"product-type-simple"},"yoast_head":"<!-- This site is optimized with the Yoast SEO Premium plugin v27.4 (Yoast SEO v27.4) - https:\/\/yoast.com\/product\/yoast-seo-premium-wordpress\/ -->\n<title>Rookmot nr1. Avocado Smokey Olive Wood 300ml<\/title>\n<meta name=\"description\" content=\"Rookmot van avocadohout voor een milde, fruitige rooksmaak. Ideaal voor koud roken van vis, vlees, kaas en meer.\" \/>\n<meta name=\"robots\" content=\"index, follow, max-snippet:-1, max-image-preview:large, max-video-preview:-1\" \/>\n<link rel=\"canonical\" href=\"https:\/\/www.greeneggtotaal.nl\/de\/product\/rauchermotte-nr-1-avocado-smokey-olive-wood-300-ml\/\" \/>\n<meta property=\"og:locale\" content=\"de_DE\" \/>\n<meta property=\"og:type\" content=\"article\" \/>\n<meta property=\"og:title\" content=\"Rookmot nr1. Avocado Smokey Olive Wood 300ml\" \/>\n<meta property=\"og:description\" content=\"Rookmot van avocadohout voor een milde, fruitige rooksmaak. Ideaal voor koud roken van vis, vlees, kaas en meer.\" \/>\n<meta property=\"og:url\" content=\"https:\/\/www.greeneggtotaal.nl\/de\/product\/rauchermotte-nr-1-avocado-smokey-olive-wood-300-ml\/\" \/>\n<meta property=\"og:site_name\" content=\"GreenEggTotaal\" \/>\n<meta property=\"article:modified_time\" content=\"2026-01-16T15:48:09+00:00\" \/>\n<meta property=\"og:image\" content=\"https:\/\/www.greeneggtotaal.nl\/wp-content\/uploads\/2025\/09\/Ontwerp_zonder_titel_-_2025-09-29T114321.432-removebg-preview.webp\" \/>\n\t<meta property=\"og:image:width\" content=\"500\" \/>\n\t<meta property=\"og:image:height\" content=\"500\" \/>\n\t<meta property=\"og:image:type\" content=\"image\/webp\" \/>\n<meta name=\"twitter:card\" content=\"summary_large_image\" \/>\n<meta name=\"twitter:label1\" content=\"Gesch\u00e4tzte Lesezeit\" \/>\n\t<meta name=\"twitter:data1\" content=\"1\u00a0Minute\" \/>\n<script type=\"application\/ld+json\" class=\"yoast-schema-graph\">{\"@context\":\"https:\\\/\\\/schema.org\",\"@graph\":[{\"@type\":\"WebPage\",\"@id\":\"https:\\\/\\\/www.greeneggtotaal.nl\\\/product\\\/rookmot-nr1-avocado-smokey-olive-wood-300ml\\\/\",\"url\":\"https:\\\/\\\/www.greeneggtotaal.nl\\\/product\\\/rookmot-nr1-avocado-smokey-olive-wood-300ml\\\/\",\"name\":\"Rookmot nr1. Avocado Smokey Olive Wood 300ml\",\"isPartOf\":{\"@id\":\"https:\\\/\\\/www.greeneggtotaal.nl\\\/nl\\\/#website\"},\"primaryImageOfPage\":{\"@id\":\"https:\\\/\\\/www.greeneggtotaal.nl\\\/product\\\/rookmot-nr1-avocado-smokey-olive-wood-300ml\\\/#primaryimage\"},\"image\":{\"@id\":\"https:\\\/\\\/www.greeneggtotaal.nl\\\/product\\\/rookmot-nr1-avocado-smokey-olive-wood-300ml\\\/#primaryimage\"},\"thumbnailUrl\":\"https:\\\/\\\/www.greeneggtotaal.nl\\\/wp-content\\\/uploads\\\/2025\\\/09\\\/Ontwerp_zonder_titel_-_2025-09-29T114321.432-removebg-preview.webp\",\"datePublished\":\"2025-09-29T09:44:51+00:00\",\"dateModified\":\"2026-01-16T15:48:09+00:00\",\"description\":\"Rookmot van avocadohout voor een milde, fruitige rooksmaak. Ideaal voor koud roken van vis, vlees, kaas en meer.\",\"breadcrumb\":{\"@id\":\"https:\\\/\\\/www.greeneggtotaal.nl\\\/product\\\/rookmot-nr1-avocado-smokey-olive-wood-300ml\\\/#breadcrumb\"},\"inLanguage\":\"de\",\"potentialAction\":[{\"@type\":\"ReadAction\",\"target\":[\"https:\\\/\\\/www.greeneggtotaal.nl\\\/product\\\/rookmot-nr1-avocado-smokey-olive-wood-300ml\\\/\"]}]},{\"@type\":\"ImageObject\",\"inLanguage\":\"de\",\"@id\":\"https:\\\/\\\/www.greeneggtotaal.nl\\\/product\\\/rookmot-nr1-avocado-smokey-olive-wood-300ml\\\/#primaryimage\",\"url\":\"https:\\\/\\\/www.greeneggtotaal.nl\\\/wp-content\\\/uploads\\\/2025\\\/09\\\/Ontwerp_zonder_titel_-_2025-09-29T114321.432-removebg-preview.webp\",\"contentUrl\":\"https:\\\/\\\/www.greeneggtotaal.nl\\\/wp-content\\\/uploads\\\/2025\\\/09\\\/Ontwerp_zonder_titel_-_2025-09-29T114321.432-removebg-preview.webp\",\"width\":500,\"height\":500,\"caption\":\"Rookmot nr1. Avocado Smokey Olive Wood 300ml\"},{\"@type\":\"BreadcrumbList\",\"@id\":\"https:\\\/\\\/www.greeneggtotaal.nl\\\/product\\\/rookmot-nr1-avocado-smokey-olive-wood-300ml\\\/#breadcrumb\",\"itemListElement\":[{\"@type\":\"ListItem\",\"position\":1,\"name\":\"Home\",\"item\":\"https:\\\/\\\/www.greeneggtotaal.nl\\\/\"},{\"@type\":\"ListItem\",\"position\":2,\"name\":\"Shop\",\"item\":\"https:\\\/\\\/www.greeneggtotaal.nl\\\/nl\\\/shop\\\/\"},{\"@type\":\"ListItem\",\"position\":3,\"name\":\"Rookmot nr1. Avocado Smokey Olive Wood 300ml\"}]},{\"@type\":\"WebSite\",\"@id\":\"https:\\\/\\\/www.greeneggtotaal.nl\\\/nl\\\/#website\",\"url\":\"https:\\\/\\\/www.greeneggtotaal.nl\\\/nl\\\/\",\"name\":\"greeneggtotaal.nl\",\"description\":\"D\u00e9 Big Green Egg Specialist\",\"publisher\":{\"@id\":\"https:\\\/\\\/www.greeneggtotaal.nl\\\/nl\\\/#organization\"},\"potentialAction\":[{\"@type\":\"SearchAction\",\"target\":{\"@type\":\"EntryPoint\",\"urlTemplate\":\"https:\\\/\\\/www.greeneggtotaal.nl\\\/nl\\\/?s={search_term_string}\"},\"query-input\":{\"@type\":\"PropertyValueSpecification\",\"valueRequired\":true,\"valueName\":\"search_term_string\"}}],\"inLanguage\":\"de\"},{\"@type\":\"Organization\",\"@id\":\"https:\\\/\\\/www.greeneggtotaal.nl\\\/nl\\\/#organization\",\"name\":\"Green Egg Totaal\",\"url\":\"https:\\\/\\\/www.greeneggtotaal.nl\\\/nl\\\/\",\"logo\":{\"@type\":\"ImageObject\",\"inLanguage\":\"de\",\"@id\":\"https:\\\/\\\/www.greeneggtotaal.nl\\\/nl\\\/#\\\/schema\\\/logo\\\/image\\\/\",\"url\":\"https:\\\/\\\/www.greeneggtotaal.nl\\\/wp-content\\\/uploads\\\/2025\\\/06\\\/Green-Egg-Totaal-Logo.png\",\"contentUrl\":\"https:\\\/\\\/www.greeneggtotaal.nl\\\/wp-content\\\/uploads\\\/2025\\\/06\\\/Green-Egg-Totaal-Logo.png\",\"width\":225,\"height\":95,\"caption\":\"Green Egg Totaal\"},\"image\":{\"@id\":\"https:\\\/\\\/www.greeneggtotaal.nl\\\/nl\\\/#\\\/schema\\\/logo\\\/image\\\/\"}}]}<\/script>\n<!-- \/ Yoast SEO Premium plugin. -->","yoast_head_json":{"title":"Smokestack No1. Avocado Smokey Olivenholz 300ml","description":"R\u00e4uchermulch aus Avocadoholz f\u00fcr einen milden, fruchtigen Rauchgeschmack. Ideal zum Kaltr\u00e4uchern von Fisch, Fleisch, K\u00e4se und vielem mehr.","robots":{"index":"index","follow":"follow","max-snippet":"max-snippet:-1","max-image-preview":"max-image-preview:large","max-video-preview":"max-video-preview:-1"},"canonical":"https:\/\/www.greeneggtotaal.nl\/de\/product\/rauchermotte-nr-1-avocado-smokey-olive-wood-300-ml\/","og_locale":"de_DE","og_type":"article","og_title":"Rookmot nr1. Avocado Smokey Olive Wood 300ml","og_description":"Rookmot van avocadohout voor een milde, fruitige rooksmaak. Ideaal voor koud roken van vis, vlees, kaas en meer.","og_url":"https:\/\/www.greeneggtotaal.nl\/de\/product\/rauchermotte-nr-1-avocado-smokey-olive-wood-300-ml\/","og_site_name":"GreenEggTotaal","article_modified_time":"2026-01-16T15:48:09+00:00","og_image":[{"width":500,"height":500,"url":"https:\/\/www.greeneggtotaal.nl\/wp-content\/uploads\/2025\/09\/Ontwerp_zonder_titel_-_2025-09-29T114321.432-removebg-preview.webp","type":"image\/webp"}],"twitter_card":"summary_large_image","twitter_misc":{"Gesch\u00e4tzte Lesezeit":"1\u00a0Minute"},"schema":{"@context":"https:\/\/schema.org","@graph":[{"@type":"WebPage","@id":"https:\/\/www.greeneggtotaal.nl\/product\/rookmot-nr1-avocado-smokey-olive-wood-300ml\/","url":"https:\/\/www.greeneggtotaal.nl\/product\/rookmot-nr1-avocado-smokey-olive-wood-300ml\/","name":"Smokestack No1. Avocado Smokey Olivenholz 300ml","isPartOf":{"@id":"https:\/\/www.greeneggtotaal.nl\/nl\/#website"},"primaryImageOfPage":{"@id":"https:\/\/www.greeneggtotaal.nl\/product\/rookmot-nr1-avocado-smokey-olive-wood-300ml\/#primaryimage"},"image":{"@id":"https:\/\/www.greeneggtotaal.nl\/product\/rookmot-nr1-avocado-smokey-olive-wood-300ml\/#primaryimage"},"thumbnailUrl":"https:\/\/www.greeneggtotaal.nl\/wp-content\/uploads\/2025\/09\/Ontwerp_zonder_titel_-_2025-09-29T114321.432-removebg-preview.webp","datePublished":"2025-09-29T09:44:51+00:00","dateModified":"2026-01-16T15:48:09+00:00","description":"R\u00e4uchermulch aus Avocadoholz f\u00fcr einen milden, fruchtigen Rauchgeschmack. Ideal zum Kaltr\u00e4uchern von Fisch, Fleisch, K\u00e4se und vielem mehr.","breadcrumb":{"@id":"https:\/\/www.greeneggtotaal.nl\/product\/rookmot-nr1-avocado-smokey-olive-wood-300ml\/#breadcrumb"},"inLanguage":"de","potentialAction":[{"@type":"ReadAction","target":["https:\/\/www.greeneggtotaal.nl\/product\/rookmot-nr1-avocado-smokey-olive-wood-300ml\/"]}]},{"@type":"ImageObject","inLanguage":"de","@id":"https:\/\/www.greeneggtotaal.nl\/product\/rookmot-nr1-avocado-smokey-olive-wood-300ml\/#primaryimage","url":"https:\/\/www.greeneggtotaal.nl\/wp-content\/uploads\/2025\/09\/Ontwerp_zonder_titel_-_2025-09-29T114321.432-removebg-preview.webp","contentUrl":"https:\/\/www.greeneggtotaal.nl\/wp-content\/uploads\/2025\/09\/Ontwerp_zonder_titel_-_2025-09-29T114321.432-removebg-preview.webp","width":500,"height":500,"caption":"Rookmot nr1. Avocado Smokey Olive Wood 300ml"},{"@type":"BreadcrumbList","@id":"https:\/\/www.greeneggtotaal.nl\/product\/rookmot-nr1-avocado-smokey-olive-wood-300ml\/#breadcrumb","itemListElement":[{"@type":"ListItem","position":1,"name":"Home","item":"https:\/\/www.greeneggtotaal.nl\/"},{"@type":"ListItem","position":2,"name":"Shop","item":"https:\/\/www.greeneggtotaal.nl\/nl\/shop\/"},{"@type":"ListItem","position":3,"name":"Rookmot nr1. Avocado Smokey Olive Wood 300ml"}]},{"@type":"WebSite","@id":"https:\/\/www.greeneggtotaal.nl\/nl\/#website","url":"https:\/\/www.greeneggtotaal.nl\/nl\/","name":"greeneggtotaal.nl","description":"Der Big Green Egg Spezialist","publisher":{"@id":"https:\/\/www.greeneggtotaal.nl\/nl\/#organization"},"potentialAction":[{"@type":"SearchAction","target":{"@type":"EntryPoint","urlTemplate":"https:\/\/www.greeneggtotaal.nl\/nl\/?s={search_term_string}"},"query-input":{"@type":"PropertyValueSpecification","valueRequired":true,"valueName":"search_term_string"}}],"inLanguage":"de"},{"@type":"Organization","@id":"https:\/\/www.greeneggtotaal.nl\/nl\/#organization","name":"Green Egg Totaal","url":"https:\/\/www.greeneggtotaal.nl\/nl\/","logo":{"@type":"ImageObject","inLanguage":"de","@id":"https:\/\/www.greeneggtotaal.nl\/nl\/#\/schema\/logo\/image\/","url":"https:\/\/www.greeneggtotaal.nl\/wp-content\/uploads\/2025\/06\/Green-Egg-Totaal-Logo.png","contentUrl":"https:\/\/www.greeneggtotaal.nl\/wp-content\/uploads\/2025\/06\/Green-Egg-Totaal-Logo.png","width":225,"height":95,"caption":"Green Egg Totaal"},"image":{"@id":"https:\/\/www.greeneggtotaal.nl\/nl\/#\/schema\/logo\/image\/"}}]}},"_links":{"self":[{"href":"https:\/\/www.greeneggtotaal.nl\/de\/wp-json\/wp\/v2\/product\/41936","targetHints":{"allow":["GET"]}}],"collection":[{"href":"https:\/\/www.greeneggtotaal.nl\/de\/wp-json\/wp\/v2\/product"}],"about":[{"href":"https:\/\/www.greeneggtotaal.nl\/de\/wp-json\/wp\/v2\/types\/product"}],"wp:featuredmedia":[{"embeddable":true,"href":"https:\/\/www.greeneggtotaal.nl\/de\/wp-json\/wp\/v2\/media\/41937"}],"wp:attachment":[{"href":"https:\/\/www.greeneggtotaal.nl\/de\/wp-json\/wp\/v2\/media?parent=41936"}],"wp:term":[{"taxonomy":"product_brand","embeddable":true,"href":"https:\/\/www.greeneggtotaal.nl\/de\/wp-json\/wp\/v2\/product_brand?post=41936"},{"taxonomy":"product_cat","embeddable":true,"href":"https:\/\/www.greeneggtotaal.nl\/de\/wp-json\/wp\/v2\/product_cat?post=41936"},{"taxonomy":"product_tag","embeddable":true,"href":"https:\/\/www.greeneggtotaal.nl\/de\/wp-json\/wp\/v2\/product_tag?post=41936"}],"curies":[{"name":"wp","href":"https:\/\/api.w.org\/{rel}","templated":true}]}}