{"id":42077,"date":"2025-10-10T11:14:01","date_gmt":"2025-10-10T09:14:01","guid":{"rendered":"https:\/\/www.greeneggtotaal.nl\/?post_type=product&#038;p=42077"},"modified":"2026-02-26T15:32:16","modified_gmt":"2026-02-26T14:32:16","slug":"ausenkuche-bastion-mit-granitarbeitsplatte","status":"publish","type":"product","link":"https:\/\/www.greeneggtotaal.nl\/de\/product\/buitenkeuken-bastion-met-graniet-werkblad\/","title":{"rendered":"Au\u00dfenk\u00fcche Bastion mit Granitarbeitsplatte"},"content":{"rendered":"<p>Die <strong>Au\u00dfenk\u00fcche Bastion<\/strong> ist die solide Basis f\u00fcr Ihren Kamado. Geeignet f\u00fcr Modelle wie den <strong>Big Green Egg Gro\u00df<\/strong>, <strong>Der gro\u00dfe Bastard<\/strong>, <strong>Monolith<\/strong> und andere Kamados von \u00e4hnlicher Gr\u00f6\u00dfe. Diese Outdoor-K\u00fcche kombiniert elegantes Design mit praktischer Funktionalit\u00e4t und hochwertigen Materialien.<\/p>\n<p>Die <strong>Granit-Arbeitsplatte<\/strong> ist hitzebest\u00e4ndig, kratzfest und leicht zu reinigen - ideal zum Zubereiten von Speisen, Abstellen von Zubeh\u00f6r oder Servieren Ihrer Grillkreationen. Die robuste Konstruktion bietet Stabilit\u00e4t und widersteht Wind und Wetter, w\u00e4hrend der integrierte Stauraum f\u00fcr einen organisierten Outdoor-Kochbereich sorgt.<\/p>\n<p><strong>Abmessungen:<\/strong><\/p>\n<p>H\u00f6he: 101 cm<\/p>\n<p>L\u00e4nge: 151 cm<\/p>\n<p>Breite: 71 cm<\/p>\n<p>&nbsp;<\/p>","protected":false},"excerpt":{"rendered":"<p>De Buitenkeuken Bastion is d\u00e9 solide basis voor jouw kamado. Geschikt voor modellen zoals de Big Green Egg Large, The Bastard Large, Monolith en andere kamado\u2019s van vergelijkbaar formaat. Deze buitenkeuken combineert een strak design met praktische functionaliteit en hoogwaardige materialen. Het granieten werkblad is hittebestendig, krasvast en eenvoudig schoon te maken \u2014 ideaal voor [&hellip;]<\/p>\n","protected":false},"featured_media":42085,"template":"","meta":[],"product_brand":[230],"product_cat":[216],"product_tag":[],"class_list":{"0":"post-42077","1":"product","2":"type-product","3":"status-publish","4":"has-post-thumbnail","6":"product_brand-greeneggtotaal","7":"product_cat-outlet","9":"first","10":"instock","11":"sale","12":"taxable","13":"shipping-taxable","14":"purchasable","15":"product-type-simple"},"yoast_head":"<!-- This site is optimized with the Yoast SEO Premium plugin v27.4 (Yoast SEO v27.4) - https:\/\/yoast.com\/product\/yoast-seo-premium-wordpress\/ -->\n<title>Buitenkeuken Bastion met Graniet Werkblad<\/title>\n<meta name=\"description\" content=\"Big Green Egg Large, The Bastard Large, Monolith en andere kamado\u2019s van vergelijkbaar formaat. Deze buitenkeuken combineert een design met materialen.\" \/>\n<meta name=\"robots\" content=\"index, follow, max-snippet:-1, max-image-preview:large, max-video-preview:-1\" \/>\n<link rel=\"canonical\" href=\"https:\/\/www.greeneggtotaal.nl\/de\/product\/ausenkuche-bastion-mit-granitarbeitsplatte\/\" \/>\n<meta property=\"og:locale\" content=\"de_DE\" \/>\n<meta property=\"og:type\" content=\"article\" \/>\n<meta property=\"og:title\" content=\"Buitenkeuken Bastion met Graniet Werkblad\" \/>\n<meta property=\"og:description\" content=\"Big Green Egg Large, The Bastard Large, Monolith en andere kamado\u2019s van vergelijkbaar formaat. Deze buitenkeuken combineert een design met materialen.\" \/>\n<meta property=\"og:url\" content=\"https:\/\/www.greeneggtotaal.nl\/de\/product\/ausenkuche-bastion-mit-granitarbeitsplatte\/\" \/>\n<meta property=\"og:site_name\" content=\"GreenEggTotaal\" \/>\n<meta property=\"article:modified_time\" content=\"2026-02-26T14:32:16+00:00\" \/>\n<meta property=\"og:image\" content=\"https:\/\/www.greeneggtotaal.nl\/wp-content\/uploads\/2025\/10\/Pizza_serveerplank__13_-removebg-preview.webp\" \/>\n\t<meta property=\"og:image:width\" content=\"500\" \/>\n\t<meta property=\"og:image:height\" content=\"500\" \/>\n\t<meta property=\"og:image:type\" content=\"image\/webp\" \/>\n<meta name=\"twitter:card\" content=\"summary_large_image\" \/>\n<meta name=\"twitter:label1\" content=\"Gesch\u00e4tzte Lesezeit\" \/>\n\t<meta name=\"twitter:data1\" content=\"1\u00a0Minute\" \/>\n<script type=\"application\/ld+json\" class=\"yoast-schema-graph\">{\"@context\":\"https:\\\/\\\/schema.org\",\"@graph\":[{\"@type\":\"WebPage\",\"@id\":\"https:\\\/\\\/www.greeneggtotaal.nl\\\/product\\\/buitenkeuken-bastion-met-graniet-werkblad\\\/\",\"url\":\"https:\\\/\\\/www.greeneggtotaal.nl\\\/product\\\/buitenkeuken-bastion-met-graniet-werkblad\\\/\",\"name\":\"Buitenkeuken Bastion met Graniet Werkblad\",\"isPartOf\":{\"@id\":\"https:\\\/\\\/www.greeneggtotaal.nl\\\/nl\\\/#website\"},\"primaryImageOfPage\":{\"@id\":\"https:\\\/\\\/www.greeneggtotaal.nl\\\/product\\\/buitenkeuken-bastion-met-graniet-werkblad\\\/#primaryimage\"},\"image\":{\"@id\":\"https:\\\/\\\/www.greeneggtotaal.nl\\\/product\\\/buitenkeuken-bastion-met-graniet-werkblad\\\/#primaryimage\"},\"thumbnailUrl\":\"https:\\\/\\\/www.greeneggtotaal.nl\\\/wp-content\\\/uploads\\\/2025\\\/10\\\/Pizza_serveerplank__13_-removebg-preview.webp\",\"datePublished\":\"2025-10-10T09:14:01+00:00\",\"dateModified\":\"2026-02-26T14:32:16+00:00\",\"description\":\"Big Green Egg Large, The Bastard Large, Monolith en andere kamado\u2019s van vergelijkbaar formaat. Deze buitenkeuken combineert een design met materialen.\",\"breadcrumb\":{\"@id\":\"https:\\\/\\\/www.greeneggtotaal.nl\\\/product\\\/buitenkeuken-bastion-met-graniet-werkblad\\\/#breadcrumb\"},\"inLanguage\":\"de\",\"potentialAction\":[{\"@type\":\"ReadAction\",\"target\":[\"https:\\\/\\\/www.greeneggtotaal.nl\\\/product\\\/buitenkeuken-bastion-met-graniet-werkblad\\\/\"]}]},{\"@type\":\"ImageObject\",\"inLanguage\":\"de\",\"@id\":\"https:\\\/\\\/www.greeneggtotaal.nl\\\/product\\\/buitenkeuken-bastion-met-graniet-werkblad\\\/#primaryimage\",\"url\":\"https:\\\/\\\/www.greeneggtotaal.nl\\\/wp-content\\\/uploads\\\/2025\\\/10\\\/Pizza_serveerplank__13_-removebg-preview.webp\",\"contentUrl\":\"https:\\\/\\\/www.greeneggtotaal.nl\\\/wp-content\\\/uploads\\\/2025\\\/10\\\/Pizza_serveerplank__13_-removebg-preview.webp\",\"width\":500,\"height\":500,\"caption\":\"Buitenkeuken Bastion met Graniet Werkblad\"},{\"@type\":\"BreadcrumbList\",\"@id\":\"https:\\\/\\\/www.greeneggtotaal.nl\\\/product\\\/buitenkeuken-bastion-met-graniet-werkblad\\\/#breadcrumb\",\"itemListElement\":[{\"@type\":\"ListItem\",\"position\":1,\"name\":\"Home\",\"item\":\"https:\\\/\\\/www.greeneggtotaal.nl\\\/\"},{\"@type\":\"ListItem\",\"position\":2,\"name\":\"Shop\",\"item\":\"https:\\\/\\\/www.greeneggtotaal.nl\\\/nl\\\/shop\\\/\"},{\"@type\":\"ListItem\",\"position\":3,\"name\":\"Buitenkeuken Bastion met Graniet Werkblad\"}]},{\"@type\":\"WebSite\",\"@id\":\"https:\\\/\\\/www.greeneggtotaal.nl\\\/nl\\\/#website\",\"url\":\"https:\\\/\\\/www.greeneggtotaal.nl\\\/nl\\\/\",\"name\":\"greeneggtotaal.nl\",\"description\":\"D\u00e9 Big Green Egg Specialist\",\"publisher\":{\"@id\":\"https:\\\/\\\/www.greeneggtotaal.nl\\\/nl\\\/#organization\"},\"potentialAction\":[{\"@type\":\"SearchAction\",\"target\":{\"@type\":\"EntryPoint\",\"urlTemplate\":\"https:\\\/\\\/www.greeneggtotaal.nl\\\/nl\\\/?s={search_term_string}\"},\"query-input\":{\"@type\":\"PropertyValueSpecification\",\"valueRequired\":true,\"valueName\":\"search_term_string\"}}],\"inLanguage\":\"de\"},{\"@type\":\"Organization\",\"@id\":\"https:\\\/\\\/www.greeneggtotaal.nl\\\/nl\\\/#organization\",\"name\":\"Green Egg Totaal\",\"url\":\"https:\\\/\\\/www.greeneggtotaal.nl\\\/nl\\\/\",\"logo\":{\"@type\":\"ImageObject\",\"inLanguage\":\"de\",\"@id\":\"https:\\\/\\\/www.greeneggtotaal.nl\\\/nl\\\/#\\\/schema\\\/logo\\\/image\\\/\",\"url\":\"https:\\\/\\\/www.greeneggtotaal.nl\\\/wp-content\\\/uploads\\\/2025\\\/06\\\/Green-Egg-Totaal-Logo.png\",\"contentUrl\":\"https:\\\/\\\/www.greeneggtotaal.nl\\\/wp-content\\\/uploads\\\/2025\\\/06\\\/Green-Egg-Totaal-Logo.png\",\"width\":225,\"height\":95,\"caption\":\"Green Egg Totaal\"},\"image\":{\"@id\":\"https:\\\/\\\/www.greeneggtotaal.nl\\\/nl\\\/#\\\/schema\\\/logo\\\/image\\\/\"}}]}<\/script>\n<!-- \/ Yoast SEO Premium plugin. -->","yoast_head_json":{"title":"Au\u00dfenk\u00fcche Bastion mit Granitarbeitsplatte","description":"Big Green Egg Large, The Bastard Large, Monolith und andere Kamados von \u00e4hnlicher Gr\u00f6\u00dfe. Diese Outdoor-K\u00fcche kombiniert Design mit Materialien.","robots":{"index":"index","follow":"follow","max-snippet":"max-snippet:-1","max-image-preview":"max-image-preview:large","max-video-preview":"max-video-preview:-1"},"canonical":"https:\/\/www.greeneggtotaal.nl\/de\/product\/ausenkuche-bastion-mit-granitarbeitsplatte\/","og_locale":"de_DE","og_type":"article","og_title":"Buitenkeuken Bastion met Graniet Werkblad","og_description":"Big Green Egg Large, The Bastard Large, Monolith en andere kamado\u2019s van vergelijkbaar formaat. Deze buitenkeuken combineert een design met materialen.","og_url":"https:\/\/www.greeneggtotaal.nl\/de\/product\/ausenkuche-bastion-mit-granitarbeitsplatte\/","og_site_name":"GreenEggTotaal","article_modified_time":"2026-02-26T14:32:16+00:00","og_image":[{"width":500,"height":500,"url":"https:\/\/www.greeneggtotaal.nl\/wp-content\/uploads\/2025\/10\/Pizza_serveerplank__13_-removebg-preview.webp","type":"image\/webp"}],"twitter_card":"summary_large_image","twitter_misc":{"Gesch\u00e4tzte Lesezeit":"1\u00a0Minute"},"schema":{"@context":"https:\/\/schema.org","@graph":[{"@type":"WebPage","@id":"https:\/\/www.greeneggtotaal.nl\/product\/buitenkeuken-bastion-met-graniet-werkblad\/","url":"https:\/\/www.greeneggtotaal.nl\/product\/buitenkeuken-bastion-met-graniet-werkblad\/","name":"Au\u00dfenk\u00fcche Bastion mit Granitarbeitsplatte","isPartOf":{"@id":"https:\/\/www.greeneggtotaal.nl\/nl\/#website"},"primaryImageOfPage":{"@id":"https:\/\/www.greeneggtotaal.nl\/product\/buitenkeuken-bastion-met-graniet-werkblad\/#primaryimage"},"image":{"@id":"https:\/\/www.greeneggtotaal.nl\/product\/buitenkeuken-bastion-met-graniet-werkblad\/#primaryimage"},"thumbnailUrl":"https:\/\/www.greeneggtotaal.nl\/wp-content\/uploads\/2025\/10\/Pizza_serveerplank__13_-removebg-preview.webp","datePublished":"2025-10-10T09:14:01+00:00","dateModified":"2026-02-26T14:32:16+00:00","description":"Big Green Egg Large, The Bastard Large, Monolith und andere Kamados von \u00e4hnlicher Gr\u00f6\u00dfe. Diese Outdoor-K\u00fcche kombiniert Design mit Materialien.","breadcrumb":{"@id":"https:\/\/www.greeneggtotaal.nl\/product\/buitenkeuken-bastion-met-graniet-werkblad\/#breadcrumb"},"inLanguage":"de","potentialAction":[{"@type":"ReadAction","target":["https:\/\/www.greeneggtotaal.nl\/product\/buitenkeuken-bastion-met-graniet-werkblad\/"]}]},{"@type":"ImageObject","inLanguage":"de","@id":"https:\/\/www.greeneggtotaal.nl\/product\/buitenkeuken-bastion-met-graniet-werkblad\/#primaryimage","url":"https:\/\/www.greeneggtotaal.nl\/wp-content\/uploads\/2025\/10\/Pizza_serveerplank__13_-removebg-preview.webp","contentUrl":"https:\/\/www.greeneggtotaal.nl\/wp-content\/uploads\/2025\/10\/Pizza_serveerplank__13_-removebg-preview.webp","width":500,"height":500,"caption":"Buitenkeuken Bastion met Graniet Werkblad"},{"@type":"BreadcrumbList","@id":"https:\/\/www.greeneggtotaal.nl\/product\/buitenkeuken-bastion-met-graniet-werkblad\/#breadcrumb","itemListElement":[{"@type":"ListItem","position":1,"name":"Home","item":"https:\/\/www.greeneggtotaal.nl\/"},{"@type":"ListItem","position":2,"name":"Shop","item":"https:\/\/www.greeneggtotaal.nl\/nl\/shop\/"},{"@type":"ListItem","position":3,"name":"Buitenkeuken Bastion met Graniet Werkblad"}]},{"@type":"WebSite","@id":"https:\/\/www.greeneggtotaal.nl\/nl\/#website","url":"https:\/\/www.greeneggtotaal.nl\/nl\/","name":"greeneggtotaal.nl","description":"Der Big Green Egg Spezialist","publisher":{"@id":"https:\/\/www.greeneggtotaal.nl\/nl\/#organization"},"potentialAction":[{"@type":"SearchAction","target":{"@type":"EntryPoint","urlTemplate":"https:\/\/www.greeneggtotaal.nl\/nl\/?s={search_term_string}"},"query-input":{"@type":"PropertyValueSpecification","valueRequired":true,"valueName":"search_term_string"}}],"inLanguage":"de"},{"@type":"Organization","@id":"https:\/\/www.greeneggtotaal.nl\/nl\/#organization","name":"Green Egg Totaal","url":"https:\/\/www.greeneggtotaal.nl\/nl\/","logo":{"@type":"ImageObject","inLanguage":"de","@id":"https:\/\/www.greeneggtotaal.nl\/nl\/#\/schema\/logo\/image\/","url":"https:\/\/www.greeneggtotaal.nl\/wp-content\/uploads\/2025\/06\/Green-Egg-Totaal-Logo.png","contentUrl":"https:\/\/www.greeneggtotaal.nl\/wp-content\/uploads\/2025\/06\/Green-Egg-Totaal-Logo.png","width":225,"height":95,"caption":"Green Egg Totaal"},"image":{"@id":"https:\/\/www.greeneggtotaal.nl\/nl\/#\/schema\/logo\/image\/"}}]}},"_links":{"self":[{"href":"https:\/\/www.greeneggtotaal.nl\/de\/wp-json\/wp\/v2\/product\/42077","targetHints":{"allow":["GET"]}}],"collection":[{"href":"https:\/\/www.greeneggtotaal.nl\/de\/wp-json\/wp\/v2\/product"}],"about":[{"href":"https:\/\/www.greeneggtotaal.nl\/de\/wp-json\/wp\/v2\/types\/product"}],"wp:featuredmedia":[{"embeddable":true,"href":"https:\/\/www.greeneggtotaal.nl\/de\/wp-json\/wp\/v2\/media\/42085"}],"wp:attachment":[{"href":"https:\/\/www.greeneggtotaal.nl\/de\/wp-json\/wp\/v2\/media?parent=42077"}],"wp:term":[{"taxonomy":"product_brand","embeddable":true,"href":"https:\/\/www.greeneggtotaal.nl\/de\/wp-json\/wp\/v2\/product_brand?post=42077"},{"taxonomy":"product_cat","embeddable":true,"href":"https:\/\/www.greeneggtotaal.nl\/de\/wp-json\/wp\/v2\/product_cat?post=42077"},{"taxonomy":"product_tag","embeddable":true,"href":"https:\/\/www.greeneggtotaal.nl\/de\/wp-json\/wp\/v2\/product_tag?post=42077"}],"curies":[{"name":"wp","href":"https:\/\/api.w.org\/{rel}","templated":true}]}}