{"id":44004,"date":"2025-11-11T14:02:13","date_gmt":"2025-11-11T13:02:13","guid":{"rendered":"https:\/\/www.greeneggtotaal.nl\/?post_type=product&#038;p=44004"},"modified":"2026-02-27T10:24:36","modified_gmt":"2026-02-27T09:24:36","slug":"inkbird-int-12i-bw-kabelloses-smart-thermometer-weis","status":"publish","type":"product","link":"https:\/\/www.greeneggtotaal.nl\/de\/product\/inkbird-int-12i-bw-draadloze-smart-thermometer-wit\/","title":{"rendered":"Inkbird INT-12I-BW Drahtloses intelligentes Thermometer Wei\u00df"},"content":{"rendered":"<p>Das INT-12-BW ist ein fortschrittliches intelligentes Thermometer, das sich sowohl f\u00fcr Hobbyk\u00f6che als auch f\u00fcr Profik\u00f6che eignet. Mit innovativen Technologien und benutzerfreundlichen Funktionen hebt dieses Ger\u00e4t den Kochprozess auf ein neues Niveau.<\/p>\n<ul>\n<li>5G WiFi und Bluetooth 5.4: Dank integriertem Dualband-WLAN (5G + 2,4G) und Bluetooth 5.4 k\u00f6nnen Sie Ihren Kochfortschritt innerhalb von 100 Metern \u00fcber Bluetooth \u00fcberwachen oder f\u00fcr eine nahtlose Fern\u00fcberwachung auf WLAN umschalten.<\/li>\n<li>Lange und kurze Sonden:\n<ul>\n<li>Lange Sonde (12 cm): Misst die Temperatur sowohl des Gerichts als auch des Ofens, ideal f\u00fcr gr\u00f6\u00dfere Fleischst\u00fccke.<\/li>\n<li>Kurze Sonde (10,2 cm): Speziell f\u00fcr empfindliche Speisen wie Fisch entwickelt.<br \/>\nBeide Sonden sorgen f\u00fcr optimale Pr\u00e4zision beim Kochen.<\/li>\n<\/ul>\n<\/li>\n<li>Clever kochen:\n<ul>\n<li>28 voreingestellte Fleischmen\u00fcs, die sowohl Anf\u00e4ngern als auch Profis als Orientierung dienen.<\/li>\n<li>Zieltemperaturalarme, Kochzeitschaltuhren und Warnungen f\u00fcr Perfektion bei jedem Gericht.<\/li>\n<li>Offline-Datenspeicherung f\u00fcr bis zu 80 Minuten mit Synchronisierung mit der App f\u00fcr genaue \u00dcberwachung und Analysen.<\/li>\n<\/ul>\n<\/li>\n<li>Langzeitnutzung: Der integrierte 2500-mAh-Lithium-Akku l\u00e4dt beide Sonden in nur 25 Minuten vollst\u00e4ndig auf und bietet 25 Stunden Betriebszeit \u2013 ideal f\u00fcr Sous-vide-Garen, Slow Cooking und R\u00e4uchern.<\/li>\n<li>LCD-Display mit Hintergrundbeleuchtung: Das magnetische Design erm\u00f6glicht eine einfache Anbringung auf Metalloberfl\u00e4chen. Das helle LCD-Display bietet auch bei hellem Sonnenlicht eine hervorragende Sichtbarkeit.<\/li>\n<li>IP67 wasserdicht: Beide Sonden sind aus lebensmittelechtem Edelstahl und unglasierter Zirkoniumkeramik gefertigt, wodurch sie wasserdicht, hitzebest\u00e4ndig<\/li>\n<\/ul>","protected":false},"excerpt":{"rendered":"<p>De\u00a0INT-12-BW\u00a0is een geavanceerde slimme thermometer, ideaal voor zowel hobbykoks als professionele chef-koks. Met innovatieve technologie\u00ebn en gebruiksvriendelijke functies tilt dit apparaat het kookproces naar een hoger niveau. 5G WiFi en Bluetooth 5.4: Dankzij de ge\u00efntegreerde dual-band wifi (5G + 2.4G) en Bluetooth 5.4 kun je je kookvoortgang binnen 100 meter bewaken via Bluetooth, of overschakelen [&hellip;]<\/p>\n","protected":false},"featured_media":44005,"template":"","meta":[],"product_brand":[280],"product_cat":[86],"product_tag":[],"class_list":{"0":"post-44004","1":"product","2":"type-product","3":"status-publish","4":"has-post-thumbnail","6":"product_brand-inkbird","7":"product_cat-inkbird-thermometers","9":"first","10":"instock","11":"sale","12":"taxable","13":"shipping-taxable","14":"purchasable","15":"product-type-simple"},"yoast_head":"<!-- This site is optimized with the Yoast SEO Premium plugin v27.4 (Yoast SEO v27.4) - https:\/\/yoast.com\/product\/yoast-seo-premium-wordpress\/ -->\n<title>Inkbird INT-12I-BW Draadloze Smart Thermometer Wit<\/title>\n<meta name=\"description\" content=\"Inkbird INT\u201112I\u2011BW draadloze smart thermometer in wit met snelle sensor voor nauwkeurige temperatuurcontrole tijdens koken.\" \/>\n<meta name=\"robots\" content=\"index, follow, max-snippet:-1, max-image-preview:large, max-video-preview:-1\" \/>\n<link rel=\"canonical\" href=\"https:\/\/www.greeneggtotaal.nl\/de\/product\/inkbird-int-12i-bw-kabelloses-smart-thermometer-weis\/\" \/>\n<meta property=\"og:locale\" content=\"de_DE\" \/>\n<meta property=\"og:type\" content=\"article\" \/>\n<meta property=\"og:title\" content=\"Inkbird INT-12I-BW Draadloze Smart Thermometer Wit\" \/>\n<meta property=\"og:description\" content=\"Inkbird INT\u201112I\u2011BW draadloze smart thermometer in wit met snelle sensor voor nauwkeurige temperatuurcontrole tijdens koken.\" \/>\n<meta property=\"og:url\" content=\"https:\/\/www.greeneggtotaal.nl\/de\/product\/inkbird-int-12i-bw-kabelloses-smart-thermometer-weis\/\" \/>\n<meta property=\"og:site_name\" content=\"GreenEggTotaal\" \/>\n<meta property=\"article:modified_time\" content=\"2026-02-27T09:24:36+00:00\" \/>\n<meta property=\"og:image\" content=\"https:\/\/www.greeneggtotaal.nl\/wp-content\/uploads\/2025\/11\/1-1.webp\" \/>\n\t<meta property=\"og:image:width\" content=\"1600\" \/>\n\t<meta property=\"og:image:height\" content=\"1600\" \/>\n\t<meta property=\"og:image:type\" content=\"image\/webp\" \/>\n<meta name=\"twitter:card\" content=\"summary_large_image\" \/>\n<meta name=\"twitter:label1\" content=\"Gesch\u00e4tzte Lesezeit\" \/>\n\t<meta name=\"twitter:data1\" content=\"2\u00a0Minuten\" \/>\n<script type=\"application\/ld+json\" class=\"yoast-schema-graph\">{\"@context\":\"https:\\\/\\\/schema.org\",\"@graph\":[{\"@type\":\"WebPage\",\"@id\":\"https:\\\/\\\/www.greeneggtotaal.nl\\\/product\\\/inkbird-int-12i-bw-draadloze-smart-thermometer-wit\\\/\",\"url\":\"https:\\\/\\\/www.greeneggtotaal.nl\\\/product\\\/inkbird-int-12i-bw-draadloze-smart-thermometer-wit\\\/\",\"name\":\"Inkbird INT-12I-BW Draadloze Smart Thermometer Wit\",\"isPartOf\":{\"@id\":\"https:\\\/\\\/www.greeneggtotaal.nl\\\/nl\\\/#website\"},\"primaryImageOfPage\":{\"@id\":\"https:\\\/\\\/www.greeneggtotaal.nl\\\/product\\\/inkbird-int-12i-bw-draadloze-smart-thermometer-wit\\\/#primaryimage\"},\"image\":{\"@id\":\"https:\\\/\\\/www.greeneggtotaal.nl\\\/product\\\/inkbird-int-12i-bw-draadloze-smart-thermometer-wit\\\/#primaryimage\"},\"thumbnailUrl\":\"https:\\\/\\\/www.greeneggtotaal.nl\\\/wp-content\\\/uploads\\\/2025\\\/11\\\/1-1.webp\",\"datePublished\":\"2025-11-11T13:02:13+00:00\",\"dateModified\":\"2026-02-27T09:24:36+00:00\",\"description\":\"Inkbird INT\u201112I\u2011BW draadloze smart thermometer in wit met snelle sensor voor nauwkeurige temperatuurcontrole tijdens koken.\",\"breadcrumb\":{\"@id\":\"https:\\\/\\\/www.greeneggtotaal.nl\\\/product\\\/inkbird-int-12i-bw-draadloze-smart-thermometer-wit\\\/#breadcrumb\"},\"inLanguage\":\"de\",\"potentialAction\":[{\"@type\":\"ReadAction\",\"target\":[\"https:\\\/\\\/www.greeneggtotaal.nl\\\/product\\\/inkbird-int-12i-bw-draadloze-smart-thermometer-wit\\\/\"]}]},{\"@type\":\"ImageObject\",\"inLanguage\":\"de\",\"@id\":\"https:\\\/\\\/www.greeneggtotaal.nl\\\/product\\\/inkbird-int-12i-bw-draadloze-smart-thermometer-wit\\\/#primaryimage\",\"url\":\"https:\\\/\\\/www.greeneggtotaal.nl\\\/wp-content\\\/uploads\\\/2025\\\/11\\\/1-1.webp\",\"contentUrl\":\"https:\\\/\\\/www.greeneggtotaal.nl\\\/wp-content\\\/uploads\\\/2025\\\/11\\\/1-1.webp\",\"width\":1600,\"height\":1600,\"caption\":\"Inkbird INT-12I-BW Draadloze Smart Thermometer Wit\"},{\"@type\":\"BreadcrumbList\",\"@id\":\"https:\\\/\\\/www.greeneggtotaal.nl\\\/product\\\/inkbird-int-12i-bw-draadloze-smart-thermometer-wit\\\/#breadcrumb\",\"itemListElement\":[{\"@type\":\"ListItem\",\"position\":1,\"name\":\"Home\",\"item\":\"https:\\\/\\\/www.greeneggtotaal.nl\\\/\"},{\"@type\":\"ListItem\",\"position\":2,\"name\":\"Shop\",\"item\":\"https:\\\/\\\/www.greeneggtotaal.nl\\\/nl\\\/shop\\\/\"},{\"@type\":\"ListItem\",\"position\":3,\"name\":\"Inkbird INT-12I-BW Draadloze Smart Thermometer Wit\"}]},{\"@type\":\"WebSite\",\"@id\":\"https:\\\/\\\/www.greeneggtotaal.nl\\\/nl\\\/#website\",\"url\":\"https:\\\/\\\/www.greeneggtotaal.nl\\\/nl\\\/\",\"name\":\"greeneggtotaal.nl\",\"description\":\"D\u00e9 Big Green Egg Specialist\",\"publisher\":{\"@id\":\"https:\\\/\\\/www.greeneggtotaal.nl\\\/nl\\\/#organization\"},\"potentialAction\":[{\"@type\":\"SearchAction\",\"target\":{\"@type\":\"EntryPoint\",\"urlTemplate\":\"https:\\\/\\\/www.greeneggtotaal.nl\\\/nl\\\/?s={search_term_string}\"},\"query-input\":{\"@type\":\"PropertyValueSpecification\",\"valueRequired\":true,\"valueName\":\"search_term_string\"}}],\"inLanguage\":\"de\"},{\"@type\":\"Organization\",\"@id\":\"https:\\\/\\\/www.greeneggtotaal.nl\\\/nl\\\/#organization\",\"name\":\"Green Egg Totaal\",\"url\":\"https:\\\/\\\/www.greeneggtotaal.nl\\\/nl\\\/\",\"logo\":{\"@type\":\"ImageObject\",\"inLanguage\":\"de\",\"@id\":\"https:\\\/\\\/www.greeneggtotaal.nl\\\/nl\\\/#\\\/schema\\\/logo\\\/image\\\/\",\"url\":\"https:\\\/\\\/www.greeneggtotaal.nl\\\/wp-content\\\/uploads\\\/2025\\\/06\\\/Green-Egg-Totaal-Logo.png\",\"contentUrl\":\"https:\\\/\\\/www.greeneggtotaal.nl\\\/wp-content\\\/uploads\\\/2025\\\/06\\\/Green-Egg-Totaal-Logo.png\",\"width\":225,\"height\":95,\"caption\":\"Green Egg Totaal\"},\"image\":{\"@id\":\"https:\\\/\\\/www.greeneggtotaal.nl\\\/nl\\\/#\\\/schema\\\/logo\\\/image\\\/\"}}]}<\/script>\n<!-- \/ Yoast SEO Premium plugin. -->","yoast_head_json":{"title":"Inkbird INT-12I-BW Drahtloses intelligentes Thermometer Wei\u00df","description":"Inkbird INT-12I-BW kabelloses, intelligentes Thermometer in Wei\u00df mit schnellem Sensor zur genauen Temperatur\u00fcberwachung beim Kochen.","robots":{"index":"index","follow":"follow","max-snippet":"max-snippet:-1","max-image-preview":"max-image-preview:large","max-video-preview":"max-video-preview:-1"},"canonical":"https:\/\/www.greeneggtotaal.nl\/de\/product\/inkbird-int-12i-bw-kabelloses-smart-thermometer-weis\/","og_locale":"de_DE","og_type":"article","og_title":"Inkbird INT-12I-BW Draadloze Smart Thermometer Wit","og_description":"Inkbird INT\u201112I\u2011BW draadloze smart thermometer in wit met snelle sensor voor nauwkeurige temperatuurcontrole tijdens koken.","og_url":"https:\/\/www.greeneggtotaal.nl\/de\/product\/inkbird-int-12i-bw-kabelloses-smart-thermometer-weis\/","og_site_name":"GreenEggTotaal","article_modified_time":"2026-02-27T09:24:36+00:00","og_image":[{"width":1600,"height":1600,"url":"https:\/\/www.greeneggtotaal.nl\/wp-content\/uploads\/2025\/11\/1-1.webp","type":"image\/webp"}],"twitter_card":"summary_large_image","twitter_misc":{"Gesch\u00e4tzte Lesezeit":"2\u00a0Minuten"},"schema":{"@context":"https:\/\/schema.org","@graph":[{"@type":"WebPage","@id":"https:\/\/www.greeneggtotaal.nl\/product\/inkbird-int-12i-bw-draadloze-smart-thermometer-wit\/","url":"https:\/\/www.greeneggtotaal.nl\/product\/inkbird-int-12i-bw-draadloze-smart-thermometer-wit\/","name":"Inkbird INT-12I-BW Drahtloses intelligentes Thermometer Wei\u00df","isPartOf":{"@id":"https:\/\/www.greeneggtotaal.nl\/nl\/#website"},"primaryImageOfPage":{"@id":"https:\/\/www.greeneggtotaal.nl\/product\/inkbird-int-12i-bw-draadloze-smart-thermometer-wit\/#primaryimage"},"image":{"@id":"https:\/\/www.greeneggtotaal.nl\/product\/inkbird-int-12i-bw-draadloze-smart-thermometer-wit\/#primaryimage"},"thumbnailUrl":"https:\/\/www.greeneggtotaal.nl\/wp-content\/uploads\/2025\/11\/1-1.webp","datePublished":"2025-11-11T13:02:13+00:00","dateModified":"2026-02-27T09:24:36+00:00","description":"Inkbird INT-12I-BW kabelloses, intelligentes Thermometer in Wei\u00df mit schnellem Sensor zur genauen Temperatur\u00fcberwachung beim Kochen.","breadcrumb":{"@id":"https:\/\/www.greeneggtotaal.nl\/product\/inkbird-int-12i-bw-draadloze-smart-thermometer-wit\/#breadcrumb"},"inLanguage":"de","potentialAction":[{"@type":"ReadAction","target":["https:\/\/www.greeneggtotaal.nl\/product\/inkbird-int-12i-bw-draadloze-smart-thermometer-wit\/"]}]},{"@type":"ImageObject","inLanguage":"de","@id":"https:\/\/www.greeneggtotaal.nl\/product\/inkbird-int-12i-bw-draadloze-smart-thermometer-wit\/#primaryimage","url":"https:\/\/www.greeneggtotaal.nl\/wp-content\/uploads\/2025\/11\/1-1.webp","contentUrl":"https:\/\/www.greeneggtotaal.nl\/wp-content\/uploads\/2025\/11\/1-1.webp","width":1600,"height":1600,"caption":"Inkbird INT-12I-BW Draadloze Smart Thermometer Wit"},{"@type":"BreadcrumbList","@id":"https:\/\/www.greeneggtotaal.nl\/product\/inkbird-int-12i-bw-draadloze-smart-thermometer-wit\/#breadcrumb","itemListElement":[{"@type":"ListItem","position":1,"name":"Home","item":"https:\/\/www.greeneggtotaal.nl\/"},{"@type":"ListItem","position":2,"name":"Shop","item":"https:\/\/www.greeneggtotaal.nl\/nl\/shop\/"},{"@type":"ListItem","position":3,"name":"Inkbird INT-12I-BW Draadloze Smart Thermometer Wit"}]},{"@type":"WebSite","@id":"https:\/\/www.greeneggtotaal.nl\/nl\/#website","url":"https:\/\/www.greeneggtotaal.nl\/nl\/","name":"greeneggtotaal.nl","description":"Der Big Green Egg Spezialist","publisher":{"@id":"https:\/\/www.greeneggtotaal.nl\/nl\/#organization"},"potentialAction":[{"@type":"SearchAction","target":{"@type":"EntryPoint","urlTemplate":"https:\/\/www.greeneggtotaal.nl\/nl\/?s={search_term_string}"},"query-input":{"@type":"PropertyValueSpecification","valueRequired":true,"valueName":"search_term_string"}}],"inLanguage":"de"},{"@type":"Organization","@id":"https:\/\/www.greeneggtotaal.nl\/nl\/#organization","name":"Green Egg Totaal","url":"https:\/\/www.greeneggtotaal.nl\/nl\/","logo":{"@type":"ImageObject","inLanguage":"de","@id":"https:\/\/www.greeneggtotaal.nl\/nl\/#\/schema\/logo\/image\/","url":"https:\/\/www.greeneggtotaal.nl\/wp-content\/uploads\/2025\/06\/Green-Egg-Totaal-Logo.png","contentUrl":"https:\/\/www.greeneggtotaal.nl\/wp-content\/uploads\/2025\/06\/Green-Egg-Totaal-Logo.png","width":225,"height":95,"caption":"Green Egg Totaal"},"image":{"@id":"https:\/\/www.greeneggtotaal.nl\/nl\/#\/schema\/logo\/image\/"}}]}},"_links":{"self":[{"href":"https:\/\/www.greeneggtotaal.nl\/de\/wp-json\/wp\/v2\/product\/44004","targetHints":{"allow":["GET"]}}],"collection":[{"href":"https:\/\/www.greeneggtotaal.nl\/de\/wp-json\/wp\/v2\/product"}],"about":[{"href":"https:\/\/www.greeneggtotaal.nl\/de\/wp-json\/wp\/v2\/types\/product"}],"wp:featuredmedia":[{"embeddable":true,"href":"https:\/\/www.greeneggtotaal.nl\/de\/wp-json\/wp\/v2\/media\/44005"}],"wp:attachment":[{"href":"https:\/\/www.greeneggtotaal.nl\/de\/wp-json\/wp\/v2\/media?parent=44004"}],"wp:term":[{"taxonomy":"product_brand","embeddable":true,"href":"https:\/\/www.greeneggtotaal.nl\/de\/wp-json\/wp\/v2\/product_brand?post=44004"},{"taxonomy":"product_cat","embeddable":true,"href":"https:\/\/www.greeneggtotaal.nl\/de\/wp-json\/wp\/v2\/product_cat?post=44004"},{"taxonomy":"product_tag","embeddable":true,"href":"https:\/\/www.greeneggtotaal.nl\/de\/wp-json\/wp\/v2\/product_tag?post=44004"}],"curies":[{"name":"wp","href":"https:\/\/api.w.org\/{rel}","templated":true}]}}