{"id":44129,"date":"2025-11-12T13:56:08","date_gmt":"2025-11-12T12:56:08","guid":{"rendered":"https:\/\/www.greeneggtotaal.nl\/?post_type=product&#038;p=44129"},"modified":"2026-04-07T10:04:21","modified_gmt":"2026-04-07T08:04:21","slug":"ofyr-spatel-set","status":"publish","type":"product","link":"https:\/\/www.greeneggtotaal.nl\/de\/product\/ofyr-spatula-set\/","title":{"rendered":"OFYR Spatel-Set"},"content":{"rendered":"<p>Das OFYR Spatula Set ist die perfekte Erg\u00e4nzung f\u00fcr Ihr Outdoor-Kocherlebnis. Dieses Set aus drei Spateln wurde entwickelt, um das Kochen auf Ihrem OFYR Grill noch einfacher und angenehmer zu machen. Die Spatel sind aus hochwertigem Edelstahl gefertigt und verf\u00fcgen \u00fcber ein ergonomisches Design, wodurch sie bequem und einfach zu handhaben sind.<\/p>\n<p>Das OFYR Spatula Set besteht aus drei verschiedenen Spateln. Der erste ist ein flacher Spatel, ideal zum Wenden von Hamburgern und Fischfilets. Der zweite ist ein gezahnter Spatel, perfekt zum Schneiden und Servieren von Steaks und anderen Fleischgerichten. Der dritte ist ein multifunktionaler Spatel mit einer spitzen Enden, geeignet zum Aufnehmen kleiner Lebensmittelst\u00fccke wie Garnelen und Gem\u00fcse.<\/p>\n<p>Dieses Spachtelset wurde mit Liebe zum Detail entworfen und ist nicht nur funktional, sondern auch \u00e4sthetisch ansprechend. Die Griffe sind aus strapazierf\u00e4higem Eichenholz gefertigt, das eine warme Ausstrahlung hat und einen sch\u00f6nen Kontrast zum Edelstahlblatt des Spachtels bildet.<\/p>\n<p>Das OFYR Spatula Set ist die perfekte Erg\u00e4nzung zu Ihrer OFYR-Au\u00dfenk\u00fcche und ein Muss f\u00fcr jeden Kochliebhaber. Ob Sie Anf\u00e4nger oder erfahrener Koch sind, diese Spatel werden Ihr Kocherlebnis auf ein neues Niveau heben und sorgen f\u00fcr ein perfektes Ergebnis bei jeder Mahlzeit.<\/p>","protected":false},"excerpt":{"rendered":"<p>De OFYR Spatula Set is de perfecte aanvulling op uw buitenkookervaring. Deze set van drie spatels is ontworpen om het koken op uw OFYR grill nog gemakkelijker en plezieriger te maken. De spatels zijn gemaakt van hoogwaardig roestvrij staal en hebben een ergonomisch ontwerp, waardoor ze comfortabel en gemakkelijk in gebruik zijn. De OFYR Spatula [&hellip;]<\/p>\n","protected":false},"featured_media":44130,"template":"","meta":[],"product_brand":[239],"product_cat":[127],"product_tag":[],"class_list":{"0":"post-44129","1":"product","2":"type-product","3":"status-publish","4":"has-post-thumbnail","6":"product_brand-ofyr","7":"product_cat-ofyr-accessoires","9":"first","10":"instock","11":"sale","12":"taxable","13":"shipping-taxable","14":"purchasable","15":"product-type-simple"},"yoast_head":"<!-- This site is optimized with the Yoast SEO Premium plugin v27.4 (Yoast SEO v27.4) - https:\/\/yoast.com\/product\/yoast-seo-premium-wordpress\/ -->\n<title>OFYR Spatula Set<\/title>\n<meta name=\"description\" content=\"De OFYR Spatula Set is de perfecte aanvulling op uw buitenkookervaring. Deze set van drie spatels is ontworpen om het nog makkelijker te maken.\" \/>\n<meta name=\"robots\" content=\"index, follow, max-snippet:-1, max-image-preview:large, max-video-preview:-1\" \/>\n<link rel=\"canonical\" href=\"https:\/\/www.greeneggtotaal.nl\/de\/product\/ofyr-spatel-set\/\" \/>\n<meta property=\"og:locale\" content=\"de_DE\" \/>\n<meta property=\"og:type\" content=\"article\" \/>\n<meta property=\"og:title\" content=\"OFYR Spatula Set\" \/>\n<meta property=\"og:description\" content=\"De OFYR Spatula Set is de perfecte aanvulling op uw buitenkookervaring. Deze set van drie spatels is ontworpen om het nog makkelijker te maken.\" \/>\n<meta property=\"og:url\" content=\"https:\/\/www.greeneggtotaal.nl\/de\/product\/ofyr-spatel-set\/\" \/>\n<meta property=\"og:site_name\" content=\"GreenEggTotaal\" \/>\n<meta property=\"article:modified_time\" content=\"2026-04-07T08:04:21+00:00\" \/>\n<meta property=\"og:image\" content=\"https:\/\/www.greeneggtotaal.nl\/wp-content\/uploads\/2025\/11\/microsoftteams-image_30_-300x300-1.png\" \/>\n\t<meta property=\"og:image:width\" content=\"300\" \/>\n\t<meta property=\"og:image:height\" content=\"300\" \/>\n\t<meta property=\"og:image:type\" content=\"image\/png\" \/>\n<meta name=\"twitter:card\" content=\"summary_large_image\" \/>\n<meta name=\"twitter:label1\" content=\"Gesch\u00e4tzte Lesezeit\" \/>\n\t<meta name=\"twitter:data1\" content=\"2\u00a0Minuten\" \/>\n<script type=\"application\/ld+json\" class=\"yoast-schema-graph\">{\"@context\":\"https:\\\/\\\/schema.org\",\"@graph\":[{\"@type\":\"WebPage\",\"@id\":\"https:\\\/\\\/www.greeneggtotaal.nl\\\/product\\\/ofyr-spatula-set\\\/\",\"url\":\"https:\\\/\\\/www.greeneggtotaal.nl\\\/product\\\/ofyr-spatula-set\\\/\",\"name\":\"OFYR Spatula Set\",\"isPartOf\":{\"@id\":\"https:\\\/\\\/www.greeneggtotaal.nl\\\/nl\\\/#website\"},\"primaryImageOfPage\":{\"@id\":\"https:\\\/\\\/www.greeneggtotaal.nl\\\/product\\\/ofyr-spatula-set\\\/#primaryimage\"},\"image\":{\"@id\":\"https:\\\/\\\/www.greeneggtotaal.nl\\\/product\\\/ofyr-spatula-set\\\/#primaryimage\"},\"thumbnailUrl\":\"https:\\\/\\\/www.greeneggtotaal.nl\\\/wp-content\\\/uploads\\\/2025\\\/11\\\/microsoftteams-image_30_-300x300-1.webp\",\"datePublished\":\"2025-11-12T12:56:08+00:00\",\"dateModified\":\"2026-04-07T08:04:21+00:00\",\"description\":\"De OFYR Spatula Set is de perfecte aanvulling op uw buitenkookervaring. Deze set van drie spatels is ontworpen om het nog makkelijker te maken.\",\"breadcrumb\":{\"@id\":\"https:\\\/\\\/www.greeneggtotaal.nl\\\/product\\\/ofyr-spatula-set\\\/#breadcrumb\"},\"inLanguage\":\"de\",\"potentialAction\":[{\"@type\":\"ReadAction\",\"target\":[\"https:\\\/\\\/www.greeneggtotaal.nl\\\/product\\\/ofyr-spatula-set\\\/\"]}]},{\"@type\":\"ImageObject\",\"inLanguage\":\"de\",\"@id\":\"https:\\\/\\\/www.greeneggtotaal.nl\\\/product\\\/ofyr-spatula-set\\\/#primaryimage\",\"url\":\"https:\\\/\\\/www.greeneggtotaal.nl\\\/wp-content\\\/uploads\\\/2025\\\/11\\\/microsoftteams-image_30_-300x300-1.webp\",\"contentUrl\":\"https:\\\/\\\/www.greeneggtotaal.nl\\\/wp-content\\\/uploads\\\/2025\\\/11\\\/microsoftteams-image_30_-300x300-1.webp\",\"width\":300,\"height\":300,\"caption\":\"OFYR Spatula Set\"},{\"@type\":\"BreadcrumbList\",\"@id\":\"https:\\\/\\\/www.greeneggtotaal.nl\\\/product\\\/ofyr-spatula-set\\\/#breadcrumb\",\"itemListElement\":[{\"@type\":\"ListItem\",\"position\":1,\"name\":\"Home\",\"item\":\"https:\\\/\\\/www.greeneggtotaal.nl\\\/\"},{\"@type\":\"ListItem\",\"position\":2,\"name\":\"Shop\",\"item\":\"https:\\\/\\\/www.greeneggtotaal.nl\\\/nl\\\/shop\\\/\"},{\"@type\":\"ListItem\",\"position\":3,\"name\":\"OFYR Spatula Set\"}]},{\"@type\":\"WebSite\",\"@id\":\"https:\\\/\\\/www.greeneggtotaal.nl\\\/nl\\\/#website\",\"url\":\"https:\\\/\\\/www.greeneggtotaal.nl\\\/nl\\\/\",\"name\":\"greeneggtotaal.nl\",\"description\":\"D\u00e9 Big Green Egg Specialist\",\"publisher\":{\"@id\":\"https:\\\/\\\/www.greeneggtotaal.nl\\\/nl\\\/#organization\"},\"potentialAction\":[{\"@type\":\"SearchAction\",\"target\":{\"@type\":\"EntryPoint\",\"urlTemplate\":\"https:\\\/\\\/www.greeneggtotaal.nl\\\/nl\\\/?s={search_term_string}\"},\"query-input\":{\"@type\":\"PropertyValueSpecification\",\"valueRequired\":true,\"valueName\":\"search_term_string\"}}],\"inLanguage\":\"de\"},{\"@type\":\"Organization\",\"@id\":\"https:\\\/\\\/www.greeneggtotaal.nl\\\/nl\\\/#organization\",\"name\":\"Green Egg Totaal\",\"url\":\"https:\\\/\\\/www.greeneggtotaal.nl\\\/nl\\\/\",\"logo\":{\"@type\":\"ImageObject\",\"inLanguage\":\"de\",\"@id\":\"https:\\\/\\\/www.greeneggtotaal.nl\\\/nl\\\/#\\\/schema\\\/logo\\\/image\\\/\",\"url\":\"https:\\\/\\\/www.greeneggtotaal.nl\\\/wp-content\\\/uploads\\\/2025\\\/06\\\/Green-Egg-Totaal-Logo.png\",\"contentUrl\":\"https:\\\/\\\/www.greeneggtotaal.nl\\\/wp-content\\\/uploads\\\/2025\\\/06\\\/Green-Egg-Totaal-Logo.png\",\"width\":225,\"height\":95,\"caption\":\"Green Egg Totaal\"},\"image\":{\"@id\":\"https:\\\/\\\/www.greeneggtotaal.nl\\\/nl\\\/#\\\/schema\\\/logo\\\/image\\\/\"}}]}<\/script>\n<!-- \/ Yoast SEO Premium plugin. -->","yoast_head_json":{"title":"OFYR Spatel-Set","description":"Das OFYR Spatula Set ist die perfekte Erg\u00e4nzung f\u00fcr Ihr Outdoor-Kocherlebnis. Dieses Set aus drei Spateln wurde entwickelt, um Ihnen die Arbeit noch weiter zu erleichtern.","robots":{"index":"index","follow":"follow","max-snippet":"max-snippet:-1","max-image-preview":"max-image-preview:large","max-video-preview":"max-video-preview:-1"},"canonical":"https:\/\/www.greeneggtotaal.nl\/de\/product\/ofyr-spatel-set\/","og_locale":"de_DE","og_type":"article","og_title":"OFYR Spatula Set","og_description":"De OFYR Spatula Set is de perfecte aanvulling op uw buitenkookervaring. Deze set van drie spatels is ontworpen om het nog makkelijker te maken.","og_url":"https:\/\/www.greeneggtotaal.nl\/de\/product\/ofyr-spatel-set\/","og_site_name":"GreenEggTotaal","article_modified_time":"2026-04-07T08:04:21+00:00","og_image":[{"width":300,"height":300,"url":"https:\/\/www.greeneggtotaal.nl\/wp-content\/uploads\/2025\/11\/microsoftteams-image_30_-300x300-1.png","type":"image\/png"}],"twitter_card":"summary_large_image","twitter_misc":{"Gesch\u00e4tzte Lesezeit":"2\u00a0Minuten"},"schema":{"@context":"https:\/\/schema.org","@graph":[{"@type":"WebPage","@id":"https:\/\/www.greeneggtotaal.nl\/product\/ofyr-spatula-set\/","url":"https:\/\/www.greeneggtotaal.nl\/product\/ofyr-spatula-set\/","name":"OFYR Spatel-Set","isPartOf":{"@id":"https:\/\/www.greeneggtotaal.nl\/nl\/#website"},"primaryImageOfPage":{"@id":"https:\/\/www.greeneggtotaal.nl\/product\/ofyr-spatula-set\/#primaryimage"},"image":{"@id":"https:\/\/www.greeneggtotaal.nl\/product\/ofyr-spatula-set\/#primaryimage"},"thumbnailUrl":"https:\/\/www.greeneggtotaal.nl\/wp-content\/uploads\/2025\/11\/microsoftteams-image_30_-300x300-1.webp","datePublished":"2025-11-12T12:56:08+00:00","dateModified":"2026-04-07T08:04:21+00:00","description":"Das OFYR Spatula Set ist die perfekte Erg\u00e4nzung f\u00fcr Ihr Outdoor-Kocherlebnis. Dieses Set aus drei Spateln wurde entwickelt, um Ihnen die Arbeit noch weiter zu erleichtern.","breadcrumb":{"@id":"https:\/\/www.greeneggtotaal.nl\/product\/ofyr-spatula-set\/#breadcrumb"},"inLanguage":"de","potentialAction":[{"@type":"ReadAction","target":["https:\/\/www.greeneggtotaal.nl\/product\/ofyr-spatula-set\/"]}]},{"@type":"ImageObject","inLanguage":"de","@id":"https:\/\/www.greeneggtotaal.nl\/product\/ofyr-spatula-set\/#primaryimage","url":"https:\/\/www.greeneggtotaal.nl\/wp-content\/uploads\/2025\/11\/microsoftteams-image_30_-300x300-1.webp","contentUrl":"https:\/\/www.greeneggtotaal.nl\/wp-content\/uploads\/2025\/11\/microsoftteams-image_30_-300x300-1.webp","width":300,"height":300,"caption":"OFYR Spatula Set"},{"@type":"BreadcrumbList","@id":"https:\/\/www.greeneggtotaal.nl\/product\/ofyr-spatula-set\/#breadcrumb","itemListElement":[{"@type":"ListItem","position":1,"name":"Home","item":"https:\/\/www.greeneggtotaal.nl\/"},{"@type":"ListItem","position":2,"name":"Shop","item":"https:\/\/www.greeneggtotaal.nl\/nl\/shop\/"},{"@type":"ListItem","position":3,"name":"OFYR Spatula Set"}]},{"@type":"WebSite","@id":"https:\/\/www.greeneggtotaal.nl\/nl\/#website","url":"https:\/\/www.greeneggtotaal.nl\/nl\/","name":"greeneggtotaal.nl","description":"Der Big Green Egg Spezialist","publisher":{"@id":"https:\/\/www.greeneggtotaal.nl\/nl\/#organization"},"potentialAction":[{"@type":"SearchAction","target":{"@type":"EntryPoint","urlTemplate":"https:\/\/www.greeneggtotaal.nl\/nl\/?s={search_term_string}"},"query-input":{"@type":"PropertyValueSpecification","valueRequired":true,"valueName":"search_term_string"}}],"inLanguage":"de"},{"@type":"Organization","@id":"https:\/\/www.greeneggtotaal.nl\/nl\/#organization","name":"Green Egg Totaal","url":"https:\/\/www.greeneggtotaal.nl\/nl\/","logo":{"@type":"ImageObject","inLanguage":"de","@id":"https:\/\/www.greeneggtotaal.nl\/nl\/#\/schema\/logo\/image\/","url":"https:\/\/www.greeneggtotaal.nl\/wp-content\/uploads\/2025\/06\/Green-Egg-Totaal-Logo.png","contentUrl":"https:\/\/www.greeneggtotaal.nl\/wp-content\/uploads\/2025\/06\/Green-Egg-Totaal-Logo.png","width":225,"height":95,"caption":"Green Egg Totaal"},"image":{"@id":"https:\/\/www.greeneggtotaal.nl\/nl\/#\/schema\/logo\/image\/"}}]}},"_links":{"self":[{"href":"https:\/\/www.greeneggtotaal.nl\/de\/wp-json\/wp\/v2\/product\/44129","targetHints":{"allow":["GET"]}}],"collection":[{"href":"https:\/\/www.greeneggtotaal.nl\/de\/wp-json\/wp\/v2\/product"}],"about":[{"href":"https:\/\/www.greeneggtotaal.nl\/de\/wp-json\/wp\/v2\/types\/product"}],"wp:featuredmedia":[{"embeddable":true,"href":"https:\/\/www.greeneggtotaal.nl\/de\/wp-json\/wp\/v2\/media\/44130"}],"wp:attachment":[{"href":"https:\/\/www.greeneggtotaal.nl\/de\/wp-json\/wp\/v2\/media?parent=44129"}],"wp:term":[{"taxonomy":"product_brand","embeddable":true,"href":"https:\/\/www.greeneggtotaal.nl\/de\/wp-json\/wp\/v2\/product_brand?post=44129"},{"taxonomy":"product_cat","embeddable":true,"href":"https:\/\/www.greeneggtotaal.nl\/de\/wp-json\/wp\/v2\/product_cat?post=44129"},{"taxonomy":"product_tag","embeddable":true,"href":"https:\/\/www.greeneggtotaal.nl\/de\/wp-json\/wp\/v2\/product_tag?post=44129"}],"curies":[{"name":"wp","href":"https:\/\/api.w.org\/{rel}","templated":true}]}}