{"id":47428,"date":"2025-12-09T13:05:01","date_gmt":"2025-12-09T12:05:01","guid":{"rendered":"https:\/\/www.greeneggtotaal.nl\/?post_type=product&#038;p=47428"},"modified":"2026-03-09T17:01:58","modified_gmt":"2026-03-09T16:01:58","slug":"barts-ausenkuche-two-kitchen-large-2","status":"publish","type":"product","link":"https:\/\/www.greeneggtotaal.nl\/de\/product\/barts-buitenkeuken-two-kitchen-large-2\/","title":{"rendered":"Barts Outdoor K\u00fcche Zwei K\u00fcche Gro\u00df"},"content":{"rendered":"<p><em>Bitte beachten Sie: Das Big Green Egg ist nicht im Lieferumfang enthalten. Es handelt sich hierbei ausschlie\u00dflich um die Au\u00dfenk\u00fcche.<\/em><\/p>\n<p>Ist das \u2018Two-Kitchen\u2019 Large das Richtige f\u00fcr Sie? Das beliebteste \u2018Big Green Egg\u2019-Modell ist das Large. Das Large-Modell hat eine gro\u00dfe Kochfl\u00e4che. So k\u00f6nnen Sie Ihre Holzkohle in Zonen einteilen und Ihre Gerichte mit noch mehr Aufmerksamkeit zubereiten. Die Two-Kitchen-Au\u00dfenk\u00fcche passt perfekt dazu. Das Modell Large ist zum Beispiel 186 cm breit und 68 cm tief, wenn die Seitentische ausgeklappt sind. Mit ihren nat\u00fcrlichen Materialien f\u00fcgt sie sich perfekt in jeden Gartenstil ein. Die Two-Kitchen besteht aus den hochwertigsten und haltbarsten Materialien wie Gussbeton, Edelstahlbeschl\u00e4gen und Okan-Hartholz, unter anderem. Die Verwendung dieser Materialien macht das Ger\u00e4t extrem robust, so dass es genauso lange h\u00e4lt wie Ihr Big Green Egg. Dank der doppelt gelagerten R\u00e4der ist die Two-Kitchen leicht zu bewegen und kann \u00fcberall eingesetzt werden, wo Sie wollen.<\/p>","protected":false},"excerpt":{"rendered":"<p>Let op: de Big Green Egg is niet inbegrepen. Dit betreft enkel de buitenkeuken. Is de &#8216;Two-Kitchen&#8217; Large iets voor jou? Het meest populaire &#8216;Big Green Egg&#8217;-model is een Large. Het Large-model heeft een ruim kookoppervlak. Hierdoor kun je zones maken met je houtskool om zo je gerechten met nog meer aandacht te kunnen bereiden. [&hellip;]<\/p>\n","protected":false},"featured_media":11902,"template":"","meta":[],"product_brand":[249],"product_cat":[216],"product_tag":[],"class_list":{"0":"post-47428","1":"product","2":"type-product","3":"status-publish","4":"has-post-thumbnail","6":"product_brand-barts-buitenkeuken","7":"product_cat-outlet","9":"first","10":"instock","11":"sale","12":"taxable","13":"shipping-taxable","14":"purchasable","15":"product-type-composite"},"yoast_head":"<!-- This site is optimized with the Yoast SEO Premium plugin v27.4 (Yoast SEO v27.4) - https:\/\/yoast.com\/product\/yoast-seo-premium-wordpress\/ -->\n<title>Barts Buitenkeuken Two Kitchen Large - GreenEggTotaal<\/title>\n<meta name=\"robots\" content=\"index, follow, max-snippet:-1, max-image-preview:large, max-video-preview:-1\" \/>\n<link rel=\"canonical\" href=\"https:\/\/www.greeneggtotaal.nl\/de\/product\/barts-ausenkuche-two-kitchen-large-2\/\" \/>\n<meta property=\"og:locale\" content=\"de_DE\" \/>\n<meta property=\"og:type\" content=\"article\" \/>\n<meta property=\"og:title\" content=\"Barts Buitenkeuken Two Kitchen Large\" \/>\n<meta property=\"og:description\" content=\"Let op: de Big Green Egg is niet inbegrepen. Dit betreft enkel de buitenkeuken. Is de &#8216;Two-Kitchen&#8217; Large iets voor jou? Het meest populaire &#8216;Big Green Egg&#8217;-model is een Large. Het Large-model heeft een ruim kookoppervlak. Hierdoor kun je zones maken met je houtskool om zo je gerechten met nog meer aandacht te kunnen bereiden. [&hellip;]\" \/>\n<meta property=\"og:url\" content=\"https:\/\/www.greeneggtotaal.nl\/de\/product\/barts-ausenkuche-two-kitchen-large-2\/\" \/>\n<meta property=\"og:site_name\" content=\"GreenEggTotaal\" \/>\n<meta property=\"article:modified_time\" content=\"2026-03-09T16:01:58+00:00\" \/>\n<meta property=\"og:image\" content=\"https:\/\/www.greeneggtotaal.nl\/wp-content\/uploads\/2025\/08\/ontwerp-zonder-titel-2024-04-25t105157.986.webp\" \/>\n\t<meta property=\"og:image:width\" content=\"500\" \/>\n\t<meta property=\"og:image:height\" content=\"500\" \/>\n\t<meta property=\"og:image:type\" content=\"image\/webp\" \/>\n<meta name=\"twitter:card\" content=\"summary_large_image\" \/>\n<meta name=\"twitter:label1\" content=\"Gesch\u00e4tzte Lesezeit\" \/>\n\t<meta name=\"twitter:data1\" content=\"1\u00a0Minute\" \/>\n<script type=\"application\/ld+json\" class=\"yoast-schema-graph\">{\"@context\":\"https:\\\/\\\/schema.org\",\"@graph\":[{\"@type\":\"WebPage\",\"@id\":\"https:\\\/\\\/www.greeneggtotaal.nl\\\/product\\\/barts-buitenkeuken-two-kitchen-large-2\\\/\",\"url\":\"https:\\\/\\\/www.greeneggtotaal.nl\\\/product\\\/barts-buitenkeuken-two-kitchen-large-2\\\/\",\"name\":\"Barts Buitenkeuken Two Kitchen Large - GreenEggTotaal\",\"isPartOf\":{\"@id\":\"https:\\\/\\\/www.greeneggtotaal.nl\\\/nl\\\/#website\"},\"primaryImageOfPage\":{\"@id\":\"https:\\\/\\\/www.greeneggtotaal.nl\\\/product\\\/barts-buitenkeuken-two-kitchen-large-2\\\/#primaryimage\"},\"image\":{\"@id\":\"https:\\\/\\\/www.greeneggtotaal.nl\\\/product\\\/barts-buitenkeuken-two-kitchen-large-2\\\/#primaryimage\"},\"thumbnailUrl\":\"https:\\\/\\\/www.greeneggtotaal.nl\\\/wp-content\\\/uploads\\\/2025\\\/08\\\/ontwerp-zonder-titel-2024-04-25t105157.986.webp\",\"datePublished\":\"2025-12-09T12:05:01+00:00\",\"dateModified\":\"2026-03-09T16:01:58+00:00\",\"breadcrumb\":{\"@id\":\"https:\\\/\\\/www.greeneggtotaal.nl\\\/product\\\/barts-buitenkeuken-two-kitchen-large-2\\\/#breadcrumb\"},\"inLanguage\":\"de\",\"potentialAction\":[{\"@type\":\"ReadAction\",\"target\":[\"https:\\\/\\\/www.greeneggtotaal.nl\\\/product\\\/barts-buitenkeuken-two-kitchen-large-2\\\/\"]}]},{\"@type\":\"ImageObject\",\"inLanguage\":\"de\",\"@id\":\"https:\\\/\\\/www.greeneggtotaal.nl\\\/product\\\/barts-buitenkeuken-two-kitchen-large-2\\\/#primaryimage\",\"url\":\"https:\\\/\\\/www.greeneggtotaal.nl\\\/wp-content\\\/uploads\\\/2025\\\/08\\\/ontwerp-zonder-titel-2024-04-25t105157.986.webp\",\"contentUrl\":\"https:\\\/\\\/www.greeneggtotaal.nl\\\/wp-content\\\/uploads\\\/2025\\\/08\\\/ontwerp-zonder-titel-2024-04-25t105157.986.webp\",\"width\":500,\"height\":500},{\"@type\":\"BreadcrumbList\",\"@id\":\"https:\\\/\\\/www.greeneggtotaal.nl\\\/product\\\/barts-buitenkeuken-two-kitchen-large-2\\\/#breadcrumb\",\"itemListElement\":[{\"@type\":\"ListItem\",\"position\":1,\"name\":\"Home\",\"item\":\"https:\\\/\\\/www.greeneggtotaal.nl\\\/\"},{\"@type\":\"ListItem\",\"position\":2,\"name\":\"Shop\",\"item\":\"https:\\\/\\\/www.greeneggtotaal.nl\\\/nl\\\/shop\\\/\"},{\"@type\":\"ListItem\",\"position\":3,\"name\":\"Barts Buitenkeuken Two Kitchen Large\"}]},{\"@type\":\"WebSite\",\"@id\":\"https:\\\/\\\/www.greeneggtotaal.nl\\\/nl\\\/#website\",\"url\":\"https:\\\/\\\/www.greeneggtotaal.nl\\\/nl\\\/\",\"name\":\"greeneggtotaal.nl\",\"description\":\"D\u00e9 Big Green Egg Specialist\",\"publisher\":{\"@id\":\"https:\\\/\\\/www.greeneggtotaal.nl\\\/nl\\\/#organization\"},\"potentialAction\":[{\"@type\":\"SearchAction\",\"target\":{\"@type\":\"EntryPoint\",\"urlTemplate\":\"https:\\\/\\\/www.greeneggtotaal.nl\\\/nl\\\/?s={search_term_string}\"},\"query-input\":{\"@type\":\"PropertyValueSpecification\",\"valueRequired\":true,\"valueName\":\"search_term_string\"}}],\"inLanguage\":\"de\"},{\"@type\":\"Organization\",\"@id\":\"https:\\\/\\\/www.greeneggtotaal.nl\\\/nl\\\/#organization\",\"name\":\"Green Egg Totaal\",\"url\":\"https:\\\/\\\/www.greeneggtotaal.nl\\\/nl\\\/\",\"logo\":{\"@type\":\"ImageObject\",\"inLanguage\":\"de\",\"@id\":\"https:\\\/\\\/www.greeneggtotaal.nl\\\/nl\\\/#\\\/schema\\\/logo\\\/image\\\/\",\"url\":\"https:\\\/\\\/www.greeneggtotaal.nl\\\/wp-content\\\/uploads\\\/2025\\\/06\\\/Green-Egg-Totaal-Logo.png\",\"contentUrl\":\"https:\\\/\\\/www.greeneggtotaal.nl\\\/wp-content\\\/uploads\\\/2025\\\/06\\\/Green-Egg-Totaal-Logo.png\",\"width\":225,\"height\":95,\"caption\":\"Green Egg Totaal\"},\"image\":{\"@id\":\"https:\\\/\\\/www.greeneggtotaal.nl\\\/nl\\\/#\\\/schema\\\/logo\\\/image\\\/\"}}]}<\/script>\n<!-- \/ Yoast SEO Premium plugin. -->","yoast_head_json":{"title":"Barts Outdoor-K\u00fcche Zwei K\u00fcche Gro\u00df - GreenEggTotal","robots":{"index":"index","follow":"follow","max-snippet":"max-snippet:-1","max-image-preview":"max-image-preview:large","max-video-preview":"max-video-preview:-1"},"canonical":"https:\/\/www.greeneggtotaal.nl\/de\/product\/barts-ausenkuche-two-kitchen-large-2\/","og_locale":"de_DE","og_type":"article","og_title":"Barts Buitenkeuken Two Kitchen Large","og_description":"Let op: de Big Green Egg is niet inbegrepen. Dit betreft enkel de buitenkeuken. Is de &#8216;Two-Kitchen&#8217; Large iets voor jou? Het meest populaire &#8216;Big Green Egg&#8217;-model is een Large. Het Large-model heeft een ruim kookoppervlak. Hierdoor kun je zones maken met je houtskool om zo je gerechten met nog meer aandacht te kunnen bereiden. [&hellip;]","og_url":"https:\/\/www.greeneggtotaal.nl\/de\/product\/barts-ausenkuche-two-kitchen-large-2\/","og_site_name":"GreenEggTotaal","article_modified_time":"2026-03-09T16:01:58+00:00","og_image":[{"width":500,"height":500,"url":"https:\/\/www.greeneggtotaal.nl\/wp-content\/uploads\/2025\/08\/ontwerp-zonder-titel-2024-04-25t105157.986.webp","type":"image\/webp"}],"twitter_card":"summary_large_image","twitter_misc":{"Gesch\u00e4tzte Lesezeit":"1\u00a0Minute"},"schema":{"@context":"https:\/\/schema.org","@graph":[{"@type":"WebPage","@id":"https:\/\/www.greeneggtotaal.nl\/product\/barts-buitenkeuken-two-kitchen-large-2\/","url":"https:\/\/www.greeneggtotaal.nl\/product\/barts-buitenkeuken-two-kitchen-large-2\/","name":"Barts Outdoor-K\u00fcche Zwei K\u00fcche Gro\u00df - GreenEggTotal","isPartOf":{"@id":"https:\/\/www.greeneggtotaal.nl\/nl\/#website"},"primaryImageOfPage":{"@id":"https:\/\/www.greeneggtotaal.nl\/product\/barts-buitenkeuken-two-kitchen-large-2\/#primaryimage"},"image":{"@id":"https:\/\/www.greeneggtotaal.nl\/product\/barts-buitenkeuken-two-kitchen-large-2\/#primaryimage"},"thumbnailUrl":"https:\/\/www.greeneggtotaal.nl\/wp-content\/uploads\/2025\/08\/ontwerp-zonder-titel-2024-04-25t105157.986.webp","datePublished":"2025-12-09T12:05:01+00:00","dateModified":"2026-03-09T16:01:58+00:00","breadcrumb":{"@id":"https:\/\/www.greeneggtotaal.nl\/product\/barts-buitenkeuken-two-kitchen-large-2\/#breadcrumb"},"inLanguage":"de","potentialAction":[{"@type":"ReadAction","target":["https:\/\/www.greeneggtotaal.nl\/product\/barts-buitenkeuken-two-kitchen-large-2\/"]}]},{"@type":"ImageObject","inLanguage":"de","@id":"https:\/\/www.greeneggtotaal.nl\/product\/barts-buitenkeuken-two-kitchen-large-2\/#primaryimage","url":"https:\/\/www.greeneggtotaal.nl\/wp-content\/uploads\/2025\/08\/ontwerp-zonder-titel-2024-04-25t105157.986.webp","contentUrl":"https:\/\/www.greeneggtotaal.nl\/wp-content\/uploads\/2025\/08\/ontwerp-zonder-titel-2024-04-25t105157.986.webp","width":500,"height":500},{"@type":"BreadcrumbList","@id":"https:\/\/www.greeneggtotaal.nl\/product\/barts-buitenkeuken-two-kitchen-large-2\/#breadcrumb","itemListElement":[{"@type":"ListItem","position":1,"name":"Home","item":"https:\/\/www.greeneggtotaal.nl\/"},{"@type":"ListItem","position":2,"name":"Shop","item":"https:\/\/www.greeneggtotaal.nl\/nl\/shop\/"},{"@type":"ListItem","position":3,"name":"Barts Buitenkeuken Two Kitchen Large"}]},{"@type":"WebSite","@id":"https:\/\/www.greeneggtotaal.nl\/nl\/#website","url":"https:\/\/www.greeneggtotaal.nl\/nl\/","name":"greeneggtotaal.nl","description":"Der Big Green Egg Spezialist","publisher":{"@id":"https:\/\/www.greeneggtotaal.nl\/nl\/#organization"},"potentialAction":[{"@type":"SearchAction","target":{"@type":"EntryPoint","urlTemplate":"https:\/\/www.greeneggtotaal.nl\/nl\/?s={search_term_string}"},"query-input":{"@type":"PropertyValueSpecification","valueRequired":true,"valueName":"search_term_string"}}],"inLanguage":"de"},{"@type":"Organization","@id":"https:\/\/www.greeneggtotaal.nl\/nl\/#organization","name":"Green Egg Totaal","url":"https:\/\/www.greeneggtotaal.nl\/nl\/","logo":{"@type":"ImageObject","inLanguage":"de","@id":"https:\/\/www.greeneggtotaal.nl\/nl\/#\/schema\/logo\/image\/","url":"https:\/\/www.greeneggtotaal.nl\/wp-content\/uploads\/2025\/06\/Green-Egg-Totaal-Logo.png","contentUrl":"https:\/\/www.greeneggtotaal.nl\/wp-content\/uploads\/2025\/06\/Green-Egg-Totaal-Logo.png","width":225,"height":95,"caption":"Green Egg Totaal"},"image":{"@id":"https:\/\/www.greeneggtotaal.nl\/nl\/#\/schema\/logo\/image\/"}}]}},"_links":{"self":[{"href":"https:\/\/www.greeneggtotaal.nl\/de\/wp-json\/wp\/v2\/product\/47428","targetHints":{"allow":["GET"]}}],"collection":[{"href":"https:\/\/www.greeneggtotaal.nl\/de\/wp-json\/wp\/v2\/product"}],"about":[{"href":"https:\/\/www.greeneggtotaal.nl\/de\/wp-json\/wp\/v2\/types\/product"}],"wp:featuredmedia":[{"embeddable":true,"href":"https:\/\/www.greeneggtotaal.nl\/de\/wp-json\/wp\/v2\/media\/11902"}],"wp:attachment":[{"href":"https:\/\/www.greeneggtotaal.nl\/de\/wp-json\/wp\/v2\/media?parent=47428"}],"wp:term":[{"taxonomy":"product_brand","embeddable":true,"href":"https:\/\/www.greeneggtotaal.nl\/de\/wp-json\/wp\/v2\/product_brand?post=47428"},{"taxonomy":"product_cat","embeddable":true,"href":"https:\/\/www.greeneggtotaal.nl\/de\/wp-json\/wp\/v2\/product_cat?post=47428"},{"taxonomy":"product_tag","embeddable":true,"href":"https:\/\/www.greeneggtotaal.nl\/de\/wp-json\/wp\/v2\/product_tag?post=47428"}],"curies":[{"name":"wp","href":"https:\/\/api.w.org\/{rel}","templated":true}]}}