{"id":47793,"date":"2025-12-15T10:23:34","date_gmt":"2025-12-15T09:23:34","guid":{"rendered":"https:\/\/www.greeneggtotaal.nl\/?post_type=product&#038;p=47793"},"modified":"2026-03-02T10:58:56","modified_gmt":"2026-03-02T09:58:56","slug":"grundkurs-kamado-grillen-am-8-mai","status":"publish","type":"product","link":"https:\/\/www.greeneggtotaal.nl\/de\/product\/basis-kamado-workshop-8-mei\/","title":{"rendered":"Kamado-Grundkurs 8. Mai"},"content":{"rendered":"<p>Datum: 8. Mai 2026<\/p>\n<p>Zeit: 17:00 - 20:00<\/p>\n<p>Entdecken Sie die k\u00f6stliche Welt des Kamado-Kochens bei unserem exklusiven Workshop im bezaubernden Loosdrecht! Unsere T\u00fcren sind weit ge\u00f6ffnet, um Sie und Ihre G\u00e4ste zu einem unvergesslichen kulinarischen Erlebnis zu empfangen. In unserem wundersch\u00f6n renovierten Showroom nimmt Sie der Kamado-Experte Sebastiaan - besser bekannt als der Gro\u00dfe Burgunder - mit auf eine schmackhafte Reise durch die Kunst des Kamado-Kochens.<\/p>","protected":false},"excerpt":{"rendered":"<p>Datum: 8 mei 2026 Tijd: 17:00 &#8211; 20:00 Ontdek de verrukkelijke wereld van kamado koken tijdens onze exclusieve workshop in het betoverende Loosdrecht! Onze deuren staan wijd open om jou en je gezelschap te verwelkomen voor een onvergetelijke culinaire ervaring. In onze prachtig gerenoveerde showroom neemt kamado-expert Chef Sebastiaan \u2013 beter bekend als de Grote [&hellip;]<\/p>\n","protected":false},"featured_media":47794,"template":"","meta":[],"product_brand":[],"product_cat":[29],"product_tag":[],"class_list":{"0":"post-47793","1":"product","2":"type-product","3":"status-publish","4":"has-post-thumbnail","6":"product_cat-workshops","8":"first","9":"instock","10":"sale","11":"taxable","12":"shipping-taxable","13":"purchasable","14":"product-type-simple"},"yoast_head":"<!-- This site is optimized with the Yoast SEO Premium plugin v27.4 (Yoast SEO v27.4) - https:\/\/yoast.com\/product\/yoast-seo-premium-wordpress\/ -->\n<title>Basis Kamado Workshop 8 mei<\/title>\n<meta name=\"description\" content=\"Ontdek de verrukkelijke wereld van kamado koken tijdens onze exclusieve workshop in het betoverende Loosdrecht! Basis Kamado Workshop 8 mei\" \/>\n<meta name=\"robots\" content=\"index, follow, max-snippet:-1, max-image-preview:large, max-video-preview:-1\" \/>\n<link rel=\"canonical\" href=\"https:\/\/www.greeneggtotaal.nl\/de\/product\/grundkurs-kamado-grillen-am-8-mai\/\" \/>\n<meta property=\"og:locale\" content=\"de_DE\" \/>\n<meta property=\"og:type\" content=\"article\" \/>\n<meta property=\"og:title\" content=\"Basis Kamado Workshop 8 mei\" \/>\n<meta property=\"og:description\" content=\"Ontdek de verrukkelijke wereld van kamado koken tijdens onze exclusieve workshop in het betoverende Loosdrecht! Basis Kamado Workshop 8 mei\" \/>\n<meta property=\"og:url\" content=\"https:\/\/www.greeneggtotaal.nl\/de\/product\/grundkurs-kamado-grillen-am-8-mai\/\" \/>\n<meta property=\"og:site_name\" content=\"GreenEggTotaal\" \/>\n<meta property=\"article:modified_time\" content=\"2026-03-02T09:58:56+00:00\" \/>\n<meta property=\"og:image\" content=\"https:\/\/www.greeneggtotaal.nl\/wp-content\/uploads\/2025\/12\/GreenEggTotaal-2025-12-15T102200.745.webp\" \/>\n\t<meta property=\"og:image:width\" content=\"500\" \/>\n\t<meta property=\"og:image:height\" content=\"500\" \/>\n\t<meta property=\"og:image:type\" content=\"image\/webp\" \/>\n<meta name=\"twitter:card\" content=\"summary_large_image\" \/>\n<meta name=\"twitter:label1\" content=\"Gesch\u00e4tzte Lesezeit\" \/>\n\t<meta name=\"twitter:data1\" content=\"1\u00a0Minute\" \/>\n<script type=\"application\/ld+json\" class=\"yoast-schema-graph\">{\"@context\":\"https:\\\/\\\/schema.org\",\"@graph\":[{\"@type\":\"WebPage\",\"@id\":\"https:\\\/\\\/www.greeneggtotaal.nl\\\/product\\\/basis-kamado-workshop-8-mei\\\/\",\"url\":\"https:\\\/\\\/www.greeneggtotaal.nl\\\/product\\\/basis-kamado-workshop-8-mei\\\/\",\"name\":\"Basis Kamado Workshop 8 mei\",\"isPartOf\":{\"@id\":\"https:\\\/\\\/www.greeneggtotaal.nl\\\/nl\\\/#website\"},\"primaryImageOfPage\":{\"@id\":\"https:\\\/\\\/www.greeneggtotaal.nl\\\/product\\\/basis-kamado-workshop-8-mei\\\/#primaryimage\"},\"image\":{\"@id\":\"https:\\\/\\\/www.greeneggtotaal.nl\\\/product\\\/basis-kamado-workshop-8-mei\\\/#primaryimage\"},\"thumbnailUrl\":\"https:\\\/\\\/www.greeneggtotaal.nl\\\/wp-content\\\/uploads\\\/2025\\\/12\\\/GreenEggTotaal-2025-12-15T102200.745.webp\",\"datePublished\":\"2025-12-15T09:23:34+00:00\",\"dateModified\":\"2026-03-02T09:58:56+00:00\",\"description\":\"Ontdek de verrukkelijke wereld van kamado koken tijdens onze exclusieve workshop in het betoverende Loosdrecht! Basis Kamado Workshop 8 mei\",\"breadcrumb\":{\"@id\":\"https:\\\/\\\/www.greeneggtotaal.nl\\\/product\\\/basis-kamado-workshop-8-mei\\\/#breadcrumb\"},\"inLanguage\":\"de\",\"potentialAction\":[{\"@type\":\"ReadAction\",\"target\":[\"https:\\\/\\\/www.greeneggtotaal.nl\\\/product\\\/basis-kamado-workshop-8-mei\\\/\"]}]},{\"@type\":\"ImageObject\",\"inLanguage\":\"de\",\"@id\":\"https:\\\/\\\/www.greeneggtotaal.nl\\\/product\\\/basis-kamado-workshop-8-mei\\\/#primaryimage\",\"url\":\"https:\\\/\\\/www.greeneggtotaal.nl\\\/wp-content\\\/uploads\\\/2025\\\/12\\\/GreenEggTotaal-2025-12-15T102200.745.webp\",\"contentUrl\":\"https:\\\/\\\/www.greeneggtotaal.nl\\\/wp-content\\\/uploads\\\/2025\\\/12\\\/GreenEggTotaal-2025-12-15T102200.745.webp\",\"width\":500,\"height\":500,\"caption\":\"Basis Kamado Workshop 8 mei\"},{\"@type\":\"BreadcrumbList\",\"@id\":\"https:\\\/\\\/www.greeneggtotaal.nl\\\/product\\\/basis-kamado-workshop-8-mei\\\/#breadcrumb\",\"itemListElement\":[{\"@type\":\"ListItem\",\"position\":1,\"name\":\"Home\",\"item\":\"https:\\\/\\\/www.greeneggtotaal.nl\\\/\"},{\"@type\":\"ListItem\",\"position\":2,\"name\":\"Shop\",\"item\":\"https:\\\/\\\/www.greeneggtotaal.nl\\\/nl\\\/shop\\\/\"},{\"@type\":\"ListItem\",\"position\":3,\"name\":\"Basis Kamado Workshop 8 mei\"}]},{\"@type\":\"WebSite\",\"@id\":\"https:\\\/\\\/www.greeneggtotaal.nl\\\/nl\\\/#website\",\"url\":\"https:\\\/\\\/www.greeneggtotaal.nl\\\/nl\\\/\",\"name\":\"greeneggtotaal.nl\",\"description\":\"D\u00e9 Big Green Egg Specialist\",\"publisher\":{\"@id\":\"https:\\\/\\\/www.greeneggtotaal.nl\\\/nl\\\/#organization\"},\"potentialAction\":[{\"@type\":\"SearchAction\",\"target\":{\"@type\":\"EntryPoint\",\"urlTemplate\":\"https:\\\/\\\/www.greeneggtotaal.nl\\\/nl\\\/?s={search_term_string}\"},\"query-input\":{\"@type\":\"PropertyValueSpecification\",\"valueRequired\":true,\"valueName\":\"search_term_string\"}}],\"inLanguage\":\"de\"},{\"@type\":\"Organization\",\"@id\":\"https:\\\/\\\/www.greeneggtotaal.nl\\\/nl\\\/#organization\",\"name\":\"Green Egg Totaal\",\"url\":\"https:\\\/\\\/www.greeneggtotaal.nl\\\/nl\\\/\",\"logo\":{\"@type\":\"ImageObject\",\"inLanguage\":\"de\",\"@id\":\"https:\\\/\\\/www.greeneggtotaal.nl\\\/nl\\\/#\\\/schema\\\/logo\\\/image\\\/\",\"url\":\"https:\\\/\\\/www.greeneggtotaal.nl\\\/wp-content\\\/uploads\\\/2025\\\/06\\\/Green-Egg-Totaal-Logo.png\",\"contentUrl\":\"https:\\\/\\\/www.greeneggtotaal.nl\\\/wp-content\\\/uploads\\\/2025\\\/06\\\/Green-Egg-Totaal-Logo.png\",\"width\":225,\"height\":95,\"caption\":\"Green Egg Totaal\"},\"image\":{\"@id\":\"https:\\\/\\\/www.greeneggtotaal.nl\\\/nl\\\/#\\\/schema\\\/logo\\\/image\\\/\"}}]}<\/script>\n<!-- \/ Yoast SEO Premium plugin. -->","yoast_head_json":{"title":"Kamado-Grundkurs 8. Mai","description":"Entdecken Sie die k\u00f6stliche Welt des Kamado-Kochens bei unserem exklusiven Workshop im bezaubernden Loosdrecht! Kamado-Grundkurs 8. Mai","robots":{"index":"index","follow":"follow","max-snippet":"max-snippet:-1","max-image-preview":"max-image-preview:large","max-video-preview":"max-video-preview:-1"},"canonical":"https:\/\/www.greeneggtotaal.nl\/de\/product\/grundkurs-kamado-grillen-am-8-mai\/","og_locale":"de_DE","og_type":"article","og_title":"Basis Kamado Workshop 8 mei","og_description":"Ontdek de verrukkelijke wereld van kamado koken tijdens onze exclusieve workshop in het betoverende Loosdrecht! Basis Kamado Workshop 8 mei","og_url":"https:\/\/www.greeneggtotaal.nl\/de\/product\/grundkurs-kamado-grillen-am-8-mai\/","og_site_name":"GreenEggTotaal","article_modified_time":"2026-03-02T09:58:56+00:00","og_image":[{"width":500,"height":500,"url":"https:\/\/www.greeneggtotaal.nl\/wp-content\/uploads\/2025\/12\/GreenEggTotaal-2025-12-15T102200.745.webp","type":"image\/webp"}],"twitter_card":"summary_large_image","twitter_misc":{"Gesch\u00e4tzte Lesezeit":"1\u00a0Minute"},"schema":{"@context":"https:\/\/schema.org","@graph":[{"@type":"WebPage","@id":"https:\/\/www.greeneggtotaal.nl\/product\/basis-kamado-workshop-8-mei\/","url":"https:\/\/www.greeneggtotaal.nl\/product\/basis-kamado-workshop-8-mei\/","name":"Kamado-Grundkurs 8. Mai","isPartOf":{"@id":"https:\/\/www.greeneggtotaal.nl\/nl\/#website"},"primaryImageOfPage":{"@id":"https:\/\/www.greeneggtotaal.nl\/product\/basis-kamado-workshop-8-mei\/#primaryimage"},"image":{"@id":"https:\/\/www.greeneggtotaal.nl\/product\/basis-kamado-workshop-8-mei\/#primaryimage"},"thumbnailUrl":"https:\/\/www.greeneggtotaal.nl\/wp-content\/uploads\/2025\/12\/GreenEggTotaal-2025-12-15T102200.745.webp","datePublished":"2025-12-15T09:23:34+00:00","dateModified":"2026-03-02T09:58:56+00:00","description":"Entdecken Sie die k\u00f6stliche Welt des Kamado-Kochens bei unserem exklusiven Workshop im bezaubernden Loosdrecht! Kamado-Grundkurs 8. Mai","breadcrumb":{"@id":"https:\/\/www.greeneggtotaal.nl\/product\/basis-kamado-workshop-8-mei\/#breadcrumb"},"inLanguage":"de","potentialAction":[{"@type":"ReadAction","target":["https:\/\/www.greeneggtotaal.nl\/product\/basis-kamado-workshop-8-mei\/"]}]},{"@type":"ImageObject","inLanguage":"de","@id":"https:\/\/www.greeneggtotaal.nl\/product\/basis-kamado-workshop-8-mei\/#primaryimage","url":"https:\/\/www.greeneggtotaal.nl\/wp-content\/uploads\/2025\/12\/GreenEggTotaal-2025-12-15T102200.745.webp","contentUrl":"https:\/\/www.greeneggtotaal.nl\/wp-content\/uploads\/2025\/12\/GreenEggTotaal-2025-12-15T102200.745.webp","width":500,"height":500,"caption":"Basis Kamado Workshop 8 mei"},{"@type":"BreadcrumbList","@id":"https:\/\/www.greeneggtotaal.nl\/product\/basis-kamado-workshop-8-mei\/#breadcrumb","itemListElement":[{"@type":"ListItem","position":1,"name":"Home","item":"https:\/\/www.greeneggtotaal.nl\/"},{"@type":"ListItem","position":2,"name":"Shop","item":"https:\/\/www.greeneggtotaal.nl\/nl\/shop\/"},{"@type":"ListItem","position":3,"name":"Basis Kamado Workshop 8 mei"}]},{"@type":"WebSite","@id":"https:\/\/www.greeneggtotaal.nl\/nl\/#website","url":"https:\/\/www.greeneggtotaal.nl\/nl\/","name":"greeneggtotaal.nl","description":"Der Big Green Egg Spezialist","publisher":{"@id":"https:\/\/www.greeneggtotaal.nl\/nl\/#organization"},"potentialAction":[{"@type":"SearchAction","target":{"@type":"EntryPoint","urlTemplate":"https:\/\/www.greeneggtotaal.nl\/nl\/?s={search_term_string}"},"query-input":{"@type":"PropertyValueSpecification","valueRequired":true,"valueName":"search_term_string"}}],"inLanguage":"de"},{"@type":"Organization","@id":"https:\/\/www.greeneggtotaal.nl\/nl\/#organization","name":"Green Egg Totaal","url":"https:\/\/www.greeneggtotaal.nl\/nl\/","logo":{"@type":"ImageObject","inLanguage":"de","@id":"https:\/\/www.greeneggtotaal.nl\/nl\/#\/schema\/logo\/image\/","url":"https:\/\/www.greeneggtotaal.nl\/wp-content\/uploads\/2025\/06\/Green-Egg-Totaal-Logo.png","contentUrl":"https:\/\/www.greeneggtotaal.nl\/wp-content\/uploads\/2025\/06\/Green-Egg-Totaal-Logo.png","width":225,"height":95,"caption":"Green Egg Totaal"},"image":{"@id":"https:\/\/www.greeneggtotaal.nl\/nl\/#\/schema\/logo\/image\/"}}]}},"_links":{"self":[{"href":"https:\/\/www.greeneggtotaal.nl\/de\/wp-json\/wp\/v2\/product\/47793","targetHints":{"allow":["GET"]}}],"collection":[{"href":"https:\/\/www.greeneggtotaal.nl\/de\/wp-json\/wp\/v2\/product"}],"about":[{"href":"https:\/\/www.greeneggtotaal.nl\/de\/wp-json\/wp\/v2\/types\/product"}],"wp:featuredmedia":[{"embeddable":true,"href":"https:\/\/www.greeneggtotaal.nl\/de\/wp-json\/wp\/v2\/media\/47794"}],"wp:attachment":[{"href":"https:\/\/www.greeneggtotaal.nl\/de\/wp-json\/wp\/v2\/media?parent=47793"}],"wp:term":[{"taxonomy":"product_brand","embeddable":true,"href":"https:\/\/www.greeneggtotaal.nl\/de\/wp-json\/wp\/v2\/product_brand?post=47793"},{"taxonomy":"product_cat","embeddable":true,"href":"https:\/\/www.greeneggtotaal.nl\/de\/wp-json\/wp\/v2\/product_cat?post=47793"},{"taxonomy":"product_tag","embeddable":true,"href":"https:\/\/www.greeneggtotaal.nl\/de\/wp-json\/wp\/v2\/product_tag?post=47793"}],"curies":[{"name":"wp","href":"https:\/\/api.w.org\/{rel}","templated":true}]}}