{"id":4845,"date":"2025-06-16T10:37:31","date_gmt":"2025-06-16T08:37:31","guid":{"rendered":"https:\/\/baselinkweb.nl\/greeneggtotaal\/product\/bestcharcoal-houtskool-bewaarbox\/"},"modified":"2026-02-11T11:07:42","modified_gmt":"2026-02-11T10:07:42","slug":"bestcharcoal-holzkohle-aufbewahrungsbox","status":"publish","type":"product","link":"https:\/\/www.greeneggtotaal.nl\/de\/product\/bestcharcoal-houtskool-bewaarbox\/","title":{"rendered":"BestCharcoal Holzkohle-Lagerbox 62 Liter"},"content":{"rendered":"<p>Holzkohle funktioniert optimal, wenn sie in einer trockenen Umgebung gelagert wird. Die Bestcharcoal-Aufbewahrungsbox ist daher ein Muss f\u00fcr jeden Grillfan. Mit einem Fassungsverm\u00f6gen von 62 Litern eignet sich die Aufbewahrungsbox f\u00fcr alle Bestcharcoal-Holzkohles\u00e4cke zu 10 und 15 kg. Au\u00dferdem hat die Aufbewahrungsbox (Box + Deckel) eine Tragkraft von bis zu +- 300(!) kg.<\/p>","protected":false},"excerpt":{"rendered":"<p>Holzkohle funktioniert optimal, wenn sie in einer trockenen Umgebung gelagert wird. Die Bestcharcoal-Aufbewahrungsbox ist daher ein Muss f\u00fcr jeden Grillfan. Mit einem Fassungsverm\u00f6gen von 62 Litern eignet sich die Aufbewahrungsbox f\u00fcr alle Bestcharcoal-Holzkohles\u00e4cke zu 10 und 15 kg. Au\u00dferdem hat die Aufbewahrungsbox (Box + Deckel) eine Tragkraft von bis zu +- 300(!) kg.<\/p>","protected":false},"featured_media":10601,"template":"","meta":[],"product_brand":[241],"product_cat":[64],"product_tag":[],"class_list":{"0":"post-4845","1":"product","2":"type-product","3":"status-publish","4":"has-post-thumbnail","6":"product_brand-best-charcoal","7":"product_cat-houtskool-opslag","9":"first","10":"instock","11":"taxable","12":"shipping-taxable","13":"purchasable","14":"product-type-simple"},"yoast_head":"<!-- This site is optimized with the Yoast SEO Premium plugin v27.4 (Yoast SEO v27.4) - https:\/\/yoast.com\/product\/yoast-seo-premium-wordpress\/ -->\n<title>BestCharcoal Houtskool Bewaarbox 62 liter - GreenEggTotaal<\/title>\n<meta name=\"robots\" content=\"index, follow, max-snippet:-1, max-image-preview:large, max-video-preview:-1\" \/>\n<link rel=\"canonical\" href=\"https:\/\/www.greeneggtotaal.nl\/de\/product\/bestcharcoal-holzkohle-aufbewahrungsbox\/\" \/>\n<meta property=\"og:locale\" content=\"de_DE\" \/>\n<meta property=\"og:type\" content=\"article\" \/>\n<meta property=\"og:title\" content=\"BestCharcoal Houtskool Bewaarbox 62 liter\" \/>\n<meta property=\"og:description\" content=\"Houtskool functioneert optimaal als het wordt opgeslagen in een droge omgeving. De Bestcharcoal bewaarbox is daarom een must have voor iedere barbecue liefhebber. Met een inhoud van 62 Liter is de bewaarbox geschikt voor alle Bestcharcoal 10- &amp; 15KG houtskoolzakken. Verder heeft de bewaarbox (box + deksel) een draagkracht tot +- 300(!) KG.\" \/>\n<meta property=\"og:url\" content=\"https:\/\/www.greeneggtotaal.nl\/de\/product\/bestcharcoal-holzkohle-aufbewahrungsbox\/\" \/>\n<meta property=\"og:site_name\" content=\"GreenEggTotaal\" \/>\n<meta property=\"article:modified_time\" content=\"2026-02-11T10:07:42+00:00\" \/>\n<meta property=\"og:image\" content=\"https:\/\/www.greeneggtotaal.nl\/wp-content\/uploads\/2025\/08\/bc_opbergbox-1-1.webp\" \/>\n\t<meta property=\"og:image:width\" content=\"500\" \/>\n\t<meta property=\"og:image:height\" content=\"500\" \/>\n\t<meta property=\"og:image:type\" content=\"image\/webp\" \/>\n<meta name=\"twitter:card\" content=\"summary_large_image\" \/>\n<meta name=\"twitter:label1\" content=\"Gesch\u00e4tzte Lesezeit\" \/>\n\t<meta name=\"twitter:data1\" content=\"1\u00a0Minute\" \/>\n<script type=\"application\/ld+json\" class=\"yoast-schema-graph\">{\"@context\":\"https:\\\/\\\/schema.org\",\"@graph\":[{\"@type\":\"WebPage\",\"@id\":\"https:\\\/\\\/www.greeneggtotaal.nl\\\/product\\\/bestcharcoal-houtskool-bewaarbox\\\/\",\"url\":\"https:\\\/\\\/www.greeneggtotaal.nl\\\/product\\\/bestcharcoal-houtskool-bewaarbox\\\/\",\"name\":\"BestCharcoal Houtskool Bewaarbox 62 liter - GreenEggTotaal\",\"isPartOf\":{\"@id\":\"https:\\\/\\\/www.greeneggtotaal.nl\\\/nl\\\/#website\"},\"primaryImageOfPage\":{\"@id\":\"https:\\\/\\\/www.greeneggtotaal.nl\\\/product\\\/bestcharcoal-houtskool-bewaarbox\\\/#primaryimage\"},\"image\":{\"@id\":\"https:\\\/\\\/www.greeneggtotaal.nl\\\/product\\\/bestcharcoal-houtskool-bewaarbox\\\/#primaryimage\"},\"thumbnailUrl\":\"https:\\\/\\\/www.greeneggtotaal.nl\\\/wp-content\\\/uploads\\\/2025\\\/08\\\/bc_opbergbox-1-1.webp\",\"datePublished\":\"2025-06-16T08:37:31+00:00\",\"dateModified\":\"2026-02-11T10:07:42+00:00\",\"breadcrumb\":{\"@id\":\"https:\\\/\\\/www.greeneggtotaal.nl\\\/product\\\/bestcharcoal-houtskool-bewaarbox\\\/#breadcrumb\"},\"inLanguage\":\"de\",\"potentialAction\":[{\"@type\":\"ReadAction\",\"target\":[\"https:\\\/\\\/www.greeneggtotaal.nl\\\/product\\\/bestcharcoal-houtskool-bewaarbox\\\/\"]}]},{\"@type\":\"ImageObject\",\"inLanguage\":\"de\",\"@id\":\"https:\\\/\\\/www.greeneggtotaal.nl\\\/product\\\/bestcharcoal-houtskool-bewaarbox\\\/#primaryimage\",\"url\":\"https:\\\/\\\/www.greeneggtotaal.nl\\\/wp-content\\\/uploads\\\/2025\\\/08\\\/bc_opbergbox-1-1.webp\",\"contentUrl\":\"https:\\\/\\\/www.greeneggtotaal.nl\\\/wp-content\\\/uploads\\\/2025\\\/08\\\/bc_opbergbox-1-1.webp\",\"width\":500,\"height\":500},{\"@type\":\"BreadcrumbList\",\"@id\":\"https:\\\/\\\/www.greeneggtotaal.nl\\\/product\\\/bestcharcoal-houtskool-bewaarbox\\\/#breadcrumb\",\"itemListElement\":[{\"@type\":\"ListItem\",\"position\":1,\"name\":\"Home\",\"item\":\"https:\\\/\\\/www.greeneggtotaal.nl\\\/\"},{\"@type\":\"ListItem\",\"position\":2,\"name\":\"Shop\",\"item\":\"https:\\\/\\\/www.greeneggtotaal.nl\\\/nl\\\/shop\\\/\"},{\"@type\":\"ListItem\",\"position\":3,\"name\":\"BestCharcoal Houtskool Bewaarbox 62 liter\"}]},{\"@type\":\"WebSite\",\"@id\":\"https:\\\/\\\/www.greeneggtotaal.nl\\\/nl\\\/#website\",\"url\":\"https:\\\/\\\/www.greeneggtotaal.nl\\\/nl\\\/\",\"name\":\"greeneggtotaal.nl\",\"description\":\"D\u00e9 Big Green Egg Specialist\",\"publisher\":{\"@id\":\"https:\\\/\\\/www.greeneggtotaal.nl\\\/nl\\\/#organization\"},\"potentialAction\":[{\"@type\":\"SearchAction\",\"target\":{\"@type\":\"EntryPoint\",\"urlTemplate\":\"https:\\\/\\\/www.greeneggtotaal.nl\\\/nl\\\/?s={search_term_string}\"},\"query-input\":{\"@type\":\"PropertyValueSpecification\",\"valueRequired\":true,\"valueName\":\"search_term_string\"}}],\"inLanguage\":\"de\"},{\"@type\":\"Organization\",\"@id\":\"https:\\\/\\\/www.greeneggtotaal.nl\\\/nl\\\/#organization\",\"name\":\"Green Egg Totaal\",\"url\":\"https:\\\/\\\/www.greeneggtotaal.nl\\\/nl\\\/\",\"logo\":{\"@type\":\"ImageObject\",\"inLanguage\":\"de\",\"@id\":\"https:\\\/\\\/www.greeneggtotaal.nl\\\/nl\\\/#\\\/schema\\\/logo\\\/image\\\/\",\"url\":\"https:\\\/\\\/www.greeneggtotaal.nl\\\/wp-content\\\/uploads\\\/2025\\\/06\\\/Green-Egg-Totaal-Logo.png\",\"contentUrl\":\"https:\\\/\\\/www.greeneggtotaal.nl\\\/wp-content\\\/uploads\\\/2025\\\/06\\\/Green-Egg-Totaal-Logo.png\",\"width\":225,\"height\":95,\"caption\":\"Green Egg Totaal\"},\"image\":{\"@id\":\"https:\\\/\\\/www.greeneggtotaal.nl\\\/nl\\\/#\\\/schema\\\/logo\\\/image\\\/\"}}]}<\/script>\n<!-- \/ Yoast SEO Premium plugin. -->","yoast_head_json":{"title":"BestCharcoal Holzkohle-Lagerbox 62 Liter - GreenEggTotal","robots":{"index":"index","follow":"follow","max-snippet":"max-snippet:-1","max-image-preview":"max-image-preview:large","max-video-preview":"max-video-preview:-1"},"canonical":"https:\/\/www.greeneggtotaal.nl\/de\/product\/bestcharcoal-holzkohle-aufbewahrungsbox\/","og_locale":"de_DE","og_type":"article","og_title":"BestCharcoal Houtskool Bewaarbox 62 liter","og_description":"Houtskool functioneert optimaal als het wordt opgeslagen in een droge omgeving. De Bestcharcoal bewaarbox is daarom een must have voor iedere barbecue liefhebber. Met een inhoud van 62 Liter is de bewaarbox geschikt voor alle Bestcharcoal 10- &amp; 15KG houtskoolzakken. Verder heeft de bewaarbox (box + deksel) een draagkracht tot +- 300(!) KG.","og_url":"https:\/\/www.greeneggtotaal.nl\/de\/product\/bestcharcoal-holzkohle-aufbewahrungsbox\/","og_site_name":"GreenEggTotaal","article_modified_time":"2026-02-11T10:07:42+00:00","og_image":[{"width":500,"height":500,"url":"https:\/\/www.greeneggtotaal.nl\/wp-content\/uploads\/2025\/08\/bc_opbergbox-1-1.webp","type":"image\/webp"}],"twitter_card":"summary_large_image","twitter_misc":{"Gesch\u00e4tzte Lesezeit":"1\u00a0Minute"},"schema":{"@context":"https:\/\/schema.org","@graph":[{"@type":"WebPage","@id":"https:\/\/www.greeneggtotaal.nl\/product\/bestcharcoal-houtskool-bewaarbox\/","url":"https:\/\/www.greeneggtotaal.nl\/product\/bestcharcoal-houtskool-bewaarbox\/","name":"BestCharcoal Holzkohle-Lagerbox 62 Liter - GreenEggTotal","isPartOf":{"@id":"https:\/\/www.greeneggtotaal.nl\/nl\/#website"},"primaryImageOfPage":{"@id":"https:\/\/www.greeneggtotaal.nl\/product\/bestcharcoal-houtskool-bewaarbox\/#primaryimage"},"image":{"@id":"https:\/\/www.greeneggtotaal.nl\/product\/bestcharcoal-houtskool-bewaarbox\/#primaryimage"},"thumbnailUrl":"https:\/\/www.greeneggtotaal.nl\/wp-content\/uploads\/2025\/08\/bc_opbergbox-1-1.webp","datePublished":"2025-06-16T08:37:31+00:00","dateModified":"2026-02-11T10:07:42+00:00","breadcrumb":{"@id":"https:\/\/www.greeneggtotaal.nl\/product\/bestcharcoal-houtskool-bewaarbox\/#breadcrumb"},"inLanguage":"de","potentialAction":[{"@type":"ReadAction","target":["https:\/\/www.greeneggtotaal.nl\/product\/bestcharcoal-houtskool-bewaarbox\/"]}]},{"@type":"ImageObject","inLanguage":"de","@id":"https:\/\/www.greeneggtotaal.nl\/product\/bestcharcoal-houtskool-bewaarbox\/#primaryimage","url":"https:\/\/www.greeneggtotaal.nl\/wp-content\/uploads\/2025\/08\/bc_opbergbox-1-1.webp","contentUrl":"https:\/\/www.greeneggtotaal.nl\/wp-content\/uploads\/2025\/08\/bc_opbergbox-1-1.webp","width":500,"height":500},{"@type":"BreadcrumbList","@id":"https:\/\/www.greeneggtotaal.nl\/product\/bestcharcoal-houtskool-bewaarbox\/#breadcrumb","itemListElement":[{"@type":"ListItem","position":1,"name":"Home","item":"https:\/\/www.greeneggtotaal.nl\/"},{"@type":"ListItem","position":2,"name":"Shop","item":"https:\/\/www.greeneggtotaal.nl\/nl\/shop\/"},{"@type":"ListItem","position":3,"name":"BestCharcoal Houtskool Bewaarbox 62 liter"}]},{"@type":"WebSite","@id":"https:\/\/www.greeneggtotaal.nl\/nl\/#website","url":"https:\/\/www.greeneggtotaal.nl\/nl\/","name":"greeneggtotaal.nl","description":"Der Big Green Egg Spezialist","publisher":{"@id":"https:\/\/www.greeneggtotaal.nl\/nl\/#organization"},"potentialAction":[{"@type":"SearchAction","target":{"@type":"EntryPoint","urlTemplate":"https:\/\/www.greeneggtotaal.nl\/nl\/?s={search_term_string}"},"query-input":{"@type":"PropertyValueSpecification","valueRequired":true,"valueName":"search_term_string"}}],"inLanguage":"de"},{"@type":"Organization","@id":"https:\/\/www.greeneggtotaal.nl\/nl\/#organization","name":"Green Egg Totaal","url":"https:\/\/www.greeneggtotaal.nl\/nl\/","logo":{"@type":"ImageObject","inLanguage":"de","@id":"https:\/\/www.greeneggtotaal.nl\/nl\/#\/schema\/logo\/image\/","url":"https:\/\/www.greeneggtotaal.nl\/wp-content\/uploads\/2025\/06\/Green-Egg-Totaal-Logo.png","contentUrl":"https:\/\/www.greeneggtotaal.nl\/wp-content\/uploads\/2025\/06\/Green-Egg-Totaal-Logo.png","width":225,"height":95,"caption":"Green Egg Totaal"},"image":{"@id":"https:\/\/www.greeneggtotaal.nl\/nl\/#\/schema\/logo\/image\/"}}]}},"_links":{"self":[{"href":"https:\/\/www.greeneggtotaal.nl\/de\/wp-json\/wp\/v2\/product\/4845","targetHints":{"allow":["GET"]}}],"collection":[{"href":"https:\/\/www.greeneggtotaal.nl\/de\/wp-json\/wp\/v2\/product"}],"about":[{"href":"https:\/\/www.greeneggtotaal.nl\/de\/wp-json\/wp\/v2\/types\/product"}],"wp:featuredmedia":[{"embeddable":true,"href":"https:\/\/www.greeneggtotaal.nl\/de\/wp-json\/wp\/v2\/media\/10601"}],"wp:attachment":[{"href":"https:\/\/www.greeneggtotaal.nl\/de\/wp-json\/wp\/v2\/media?parent=4845"}],"wp:term":[{"taxonomy":"product_brand","embeddable":true,"href":"https:\/\/www.greeneggtotaal.nl\/de\/wp-json\/wp\/v2\/product_brand?post=4845"},{"taxonomy":"product_cat","embeddable":true,"href":"https:\/\/www.greeneggtotaal.nl\/de\/wp-json\/wp\/v2\/product_cat?post=4845"},{"taxonomy":"product_tag","embeddable":true,"href":"https:\/\/www.greeneggtotaal.nl\/de\/wp-json\/wp\/v2\/product_tag?post=4845"}],"curies":[{"name":"wp","href":"https:\/\/api.w.org\/{rel}","templated":true}]}}