{"id":49268,"date":"2021-04-09T16:28:15","date_gmt":"2021-04-09T14:28:15","guid":{"rendered":"https:\/\/www.greeneggtotaal.nl\/?post_type=product&#038;p=49268"},"modified":"2026-04-03T09:16:45","modified_gmt":"2026-04-03T07:16:45","slug":"groses-grunes-ei-groses-ultimatives-set-mit-integriertem-nesthalter","status":"publish","type":"product","link":"https:\/\/www.greeneggtotaal.nl\/de\/product\/big-green-egg-large-ultimate-set-integgrated-nest-handler\/","title":{"rendered":"Big Green Egg Large Ultimate Set Integriertes Nest + Handgriff"},"content":{"rendered":"<p>Der Large ist das beliebteste Modell zum Kochen f\u00fcr Familie und Freunde oder auf professioneller Ebene f\u00fcr G\u00e4ste. Die Oberfl\u00e4che des Gitters bietet so viel Platz, dass es leicht m\u00f6glich ist, eine Vielzahl von Zutaten gleichzeitig zu kochen, auch dank der Verf\u00fcgbarkeit von vielen \u201cHalbmond\u201d-Zubeh\u00f6rteilen.<\/p>\n<p><strong>Spezifikationen<\/strong><\/p>\n<ul>\n<li>Grillrost: \u00d8 46 cm<\/li>\n<li>Kochfl\u00e4che: 1.688 cm\u00b2<\/li>\n<li>Gesamtgewicht: 73 kg<\/li>\n<li>H\u00f6he: 84 cm<\/li>\n<\/ul>\n<p><strong>Big Green Egg Large Ultimate Set besteht aus:<\/strong><\/p>\n<ul>\n<li>Big Green Egg Gro\u00df<\/li>\n<li>Nest intEGGrated Handler<\/li>\n<li>convEGGtor<\/li>\n<li>convEGGtor-Korb<\/li>\n<li>2 x halbes Gusseisengitter<\/li>\n<li>Edelstahl-Halbgitter<\/li>\n<li>Halb Konveggtor Stein<\/li>\n<li>Half Moon Gusseisen-Plancha<\/li>\n<li>Perforiertes Halbraster<\/li>\n<li>2x Eggmit<\/li>\n<li>Wok aus Kohlenstoffstahl<\/li>\n<li>Eschenwerkzeug<\/li>\n<li>Klappbarer Bierdosen-H\u00fchnerhalter<\/li>\n<li>Zange mit Silikonspitze<\/li>\n<li>Edelstahl-Fleischkrallen<\/li>\n<li>Apfelholz<\/li>\n<li>Rechaud 40 cm Kochplatte<\/li>\n<li>Big Green Egg Holzkohle 9 kg<\/li>\n<li>Echte Anz\u00fcndwolle 32 St\u00fcck<\/li>\n<\/ul>","protected":false},"excerpt":{"rendered":"<p>De Large is het populairste model om voor familie en vrienden, of op professioneel vlak voor de gasten, op te koken. Het oppervlak van het rooster biedt zoveel ruimte dat het met gemak mogelijk is om, mede door de verkrijgbaarheid van vele \u201chalf moon\u201d accessoires, een grote diversiteit aan ingredi\u00ebnten tegelijkertijd te garen. Specificaties Grillrooster: [&hellip;]<\/p>\n","protected":false},"featured_media":52641,"template":"","meta":[],"product_brand":[],"product_cat":[43],"product_tag":[],"class_list":{"0":"post-49268","1":"product","2":"type-product","3":"status-publish","4":"has-post-thumbnail","6":"product_cat-large-modellen","8":"first","9":"instock","10":"sale","11":"taxable","12":"shipping-taxable","13":"purchasable","14":"product-type-composite"},"yoast_head":"<!-- This site is optimized with the Yoast SEO Premium plugin v27.4 (Yoast SEO v27.4) - https:\/\/yoast.com\/product\/yoast-seo-premium-wordpress\/ -->\n<title>Big Green Egg Large Ultimate Set Integgrated Nest + Handler<\/title>\n<meta name=\"description\" content=\"De Large is het populairste model om voor familie en vrienden, of op professioneel vlak voor de gasten, op te koken. GreenEggTotaal\" \/>\n<meta name=\"robots\" content=\"index, follow, max-snippet:-1, max-image-preview:large, max-video-preview:-1\" \/>\n<link rel=\"canonical\" href=\"https:\/\/www.greeneggtotaal.nl\/de\/product\/groses-grunes-ei-groses-ultimatives-set-mit-integriertem-nesthalter\/\" \/>\n<meta property=\"og:locale\" content=\"de_DE\" \/>\n<meta property=\"og:type\" content=\"article\" \/>\n<meta property=\"og:title\" content=\"Big Green Egg Large Ultimate Set Integgrated Nest + Handler\" \/>\n<meta property=\"og:description\" content=\"De Large is het populairste model om voor familie en vrienden, of op professioneel vlak voor de gasten, op te koken. GreenEggTotaal\" \/>\n<meta property=\"og:url\" content=\"https:\/\/www.greeneggtotaal.nl\/de\/product\/groses-grunes-ei-groses-ultimatives-set-mit-integriertem-nesthalter\/\" \/>\n<meta property=\"og:site_name\" content=\"GreenEggTotaal\" \/>\n<meta property=\"article:modified_time\" content=\"2026-04-03T07:16:45+00:00\" \/>\n<meta property=\"og:image\" content=\"https:\/\/www.greeneggtotaal.nl\/wp-content\/uploads\/2026\/01\/GreenEggTotaal_-_2026-01-14T145103.055-removebg-preview.webp\" \/>\n\t<meta property=\"og:image:width\" content=\"500\" \/>\n\t<meta property=\"og:image:height\" content=\"500\" \/>\n\t<meta property=\"og:image:type\" content=\"image\/webp\" \/>\n<meta name=\"twitter:card\" content=\"summary_large_image\" \/>\n<meta name=\"twitter:label1\" content=\"Gesch\u00e4tzte Lesezeit\" \/>\n\t<meta name=\"twitter:data1\" content=\"1\u00a0Minute\" \/>\n<script type=\"application\/ld+json\" class=\"yoast-schema-graph\">{\"@context\":\"https:\\\/\\\/schema.org\",\"@graph\":[{\"@type\":\"WebPage\",\"@id\":\"https:\\\/\\\/www.greeneggtotaal.nl\\\/product\\\/big-green-egg-large-ultimate-set-integgrated-nest-handler\\\/\",\"url\":\"https:\\\/\\\/www.greeneggtotaal.nl\\\/product\\\/big-green-egg-large-ultimate-set-integgrated-nest-handler\\\/\",\"name\":\"Big Green Egg Large Ultimate Set Integgrated Nest + Handler\",\"isPartOf\":{\"@id\":\"https:\\\/\\\/www.greeneggtotaal.nl\\\/nl\\\/#website\"},\"primaryImageOfPage\":{\"@id\":\"https:\\\/\\\/www.greeneggtotaal.nl\\\/product\\\/big-green-egg-large-ultimate-set-integgrated-nest-handler\\\/#primaryimage\"},\"image\":{\"@id\":\"https:\\\/\\\/www.greeneggtotaal.nl\\\/product\\\/big-green-egg-large-ultimate-set-integgrated-nest-handler\\\/#primaryimage\"},\"thumbnailUrl\":\"https:\\\/\\\/www.greeneggtotaal.nl\\\/wp-content\\\/uploads\\\/2026\\\/01\\\/GreenEggTotaal_-_2026-01-14T145103.055-removebg-preview.webp\",\"datePublished\":\"2021-04-09T14:28:15+00:00\",\"dateModified\":\"2026-04-03T07:16:45+00:00\",\"description\":\"De Large is het populairste model om voor familie en vrienden, of op professioneel vlak voor de gasten, op te koken. GreenEggTotaal\",\"breadcrumb\":{\"@id\":\"https:\\\/\\\/www.greeneggtotaal.nl\\\/product\\\/big-green-egg-large-ultimate-set-integgrated-nest-handler\\\/#breadcrumb\"},\"inLanguage\":\"de\",\"potentialAction\":[{\"@type\":\"ReadAction\",\"target\":[\"https:\\\/\\\/www.greeneggtotaal.nl\\\/product\\\/big-green-egg-large-ultimate-set-integgrated-nest-handler\\\/\"]}]},{\"@type\":\"ImageObject\",\"inLanguage\":\"de\",\"@id\":\"https:\\\/\\\/www.greeneggtotaal.nl\\\/product\\\/big-green-egg-large-ultimate-set-integgrated-nest-handler\\\/#primaryimage\",\"url\":\"https:\\\/\\\/www.greeneggtotaal.nl\\\/wp-content\\\/uploads\\\/2026\\\/01\\\/GreenEggTotaal_-_2026-01-14T145103.055-removebg-preview.webp\",\"contentUrl\":\"https:\\\/\\\/www.greeneggtotaal.nl\\\/wp-content\\\/uploads\\\/2026\\\/01\\\/GreenEggTotaal_-_2026-01-14T145103.055-removebg-preview.webp\",\"width\":500,\"height\":500,\"caption\":\"Big Green Egg Large Ultimate Set Integgrated Nest + Handler\"},{\"@type\":\"BreadcrumbList\",\"@id\":\"https:\\\/\\\/www.greeneggtotaal.nl\\\/product\\\/big-green-egg-large-ultimate-set-integgrated-nest-handler\\\/#breadcrumb\",\"itemListElement\":[{\"@type\":\"ListItem\",\"position\":1,\"name\":\"Home\",\"item\":\"https:\\\/\\\/www.greeneggtotaal.nl\\\/\"},{\"@type\":\"ListItem\",\"position\":2,\"name\":\"Shop\",\"item\":\"https:\\\/\\\/www.greeneggtotaal.nl\\\/nl\\\/shop\\\/\"},{\"@type\":\"ListItem\",\"position\":3,\"name\":\"Big Green Egg Large Ultimate Set Integgrated Nest + Handler\"}]},{\"@type\":\"WebSite\",\"@id\":\"https:\\\/\\\/www.greeneggtotaal.nl\\\/nl\\\/#website\",\"url\":\"https:\\\/\\\/www.greeneggtotaal.nl\\\/nl\\\/\",\"name\":\"greeneggtotaal.nl\",\"description\":\"D\u00e9 Big Green Egg Specialist\",\"publisher\":{\"@id\":\"https:\\\/\\\/www.greeneggtotaal.nl\\\/nl\\\/#organization\"},\"potentialAction\":[{\"@type\":\"SearchAction\",\"target\":{\"@type\":\"EntryPoint\",\"urlTemplate\":\"https:\\\/\\\/www.greeneggtotaal.nl\\\/nl\\\/?s={search_term_string}\"},\"query-input\":{\"@type\":\"PropertyValueSpecification\",\"valueRequired\":true,\"valueName\":\"search_term_string\"}}],\"inLanguage\":\"de\"},{\"@type\":\"Organization\",\"@id\":\"https:\\\/\\\/www.greeneggtotaal.nl\\\/nl\\\/#organization\",\"name\":\"Green Egg Totaal\",\"url\":\"https:\\\/\\\/www.greeneggtotaal.nl\\\/nl\\\/\",\"logo\":{\"@type\":\"ImageObject\",\"inLanguage\":\"de\",\"@id\":\"https:\\\/\\\/www.greeneggtotaal.nl\\\/nl\\\/#\\\/schema\\\/logo\\\/image\\\/\",\"url\":\"https:\\\/\\\/www.greeneggtotaal.nl\\\/wp-content\\\/uploads\\\/2025\\\/06\\\/Green-Egg-Totaal-Logo.png\",\"contentUrl\":\"https:\\\/\\\/www.greeneggtotaal.nl\\\/wp-content\\\/uploads\\\/2025\\\/06\\\/Green-Egg-Totaal-Logo.png\",\"width\":225,\"height\":95,\"caption\":\"Green Egg Totaal\"},\"image\":{\"@id\":\"https:\\\/\\\/www.greeneggtotaal.nl\\\/nl\\\/#\\\/schema\\\/logo\\\/image\\\/\"}}]}<\/script>\n<!-- \/ Yoast SEO Premium plugin. -->","yoast_head_json":{"title":"Big Green Egg Large Ultimate Set Integriertes Nest + Handgriff","description":"Der Large ist das beliebteste Modell zum Kochen f\u00fcr Familie und Freunde oder auf professioneller Ebene f\u00fcr G\u00e4ste. GreenEggTotal","robots":{"index":"index","follow":"follow","max-snippet":"max-snippet:-1","max-image-preview":"max-image-preview:large","max-video-preview":"max-video-preview:-1"},"canonical":"https:\/\/www.greeneggtotaal.nl\/de\/product\/groses-grunes-ei-groses-ultimatives-set-mit-integriertem-nesthalter\/","og_locale":"de_DE","og_type":"article","og_title":"Big Green Egg Large Ultimate Set Integgrated Nest + Handler","og_description":"De Large is het populairste model om voor familie en vrienden, of op professioneel vlak voor de gasten, op te koken. GreenEggTotaal","og_url":"https:\/\/www.greeneggtotaal.nl\/de\/product\/groses-grunes-ei-groses-ultimatives-set-mit-integriertem-nesthalter\/","og_site_name":"GreenEggTotaal","article_modified_time":"2026-04-03T07:16:45+00:00","og_image":[{"width":500,"height":500,"url":"https:\/\/www.greeneggtotaal.nl\/wp-content\/uploads\/2026\/01\/GreenEggTotaal_-_2026-01-14T145103.055-removebg-preview.webp","type":"image\/webp"}],"twitter_card":"summary_large_image","twitter_misc":{"Gesch\u00e4tzte Lesezeit":"1\u00a0Minute"},"schema":{"@context":"https:\/\/schema.org","@graph":[{"@type":"WebPage","@id":"https:\/\/www.greeneggtotaal.nl\/product\/big-green-egg-large-ultimate-set-integgrated-nest-handler\/","url":"https:\/\/www.greeneggtotaal.nl\/product\/big-green-egg-large-ultimate-set-integgrated-nest-handler\/","name":"Big Green Egg Large Ultimate Set Integriertes Nest + Handgriff","isPartOf":{"@id":"https:\/\/www.greeneggtotaal.nl\/nl\/#website"},"primaryImageOfPage":{"@id":"https:\/\/www.greeneggtotaal.nl\/product\/big-green-egg-large-ultimate-set-integgrated-nest-handler\/#primaryimage"},"image":{"@id":"https:\/\/www.greeneggtotaal.nl\/product\/big-green-egg-large-ultimate-set-integgrated-nest-handler\/#primaryimage"},"thumbnailUrl":"https:\/\/www.greeneggtotaal.nl\/wp-content\/uploads\/2026\/01\/GreenEggTotaal_-_2026-01-14T145103.055-removebg-preview.webp","datePublished":"2021-04-09T14:28:15+00:00","dateModified":"2026-04-03T07:16:45+00:00","description":"Der Large ist das beliebteste Modell zum Kochen f\u00fcr Familie und Freunde oder auf professioneller Ebene f\u00fcr G\u00e4ste. GreenEggTotal","breadcrumb":{"@id":"https:\/\/www.greeneggtotaal.nl\/product\/big-green-egg-large-ultimate-set-integgrated-nest-handler\/#breadcrumb"},"inLanguage":"de","potentialAction":[{"@type":"ReadAction","target":["https:\/\/www.greeneggtotaal.nl\/product\/big-green-egg-large-ultimate-set-integgrated-nest-handler\/"]}]},{"@type":"ImageObject","inLanguage":"de","@id":"https:\/\/www.greeneggtotaal.nl\/product\/big-green-egg-large-ultimate-set-integgrated-nest-handler\/#primaryimage","url":"https:\/\/www.greeneggtotaal.nl\/wp-content\/uploads\/2026\/01\/GreenEggTotaal_-_2026-01-14T145103.055-removebg-preview.webp","contentUrl":"https:\/\/www.greeneggtotaal.nl\/wp-content\/uploads\/2026\/01\/GreenEggTotaal_-_2026-01-14T145103.055-removebg-preview.webp","width":500,"height":500,"caption":"Big Green Egg Large Ultimate Set Integgrated Nest + Handler"},{"@type":"BreadcrumbList","@id":"https:\/\/www.greeneggtotaal.nl\/product\/big-green-egg-large-ultimate-set-integgrated-nest-handler\/#breadcrumb","itemListElement":[{"@type":"ListItem","position":1,"name":"Home","item":"https:\/\/www.greeneggtotaal.nl\/"},{"@type":"ListItem","position":2,"name":"Shop","item":"https:\/\/www.greeneggtotaal.nl\/nl\/shop\/"},{"@type":"ListItem","position":3,"name":"Big Green Egg Large Ultimate Set Integgrated Nest + Handler"}]},{"@type":"WebSite","@id":"https:\/\/www.greeneggtotaal.nl\/nl\/#website","url":"https:\/\/www.greeneggtotaal.nl\/nl\/","name":"greeneggtotaal.nl","description":"Der Big Green Egg Spezialist","publisher":{"@id":"https:\/\/www.greeneggtotaal.nl\/nl\/#organization"},"potentialAction":[{"@type":"SearchAction","target":{"@type":"EntryPoint","urlTemplate":"https:\/\/www.greeneggtotaal.nl\/nl\/?s={search_term_string}"},"query-input":{"@type":"PropertyValueSpecification","valueRequired":true,"valueName":"search_term_string"}}],"inLanguage":"de"},{"@type":"Organization","@id":"https:\/\/www.greeneggtotaal.nl\/nl\/#organization","name":"Green Egg Totaal","url":"https:\/\/www.greeneggtotaal.nl\/nl\/","logo":{"@type":"ImageObject","inLanguage":"de","@id":"https:\/\/www.greeneggtotaal.nl\/nl\/#\/schema\/logo\/image\/","url":"https:\/\/www.greeneggtotaal.nl\/wp-content\/uploads\/2025\/06\/Green-Egg-Totaal-Logo.png","contentUrl":"https:\/\/www.greeneggtotaal.nl\/wp-content\/uploads\/2025\/06\/Green-Egg-Totaal-Logo.png","width":225,"height":95,"caption":"Green Egg Totaal"},"image":{"@id":"https:\/\/www.greeneggtotaal.nl\/nl\/#\/schema\/logo\/image\/"}}]}},"_links":{"self":[{"href":"https:\/\/www.greeneggtotaal.nl\/de\/wp-json\/wp\/v2\/product\/49268","targetHints":{"allow":["GET"]}}],"collection":[{"href":"https:\/\/www.greeneggtotaal.nl\/de\/wp-json\/wp\/v2\/product"}],"about":[{"href":"https:\/\/www.greeneggtotaal.nl\/de\/wp-json\/wp\/v2\/types\/product"}],"wp:featuredmedia":[{"embeddable":true,"href":"https:\/\/www.greeneggtotaal.nl\/de\/wp-json\/wp\/v2\/media\/52641"}],"wp:attachment":[{"href":"https:\/\/www.greeneggtotaal.nl\/de\/wp-json\/wp\/v2\/media?parent=49268"}],"wp:term":[{"taxonomy":"product_brand","embeddable":true,"href":"https:\/\/www.greeneggtotaal.nl\/de\/wp-json\/wp\/v2\/product_brand?post=49268"},{"taxonomy":"product_cat","embeddable":true,"href":"https:\/\/www.greeneggtotaal.nl\/de\/wp-json\/wp\/v2\/product_cat?post=49268"},{"taxonomy":"product_tag","embeddable":true,"href":"https:\/\/www.greeneggtotaal.nl\/de\/wp-json\/wp\/v2\/product_tag?post=49268"}],"curies":[{"name":"wp","href":"https:\/\/api.w.org\/{rel}","templated":true}]}}