{"id":49689,"date":"2026-01-22T13:45:29","date_gmt":"2026-01-22T12:45:29","guid":{"rendered":"https:\/\/www.greeneggtotaal.nl\/?post_type=product&#038;p=49689"},"modified":"2026-04-07T10:04:21","modified_gmt":"2026-04-07T08:04:21","slug":"ofyr-rotisserie-motor","status":"publish","type":"product","link":"https:\/\/www.greeneggtotaal.nl\/de\/product\/ofyr-rotisserie-motor\/","title":{"rendered":"OFYR Rotisserie Motor"},"content":{"rendered":"<p>Der OFYR Rotisserie-Motor ist ein unverzichtbares Zubeh\u00f6r f\u00fcr alle, die ihre Kochk\u00fcnste auf die n\u00e4chste Stufe bringen wollen. Mit diesem Motor k\u00f6nnen Sie Ihr Essen perfekt gleichm\u00e4\u00dfig braten und ihm einen k\u00f6stlichen Geschmack verleihen. Der Motor besteht aus robustem Edelstahl und ist sehr leistungsstark, so dass selbst das Wenden von gro\u00dfen Fleischst\u00fccken ein Kinderspiel ist. Au\u00dferdem ist er einfach zu bedienen und zu installieren, so dass Sie schnell loslegen k\u00f6nnen. Kurz gesagt, wenn Sie nach einer M\u00f6glichkeit suchen, Ihr Kocherlebnis im Freien zu verbessern, ist der OFYR Rotisserie-Motor ein unverzichtbares Zubeh\u00f6r.<\/p>","protected":false},"excerpt":{"rendered":"<p>De OFYR Rotisserie Motor is een onmisbare accessoire voor degenen die hun kookkunsten naar een hoger niveau willen tillen. Met deze motor kunt u uw eten perfect gelijkmatig roosteren, waardoor het een heerlijke smaak krijgt. De motor is gemaakt van duurzaam roestvrij staal en is zeer krachtig, waardoor het draaien van zelfs de grootste stukken [&hellip;]<\/p>\n","protected":false},"featured_media":49690,"template":"","meta":[],"product_brand":[],"product_cat":[127],"product_tag":[],"class_list":{"0":"post-49689","1":"product","2":"type-product","3":"status-publish","4":"has-post-thumbnail","6":"product_cat-ofyr-accessoires","8":"first","9":"instock","10":"sale","11":"taxable","12":"shipping-taxable","13":"purchasable","14":"product-type-simple"},"yoast_head":"<!-- This site is optimized with the Yoast SEO Premium plugin v27.4 (Yoast SEO v27.4) - https:\/\/yoast.com\/product\/yoast-seo-premium-wordpress\/ -->\n<title>OFYR Rotisserie Motor<\/title>\n<meta name=\"description\" content=\"OFYR Rotisserie Motor voor gelijkmatig garen op het spit. Elektrisch, krachtig en duurzaam. Perfect voor kip, rollade en vlees boven open vuur.\" \/>\n<meta name=\"robots\" content=\"index, follow, max-snippet:-1, max-image-preview:large, max-video-preview:-1\" \/>\n<link rel=\"canonical\" href=\"https:\/\/www.greeneggtotaal.nl\/de\/product\/ofyr-rotisserie-motor\/\" \/>\n<meta property=\"og:locale\" content=\"de_DE\" \/>\n<meta property=\"og:type\" content=\"article\" \/>\n<meta property=\"og:title\" content=\"OFYR Rotisserie Motor\" \/>\n<meta property=\"og:description\" content=\"OFYR Rotisserie Motor voor gelijkmatig garen op het spit. Elektrisch, krachtig en duurzaam. Perfect voor kip, rollade en vlees boven open vuur.\" \/>\n<meta property=\"og:url\" content=\"https:\/\/www.greeneggtotaal.nl\/de\/product\/ofyr-rotisserie-motor\/\" \/>\n<meta property=\"og:site_name\" content=\"GreenEggTotaal\" \/>\n<meta property=\"article:modified_time\" content=\"2026-04-07T08:04:21+00:00\" \/>\n<meta property=\"og:image\" content=\"https:\/\/www.greeneggtotaal.nl\/wp-content\/uploads\/2026\/01\/GreenEggTotaal_-_2026-01-22T134447.519-removebg-preview.png\" \/>\n\t<meta property=\"og:image:width\" content=\"500\" \/>\n\t<meta property=\"og:image:height\" content=\"500\" \/>\n\t<meta property=\"og:image:type\" content=\"image\/png\" \/>\n<meta name=\"twitter:card\" content=\"summary_large_image\" \/>\n<meta name=\"twitter:label1\" content=\"Gesch\u00e4tzte Lesezeit\" \/>\n\t<meta name=\"twitter:data1\" content=\"1\u00a0Minute\" \/>\n<script type=\"application\/ld+json\" class=\"yoast-schema-graph\">{\"@context\":\"https:\\\/\\\/schema.org\",\"@graph\":[{\"@type\":\"WebPage\",\"@id\":\"https:\\\/\\\/www.greeneggtotaal.nl\\\/product\\\/ofyr-rotisserie-motor\\\/\",\"url\":\"https:\\\/\\\/www.greeneggtotaal.nl\\\/product\\\/ofyr-rotisserie-motor\\\/\",\"name\":\"OFYR Rotisserie Motor\",\"isPartOf\":{\"@id\":\"https:\\\/\\\/www.greeneggtotaal.nl\\\/nl\\\/#website\"},\"primaryImageOfPage\":{\"@id\":\"https:\\\/\\\/www.greeneggtotaal.nl\\\/product\\\/ofyr-rotisserie-motor\\\/#primaryimage\"},\"image\":{\"@id\":\"https:\\\/\\\/www.greeneggtotaal.nl\\\/product\\\/ofyr-rotisserie-motor\\\/#primaryimage\"},\"thumbnailUrl\":\"https:\\\/\\\/www.greeneggtotaal.nl\\\/wp-content\\\/uploads\\\/2026\\\/01\\\/GreenEggTotaal_-_2026-01-22T134447.519-removebg-preview.webp\",\"datePublished\":\"2026-01-22T12:45:29+00:00\",\"dateModified\":\"2026-04-07T08:04:21+00:00\",\"description\":\"OFYR Rotisserie Motor voor gelijkmatig garen op het spit. Elektrisch, krachtig en duurzaam. Perfect voor kip, rollade en vlees boven open vuur.\",\"breadcrumb\":{\"@id\":\"https:\\\/\\\/www.greeneggtotaal.nl\\\/product\\\/ofyr-rotisserie-motor\\\/#breadcrumb\"},\"inLanguage\":\"de\",\"potentialAction\":[{\"@type\":\"ReadAction\",\"target\":[\"https:\\\/\\\/www.greeneggtotaal.nl\\\/product\\\/ofyr-rotisserie-motor\\\/\"]}]},{\"@type\":\"ImageObject\",\"inLanguage\":\"de\",\"@id\":\"https:\\\/\\\/www.greeneggtotaal.nl\\\/product\\\/ofyr-rotisserie-motor\\\/#primaryimage\",\"url\":\"https:\\\/\\\/www.greeneggtotaal.nl\\\/wp-content\\\/uploads\\\/2026\\\/01\\\/GreenEggTotaal_-_2026-01-22T134447.519-removebg-preview.webp\",\"contentUrl\":\"https:\\\/\\\/www.greeneggtotaal.nl\\\/wp-content\\\/uploads\\\/2026\\\/01\\\/GreenEggTotaal_-_2026-01-22T134447.519-removebg-preview.webp\",\"width\":500,\"height\":500,\"caption\":\"OFYR Rotisserie Motor\"},{\"@type\":\"BreadcrumbList\",\"@id\":\"https:\\\/\\\/www.greeneggtotaal.nl\\\/product\\\/ofyr-rotisserie-motor\\\/#breadcrumb\",\"itemListElement\":[{\"@type\":\"ListItem\",\"position\":1,\"name\":\"Home\",\"item\":\"https:\\\/\\\/www.greeneggtotaal.nl\\\/\"},{\"@type\":\"ListItem\",\"position\":2,\"name\":\"Shop\",\"item\":\"https:\\\/\\\/www.greeneggtotaal.nl\\\/nl\\\/shop\\\/\"},{\"@type\":\"ListItem\",\"position\":3,\"name\":\"OFYR Rotisserie Motor\"}]},{\"@type\":\"WebSite\",\"@id\":\"https:\\\/\\\/www.greeneggtotaal.nl\\\/nl\\\/#website\",\"url\":\"https:\\\/\\\/www.greeneggtotaal.nl\\\/nl\\\/\",\"name\":\"greeneggtotaal.nl\",\"description\":\"D\u00e9 Big Green Egg Specialist\",\"publisher\":{\"@id\":\"https:\\\/\\\/www.greeneggtotaal.nl\\\/nl\\\/#organization\"},\"potentialAction\":[{\"@type\":\"SearchAction\",\"target\":{\"@type\":\"EntryPoint\",\"urlTemplate\":\"https:\\\/\\\/www.greeneggtotaal.nl\\\/nl\\\/?s={search_term_string}\"},\"query-input\":{\"@type\":\"PropertyValueSpecification\",\"valueRequired\":true,\"valueName\":\"search_term_string\"}}],\"inLanguage\":\"de\"},{\"@type\":\"Organization\",\"@id\":\"https:\\\/\\\/www.greeneggtotaal.nl\\\/nl\\\/#organization\",\"name\":\"Green Egg Totaal\",\"url\":\"https:\\\/\\\/www.greeneggtotaal.nl\\\/nl\\\/\",\"logo\":{\"@type\":\"ImageObject\",\"inLanguage\":\"de\",\"@id\":\"https:\\\/\\\/www.greeneggtotaal.nl\\\/nl\\\/#\\\/schema\\\/logo\\\/image\\\/\",\"url\":\"https:\\\/\\\/www.greeneggtotaal.nl\\\/wp-content\\\/uploads\\\/2025\\\/06\\\/Green-Egg-Totaal-Logo.png\",\"contentUrl\":\"https:\\\/\\\/www.greeneggtotaal.nl\\\/wp-content\\\/uploads\\\/2025\\\/06\\\/Green-Egg-Totaal-Logo.png\",\"width\":225,\"height\":95,\"caption\":\"Green Egg Totaal\"},\"image\":{\"@id\":\"https:\\\/\\\/www.greeneggtotaal.nl\\\/nl\\\/#\\\/schema\\\/logo\\\/image\\\/\"}}]}<\/script>\n<!-- \/ Yoast SEO Premium plugin. -->","yoast_head_json":{"title":"OFYR Rotisserie Motor","description":"OFYR Rotisserie-Motor f\u00fcr gleichm\u00e4\u00dfiges Garen am Spie\u00df. Elektrisch, leistungsstark und langlebig. Perfekt f\u00fcr H\u00e4hnchen, Braten und Fleisch \u00fcber offenem Feuer.","robots":{"index":"index","follow":"follow","max-snippet":"max-snippet:-1","max-image-preview":"max-image-preview:large","max-video-preview":"max-video-preview:-1"},"canonical":"https:\/\/www.greeneggtotaal.nl\/de\/product\/ofyr-rotisserie-motor\/","og_locale":"de_DE","og_type":"article","og_title":"OFYR Rotisserie Motor","og_description":"OFYR Rotisserie Motor voor gelijkmatig garen op het spit. Elektrisch, krachtig en duurzaam. Perfect voor kip, rollade en vlees boven open vuur.","og_url":"https:\/\/www.greeneggtotaal.nl\/de\/product\/ofyr-rotisserie-motor\/","og_site_name":"GreenEggTotaal","article_modified_time":"2026-04-07T08:04:21+00:00","og_image":[{"width":500,"height":500,"url":"https:\/\/www.greeneggtotaal.nl\/wp-content\/uploads\/2026\/01\/GreenEggTotaal_-_2026-01-22T134447.519-removebg-preview.png","type":"image\/png"}],"twitter_card":"summary_large_image","twitter_misc":{"Gesch\u00e4tzte Lesezeit":"1\u00a0Minute"},"schema":{"@context":"https:\/\/schema.org","@graph":[{"@type":"WebPage","@id":"https:\/\/www.greeneggtotaal.nl\/product\/ofyr-rotisserie-motor\/","url":"https:\/\/www.greeneggtotaal.nl\/product\/ofyr-rotisserie-motor\/","name":"OFYR Rotisserie Motor","isPartOf":{"@id":"https:\/\/www.greeneggtotaal.nl\/nl\/#website"},"primaryImageOfPage":{"@id":"https:\/\/www.greeneggtotaal.nl\/product\/ofyr-rotisserie-motor\/#primaryimage"},"image":{"@id":"https:\/\/www.greeneggtotaal.nl\/product\/ofyr-rotisserie-motor\/#primaryimage"},"thumbnailUrl":"https:\/\/www.greeneggtotaal.nl\/wp-content\/uploads\/2026\/01\/GreenEggTotaal_-_2026-01-22T134447.519-removebg-preview.webp","datePublished":"2026-01-22T12:45:29+00:00","dateModified":"2026-04-07T08:04:21+00:00","description":"OFYR Rotisserie-Motor f\u00fcr gleichm\u00e4\u00dfiges Garen am Spie\u00df. Elektrisch, leistungsstark und langlebig. Perfekt f\u00fcr H\u00e4hnchen, Braten und Fleisch \u00fcber offenem Feuer.","breadcrumb":{"@id":"https:\/\/www.greeneggtotaal.nl\/product\/ofyr-rotisserie-motor\/#breadcrumb"},"inLanguage":"de","potentialAction":[{"@type":"ReadAction","target":["https:\/\/www.greeneggtotaal.nl\/product\/ofyr-rotisserie-motor\/"]}]},{"@type":"ImageObject","inLanguage":"de","@id":"https:\/\/www.greeneggtotaal.nl\/product\/ofyr-rotisserie-motor\/#primaryimage","url":"https:\/\/www.greeneggtotaal.nl\/wp-content\/uploads\/2026\/01\/GreenEggTotaal_-_2026-01-22T134447.519-removebg-preview.webp","contentUrl":"https:\/\/www.greeneggtotaal.nl\/wp-content\/uploads\/2026\/01\/GreenEggTotaal_-_2026-01-22T134447.519-removebg-preview.webp","width":500,"height":500,"caption":"OFYR Rotisserie Motor"},{"@type":"BreadcrumbList","@id":"https:\/\/www.greeneggtotaal.nl\/product\/ofyr-rotisserie-motor\/#breadcrumb","itemListElement":[{"@type":"ListItem","position":1,"name":"Home","item":"https:\/\/www.greeneggtotaal.nl\/"},{"@type":"ListItem","position":2,"name":"Shop","item":"https:\/\/www.greeneggtotaal.nl\/nl\/shop\/"},{"@type":"ListItem","position":3,"name":"OFYR Rotisserie Motor"}]},{"@type":"WebSite","@id":"https:\/\/www.greeneggtotaal.nl\/nl\/#website","url":"https:\/\/www.greeneggtotaal.nl\/nl\/","name":"greeneggtotaal.nl","description":"Der Big Green Egg Spezialist","publisher":{"@id":"https:\/\/www.greeneggtotaal.nl\/nl\/#organization"},"potentialAction":[{"@type":"SearchAction","target":{"@type":"EntryPoint","urlTemplate":"https:\/\/www.greeneggtotaal.nl\/nl\/?s={search_term_string}"},"query-input":{"@type":"PropertyValueSpecification","valueRequired":true,"valueName":"search_term_string"}}],"inLanguage":"de"},{"@type":"Organization","@id":"https:\/\/www.greeneggtotaal.nl\/nl\/#organization","name":"Green Egg Totaal","url":"https:\/\/www.greeneggtotaal.nl\/nl\/","logo":{"@type":"ImageObject","inLanguage":"de","@id":"https:\/\/www.greeneggtotaal.nl\/nl\/#\/schema\/logo\/image\/","url":"https:\/\/www.greeneggtotaal.nl\/wp-content\/uploads\/2025\/06\/Green-Egg-Totaal-Logo.png","contentUrl":"https:\/\/www.greeneggtotaal.nl\/wp-content\/uploads\/2025\/06\/Green-Egg-Totaal-Logo.png","width":225,"height":95,"caption":"Green Egg Totaal"},"image":{"@id":"https:\/\/www.greeneggtotaal.nl\/nl\/#\/schema\/logo\/image\/"}}]}},"_links":{"self":[{"href":"https:\/\/www.greeneggtotaal.nl\/de\/wp-json\/wp\/v2\/product\/49689","targetHints":{"allow":["GET"]}}],"collection":[{"href":"https:\/\/www.greeneggtotaal.nl\/de\/wp-json\/wp\/v2\/product"}],"about":[{"href":"https:\/\/www.greeneggtotaal.nl\/de\/wp-json\/wp\/v2\/types\/product"}],"wp:featuredmedia":[{"embeddable":true,"href":"https:\/\/www.greeneggtotaal.nl\/de\/wp-json\/wp\/v2\/media\/49690"}],"wp:attachment":[{"href":"https:\/\/www.greeneggtotaal.nl\/de\/wp-json\/wp\/v2\/media?parent=49689"}],"wp:term":[{"taxonomy":"product_brand","embeddable":true,"href":"https:\/\/www.greeneggtotaal.nl\/de\/wp-json\/wp\/v2\/product_brand?post=49689"},{"taxonomy":"product_cat","embeddable":true,"href":"https:\/\/www.greeneggtotaal.nl\/de\/wp-json\/wp\/v2\/product_cat?post=49689"},{"taxonomy":"product_tag","embeddable":true,"href":"https:\/\/www.greeneggtotaal.nl\/de\/wp-json\/wp\/v2\/product_tag?post=49689"}],"curies":[{"name":"wp","href":"https:\/\/api.w.org\/{rel}","templated":true}]}}