{"id":49828,"date":"2026-01-27T14:48:25","date_gmt":"2026-01-27T13:48:25","guid":{"rendered":"https:\/\/www.greeneggtotaal.nl\/?post_type=product&#038;p=49828"},"modified":"2026-01-27T14:48:26","modified_gmt":"2026-01-27T13:48:26","slug":"fraaii-schutzhulle-kamado-schwarz","status":"publish","type":"product","link":"https:\/\/www.greeneggtotaal.nl\/de\/product\/fraaii-beschermhoes-kamado-zwart\/","title":{"rendered":"Fraaii Schutzh\u00fclle Kamado (schwarz)"},"content":{"rendered":"<p>Die Fraaii-Schutzh\u00fclle ist eine robuste, wasserabweisende H\u00fclle, die Ihren Kamado optimal vor Regen, Schmutz, Sonne und Staub sch\u00fctzt. Dank der universellen Passform ist diese Abdeckung f\u00fcr praktisch jeden Kamado geeignet, einschlie\u00dflich Modellen von Big Green Egg, The Bastard, Kamado Joe und anderen Marken. Eine perfekte Alternative zur Originalabdeckung von Big Green Egg.<\/p>","protected":false},"excerpt":{"rendered":"<p>Die Fraaii-Schutzh\u00fclle ist eine robuste, wasserabweisende H\u00fclle, die Ihren Kamado optimal vor Regen, Schmutz, Sonne und Staub sch\u00fctzt. Dank der universellen Passform ist diese Abdeckung f\u00fcr praktisch jeden Kamado geeignet, einschlie\u00dflich Modellen von Big Green Egg, The Bastard, Kamado Joe und anderen Marken. Eine perfekte Alternative zur Originalabdeckung von Big Green Egg.<\/p>","protected":false},"featured_media":49830,"template":"","meta":[],"product_brand":[],"product_cat":[109,104,102,106],"product_tag":[],"class_list":{"0":"post-49828","1":"product","2":"type-product","3":"status-publish","4":"has-post-thumbnail","6":"product_cat-2xl-accessoires","7":"product_cat-large-accessoires","8":"product_cat-medium-accessoires","9":"product_cat-xl-accessoires","11":"first","12":"instock","13":"taxable","14":"shipping-taxable","15":"purchasable","16":"product-type-simple"},"yoast_head":"<!-- This site is optimized with the Yoast SEO Premium plugin v27.4 (Yoast SEO v27.4) - https:\/\/yoast.com\/product\/yoast-seo-premium-wordpress\/ -->\n<title>Fraaii Beschermhoes Kamado (zwart)<\/title>\n<meta name=\"description\" content=\"Universele zwarte beschermhoes voor elke kamado. Waterafstotend, sterk en ideaal als alternatief voor de Big Green Egg hoes. Beschermt het hele jaar door.\" \/>\n<meta name=\"robots\" content=\"index, follow, max-snippet:-1, max-image-preview:large, max-video-preview:-1\" \/>\n<link rel=\"canonical\" href=\"https:\/\/www.greeneggtotaal.nl\/de\/product\/fraaii-schutzhulle-kamado-schwarz\/\" \/>\n<meta property=\"og:locale\" content=\"de_DE\" \/>\n<meta property=\"og:type\" content=\"article\" \/>\n<meta property=\"og:title\" content=\"Fraaii Beschermhoes Kamado (zwart)\" \/>\n<meta property=\"og:description\" content=\"Universele zwarte beschermhoes voor elke kamado. Waterafstotend, sterk en ideaal als alternatief voor de Big Green Egg hoes. Beschermt het hele jaar door.\" \/>\n<meta property=\"og:url\" content=\"https:\/\/www.greeneggtotaal.nl\/de\/product\/fraaii-schutzhulle-kamado-schwarz\/\" \/>\n<meta property=\"og:site_name\" content=\"GreenEggTotaal\" \/>\n<meta property=\"article:modified_time\" content=\"2026-01-27T13:48:26+00:00\" \/>\n<meta property=\"og:image\" content=\"https:\/\/www.greeneggtotaal.nl\/wp-content\/uploads\/2026\/01\/GreenEggTotaal_-_2026-01-27T143733.456-removebg-preview.png\" \/>\n\t<meta property=\"og:image:width\" content=\"500\" \/>\n\t<meta property=\"og:image:height\" content=\"500\" \/>\n\t<meta property=\"og:image:type\" content=\"image\/png\" \/>\n<meta name=\"twitter:card\" content=\"summary_large_image\" \/>\n<meta name=\"twitter:label1\" content=\"Gesch\u00e4tzte Lesezeit\" \/>\n\t<meta name=\"twitter:data1\" content=\"1\u00a0Minute\" \/>\n<script type=\"application\/ld+json\" class=\"yoast-schema-graph\">{\"@context\":\"https:\\\/\\\/schema.org\",\"@graph\":[{\"@type\":\"WebPage\",\"@id\":\"https:\\\/\\\/www.greeneggtotaal.nl\\\/product\\\/fraaii-beschermhoes-kamado-zwart\\\/\",\"url\":\"https:\\\/\\\/www.greeneggtotaal.nl\\\/product\\\/fraaii-beschermhoes-kamado-zwart\\\/\",\"name\":\"Fraaii Beschermhoes Kamado (zwart)\",\"isPartOf\":{\"@id\":\"https:\\\/\\\/www.greeneggtotaal.nl\\\/nl\\\/#website\"},\"primaryImageOfPage\":{\"@id\":\"https:\\\/\\\/www.greeneggtotaal.nl\\\/product\\\/fraaii-beschermhoes-kamado-zwart\\\/#primaryimage\"},\"image\":{\"@id\":\"https:\\\/\\\/www.greeneggtotaal.nl\\\/product\\\/fraaii-beschermhoes-kamado-zwart\\\/#primaryimage\"},\"thumbnailUrl\":\"https:\\\/\\\/www.greeneggtotaal.nl\\\/wp-content\\\/uploads\\\/2026\\\/01\\\/GreenEggTotaal_-_2026-01-27T143733.456-removebg-preview.webp\",\"datePublished\":\"2026-01-27T13:48:25+00:00\",\"dateModified\":\"2026-01-27T13:48:26+00:00\",\"description\":\"Universele zwarte beschermhoes voor elke kamado. Waterafstotend, sterk en ideaal als alternatief voor de Big Green Egg hoes. Beschermt het hele jaar door.\",\"breadcrumb\":{\"@id\":\"https:\\\/\\\/www.greeneggtotaal.nl\\\/product\\\/fraaii-beschermhoes-kamado-zwart\\\/#breadcrumb\"},\"inLanguage\":\"de\",\"potentialAction\":[{\"@type\":\"ReadAction\",\"target\":[\"https:\\\/\\\/www.greeneggtotaal.nl\\\/product\\\/fraaii-beschermhoes-kamado-zwart\\\/\"]}]},{\"@type\":\"ImageObject\",\"inLanguage\":\"de\",\"@id\":\"https:\\\/\\\/www.greeneggtotaal.nl\\\/product\\\/fraaii-beschermhoes-kamado-zwart\\\/#primaryimage\",\"url\":\"https:\\\/\\\/www.greeneggtotaal.nl\\\/wp-content\\\/uploads\\\/2026\\\/01\\\/GreenEggTotaal_-_2026-01-27T143733.456-removebg-preview.webp\",\"contentUrl\":\"https:\\\/\\\/www.greeneggtotaal.nl\\\/wp-content\\\/uploads\\\/2026\\\/01\\\/GreenEggTotaal_-_2026-01-27T143733.456-removebg-preview.webp\",\"width\":500,\"height\":500,\"caption\":\"Fraaii Beschermhoes Kamado (zwart)\"},{\"@type\":\"BreadcrumbList\",\"@id\":\"https:\\\/\\\/www.greeneggtotaal.nl\\\/product\\\/fraaii-beschermhoes-kamado-zwart\\\/#breadcrumb\",\"itemListElement\":[{\"@type\":\"ListItem\",\"position\":1,\"name\":\"Home\",\"item\":\"https:\\\/\\\/www.greeneggtotaal.nl\\\/\"},{\"@type\":\"ListItem\",\"position\":2,\"name\":\"Shop\",\"item\":\"https:\\\/\\\/www.greeneggtotaal.nl\\\/nl\\\/shop\\\/\"},{\"@type\":\"ListItem\",\"position\":3,\"name\":\"Fraaii Beschermhoes Kamado (zwart)\"}]},{\"@type\":\"WebSite\",\"@id\":\"https:\\\/\\\/www.greeneggtotaal.nl\\\/nl\\\/#website\",\"url\":\"https:\\\/\\\/www.greeneggtotaal.nl\\\/nl\\\/\",\"name\":\"greeneggtotaal.nl\",\"description\":\"D\u00e9 Big Green Egg Specialist\",\"publisher\":{\"@id\":\"https:\\\/\\\/www.greeneggtotaal.nl\\\/nl\\\/#organization\"},\"potentialAction\":[{\"@type\":\"SearchAction\",\"target\":{\"@type\":\"EntryPoint\",\"urlTemplate\":\"https:\\\/\\\/www.greeneggtotaal.nl\\\/nl\\\/?s={search_term_string}\"},\"query-input\":{\"@type\":\"PropertyValueSpecification\",\"valueRequired\":true,\"valueName\":\"search_term_string\"}}],\"inLanguage\":\"de\"},{\"@type\":\"Organization\",\"@id\":\"https:\\\/\\\/www.greeneggtotaal.nl\\\/nl\\\/#organization\",\"name\":\"Green Egg Totaal\",\"url\":\"https:\\\/\\\/www.greeneggtotaal.nl\\\/nl\\\/\",\"logo\":{\"@type\":\"ImageObject\",\"inLanguage\":\"de\",\"@id\":\"https:\\\/\\\/www.greeneggtotaal.nl\\\/nl\\\/#\\\/schema\\\/logo\\\/image\\\/\",\"url\":\"https:\\\/\\\/www.greeneggtotaal.nl\\\/wp-content\\\/uploads\\\/2025\\\/06\\\/Green-Egg-Totaal-Logo.png\",\"contentUrl\":\"https:\\\/\\\/www.greeneggtotaal.nl\\\/wp-content\\\/uploads\\\/2025\\\/06\\\/Green-Egg-Totaal-Logo.png\",\"width\":225,\"height\":95,\"caption\":\"Green Egg Totaal\"},\"image\":{\"@id\":\"https:\\\/\\\/www.greeneggtotaal.nl\\\/nl\\\/#\\\/schema\\\/logo\\\/image\\\/\"}}]}<\/script>\n<!-- \/ Yoast SEO Premium plugin. -->","yoast_head_json":{"title":"Fraaii Schutzh\u00fclle Kamado (schwarz)","description":"Universelle schwarze Schutzh\u00fclle f\u00fcr jeden Kamado. Wasserabweisend, robust und ideal als Alternative zur Big Green Egg-Abdeckung. Sch\u00fctzt das ganze Jahr \u00fcber.","robots":{"index":"index","follow":"follow","max-snippet":"max-snippet:-1","max-image-preview":"max-image-preview:large","max-video-preview":"max-video-preview:-1"},"canonical":"https:\/\/www.greeneggtotaal.nl\/de\/product\/fraaii-schutzhulle-kamado-schwarz\/","og_locale":"de_DE","og_type":"article","og_title":"Fraaii Beschermhoes Kamado (zwart)","og_description":"Universele zwarte beschermhoes voor elke kamado. Waterafstotend, sterk en ideaal als alternatief voor de Big Green Egg hoes. Beschermt het hele jaar door.","og_url":"https:\/\/www.greeneggtotaal.nl\/de\/product\/fraaii-schutzhulle-kamado-schwarz\/","og_site_name":"GreenEggTotaal","article_modified_time":"2026-01-27T13:48:26+00:00","og_image":[{"width":500,"height":500,"url":"https:\/\/www.greeneggtotaal.nl\/wp-content\/uploads\/2026\/01\/GreenEggTotaal_-_2026-01-27T143733.456-removebg-preview.png","type":"image\/png"}],"twitter_card":"summary_large_image","twitter_misc":{"Gesch\u00e4tzte Lesezeit":"1\u00a0Minute"},"schema":{"@context":"https:\/\/schema.org","@graph":[{"@type":"WebPage","@id":"https:\/\/www.greeneggtotaal.nl\/product\/fraaii-beschermhoes-kamado-zwart\/","url":"https:\/\/www.greeneggtotaal.nl\/product\/fraaii-beschermhoes-kamado-zwart\/","name":"Fraaii Schutzh\u00fclle Kamado (schwarz)","isPartOf":{"@id":"https:\/\/www.greeneggtotaal.nl\/nl\/#website"},"primaryImageOfPage":{"@id":"https:\/\/www.greeneggtotaal.nl\/product\/fraaii-beschermhoes-kamado-zwart\/#primaryimage"},"image":{"@id":"https:\/\/www.greeneggtotaal.nl\/product\/fraaii-beschermhoes-kamado-zwart\/#primaryimage"},"thumbnailUrl":"https:\/\/www.greeneggtotaal.nl\/wp-content\/uploads\/2026\/01\/GreenEggTotaal_-_2026-01-27T143733.456-removebg-preview.webp","datePublished":"2026-01-27T13:48:25+00:00","dateModified":"2026-01-27T13:48:26+00:00","description":"Universelle schwarze Schutzh\u00fclle f\u00fcr jeden Kamado. Wasserabweisend, robust und ideal als Alternative zur Big Green Egg-Abdeckung. Sch\u00fctzt das ganze Jahr \u00fcber.","breadcrumb":{"@id":"https:\/\/www.greeneggtotaal.nl\/product\/fraaii-beschermhoes-kamado-zwart\/#breadcrumb"},"inLanguage":"de","potentialAction":[{"@type":"ReadAction","target":["https:\/\/www.greeneggtotaal.nl\/product\/fraaii-beschermhoes-kamado-zwart\/"]}]},{"@type":"ImageObject","inLanguage":"de","@id":"https:\/\/www.greeneggtotaal.nl\/product\/fraaii-beschermhoes-kamado-zwart\/#primaryimage","url":"https:\/\/www.greeneggtotaal.nl\/wp-content\/uploads\/2026\/01\/GreenEggTotaal_-_2026-01-27T143733.456-removebg-preview.webp","contentUrl":"https:\/\/www.greeneggtotaal.nl\/wp-content\/uploads\/2026\/01\/GreenEggTotaal_-_2026-01-27T143733.456-removebg-preview.webp","width":500,"height":500,"caption":"Fraaii Beschermhoes Kamado (zwart)"},{"@type":"BreadcrumbList","@id":"https:\/\/www.greeneggtotaal.nl\/product\/fraaii-beschermhoes-kamado-zwart\/#breadcrumb","itemListElement":[{"@type":"ListItem","position":1,"name":"Home","item":"https:\/\/www.greeneggtotaal.nl\/"},{"@type":"ListItem","position":2,"name":"Shop","item":"https:\/\/www.greeneggtotaal.nl\/nl\/shop\/"},{"@type":"ListItem","position":3,"name":"Fraaii Beschermhoes Kamado (zwart)"}]},{"@type":"WebSite","@id":"https:\/\/www.greeneggtotaal.nl\/nl\/#website","url":"https:\/\/www.greeneggtotaal.nl\/nl\/","name":"greeneggtotaal.nl","description":"Der Big Green Egg Spezialist","publisher":{"@id":"https:\/\/www.greeneggtotaal.nl\/nl\/#organization"},"potentialAction":[{"@type":"SearchAction","target":{"@type":"EntryPoint","urlTemplate":"https:\/\/www.greeneggtotaal.nl\/nl\/?s={search_term_string}"},"query-input":{"@type":"PropertyValueSpecification","valueRequired":true,"valueName":"search_term_string"}}],"inLanguage":"de"},{"@type":"Organization","@id":"https:\/\/www.greeneggtotaal.nl\/nl\/#organization","name":"Green Egg Totaal","url":"https:\/\/www.greeneggtotaal.nl\/nl\/","logo":{"@type":"ImageObject","inLanguage":"de","@id":"https:\/\/www.greeneggtotaal.nl\/nl\/#\/schema\/logo\/image\/","url":"https:\/\/www.greeneggtotaal.nl\/wp-content\/uploads\/2025\/06\/Green-Egg-Totaal-Logo.png","contentUrl":"https:\/\/www.greeneggtotaal.nl\/wp-content\/uploads\/2025\/06\/Green-Egg-Totaal-Logo.png","width":225,"height":95,"caption":"Green Egg Totaal"},"image":{"@id":"https:\/\/www.greeneggtotaal.nl\/nl\/#\/schema\/logo\/image\/"}}]}},"_links":{"self":[{"href":"https:\/\/www.greeneggtotaal.nl\/de\/wp-json\/wp\/v2\/product\/49828","targetHints":{"allow":["GET"]}}],"collection":[{"href":"https:\/\/www.greeneggtotaal.nl\/de\/wp-json\/wp\/v2\/product"}],"about":[{"href":"https:\/\/www.greeneggtotaal.nl\/de\/wp-json\/wp\/v2\/types\/product"}],"wp:featuredmedia":[{"embeddable":true,"href":"https:\/\/www.greeneggtotaal.nl\/de\/wp-json\/wp\/v2\/media\/49830"}],"wp:attachment":[{"href":"https:\/\/www.greeneggtotaal.nl\/de\/wp-json\/wp\/v2\/media?parent=49828"}],"wp:term":[{"taxonomy":"product_brand","embeddable":true,"href":"https:\/\/www.greeneggtotaal.nl\/de\/wp-json\/wp\/v2\/product_brand?post=49828"},{"taxonomy":"product_cat","embeddable":true,"href":"https:\/\/www.greeneggtotaal.nl\/de\/wp-json\/wp\/v2\/product_cat?post=49828"},{"taxonomy":"product_tag","embeddable":true,"href":"https:\/\/www.greeneggtotaal.nl\/de\/wp-json\/wp\/v2\/product_tag?post=49828"}],"curies":[{"name":"wp","href":"https:\/\/api.w.org\/{rel}","templated":true}]}}