{"id":50061,"date":"2026-02-10T10:16:18","date_gmt":"2026-02-10T09:16:18","guid":{"rendered":"https:\/\/www.greeneggtotaal.nl\/?post_type=product&#038;p=50061"},"modified":"2026-04-01T15:01:37","modified_gmt":"2026-04-01T13:01:37","slug":"groses-grunes-ei-grose-start-kollektion-douglas-outdoor-kuche-basic","status":"publish","type":"product","link":"https:\/\/www.greeneggtotaal.nl\/de\/product\/big-green-egg-large-start-collection-douglas-buitenkeuken-basic\/","title":{"rendered":"Big Green Egg Large Start Collection + Douglas Outdoor Kitchen Basic"},"content":{"rendered":"<p>Das Big Green Egg Large kommt in diesem Set mit dem:<\/p>\n<ul>\n<li>Tischnest Gro\u00df<\/li>\n<li>Konveggtor Gro\u00df<\/li>\n<li>Konveggtor Korb Gro\u00df<\/li>\n<li>2x Halbraster Gusseisen gro\u00df<\/li>\n<\/ul>\n<p>Diese Douglas Outdoor Kitchen Basic ist aus unbehandeltem Douglasienholz gefertigt. Dank seines hohen Harzanteils ist dieses Holz von Natur aus weniger anf\u00e4llig f\u00fcr Schimmel und f\u00fcr den Au\u00dfenbereich geeignet.<\/p>\n<p>Die Au\u00dfenk\u00fcche ist mit einem 50 \u00d7 50 cm gro\u00dfen Granitstein ausgestattet, der sich ideal als Schneidefl\u00e4che oder zus\u00e4tzliche Arbeitsfl\u00e4che f\u00fcr die Zubereitung von Speisen eignet.<\/p>\n<p>Unbehandeltes Douglasienholz hat eine Lebensdauer von etwa 10 bis 15 Jahren. Eine Schutzh\u00fclle verl\u00e4ngert diese Lebensdauer und sch\u00fctzt die M\u00f6bel vor Regen und anderen Witterungseinfl\u00fcssen. Dank der vier schwarzen Rollen ist die Outdoor-K\u00fcche leicht zu bewegen und flexibel einsetzbar.<\/p>\n<p><strong>Gesamtabmessungen:<\/strong><\/p>\n<p>Breite: 140 cm<br \/>\nTiefe: 70 cm<br \/>\nH\u00f6he: 86 cm<\/p>","protected":false},"excerpt":{"rendered":"<p>De Big Green Egg Large wordt in deze set geleverd inclusief de: Tafelnest Large Conveggtor Large Conveggtor Basket Large 2x Half Grid Gietijzer Large Deze Douglas Buitenkeuken Basic is gemaakt van onbehandeld Douglashout. Dankzij het hoge harsgehalte is dit hout van nature minder gevoelig voor schimmelvorming en geschikt voor buitengebruik. De buitenkeuken is uitgerust met [&hellip;]<\/p>\n","protected":false},"featured_media":50054,"template":"","meta":[],"product_brand":[],"product_cat":[216],"product_tag":[],"class_list":{"0":"post-50061","1":"product","2":"type-product","3":"status-publish","4":"has-post-thumbnail","6":"product_cat-outlet","8":"first","9":"instock","10":"sale","11":"taxable","12":"shipping-taxable","13":"purchasable","14":"product-type-composite"},"yoast_head":"<!-- This site is optimized with the Yoast SEO Premium plugin v27.4 (Yoast SEO v27.4) - https:\/\/yoast.com\/product\/yoast-seo-premium-wordpress\/ -->\n<title>Big Green Egg Large Start Collection + Douglas Buitenkeuken Basic - GreenEggTotaal<\/title>\n<meta name=\"robots\" content=\"index, follow, max-snippet:-1, max-image-preview:large, max-video-preview:-1\" \/>\n<link rel=\"canonical\" href=\"https:\/\/www.greeneggtotaal.nl\/de\/product\/groses-grunes-ei-grose-start-kollektion-douglas-outdoor-kuche-basic\/\" \/>\n<meta property=\"og:locale\" content=\"de_DE\" \/>\n<meta property=\"og:type\" content=\"article\" \/>\n<meta property=\"og:title\" content=\"Big Green Egg Large Start Collection + Douglas Buitenkeuken Basic\" \/>\n<meta property=\"og:description\" content=\"De Big Green Egg Large wordt in deze set geleverd inclusief de: Tafelnest Large Conveggtor Large Conveggtor Basket Large 2x Half Grid Gietijzer Large Deze Douglas Buitenkeuken Basic is gemaakt van onbehandeld Douglashout. Dankzij het hoge harsgehalte is dit hout van nature minder gevoelig voor schimmelvorming en geschikt voor buitengebruik. De buitenkeuken is uitgerust met [&hellip;]\" \/>\n<meta property=\"og:url\" content=\"https:\/\/www.greeneggtotaal.nl\/de\/product\/groses-grunes-ei-grose-start-kollektion-douglas-outdoor-kuche-basic\/\" \/>\n<meta property=\"og:site_name\" content=\"GreenEggTotaal\" \/>\n<meta property=\"article:modified_time\" content=\"2026-04-01T13:01:37+00:00\" \/>\n<meta property=\"og:image\" content=\"https:\/\/www.greeneggtotaal.nl\/wp-content\/uploads\/2026\/02\/1-1.webp\" \/>\n\t<meta property=\"og:image:width\" content=\"500\" \/>\n\t<meta property=\"og:image:height\" content=\"500\" \/>\n\t<meta property=\"og:image:type\" content=\"image\/webp\" \/>\n<meta name=\"twitter:card\" content=\"summary_large_image\" \/>\n<meta name=\"twitter:label1\" content=\"Gesch\u00e4tzte Lesezeit\" \/>\n\t<meta name=\"twitter:data1\" content=\"1\u00a0Minute\" \/>\n<script type=\"application\/ld+json\" class=\"yoast-schema-graph\">{\"@context\":\"https:\\\/\\\/schema.org\",\"@graph\":[{\"@type\":\"WebPage\",\"@id\":\"https:\\\/\\\/www.greeneggtotaal.nl\\\/product\\\/big-green-egg-large-start-collection-douglas-buitenkeuken-basic\\\/\",\"url\":\"https:\\\/\\\/www.greeneggtotaal.nl\\\/product\\\/big-green-egg-large-start-collection-douglas-buitenkeuken-basic\\\/\",\"name\":\"Big Green Egg Large Start Collection + Douglas Buitenkeuken Basic - GreenEggTotaal\",\"isPartOf\":{\"@id\":\"https:\\\/\\\/www.greeneggtotaal.nl\\\/nl\\\/#website\"},\"primaryImageOfPage\":{\"@id\":\"https:\\\/\\\/www.greeneggtotaal.nl\\\/product\\\/big-green-egg-large-start-collection-douglas-buitenkeuken-basic\\\/#primaryimage\"},\"image\":{\"@id\":\"https:\\\/\\\/www.greeneggtotaal.nl\\\/product\\\/big-green-egg-large-start-collection-douglas-buitenkeuken-basic\\\/#primaryimage\"},\"thumbnailUrl\":\"https:\\\/\\\/www.greeneggtotaal.nl\\\/wp-content\\\/uploads\\\/2026\\\/02\\\/1-1.webp\",\"datePublished\":\"2026-02-10T09:16:18+00:00\",\"dateModified\":\"2026-04-01T13:01:37+00:00\",\"breadcrumb\":{\"@id\":\"https:\\\/\\\/www.greeneggtotaal.nl\\\/product\\\/big-green-egg-large-start-collection-douglas-buitenkeuken-basic\\\/#breadcrumb\"},\"inLanguage\":\"de\",\"potentialAction\":[{\"@type\":\"ReadAction\",\"target\":[\"https:\\\/\\\/www.greeneggtotaal.nl\\\/product\\\/big-green-egg-large-start-collection-douglas-buitenkeuken-basic\\\/\"]}]},{\"@type\":\"ImageObject\",\"inLanguage\":\"de\",\"@id\":\"https:\\\/\\\/www.greeneggtotaal.nl\\\/product\\\/big-green-egg-large-start-collection-douglas-buitenkeuken-basic\\\/#primaryimage\",\"url\":\"https:\\\/\\\/www.greeneggtotaal.nl\\\/wp-content\\\/uploads\\\/2026\\\/02\\\/1-1.webp\",\"contentUrl\":\"https:\\\/\\\/www.greeneggtotaal.nl\\\/wp-content\\\/uploads\\\/2026\\\/02\\\/1-1.webp\",\"width\":500,\"height\":500,\"caption\":\"Douglas Buitenkeuken Basic\"},{\"@type\":\"BreadcrumbList\",\"@id\":\"https:\\\/\\\/www.greeneggtotaal.nl\\\/product\\\/big-green-egg-large-start-collection-douglas-buitenkeuken-basic\\\/#breadcrumb\",\"itemListElement\":[{\"@type\":\"ListItem\",\"position\":1,\"name\":\"Home\",\"item\":\"https:\\\/\\\/www.greeneggtotaal.nl\\\/\"},{\"@type\":\"ListItem\",\"position\":2,\"name\":\"Shop\",\"item\":\"https:\\\/\\\/www.greeneggtotaal.nl\\\/nl\\\/shop\\\/\"},{\"@type\":\"ListItem\",\"position\":3,\"name\":\"Big Green Egg Large Start Collection + Douglas Buitenkeuken Basic\"}]},{\"@type\":\"WebSite\",\"@id\":\"https:\\\/\\\/www.greeneggtotaal.nl\\\/nl\\\/#website\",\"url\":\"https:\\\/\\\/www.greeneggtotaal.nl\\\/nl\\\/\",\"name\":\"greeneggtotaal.nl\",\"description\":\"D\u00e9 Big Green Egg Specialist\",\"publisher\":{\"@id\":\"https:\\\/\\\/www.greeneggtotaal.nl\\\/nl\\\/#organization\"},\"potentialAction\":[{\"@type\":\"SearchAction\",\"target\":{\"@type\":\"EntryPoint\",\"urlTemplate\":\"https:\\\/\\\/www.greeneggtotaal.nl\\\/nl\\\/?s={search_term_string}\"},\"query-input\":{\"@type\":\"PropertyValueSpecification\",\"valueRequired\":true,\"valueName\":\"search_term_string\"}}],\"inLanguage\":\"de\"},{\"@type\":\"Organization\",\"@id\":\"https:\\\/\\\/www.greeneggtotaal.nl\\\/nl\\\/#organization\",\"name\":\"Green Egg Totaal\",\"url\":\"https:\\\/\\\/www.greeneggtotaal.nl\\\/nl\\\/\",\"logo\":{\"@type\":\"ImageObject\",\"inLanguage\":\"de\",\"@id\":\"https:\\\/\\\/www.greeneggtotaal.nl\\\/nl\\\/#\\\/schema\\\/logo\\\/image\\\/\",\"url\":\"https:\\\/\\\/www.greeneggtotaal.nl\\\/wp-content\\\/uploads\\\/2025\\\/06\\\/Green-Egg-Totaal-Logo.png\",\"contentUrl\":\"https:\\\/\\\/www.greeneggtotaal.nl\\\/wp-content\\\/uploads\\\/2025\\\/06\\\/Green-Egg-Totaal-Logo.png\",\"width\":225,\"height\":95,\"caption\":\"Green Egg Totaal\"},\"image\":{\"@id\":\"https:\\\/\\\/www.greeneggtotaal.nl\\\/nl\\\/#\\\/schema\\\/logo\\\/image\\\/\"}}]}<\/script>\n<!-- \/ Yoast SEO Premium plugin. -->","yoast_head_json":{"title":"Big Green Egg Large Start Collection + Douglas Outdoor Kitchen Basic - GreenEggTotal","robots":{"index":"index","follow":"follow","max-snippet":"max-snippet:-1","max-image-preview":"max-image-preview:large","max-video-preview":"max-video-preview:-1"},"canonical":"https:\/\/www.greeneggtotaal.nl\/de\/product\/groses-grunes-ei-grose-start-kollektion-douglas-outdoor-kuche-basic\/","og_locale":"de_DE","og_type":"article","og_title":"Big Green Egg Large Start Collection + Douglas Buitenkeuken Basic","og_description":"De Big Green Egg Large wordt in deze set geleverd inclusief de: Tafelnest Large Conveggtor Large Conveggtor Basket Large 2x Half Grid Gietijzer Large Deze Douglas Buitenkeuken Basic is gemaakt van onbehandeld Douglashout. Dankzij het hoge harsgehalte is dit hout van nature minder gevoelig voor schimmelvorming en geschikt voor buitengebruik. De buitenkeuken is uitgerust met [&hellip;]","og_url":"https:\/\/www.greeneggtotaal.nl\/de\/product\/groses-grunes-ei-grose-start-kollektion-douglas-outdoor-kuche-basic\/","og_site_name":"GreenEggTotaal","article_modified_time":"2026-04-01T13:01:37+00:00","og_image":[{"width":500,"height":500,"url":"https:\/\/www.greeneggtotaal.nl\/wp-content\/uploads\/2026\/02\/1-1.webp","type":"image\/webp"}],"twitter_card":"summary_large_image","twitter_misc":{"Gesch\u00e4tzte Lesezeit":"1\u00a0Minute"},"schema":{"@context":"https:\/\/schema.org","@graph":[{"@type":"WebPage","@id":"https:\/\/www.greeneggtotaal.nl\/product\/big-green-egg-large-start-collection-douglas-buitenkeuken-basic\/","url":"https:\/\/www.greeneggtotaal.nl\/product\/big-green-egg-large-start-collection-douglas-buitenkeuken-basic\/","name":"Big Green Egg Large Start Collection + Douglas Outdoor Kitchen Basic - GreenEggTotal","isPartOf":{"@id":"https:\/\/www.greeneggtotaal.nl\/nl\/#website"},"primaryImageOfPage":{"@id":"https:\/\/www.greeneggtotaal.nl\/product\/big-green-egg-large-start-collection-douglas-buitenkeuken-basic\/#primaryimage"},"image":{"@id":"https:\/\/www.greeneggtotaal.nl\/product\/big-green-egg-large-start-collection-douglas-buitenkeuken-basic\/#primaryimage"},"thumbnailUrl":"https:\/\/www.greeneggtotaal.nl\/wp-content\/uploads\/2026\/02\/1-1.webp","datePublished":"2026-02-10T09:16:18+00:00","dateModified":"2026-04-01T13:01:37+00:00","breadcrumb":{"@id":"https:\/\/www.greeneggtotaal.nl\/product\/big-green-egg-large-start-collection-douglas-buitenkeuken-basic\/#breadcrumb"},"inLanguage":"de","potentialAction":[{"@type":"ReadAction","target":["https:\/\/www.greeneggtotaal.nl\/product\/big-green-egg-large-start-collection-douglas-buitenkeuken-basic\/"]}]},{"@type":"ImageObject","inLanguage":"de","@id":"https:\/\/www.greeneggtotaal.nl\/product\/big-green-egg-large-start-collection-douglas-buitenkeuken-basic\/#primaryimage","url":"https:\/\/www.greeneggtotaal.nl\/wp-content\/uploads\/2026\/02\/1-1.webp","contentUrl":"https:\/\/www.greeneggtotaal.nl\/wp-content\/uploads\/2026\/02\/1-1.webp","width":500,"height":500,"caption":"Douglas Buitenkeuken Basic"},{"@type":"BreadcrumbList","@id":"https:\/\/www.greeneggtotaal.nl\/product\/big-green-egg-large-start-collection-douglas-buitenkeuken-basic\/#breadcrumb","itemListElement":[{"@type":"ListItem","position":1,"name":"Home","item":"https:\/\/www.greeneggtotaal.nl\/"},{"@type":"ListItem","position":2,"name":"Shop","item":"https:\/\/www.greeneggtotaal.nl\/nl\/shop\/"},{"@type":"ListItem","position":3,"name":"Big Green Egg Large Start Collection + Douglas Buitenkeuken Basic"}]},{"@type":"WebSite","@id":"https:\/\/www.greeneggtotaal.nl\/nl\/#website","url":"https:\/\/www.greeneggtotaal.nl\/nl\/","name":"greeneggtotaal.nl","description":"Der Big Green Egg Spezialist","publisher":{"@id":"https:\/\/www.greeneggtotaal.nl\/nl\/#organization"},"potentialAction":[{"@type":"SearchAction","target":{"@type":"EntryPoint","urlTemplate":"https:\/\/www.greeneggtotaal.nl\/nl\/?s={search_term_string}"},"query-input":{"@type":"PropertyValueSpecification","valueRequired":true,"valueName":"search_term_string"}}],"inLanguage":"de"},{"@type":"Organization","@id":"https:\/\/www.greeneggtotaal.nl\/nl\/#organization","name":"Green Egg Totaal","url":"https:\/\/www.greeneggtotaal.nl\/nl\/","logo":{"@type":"ImageObject","inLanguage":"de","@id":"https:\/\/www.greeneggtotaal.nl\/nl\/#\/schema\/logo\/image\/","url":"https:\/\/www.greeneggtotaal.nl\/wp-content\/uploads\/2025\/06\/Green-Egg-Totaal-Logo.png","contentUrl":"https:\/\/www.greeneggtotaal.nl\/wp-content\/uploads\/2025\/06\/Green-Egg-Totaal-Logo.png","width":225,"height":95,"caption":"Green Egg Totaal"},"image":{"@id":"https:\/\/www.greeneggtotaal.nl\/nl\/#\/schema\/logo\/image\/"}}]}},"_links":{"self":[{"href":"https:\/\/www.greeneggtotaal.nl\/de\/wp-json\/wp\/v2\/product\/50061","targetHints":{"allow":["GET"]}}],"collection":[{"href":"https:\/\/www.greeneggtotaal.nl\/de\/wp-json\/wp\/v2\/product"}],"about":[{"href":"https:\/\/www.greeneggtotaal.nl\/de\/wp-json\/wp\/v2\/types\/product"}],"wp:featuredmedia":[{"embeddable":true,"href":"https:\/\/www.greeneggtotaal.nl\/de\/wp-json\/wp\/v2\/media\/50054"}],"wp:attachment":[{"href":"https:\/\/www.greeneggtotaal.nl\/de\/wp-json\/wp\/v2\/media?parent=50061"}],"wp:term":[{"taxonomy":"product_brand","embeddable":true,"href":"https:\/\/www.greeneggtotaal.nl\/de\/wp-json\/wp\/v2\/product_brand?post=50061"},{"taxonomy":"product_cat","embeddable":true,"href":"https:\/\/www.greeneggtotaal.nl\/de\/wp-json\/wp\/v2\/product_cat?post=50061"},{"taxonomy":"product_tag","embeddable":true,"href":"https:\/\/www.greeneggtotaal.nl\/de\/wp-json\/wp\/v2\/product_tag?post=50061"}],"curies":[{"name":"wp","href":"https:\/\/api.w.org\/{rel}","templated":true}]}}