{"id":5126,"date":"2025-06-16T11:03:49","date_gmt":"2025-06-16T09:03:49","guid":{"rendered":"https:\/\/baselinkweb.nl\/greeneggtotaal\/product\/the-windmill-stroopwafelijzer\/"},"modified":"2026-01-05T13:47:57","modified_gmt":"2026-01-05T12:47:57","slug":"die-windmuhle-stroopwafel-eisen","status":"publish","type":"product","link":"https:\/\/www.greeneggtotaal.nl\/de\/product\/the-windmill-stroopwafelijzer\/","title":{"rendered":"Die Windm\u00fchle Stroopwafel Eisen"},"content":{"rendered":"<p>Stroopwafels. Zusammen mit Poffertjes und salzigem Hering sind sie eine typisch holl\u00e4ndische Delikatesse. 1810 wurden in Gouda die ersten Stroopwafels aus Teigresten und Kekskr\u00fcmeln mit Sirup hergestellt. Heute k\u00f6nnen Sie diese urholl\u00e4ndische K\u00f6stlichkeit mit dem Stroopwafel-Eisen von The Windmill in Ihrer eigenen K\u00fcche oder im Garten zubereiten.<\/p>\n<p>Geeignet f\u00fcr alle W\u00e4rmequellen wie Induktion, Grill, Gas, offenes Feuer usw.<\/p>\n<p>&nbsp;<\/p>\n<p>Abmessungen: 35,5 \u00d7 20,6 \u00d7 11 cm<\/p>","protected":false},"excerpt":{"rendered":"<p>Stroopwafels. Samen met de poffertjes en zoute haring is dat een typisch Hollandse lekkernij. In 1810 maakten ze in Gouda de eerste stroopwafels van restjes deeg en koekkruimels met stroop. Tegenwoordig maak je deze Oer-Hollandse delicatesse met het stroopwafelijzer van The Windmill in je eigen keuken of achtertuin. Geschikt voor iedere warmtebron, zoals inductie, bbq, [&hellip;]<\/p>\n","protected":false},"featured_media":10479,"template":"","meta":[],"product_brand":[231],"product_cat":[66],"product_tag":[],"class_list":{"0":"post-5126","1":"product","2":"type-product","3":"status-publish","4":"has-post-thumbnail","6":"product_brand-the-windmill","7":"product_cat-the-windmill-gietijzer","9":"first","10":"instock","11":"taxable","12":"shipping-taxable","13":"purchasable","14":"product-type-simple"},"yoast_head":"<!-- This site is optimized with the Yoast SEO Premium plugin v27.4 (Yoast SEO v27.4) - https:\/\/yoast.com\/product\/yoast-seo-premium-wordpress\/ -->\n<title>The Windmill Stroopwafelijzer<\/title>\n<meta name=\"description\" content=\"Stroopwafels. Samen met de poffertjes en zoute haring is dat een typisch Hollandse lekkernij. Nu te koop bij GreenEggTotaal.\" \/>\n<meta name=\"robots\" content=\"index, follow, max-snippet:-1, max-image-preview:large, max-video-preview:-1\" \/>\n<link rel=\"canonical\" href=\"https:\/\/www.greeneggtotaal.nl\/de\/product\/die-windmuhle-stroopwafel-eisen\/\" \/>\n<meta property=\"og:locale\" content=\"de_DE\" \/>\n<meta property=\"og:type\" content=\"article\" \/>\n<meta property=\"og:title\" content=\"The Windmill Stroopwafelijzer\" \/>\n<meta property=\"og:description\" content=\"Stroopwafels. Samen met de poffertjes en zoute haring is dat een typisch Hollandse lekkernij. Nu te koop bij GreenEggTotaal.\" \/>\n<meta property=\"og:url\" content=\"https:\/\/www.greeneggtotaal.nl\/de\/product\/die-windmuhle-stroopwafel-eisen\/\" \/>\n<meta property=\"og:site_name\" content=\"GreenEggTotaal\" \/>\n<meta property=\"article:modified_time\" content=\"2026-01-05T12:47:57+00:00\" \/>\n<meta property=\"og:image\" content=\"https:\/\/www.greeneggtotaal.nl\/wp-content\/uploads\/2025\/08\/the-windmill-gietijzeren-stroopwafelijzer.webp\" \/>\n\t<meta property=\"og:image:width\" content=\"500\" \/>\n\t<meta property=\"og:image:height\" content=\"500\" \/>\n\t<meta property=\"og:image:type\" content=\"image\/webp\" \/>\n<meta name=\"twitter:card\" content=\"summary_large_image\" \/>\n<meta name=\"twitter:label1\" content=\"Gesch\u00e4tzte Lesezeit\" \/>\n\t<meta name=\"twitter:data1\" content=\"1\u00a0Minute\" \/>\n<script type=\"application\/ld+json\" class=\"yoast-schema-graph\">{\"@context\":\"https:\\\/\\\/schema.org\",\"@graph\":[{\"@type\":\"WebPage\",\"@id\":\"https:\\\/\\\/www.greeneggtotaal.nl\\\/product\\\/the-windmill-stroopwafelijzer\\\/\",\"url\":\"https:\\\/\\\/www.greeneggtotaal.nl\\\/product\\\/the-windmill-stroopwafelijzer\\\/\",\"name\":\"The Windmill Stroopwafelijzer\",\"isPartOf\":{\"@id\":\"https:\\\/\\\/www.greeneggtotaal.nl\\\/nl\\\/#website\"},\"primaryImageOfPage\":{\"@id\":\"https:\\\/\\\/www.greeneggtotaal.nl\\\/product\\\/the-windmill-stroopwafelijzer\\\/#primaryimage\"},\"image\":{\"@id\":\"https:\\\/\\\/www.greeneggtotaal.nl\\\/product\\\/the-windmill-stroopwafelijzer\\\/#primaryimage\"},\"thumbnailUrl\":\"https:\\\/\\\/www.greeneggtotaal.nl\\\/wp-content\\\/uploads\\\/2025\\\/08\\\/the-windmill-gietijzeren-stroopwafelijzer.webp\",\"datePublished\":\"2025-06-16T09:03:49+00:00\",\"dateModified\":\"2026-01-05T12:47:57+00:00\",\"description\":\"Stroopwafels. Samen met de poffertjes en zoute haring is dat een typisch Hollandse lekkernij. Nu te koop bij GreenEggTotaal.\",\"breadcrumb\":{\"@id\":\"https:\\\/\\\/www.greeneggtotaal.nl\\\/product\\\/the-windmill-stroopwafelijzer\\\/#breadcrumb\"},\"inLanguage\":\"de\",\"potentialAction\":[{\"@type\":\"ReadAction\",\"target\":[\"https:\\\/\\\/www.greeneggtotaal.nl\\\/product\\\/the-windmill-stroopwafelijzer\\\/\"]}]},{\"@type\":\"ImageObject\",\"inLanguage\":\"de\",\"@id\":\"https:\\\/\\\/www.greeneggtotaal.nl\\\/product\\\/the-windmill-stroopwafelijzer\\\/#primaryimage\",\"url\":\"https:\\\/\\\/www.greeneggtotaal.nl\\\/wp-content\\\/uploads\\\/2025\\\/08\\\/the-windmill-gietijzeren-stroopwafelijzer.webp\",\"contentUrl\":\"https:\\\/\\\/www.greeneggtotaal.nl\\\/wp-content\\\/uploads\\\/2025\\\/08\\\/the-windmill-gietijzeren-stroopwafelijzer.webp\",\"width\":500,\"height\":500,\"caption\":\"The Windmill Stroopwafelijzer\"},{\"@type\":\"BreadcrumbList\",\"@id\":\"https:\\\/\\\/www.greeneggtotaal.nl\\\/product\\\/the-windmill-stroopwafelijzer\\\/#breadcrumb\",\"itemListElement\":[{\"@type\":\"ListItem\",\"position\":1,\"name\":\"Home\",\"item\":\"https:\\\/\\\/www.greeneggtotaal.nl\\\/\"},{\"@type\":\"ListItem\",\"position\":2,\"name\":\"Shop\",\"item\":\"https:\\\/\\\/www.greeneggtotaal.nl\\\/nl\\\/shop\\\/\"},{\"@type\":\"ListItem\",\"position\":3,\"name\":\"The Windmill Stroopwafelijzer\"}]},{\"@type\":\"WebSite\",\"@id\":\"https:\\\/\\\/www.greeneggtotaal.nl\\\/nl\\\/#website\",\"url\":\"https:\\\/\\\/www.greeneggtotaal.nl\\\/nl\\\/\",\"name\":\"greeneggtotaal.nl\",\"description\":\"D\u00e9 Big Green Egg Specialist\",\"publisher\":{\"@id\":\"https:\\\/\\\/www.greeneggtotaal.nl\\\/nl\\\/#organization\"},\"potentialAction\":[{\"@type\":\"SearchAction\",\"target\":{\"@type\":\"EntryPoint\",\"urlTemplate\":\"https:\\\/\\\/www.greeneggtotaal.nl\\\/nl\\\/?s={search_term_string}\"},\"query-input\":{\"@type\":\"PropertyValueSpecification\",\"valueRequired\":true,\"valueName\":\"search_term_string\"}}],\"inLanguage\":\"de\"},{\"@type\":\"Organization\",\"@id\":\"https:\\\/\\\/www.greeneggtotaal.nl\\\/nl\\\/#organization\",\"name\":\"Green Egg Totaal\",\"url\":\"https:\\\/\\\/www.greeneggtotaal.nl\\\/nl\\\/\",\"logo\":{\"@type\":\"ImageObject\",\"inLanguage\":\"de\",\"@id\":\"https:\\\/\\\/www.greeneggtotaal.nl\\\/nl\\\/#\\\/schema\\\/logo\\\/image\\\/\",\"url\":\"https:\\\/\\\/www.greeneggtotaal.nl\\\/wp-content\\\/uploads\\\/2025\\\/06\\\/Green-Egg-Totaal-Logo.png\",\"contentUrl\":\"https:\\\/\\\/www.greeneggtotaal.nl\\\/wp-content\\\/uploads\\\/2025\\\/06\\\/Green-Egg-Totaal-Logo.png\",\"width\":225,\"height\":95,\"caption\":\"Green Egg Totaal\"},\"image\":{\"@id\":\"https:\\\/\\\/www.greeneggtotaal.nl\\\/nl\\\/#\\\/schema\\\/logo\\\/image\\\/\"}}]}<\/script>\n<!-- \/ Yoast SEO Premium plugin. -->","yoast_head_json":{"title":"Die Windm\u00fchle Stroopwafel Eisen","description":"Stroopwafels. Zusammen mit Poffertjes und salzigem Hering sind sie eine typisch holl\u00e4ndische K\u00f6stlichkeit. Jetzt bei GreenEggTotaal erh\u00e4ltlich.","robots":{"index":"index","follow":"follow","max-snippet":"max-snippet:-1","max-image-preview":"max-image-preview:large","max-video-preview":"max-video-preview:-1"},"canonical":"https:\/\/www.greeneggtotaal.nl\/de\/product\/die-windmuhle-stroopwafel-eisen\/","og_locale":"de_DE","og_type":"article","og_title":"The Windmill Stroopwafelijzer","og_description":"Stroopwafels. Samen met de poffertjes en zoute haring is dat een typisch Hollandse lekkernij. Nu te koop bij GreenEggTotaal.","og_url":"https:\/\/www.greeneggtotaal.nl\/de\/product\/die-windmuhle-stroopwafel-eisen\/","og_site_name":"GreenEggTotaal","article_modified_time":"2026-01-05T12:47:57+00:00","og_image":[{"width":500,"height":500,"url":"https:\/\/www.greeneggtotaal.nl\/wp-content\/uploads\/2025\/08\/the-windmill-gietijzeren-stroopwafelijzer.webp","type":"image\/webp"}],"twitter_card":"summary_large_image","twitter_misc":{"Gesch\u00e4tzte Lesezeit":"1\u00a0Minute"},"schema":{"@context":"https:\/\/schema.org","@graph":[{"@type":"WebPage","@id":"https:\/\/www.greeneggtotaal.nl\/product\/the-windmill-stroopwafelijzer\/","url":"https:\/\/www.greeneggtotaal.nl\/product\/the-windmill-stroopwafelijzer\/","name":"Die Windm\u00fchle Stroopwafel Eisen","isPartOf":{"@id":"https:\/\/www.greeneggtotaal.nl\/nl\/#website"},"primaryImageOfPage":{"@id":"https:\/\/www.greeneggtotaal.nl\/product\/the-windmill-stroopwafelijzer\/#primaryimage"},"image":{"@id":"https:\/\/www.greeneggtotaal.nl\/product\/the-windmill-stroopwafelijzer\/#primaryimage"},"thumbnailUrl":"https:\/\/www.greeneggtotaal.nl\/wp-content\/uploads\/2025\/08\/the-windmill-gietijzeren-stroopwafelijzer.webp","datePublished":"2025-06-16T09:03:49+00:00","dateModified":"2026-01-05T12:47:57+00:00","description":"Stroopwafels. Zusammen mit Poffertjes und salzigem Hering sind sie eine typisch holl\u00e4ndische K\u00f6stlichkeit. Jetzt bei GreenEggTotaal erh\u00e4ltlich.","breadcrumb":{"@id":"https:\/\/www.greeneggtotaal.nl\/product\/the-windmill-stroopwafelijzer\/#breadcrumb"},"inLanguage":"de","potentialAction":[{"@type":"ReadAction","target":["https:\/\/www.greeneggtotaal.nl\/product\/the-windmill-stroopwafelijzer\/"]}]},{"@type":"ImageObject","inLanguage":"de","@id":"https:\/\/www.greeneggtotaal.nl\/product\/the-windmill-stroopwafelijzer\/#primaryimage","url":"https:\/\/www.greeneggtotaal.nl\/wp-content\/uploads\/2025\/08\/the-windmill-gietijzeren-stroopwafelijzer.webp","contentUrl":"https:\/\/www.greeneggtotaal.nl\/wp-content\/uploads\/2025\/08\/the-windmill-gietijzeren-stroopwafelijzer.webp","width":500,"height":500,"caption":"The Windmill Stroopwafelijzer"},{"@type":"BreadcrumbList","@id":"https:\/\/www.greeneggtotaal.nl\/product\/the-windmill-stroopwafelijzer\/#breadcrumb","itemListElement":[{"@type":"ListItem","position":1,"name":"Home","item":"https:\/\/www.greeneggtotaal.nl\/"},{"@type":"ListItem","position":2,"name":"Shop","item":"https:\/\/www.greeneggtotaal.nl\/nl\/shop\/"},{"@type":"ListItem","position":3,"name":"The Windmill Stroopwafelijzer"}]},{"@type":"WebSite","@id":"https:\/\/www.greeneggtotaal.nl\/nl\/#website","url":"https:\/\/www.greeneggtotaal.nl\/nl\/","name":"greeneggtotaal.nl","description":"Der Big Green Egg Spezialist","publisher":{"@id":"https:\/\/www.greeneggtotaal.nl\/nl\/#organization"},"potentialAction":[{"@type":"SearchAction","target":{"@type":"EntryPoint","urlTemplate":"https:\/\/www.greeneggtotaal.nl\/nl\/?s={search_term_string}"},"query-input":{"@type":"PropertyValueSpecification","valueRequired":true,"valueName":"search_term_string"}}],"inLanguage":"de"},{"@type":"Organization","@id":"https:\/\/www.greeneggtotaal.nl\/nl\/#organization","name":"Green Egg Totaal","url":"https:\/\/www.greeneggtotaal.nl\/nl\/","logo":{"@type":"ImageObject","inLanguage":"de","@id":"https:\/\/www.greeneggtotaal.nl\/nl\/#\/schema\/logo\/image\/","url":"https:\/\/www.greeneggtotaal.nl\/wp-content\/uploads\/2025\/06\/Green-Egg-Totaal-Logo.png","contentUrl":"https:\/\/www.greeneggtotaal.nl\/wp-content\/uploads\/2025\/06\/Green-Egg-Totaal-Logo.png","width":225,"height":95,"caption":"Green Egg Totaal"},"image":{"@id":"https:\/\/www.greeneggtotaal.nl\/nl\/#\/schema\/logo\/image\/"}}]}},"_links":{"self":[{"href":"https:\/\/www.greeneggtotaal.nl\/de\/wp-json\/wp\/v2\/product\/5126","targetHints":{"allow":["GET"]}}],"collection":[{"href":"https:\/\/www.greeneggtotaal.nl\/de\/wp-json\/wp\/v2\/product"}],"about":[{"href":"https:\/\/www.greeneggtotaal.nl\/de\/wp-json\/wp\/v2\/types\/product"}],"wp:featuredmedia":[{"embeddable":true,"href":"https:\/\/www.greeneggtotaal.nl\/de\/wp-json\/wp\/v2\/media\/10479"}],"wp:attachment":[{"href":"https:\/\/www.greeneggtotaal.nl\/de\/wp-json\/wp\/v2\/media?parent=5126"}],"wp:term":[{"taxonomy":"product_brand","embeddable":true,"href":"https:\/\/www.greeneggtotaal.nl\/de\/wp-json\/wp\/v2\/product_brand?post=5126"},{"taxonomy":"product_cat","embeddable":true,"href":"https:\/\/www.greeneggtotaal.nl\/de\/wp-json\/wp\/v2\/product_cat?post=5126"},{"taxonomy":"product_tag","embeddable":true,"href":"https:\/\/www.greeneggtotaal.nl\/de\/wp-json\/wp\/v2\/product_tag?post=5126"}],"curies":[{"name":"wp","href":"https:\/\/api.w.org\/{rel}","templated":true}]}}