{"id":5371,"date":"2025-06-16T11:05:10","date_gmt":"2025-06-16T09:05:10","guid":{"rendered":"https:\/\/baselinkweb.nl\/greeneggtotaal\/product\/petromax-gietijzeren-grill-skillet-2-handvatten-30-cm\/"},"modified":"2026-02-25T14:58:28","modified_gmt":"2026-02-25T13:58:28","slug":"petromax-gusseisen-grillpfanne-2-griffe-30-cm","status":"publish","type":"product","link":"https:\/\/www.greeneggtotaal.nl\/de\/product\/petromax-gietijzeren-grill-skillet-2-handvatten-30-cm\/","title":{"rendered":"Petromax Gusseisen Grill Pfanne 2 Griffe 30 cm"},"content":{"rendered":"<p>Eine gusseiserne Petromax-Pfanne ist eine handliche und \u00e4u\u00dferst vielseitige Pfanne zum Braten von Fleisch, Fisch und Gem\u00fcse. Egal, ob Sie Hobbykoch oder Profi sind, Sie werden diese Pfanne nicht mehr missen wollen. Verwenden Sie sie direkt am Lagerfeuer, auf einem Atago, Rocket Stove oder einfach auf dem Herd.<\/p>\n<p>Diese Pfanne hat einen Durchmesser von 30 Zentimetern und ein Gewicht von 3,8 kg. Alles in allem eine ziemlich gro\u00dfe Pfanne, die sich hervorragend zum Braten eines sch\u00f6nen St\u00fccks Fleisch oder zum Kochen f\u00fcr eine ganze Familie eignet.<\/p>\n<p>Das bekannte Grillmuster im Inneren der Pfanne erm\u00f6glicht es Ihnen, Ihr Fleisch, Ihren Fisch und Ihr Gem\u00fcse mit dem bekannten Grillmuster zu grillen, das Sie normalerweise mit einem BBQ-Grill erzielen. Das sieht nicht nur sch\u00f6n aus, sondern sorgt auch f\u00fcr ein fettarmes Grillen. Da das Fleisch auf kleinen Erhebungen liegt, kann \u00fcbersch\u00fcssiges Fett gut durch die Rillen ablaufen. Die Grillpfanne ist mit einem gerippten Schaber von Petromax leicht zu reinigen.<\/p>\n<p>Diese Bratpfanne ist mit zwei praktischen Griffen ausgestattet, so dass Sie sie leicht in den Ofen, auf den Herd oder in ein Kamado stellen k\u00f6nnen. Vergessen Sie nat\u00fcrlich nicht, einen guten hitzebest\u00e4ndigen Petromax-Handschutz zu verwenden. Gusseiserne Pfannen werden und bleiben w\u00e4hrend und nach dem Gebrauch extrem hei\u00df.<\/p>\n<p>\u00dcber Gusseisen.<\/p>\n<p>Gusseisen ist eine Art von Gussstahl, der W\u00e4rme gut absorbiert und speichert und sehr hohen Temperaturen standh\u00e4lt. Daher kann Gusseisen f\u00fcr viel mehr Zwecke verwendet werden als Stahl oder Schmiedeeisen. Eine versiegelte Gusseisenpfanne kann zum Beispiel als Backofen zum Brotbacken verwendet werden, eignet sich aber auch hervorragend als Kasserolle.<\/p>\n<p>Gusseisenprodukte sind seit langem als nachhaltige Produkte bekannt, da sie 100% recycelbar sind und ein Leben lang halten, sofern man sie pfleglich behandelt. Daher werden Gusseisenprodukte traditionell von Generation zu Generation weitergegeben. Gusseisen erfordert zwar eine gute Pflege, aber das ist weniger, als Sie denken. Reinigen Sie Ihr Gusseisenprodukt nach dem Gebrauch gut mit warmem Wasser und einer Sp\u00fclb\u00fcrste. Trocknen Sie Ihr Produkt gut mit einem Geschirrtuch ab und bewahren Sie es ordentlich auf.<\/p>\n<p>Alle gusseisernen Produkte von Petromax werden mehrfach vorbehandelt, was auch als \"W\u00fcrzen\" bezeichnet wird. Dadurch entsteht eine Art nat\u00fcrliche Antihaftbeschichtung, die in vielen F\u00e4llen Rost verhindert. Sollte Ihr Produkt einmal rosten, ist das kein Problem. Schrubben Sie es einfach mit einer Drahtb\u00fcrste ab, sp\u00fclen Sie es ab und behandeln Sie es erneut mit Petromax Pflegewachs.<\/p>","protected":false},"excerpt":{"rendered":"<p>Een Gietijzeren Petromax Skillet is een handig en enorm multifunctionele pan om vlees, vis en groenten te bakken. Of je nou een hobbykok of professional bent, deze pan wil je niet missen. Gebruik hem direct in een kampvuur, op een Atago, Rocket Stove of gewoon binnen op het fornuis. Deze Skillet heeft een diameter van [&hellip;]<\/p>\n","protected":false},"featured_media":11008,"template":"","meta":[],"product_brand":[248],"product_cat":[72],"product_tag":[],"class_list":{"0":"post-5371","1":"product","2":"type-product","3":"status-publish","4":"has-post-thumbnail","6":"product_brand-petromax","7":"product_cat-petromax-gietijzer","9":"first","10":"instock","11":"taxable","12":"shipping-taxable","13":"purchasable","14":"product-type-composite"},"yoast_head":"<!-- This site is optimized with the Yoast SEO Premium plugin v27.4 (Yoast SEO v27.4) - https:\/\/yoast.com\/product\/yoast-seo-premium-wordpress\/ -->\n<title>Petromax Gietijzeren Grill Skillet 2 Handvatten 30 cm<\/title>\n<meta name=\"description\" content=\"De Petromax gietijzeren grill skillet 30 cm met twee handvatten zorgt voor perfecte grillstrepen en gelijkmatige warmte bij buitenkoken.\" \/>\n<meta name=\"robots\" content=\"index, follow, max-snippet:-1, max-image-preview:large, max-video-preview:-1\" \/>\n<link rel=\"canonical\" href=\"https:\/\/www.greeneggtotaal.nl\/de\/product\/petromax-gusseisen-grillpfanne-2-griffe-30-cm\/\" \/>\n<meta property=\"og:locale\" content=\"de_DE\" \/>\n<meta property=\"og:type\" content=\"article\" \/>\n<meta property=\"og:title\" content=\"Petromax Gietijzeren Grill Skillet 2 Handvatten 30 cm\" \/>\n<meta property=\"og:description\" content=\"De Petromax gietijzeren grill skillet 30 cm met twee handvatten zorgt voor perfecte grillstrepen en gelijkmatige warmte bij buitenkoken.\" \/>\n<meta property=\"og:url\" content=\"https:\/\/www.greeneggtotaal.nl\/de\/product\/petromax-gusseisen-grillpfanne-2-griffe-30-cm\/\" \/>\n<meta property=\"og:site_name\" content=\"GreenEggTotaal\" \/>\n<meta property=\"article:modified_time\" content=\"2026-02-25T13:58:28+00:00\" \/>\n<meta property=\"og:image\" content=\"https:\/\/www.greeneggtotaal.nl\/wp-content\/uploads\/2025\/08\/ontwerp-zonder-titel-2024-04-09t133718.432-1.webp\" \/>\n\t<meta property=\"og:image:width\" content=\"500\" \/>\n\t<meta property=\"og:image:height\" content=\"500\" \/>\n\t<meta property=\"og:image:type\" content=\"image\/webp\" \/>\n<meta name=\"twitter:card\" content=\"summary_large_image\" \/>\n<meta name=\"twitter:label1\" content=\"Gesch\u00e4tzte Lesezeit\" \/>\n\t<meta name=\"twitter:data1\" content=\"3\u00a0Minuten\" \/>\n<script type=\"application\/ld+json\" class=\"yoast-schema-graph\">{\"@context\":\"https:\\\/\\\/schema.org\",\"@graph\":[{\"@type\":\"WebPage\",\"@id\":\"https:\\\/\\\/www.greeneggtotaal.nl\\\/product\\\/petromax-gietijzeren-grill-skillet-2-handvatten-30-cm\\\/\",\"url\":\"https:\\\/\\\/www.greeneggtotaal.nl\\\/product\\\/petromax-gietijzeren-grill-skillet-2-handvatten-30-cm\\\/\",\"name\":\"Petromax Gietijzeren Grill Skillet 2 Handvatten 30 cm\",\"isPartOf\":{\"@id\":\"https:\\\/\\\/www.greeneggtotaal.nl\\\/nl\\\/#website\"},\"primaryImageOfPage\":{\"@id\":\"https:\\\/\\\/www.greeneggtotaal.nl\\\/product\\\/petromax-gietijzeren-grill-skillet-2-handvatten-30-cm\\\/#primaryimage\"},\"image\":{\"@id\":\"https:\\\/\\\/www.greeneggtotaal.nl\\\/product\\\/petromax-gietijzeren-grill-skillet-2-handvatten-30-cm\\\/#primaryimage\"},\"thumbnailUrl\":\"https:\\\/\\\/www.greeneggtotaal.nl\\\/wp-content\\\/uploads\\\/2025\\\/08\\\/ontwerp-zonder-titel-2024-04-09t133718.432-1.webp\",\"datePublished\":\"2025-06-16T09:05:10+00:00\",\"dateModified\":\"2026-02-25T13:58:28+00:00\",\"description\":\"De Petromax gietijzeren grill skillet 30 cm met twee handvatten zorgt voor perfecte grillstrepen en gelijkmatige warmte bij buitenkoken.\",\"breadcrumb\":{\"@id\":\"https:\\\/\\\/www.greeneggtotaal.nl\\\/product\\\/petromax-gietijzeren-grill-skillet-2-handvatten-30-cm\\\/#breadcrumb\"},\"inLanguage\":\"de\",\"potentialAction\":[{\"@type\":\"ReadAction\",\"target\":[\"https:\\\/\\\/www.greeneggtotaal.nl\\\/product\\\/petromax-gietijzeren-grill-skillet-2-handvatten-30-cm\\\/\"]}]},{\"@type\":\"ImageObject\",\"inLanguage\":\"de\",\"@id\":\"https:\\\/\\\/www.greeneggtotaal.nl\\\/product\\\/petromax-gietijzeren-grill-skillet-2-handvatten-30-cm\\\/#primaryimage\",\"url\":\"https:\\\/\\\/www.greeneggtotaal.nl\\\/wp-content\\\/uploads\\\/2025\\\/08\\\/ontwerp-zonder-titel-2024-04-09t133718.432-1.webp\",\"contentUrl\":\"https:\\\/\\\/www.greeneggtotaal.nl\\\/wp-content\\\/uploads\\\/2025\\\/08\\\/ontwerp-zonder-titel-2024-04-09t133718.432-1.webp\",\"width\":500,\"height\":500,\"caption\":\"Petromax Gietijzeren Grill Skillet 2 Handvatten 30 cm\"},{\"@type\":\"BreadcrumbList\",\"@id\":\"https:\\\/\\\/www.greeneggtotaal.nl\\\/product\\\/petromax-gietijzeren-grill-skillet-2-handvatten-30-cm\\\/#breadcrumb\",\"itemListElement\":[{\"@type\":\"ListItem\",\"position\":1,\"name\":\"Home\",\"item\":\"https:\\\/\\\/www.greeneggtotaal.nl\\\/\"},{\"@type\":\"ListItem\",\"position\":2,\"name\":\"Shop\",\"item\":\"https:\\\/\\\/www.greeneggtotaal.nl\\\/nl\\\/shop\\\/\"},{\"@type\":\"ListItem\",\"position\":3,\"name\":\"Petromax Gietijzeren Grill Skillet 2 Handvatten 30 cm\"}]},{\"@type\":\"WebSite\",\"@id\":\"https:\\\/\\\/www.greeneggtotaal.nl\\\/nl\\\/#website\",\"url\":\"https:\\\/\\\/www.greeneggtotaal.nl\\\/nl\\\/\",\"name\":\"greeneggtotaal.nl\",\"description\":\"D\u00e9 Big Green Egg Specialist\",\"publisher\":{\"@id\":\"https:\\\/\\\/www.greeneggtotaal.nl\\\/nl\\\/#organization\"},\"potentialAction\":[{\"@type\":\"SearchAction\",\"target\":{\"@type\":\"EntryPoint\",\"urlTemplate\":\"https:\\\/\\\/www.greeneggtotaal.nl\\\/nl\\\/?s={search_term_string}\"},\"query-input\":{\"@type\":\"PropertyValueSpecification\",\"valueRequired\":true,\"valueName\":\"search_term_string\"}}],\"inLanguage\":\"de\"},{\"@type\":\"Organization\",\"@id\":\"https:\\\/\\\/www.greeneggtotaal.nl\\\/nl\\\/#organization\",\"name\":\"Green Egg Totaal\",\"url\":\"https:\\\/\\\/www.greeneggtotaal.nl\\\/nl\\\/\",\"logo\":{\"@type\":\"ImageObject\",\"inLanguage\":\"de\",\"@id\":\"https:\\\/\\\/www.greeneggtotaal.nl\\\/nl\\\/#\\\/schema\\\/logo\\\/image\\\/\",\"url\":\"https:\\\/\\\/www.greeneggtotaal.nl\\\/wp-content\\\/uploads\\\/2025\\\/06\\\/Green-Egg-Totaal-Logo.png\",\"contentUrl\":\"https:\\\/\\\/www.greeneggtotaal.nl\\\/wp-content\\\/uploads\\\/2025\\\/06\\\/Green-Egg-Totaal-Logo.png\",\"width\":225,\"height\":95,\"caption\":\"Green Egg Totaal\"},\"image\":{\"@id\":\"https:\\\/\\\/www.greeneggtotaal.nl\\\/nl\\\/#\\\/schema\\\/logo\\\/image\\\/\"}}]}<\/script>\n<!-- \/ Yoast SEO Premium plugin. -->","yoast_head_json":{"title":"Petromax Gusseisen Grill Pfanne 2 Griffe 30 cm","description":"Die Petromax gusseiserne Grillpfanne 30 cm mit zwei Griffen sorgt f\u00fcr perfekte Grillstreifen und gleichm\u00e4\u00dfige Hitze beim Kochen im Freien.","robots":{"index":"index","follow":"follow","max-snippet":"max-snippet:-1","max-image-preview":"max-image-preview:large","max-video-preview":"max-video-preview:-1"},"canonical":"https:\/\/www.greeneggtotaal.nl\/de\/product\/petromax-gusseisen-grillpfanne-2-griffe-30-cm\/","og_locale":"de_DE","og_type":"article","og_title":"Petromax Gietijzeren Grill Skillet 2 Handvatten 30 cm","og_description":"De Petromax gietijzeren grill skillet 30 cm met twee handvatten zorgt voor perfecte grillstrepen en gelijkmatige warmte bij buitenkoken.","og_url":"https:\/\/www.greeneggtotaal.nl\/de\/product\/petromax-gusseisen-grillpfanne-2-griffe-30-cm\/","og_site_name":"GreenEggTotaal","article_modified_time":"2026-02-25T13:58:28+00:00","og_image":[{"width":500,"height":500,"url":"https:\/\/www.greeneggtotaal.nl\/wp-content\/uploads\/2025\/08\/ontwerp-zonder-titel-2024-04-09t133718.432-1.webp","type":"image\/webp"}],"twitter_card":"summary_large_image","twitter_misc":{"Gesch\u00e4tzte Lesezeit":"3\u00a0Minuten"},"schema":{"@context":"https:\/\/schema.org","@graph":[{"@type":"WebPage","@id":"https:\/\/www.greeneggtotaal.nl\/product\/petromax-gietijzeren-grill-skillet-2-handvatten-30-cm\/","url":"https:\/\/www.greeneggtotaal.nl\/product\/petromax-gietijzeren-grill-skillet-2-handvatten-30-cm\/","name":"Petromax Gusseisen Grill Pfanne 2 Griffe 30 cm","isPartOf":{"@id":"https:\/\/www.greeneggtotaal.nl\/nl\/#website"},"primaryImageOfPage":{"@id":"https:\/\/www.greeneggtotaal.nl\/product\/petromax-gietijzeren-grill-skillet-2-handvatten-30-cm\/#primaryimage"},"image":{"@id":"https:\/\/www.greeneggtotaal.nl\/product\/petromax-gietijzeren-grill-skillet-2-handvatten-30-cm\/#primaryimage"},"thumbnailUrl":"https:\/\/www.greeneggtotaal.nl\/wp-content\/uploads\/2025\/08\/ontwerp-zonder-titel-2024-04-09t133718.432-1.webp","datePublished":"2025-06-16T09:05:10+00:00","dateModified":"2026-02-25T13:58:28+00:00","description":"Die Petromax gusseiserne Grillpfanne 30 cm mit zwei Griffen sorgt f\u00fcr perfekte Grillstreifen und gleichm\u00e4\u00dfige Hitze beim Kochen im Freien.","breadcrumb":{"@id":"https:\/\/www.greeneggtotaal.nl\/product\/petromax-gietijzeren-grill-skillet-2-handvatten-30-cm\/#breadcrumb"},"inLanguage":"de","potentialAction":[{"@type":"ReadAction","target":["https:\/\/www.greeneggtotaal.nl\/product\/petromax-gietijzeren-grill-skillet-2-handvatten-30-cm\/"]}]},{"@type":"ImageObject","inLanguage":"de","@id":"https:\/\/www.greeneggtotaal.nl\/product\/petromax-gietijzeren-grill-skillet-2-handvatten-30-cm\/#primaryimage","url":"https:\/\/www.greeneggtotaal.nl\/wp-content\/uploads\/2025\/08\/ontwerp-zonder-titel-2024-04-09t133718.432-1.webp","contentUrl":"https:\/\/www.greeneggtotaal.nl\/wp-content\/uploads\/2025\/08\/ontwerp-zonder-titel-2024-04-09t133718.432-1.webp","width":500,"height":500,"caption":"Petromax Gietijzeren Grill Skillet 2 Handvatten 30 cm"},{"@type":"BreadcrumbList","@id":"https:\/\/www.greeneggtotaal.nl\/product\/petromax-gietijzeren-grill-skillet-2-handvatten-30-cm\/#breadcrumb","itemListElement":[{"@type":"ListItem","position":1,"name":"Home","item":"https:\/\/www.greeneggtotaal.nl\/"},{"@type":"ListItem","position":2,"name":"Shop","item":"https:\/\/www.greeneggtotaal.nl\/nl\/shop\/"},{"@type":"ListItem","position":3,"name":"Petromax Gietijzeren Grill Skillet 2 Handvatten 30 cm"}]},{"@type":"WebSite","@id":"https:\/\/www.greeneggtotaal.nl\/nl\/#website","url":"https:\/\/www.greeneggtotaal.nl\/nl\/","name":"greeneggtotaal.nl","description":"Der Big Green Egg Spezialist","publisher":{"@id":"https:\/\/www.greeneggtotaal.nl\/nl\/#organization"},"potentialAction":[{"@type":"SearchAction","target":{"@type":"EntryPoint","urlTemplate":"https:\/\/www.greeneggtotaal.nl\/nl\/?s={search_term_string}"},"query-input":{"@type":"PropertyValueSpecification","valueRequired":true,"valueName":"search_term_string"}}],"inLanguage":"de"},{"@type":"Organization","@id":"https:\/\/www.greeneggtotaal.nl\/nl\/#organization","name":"Green Egg Totaal","url":"https:\/\/www.greeneggtotaal.nl\/nl\/","logo":{"@type":"ImageObject","inLanguage":"de","@id":"https:\/\/www.greeneggtotaal.nl\/nl\/#\/schema\/logo\/image\/","url":"https:\/\/www.greeneggtotaal.nl\/wp-content\/uploads\/2025\/06\/Green-Egg-Totaal-Logo.png","contentUrl":"https:\/\/www.greeneggtotaal.nl\/wp-content\/uploads\/2025\/06\/Green-Egg-Totaal-Logo.png","width":225,"height":95,"caption":"Green Egg Totaal"},"image":{"@id":"https:\/\/www.greeneggtotaal.nl\/nl\/#\/schema\/logo\/image\/"}}]}},"_links":{"self":[{"href":"https:\/\/www.greeneggtotaal.nl\/de\/wp-json\/wp\/v2\/product\/5371","targetHints":{"allow":["GET"]}}],"collection":[{"href":"https:\/\/www.greeneggtotaal.nl\/de\/wp-json\/wp\/v2\/product"}],"about":[{"href":"https:\/\/www.greeneggtotaal.nl\/de\/wp-json\/wp\/v2\/types\/product"}],"wp:featuredmedia":[{"embeddable":true,"href":"https:\/\/www.greeneggtotaal.nl\/de\/wp-json\/wp\/v2\/media\/11008"}],"wp:attachment":[{"href":"https:\/\/www.greeneggtotaal.nl\/de\/wp-json\/wp\/v2\/media?parent=5371"}],"wp:term":[{"taxonomy":"product_brand","embeddable":true,"href":"https:\/\/www.greeneggtotaal.nl\/de\/wp-json\/wp\/v2\/product_brand?post=5371"},{"taxonomy":"product_cat","embeddable":true,"href":"https:\/\/www.greeneggtotaal.nl\/de\/wp-json\/wp\/v2\/product_cat?post=5371"},{"taxonomy":"product_tag","embeddable":true,"href":"https:\/\/www.greeneggtotaal.nl\/de\/wp-json\/wp\/v2\/product_tag?post=5371"}],"curies":[{"name":"wp","href":"https:\/\/api.w.org\/{rel}","templated":true}]}}