{"id":5414,"date":"2025-06-16T11:05:19","date_gmt":"2025-06-16T09:05:19","guid":{"rendered":"https:\/\/baselinkweb.nl\/greeneggtotaal\/product\/petromax-gietijzeren-steelpan-st05-05l\/"},"modified":"2026-02-25T14:23:49","modified_gmt":"2026-02-25T13:23:49","slug":"petromax-gusseisen-stielkasserolle-st05-05l","status":"publish","type":"product","link":"https:\/\/www.greeneggtotaal.nl\/de\/product\/petromax-gietijzeren-steelpan-st05-05l\/","title":{"rendered":"Petromax Gusseisen Kochtopf \u201dST0.5\u2032 0.5L"},"content":{"rendered":"<p>Der Petromax-Stielkessel erleichtert die Zubereitung von Mehlschwitze, Br\u00fche oder anderen So\u00dfen in Ihrer Au\u00dfenk\u00fcche. Der Topf eignet sich nicht nur als Saucenpfanne, sondern auch ideal zum Schmoren von Zwiebeln oder zum Erw\u00e4rmen kleiner Portionen. Freuen Sie sich auf einen intensiven Geschmack und echten Charakter, denn dank des Gusseisens erh\u00e4lt jedes Gericht eine besondere Note. Die w\u00e4rmespeichernden Eigenschaften von Gusseisen halten Ihre Sauce lange warm, nachdem sie von der W\u00e4rmequelle genommen wurde. Der Ausgie\u00dfer sorgt daf\u00fcr, dass Sie die So\u00dfe oder Br\u00fche leicht servieren k\u00f6nnen. Der Saucenkochtopf wird behandelt geliefert und ist f\u00fcr alle Herdarten und offenes Feuer geeignet.<\/p>","protected":false},"excerpt":{"rendered":"<p>De Petromax Steelpan maakt het bereiden van roux, bouillon of andere sauzen in je buitenkeuken makkelijker. De steelpan is buiten zijn gebruik als sauspan ook ideaal om gesmoorde uien in te bereiden of om kleine porties in op te warmen. Reken op een intense smaak en echt karakter, want dankzij het gietijzer krijgt elk gerecht [&hellip;]<\/p>\n","protected":false},"featured_media":10685,"template":"","meta":[],"product_brand":[248],"product_cat":[72],"product_tag":[],"class_list":{"0":"post-5414","1":"product","2":"type-product","3":"status-publish","4":"has-post-thumbnail","6":"product_brand-petromax","7":"product_cat-petromax-gietijzer","9":"first","10":"instock","11":"taxable","12":"shipping-taxable","13":"purchasable","14":"product-type-composite"},"yoast_head":"<!-- This site is optimized with the Yoast SEO Premium plugin v27.4 (Yoast SEO v27.4) - https:\/\/yoast.com\/product\/yoast-seo-premium-wordpress\/ -->\n<title>Petromax Gietijzeren Steelpan &#039;&#039;ST0,5&#039; 0,5L<\/title>\n<meta name=\"description\" content=\"Compacte Petromax gietijzeren steelpan van 0,5 liter met perfecte warmteverdeling, ideaal voor buitenkoken, kampvuur en dagelijks gebruik.\" \/>\n<meta name=\"robots\" content=\"index, follow, max-snippet:-1, max-image-preview:large, max-video-preview:-1\" \/>\n<link rel=\"canonical\" href=\"https:\/\/www.greeneggtotaal.nl\/de\/product\/petromax-gusseisen-stielkasserolle-st05-05l\/\" \/>\n<meta property=\"og:locale\" content=\"de_DE\" \/>\n<meta property=\"og:type\" content=\"article\" \/>\n<meta property=\"og:title\" content=\"Petromax Gietijzeren Steelpan &#039;&#039;ST0,5&#039; 0,5L\" \/>\n<meta property=\"og:description\" content=\"Compacte Petromax gietijzeren steelpan van 0,5 liter met perfecte warmteverdeling, ideaal voor buitenkoken, kampvuur en dagelijks gebruik.\" \/>\n<meta property=\"og:url\" content=\"https:\/\/www.greeneggtotaal.nl\/de\/product\/petromax-gusseisen-stielkasserolle-st05-05l\/\" \/>\n<meta property=\"og:site_name\" content=\"GreenEggTotaal\" \/>\n<meta property=\"article:modified_time\" content=\"2026-02-25T13:23:49+00:00\" \/>\n<meta property=\"og:image\" content=\"https:\/\/www.greeneggtotaal.nl\/wp-content\/uploads\/2025\/08\/ontwerp-zonder-titel-2024-04-09t140211.748-1.webp\" \/>\n\t<meta property=\"og:image:width\" content=\"500\" \/>\n\t<meta property=\"og:image:height\" content=\"500\" \/>\n\t<meta property=\"og:image:type\" content=\"image\/webp\" \/>\n<meta name=\"twitter:card\" content=\"summary_large_image\" \/>\n<meta name=\"twitter:label1\" content=\"Gesch\u00e4tzte Lesezeit\" \/>\n\t<meta name=\"twitter:data1\" content=\"1\u00a0Minute\" \/>\n<script type=\"application\/ld+json\" class=\"yoast-schema-graph\">{\"@context\":\"https:\\\/\\\/schema.org\",\"@graph\":[{\"@type\":\"WebPage\",\"@id\":\"https:\\\/\\\/www.greeneggtotaal.nl\\\/product\\\/petromax-gietijzeren-steelpan-st05-05l\\\/\",\"url\":\"https:\\\/\\\/www.greeneggtotaal.nl\\\/product\\\/petromax-gietijzeren-steelpan-st05-05l\\\/\",\"name\":\"Petromax Gietijzeren Steelpan ''ST0,5' 0,5L\",\"isPartOf\":{\"@id\":\"https:\\\/\\\/www.greeneggtotaal.nl\\\/nl\\\/#website\"},\"primaryImageOfPage\":{\"@id\":\"https:\\\/\\\/www.greeneggtotaal.nl\\\/product\\\/petromax-gietijzeren-steelpan-st05-05l\\\/#primaryimage\"},\"image\":{\"@id\":\"https:\\\/\\\/www.greeneggtotaal.nl\\\/product\\\/petromax-gietijzeren-steelpan-st05-05l\\\/#primaryimage\"},\"thumbnailUrl\":\"https:\\\/\\\/www.greeneggtotaal.nl\\\/wp-content\\\/uploads\\\/2025\\\/08\\\/ontwerp-zonder-titel-2024-04-09t140211.748-1.webp\",\"datePublished\":\"2025-06-16T09:05:19+00:00\",\"dateModified\":\"2026-02-25T13:23:49+00:00\",\"description\":\"Compacte Petromax gietijzeren steelpan van 0,5 liter met perfecte warmteverdeling, ideaal voor buitenkoken, kampvuur en dagelijks gebruik.\",\"breadcrumb\":{\"@id\":\"https:\\\/\\\/www.greeneggtotaal.nl\\\/product\\\/petromax-gietijzeren-steelpan-st05-05l\\\/#breadcrumb\"},\"inLanguage\":\"de\",\"potentialAction\":[{\"@type\":\"ReadAction\",\"target\":[\"https:\\\/\\\/www.greeneggtotaal.nl\\\/product\\\/petromax-gietijzeren-steelpan-st05-05l\\\/\"]}]},{\"@type\":\"ImageObject\",\"inLanguage\":\"de\",\"@id\":\"https:\\\/\\\/www.greeneggtotaal.nl\\\/product\\\/petromax-gietijzeren-steelpan-st05-05l\\\/#primaryimage\",\"url\":\"https:\\\/\\\/www.greeneggtotaal.nl\\\/wp-content\\\/uploads\\\/2025\\\/08\\\/ontwerp-zonder-titel-2024-04-09t140211.748-1.webp\",\"contentUrl\":\"https:\\\/\\\/www.greeneggtotaal.nl\\\/wp-content\\\/uploads\\\/2025\\\/08\\\/ontwerp-zonder-titel-2024-04-09t140211.748-1.webp\",\"width\":500,\"height\":500,\"caption\":\"Petromax Gietijzeren Steelpan ''ST0,5' 0,5L\"},{\"@type\":\"BreadcrumbList\",\"@id\":\"https:\\\/\\\/www.greeneggtotaal.nl\\\/product\\\/petromax-gietijzeren-steelpan-st05-05l\\\/#breadcrumb\",\"itemListElement\":[{\"@type\":\"ListItem\",\"position\":1,\"name\":\"Home\",\"item\":\"https:\\\/\\\/www.greeneggtotaal.nl\\\/\"},{\"@type\":\"ListItem\",\"position\":2,\"name\":\"Shop\",\"item\":\"https:\\\/\\\/www.greeneggtotaal.nl\\\/nl\\\/shop\\\/\"},{\"@type\":\"ListItem\",\"position\":3,\"name\":\"Petromax Gietijzeren Steelpan &#8221;ST0,5&#8242; 0,5L\"}]},{\"@type\":\"WebSite\",\"@id\":\"https:\\\/\\\/www.greeneggtotaal.nl\\\/nl\\\/#website\",\"url\":\"https:\\\/\\\/www.greeneggtotaal.nl\\\/nl\\\/\",\"name\":\"greeneggtotaal.nl\",\"description\":\"D\u00e9 Big Green Egg Specialist\",\"publisher\":{\"@id\":\"https:\\\/\\\/www.greeneggtotaal.nl\\\/nl\\\/#organization\"},\"potentialAction\":[{\"@type\":\"SearchAction\",\"target\":{\"@type\":\"EntryPoint\",\"urlTemplate\":\"https:\\\/\\\/www.greeneggtotaal.nl\\\/nl\\\/?s={search_term_string}\"},\"query-input\":{\"@type\":\"PropertyValueSpecification\",\"valueRequired\":true,\"valueName\":\"search_term_string\"}}],\"inLanguage\":\"de\"},{\"@type\":\"Organization\",\"@id\":\"https:\\\/\\\/www.greeneggtotaal.nl\\\/nl\\\/#organization\",\"name\":\"Green Egg Totaal\",\"url\":\"https:\\\/\\\/www.greeneggtotaal.nl\\\/nl\\\/\",\"logo\":{\"@type\":\"ImageObject\",\"inLanguage\":\"de\",\"@id\":\"https:\\\/\\\/www.greeneggtotaal.nl\\\/nl\\\/#\\\/schema\\\/logo\\\/image\\\/\",\"url\":\"https:\\\/\\\/www.greeneggtotaal.nl\\\/wp-content\\\/uploads\\\/2025\\\/06\\\/Green-Egg-Totaal-Logo.png\",\"contentUrl\":\"https:\\\/\\\/www.greeneggtotaal.nl\\\/wp-content\\\/uploads\\\/2025\\\/06\\\/Green-Egg-Totaal-Logo.png\",\"width\":225,\"height\":95,\"caption\":\"Green Egg Totaal\"},\"image\":{\"@id\":\"https:\\\/\\\/www.greeneggtotaal.nl\\\/nl\\\/#\\\/schema\\\/logo\\\/image\\\/\"}}]}<\/script>\n<!-- \/ Yoast SEO Premium plugin. -->","yoast_head_json":{"title":"Petromax Gusseisen-Stielkasserolle 'ST0,5' 0,5 l","description":"Kompakter 0,5-Liter-Topf aus Petromax-Gusseisen mit perfekter W\u00e4rmeverteilung, ideal zum Kochen im Freien, f\u00fcr das Lagerfeuer und den t\u00e4glichen Gebrauch.","robots":{"index":"index","follow":"follow","max-snippet":"max-snippet:-1","max-image-preview":"max-image-preview:large","max-video-preview":"max-video-preview:-1"},"canonical":"https:\/\/www.greeneggtotaal.nl\/de\/product\/petromax-gusseisen-stielkasserolle-st05-05l\/","og_locale":"de_DE","og_type":"article","og_title":"Petromax Gietijzeren Steelpan ''ST0,5' 0,5L","og_description":"Compacte Petromax gietijzeren steelpan van 0,5 liter met perfecte warmteverdeling, ideaal voor buitenkoken, kampvuur en dagelijks gebruik.","og_url":"https:\/\/www.greeneggtotaal.nl\/de\/product\/petromax-gusseisen-stielkasserolle-st05-05l\/","og_site_name":"GreenEggTotaal","article_modified_time":"2026-02-25T13:23:49+00:00","og_image":[{"width":500,"height":500,"url":"https:\/\/www.greeneggtotaal.nl\/wp-content\/uploads\/2025\/08\/ontwerp-zonder-titel-2024-04-09t140211.748-1.webp","type":"image\/webp"}],"twitter_card":"summary_large_image","twitter_misc":{"Gesch\u00e4tzte Lesezeit":"1\u00a0Minute"},"schema":{"@context":"https:\/\/schema.org","@graph":[{"@type":"WebPage","@id":"https:\/\/www.greeneggtotaal.nl\/product\/petromax-gietijzeren-steelpan-st05-05l\/","url":"https:\/\/www.greeneggtotaal.nl\/product\/petromax-gietijzeren-steelpan-st05-05l\/","name":"Petromax Gusseisen-Stielkasserolle 'ST0,5' 0,5 l","isPartOf":{"@id":"https:\/\/www.greeneggtotaal.nl\/nl\/#website"},"primaryImageOfPage":{"@id":"https:\/\/www.greeneggtotaal.nl\/product\/petromax-gietijzeren-steelpan-st05-05l\/#primaryimage"},"image":{"@id":"https:\/\/www.greeneggtotaal.nl\/product\/petromax-gietijzeren-steelpan-st05-05l\/#primaryimage"},"thumbnailUrl":"https:\/\/www.greeneggtotaal.nl\/wp-content\/uploads\/2025\/08\/ontwerp-zonder-titel-2024-04-09t140211.748-1.webp","datePublished":"2025-06-16T09:05:19+00:00","dateModified":"2026-02-25T13:23:49+00:00","description":"Kompakter 0,5-Liter-Topf aus Petromax-Gusseisen mit perfekter W\u00e4rmeverteilung, ideal zum Kochen im Freien, f\u00fcr das Lagerfeuer und den t\u00e4glichen Gebrauch.","breadcrumb":{"@id":"https:\/\/www.greeneggtotaal.nl\/product\/petromax-gietijzeren-steelpan-st05-05l\/#breadcrumb"},"inLanguage":"de","potentialAction":[{"@type":"ReadAction","target":["https:\/\/www.greeneggtotaal.nl\/product\/petromax-gietijzeren-steelpan-st05-05l\/"]}]},{"@type":"ImageObject","inLanguage":"de","@id":"https:\/\/www.greeneggtotaal.nl\/product\/petromax-gietijzeren-steelpan-st05-05l\/#primaryimage","url":"https:\/\/www.greeneggtotaal.nl\/wp-content\/uploads\/2025\/08\/ontwerp-zonder-titel-2024-04-09t140211.748-1.webp","contentUrl":"https:\/\/www.greeneggtotaal.nl\/wp-content\/uploads\/2025\/08\/ontwerp-zonder-titel-2024-04-09t140211.748-1.webp","width":500,"height":500,"caption":"Petromax Gietijzeren Steelpan ''ST0,5' 0,5L"},{"@type":"BreadcrumbList","@id":"https:\/\/www.greeneggtotaal.nl\/product\/petromax-gietijzeren-steelpan-st05-05l\/#breadcrumb","itemListElement":[{"@type":"ListItem","position":1,"name":"Home","item":"https:\/\/www.greeneggtotaal.nl\/"},{"@type":"ListItem","position":2,"name":"Shop","item":"https:\/\/www.greeneggtotaal.nl\/nl\/shop\/"},{"@type":"ListItem","position":3,"name":"Petromax Gietijzeren Steelpan &#8221;ST0,5&#8242; 0,5L"}]},{"@type":"WebSite","@id":"https:\/\/www.greeneggtotaal.nl\/nl\/#website","url":"https:\/\/www.greeneggtotaal.nl\/nl\/","name":"greeneggtotaal.nl","description":"Der Big Green Egg Spezialist","publisher":{"@id":"https:\/\/www.greeneggtotaal.nl\/nl\/#organization"},"potentialAction":[{"@type":"SearchAction","target":{"@type":"EntryPoint","urlTemplate":"https:\/\/www.greeneggtotaal.nl\/nl\/?s={search_term_string}"},"query-input":{"@type":"PropertyValueSpecification","valueRequired":true,"valueName":"search_term_string"}}],"inLanguage":"de"},{"@type":"Organization","@id":"https:\/\/www.greeneggtotaal.nl\/nl\/#organization","name":"Green Egg Totaal","url":"https:\/\/www.greeneggtotaal.nl\/nl\/","logo":{"@type":"ImageObject","inLanguage":"de","@id":"https:\/\/www.greeneggtotaal.nl\/nl\/#\/schema\/logo\/image\/","url":"https:\/\/www.greeneggtotaal.nl\/wp-content\/uploads\/2025\/06\/Green-Egg-Totaal-Logo.png","contentUrl":"https:\/\/www.greeneggtotaal.nl\/wp-content\/uploads\/2025\/06\/Green-Egg-Totaal-Logo.png","width":225,"height":95,"caption":"Green Egg Totaal"},"image":{"@id":"https:\/\/www.greeneggtotaal.nl\/nl\/#\/schema\/logo\/image\/"}}]}},"_links":{"self":[{"href":"https:\/\/www.greeneggtotaal.nl\/de\/wp-json\/wp\/v2\/product\/5414","targetHints":{"allow":["GET"]}}],"collection":[{"href":"https:\/\/www.greeneggtotaal.nl\/de\/wp-json\/wp\/v2\/product"}],"about":[{"href":"https:\/\/www.greeneggtotaal.nl\/de\/wp-json\/wp\/v2\/types\/product"}],"wp:featuredmedia":[{"embeddable":true,"href":"https:\/\/www.greeneggtotaal.nl\/de\/wp-json\/wp\/v2\/media\/10685"}],"wp:attachment":[{"href":"https:\/\/www.greeneggtotaal.nl\/de\/wp-json\/wp\/v2\/media?parent=5414"}],"wp:term":[{"taxonomy":"product_brand","embeddable":true,"href":"https:\/\/www.greeneggtotaal.nl\/de\/wp-json\/wp\/v2\/product_brand?post=5414"},{"taxonomy":"product_cat","embeddable":true,"href":"https:\/\/www.greeneggtotaal.nl\/de\/wp-json\/wp\/v2\/product_cat?post=5414"},{"taxonomy":"product_tag","embeddable":true,"href":"https:\/\/www.greeneggtotaal.nl\/de\/wp-json\/wp\/v2\/product_tag?post=5414"}],"curies":[{"name":"wp","href":"https:\/\/api.w.org\/{rel}","templated":true}]}}