{"id":5418,"date":"2025-06-16T11:05:20","date_gmt":"2025-06-16T09:05:20","guid":{"rendered":"https:\/\/baselinkweb.nl\/greeneggtotaal\/product\/petromax-gietijzeren-tosti-ijzer\/"},"modified":"2026-02-25T11:23:06","modified_gmt":"2026-02-25T10:23:06","slug":"petromax-gusseisen-sandwichtoaster","status":"publish","type":"product","link":"https:\/\/www.greeneggtotaal.nl\/de\/product\/petromax-gietijzeren-tosti-ijzer\/","title":{"rendered":"Petromax Toaster aus Gusseisen"},"content":{"rendered":"<p>Mit dem Petromax-Sandwichtoaster zubereiten Sie die leckersten Sandwiches, die Sie je gegessen haben. Der k\u00f6stliche, w\u00fcrzige Geschmack traditioneller Rezepte. Aber nat\u00fcrlich gibt es auch gen\u00fcgend Spielraum, um verschiedene Zutaten in Ihrem Sandwich zu kombinieren.<\/p>\n<p>Mit dem gusseisernen Sandwichtoaster von Petromax k\u00f6nnen Sie in sicherer Entfernung vom Feuer dennoch ein leckeres Sandwich zubereiten. Mit einer Gesamtl\u00e4nge von 70 cm bleiben Sie n\u00e4mlich in sicherer Entfernung vom Feuer. Die gusseiserne Form kann direkt ins Feuer gelegt werden, bis das Sandwich au\u00dfen knusprig und innen cremig ist.<\/p>\n<p>Das Sandwichtoaster ist leicht zu reinigen, da beide Seiten der Sandwichform voneinander getrennt werden k\u00f6nnen. Anschlie\u00dfend k\u00f6nnen Sie das Ger\u00e4t mit einem Petromax-Schaber leicht reinigen und dann wieder ordentlich und sauber verstauen.<\/p>\n<p>\u00dcber Gusseisen.<br \/>\nGusseisen ist eine Art von Gussstahl, der W\u00e4rme gut absorbiert und speichert und sehr hohen Temperaturen standh\u00e4lt. Daher kann Gusseisen f\u00fcr viel mehr Zwecke verwendet werden als Stahl oder Schmiedeeisen. Eine versiegelte Gusseisenpfanne kann zum Beispiel als Backofen zum Brotbacken verwendet werden, eignet sich aber auch hervorragend als Kasserolle.<\/p>\n<p>Gusseisenprodukte sind seit langem als nachhaltige Produkte bekannt, da sie 100% recycelbar sind und ein Leben lang halten, sofern man sie pfleglich behandelt. Daher werden Gusseisenprodukte traditionell von Generation zu Generation weitergegeben. Gusseisen erfordert zwar eine gute Pflege, aber das ist weniger, als Sie denken. Reinigen Sie Ihr Gusseisenprodukt nach dem Gebrauch gut mit warmem Wasser und einer Sp\u00fclb\u00fcrste. Trocknen Sie Ihr Produkt gut mit einem Geschirrtuch ab und bewahren Sie es ordentlich auf.<\/p>\n<p>Alle gusseisernen Produkte von Petromax werden mehrfach vorbehandelt, was auch als \"W\u00fcrzen\" bezeichnet wird. Dadurch entsteht eine Art nat\u00fcrliche Antihaftbeschichtung, die in vielen F\u00e4llen Rost verhindert. Sollte Ihr Produkt einmal rosten, ist das kein Problem. Schrubben Sie es einfach mit einer Drahtb\u00fcrste ab, sp\u00fclen Sie es ab und behandeln Sie es erneut mit Petromax Pflegewachs.<\/p>","protected":false},"excerpt":{"rendered":"<p>Met de Petromax Tosti ijzer maak jij de allerlekkerste tosti\u2019s die je ooit hebt geproefd. De heerlijke vurige smaak aan traditionele recepten. Maar er is natuurlijk ook genoeg ruimte om te combineren met verschillende ingredi\u00ebnten in je tosti. Met de gietijzeren tosti-ijzer van Petromax bak je op veilige afstand van het vuur toch een heerlijke [&hellip;]<\/p>\n","protected":false},"featured_media":10687,"template":"","meta":[],"product_brand":[248],"product_cat":[72],"product_tag":[],"class_list":{"0":"post-5418","1":"product","2":"type-product","3":"status-publish","4":"has-post-thumbnail","6":"product_brand-petromax","7":"product_cat-petromax-gietijzer","9":"first","10":"instock","11":"taxable","12":"shipping-taxable","13":"purchasable","14":"product-type-composite"},"yoast_head":"<!-- This site is optimized with the Yoast SEO Premium plugin v27.4 (Yoast SEO v27.4) - https:\/\/yoast.com\/product\/yoast-seo-premium-wordpress\/ -->\n<title>Petromax Gietijzeren Tostijzer.<\/title>\n<meta name=\"description\" content=\"Robuust Petromax gietijzeren tostijzer voor perfect geroosterde tosti\u2019s op open vuur, BBQ of Atago. Duurzaam, stevig en gebruiksvriendelijk.\" \/>\n<meta name=\"robots\" content=\"index, follow, max-snippet:-1, max-image-preview:large, max-video-preview:-1\" \/>\n<link rel=\"canonical\" href=\"https:\/\/www.greeneggtotaal.nl\/de\/product\/petromax-gusseisen-sandwichtoaster\/\" \/>\n<meta property=\"og:locale\" content=\"de_DE\" \/>\n<meta property=\"og:type\" content=\"article\" \/>\n<meta property=\"og:title\" content=\"Petromax Gietijzeren Tostijzer\" \/>\n<meta property=\"og:description\" content=\"Robuust Petromax gietijzeren tostijzer voor perfect geroosterde tosti\u2019s op open vuur, BBQ of Atago. Duurzaam, stevig en gebruiksvriendelijk.\" \/>\n<meta property=\"og:url\" content=\"https:\/\/www.greeneggtotaal.nl\/de\/product\/petromax-gusseisen-sandwichtoaster\/\" \/>\n<meta property=\"og:site_name\" content=\"GreenEggTotaal\" \/>\n<meta property=\"article:modified_time\" content=\"2026-02-25T10:23:06+00:00\" \/>\n<meta property=\"og:image\" content=\"https:\/\/www.greeneggtotaal.nl\/wp-content\/uploads\/2025\/08\/ontwerp-zonder-titel-2024-04-09t140348.477-1.webp\" \/>\n\t<meta property=\"og:image:width\" content=\"500\" \/>\n\t<meta property=\"og:image:height\" content=\"500\" \/>\n\t<meta property=\"og:image:type\" content=\"image\/webp\" \/>\n<meta name=\"twitter:card\" content=\"summary_large_image\" \/>\n<meta name=\"twitter:label1\" content=\"Gesch\u00e4tzte Lesezeit\" \/>\n\t<meta name=\"twitter:data1\" content=\"2\u00a0Minuten\" \/>\n<script type=\"application\/ld+json\" class=\"yoast-schema-graph\">{\"@context\":\"https:\\\/\\\/schema.org\",\"@graph\":[{\"@type\":\"WebPage\",\"@id\":\"https:\\\/\\\/www.greeneggtotaal.nl\\\/product\\\/petromax-gietijzeren-tosti-ijzer\\\/\",\"url\":\"https:\\\/\\\/www.greeneggtotaal.nl\\\/product\\\/petromax-gietijzeren-tosti-ijzer\\\/\",\"name\":\"Petromax Gietijzeren Tostijzer.\",\"isPartOf\":{\"@id\":\"https:\\\/\\\/www.greeneggtotaal.nl\\\/nl\\\/#website\"},\"primaryImageOfPage\":{\"@id\":\"https:\\\/\\\/www.greeneggtotaal.nl\\\/product\\\/petromax-gietijzeren-tosti-ijzer\\\/#primaryimage\"},\"image\":{\"@id\":\"https:\\\/\\\/www.greeneggtotaal.nl\\\/product\\\/petromax-gietijzeren-tosti-ijzer\\\/#primaryimage\"},\"thumbnailUrl\":\"https:\\\/\\\/www.greeneggtotaal.nl\\\/wp-content\\\/uploads\\\/2025\\\/08\\\/ontwerp-zonder-titel-2024-04-09t140348.477-1.webp\",\"datePublished\":\"2025-06-16T09:05:20+00:00\",\"dateModified\":\"2026-02-25T10:23:06+00:00\",\"description\":\"Robuust Petromax gietijzeren tostijzer voor perfect geroosterde tosti\u2019s op open vuur, BBQ of Atago. Duurzaam, stevig en gebruiksvriendelijk.\",\"breadcrumb\":{\"@id\":\"https:\\\/\\\/www.greeneggtotaal.nl\\\/product\\\/petromax-gietijzeren-tosti-ijzer\\\/#breadcrumb\"},\"inLanguage\":\"de\",\"potentialAction\":[{\"@type\":\"ReadAction\",\"target\":[\"https:\\\/\\\/www.greeneggtotaal.nl\\\/product\\\/petromax-gietijzeren-tosti-ijzer\\\/\"]}]},{\"@type\":\"ImageObject\",\"inLanguage\":\"de\",\"@id\":\"https:\\\/\\\/www.greeneggtotaal.nl\\\/product\\\/petromax-gietijzeren-tosti-ijzer\\\/#primaryimage\",\"url\":\"https:\\\/\\\/www.greeneggtotaal.nl\\\/wp-content\\\/uploads\\\/2025\\\/08\\\/ontwerp-zonder-titel-2024-04-09t140348.477-1.webp\",\"contentUrl\":\"https:\\\/\\\/www.greeneggtotaal.nl\\\/wp-content\\\/uploads\\\/2025\\\/08\\\/ontwerp-zonder-titel-2024-04-09t140348.477-1.webp\",\"width\":500,\"height\":500,\"caption\":\"Petromax Gietijzeren Tostijzer\"},{\"@type\":\"BreadcrumbList\",\"@id\":\"https:\\\/\\\/www.greeneggtotaal.nl\\\/product\\\/petromax-gietijzeren-tosti-ijzer\\\/#breadcrumb\",\"itemListElement\":[{\"@type\":\"ListItem\",\"position\":1,\"name\":\"Home\",\"item\":\"https:\\\/\\\/www.greeneggtotaal.nl\\\/\"},{\"@type\":\"ListItem\",\"position\":2,\"name\":\"Shop\",\"item\":\"https:\\\/\\\/www.greeneggtotaal.nl\\\/nl\\\/shop\\\/\"},{\"@type\":\"ListItem\",\"position\":3,\"name\":\"Petromax Gietijzeren Tostijzer\"}]},{\"@type\":\"WebSite\",\"@id\":\"https:\\\/\\\/www.greeneggtotaal.nl\\\/nl\\\/#website\",\"url\":\"https:\\\/\\\/www.greeneggtotaal.nl\\\/nl\\\/\",\"name\":\"greeneggtotaal.nl\",\"description\":\"D\u00e9 Big Green Egg Specialist\",\"publisher\":{\"@id\":\"https:\\\/\\\/www.greeneggtotaal.nl\\\/nl\\\/#organization\"},\"potentialAction\":[{\"@type\":\"SearchAction\",\"target\":{\"@type\":\"EntryPoint\",\"urlTemplate\":\"https:\\\/\\\/www.greeneggtotaal.nl\\\/nl\\\/?s={search_term_string}\"},\"query-input\":{\"@type\":\"PropertyValueSpecification\",\"valueRequired\":true,\"valueName\":\"search_term_string\"}}],\"inLanguage\":\"de\"},{\"@type\":\"Organization\",\"@id\":\"https:\\\/\\\/www.greeneggtotaal.nl\\\/nl\\\/#organization\",\"name\":\"Green Egg Totaal\",\"url\":\"https:\\\/\\\/www.greeneggtotaal.nl\\\/nl\\\/\",\"logo\":{\"@type\":\"ImageObject\",\"inLanguage\":\"de\",\"@id\":\"https:\\\/\\\/www.greeneggtotaal.nl\\\/nl\\\/#\\\/schema\\\/logo\\\/image\\\/\",\"url\":\"https:\\\/\\\/www.greeneggtotaal.nl\\\/wp-content\\\/uploads\\\/2025\\\/06\\\/Green-Egg-Totaal-Logo.png\",\"contentUrl\":\"https:\\\/\\\/www.greeneggtotaal.nl\\\/wp-content\\\/uploads\\\/2025\\\/06\\\/Green-Egg-Totaal-Logo.png\",\"width\":225,\"height\":95,\"caption\":\"Green Egg Totaal\"},\"image\":{\"@id\":\"https:\\\/\\\/www.greeneggtotaal.nl\\\/nl\\\/#\\\/schema\\\/logo\\\/image\\\/\"}}]}<\/script>\n<!-- \/ Yoast SEO Premium plugin. -->","yoast_head_json":{"title":"Petromax Toaster aus Gusseisen.","description":"Robuster Petromax Gusseisen-Toaster f\u00fcr perfekt getoastete Sandwiches auf offenem Feuer, Grill oder Atago. Langlebig, robust und benutzerfreundlich.","robots":{"index":"index","follow":"follow","max-snippet":"max-snippet:-1","max-image-preview":"max-image-preview:large","max-video-preview":"max-video-preview:-1"},"canonical":"https:\/\/www.greeneggtotaal.nl\/de\/product\/petromax-gusseisen-sandwichtoaster\/","og_locale":"de_DE","og_type":"article","og_title":"Petromax Gietijzeren Tostijzer","og_description":"Robuust Petromax gietijzeren tostijzer voor perfect geroosterde tosti\u2019s op open vuur, BBQ of Atago. Duurzaam, stevig en gebruiksvriendelijk.","og_url":"https:\/\/www.greeneggtotaal.nl\/de\/product\/petromax-gusseisen-sandwichtoaster\/","og_site_name":"GreenEggTotaal","article_modified_time":"2026-02-25T10:23:06+00:00","og_image":[{"width":500,"height":500,"url":"https:\/\/www.greeneggtotaal.nl\/wp-content\/uploads\/2025\/08\/ontwerp-zonder-titel-2024-04-09t140348.477-1.webp","type":"image\/webp"}],"twitter_card":"summary_large_image","twitter_misc":{"Gesch\u00e4tzte Lesezeit":"2\u00a0Minuten"},"schema":{"@context":"https:\/\/schema.org","@graph":[{"@type":"WebPage","@id":"https:\/\/www.greeneggtotaal.nl\/product\/petromax-gietijzeren-tosti-ijzer\/","url":"https:\/\/www.greeneggtotaal.nl\/product\/petromax-gietijzeren-tosti-ijzer\/","name":"Petromax Toaster aus Gusseisen.","isPartOf":{"@id":"https:\/\/www.greeneggtotaal.nl\/nl\/#website"},"primaryImageOfPage":{"@id":"https:\/\/www.greeneggtotaal.nl\/product\/petromax-gietijzeren-tosti-ijzer\/#primaryimage"},"image":{"@id":"https:\/\/www.greeneggtotaal.nl\/product\/petromax-gietijzeren-tosti-ijzer\/#primaryimage"},"thumbnailUrl":"https:\/\/www.greeneggtotaal.nl\/wp-content\/uploads\/2025\/08\/ontwerp-zonder-titel-2024-04-09t140348.477-1.webp","datePublished":"2025-06-16T09:05:20+00:00","dateModified":"2026-02-25T10:23:06+00:00","description":"Robuster Petromax Gusseisen-Toaster f\u00fcr perfekt getoastete Sandwiches auf offenem Feuer, Grill oder Atago. Langlebig, robust und benutzerfreundlich.","breadcrumb":{"@id":"https:\/\/www.greeneggtotaal.nl\/product\/petromax-gietijzeren-tosti-ijzer\/#breadcrumb"},"inLanguage":"de","potentialAction":[{"@type":"ReadAction","target":["https:\/\/www.greeneggtotaal.nl\/product\/petromax-gietijzeren-tosti-ijzer\/"]}]},{"@type":"ImageObject","inLanguage":"de","@id":"https:\/\/www.greeneggtotaal.nl\/product\/petromax-gietijzeren-tosti-ijzer\/#primaryimage","url":"https:\/\/www.greeneggtotaal.nl\/wp-content\/uploads\/2025\/08\/ontwerp-zonder-titel-2024-04-09t140348.477-1.webp","contentUrl":"https:\/\/www.greeneggtotaal.nl\/wp-content\/uploads\/2025\/08\/ontwerp-zonder-titel-2024-04-09t140348.477-1.webp","width":500,"height":500,"caption":"Petromax Gietijzeren Tostijzer"},{"@type":"BreadcrumbList","@id":"https:\/\/www.greeneggtotaal.nl\/product\/petromax-gietijzeren-tosti-ijzer\/#breadcrumb","itemListElement":[{"@type":"ListItem","position":1,"name":"Home","item":"https:\/\/www.greeneggtotaal.nl\/"},{"@type":"ListItem","position":2,"name":"Shop","item":"https:\/\/www.greeneggtotaal.nl\/nl\/shop\/"},{"@type":"ListItem","position":3,"name":"Petromax Gietijzeren Tostijzer"}]},{"@type":"WebSite","@id":"https:\/\/www.greeneggtotaal.nl\/nl\/#website","url":"https:\/\/www.greeneggtotaal.nl\/nl\/","name":"greeneggtotaal.nl","description":"Der Big Green Egg Spezialist","publisher":{"@id":"https:\/\/www.greeneggtotaal.nl\/nl\/#organization"},"potentialAction":[{"@type":"SearchAction","target":{"@type":"EntryPoint","urlTemplate":"https:\/\/www.greeneggtotaal.nl\/nl\/?s={search_term_string}"},"query-input":{"@type":"PropertyValueSpecification","valueRequired":true,"valueName":"search_term_string"}}],"inLanguage":"de"},{"@type":"Organization","@id":"https:\/\/www.greeneggtotaal.nl\/nl\/#organization","name":"Green Egg Totaal","url":"https:\/\/www.greeneggtotaal.nl\/nl\/","logo":{"@type":"ImageObject","inLanguage":"de","@id":"https:\/\/www.greeneggtotaal.nl\/nl\/#\/schema\/logo\/image\/","url":"https:\/\/www.greeneggtotaal.nl\/wp-content\/uploads\/2025\/06\/Green-Egg-Totaal-Logo.png","contentUrl":"https:\/\/www.greeneggtotaal.nl\/wp-content\/uploads\/2025\/06\/Green-Egg-Totaal-Logo.png","width":225,"height":95,"caption":"Green Egg Totaal"},"image":{"@id":"https:\/\/www.greeneggtotaal.nl\/nl\/#\/schema\/logo\/image\/"}}]}},"_links":{"self":[{"href":"https:\/\/www.greeneggtotaal.nl\/de\/wp-json\/wp\/v2\/product\/5418","targetHints":{"allow":["GET"]}}],"collection":[{"href":"https:\/\/www.greeneggtotaal.nl\/de\/wp-json\/wp\/v2\/product"}],"about":[{"href":"https:\/\/www.greeneggtotaal.nl\/de\/wp-json\/wp\/v2\/types\/product"}],"wp:featuredmedia":[{"embeddable":true,"href":"https:\/\/www.greeneggtotaal.nl\/de\/wp-json\/wp\/v2\/media\/10687"}],"wp:attachment":[{"href":"https:\/\/www.greeneggtotaal.nl\/de\/wp-json\/wp\/v2\/media?parent=5418"}],"wp:term":[{"taxonomy":"product_brand","embeddable":true,"href":"https:\/\/www.greeneggtotaal.nl\/de\/wp-json\/wp\/v2\/product_brand?post=5418"},{"taxonomy":"product_cat","embeddable":true,"href":"https:\/\/www.greeneggtotaal.nl\/de\/wp-json\/wp\/v2\/product_cat?post=5418"},{"taxonomy":"product_tag","embeddable":true,"href":"https:\/\/www.greeneggtotaal.nl\/de\/wp-json\/wp\/v2\/product_tag?post=5418"}],"curies":[{"name":"wp","href":"https:\/\/api.w.org\/{rel}","templated":true}]}}