{"id":5473,"date":"2025-06-16T11:05:34","date_gmt":"2025-06-16T09:05:34","guid":{"rendered":"https:\/\/baselinkweb.nl\/greeneggtotaal\/product\/victoria-gietijzeren-fajita-skillet-265-cm\/"},"modified":"2026-02-10T09:01:23","modified_gmt":"2026-02-10T08:01:23","slug":"victoria-gusseisen-fajita-pfanne-265-cm","status":"publish","type":"product","link":"https:\/\/www.greeneggtotaal.nl\/de\/product\/victoria-gietijzeren-fajita-skillet-265-cm\/","title":{"rendered":"Victoria Gusseisen Fajita Bratpfanne 26,5 cm"},"content":{"rendered":"<p>Die gusseiserne Fajita-Pfanne Victoria (26,5 cm) ist ideal zum Servieren und Zubereiten von brutzelnden Fajitas, Taco-F\u00fcllungen, Gem\u00fcse und Fleisch. Das Gusseisen heizt schnell und gleichm\u00e4\u00dfig auf und speichert die Hitze lange, damit Ihre Gerichte hei\u00df und schmackhaft auf den Tisch kommen.<\/p>\n<p>Die ovale Form bietet ausreichend Platz f\u00fcr mehrere Zutaten, w\u00e4hrend die robuste Konstruktion f\u00fcr perfektes Anbraten und vollen Geschmack sorgt. Geeignet f\u00fcr BBQ, Herd, Ofen und Induktion. Eine langlebige, vielseitige Pfanne, die f\u00fcr Tex-Mex-Liebhaber und den t\u00e4glichen Gebrauch unverzichtbar ist.<\/p>","protected":false},"excerpt":{"rendered":"<p>De Victoria gietijzeren fajita\u2011skillet van 26,5 cm is ideaal voor het serveren en bereiden van sissende fajita\u2019s, taco\u2011vullingen, groenten en vlees. Het gietijzer warmt snel en gelijkmatig op en houdt de warmte lang vast, waardoor je gerechten heet en smaakvol op tafel komen. De ovale vorm biedt voldoende ruimte voor meerdere ingredi\u00ebnten, terwijl de stevige [&hellip;]<\/p>\n","protected":false},"featured_media":10724,"template":"","meta":[],"product_brand":[267],"product_cat":[74],"product_tag":[],"class_list":{"0":"post-5473","1":"product","2":"type-product","3":"status-publish","4":"has-post-thumbnail","6":"product_brand-victoria","7":"product_cat-victoria-gietijzer","9":"first","10":"instock","11":"sale","12":"taxable","13":"shipping-taxable","14":"purchasable","15":"product-type-simple"},"yoast_head":"<!-- This site is optimized with the Yoast SEO Premium plugin v27.4 (Yoast SEO v27.4) - https:\/\/yoast.com\/product\/yoast-seo-premium-wordpress\/ -->\n<title>Victoria Gietijzeren Fajita Skillet 26,5 cm<\/title>\n<meta name=\"description\" content=\"Victoria gietijzeren fajita\u2011skillet 26,5 cm voor sissende fajita\u2019s en Tex\u2011Mex gerechten, geschikt voor BBQ, oven en fornuis, duurzaam en veelzijdig.\" \/>\n<meta name=\"robots\" content=\"index, follow, max-snippet:-1, max-image-preview:large, max-video-preview:-1\" \/>\n<link rel=\"canonical\" href=\"https:\/\/www.greeneggtotaal.nl\/de\/product\/victoria-gusseisen-fajita-pfanne-265-cm\/\" \/>\n<meta property=\"og:locale\" content=\"de_DE\" \/>\n<meta property=\"og:type\" content=\"article\" \/>\n<meta property=\"og:title\" content=\"Victoria Gietijzeren Fajita Skillet 26,5 cm\" \/>\n<meta property=\"og:description\" content=\"Victoria gietijzeren fajita\u2011skillet 26,5 cm voor sissende fajita\u2019s en Tex\u2011Mex gerechten, geschikt voor BBQ, oven en fornuis, duurzaam en veelzijdig.\" \/>\n<meta property=\"og:url\" content=\"https:\/\/www.greeneggtotaal.nl\/de\/product\/victoria-gusseisen-fajita-pfanne-265-cm\/\" \/>\n<meta property=\"og:site_name\" content=\"GreenEggTotaal\" \/>\n<meta property=\"article:modified_time\" content=\"2026-02-10T08:01:23+00:00\" \/>\n<meta property=\"og:image\" content=\"https:\/\/www.greeneggtotaal.nl\/wp-content\/uploads\/2025\/08\/1-5-7.webp\" \/>\n\t<meta property=\"og:image:width\" content=\"500\" \/>\n\t<meta property=\"og:image:height\" content=\"500\" \/>\n\t<meta property=\"og:image:type\" content=\"image\/webp\" \/>\n<meta name=\"twitter:card\" content=\"summary_large_image\" \/>\n<meta name=\"twitter:label1\" content=\"Gesch\u00e4tzte Lesezeit\" \/>\n\t<meta name=\"twitter:data1\" content=\"1\u00a0Minute\" \/>\n<script type=\"application\/ld+json\" class=\"yoast-schema-graph\">{\"@context\":\"https:\\\/\\\/schema.org\",\"@graph\":[{\"@type\":\"WebPage\",\"@id\":\"https:\\\/\\\/www.greeneggtotaal.nl\\\/product\\\/victoria-gietijzeren-fajita-skillet-265-cm\\\/\",\"url\":\"https:\\\/\\\/www.greeneggtotaal.nl\\\/product\\\/victoria-gietijzeren-fajita-skillet-265-cm\\\/\",\"name\":\"Victoria Gietijzeren Fajita Skillet 26,5 cm\",\"isPartOf\":{\"@id\":\"https:\\\/\\\/www.greeneggtotaal.nl\\\/nl\\\/#website\"},\"primaryImageOfPage\":{\"@id\":\"https:\\\/\\\/www.greeneggtotaal.nl\\\/product\\\/victoria-gietijzeren-fajita-skillet-265-cm\\\/#primaryimage\"},\"image\":{\"@id\":\"https:\\\/\\\/www.greeneggtotaal.nl\\\/product\\\/victoria-gietijzeren-fajita-skillet-265-cm\\\/#primaryimage\"},\"thumbnailUrl\":\"https:\\\/\\\/www.greeneggtotaal.nl\\\/wp-content\\\/uploads\\\/2025\\\/08\\\/1-5-7.webp\",\"datePublished\":\"2025-06-16T09:05:34+00:00\",\"dateModified\":\"2026-02-10T08:01:23+00:00\",\"description\":\"Victoria gietijzeren fajita\u2011skillet 26,5 cm voor sissende fajita\u2019s en Tex\u2011Mex gerechten, geschikt voor BBQ, oven en fornuis, duurzaam en veelzijdig.\",\"breadcrumb\":{\"@id\":\"https:\\\/\\\/www.greeneggtotaal.nl\\\/product\\\/victoria-gietijzeren-fajita-skillet-265-cm\\\/#breadcrumb\"},\"inLanguage\":\"de\",\"potentialAction\":[{\"@type\":\"ReadAction\",\"target\":[\"https:\\\/\\\/www.greeneggtotaal.nl\\\/product\\\/victoria-gietijzeren-fajita-skillet-265-cm\\\/\"]}]},{\"@type\":\"ImageObject\",\"inLanguage\":\"de\",\"@id\":\"https:\\\/\\\/www.greeneggtotaal.nl\\\/product\\\/victoria-gietijzeren-fajita-skillet-265-cm\\\/#primaryimage\",\"url\":\"https:\\\/\\\/www.greeneggtotaal.nl\\\/wp-content\\\/uploads\\\/2025\\\/08\\\/1-5-7.webp\",\"contentUrl\":\"https:\\\/\\\/www.greeneggtotaal.nl\\\/wp-content\\\/uploads\\\/2025\\\/08\\\/1-5-7.webp\",\"width\":500,\"height\":500,\"caption\":\"Victoria Gietijzeren Fajita Skillet 26,5 cm\"},{\"@type\":\"BreadcrumbList\",\"@id\":\"https:\\\/\\\/www.greeneggtotaal.nl\\\/product\\\/victoria-gietijzeren-fajita-skillet-265-cm\\\/#breadcrumb\",\"itemListElement\":[{\"@type\":\"ListItem\",\"position\":1,\"name\":\"Home\",\"item\":\"https:\\\/\\\/www.greeneggtotaal.nl\\\/\"},{\"@type\":\"ListItem\",\"position\":2,\"name\":\"Shop\",\"item\":\"https:\\\/\\\/www.greeneggtotaal.nl\\\/nl\\\/shop\\\/\"},{\"@type\":\"ListItem\",\"position\":3,\"name\":\"Victoria Gietijzeren Fajita Skillet 26,5 cm\"}]},{\"@type\":\"WebSite\",\"@id\":\"https:\\\/\\\/www.greeneggtotaal.nl\\\/nl\\\/#website\",\"url\":\"https:\\\/\\\/www.greeneggtotaal.nl\\\/nl\\\/\",\"name\":\"greeneggtotaal.nl\",\"description\":\"D\u00e9 Big Green Egg Specialist\",\"publisher\":{\"@id\":\"https:\\\/\\\/www.greeneggtotaal.nl\\\/nl\\\/#organization\"},\"potentialAction\":[{\"@type\":\"SearchAction\",\"target\":{\"@type\":\"EntryPoint\",\"urlTemplate\":\"https:\\\/\\\/www.greeneggtotaal.nl\\\/nl\\\/?s={search_term_string}\"},\"query-input\":{\"@type\":\"PropertyValueSpecification\",\"valueRequired\":true,\"valueName\":\"search_term_string\"}}],\"inLanguage\":\"de\"},{\"@type\":\"Organization\",\"@id\":\"https:\\\/\\\/www.greeneggtotaal.nl\\\/nl\\\/#organization\",\"name\":\"Green Egg Totaal\",\"url\":\"https:\\\/\\\/www.greeneggtotaal.nl\\\/nl\\\/\",\"logo\":{\"@type\":\"ImageObject\",\"inLanguage\":\"de\",\"@id\":\"https:\\\/\\\/www.greeneggtotaal.nl\\\/nl\\\/#\\\/schema\\\/logo\\\/image\\\/\",\"url\":\"https:\\\/\\\/www.greeneggtotaal.nl\\\/wp-content\\\/uploads\\\/2025\\\/06\\\/Green-Egg-Totaal-Logo.png\",\"contentUrl\":\"https:\\\/\\\/www.greeneggtotaal.nl\\\/wp-content\\\/uploads\\\/2025\\\/06\\\/Green-Egg-Totaal-Logo.png\",\"width\":225,\"height\":95,\"caption\":\"Green Egg Totaal\"},\"image\":{\"@id\":\"https:\\\/\\\/www.greeneggtotaal.nl\\\/nl\\\/#\\\/schema\\\/logo\\\/image\\\/\"}}]}<\/script>\n<!-- \/ Yoast SEO Premium plugin. -->","yoast_head_json":{"title":"Victoria Gusseisen Fajita Bratpfanne 26,5 cm","description":"Victoria gusseiserne Fajita-Pfanne 26,5 cm zum Brutzeln von Fajitas und Tex-Mex-Gerichten, geeignet f\u00fcr Grill, Ofen und Herd, langlebig und vielseitig.","robots":{"index":"index","follow":"follow","max-snippet":"max-snippet:-1","max-image-preview":"max-image-preview:large","max-video-preview":"max-video-preview:-1"},"canonical":"https:\/\/www.greeneggtotaal.nl\/de\/product\/victoria-gusseisen-fajita-pfanne-265-cm\/","og_locale":"de_DE","og_type":"article","og_title":"Victoria Gietijzeren Fajita Skillet 26,5 cm","og_description":"Victoria gietijzeren fajita\u2011skillet 26,5 cm voor sissende fajita\u2019s en Tex\u2011Mex gerechten, geschikt voor BBQ, oven en fornuis, duurzaam en veelzijdig.","og_url":"https:\/\/www.greeneggtotaal.nl\/de\/product\/victoria-gusseisen-fajita-pfanne-265-cm\/","og_site_name":"GreenEggTotaal","article_modified_time":"2026-02-10T08:01:23+00:00","og_image":[{"width":500,"height":500,"url":"https:\/\/www.greeneggtotaal.nl\/wp-content\/uploads\/2025\/08\/1-5-7.webp","type":"image\/webp"}],"twitter_card":"summary_large_image","twitter_misc":{"Gesch\u00e4tzte Lesezeit":"1\u00a0Minute"},"schema":{"@context":"https:\/\/schema.org","@graph":[{"@type":"WebPage","@id":"https:\/\/www.greeneggtotaal.nl\/product\/victoria-gietijzeren-fajita-skillet-265-cm\/","url":"https:\/\/www.greeneggtotaal.nl\/product\/victoria-gietijzeren-fajita-skillet-265-cm\/","name":"Victoria Gusseisen Fajita Bratpfanne 26,5 cm","isPartOf":{"@id":"https:\/\/www.greeneggtotaal.nl\/nl\/#website"},"primaryImageOfPage":{"@id":"https:\/\/www.greeneggtotaal.nl\/product\/victoria-gietijzeren-fajita-skillet-265-cm\/#primaryimage"},"image":{"@id":"https:\/\/www.greeneggtotaal.nl\/product\/victoria-gietijzeren-fajita-skillet-265-cm\/#primaryimage"},"thumbnailUrl":"https:\/\/www.greeneggtotaal.nl\/wp-content\/uploads\/2025\/08\/1-5-7.webp","datePublished":"2025-06-16T09:05:34+00:00","dateModified":"2026-02-10T08:01:23+00:00","description":"Victoria gusseiserne Fajita-Pfanne 26,5 cm zum Brutzeln von Fajitas und Tex-Mex-Gerichten, geeignet f\u00fcr Grill, Ofen und Herd, langlebig und vielseitig.","breadcrumb":{"@id":"https:\/\/www.greeneggtotaal.nl\/product\/victoria-gietijzeren-fajita-skillet-265-cm\/#breadcrumb"},"inLanguage":"de","potentialAction":[{"@type":"ReadAction","target":["https:\/\/www.greeneggtotaal.nl\/product\/victoria-gietijzeren-fajita-skillet-265-cm\/"]}]},{"@type":"ImageObject","inLanguage":"de","@id":"https:\/\/www.greeneggtotaal.nl\/product\/victoria-gietijzeren-fajita-skillet-265-cm\/#primaryimage","url":"https:\/\/www.greeneggtotaal.nl\/wp-content\/uploads\/2025\/08\/1-5-7.webp","contentUrl":"https:\/\/www.greeneggtotaal.nl\/wp-content\/uploads\/2025\/08\/1-5-7.webp","width":500,"height":500,"caption":"Victoria Gietijzeren Fajita Skillet 26,5 cm"},{"@type":"BreadcrumbList","@id":"https:\/\/www.greeneggtotaal.nl\/product\/victoria-gietijzeren-fajita-skillet-265-cm\/#breadcrumb","itemListElement":[{"@type":"ListItem","position":1,"name":"Home","item":"https:\/\/www.greeneggtotaal.nl\/"},{"@type":"ListItem","position":2,"name":"Shop","item":"https:\/\/www.greeneggtotaal.nl\/nl\/shop\/"},{"@type":"ListItem","position":3,"name":"Victoria Gietijzeren Fajita Skillet 26,5 cm"}]},{"@type":"WebSite","@id":"https:\/\/www.greeneggtotaal.nl\/nl\/#website","url":"https:\/\/www.greeneggtotaal.nl\/nl\/","name":"greeneggtotaal.nl","description":"Der Big Green Egg Spezialist","publisher":{"@id":"https:\/\/www.greeneggtotaal.nl\/nl\/#organization"},"potentialAction":[{"@type":"SearchAction","target":{"@type":"EntryPoint","urlTemplate":"https:\/\/www.greeneggtotaal.nl\/nl\/?s={search_term_string}"},"query-input":{"@type":"PropertyValueSpecification","valueRequired":true,"valueName":"search_term_string"}}],"inLanguage":"de"},{"@type":"Organization","@id":"https:\/\/www.greeneggtotaal.nl\/nl\/#organization","name":"Green Egg Totaal","url":"https:\/\/www.greeneggtotaal.nl\/nl\/","logo":{"@type":"ImageObject","inLanguage":"de","@id":"https:\/\/www.greeneggtotaal.nl\/nl\/#\/schema\/logo\/image\/","url":"https:\/\/www.greeneggtotaal.nl\/wp-content\/uploads\/2025\/06\/Green-Egg-Totaal-Logo.png","contentUrl":"https:\/\/www.greeneggtotaal.nl\/wp-content\/uploads\/2025\/06\/Green-Egg-Totaal-Logo.png","width":225,"height":95,"caption":"Green Egg Totaal"},"image":{"@id":"https:\/\/www.greeneggtotaal.nl\/nl\/#\/schema\/logo\/image\/"}}]}},"_links":{"self":[{"href":"https:\/\/www.greeneggtotaal.nl\/de\/wp-json\/wp\/v2\/product\/5473","targetHints":{"allow":["GET"]}}],"collection":[{"href":"https:\/\/www.greeneggtotaal.nl\/de\/wp-json\/wp\/v2\/product"}],"about":[{"href":"https:\/\/www.greeneggtotaal.nl\/de\/wp-json\/wp\/v2\/types\/product"}],"wp:featuredmedia":[{"embeddable":true,"href":"https:\/\/www.greeneggtotaal.nl\/de\/wp-json\/wp\/v2\/media\/10724"}],"wp:attachment":[{"href":"https:\/\/www.greeneggtotaal.nl\/de\/wp-json\/wp\/v2\/media?parent=5473"}],"wp:term":[{"taxonomy":"product_brand","embeddable":true,"href":"https:\/\/www.greeneggtotaal.nl\/de\/wp-json\/wp\/v2\/product_brand?post=5473"},{"taxonomy":"product_cat","embeddable":true,"href":"https:\/\/www.greeneggtotaal.nl\/de\/wp-json\/wp\/v2\/product_cat?post=5473"},{"taxonomy":"product_tag","embeddable":true,"href":"https:\/\/www.greeneggtotaal.nl\/de\/wp-json\/wp\/v2\/product_tag?post=5473"}],"curies":[{"name":"wp","href":"https:\/\/api.w.org\/{rel}","templated":true}]}}