{"id":5488,"date":"2025-06-16T11:05:41","date_gmt":"2025-06-16T09:05:41","guid":{"rendered":"https:\/\/baselinkweb.nl\/greeneggtotaal\/product\/victoria-gietijzeren-saus-pan-1-9-l\/"},"modified":"2026-04-17T14:17:00","modified_gmt":"2026-04-17T12:17:00","slug":"victoria-gusseisen-sauce-pfanne-1-9-l","status":"publish","type":"product","link":"https:\/\/www.greeneggtotaal.nl\/de\/product\/victoria-gietijzeren-saus-pan-1-9-l\/","title":{"rendered":"Victoria Gusseisen-Saucenpfanne 1,9 L"},"content":{"rendered":"<p>Die 1,9-Liter-Saucenpfanne Victoria aus Gusseisen ist ideal f\u00fcr die Zubereitung von Saucen, Suppen, kleinen Eint\u00f6pfen und Beilagen. Das Gusseisen heizt sich gleichm\u00e4\u00dfig auf und speichert die W\u00e4rme hervorragend, so dass Ihre Zubereitungen sch\u00f6n dickfl\u00fcssig und voller Geschmack werden.<\/p>\n<p>Die Pfanne hat einen praktischen Ausgie\u00dfer f\u00fcr genaues und tropffreies Ausgie\u00dfen. Geeignet f\u00fcr alle W\u00e4rmequellen, einschlie\u00dflich Induktion, Backofen und BBQ. Dank des langlebigen Materials h\u00e4lt diese Pfanne jahrelang und ist perfekt f\u00fcr den t\u00e4glichen Gebrauch in jeder K\u00fcche.<\/p>","protected":false},"excerpt":{"rendered":"<p>De Victoria gietijzeren sauspan van 1,9 liter is ideaal voor het bereiden van sauzen, soepen, kleine stoofgerechten en bijgerechten. Het gietijzer warmt gelijkmatig op en houdt de warmte uitstekend vast, waardoor je bereidingen mooi indikken en vol van smaak worden. De pan heeft een handige schenktuit voor nauwkeurig en drupvrij schenken. Geschikt voor alle warmtebronnen, [&hellip;]<\/p>\n","protected":false},"featured_media":10735,"template":"","meta":[],"product_brand":[267],"product_cat":[74],"product_tag":[],"class_list":{"0":"post-5488","1":"product","2":"type-product","3":"status-publish","4":"has-post-thumbnail","6":"product_brand-victoria","7":"product_cat-victoria-gietijzer","9":"first","10":"instock","11":"sale","12":"taxable","13":"shipping-taxable","14":"purchasable","15":"product-type-simple"},"yoast_head":"<!-- This site is optimized with the Yoast SEO Premium plugin v27.4 (Yoast SEO v27.4) - https:\/\/yoast.com\/product\/yoast-seo-premium-wordpress\/ -->\n<title>Victoria Gietijzeren Saus Pan 1.9 L<\/title>\n<meta name=\"description\" content=\"Victoria gietijzeren sauspan 1,9 L met schenktuit, ideaal voor sauzen en kleine gerechten, geschikt voor alle warmtebronnen, duurzaam en veelzijdig.\" \/>\n<meta name=\"robots\" content=\"index, follow, max-snippet:-1, max-image-preview:large, max-video-preview:-1\" \/>\n<link rel=\"canonical\" href=\"https:\/\/www.greeneggtotaal.nl\/de\/product\/victoria-gusseisen-sauce-pfanne-1-9-l\/\" \/>\n<meta property=\"og:locale\" content=\"de_DE\" \/>\n<meta property=\"og:type\" content=\"article\" \/>\n<meta property=\"og:title\" content=\"Victoria Gietijzeren Saus Pan 1.9 L\" \/>\n<meta property=\"og:description\" content=\"Victoria gietijzeren sauspan 1,9 L met schenktuit, ideaal voor sauzen en kleine gerechten, geschikt voor alle warmtebronnen, duurzaam en veelzijdig.\" \/>\n<meta property=\"og:url\" content=\"https:\/\/www.greeneggtotaal.nl\/de\/product\/victoria-gusseisen-sauce-pfanne-1-9-l\/\" \/>\n<meta property=\"og:site_name\" content=\"GreenEggTotaal\" \/>\n<meta property=\"article:modified_time\" content=\"2026-04-17T12:17:00+00:00\" \/>\n<meta property=\"og:image\" content=\"https:\/\/www.greeneggtotaal.nl\/wp-content\/uploads\/2025\/08\/1-6-5.webp\" \/>\n\t<meta property=\"og:image:width\" content=\"500\" \/>\n\t<meta property=\"og:image:height\" content=\"500\" \/>\n\t<meta property=\"og:image:type\" content=\"image\/webp\" \/>\n<meta name=\"twitter:card\" content=\"summary_large_image\" \/>\n<meta name=\"twitter:label1\" content=\"Gesch\u00e4tzte Lesezeit\" \/>\n\t<meta name=\"twitter:data1\" content=\"1\u00a0Minute\" \/>\n<script type=\"application\/ld+json\" class=\"yoast-schema-graph\">{\"@context\":\"https:\\\/\\\/schema.org\",\"@graph\":[{\"@type\":\"WebPage\",\"@id\":\"https:\\\/\\\/www.greeneggtotaal.nl\\\/product\\\/victoria-gietijzeren-saus-pan-1-9-l\\\/\",\"url\":\"https:\\\/\\\/www.greeneggtotaal.nl\\\/product\\\/victoria-gietijzeren-saus-pan-1-9-l\\\/\",\"name\":\"Victoria Gietijzeren Saus Pan 1.9 L\",\"isPartOf\":{\"@id\":\"https:\\\/\\\/www.greeneggtotaal.nl\\\/nl\\\/#website\"},\"primaryImageOfPage\":{\"@id\":\"https:\\\/\\\/www.greeneggtotaal.nl\\\/product\\\/victoria-gietijzeren-saus-pan-1-9-l\\\/#primaryimage\"},\"image\":{\"@id\":\"https:\\\/\\\/www.greeneggtotaal.nl\\\/product\\\/victoria-gietijzeren-saus-pan-1-9-l\\\/#primaryimage\"},\"thumbnailUrl\":\"https:\\\/\\\/www.greeneggtotaal.nl\\\/wp-content\\\/uploads\\\/2025\\\/08\\\/1-6-5.webp\",\"datePublished\":\"2025-06-16T09:05:41+00:00\",\"dateModified\":\"2026-04-17T12:17:00+00:00\",\"description\":\"Victoria gietijzeren sauspan 1,9 L met schenktuit, ideaal voor sauzen en kleine gerechten, geschikt voor alle warmtebronnen, duurzaam en veelzijdig.\",\"breadcrumb\":{\"@id\":\"https:\\\/\\\/www.greeneggtotaal.nl\\\/product\\\/victoria-gietijzeren-saus-pan-1-9-l\\\/#breadcrumb\"},\"inLanguage\":\"de\",\"potentialAction\":[{\"@type\":\"ReadAction\",\"target\":[\"https:\\\/\\\/www.greeneggtotaal.nl\\\/product\\\/victoria-gietijzeren-saus-pan-1-9-l\\\/\"]}]},{\"@type\":\"ImageObject\",\"inLanguage\":\"de\",\"@id\":\"https:\\\/\\\/www.greeneggtotaal.nl\\\/product\\\/victoria-gietijzeren-saus-pan-1-9-l\\\/#primaryimage\",\"url\":\"https:\\\/\\\/www.greeneggtotaal.nl\\\/wp-content\\\/uploads\\\/2025\\\/08\\\/1-6-5.webp\",\"contentUrl\":\"https:\\\/\\\/www.greeneggtotaal.nl\\\/wp-content\\\/uploads\\\/2025\\\/08\\\/1-6-5.webp\",\"width\":500,\"height\":500,\"caption\":\"Victoria Gietijzeren Saus Pan 1.9 L\"},{\"@type\":\"BreadcrumbList\",\"@id\":\"https:\\\/\\\/www.greeneggtotaal.nl\\\/product\\\/victoria-gietijzeren-saus-pan-1-9-l\\\/#breadcrumb\",\"itemListElement\":[{\"@type\":\"ListItem\",\"position\":1,\"name\":\"Home\",\"item\":\"https:\\\/\\\/www.greeneggtotaal.nl\\\/\"},{\"@type\":\"ListItem\",\"position\":2,\"name\":\"Shop\",\"item\":\"https:\\\/\\\/www.greeneggtotaal.nl\\\/nl\\\/shop\\\/\"},{\"@type\":\"ListItem\",\"position\":3,\"name\":\"Victoria Gietijzeren Saus Pan 1.9 L\"}]},{\"@type\":\"WebSite\",\"@id\":\"https:\\\/\\\/www.greeneggtotaal.nl\\\/nl\\\/#website\",\"url\":\"https:\\\/\\\/www.greeneggtotaal.nl\\\/nl\\\/\",\"name\":\"greeneggtotaal.nl\",\"description\":\"D\u00e9 Big Green Egg Specialist\",\"publisher\":{\"@id\":\"https:\\\/\\\/www.greeneggtotaal.nl\\\/nl\\\/#organization\"},\"potentialAction\":[{\"@type\":\"SearchAction\",\"target\":{\"@type\":\"EntryPoint\",\"urlTemplate\":\"https:\\\/\\\/www.greeneggtotaal.nl\\\/nl\\\/?s={search_term_string}\"},\"query-input\":{\"@type\":\"PropertyValueSpecification\",\"valueRequired\":true,\"valueName\":\"search_term_string\"}}],\"inLanguage\":\"de\"},{\"@type\":\"Organization\",\"@id\":\"https:\\\/\\\/www.greeneggtotaal.nl\\\/nl\\\/#organization\",\"name\":\"Green Egg Totaal\",\"url\":\"https:\\\/\\\/www.greeneggtotaal.nl\\\/nl\\\/\",\"logo\":{\"@type\":\"ImageObject\",\"inLanguage\":\"de\",\"@id\":\"https:\\\/\\\/www.greeneggtotaal.nl\\\/nl\\\/#\\\/schema\\\/logo\\\/image\\\/\",\"url\":\"https:\\\/\\\/www.greeneggtotaal.nl\\\/wp-content\\\/uploads\\\/2025\\\/06\\\/Green-Egg-Totaal-Logo.png\",\"contentUrl\":\"https:\\\/\\\/www.greeneggtotaal.nl\\\/wp-content\\\/uploads\\\/2025\\\/06\\\/Green-Egg-Totaal-Logo.png\",\"width\":225,\"height\":95,\"caption\":\"Green Egg Totaal\"},\"image\":{\"@id\":\"https:\\\/\\\/www.greeneggtotaal.nl\\\/nl\\\/#\\\/schema\\\/logo\\\/image\\\/\"}}]}<\/script>\n<!-- \/ Yoast SEO Premium plugin. -->","yoast_head_json":{"title":"Victoria Gusseisen-Saucenpfanne 1,9 L","description":"Victoria gusseiserne Saucenpfanne 1,9 L mit Ausgie\u00dfer, ideal f\u00fcr Saucen und kleine Gerichte, geeignet f\u00fcr alle W\u00e4rmequellen, langlebig und vielseitig.","robots":{"index":"index","follow":"follow","max-snippet":"max-snippet:-1","max-image-preview":"max-image-preview:large","max-video-preview":"max-video-preview:-1"},"canonical":"https:\/\/www.greeneggtotaal.nl\/de\/product\/victoria-gusseisen-sauce-pfanne-1-9-l\/","og_locale":"de_DE","og_type":"article","og_title":"Victoria Gietijzeren Saus Pan 1.9 L","og_description":"Victoria gietijzeren sauspan 1,9 L met schenktuit, ideaal voor sauzen en kleine gerechten, geschikt voor alle warmtebronnen, duurzaam en veelzijdig.","og_url":"https:\/\/www.greeneggtotaal.nl\/de\/product\/victoria-gusseisen-sauce-pfanne-1-9-l\/","og_site_name":"GreenEggTotaal","article_modified_time":"2026-04-17T12:17:00+00:00","og_image":[{"width":500,"height":500,"url":"https:\/\/www.greeneggtotaal.nl\/wp-content\/uploads\/2025\/08\/1-6-5.webp","type":"image\/webp"}],"twitter_card":"summary_large_image","twitter_misc":{"Gesch\u00e4tzte Lesezeit":"1\u00a0Minute"},"schema":{"@context":"https:\/\/schema.org","@graph":[{"@type":"WebPage","@id":"https:\/\/www.greeneggtotaal.nl\/product\/victoria-gietijzeren-saus-pan-1-9-l\/","url":"https:\/\/www.greeneggtotaal.nl\/product\/victoria-gietijzeren-saus-pan-1-9-l\/","name":"Victoria Gusseisen-Saucenpfanne 1,9 L","isPartOf":{"@id":"https:\/\/www.greeneggtotaal.nl\/nl\/#website"},"primaryImageOfPage":{"@id":"https:\/\/www.greeneggtotaal.nl\/product\/victoria-gietijzeren-saus-pan-1-9-l\/#primaryimage"},"image":{"@id":"https:\/\/www.greeneggtotaal.nl\/product\/victoria-gietijzeren-saus-pan-1-9-l\/#primaryimage"},"thumbnailUrl":"https:\/\/www.greeneggtotaal.nl\/wp-content\/uploads\/2025\/08\/1-6-5.webp","datePublished":"2025-06-16T09:05:41+00:00","dateModified":"2026-04-17T12:17:00+00:00","description":"Victoria gusseiserne Saucenpfanne 1,9 L mit Ausgie\u00dfer, ideal f\u00fcr Saucen und kleine Gerichte, geeignet f\u00fcr alle W\u00e4rmequellen, langlebig und vielseitig.","breadcrumb":{"@id":"https:\/\/www.greeneggtotaal.nl\/product\/victoria-gietijzeren-saus-pan-1-9-l\/#breadcrumb"},"inLanguage":"de","potentialAction":[{"@type":"ReadAction","target":["https:\/\/www.greeneggtotaal.nl\/product\/victoria-gietijzeren-saus-pan-1-9-l\/"]}]},{"@type":"ImageObject","inLanguage":"de","@id":"https:\/\/www.greeneggtotaal.nl\/product\/victoria-gietijzeren-saus-pan-1-9-l\/#primaryimage","url":"https:\/\/www.greeneggtotaal.nl\/wp-content\/uploads\/2025\/08\/1-6-5.webp","contentUrl":"https:\/\/www.greeneggtotaal.nl\/wp-content\/uploads\/2025\/08\/1-6-5.webp","width":500,"height":500,"caption":"Victoria Gietijzeren Saus Pan 1.9 L"},{"@type":"BreadcrumbList","@id":"https:\/\/www.greeneggtotaal.nl\/product\/victoria-gietijzeren-saus-pan-1-9-l\/#breadcrumb","itemListElement":[{"@type":"ListItem","position":1,"name":"Home","item":"https:\/\/www.greeneggtotaal.nl\/"},{"@type":"ListItem","position":2,"name":"Shop","item":"https:\/\/www.greeneggtotaal.nl\/nl\/shop\/"},{"@type":"ListItem","position":3,"name":"Victoria Gietijzeren Saus Pan 1.9 L"}]},{"@type":"WebSite","@id":"https:\/\/www.greeneggtotaal.nl\/nl\/#website","url":"https:\/\/www.greeneggtotaal.nl\/nl\/","name":"greeneggtotaal.nl","description":"Der Big Green Egg Spezialist","publisher":{"@id":"https:\/\/www.greeneggtotaal.nl\/nl\/#organization"},"potentialAction":[{"@type":"SearchAction","target":{"@type":"EntryPoint","urlTemplate":"https:\/\/www.greeneggtotaal.nl\/nl\/?s={search_term_string}"},"query-input":{"@type":"PropertyValueSpecification","valueRequired":true,"valueName":"search_term_string"}}],"inLanguage":"de"},{"@type":"Organization","@id":"https:\/\/www.greeneggtotaal.nl\/nl\/#organization","name":"Green Egg Totaal","url":"https:\/\/www.greeneggtotaal.nl\/nl\/","logo":{"@type":"ImageObject","inLanguage":"de","@id":"https:\/\/www.greeneggtotaal.nl\/nl\/#\/schema\/logo\/image\/","url":"https:\/\/www.greeneggtotaal.nl\/wp-content\/uploads\/2025\/06\/Green-Egg-Totaal-Logo.png","contentUrl":"https:\/\/www.greeneggtotaal.nl\/wp-content\/uploads\/2025\/06\/Green-Egg-Totaal-Logo.png","width":225,"height":95,"caption":"Green Egg Totaal"},"image":{"@id":"https:\/\/www.greeneggtotaal.nl\/nl\/#\/schema\/logo\/image\/"}}]}},"_links":{"self":[{"href":"https:\/\/www.greeneggtotaal.nl\/de\/wp-json\/wp\/v2\/product\/5488","targetHints":{"allow":["GET"]}}],"collection":[{"href":"https:\/\/www.greeneggtotaal.nl\/de\/wp-json\/wp\/v2\/product"}],"about":[{"href":"https:\/\/www.greeneggtotaal.nl\/de\/wp-json\/wp\/v2\/types\/product"}],"wp:featuredmedia":[{"embeddable":true,"href":"https:\/\/www.greeneggtotaal.nl\/de\/wp-json\/wp\/v2\/media\/10735"}],"wp:attachment":[{"href":"https:\/\/www.greeneggtotaal.nl\/de\/wp-json\/wp\/v2\/media?parent=5488"}],"wp:term":[{"taxonomy":"product_brand","embeddable":true,"href":"https:\/\/www.greeneggtotaal.nl\/de\/wp-json\/wp\/v2\/product_brand?post=5488"},{"taxonomy":"product_cat","embeddable":true,"href":"https:\/\/www.greeneggtotaal.nl\/de\/wp-json\/wp\/v2\/product_cat?post=5488"},{"taxonomy":"product_tag","embeddable":true,"href":"https:\/\/www.greeneggtotaal.nl\/de\/wp-json\/wp\/v2\/product_tag?post=5488"}],"curies":[{"name":"wp","href":"https:\/\/api.w.org\/{rel}","templated":true}]}}