{"id":5492,"date":"2025-06-16T11:05:42","date_gmt":"2025-06-16T09:05:42","guid":{"rendered":"https:\/\/baselinkweb.nl\/greeneggtotaal\/product\/victoria-gietijzeren-skillet-25-cm-dubbel-handvat\/"},"modified":"2026-04-18T10:21:23","modified_gmt":"2026-04-18T08:21:23","slug":"victoria-gusseisenpfanne-25-cm-mit-zwei-griffen","status":"publish","type":"product","link":"https:\/\/www.greeneggtotaal.nl\/de\/product\/victoria-gietijzeren-skillet-25-cm-dubbel-handvat\/","title":{"rendered":"Victoria Gusseisen Bratpfanne 25 cm Doppelgriff"},"content":{"rendered":"<p>Die Victoria 25 cm Gusseisenpfanne mit Doppelgriff ist eine vielseitige, robuste Pfanne f\u00fcr das t\u00e4gliche Backen, Braten und Grillen. Das Gusseisen heizt schnell und gleichm\u00e4\u00dfig auf und speichert die Hitze hervorragend, sodass Ihre Gerichte eine sch\u00f6ne Kruste und vollen Geschmack erhalten.<\/p>\n<p>Dank der beiden stabilen Griffe k\u00f6nnen Sie die Pfanne sicher und stabil bewegen, auch wenn sie hei\u00df oder mit Zutaten gef\u00fcllt ist. Ideal f\u00fcr Fleisch, Gem\u00fcse, Kartoffeln, Eier und Gerichte aus dem Ofen oder vom Grill. Geeignet f\u00fcr alle W\u00e4rmequellen, einschlie\u00dflich Induktion. Eine langlebige, leistungsstarke Pfanne, die jahrelang h\u00e4lt.<\/p>","protected":false},"excerpt":{"rendered":"<p>De Victoria gietijzeren skillet van 25 cm met dubbel handvat is een veelzijdige, robuuste pan voor dagelijks bakken, braden en grillen. Het gietijzer warmt snel en gelijkmatig op en houdt de warmte uitstekend vast, waardoor je gerechten een mooie korst en volle smaak krijgen. Dankzij de twee stevige handvatten kun je de pan veilig en [&hellip;]<\/p>\n","protected":false},"featured_media":10738,"template":"","meta":[],"product_brand":[267],"product_cat":[74],"product_tag":[],"class_list":{"0":"post-5492","1":"product","2":"type-product","3":"status-publish","4":"has-post-thumbnail","6":"product_brand-victoria","7":"product_cat-victoria-gietijzer","9":"first","10":"instock","11":"sale","12":"taxable","13":"shipping-taxable","14":"purchasable","15":"product-type-simple"},"yoast_head":"<!-- This site is optimized with the Yoast SEO Premium plugin v27.4 (Yoast SEO v27.4) - https:\/\/yoast.com\/product\/yoast-seo-premium-wordpress\/ -->\n<title>Victoria Gietijzeren Skillet 25 cm Dubbel Handvat<\/title>\n<meta name=\"description\" content=\"Victoria gietijzeren skillet 25 cm met dubbel handvat, voor krachtig bakken en braden op BBQ, fornuis of oven, duurzaam en veelzijdig.\" \/>\n<meta name=\"robots\" content=\"index, follow, max-snippet:-1, max-image-preview:large, max-video-preview:-1\" \/>\n<link rel=\"canonical\" href=\"https:\/\/www.greeneggtotaal.nl\/de\/product\/victoria-gusseisenpfanne-25-cm-mit-zwei-griffen\/\" \/>\n<meta property=\"og:locale\" content=\"de_DE\" \/>\n<meta property=\"og:type\" content=\"article\" \/>\n<meta property=\"og:title\" content=\"Victoria Gietijzeren Skillet 25 cm Dubbel Handvat\" \/>\n<meta property=\"og:description\" content=\"Victoria gietijzeren skillet 25 cm met dubbel handvat, voor krachtig bakken en braden op BBQ, fornuis of oven, duurzaam en veelzijdig.\" \/>\n<meta property=\"og:url\" content=\"https:\/\/www.greeneggtotaal.nl\/de\/product\/victoria-gusseisenpfanne-25-cm-mit-zwei-griffen\/\" \/>\n<meta property=\"og:site_name\" content=\"GreenEggTotaal\" \/>\n<meta property=\"article:modified_time\" content=\"2026-04-18T08:21:23+00:00\" \/>\n<meta property=\"og:image\" content=\"https:\/\/www.greeneggtotaal.nl\/wp-content\/uploads\/2025\/08\/1-8-2.webp\" \/>\n\t<meta property=\"og:image:width\" content=\"500\" \/>\n\t<meta property=\"og:image:height\" content=\"500\" \/>\n\t<meta property=\"og:image:type\" content=\"image\/webp\" \/>\n<meta name=\"twitter:card\" content=\"summary_large_image\" \/>\n<meta name=\"twitter:label1\" content=\"Gesch\u00e4tzte Lesezeit\" \/>\n\t<meta name=\"twitter:data1\" content=\"1\u00a0Minute\" \/>\n<script type=\"application\/ld+json\" class=\"yoast-schema-graph\">{\"@context\":\"https:\\\/\\\/schema.org\",\"@graph\":[{\"@type\":\"WebPage\",\"@id\":\"https:\\\/\\\/www.greeneggtotaal.nl\\\/product\\\/victoria-gietijzeren-skillet-25-cm-dubbel-handvat\\\/\",\"url\":\"https:\\\/\\\/www.greeneggtotaal.nl\\\/product\\\/victoria-gietijzeren-skillet-25-cm-dubbel-handvat\\\/\",\"name\":\"Victoria Gietijzeren Skillet 25 cm Dubbel Handvat\",\"isPartOf\":{\"@id\":\"https:\\\/\\\/www.greeneggtotaal.nl\\\/nl\\\/#website\"},\"primaryImageOfPage\":{\"@id\":\"https:\\\/\\\/www.greeneggtotaal.nl\\\/product\\\/victoria-gietijzeren-skillet-25-cm-dubbel-handvat\\\/#primaryimage\"},\"image\":{\"@id\":\"https:\\\/\\\/www.greeneggtotaal.nl\\\/product\\\/victoria-gietijzeren-skillet-25-cm-dubbel-handvat\\\/#primaryimage\"},\"thumbnailUrl\":\"https:\\\/\\\/www.greeneggtotaal.nl\\\/wp-content\\\/uploads\\\/2025\\\/08\\\/1-8-2.webp\",\"datePublished\":\"2025-06-16T09:05:42+00:00\",\"dateModified\":\"2026-04-18T08:21:23+00:00\",\"description\":\"Victoria gietijzeren skillet 25 cm met dubbel handvat, voor krachtig bakken en braden op BBQ, fornuis of oven, duurzaam en veelzijdig.\",\"breadcrumb\":{\"@id\":\"https:\\\/\\\/www.greeneggtotaal.nl\\\/product\\\/victoria-gietijzeren-skillet-25-cm-dubbel-handvat\\\/#breadcrumb\"},\"inLanguage\":\"de\",\"potentialAction\":[{\"@type\":\"ReadAction\",\"target\":[\"https:\\\/\\\/www.greeneggtotaal.nl\\\/product\\\/victoria-gietijzeren-skillet-25-cm-dubbel-handvat\\\/\"]}]},{\"@type\":\"ImageObject\",\"inLanguage\":\"de\",\"@id\":\"https:\\\/\\\/www.greeneggtotaal.nl\\\/product\\\/victoria-gietijzeren-skillet-25-cm-dubbel-handvat\\\/#primaryimage\",\"url\":\"https:\\\/\\\/www.greeneggtotaal.nl\\\/wp-content\\\/uploads\\\/2025\\\/08\\\/1-8-2.webp\",\"contentUrl\":\"https:\\\/\\\/www.greeneggtotaal.nl\\\/wp-content\\\/uploads\\\/2025\\\/08\\\/1-8-2.webp\",\"width\":500,\"height\":500,\"caption\":\"Victoria Gietijzeren Skillet 25 cm Dubbel Handvat\"},{\"@type\":\"BreadcrumbList\",\"@id\":\"https:\\\/\\\/www.greeneggtotaal.nl\\\/product\\\/victoria-gietijzeren-skillet-25-cm-dubbel-handvat\\\/#breadcrumb\",\"itemListElement\":[{\"@type\":\"ListItem\",\"position\":1,\"name\":\"Home\",\"item\":\"https:\\\/\\\/www.greeneggtotaal.nl\\\/\"},{\"@type\":\"ListItem\",\"position\":2,\"name\":\"Shop\",\"item\":\"https:\\\/\\\/www.greeneggtotaal.nl\\\/nl\\\/shop\\\/\"},{\"@type\":\"ListItem\",\"position\":3,\"name\":\"Victoria Gietijzeren Skillet 25 cm Dubbel Handvat\"}]},{\"@type\":\"WebSite\",\"@id\":\"https:\\\/\\\/www.greeneggtotaal.nl\\\/nl\\\/#website\",\"url\":\"https:\\\/\\\/www.greeneggtotaal.nl\\\/nl\\\/\",\"name\":\"greeneggtotaal.nl\",\"description\":\"D\u00e9 Big Green Egg Specialist\",\"publisher\":{\"@id\":\"https:\\\/\\\/www.greeneggtotaal.nl\\\/nl\\\/#organization\"},\"potentialAction\":[{\"@type\":\"SearchAction\",\"target\":{\"@type\":\"EntryPoint\",\"urlTemplate\":\"https:\\\/\\\/www.greeneggtotaal.nl\\\/nl\\\/?s={search_term_string}\"},\"query-input\":{\"@type\":\"PropertyValueSpecification\",\"valueRequired\":true,\"valueName\":\"search_term_string\"}}],\"inLanguage\":\"de\"},{\"@type\":\"Organization\",\"@id\":\"https:\\\/\\\/www.greeneggtotaal.nl\\\/nl\\\/#organization\",\"name\":\"Green Egg Totaal\",\"url\":\"https:\\\/\\\/www.greeneggtotaal.nl\\\/nl\\\/\",\"logo\":{\"@type\":\"ImageObject\",\"inLanguage\":\"de\",\"@id\":\"https:\\\/\\\/www.greeneggtotaal.nl\\\/nl\\\/#\\\/schema\\\/logo\\\/image\\\/\",\"url\":\"https:\\\/\\\/www.greeneggtotaal.nl\\\/wp-content\\\/uploads\\\/2025\\\/06\\\/Green-Egg-Totaal-Logo.png\",\"contentUrl\":\"https:\\\/\\\/www.greeneggtotaal.nl\\\/wp-content\\\/uploads\\\/2025\\\/06\\\/Green-Egg-Totaal-Logo.png\",\"width\":225,\"height\":95,\"caption\":\"Green Egg Totaal\"},\"image\":{\"@id\":\"https:\\\/\\\/www.greeneggtotaal.nl\\\/nl\\\/#\\\/schema\\\/logo\\\/image\\\/\"}}]}<\/script>\n<!-- \/ Yoast SEO Premium plugin. -->","yoast_head_json":{"title":"Victoria Gusseisen Bratpfanne 25 cm Doppelgriff","description":"Victoria Gusseisenpfanne 25 cm mit doppeltem Griff, f\u00fcr kr\u00e4ftiges Backen und Braten auf dem Grill, Herd oder Ofen, langlebig und vielseitig.","robots":{"index":"index","follow":"follow","max-snippet":"max-snippet:-1","max-image-preview":"max-image-preview:large","max-video-preview":"max-video-preview:-1"},"canonical":"https:\/\/www.greeneggtotaal.nl\/de\/product\/victoria-gusseisenpfanne-25-cm-mit-zwei-griffen\/","og_locale":"de_DE","og_type":"article","og_title":"Victoria Gietijzeren Skillet 25 cm Dubbel Handvat","og_description":"Victoria gietijzeren skillet 25 cm met dubbel handvat, voor krachtig bakken en braden op BBQ, fornuis of oven, duurzaam en veelzijdig.","og_url":"https:\/\/www.greeneggtotaal.nl\/de\/product\/victoria-gusseisenpfanne-25-cm-mit-zwei-griffen\/","og_site_name":"GreenEggTotaal","article_modified_time":"2026-04-18T08:21:23+00:00","og_image":[{"width":500,"height":500,"url":"https:\/\/www.greeneggtotaal.nl\/wp-content\/uploads\/2025\/08\/1-8-2.webp","type":"image\/webp"}],"twitter_card":"summary_large_image","twitter_misc":{"Gesch\u00e4tzte Lesezeit":"1\u00a0Minute"},"schema":{"@context":"https:\/\/schema.org","@graph":[{"@type":"WebPage","@id":"https:\/\/www.greeneggtotaal.nl\/product\/victoria-gietijzeren-skillet-25-cm-dubbel-handvat\/","url":"https:\/\/www.greeneggtotaal.nl\/product\/victoria-gietijzeren-skillet-25-cm-dubbel-handvat\/","name":"Victoria Gusseisen Bratpfanne 25 cm Doppelgriff","isPartOf":{"@id":"https:\/\/www.greeneggtotaal.nl\/nl\/#website"},"primaryImageOfPage":{"@id":"https:\/\/www.greeneggtotaal.nl\/product\/victoria-gietijzeren-skillet-25-cm-dubbel-handvat\/#primaryimage"},"image":{"@id":"https:\/\/www.greeneggtotaal.nl\/product\/victoria-gietijzeren-skillet-25-cm-dubbel-handvat\/#primaryimage"},"thumbnailUrl":"https:\/\/www.greeneggtotaal.nl\/wp-content\/uploads\/2025\/08\/1-8-2.webp","datePublished":"2025-06-16T09:05:42+00:00","dateModified":"2026-04-18T08:21:23+00:00","description":"Victoria Gusseisenpfanne 25 cm mit doppeltem Griff, f\u00fcr kr\u00e4ftiges Backen und Braten auf dem Grill, Herd oder Ofen, langlebig und vielseitig.","breadcrumb":{"@id":"https:\/\/www.greeneggtotaal.nl\/product\/victoria-gietijzeren-skillet-25-cm-dubbel-handvat\/#breadcrumb"},"inLanguage":"de","potentialAction":[{"@type":"ReadAction","target":["https:\/\/www.greeneggtotaal.nl\/product\/victoria-gietijzeren-skillet-25-cm-dubbel-handvat\/"]}]},{"@type":"ImageObject","inLanguage":"de","@id":"https:\/\/www.greeneggtotaal.nl\/product\/victoria-gietijzeren-skillet-25-cm-dubbel-handvat\/#primaryimage","url":"https:\/\/www.greeneggtotaal.nl\/wp-content\/uploads\/2025\/08\/1-8-2.webp","contentUrl":"https:\/\/www.greeneggtotaal.nl\/wp-content\/uploads\/2025\/08\/1-8-2.webp","width":500,"height":500,"caption":"Victoria Gietijzeren Skillet 25 cm Dubbel Handvat"},{"@type":"BreadcrumbList","@id":"https:\/\/www.greeneggtotaal.nl\/product\/victoria-gietijzeren-skillet-25-cm-dubbel-handvat\/#breadcrumb","itemListElement":[{"@type":"ListItem","position":1,"name":"Home","item":"https:\/\/www.greeneggtotaal.nl\/"},{"@type":"ListItem","position":2,"name":"Shop","item":"https:\/\/www.greeneggtotaal.nl\/nl\/shop\/"},{"@type":"ListItem","position":3,"name":"Victoria Gietijzeren Skillet 25 cm Dubbel Handvat"}]},{"@type":"WebSite","@id":"https:\/\/www.greeneggtotaal.nl\/nl\/#website","url":"https:\/\/www.greeneggtotaal.nl\/nl\/","name":"greeneggtotaal.nl","description":"Der Big Green Egg Spezialist","publisher":{"@id":"https:\/\/www.greeneggtotaal.nl\/nl\/#organization"},"potentialAction":[{"@type":"SearchAction","target":{"@type":"EntryPoint","urlTemplate":"https:\/\/www.greeneggtotaal.nl\/nl\/?s={search_term_string}"},"query-input":{"@type":"PropertyValueSpecification","valueRequired":true,"valueName":"search_term_string"}}],"inLanguage":"de"},{"@type":"Organization","@id":"https:\/\/www.greeneggtotaal.nl\/nl\/#organization","name":"Green Egg Totaal","url":"https:\/\/www.greeneggtotaal.nl\/nl\/","logo":{"@type":"ImageObject","inLanguage":"de","@id":"https:\/\/www.greeneggtotaal.nl\/nl\/#\/schema\/logo\/image\/","url":"https:\/\/www.greeneggtotaal.nl\/wp-content\/uploads\/2025\/06\/Green-Egg-Totaal-Logo.png","contentUrl":"https:\/\/www.greeneggtotaal.nl\/wp-content\/uploads\/2025\/06\/Green-Egg-Totaal-Logo.png","width":225,"height":95,"caption":"Green Egg Totaal"},"image":{"@id":"https:\/\/www.greeneggtotaal.nl\/nl\/#\/schema\/logo\/image\/"}}]}},"_links":{"self":[{"href":"https:\/\/www.greeneggtotaal.nl\/de\/wp-json\/wp\/v2\/product\/5492","targetHints":{"allow":["GET"]}}],"collection":[{"href":"https:\/\/www.greeneggtotaal.nl\/de\/wp-json\/wp\/v2\/product"}],"about":[{"href":"https:\/\/www.greeneggtotaal.nl\/de\/wp-json\/wp\/v2\/types\/product"}],"wp:featuredmedia":[{"embeddable":true,"href":"https:\/\/www.greeneggtotaal.nl\/de\/wp-json\/wp\/v2\/media\/10738"}],"wp:attachment":[{"href":"https:\/\/www.greeneggtotaal.nl\/de\/wp-json\/wp\/v2\/media?parent=5492"}],"wp:term":[{"taxonomy":"product_brand","embeddable":true,"href":"https:\/\/www.greeneggtotaal.nl\/de\/wp-json\/wp\/v2\/product_brand?post=5492"},{"taxonomy":"product_cat","embeddable":true,"href":"https:\/\/www.greeneggtotaal.nl\/de\/wp-json\/wp\/v2\/product_cat?post=5492"},{"taxonomy":"product_tag","embeddable":true,"href":"https:\/\/www.greeneggtotaal.nl\/de\/wp-json\/wp\/v2\/product_tag?post=5492"}],"curies":[{"name":"wp","href":"https:\/\/api.w.org\/{rel}","templated":true}]}}