{"id":5536,"date":"2025-06-16T11:05:58","date_gmt":"2025-06-16T09:05:58","guid":{"rendered":"https:\/\/baselinkweb.nl\/greeneggtotaal\/product\/victoria-gietijzeren-braad-pan-14-cm-met-deksel\/"},"modified":"2026-02-10T09:01:22","modified_gmt":"2026-02-10T08:01:22","slug":"victoria-gusseisenpfanne-14-cm-mit-deckel","status":"publish","type":"product","link":"https:\/\/www.greeneggtotaal.nl\/de\/product\/victoria-gietijzeren-braad-pan-14-cm-met-deksel\/","title":{"rendered":"Victoria Gusseisen Bratpfanne 14 cm mit Deckel"},"content":{"rendered":"<p>Die 14 cm gro\u00dfe Victoria-Kasserolle ist eine kompakte, robuste Pfanne, die sich perfekt f\u00fcr kleine Eint\u00f6pfe, So\u00dfen, Beilagen oder Portionen f\u00fcr eine Person eignet. Das Gusseisen heizt sich gleichm\u00e4\u00dfig auf und speichert die W\u00e4rme lange, so dass Ihre Gerichte sch\u00f6n gar werden und besonders gut schmecken.<\/p>\n<p>Der Deckel schlie\u00dft dicht ab und bewahrt den Saft und die Aromen. Sie k\u00f6nnen die Pfanne auf dem Grill, im Ofen oder auf dem Herd verwenden. Dank ihrer geringen Gr\u00f6\u00dfe ist sie leicht zu verstauen und ideal f\u00fcr den t\u00e4glichen Gebrauch. Eine langlebige, vielseitige Pfanne, die jahrelang h\u00e4lt.<\/p>\n<p>&nbsp;<\/p>","protected":false},"excerpt":{"rendered":"<p>De Victoria braadpan van 14 cm is een compact, stevig pannetje dat perfect is voor kleine stoofgerechten, sausjes, bijgerechten of \u00e9\u00e9npersoonsporties. Het gietijzer warmt gelijkmatig op en houdt de warmte lang vast, waardoor je gerechten mooi garen en extra smaak krijgen. Het deksel sluit goed af, zodat sappen en aroma\u2019s behouden blijven. Je kunt de [&hellip;]<\/p>\n","protected":false},"featured_media":10769,"template":"","meta":[],"product_brand":[267],"product_cat":[74],"product_tag":[],"class_list":{"0":"post-5536","1":"product","2":"type-product","3":"status-publish","4":"has-post-thumbnail","6":"product_brand-victoria","7":"product_cat-victoria-gietijzer","9":"first","10":"instock","11":"sale","12":"taxable","13":"shipping-taxable","14":"purchasable","15":"product-type-simple"},"yoast_head":"<!-- This site is optimized with the Yoast SEO Premium plugin v27.4 (Yoast SEO v27.4) - https:\/\/yoast.com\/product\/yoast-seo-premium-wordpress\/ -->\n<title>Victoria Gietijzeren Braad Pan 14 cm met Deksel<\/title>\n<meta name=\"description\" content=\"Kleine Victoria gietijzeren braadpan 14 cm met deksel voor gelijkmatig garen, stoofjes en sausjes, geschikt voor BBQ, oven en fornuis.\" \/>\n<meta name=\"robots\" content=\"index, follow, max-snippet:-1, max-image-preview:large, max-video-preview:-1\" \/>\n<link rel=\"canonical\" href=\"https:\/\/www.greeneggtotaal.nl\/de\/product\/victoria-gusseisenpfanne-14-cm-mit-deckel\/\" \/>\n<meta property=\"og:locale\" content=\"de_DE\" \/>\n<meta property=\"og:type\" content=\"article\" \/>\n<meta property=\"og:title\" content=\"Victoria Gietijzeren Braad Pan 14 cm met Deksel\" \/>\n<meta property=\"og:description\" content=\"Kleine Victoria gietijzeren braadpan 14 cm met deksel voor gelijkmatig garen, stoofjes en sausjes, geschikt voor BBQ, oven en fornuis.\" \/>\n<meta property=\"og:url\" content=\"https:\/\/www.greeneggtotaal.nl\/de\/product\/victoria-gusseisenpfanne-14-cm-mit-deckel\/\" \/>\n<meta property=\"og:site_name\" content=\"GreenEggTotaal\" \/>\n<meta property=\"article:modified_time\" content=\"2026-02-10T08:01:22+00:00\" \/>\n<meta property=\"og:image\" content=\"https:\/\/www.greeneggtotaal.nl\/wp-content\/uploads\/2025\/08\/skl-206-with-lid-600x600-1.webp\" \/>\n\t<meta property=\"og:image:width\" content=\"500\" \/>\n\t<meta property=\"og:image:height\" content=\"500\" \/>\n\t<meta property=\"og:image:type\" content=\"image\/webp\" \/>\n<meta name=\"twitter:card\" content=\"summary_large_image\" \/>\n<meta name=\"twitter:label1\" content=\"Gesch\u00e4tzte Lesezeit\" \/>\n\t<meta name=\"twitter:data1\" content=\"1\u00a0Minute\" \/>\n<script type=\"application\/ld+json\" class=\"yoast-schema-graph\">{\"@context\":\"https:\\\/\\\/schema.org\",\"@graph\":[{\"@type\":\"WebPage\",\"@id\":\"https:\\\/\\\/www.greeneggtotaal.nl\\\/product\\\/victoria-gietijzeren-braad-pan-14-cm-met-deksel\\\/\",\"url\":\"https:\\\/\\\/www.greeneggtotaal.nl\\\/product\\\/victoria-gietijzeren-braad-pan-14-cm-met-deksel\\\/\",\"name\":\"Victoria Gietijzeren Braad Pan 14 cm met Deksel\",\"isPartOf\":{\"@id\":\"https:\\\/\\\/www.greeneggtotaal.nl\\\/nl\\\/#website\"},\"primaryImageOfPage\":{\"@id\":\"https:\\\/\\\/www.greeneggtotaal.nl\\\/product\\\/victoria-gietijzeren-braad-pan-14-cm-met-deksel\\\/#primaryimage\"},\"image\":{\"@id\":\"https:\\\/\\\/www.greeneggtotaal.nl\\\/product\\\/victoria-gietijzeren-braad-pan-14-cm-met-deksel\\\/#primaryimage\"},\"thumbnailUrl\":\"https:\\\/\\\/www.greeneggtotaal.nl\\\/wp-content\\\/uploads\\\/2025\\\/08\\\/skl-206-with-lid-600x600-1.webp\",\"datePublished\":\"2025-06-16T09:05:58+00:00\",\"dateModified\":\"2026-02-10T08:01:22+00:00\",\"description\":\"Kleine Victoria gietijzeren braadpan 14 cm met deksel voor gelijkmatig garen, stoofjes en sausjes, geschikt voor BBQ, oven en fornuis.\",\"breadcrumb\":{\"@id\":\"https:\\\/\\\/www.greeneggtotaal.nl\\\/product\\\/victoria-gietijzeren-braad-pan-14-cm-met-deksel\\\/#breadcrumb\"},\"inLanguage\":\"de\",\"potentialAction\":[{\"@type\":\"ReadAction\",\"target\":[\"https:\\\/\\\/www.greeneggtotaal.nl\\\/product\\\/victoria-gietijzeren-braad-pan-14-cm-met-deksel\\\/\"]}]},{\"@type\":\"ImageObject\",\"inLanguage\":\"de\",\"@id\":\"https:\\\/\\\/www.greeneggtotaal.nl\\\/product\\\/victoria-gietijzeren-braad-pan-14-cm-met-deksel\\\/#primaryimage\",\"url\":\"https:\\\/\\\/www.greeneggtotaal.nl\\\/wp-content\\\/uploads\\\/2025\\\/08\\\/skl-206-with-lid-600x600-1.webp\",\"contentUrl\":\"https:\\\/\\\/www.greeneggtotaal.nl\\\/wp-content\\\/uploads\\\/2025\\\/08\\\/skl-206-with-lid-600x600-1.webp\",\"width\":500,\"height\":500,\"caption\":\"Victoria Gietijzeren Braad Pan 14 cm met Deksel\"},{\"@type\":\"BreadcrumbList\",\"@id\":\"https:\\\/\\\/www.greeneggtotaal.nl\\\/product\\\/victoria-gietijzeren-braad-pan-14-cm-met-deksel\\\/#breadcrumb\",\"itemListElement\":[{\"@type\":\"ListItem\",\"position\":1,\"name\":\"Home\",\"item\":\"https:\\\/\\\/www.greeneggtotaal.nl\\\/\"},{\"@type\":\"ListItem\",\"position\":2,\"name\":\"Shop\",\"item\":\"https:\\\/\\\/www.greeneggtotaal.nl\\\/nl\\\/shop\\\/\"},{\"@type\":\"ListItem\",\"position\":3,\"name\":\"Victoria Gietijzeren Braad Pan 14 cm met Deksel\"}]},{\"@type\":\"WebSite\",\"@id\":\"https:\\\/\\\/www.greeneggtotaal.nl\\\/nl\\\/#website\",\"url\":\"https:\\\/\\\/www.greeneggtotaal.nl\\\/nl\\\/\",\"name\":\"greeneggtotaal.nl\",\"description\":\"D\u00e9 Big Green Egg Specialist\",\"publisher\":{\"@id\":\"https:\\\/\\\/www.greeneggtotaal.nl\\\/nl\\\/#organization\"},\"potentialAction\":[{\"@type\":\"SearchAction\",\"target\":{\"@type\":\"EntryPoint\",\"urlTemplate\":\"https:\\\/\\\/www.greeneggtotaal.nl\\\/nl\\\/?s={search_term_string}\"},\"query-input\":{\"@type\":\"PropertyValueSpecification\",\"valueRequired\":true,\"valueName\":\"search_term_string\"}}],\"inLanguage\":\"de\"},{\"@type\":\"Organization\",\"@id\":\"https:\\\/\\\/www.greeneggtotaal.nl\\\/nl\\\/#organization\",\"name\":\"Green Egg Totaal\",\"url\":\"https:\\\/\\\/www.greeneggtotaal.nl\\\/nl\\\/\",\"logo\":{\"@type\":\"ImageObject\",\"inLanguage\":\"de\",\"@id\":\"https:\\\/\\\/www.greeneggtotaal.nl\\\/nl\\\/#\\\/schema\\\/logo\\\/image\\\/\",\"url\":\"https:\\\/\\\/www.greeneggtotaal.nl\\\/wp-content\\\/uploads\\\/2025\\\/06\\\/Green-Egg-Totaal-Logo.png\",\"contentUrl\":\"https:\\\/\\\/www.greeneggtotaal.nl\\\/wp-content\\\/uploads\\\/2025\\\/06\\\/Green-Egg-Totaal-Logo.png\",\"width\":225,\"height\":95,\"caption\":\"Green Egg Totaal\"},\"image\":{\"@id\":\"https:\\\/\\\/www.greeneggtotaal.nl\\\/nl\\\/#\\\/schema\\\/logo\\\/image\\\/\"}}]}<\/script>\n<!-- \/ Yoast SEO Premium plugin. -->","yoast_head_json":{"title":"Victoria Gusseisen Bratpfanne 14 cm mit Deckel","description":"Kleine Victoria Gusseisenpfanne 14 cm mit Deckel zum gleichm\u00e4\u00dfigen Garen, f\u00fcr Eint\u00f6pfe und So\u00dfen, geeignet f\u00fcr Grill, Ofen und Herd.","robots":{"index":"index","follow":"follow","max-snippet":"max-snippet:-1","max-image-preview":"max-image-preview:large","max-video-preview":"max-video-preview:-1"},"canonical":"https:\/\/www.greeneggtotaal.nl\/de\/product\/victoria-gusseisenpfanne-14-cm-mit-deckel\/","og_locale":"de_DE","og_type":"article","og_title":"Victoria Gietijzeren Braad Pan 14 cm met Deksel","og_description":"Kleine Victoria gietijzeren braadpan 14 cm met deksel voor gelijkmatig garen, stoofjes en sausjes, geschikt voor BBQ, oven en fornuis.","og_url":"https:\/\/www.greeneggtotaal.nl\/de\/product\/victoria-gusseisenpfanne-14-cm-mit-deckel\/","og_site_name":"GreenEggTotaal","article_modified_time":"2026-02-10T08:01:22+00:00","og_image":[{"width":500,"height":500,"url":"https:\/\/www.greeneggtotaal.nl\/wp-content\/uploads\/2025\/08\/skl-206-with-lid-600x600-1.webp","type":"image\/webp"}],"twitter_card":"summary_large_image","twitter_misc":{"Gesch\u00e4tzte Lesezeit":"1\u00a0Minute"},"schema":{"@context":"https:\/\/schema.org","@graph":[{"@type":"WebPage","@id":"https:\/\/www.greeneggtotaal.nl\/product\/victoria-gietijzeren-braad-pan-14-cm-met-deksel\/","url":"https:\/\/www.greeneggtotaal.nl\/product\/victoria-gietijzeren-braad-pan-14-cm-met-deksel\/","name":"Victoria Gusseisen Bratpfanne 14 cm mit Deckel","isPartOf":{"@id":"https:\/\/www.greeneggtotaal.nl\/nl\/#website"},"primaryImageOfPage":{"@id":"https:\/\/www.greeneggtotaal.nl\/product\/victoria-gietijzeren-braad-pan-14-cm-met-deksel\/#primaryimage"},"image":{"@id":"https:\/\/www.greeneggtotaal.nl\/product\/victoria-gietijzeren-braad-pan-14-cm-met-deksel\/#primaryimage"},"thumbnailUrl":"https:\/\/www.greeneggtotaal.nl\/wp-content\/uploads\/2025\/08\/skl-206-with-lid-600x600-1.webp","datePublished":"2025-06-16T09:05:58+00:00","dateModified":"2026-02-10T08:01:22+00:00","description":"Kleine Victoria Gusseisenpfanne 14 cm mit Deckel zum gleichm\u00e4\u00dfigen Garen, f\u00fcr Eint\u00f6pfe und So\u00dfen, geeignet f\u00fcr Grill, Ofen und Herd.","breadcrumb":{"@id":"https:\/\/www.greeneggtotaal.nl\/product\/victoria-gietijzeren-braad-pan-14-cm-met-deksel\/#breadcrumb"},"inLanguage":"de","potentialAction":[{"@type":"ReadAction","target":["https:\/\/www.greeneggtotaal.nl\/product\/victoria-gietijzeren-braad-pan-14-cm-met-deksel\/"]}]},{"@type":"ImageObject","inLanguage":"de","@id":"https:\/\/www.greeneggtotaal.nl\/product\/victoria-gietijzeren-braad-pan-14-cm-met-deksel\/#primaryimage","url":"https:\/\/www.greeneggtotaal.nl\/wp-content\/uploads\/2025\/08\/skl-206-with-lid-600x600-1.webp","contentUrl":"https:\/\/www.greeneggtotaal.nl\/wp-content\/uploads\/2025\/08\/skl-206-with-lid-600x600-1.webp","width":500,"height":500,"caption":"Victoria Gietijzeren Braad Pan 14 cm met Deksel"},{"@type":"BreadcrumbList","@id":"https:\/\/www.greeneggtotaal.nl\/product\/victoria-gietijzeren-braad-pan-14-cm-met-deksel\/#breadcrumb","itemListElement":[{"@type":"ListItem","position":1,"name":"Home","item":"https:\/\/www.greeneggtotaal.nl\/"},{"@type":"ListItem","position":2,"name":"Shop","item":"https:\/\/www.greeneggtotaal.nl\/nl\/shop\/"},{"@type":"ListItem","position":3,"name":"Victoria Gietijzeren Braad Pan 14 cm met Deksel"}]},{"@type":"WebSite","@id":"https:\/\/www.greeneggtotaal.nl\/nl\/#website","url":"https:\/\/www.greeneggtotaal.nl\/nl\/","name":"greeneggtotaal.nl","description":"Der Big Green Egg Spezialist","publisher":{"@id":"https:\/\/www.greeneggtotaal.nl\/nl\/#organization"},"potentialAction":[{"@type":"SearchAction","target":{"@type":"EntryPoint","urlTemplate":"https:\/\/www.greeneggtotaal.nl\/nl\/?s={search_term_string}"},"query-input":{"@type":"PropertyValueSpecification","valueRequired":true,"valueName":"search_term_string"}}],"inLanguage":"de"},{"@type":"Organization","@id":"https:\/\/www.greeneggtotaal.nl\/nl\/#organization","name":"Green Egg Totaal","url":"https:\/\/www.greeneggtotaal.nl\/nl\/","logo":{"@type":"ImageObject","inLanguage":"de","@id":"https:\/\/www.greeneggtotaal.nl\/nl\/#\/schema\/logo\/image\/","url":"https:\/\/www.greeneggtotaal.nl\/wp-content\/uploads\/2025\/06\/Green-Egg-Totaal-Logo.png","contentUrl":"https:\/\/www.greeneggtotaal.nl\/wp-content\/uploads\/2025\/06\/Green-Egg-Totaal-Logo.png","width":225,"height":95,"caption":"Green Egg Totaal"},"image":{"@id":"https:\/\/www.greeneggtotaal.nl\/nl\/#\/schema\/logo\/image\/"}}]}},"_links":{"self":[{"href":"https:\/\/www.greeneggtotaal.nl\/de\/wp-json\/wp\/v2\/product\/5536","targetHints":{"allow":["GET"]}}],"collection":[{"href":"https:\/\/www.greeneggtotaal.nl\/de\/wp-json\/wp\/v2\/product"}],"about":[{"href":"https:\/\/www.greeneggtotaal.nl\/de\/wp-json\/wp\/v2\/types\/product"}],"wp:featuredmedia":[{"embeddable":true,"href":"https:\/\/www.greeneggtotaal.nl\/de\/wp-json\/wp\/v2\/media\/10769"}],"wp:attachment":[{"href":"https:\/\/www.greeneggtotaal.nl\/de\/wp-json\/wp\/v2\/media?parent=5536"}],"wp:term":[{"taxonomy":"product_brand","embeddable":true,"href":"https:\/\/www.greeneggtotaal.nl\/de\/wp-json\/wp\/v2\/product_brand?post=5536"},{"taxonomy":"product_cat","embeddable":true,"href":"https:\/\/www.greeneggtotaal.nl\/de\/wp-json\/wp\/v2\/product_cat?post=5536"},{"taxonomy":"product_tag","embeddable":true,"href":"https:\/\/www.greeneggtotaal.nl\/de\/wp-json\/wp\/v2\/product_tag?post=5536"}],"curies":[{"name":"wp","href":"https:\/\/api.w.org\/{rel}","templated":true}]}}