{"id":5567,"date":"2025-06-16T11:06:15","date_gmt":"2025-06-16T09:06:15","guid":{"rendered":"https:\/\/baselinkweb.nl\/greeneggtotaal\/product\/the-windmill-burgerijzer-met-korte-handvaten\/"},"modified":"2026-01-05T16:31:07","modified_gmt":"2026-01-05T15:31:07","slug":"das-windmuhlen-burger-eisen-mit-kurzen-griffen","status":"publish","type":"product","link":"https:\/\/www.greeneggtotaal.nl\/de\/product\/the-windmill-burgerijzer-met-korte-handvaten\/","title":{"rendered":"Das Windm\u00fchlen-Burger-Eisen mit kurzen Griffen"},"content":{"rendered":"<p>Typische Kuchenbleche haben lange Edelstahlstiele mit Holzgriffen, die speziell f\u00fcr das Backen \u00fcber dem Lagerfeuer entwickelt wurden. Diese Torteneisen haben einen modifizierten und k\u00fcrzeren Griff. Dies ist ideal f\u00fcr die Verwendung auf Ihrem Grill.<\/p>\n<p>Das Burger-Eisen hat eine runde Form und Schlitze, durch die die Feuchtigkeit abflie\u00dfen kann. Neben Burgern k\u00f6nnen Sie darin zum Beispiel auch Fisch- oder Gem\u00fcsew\u00fcrfel zubereiten.<\/p>\n<p>Abmessungen: L \u00d7 H =: 450 \u00d7 105 mm.<\/p>","protected":false},"excerpt":{"rendered":"<p>Kenmerkend aan de pie irons zijn de lange RVS stelen met houten handvaten, speciaal ontworpen om boven een kampvuur te bakken. Deze pie irons hebben een aangepast en korter handvat. Dit is ideaal om te gebruiken op bijvoorbeeld je barbecue. Het burgerijzer heeft een ronde vorm en sleuven zodat het vocht eruit kan lopen. Naast [&hellip;]<\/p>\n","protected":false},"featured_media":10788,"template":"","meta":[],"product_brand":[231],"product_cat":[66],"product_tag":[],"class_list":{"0":"post-5567","1":"product","2":"type-product","3":"status-publish","4":"has-post-thumbnail","6":"product_brand-the-windmill","7":"product_cat-the-windmill-gietijzer","9":"first","10":"instock","11":"taxable","12":"shipping-taxable","13":"purchasable","14":"product-type-simple"},"yoast_head":"<!-- This site is optimized with the Yoast SEO Premium plugin v27.4 (Yoast SEO v27.4) - https:\/\/yoast.com\/product\/yoast-seo-premium-wordpress\/ -->\n<title>The Windmill Burgerijzer met korte handvaten<\/title>\n<meta name=\"description\" content=\"The Windmill Burgerijzer met korte handvaten; Kenmerkend aan de pie irons zijn de lange RVS stelen met houten handvaten, speciaal ontworpen.\" \/>\n<meta name=\"robots\" content=\"index, follow, max-snippet:-1, max-image-preview:large, max-video-preview:-1\" \/>\n<link rel=\"canonical\" href=\"https:\/\/www.greeneggtotaal.nl\/de\/product\/das-windmuhlen-burger-eisen-mit-kurzen-griffen\/\" \/>\n<meta property=\"og:locale\" content=\"de_DE\" \/>\n<meta property=\"og:type\" content=\"article\" \/>\n<meta property=\"og:title\" content=\"The Windmill Burgerijzer met korte handvaten\" \/>\n<meta property=\"og:description\" content=\"The Windmill Burgerijzer met korte handvaten; Kenmerkend aan de pie irons zijn de lange RVS stelen met houten handvaten, speciaal ontworpen.\" \/>\n<meta property=\"og:url\" content=\"https:\/\/www.greeneggtotaal.nl\/de\/product\/das-windmuhlen-burger-eisen-mit-kurzen-griffen\/\" \/>\n<meta property=\"og:site_name\" content=\"GreenEggTotaal\" \/>\n<meta property=\"article:modified_time\" content=\"2026-01-05T15:31:07+00:00\" \/>\n<meta property=\"og:image\" content=\"https:\/\/www.greeneggtotaal.nl\/wp-content\/uploads\/2025\/08\/the-windmill-the-windmill-burgerijzer-met-korte-ha.webp\" \/>\n\t<meta property=\"og:image:width\" content=\"500\" \/>\n\t<meta property=\"og:image:height\" content=\"500\" \/>\n\t<meta property=\"og:image:type\" content=\"image\/webp\" \/>\n<meta name=\"twitter:card\" content=\"summary_large_image\" \/>\n<meta name=\"twitter:label1\" content=\"Gesch\u00e4tzte Lesezeit\" \/>\n\t<meta name=\"twitter:data1\" content=\"1\u00a0Minute\" \/>\n<script type=\"application\/ld+json\" class=\"yoast-schema-graph\">{\"@context\":\"https:\\\/\\\/schema.org\",\"@graph\":[{\"@type\":\"WebPage\",\"@id\":\"https:\\\/\\\/www.greeneggtotaal.nl\\\/product\\\/the-windmill-burgerijzer-met-korte-handvaten\\\/\",\"url\":\"https:\\\/\\\/www.greeneggtotaal.nl\\\/product\\\/the-windmill-burgerijzer-met-korte-handvaten\\\/\",\"name\":\"The Windmill Burgerijzer met korte handvaten\",\"isPartOf\":{\"@id\":\"https:\\\/\\\/www.greeneggtotaal.nl\\\/nl\\\/#website\"},\"primaryImageOfPage\":{\"@id\":\"https:\\\/\\\/www.greeneggtotaal.nl\\\/product\\\/the-windmill-burgerijzer-met-korte-handvaten\\\/#primaryimage\"},\"image\":{\"@id\":\"https:\\\/\\\/www.greeneggtotaal.nl\\\/product\\\/the-windmill-burgerijzer-met-korte-handvaten\\\/#primaryimage\"},\"thumbnailUrl\":\"https:\\\/\\\/www.greeneggtotaal.nl\\\/wp-content\\\/uploads\\\/2025\\\/08\\\/the-windmill-the-windmill-burgerijzer-met-korte-ha.webp\",\"datePublished\":\"2025-06-16T09:06:15+00:00\",\"dateModified\":\"2026-01-05T15:31:07+00:00\",\"description\":\"The Windmill Burgerijzer met korte handvaten; Kenmerkend aan de pie irons zijn de lange RVS stelen met houten handvaten, speciaal ontworpen.\",\"breadcrumb\":{\"@id\":\"https:\\\/\\\/www.greeneggtotaal.nl\\\/product\\\/the-windmill-burgerijzer-met-korte-handvaten\\\/#breadcrumb\"},\"inLanguage\":\"de\",\"potentialAction\":[{\"@type\":\"ReadAction\",\"target\":[\"https:\\\/\\\/www.greeneggtotaal.nl\\\/product\\\/the-windmill-burgerijzer-met-korte-handvaten\\\/\"]}]},{\"@type\":\"ImageObject\",\"inLanguage\":\"de\",\"@id\":\"https:\\\/\\\/www.greeneggtotaal.nl\\\/product\\\/the-windmill-burgerijzer-met-korte-handvaten\\\/#primaryimage\",\"url\":\"https:\\\/\\\/www.greeneggtotaal.nl\\\/wp-content\\\/uploads\\\/2025\\\/08\\\/the-windmill-the-windmill-burgerijzer-met-korte-ha.webp\",\"contentUrl\":\"https:\\\/\\\/www.greeneggtotaal.nl\\\/wp-content\\\/uploads\\\/2025\\\/08\\\/the-windmill-the-windmill-burgerijzer-met-korte-ha.webp\",\"width\":500,\"height\":500},{\"@type\":\"BreadcrumbList\",\"@id\":\"https:\\\/\\\/www.greeneggtotaal.nl\\\/product\\\/the-windmill-burgerijzer-met-korte-handvaten\\\/#breadcrumb\",\"itemListElement\":[{\"@type\":\"ListItem\",\"position\":1,\"name\":\"Home\",\"item\":\"https:\\\/\\\/www.greeneggtotaal.nl\\\/\"},{\"@type\":\"ListItem\",\"position\":2,\"name\":\"Shop\",\"item\":\"https:\\\/\\\/www.greeneggtotaal.nl\\\/nl\\\/shop\\\/\"},{\"@type\":\"ListItem\",\"position\":3,\"name\":\"The Windmill Burgerijzer met korte handvaten\"}]},{\"@type\":\"WebSite\",\"@id\":\"https:\\\/\\\/www.greeneggtotaal.nl\\\/nl\\\/#website\",\"url\":\"https:\\\/\\\/www.greeneggtotaal.nl\\\/nl\\\/\",\"name\":\"greeneggtotaal.nl\",\"description\":\"D\u00e9 Big Green Egg Specialist\",\"publisher\":{\"@id\":\"https:\\\/\\\/www.greeneggtotaal.nl\\\/nl\\\/#organization\"},\"potentialAction\":[{\"@type\":\"SearchAction\",\"target\":{\"@type\":\"EntryPoint\",\"urlTemplate\":\"https:\\\/\\\/www.greeneggtotaal.nl\\\/nl\\\/?s={search_term_string}\"},\"query-input\":{\"@type\":\"PropertyValueSpecification\",\"valueRequired\":true,\"valueName\":\"search_term_string\"}}],\"inLanguage\":\"de\"},{\"@type\":\"Organization\",\"@id\":\"https:\\\/\\\/www.greeneggtotaal.nl\\\/nl\\\/#organization\",\"name\":\"Green Egg Totaal\",\"url\":\"https:\\\/\\\/www.greeneggtotaal.nl\\\/nl\\\/\",\"logo\":{\"@type\":\"ImageObject\",\"inLanguage\":\"de\",\"@id\":\"https:\\\/\\\/www.greeneggtotaal.nl\\\/nl\\\/#\\\/schema\\\/logo\\\/image\\\/\",\"url\":\"https:\\\/\\\/www.greeneggtotaal.nl\\\/wp-content\\\/uploads\\\/2025\\\/06\\\/Green-Egg-Totaal-Logo.png\",\"contentUrl\":\"https:\\\/\\\/www.greeneggtotaal.nl\\\/wp-content\\\/uploads\\\/2025\\\/06\\\/Green-Egg-Totaal-Logo.png\",\"width\":225,\"height\":95,\"caption\":\"Green Egg Totaal\"},\"image\":{\"@id\":\"https:\\\/\\\/www.greeneggtotaal.nl\\\/nl\\\/#\\\/schema\\\/logo\\\/image\\\/\"}}]}<\/script>\n<!-- \/ Yoast SEO Premium plugin. -->","yoast_head_json":{"title":"Das Windm\u00fchlen-Burger-Eisen mit kurzen Griffen","description":"The Windmill Burgerijzer mit kurzen Griffen; Charakteristisch f\u00fcr die Pie Irons sind die langen Edelstahlstiele mit speziell entwickelten Holzgriffen.","robots":{"index":"index","follow":"follow","max-snippet":"max-snippet:-1","max-image-preview":"max-image-preview:large","max-video-preview":"max-video-preview:-1"},"canonical":"https:\/\/www.greeneggtotaal.nl\/de\/product\/das-windmuhlen-burger-eisen-mit-kurzen-griffen\/","og_locale":"de_DE","og_type":"article","og_title":"The Windmill Burgerijzer met korte handvaten","og_description":"The Windmill Burgerijzer met korte handvaten; Kenmerkend aan de pie irons zijn de lange RVS stelen met houten handvaten, speciaal ontworpen.","og_url":"https:\/\/www.greeneggtotaal.nl\/de\/product\/das-windmuhlen-burger-eisen-mit-kurzen-griffen\/","og_site_name":"GreenEggTotaal","article_modified_time":"2026-01-05T15:31:07+00:00","og_image":[{"width":500,"height":500,"url":"https:\/\/www.greeneggtotaal.nl\/wp-content\/uploads\/2025\/08\/the-windmill-the-windmill-burgerijzer-met-korte-ha.webp","type":"image\/webp"}],"twitter_card":"summary_large_image","twitter_misc":{"Gesch\u00e4tzte Lesezeit":"1\u00a0Minute"},"schema":{"@context":"https:\/\/schema.org","@graph":[{"@type":"WebPage","@id":"https:\/\/www.greeneggtotaal.nl\/product\/the-windmill-burgerijzer-met-korte-handvaten\/","url":"https:\/\/www.greeneggtotaal.nl\/product\/the-windmill-burgerijzer-met-korte-handvaten\/","name":"Das Windm\u00fchlen-Burger-Eisen mit kurzen Griffen","isPartOf":{"@id":"https:\/\/www.greeneggtotaal.nl\/nl\/#website"},"primaryImageOfPage":{"@id":"https:\/\/www.greeneggtotaal.nl\/product\/the-windmill-burgerijzer-met-korte-handvaten\/#primaryimage"},"image":{"@id":"https:\/\/www.greeneggtotaal.nl\/product\/the-windmill-burgerijzer-met-korte-handvaten\/#primaryimage"},"thumbnailUrl":"https:\/\/www.greeneggtotaal.nl\/wp-content\/uploads\/2025\/08\/the-windmill-the-windmill-burgerijzer-met-korte-ha.webp","datePublished":"2025-06-16T09:06:15+00:00","dateModified":"2026-01-05T15:31:07+00:00","description":"The Windmill Burgerijzer mit kurzen Griffen; Charakteristisch f\u00fcr die Pie Irons sind die langen Edelstahlstiele mit speziell entwickelten Holzgriffen.","breadcrumb":{"@id":"https:\/\/www.greeneggtotaal.nl\/product\/the-windmill-burgerijzer-met-korte-handvaten\/#breadcrumb"},"inLanguage":"de","potentialAction":[{"@type":"ReadAction","target":["https:\/\/www.greeneggtotaal.nl\/product\/the-windmill-burgerijzer-met-korte-handvaten\/"]}]},{"@type":"ImageObject","inLanguage":"de","@id":"https:\/\/www.greeneggtotaal.nl\/product\/the-windmill-burgerijzer-met-korte-handvaten\/#primaryimage","url":"https:\/\/www.greeneggtotaal.nl\/wp-content\/uploads\/2025\/08\/the-windmill-the-windmill-burgerijzer-met-korte-ha.webp","contentUrl":"https:\/\/www.greeneggtotaal.nl\/wp-content\/uploads\/2025\/08\/the-windmill-the-windmill-burgerijzer-met-korte-ha.webp","width":500,"height":500},{"@type":"BreadcrumbList","@id":"https:\/\/www.greeneggtotaal.nl\/product\/the-windmill-burgerijzer-met-korte-handvaten\/#breadcrumb","itemListElement":[{"@type":"ListItem","position":1,"name":"Home","item":"https:\/\/www.greeneggtotaal.nl\/"},{"@type":"ListItem","position":2,"name":"Shop","item":"https:\/\/www.greeneggtotaal.nl\/nl\/shop\/"},{"@type":"ListItem","position":3,"name":"The Windmill Burgerijzer met korte handvaten"}]},{"@type":"WebSite","@id":"https:\/\/www.greeneggtotaal.nl\/nl\/#website","url":"https:\/\/www.greeneggtotaal.nl\/nl\/","name":"greeneggtotaal.nl","description":"Der Big Green Egg Spezialist","publisher":{"@id":"https:\/\/www.greeneggtotaal.nl\/nl\/#organization"},"potentialAction":[{"@type":"SearchAction","target":{"@type":"EntryPoint","urlTemplate":"https:\/\/www.greeneggtotaal.nl\/nl\/?s={search_term_string}"},"query-input":{"@type":"PropertyValueSpecification","valueRequired":true,"valueName":"search_term_string"}}],"inLanguage":"de"},{"@type":"Organization","@id":"https:\/\/www.greeneggtotaal.nl\/nl\/#organization","name":"Green Egg Totaal","url":"https:\/\/www.greeneggtotaal.nl\/nl\/","logo":{"@type":"ImageObject","inLanguage":"de","@id":"https:\/\/www.greeneggtotaal.nl\/nl\/#\/schema\/logo\/image\/","url":"https:\/\/www.greeneggtotaal.nl\/wp-content\/uploads\/2025\/06\/Green-Egg-Totaal-Logo.png","contentUrl":"https:\/\/www.greeneggtotaal.nl\/wp-content\/uploads\/2025\/06\/Green-Egg-Totaal-Logo.png","width":225,"height":95,"caption":"Green Egg Totaal"},"image":{"@id":"https:\/\/www.greeneggtotaal.nl\/nl\/#\/schema\/logo\/image\/"}}]}},"_links":{"self":[{"href":"https:\/\/www.greeneggtotaal.nl\/de\/wp-json\/wp\/v2\/product\/5567","targetHints":{"allow":["GET"]}}],"collection":[{"href":"https:\/\/www.greeneggtotaal.nl\/de\/wp-json\/wp\/v2\/product"}],"about":[{"href":"https:\/\/www.greeneggtotaal.nl\/de\/wp-json\/wp\/v2\/types\/product"}],"wp:featuredmedia":[{"embeddable":true,"href":"https:\/\/www.greeneggtotaal.nl\/de\/wp-json\/wp\/v2\/media\/10788"}],"wp:attachment":[{"href":"https:\/\/www.greeneggtotaal.nl\/de\/wp-json\/wp\/v2\/media?parent=5567"}],"wp:term":[{"taxonomy":"product_brand","embeddable":true,"href":"https:\/\/www.greeneggtotaal.nl\/de\/wp-json\/wp\/v2\/product_brand?post=5567"},{"taxonomy":"product_cat","embeddable":true,"href":"https:\/\/www.greeneggtotaal.nl\/de\/wp-json\/wp\/v2\/product_cat?post=5567"},{"taxonomy":"product_tag","embeddable":true,"href":"https:\/\/www.greeneggtotaal.nl\/de\/wp-json\/wp\/v2\/product_tag?post=5567"}],"curies":[{"name":"wp","href":"https:\/\/api.w.org\/{rel}","templated":true}]}}