{"id":5578,"date":"2025-06-16T11:06:26","date_gmt":"2025-06-16T09:06:26","guid":{"rendered":"https:\/\/baselinkweb.nl\/greeneggtotaal\/product\/the-windmill-dutch-oven-45-qt-limited-edition-geemailleerd\/"},"modified":"2026-01-05T16:31:07","modified_gmt":"2026-01-05T15:31:07","slug":"the-windmill-dutch-oven-45-qt-limited-edition-emailliert","status":"publish","type":"product","link":"https:\/\/www.greeneggtotaal.nl\/de\/product\/the-windmill-dutch-oven-45-qt-limited-edition-geemailleerd\/","title":{"rendered":"Die Windm\u00fchle Dutch Oven 4,5 Qt Limited Edition emailliert"},"content":{"rendered":"<p>Der Dutch Oven ist eine niederl\u00e4ndische Erfindung. Eine multifunktionale Pfanne aus Gusseisen. Diese Limited Edition hat ein modernes Aussehen, das es so noch nie gegeben hat. Schlanke, stabile F\u00fc\u00dfe an den Seiten der Pfanne, zwei Griffe auf beiden Seiten und ein spezieller \u2018Limited Edition\u2019-Deckel. Au\u00dferdem ist diese Variante emailliert, was bedeutet, dass Sie die Pfanne sofort verwenden k\u00f6nnen und sie nicht mit Fett behandeln m\u00fcssen: Alle Vorteile von Gusseisen und die Einfachheit von Emaille. Bitte beachten Sie, dass Sie diesen speziellen Dutch Oven in limitierter Auflage im Gegensatz zu den normalen Dutch Ovens nicht aufh\u00e4ngen k\u00f6nnen.<\/p>\n<p>Der Dutch Oven verdankt seinen Namen der Tatsache, dass er einfach als Ofen verwendet werden kann, indem man die Pfanne von oben und unten erhitzt. Dies kann sowohl mit Holz, Holzkohle oder Briketts erfolgen. Die Pfanne besteht vollst\u00e4ndig aus Gusseisen, sodass Dutch Ovens auf jeder W\u00e4rmequelle verwendet werden k\u00f6nnen. Gusseisen hat die Eigenschaft, dass es W\u00e4rme gut leitet und au\u00dferdem lange speichert. Stellen Sie die Pfanne direkt ins Feuer, auf einen Feuerrost, in Ihren Feuerkorb oder auf den Grill. Wenn es drau\u00dfen nicht trocken genug ist, k\u00f6nnen Sie die Pfanne sogar drinnen auf Ihrem Gasherd oder in Ihrem Backofen verwenden.<\/p>\n<p>So k\u00f6nnen Sie den Dutch Oven zum Backen und Braten, zum Zubereiten von Eint\u00f6pfen, zum Backen von Kuchen, Brownies, Aufl\u00e4ufen usw. verwenden. Einfach \u00d6l hineingeben, man kann sogar \u00d6lb\u00e4llchen backen.<\/p>\n<p><strong>Deckel<\/strong><\/p>\n<p>Der Deckel der Pfanne hat praktische F\u00fc\u00dfe. Drehen Sie den Deckel um und stellen Sie ihn mit den F\u00fc\u00dfen auf Briketts, Holzkohle oder ins Feuer und verwenden Sie ihn als Backblech. Noch ein Tipp: Backen Sie zum Beispiel eine leckere Pizza darauf und stellen Sie dann die Pfanne dar\u00fcber. Au\u00dferdem sind die F\u00fc\u00dfe am Deckel praktisch zum \u2018Stapeln\u2018. Das bedeutet, dass Sie die Dutch Ovens aufeinanderstapeln k\u00f6nnen. Dies wird auch als \u2019Stapeln\u2018 bezeichnet, und diese Dutch Ovens in limitierter Auflage wurden sogar speziell daf\u00fcr entwickelt. Sie k\u00f6nnen auch eine gusseiserne Bratpfanne oder eine BBQ-Pfanne auf den Dutch Oven stellen.<\/p>\n<p>&nbsp;<\/p>\n<p>Abmessungen: 29,5 x 25,5 x 16,5 cm<\/p>","protected":false},"excerpt":{"rendered":"<p>De Dutch Oven is een Nederlandse uitvinding. Een multifunctionele, gietijzeren pan. Deze limited edition heeft een moderne uitstraling welke nog niet eerder vertoond is. Strakke stevige poten langs de zijkant van de pan, 2 handvaten aan weerszijde en een speciale &#8216;limited edition&#8217; deksel. Bovendien is deze variant ge\u00ebmailleerd, dat betekent dat je de pan direct [&hellip;]<\/p>\n","protected":false},"featured_media":11016,"template":"","meta":[],"product_brand":[231],"product_cat":[66],"product_tag":[],"class_list":{"0":"post-5578","1":"product","2":"type-product","3":"status-publish","4":"has-post-thumbnail","6":"product_brand-the-windmill","7":"product_cat-the-windmill-gietijzer","9":"first","10":"instock","11":"taxable","12":"shipping-taxable","13":"purchasable","14":"product-type-simple"},"yoast_head":"<!-- This site is optimized with the Yoast SEO Premium plugin v27.4 (Yoast SEO v27.4) - https:\/\/yoast.com\/product\/yoast-seo-premium-wordpress\/ -->\n<title>The Windmill Dutch Oven 4,5 Qt Limited Edition Ge\u00ebmailleerd<\/title>\n<meta name=\"description\" content=\"De Dutch Oven is een Nederlandse uitvinding. Een gietijzeren pan. Deze limited edition heeft een moderne uitstraling welke nog niet eerder vertoond is.\" \/>\n<meta name=\"robots\" content=\"index, follow, max-snippet:-1, max-image-preview:large, max-video-preview:-1\" \/>\n<link rel=\"canonical\" href=\"https:\/\/www.greeneggtotaal.nl\/de\/product\/the-windmill-dutch-oven-45-qt-limited-edition-emailliert\/\" \/>\n<meta property=\"og:locale\" content=\"de_DE\" \/>\n<meta property=\"og:type\" content=\"article\" \/>\n<meta property=\"og:title\" content=\"The Windmill Dutch Oven 4,5 Qt Limited Edition Ge\u00ebmailleerd\" \/>\n<meta property=\"og:description\" content=\"De Dutch Oven is een Nederlandse uitvinding. Een gietijzeren pan. Deze limited edition heeft een moderne uitstraling welke nog niet eerder vertoond is.\" \/>\n<meta property=\"og:url\" content=\"https:\/\/www.greeneggtotaal.nl\/de\/product\/the-windmill-dutch-oven-45-qt-limited-edition-emailliert\/\" \/>\n<meta property=\"og:site_name\" content=\"GreenEggTotaal\" \/>\n<meta property=\"article:modified_time\" content=\"2026-01-05T15:31:07+00:00\" \/>\n<meta property=\"og:image\" content=\"https:\/\/www.greeneggtotaal.nl\/wp-content\/uploads\/2025\/08\/the-windmill-the-windmill-dutch-oven-45-qt-limited-3.webp\" \/>\n\t<meta property=\"og:image:width\" content=\"500\" \/>\n\t<meta property=\"og:image:height\" content=\"500\" \/>\n\t<meta property=\"og:image:type\" content=\"image\/webp\" \/>\n<meta name=\"twitter:card\" content=\"summary_large_image\" \/>\n<meta name=\"twitter:label1\" content=\"Gesch\u00e4tzte Lesezeit\" \/>\n\t<meta name=\"twitter:data1\" content=\"2\u00a0Minuten\" \/>\n<script type=\"application\/ld+json\" class=\"yoast-schema-graph\">{\"@context\":\"https:\\\/\\\/schema.org\",\"@graph\":[{\"@type\":\"WebPage\",\"@id\":\"https:\\\/\\\/www.greeneggtotaal.nl\\\/product\\\/the-windmill-dutch-oven-45-qt-limited-edition-geemailleerd\\\/\",\"url\":\"https:\\\/\\\/www.greeneggtotaal.nl\\\/product\\\/the-windmill-dutch-oven-45-qt-limited-edition-geemailleerd\\\/\",\"name\":\"The Windmill Dutch Oven 4,5 Qt Limited Edition Ge\u00ebmailleerd\",\"isPartOf\":{\"@id\":\"https:\\\/\\\/www.greeneggtotaal.nl\\\/nl\\\/#website\"},\"primaryImageOfPage\":{\"@id\":\"https:\\\/\\\/www.greeneggtotaal.nl\\\/product\\\/the-windmill-dutch-oven-45-qt-limited-edition-geemailleerd\\\/#primaryimage\"},\"image\":{\"@id\":\"https:\\\/\\\/www.greeneggtotaal.nl\\\/product\\\/the-windmill-dutch-oven-45-qt-limited-edition-geemailleerd\\\/#primaryimage\"},\"thumbnailUrl\":\"https:\\\/\\\/www.greeneggtotaal.nl\\\/wp-content\\\/uploads\\\/2025\\\/08\\\/the-windmill-the-windmill-dutch-oven-45-qt-limited-3.webp\",\"datePublished\":\"2025-06-16T09:06:26+00:00\",\"dateModified\":\"2026-01-05T15:31:07+00:00\",\"description\":\"De Dutch Oven is een Nederlandse uitvinding. Een gietijzeren pan. Deze limited edition heeft een moderne uitstraling welke nog niet eerder vertoond is.\",\"breadcrumb\":{\"@id\":\"https:\\\/\\\/www.greeneggtotaal.nl\\\/product\\\/the-windmill-dutch-oven-45-qt-limited-edition-geemailleerd\\\/#breadcrumb\"},\"inLanguage\":\"de\",\"potentialAction\":[{\"@type\":\"ReadAction\",\"target\":[\"https:\\\/\\\/www.greeneggtotaal.nl\\\/product\\\/the-windmill-dutch-oven-45-qt-limited-edition-geemailleerd\\\/\"]}]},{\"@type\":\"ImageObject\",\"inLanguage\":\"de\",\"@id\":\"https:\\\/\\\/www.greeneggtotaal.nl\\\/product\\\/the-windmill-dutch-oven-45-qt-limited-edition-geemailleerd\\\/#primaryimage\",\"url\":\"https:\\\/\\\/www.greeneggtotaal.nl\\\/wp-content\\\/uploads\\\/2025\\\/08\\\/the-windmill-the-windmill-dutch-oven-45-qt-limited-3.webp\",\"contentUrl\":\"https:\\\/\\\/www.greeneggtotaal.nl\\\/wp-content\\\/uploads\\\/2025\\\/08\\\/the-windmill-the-windmill-dutch-oven-45-qt-limited-3.webp\",\"width\":500,\"height\":500,\"caption\":\"The Windmill Dutch Oven 4,5 Qt Limited Edition Ge\u00ebmailleerd\"},{\"@type\":\"BreadcrumbList\",\"@id\":\"https:\\\/\\\/www.greeneggtotaal.nl\\\/product\\\/the-windmill-dutch-oven-45-qt-limited-edition-geemailleerd\\\/#breadcrumb\",\"itemListElement\":[{\"@type\":\"ListItem\",\"position\":1,\"name\":\"Home\",\"item\":\"https:\\\/\\\/www.greeneggtotaal.nl\\\/\"},{\"@type\":\"ListItem\",\"position\":2,\"name\":\"Shop\",\"item\":\"https:\\\/\\\/www.greeneggtotaal.nl\\\/nl\\\/shop\\\/\"},{\"@type\":\"ListItem\",\"position\":3,\"name\":\"The Windmill Dutch Oven 4,5 Qt Limited Edition Ge\u00ebmailleerd\"}]},{\"@type\":\"WebSite\",\"@id\":\"https:\\\/\\\/www.greeneggtotaal.nl\\\/nl\\\/#website\",\"url\":\"https:\\\/\\\/www.greeneggtotaal.nl\\\/nl\\\/\",\"name\":\"greeneggtotaal.nl\",\"description\":\"D\u00e9 Big Green Egg Specialist\",\"publisher\":{\"@id\":\"https:\\\/\\\/www.greeneggtotaal.nl\\\/nl\\\/#organization\"},\"potentialAction\":[{\"@type\":\"SearchAction\",\"target\":{\"@type\":\"EntryPoint\",\"urlTemplate\":\"https:\\\/\\\/www.greeneggtotaal.nl\\\/nl\\\/?s={search_term_string}\"},\"query-input\":{\"@type\":\"PropertyValueSpecification\",\"valueRequired\":true,\"valueName\":\"search_term_string\"}}],\"inLanguage\":\"de\"},{\"@type\":\"Organization\",\"@id\":\"https:\\\/\\\/www.greeneggtotaal.nl\\\/nl\\\/#organization\",\"name\":\"Green Egg Totaal\",\"url\":\"https:\\\/\\\/www.greeneggtotaal.nl\\\/nl\\\/\",\"logo\":{\"@type\":\"ImageObject\",\"inLanguage\":\"de\",\"@id\":\"https:\\\/\\\/www.greeneggtotaal.nl\\\/nl\\\/#\\\/schema\\\/logo\\\/image\\\/\",\"url\":\"https:\\\/\\\/www.greeneggtotaal.nl\\\/wp-content\\\/uploads\\\/2025\\\/06\\\/Green-Egg-Totaal-Logo.png\",\"contentUrl\":\"https:\\\/\\\/www.greeneggtotaal.nl\\\/wp-content\\\/uploads\\\/2025\\\/06\\\/Green-Egg-Totaal-Logo.png\",\"width\":225,\"height\":95,\"caption\":\"Green Egg Totaal\"},\"image\":{\"@id\":\"https:\\\/\\\/www.greeneggtotaal.nl\\\/nl\\\/#\\\/schema\\\/logo\\\/image\\\/\"}}]}<\/script>\n<!-- \/ Yoast SEO Premium plugin. -->","yoast_head_json":{"title":"Die Windm\u00fchle Dutch Oven 4,5 Qt Limited Edition emailliert","description":"Der Dutch Oven ist eine niederl\u00e4ndische Erfindung. Eine Pfanne aus Gusseisen. Diese Limited Edition hat ein modernes Aussehen, das es bisher noch nicht gab.","robots":{"index":"index","follow":"follow","max-snippet":"max-snippet:-1","max-image-preview":"max-image-preview:large","max-video-preview":"max-video-preview:-1"},"canonical":"https:\/\/www.greeneggtotaal.nl\/de\/product\/the-windmill-dutch-oven-45-qt-limited-edition-emailliert\/","og_locale":"de_DE","og_type":"article","og_title":"The Windmill Dutch Oven 4,5 Qt Limited Edition Ge\u00ebmailleerd","og_description":"De Dutch Oven is een Nederlandse uitvinding. Een gietijzeren pan. Deze limited edition heeft een moderne uitstraling welke nog niet eerder vertoond is.","og_url":"https:\/\/www.greeneggtotaal.nl\/de\/product\/the-windmill-dutch-oven-45-qt-limited-edition-emailliert\/","og_site_name":"GreenEggTotaal","article_modified_time":"2026-01-05T15:31:07+00:00","og_image":[{"width":500,"height":500,"url":"https:\/\/www.greeneggtotaal.nl\/wp-content\/uploads\/2025\/08\/the-windmill-the-windmill-dutch-oven-45-qt-limited-3.webp","type":"image\/webp"}],"twitter_card":"summary_large_image","twitter_misc":{"Gesch\u00e4tzte Lesezeit":"2\u00a0Minuten"},"schema":{"@context":"https:\/\/schema.org","@graph":[{"@type":"WebPage","@id":"https:\/\/www.greeneggtotaal.nl\/product\/the-windmill-dutch-oven-45-qt-limited-edition-geemailleerd\/","url":"https:\/\/www.greeneggtotaal.nl\/product\/the-windmill-dutch-oven-45-qt-limited-edition-geemailleerd\/","name":"Die Windm\u00fchle Dutch Oven 4,5 Qt Limited Edition emailliert","isPartOf":{"@id":"https:\/\/www.greeneggtotaal.nl\/nl\/#website"},"primaryImageOfPage":{"@id":"https:\/\/www.greeneggtotaal.nl\/product\/the-windmill-dutch-oven-45-qt-limited-edition-geemailleerd\/#primaryimage"},"image":{"@id":"https:\/\/www.greeneggtotaal.nl\/product\/the-windmill-dutch-oven-45-qt-limited-edition-geemailleerd\/#primaryimage"},"thumbnailUrl":"https:\/\/www.greeneggtotaal.nl\/wp-content\/uploads\/2025\/08\/the-windmill-the-windmill-dutch-oven-45-qt-limited-3.webp","datePublished":"2025-06-16T09:06:26+00:00","dateModified":"2026-01-05T15:31:07+00:00","description":"Der Dutch Oven ist eine niederl\u00e4ndische Erfindung. Eine Pfanne aus Gusseisen. Diese Limited Edition hat ein modernes Aussehen, das es bisher noch nicht gab.","breadcrumb":{"@id":"https:\/\/www.greeneggtotaal.nl\/product\/the-windmill-dutch-oven-45-qt-limited-edition-geemailleerd\/#breadcrumb"},"inLanguage":"de","potentialAction":[{"@type":"ReadAction","target":["https:\/\/www.greeneggtotaal.nl\/product\/the-windmill-dutch-oven-45-qt-limited-edition-geemailleerd\/"]}]},{"@type":"ImageObject","inLanguage":"de","@id":"https:\/\/www.greeneggtotaal.nl\/product\/the-windmill-dutch-oven-45-qt-limited-edition-geemailleerd\/#primaryimage","url":"https:\/\/www.greeneggtotaal.nl\/wp-content\/uploads\/2025\/08\/the-windmill-the-windmill-dutch-oven-45-qt-limited-3.webp","contentUrl":"https:\/\/www.greeneggtotaal.nl\/wp-content\/uploads\/2025\/08\/the-windmill-the-windmill-dutch-oven-45-qt-limited-3.webp","width":500,"height":500,"caption":"The Windmill Dutch Oven 4,5 Qt Limited Edition Ge\u00ebmailleerd"},{"@type":"BreadcrumbList","@id":"https:\/\/www.greeneggtotaal.nl\/product\/the-windmill-dutch-oven-45-qt-limited-edition-geemailleerd\/#breadcrumb","itemListElement":[{"@type":"ListItem","position":1,"name":"Home","item":"https:\/\/www.greeneggtotaal.nl\/"},{"@type":"ListItem","position":2,"name":"Shop","item":"https:\/\/www.greeneggtotaal.nl\/nl\/shop\/"},{"@type":"ListItem","position":3,"name":"The Windmill Dutch Oven 4,5 Qt Limited Edition Ge\u00ebmailleerd"}]},{"@type":"WebSite","@id":"https:\/\/www.greeneggtotaal.nl\/nl\/#website","url":"https:\/\/www.greeneggtotaal.nl\/nl\/","name":"greeneggtotaal.nl","description":"Der Big Green Egg Spezialist","publisher":{"@id":"https:\/\/www.greeneggtotaal.nl\/nl\/#organization"},"potentialAction":[{"@type":"SearchAction","target":{"@type":"EntryPoint","urlTemplate":"https:\/\/www.greeneggtotaal.nl\/nl\/?s={search_term_string}"},"query-input":{"@type":"PropertyValueSpecification","valueRequired":true,"valueName":"search_term_string"}}],"inLanguage":"de"},{"@type":"Organization","@id":"https:\/\/www.greeneggtotaal.nl\/nl\/#organization","name":"Green Egg Totaal","url":"https:\/\/www.greeneggtotaal.nl\/nl\/","logo":{"@type":"ImageObject","inLanguage":"de","@id":"https:\/\/www.greeneggtotaal.nl\/nl\/#\/schema\/logo\/image\/","url":"https:\/\/www.greeneggtotaal.nl\/wp-content\/uploads\/2025\/06\/Green-Egg-Totaal-Logo.png","contentUrl":"https:\/\/www.greeneggtotaal.nl\/wp-content\/uploads\/2025\/06\/Green-Egg-Totaal-Logo.png","width":225,"height":95,"caption":"Green Egg Totaal"},"image":{"@id":"https:\/\/www.greeneggtotaal.nl\/nl\/#\/schema\/logo\/image\/"}}]}},"_links":{"self":[{"href":"https:\/\/www.greeneggtotaal.nl\/de\/wp-json\/wp\/v2\/product\/5578","targetHints":{"allow":["GET"]}}],"collection":[{"href":"https:\/\/www.greeneggtotaal.nl\/de\/wp-json\/wp\/v2\/product"}],"about":[{"href":"https:\/\/www.greeneggtotaal.nl\/de\/wp-json\/wp\/v2\/types\/product"}],"wp:featuredmedia":[{"embeddable":true,"href":"https:\/\/www.greeneggtotaal.nl\/de\/wp-json\/wp\/v2\/media\/11016"}],"wp:attachment":[{"href":"https:\/\/www.greeneggtotaal.nl\/de\/wp-json\/wp\/v2\/media?parent=5578"}],"wp:term":[{"taxonomy":"product_brand","embeddable":true,"href":"https:\/\/www.greeneggtotaal.nl\/de\/wp-json\/wp\/v2\/product_brand?post=5578"},{"taxonomy":"product_cat","embeddable":true,"href":"https:\/\/www.greeneggtotaal.nl\/de\/wp-json\/wp\/v2\/product_cat?post=5578"},{"taxonomy":"product_tag","embeddable":true,"href":"https:\/\/www.greeneggtotaal.nl\/de\/wp-json\/wp\/v2\/product_tag?post=5578"}],"curies":[{"name":"wp","href":"https:\/\/api.w.org\/{rel}","templated":true}]}}