{"id":5659,"date":"2025-06-16T11:06:58","date_gmt":"2025-06-16T09:06:58","guid":{"rendered":"https:\/\/baselinkweb.nl\/greeneggtotaal\/product\/the-windmill-skillet-s-met-2-handvatten\/"},"modified":"2026-01-05T16:31:04","modified_gmt":"2026-01-05T15:31:04","slug":"die-windmill-pfanne-mit-2-griffen","status":"publish","type":"product","link":"https:\/\/www.greeneggtotaal.nl\/de\/product\/the-windmill-skillet-s-met-2-handvatten\/","title":{"rendered":"Das Windmill Skillet S mit 2 Griffen"},"content":{"rendered":"<p>Die gusseiserne Pfanne mit zwei Griffen von The Windmill wurde so entwickelt, dass sie perfekt in Ihren Grill, Backofen oder Kamado passt, wenn der Deckel oder die T\u00fcr geschlossen ist. Dank der beiden Griffe l\u00e4sst sich die Pfanne leicht bewegen, egal ob Sie ein Spiegelei braten oder einen Eintopf zubereiten.<\/p>\n<p>Diese Pfanne eignet sich hervorragend als Bratpfanne. Sie k\u00f6nnen darin sch\u00f6ne gro\u00dfe Fleischst\u00fccke garen, aber auch Aufl\u00e4ufe, Lasagne und Kartoffelgratin zubereiten. Was diese Pfanne so besonders macht, ist die gleichm\u00e4\u00dfige W\u00e4rmeverteilung. Ihre Gerichte werden perfekt gegart, ohne dass Sie sich um Hotspots sorgen m\u00fcssen. Au\u00dferdem h\u00e4lt Gusseisen ein Leben lang. Je \u00f6fter Sie die Pfanne verwenden, desto besser wird sie. Mit der Zeit bildet sich eine nat\u00fcrliche Antihaftbeschichtung, die mit jedem Gebrauch besser wird. Egal, ob Sie ein erfahrener Koch sind oder einfach gerne f\u00fcr Ihre Freunde und Familie kochen, diese Pfanne ist genau das Richtige f\u00fcr Sie.<\/p>\n<p>Sie k\u00f6nnen ihn auf fast jeder W\u00e4rmequelle verwenden, egal ob Sie drinnen oder drau\u00dfen kochen, dieser Topf steht f\u00fcr Sie bereit.<\/p>","protected":false},"excerpt":{"rendered":"<p>De gietijzeren skillet met 2 handvatten van The Windmill is ontwikkelt om perfect in je barbeque, oven of Kamado te passen met de deksel of deur gesloten. De twee handvatten zorgen ervoor dat je de pan eenvoudig kunt verplaatsen, of je nu een eitje bakt of een stoofpot maakt. Deze pan is super te gebruiken [&hellip;]<\/p>\n","protected":false},"featured_media":42238,"template":"","meta":[],"product_brand":[231],"product_cat":[66],"product_tag":[],"class_list":{"0":"post-5659","1":"product","2":"type-product","3":"status-publish","4":"has-post-thumbnail","6":"product_brand-the-windmill","7":"product_cat-the-windmill-gietijzer","9":"first","10":"instock","11":"taxable","12":"shipping-taxable","13":"purchasable","14":"product-type-simple"},"yoast_head":"<!-- This site is optimized with the Yoast SEO Premium plugin v27.4 (Yoast SEO v27.4) - https:\/\/yoast.com\/product\/yoast-seo-premium-wordpress\/ -->\n<title>The Windmill Skillet S met 2 handvatten<\/title>\n<meta name=\"description\" content=\"De gietijzeren skillet met 2 handvatten van The Windmill is ontwikkelt om perfect in je barbeque, oven of Kamado te passen met de deksel of deur gesloten.\" \/>\n<meta name=\"robots\" content=\"index, follow, max-snippet:-1, max-image-preview:large, max-video-preview:-1\" \/>\n<link rel=\"canonical\" href=\"https:\/\/www.greeneggtotaal.nl\/de\/product\/die-windmill-pfanne-mit-2-griffen\/\" \/>\n<meta property=\"og:locale\" content=\"de_DE\" \/>\n<meta property=\"og:type\" content=\"article\" \/>\n<meta property=\"og:title\" content=\"The Windmill Skillet S met 2 handvatten\" \/>\n<meta property=\"og:description\" content=\"De gietijzeren skillet met 2 handvatten van The Windmill is ontwikkelt om perfect in je barbeque, oven of Kamado te passen met de deksel of deur gesloten.\" \/>\n<meta property=\"og:url\" content=\"https:\/\/www.greeneggtotaal.nl\/de\/product\/die-windmill-pfanne-mit-2-griffen\/\" \/>\n<meta property=\"og:site_name\" content=\"GreenEggTotaal\" \/>\n<meta property=\"article:modified_time\" content=\"2026-01-05T15:31:04+00:00\" \/>\n<meta property=\"og:image\" content=\"https:\/\/www.greeneggtotaal.nl\/wp-content\/uploads\/2025\/06\/Ontwerp_zonder_titel_-_2025-10-08T111049.311-removebg-preview.webp\" \/>\n\t<meta property=\"og:image:width\" content=\"500\" \/>\n\t<meta property=\"og:image:height\" content=\"500\" \/>\n\t<meta property=\"og:image:type\" content=\"image\/webp\" \/>\n<meta name=\"twitter:card\" content=\"summary_large_image\" \/>\n<meta name=\"twitter:label1\" content=\"Gesch\u00e4tzte Lesezeit\" \/>\n\t<meta name=\"twitter:data1\" content=\"2\u00a0Minuten\" \/>\n<script type=\"application\/ld+json\" class=\"yoast-schema-graph\">{\"@context\":\"https:\\\/\\\/schema.org\",\"@graph\":[{\"@type\":\"WebPage\",\"@id\":\"https:\\\/\\\/www.greeneggtotaal.nl\\\/product\\\/the-windmill-skillet-s-met-2-handvatten\\\/\",\"url\":\"https:\\\/\\\/www.greeneggtotaal.nl\\\/product\\\/the-windmill-skillet-s-met-2-handvatten\\\/\",\"name\":\"The Windmill Skillet S met 2 handvatten\",\"isPartOf\":{\"@id\":\"https:\\\/\\\/www.greeneggtotaal.nl\\\/nl\\\/#website\"},\"primaryImageOfPage\":{\"@id\":\"https:\\\/\\\/www.greeneggtotaal.nl\\\/product\\\/the-windmill-skillet-s-met-2-handvatten\\\/#primaryimage\"},\"image\":{\"@id\":\"https:\\\/\\\/www.greeneggtotaal.nl\\\/product\\\/the-windmill-skillet-s-met-2-handvatten\\\/#primaryimage\"},\"thumbnailUrl\":\"https:\\\/\\\/www.greeneggtotaal.nl\\\/wp-content\\\/uploads\\\/2025\\\/06\\\/Ontwerp_zonder_titel_-_2025-10-08T111049.311-removebg-preview.webp\",\"datePublished\":\"2025-06-16T09:06:58+00:00\",\"dateModified\":\"2026-01-05T15:31:04+00:00\",\"description\":\"De gietijzeren skillet met 2 handvatten van The Windmill is ontwikkelt om perfect in je barbeque, oven of Kamado te passen met de deksel of deur gesloten.\",\"breadcrumb\":{\"@id\":\"https:\\\/\\\/www.greeneggtotaal.nl\\\/product\\\/the-windmill-skillet-s-met-2-handvatten\\\/#breadcrumb\"},\"inLanguage\":\"de\",\"potentialAction\":[{\"@type\":\"ReadAction\",\"target\":[\"https:\\\/\\\/www.greeneggtotaal.nl\\\/product\\\/the-windmill-skillet-s-met-2-handvatten\\\/\"]}]},{\"@type\":\"ImageObject\",\"inLanguage\":\"de\",\"@id\":\"https:\\\/\\\/www.greeneggtotaal.nl\\\/product\\\/the-windmill-skillet-s-met-2-handvatten\\\/#primaryimage\",\"url\":\"https:\\\/\\\/www.greeneggtotaal.nl\\\/wp-content\\\/uploads\\\/2025\\\/06\\\/Ontwerp_zonder_titel_-_2025-10-08T111049.311-removebg-preview.webp\",\"contentUrl\":\"https:\\\/\\\/www.greeneggtotaal.nl\\\/wp-content\\\/uploads\\\/2025\\\/06\\\/Ontwerp_zonder_titel_-_2025-10-08T111049.311-removebg-preview.webp\",\"width\":500,\"height\":500,\"caption\":\"The Windmill Skillet S met 2 handvatten\"},{\"@type\":\"BreadcrumbList\",\"@id\":\"https:\\\/\\\/www.greeneggtotaal.nl\\\/product\\\/the-windmill-skillet-s-met-2-handvatten\\\/#breadcrumb\",\"itemListElement\":[{\"@type\":\"ListItem\",\"position\":1,\"name\":\"Home\",\"item\":\"https:\\\/\\\/www.greeneggtotaal.nl\\\/\"},{\"@type\":\"ListItem\",\"position\":2,\"name\":\"Shop\",\"item\":\"https:\\\/\\\/www.greeneggtotaal.nl\\\/nl\\\/shop\\\/\"},{\"@type\":\"ListItem\",\"position\":3,\"name\":\"The Windmill Skillet S met 2 handvatten\"}]},{\"@type\":\"WebSite\",\"@id\":\"https:\\\/\\\/www.greeneggtotaal.nl\\\/nl\\\/#website\",\"url\":\"https:\\\/\\\/www.greeneggtotaal.nl\\\/nl\\\/\",\"name\":\"greeneggtotaal.nl\",\"description\":\"D\u00e9 Big Green Egg Specialist\",\"publisher\":{\"@id\":\"https:\\\/\\\/www.greeneggtotaal.nl\\\/nl\\\/#organization\"},\"potentialAction\":[{\"@type\":\"SearchAction\",\"target\":{\"@type\":\"EntryPoint\",\"urlTemplate\":\"https:\\\/\\\/www.greeneggtotaal.nl\\\/nl\\\/?s={search_term_string}\"},\"query-input\":{\"@type\":\"PropertyValueSpecification\",\"valueRequired\":true,\"valueName\":\"search_term_string\"}}],\"inLanguage\":\"de\"},{\"@type\":\"Organization\",\"@id\":\"https:\\\/\\\/www.greeneggtotaal.nl\\\/nl\\\/#organization\",\"name\":\"Green Egg Totaal\",\"url\":\"https:\\\/\\\/www.greeneggtotaal.nl\\\/nl\\\/\",\"logo\":{\"@type\":\"ImageObject\",\"inLanguage\":\"de\",\"@id\":\"https:\\\/\\\/www.greeneggtotaal.nl\\\/nl\\\/#\\\/schema\\\/logo\\\/image\\\/\",\"url\":\"https:\\\/\\\/www.greeneggtotaal.nl\\\/wp-content\\\/uploads\\\/2025\\\/06\\\/Green-Egg-Totaal-Logo.png\",\"contentUrl\":\"https:\\\/\\\/www.greeneggtotaal.nl\\\/wp-content\\\/uploads\\\/2025\\\/06\\\/Green-Egg-Totaal-Logo.png\",\"width\":225,\"height\":95,\"caption\":\"Green Egg Totaal\"},\"image\":{\"@id\":\"https:\\\/\\\/www.greeneggtotaal.nl\\\/nl\\\/#\\\/schema\\\/logo\\\/image\\\/\"}}]}<\/script>\n<!-- \/ Yoast SEO Premium plugin. -->","yoast_head_json":{"title":"Das Windmill Skillet S mit 2 Griffen","description":"Die gusseiserne Pfanne mit zwei Griffen von The Windmill wurde so entwickelt, dass sie perfekt in Ihren Grill, Ofen oder Kamado passt, wenn der Deckel oder die T\u00fcr geschlossen ist.","robots":{"index":"index","follow":"follow","max-snippet":"max-snippet:-1","max-image-preview":"max-image-preview:large","max-video-preview":"max-video-preview:-1"},"canonical":"https:\/\/www.greeneggtotaal.nl\/de\/product\/die-windmill-pfanne-mit-2-griffen\/","og_locale":"de_DE","og_type":"article","og_title":"The Windmill Skillet S met 2 handvatten","og_description":"De gietijzeren skillet met 2 handvatten van The Windmill is ontwikkelt om perfect in je barbeque, oven of Kamado te passen met de deksel of deur gesloten.","og_url":"https:\/\/www.greeneggtotaal.nl\/de\/product\/die-windmill-pfanne-mit-2-griffen\/","og_site_name":"GreenEggTotaal","article_modified_time":"2026-01-05T15:31:04+00:00","og_image":[{"width":500,"height":500,"url":"https:\/\/www.greeneggtotaal.nl\/wp-content\/uploads\/2025\/06\/Ontwerp_zonder_titel_-_2025-10-08T111049.311-removebg-preview.webp","type":"image\/webp"}],"twitter_card":"summary_large_image","twitter_misc":{"Gesch\u00e4tzte Lesezeit":"2\u00a0Minuten"},"schema":{"@context":"https:\/\/schema.org","@graph":[{"@type":"WebPage","@id":"https:\/\/www.greeneggtotaal.nl\/product\/the-windmill-skillet-s-met-2-handvatten\/","url":"https:\/\/www.greeneggtotaal.nl\/product\/the-windmill-skillet-s-met-2-handvatten\/","name":"Das Windmill Skillet S mit 2 Griffen","isPartOf":{"@id":"https:\/\/www.greeneggtotaal.nl\/nl\/#website"},"primaryImageOfPage":{"@id":"https:\/\/www.greeneggtotaal.nl\/product\/the-windmill-skillet-s-met-2-handvatten\/#primaryimage"},"image":{"@id":"https:\/\/www.greeneggtotaal.nl\/product\/the-windmill-skillet-s-met-2-handvatten\/#primaryimage"},"thumbnailUrl":"https:\/\/www.greeneggtotaal.nl\/wp-content\/uploads\/2025\/06\/Ontwerp_zonder_titel_-_2025-10-08T111049.311-removebg-preview.webp","datePublished":"2025-06-16T09:06:58+00:00","dateModified":"2026-01-05T15:31:04+00:00","description":"Die gusseiserne Pfanne mit zwei Griffen von The Windmill wurde so entwickelt, dass sie perfekt in Ihren Grill, Ofen oder Kamado passt, wenn der Deckel oder die T\u00fcr geschlossen ist.","breadcrumb":{"@id":"https:\/\/www.greeneggtotaal.nl\/product\/the-windmill-skillet-s-met-2-handvatten\/#breadcrumb"},"inLanguage":"de","potentialAction":[{"@type":"ReadAction","target":["https:\/\/www.greeneggtotaal.nl\/product\/the-windmill-skillet-s-met-2-handvatten\/"]}]},{"@type":"ImageObject","inLanguage":"de","@id":"https:\/\/www.greeneggtotaal.nl\/product\/the-windmill-skillet-s-met-2-handvatten\/#primaryimage","url":"https:\/\/www.greeneggtotaal.nl\/wp-content\/uploads\/2025\/06\/Ontwerp_zonder_titel_-_2025-10-08T111049.311-removebg-preview.webp","contentUrl":"https:\/\/www.greeneggtotaal.nl\/wp-content\/uploads\/2025\/06\/Ontwerp_zonder_titel_-_2025-10-08T111049.311-removebg-preview.webp","width":500,"height":500,"caption":"The Windmill Skillet S met 2 handvatten"},{"@type":"BreadcrumbList","@id":"https:\/\/www.greeneggtotaal.nl\/product\/the-windmill-skillet-s-met-2-handvatten\/#breadcrumb","itemListElement":[{"@type":"ListItem","position":1,"name":"Home","item":"https:\/\/www.greeneggtotaal.nl\/"},{"@type":"ListItem","position":2,"name":"Shop","item":"https:\/\/www.greeneggtotaal.nl\/nl\/shop\/"},{"@type":"ListItem","position":3,"name":"The Windmill Skillet S met 2 handvatten"}]},{"@type":"WebSite","@id":"https:\/\/www.greeneggtotaal.nl\/nl\/#website","url":"https:\/\/www.greeneggtotaal.nl\/nl\/","name":"greeneggtotaal.nl","description":"Der Big Green Egg Spezialist","publisher":{"@id":"https:\/\/www.greeneggtotaal.nl\/nl\/#organization"},"potentialAction":[{"@type":"SearchAction","target":{"@type":"EntryPoint","urlTemplate":"https:\/\/www.greeneggtotaal.nl\/nl\/?s={search_term_string}"},"query-input":{"@type":"PropertyValueSpecification","valueRequired":true,"valueName":"search_term_string"}}],"inLanguage":"de"},{"@type":"Organization","@id":"https:\/\/www.greeneggtotaal.nl\/nl\/#organization","name":"Green Egg Totaal","url":"https:\/\/www.greeneggtotaal.nl\/nl\/","logo":{"@type":"ImageObject","inLanguage":"de","@id":"https:\/\/www.greeneggtotaal.nl\/nl\/#\/schema\/logo\/image\/","url":"https:\/\/www.greeneggtotaal.nl\/wp-content\/uploads\/2025\/06\/Green-Egg-Totaal-Logo.png","contentUrl":"https:\/\/www.greeneggtotaal.nl\/wp-content\/uploads\/2025\/06\/Green-Egg-Totaal-Logo.png","width":225,"height":95,"caption":"Green Egg Totaal"},"image":{"@id":"https:\/\/www.greeneggtotaal.nl\/nl\/#\/schema\/logo\/image\/"}}]}},"_links":{"self":[{"href":"https:\/\/www.greeneggtotaal.nl\/de\/wp-json\/wp\/v2\/product\/5659","targetHints":{"allow":["GET"]}}],"collection":[{"href":"https:\/\/www.greeneggtotaal.nl\/de\/wp-json\/wp\/v2\/product"}],"about":[{"href":"https:\/\/www.greeneggtotaal.nl\/de\/wp-json\/wp\/v2\/types\/product"}],"wp:featuredmedia":[{"embeddable":true,"href":"https:\/\/www.greeneggtotaal.nl\/de\/wp-json\/wp\/v2\/media\/42238"}],"wp:attachment":[{"href":"https:\/\/www.greeneggtotaal.nl\/de\/wp-json\/wp\/v2\/media?parent=5659"}],"wp:term":[{"taxonomy":"product_brand","embeddable":true,"href":"https:\/\/www.greeneggtotaal.nl\/de\/wp-json\/wp\/v2\/product_brand?post=5659"},{"taxonomy":"product_cat","embeddable":true,"href":"https:\/\/www.greeneggtotaal.nl\/de\/wp-json\/wp\/v2\/product_cat?post=5659"},{"taxonomy":"product_tag","embeddable":true,"href":"https:\/\/www.greeneggtotaal.nl\/de\/wp-json\/wp\/v2\/product_tag?post=5659"}],"curies":[{"name":"wp","href":"https:\/\/api.w.org\/{rel}","templated":true}]}}