{"id":5770,"date":"2025-06-16T12:45:30","date_gmt":"2025-06-16T10:45:30","guid":{"rendered":"https:\/\/baselinkweb.nl\/greeneggtotaal\/product\/koken-op-de-big-green-egg-kookboek\/"},"modified":"2026-01-29T12:21:54","modified_gmt":"2026-01-29T11:21:54","slug":"kochen-auf-dem-big-green-egg-kochbuch","status":"publish","type":"product","link":"https:\/\/www.greeneggtotaal.nl\/de\/product\/koken-op-de-big-green-egg-kookboek\/","title":{"rendered":"Kochbuch Kochen auf dem Big Green Egg"},"content":{"rendered":"<p>Lieben Sie es, ausf\u00fchrlich in Ihrer Kochbuchsammlung zu bl\u00e4ttern, bevor Sie die Holzkohle in Ihrem Big Green Egg anz\u00fcnden? Dann ist das Buch \u201eKoken op de Big Green Egg\u201d (Kochen auf dem Big Green Egg) ein Muss f\u00fcr Ihre Sammlung. Denn selbst wenn Sie glauben, schon so ziemlich alles ausprobiert zu haben, werden Sie in diesem Buch noch \u00fcberraschende Rezepte entdecken.Das erste Rezept besteht aus H\u00e4hnchenfl\u00fcgeln, mit denen Big Green Egg-Gr\u00fcnder Ed Fisher bereits 1974 seine Kunden zum Kauf eines Big Green Egg verleitete. Danach folgen 12 Klassiker, von H\u00e4hnchen bis Brisket, in der Reihenfolge ihrer Schwierigkeit. Die \u00fcbrigen Rezepte sind nach verschiedenen Techniken und der Verwendung unterschiedlicher Zubeh\u00f6rteile unterteilt. Ideal, um Ihr EGG noch besser kennenzulernen. Neben Erl\u00e4uterungen zu den Grundlagen, wie dem Anz\u00fcnden der Holzkohle und den verschiedenen Werkzeugen, Techniken und Einstellungen, ist dieses Buch dank der 70 Rezepte des Autors und ehemaligen K\u00fcchenchefs James Whetlor eine gro\u00dfe Inspirationsquelle f\u00fcr alle EGG-Fans. Also auch f\u00fcr Sie!<\/p>","protected":false},"excerpt":{"rendered":"<p>Vind jij het heerlijk om uitgebreid door je collectie kookboeken te bladeren voordat je de houtskool in je Big Green Egg aansteekt? Dan is het boek Koken op de Big Green Egg een must have om aan je verzameling toe te voegen. Want zelfs als je denkt dat je alles al zo\u2019n beetje hebt gemaakt, [&hellip;]<\/p>\n","protected":false},"featured_media":10971,"template":"","meta":[],"product_brand":[229],"product_cat":[73],"product_tag":[],"class_list":{"0":"post-5770","1":"product","2":"type-product","3":"status-publish","4":"has-post-thumbnail","6":"product_brand-big-green-egg","7":"product_cat-kookboeken","9":"first","10":"instock","11":"taxable","12":"shipping-taxable","13":"purchasable","14":"product-type-simple"},"yoast_head":"<!-- This site is optimized with the Yoast SEO Premium plugin v27.4 (Yoast SEO v27.4) - https:\/\/yoast.com\/product\/yoast-seo-premium-wordpress\/ -->\n<title>Kookboek Koken op de Big Green Egg<\/title>\n<meta name=\"description\" content=\"Kookboek Koken op de Big Green Egg biedt inspirerende recepten, duidelijke technieken en praktische tips voor perfect barbecue\u00ebn op elke kamado.\" \/>\n<meta name=\"robots\" content=\"index, follow, max-snippet:-1, max-image-preview:large, max-video-preview:-1\" \/>\n<link rel=\"canonical\" href=\"https:\/\/www.greeneggtotaal.nl\/de\/product\/kochen-auf-dem-big-green-egg-kochbuch\/\" \/>\n<meta property=\"og:locale\" content=\"de_DE\" \/>\n<meta property=\"og:type\" content=\"article\" \/>\n<meta property=\"og:title\" content=\"Kookboek Koken op de Big Green Egg\" \/>\n<meta property=\"og:description\" content=\"Kookboek Koken op de Big Green Egg biedt inspirerende recepten, duidelijke technieken en praktische tips voor perfect barbecue\u00ebn op elke kamado.\" \/>\n<meta property=\"og:url\" content=\"https:\/\/www.greeneggtotaal.nl\/de\/product\/kochen-auf-dem-big-green-egg-kochbuch\/\" \/>\n<meta property=\"og:site_name\" content=\"GreenEggTotaal\" \/>\n<meta property=\"article:modified_time\" content=\"2026-01-29T11:21:54+00:00\" \/>\n<meta property=\"og:image\" content=\"https:\/\/www.greeneggtotaal.nl\/wp-content\/uploads\/2025\/08\/1-18.webp\" \/>\n\t<meta property=\"og:image:width\" content=\"500\" \/>\n\t<meta property=\"og:image:height\" content=\"500\" \/>\n\t<meta property=\"og:image:type\" content=\"image\/webp\" \/>\n<meta name=\"twitter:card\" content=\"summary_large_image\" \/>\n<meta name=\"twitter:label1\" content=\"Gesch\u00e4tzte Lesezeit\" \/>\n\t<meta name=\"twitter:data1\" content=\"2\u00a0Minuten\" \/>\n<script type=\"application\/ld+json\" class=\"yoast-schema-graph\">{\"@context\":\"https:\\\/\\\/schema.org\",\"@graph\":[{\"@type\":\"WebPage\",\"@id\":\"https:\\\/\\\/www.greeneggtotaal.nl\\\/product\\\/koken-op-de-big-green-egg-kookboek\\\/\",\"url\":\"https:\\\/\\\/www.greeneggtotaal.nl\\\/product\\\/koken-op-de-big-green-egg-kookboek\\\/\",\"name\":\"Kookboek Koken op de Big Green Egg\",\"isPartOf\":{\"@id\":\"https:\\\/\\\/www.greeneggtotaal.nl\\\/nl\\\/#website\"},\"primaryImageOfPage\":{\"@id\":\"https:\\\/\\\/www.greeneggtotaal.nl\\\/product\\\/koken-op-de-big-green-egg-kookboek\\\/#primaryimage\"},\"image\":{\"@id\":\"https:\\\/\\\/www.greeneggtotaal.nl\\\/product\\\/koken-op-de-big-green-egg-kookboek\\\/#primaryimage\"},\"thumbnailUrl\":\"https:\\\/\\\/www.greeneggtotaal.nl\\\/wp-content\\\/uploads\\\/2025\\\/08\\\/1-18.webp\",\"datePublished\":\"2025-06-16T10:45:30+00:00\",\"dateModified\":\"2026-01-29T11:21:54+00:00\",\"description\":\"Kookboek Koken op de Big Green Egg biedt inspirerende recepten, duidelijke technieken en praktische tips voor perfect barbecue\u00ebn op elke kamado.\",\"breadcrumb\":{\"@id\":\"https:\\\/\\\/www.greeneggtotaal.nl\\\/product\\\/koken-op-de-big-green-egg-kookboek\\\/#breadcrumb\"},\"inLanguage\":\"de\",\"potentialAction\":[{\"@type\":\"ReadAction\",\"target\":[\"https:\\\/\\\/www.greeneggtotaal.nl\\\/product\\\/koken-op-de-big-green-egg-kookboek\\\/\"]}]},{\"@type\":\"ImageObject\",\"inLanguage\":\"de\",\"@id\":\"https:\\\/\\\/www.greeneggtotaal.nl\\\/product\\\/koken-op-de-big-green-egg-kookboek\\\/#primaryimage\",\"url\":\"https:\\\/\\\/www.greeneggtotaal.nl\\\/wp-content\\\/uploads\\\/2025\\\/08\\\/1-18.webp\",\"contentUrl\":\"https:\\\/\\\/www.greeneggtotaal.nl\\\/wp-content\\\/uploads\\\/2025\\\/08\\\/1-18.webp\",\"width\":500,\"height\":500,\"caption\":\"Kookboek Koken op de Big Green Egg\"},{\"@type\":\"BreadcrumbList\",\"@id\":\"https:\\\/\\\/www.greeneggtotaal.nl\\\/product\\\/koken-op-de-big-green-egg-kookboek\\\/#breadcrumb\",\"itemListElement\":[{\"@type\":\"ListItem\",\"position\":1,\"name\":\"Home\",\"item\":\"https:\\\/\\\/www.greeneggtotaal.nl\\\/\"},{\"@type\":\"ListItem\",\"position\":2,\"name\":\"Shop\",\"item\":\"https:\\\/\\\/www.greeneggtotaal.nl\\\/nl\\\/shop\\\/\"},{\"@type\":\"ListItem\",\"position\":3,\"name\":\"Kookboek Koken op de Big Green Egg\"}]},{\"@type\":\"WebSite\",\"@id\":\"https:\\\/\\\/www.greeneggtotaal.nl\\\/nl\\\/#website\",\"url\":\"https:\\\/\\\/www.greeneggtotaal.nl\\\/nl\\\/\",\"name\":\"greeneggtotaal.nl\",\"description\":\"D\u00e9 Big Green Egg Specialist\",\"publisher\":{\"@id\":\"https:\\\/\\\/www.greeneggtotaal.nl\\\/nl\\\/#organization\"},\"potentialAction\":[{\"@type\":\"SearchAction\",\"target\":{\"@type\":\"EntryPoint\",\"urlTemplate\":\"https:\\\/\\\/www.greeneggtotaal.nl\\\/nl\\\/?s={search_term_string}\"},\"query-input\":{\"@type\":\"PropertyValueSpecification\",\"valueRequired\":true,\"valueName\":\"search_term_string\"}}],\"inLanguage\":\"de\"},{\"@type\":\"Organization\",\"@id\":\"https:\\\/\\\/www.greeneggtotaal.nl\\\/nl\\\/#organization\",\"name\":\"Green Egg Totaal\",\"url\":\"https:\\\/\\\/www.greeneggtotaal.nl\\\/nl\\\/\",\"logo\":{\"@type\":\"ImageObject\",\"inLanguage\":\"de\",\"@id\":\"https:\\\/\\\/www.greeneggtotaal.nl\\\/nl\\\/#\\\/schema\\\/logo\\\/image\\\/\",\"url\":\"https:\\\/\\\/www.greeneggtotaal.nl\\\/wp-content\\\/uploads\\\/2025\\\/06\\\/Green-Egg-Totaal-Logo.png\",\"contentUrl\":\"https:\\\/\\\/www.greeneggtotaal.nl\\\/wp-content\\\/uploads\\\/2025\\\/06\\\/Green-Egg-Totaal-Logo.png\",\"width\":225,\"height\":95,\"caption\":\"Green Egg Totaal\"},\"image\":{\"@id\":\"https:\\\/\\\/www.greeneggtotaal.nl\\\/nl\\\/#\\\/schema\\\/logo\\\/image\\\/\"}}]}<\/script>\n<!-- \/ Yoast SEO Premium plugin. -->","yoast_head_json":{"title":"Kochbuch Kochen auf dem Big Green Egg","description":"Das Kochbuch Kochen auf dem Big Green Egg bietet inspirierende Rezepte, klare Techniken und praktische Tipps f\u00fcr perfektes Grillen auf jedem Kamado.","robots":{"index":"index","follow":"follow","max-snippet":"max-snippet:-1","max-image-preview":"max-image-preview:large","max-video-preview":"max-video-preview:-1"},"canonical":"https:\/\/www.greeneggtotaal.nl\/de\/product\/kochen-auf-dem-big-green-egg-kochbuch\/","og_locale":"de_DE","og_type":"article","og_title":"Kookboek Koken op de Big Green Egg","og_description":"Kookboek Koken op de Big Green Egg biedt inspirerende recepten, duidelijke technieken en praktische tips voor perfect barbecue\u00ebn op elke kamado.","og_url":"https:\/\/www.greeneggtotaal.nl\/de\/product\/kochen-auf-dem-big-green-egg-kochbuch\/","og_site_name":"GreenEggTotaal","article_modified_time":"2026-01-29T11:21:54+00:00","og_image":[{"width":500,"height":500,"url":"https:\/\/www.greeneggtotaal.nl\/wp-content\/uploads\/2025\/08\/1-18.webp","type":"image\/webp"}],"twitter_card":"summary_large_image","twitter_misc":{"Gesch\u00e4tzte Lesezeit":"2\u00a0Minuten"},"schema":{"@context":"https:\/\/schema.org","@graph":[{"@type":"WebPage","@id":"https:\/\/www.greeneggtotaal.nl\/product\/koken-op-de-big-green-egg-kookboek\/","url":"https:\/\/www.greeneggtotaal.nl\/product\/koken-op-de-big-green-egg-kookboek\/","name":"Kochbuch Kochen auf dem Big Green Egg","isPartOf":{"@id":"https:\/\/www.greeneggtotaal.nl\/nl\/#website"},"primaryImageOfPage":{"@id":"https:\/\/www.greeneggtotaal.nl\/product\/koken-op-de-big-green-egg-kookboek\/#primaryimage"},"image":{"@id":"https:\/\/www.greeneggtotaal.nl\/product\/koken-op-de-big-green-egg-kookboek\/#primaryimage"},"thumbnailUrl":"https:\/\/www.greeneggtotaal.nl\/wp-content\/uploads\/2025\/08\/1-18.webp","datePublished":"2025-06-16T10:45:30+00:00","dateModified":"2026-01-29T11:21:54+00:00","description":"Das Kochbuch Kochen auf dem Big Green Egg bietet inspirierende Rezepte, klare Techniken und praktische Tipps f\u00fcr perfektes Grillen auf jedem Kamado.","breadcrumb":{"@id":"https:\/\/www.greeneggtotaal.nl\/product\/koken-op-de-big-green-egg-kookboek\/#breadcrumb"},"inLanguage":"de","potentialAction":[{"@type":"ReadAction","target":["https:\/\/www.greeneggtotaal.nl\/product\/koken-op-de-big-green-egg-kookboek\/"]}]},{"@type":"ImageObject","inLanguage":"de","@id":"https:\/\/www.greeneggtotaal.nl\/product\/koken-op-de-big-green-egg-kookboek\/#primaryimage","url":"https:\/\/www.greeneggtotaal.nl\/wp-content\/uploads\/2025\/08\/1-18.webp","contentUrl":"https:\/\/www.greeneggtotaal.nl\/wp-content\/uploads\/2025\/08\/1-18.webp","width":500,"height":500,"caption":"Kookboek Koken op de Big Green Egg"},{"@type":"BreadcrumbList","@id":"https:\/\/www.greeneggtotaal.nl\/product\/koken-op-de-big-green-egg-kookboek\/#breadcrumb","itemListElement":[{"@type":"ListItem","position":1,"name":"Home","item":"https:\/\/www.greeneggtotaal.nl\/"},{"@type":"ListItem","position":2,"name":"Shop","item":"https:\/\/www.greeneggtotaal.nl\/nl\/shop\/"},{"@type":"ListItem","position":3,"name":"Kookboek Koken op de Big Green Egg"}]},{"@type":"WebSite","@id":"https:\/\/www.greeneggtotaal.nl\/nl\/#website","url":"https:\/\/www.greeneggtotaal.nl\/nl\/","name":"greeneggtotaal.nl","description":"Der Big Green Egg Spezialist","publisher":{"@id":"https:\/\/www.greeneggtotaal.nl\/nl\/#organization"},"potentialAction":[{"@type":"SearchAction","target":{"@type":"EntryPoint","urlTemplate":"https:\/\/www.greeneggtotaal.nl\/nl\/?s={search_term_string}"},"query-input":{"@type":"PropertyValueSpecification","valueRequired":true,"valueName":"search_term_string"}}],"inLanguage":"de"},{"@type":"Organization","@id":"https:\/\/www.greeneggtotaal.nl\/nl\/#organization","name":"Green Egg Totaal","url":"https:\/\/www.greeneggtotaal.nl\/nl\/","logo":{"@type":"ImageObject","inLanguage":"de","@id":"https:\/\/www.greeneggtotaal.nl\/nl\/#\/schema\/logo\/image\/","url":"https:\/\/www.greeneggtotaal.nl\/wp-content\/uploads\/2025\/06\/Green-Egg-Totaal-Logo.png","contentUrl":"https:\/\/www.greeneggtotaal.nl\/wp-content\/uploads\/2025\/06\/Green-Egg-Totaal-Logo.png","width":225,"height":95,"caption":"Green Egg Totaal"},"image":{"@id":"https:\/\/www.greeneggtotaal.nl\/nl\/#\/schema\/logo\/image\/"}}]}},"_links":{"self":[{"href":"https:\/\/www.greeneggtotaal.nl\/de\/wp-json\/wp\/v2\/product\/5770","targetHints":{"allow":["GET"]}}],"collection":[{"href":"https:\/\/www.greeneggtotaal.nl\/de\/wp-json\/wp\/v2\/product"}],"about":[{"href":"https:\/\/www.greeneggtotaal.nl\/de\/wp-json\/wp\/v2\/types\/product"}],"wp:featuredmedia":[{"embeddable":true,"href":"https:\/\/www.greeneggtotaal.nl\/de\/wp-json\/wp\/v2\/media\/10971"}],"wp:attachment":[{"href":"https:\/\/www.greeneggtotaal.nl\/de\/wp-json\/wp\/v2\/media?parent=5770"}],"wp:term":[{"taxonomy":"product_brand","embeddable":true,"href":"https:\/\/www.greeneggtotaal.nl\/de\/wp-json\/wp\/v2\/product_brand?post=5770"},{"taxonomy":"product_cat","embeddable":true,"href":"https:\/\/www.greeneggtotaal.nl\/de\/wp-json\/wp\/v2\/product_cat?post=5770"},{"taxonomy":"product_tag","embeddable":true,"href":"https:\/\/www.greeneggtotaal.nl\/de\/wp-json\/wp\/v2\/product_tag?post=5770"}],"curies":[{"name":"wp","href":"https:\/\/api.w.org\/{rel}","templated":true}]}}