{"id":5818,"date":"2025-06-16T14:09:54","date_gmt":"2025-06-16T12:09:54","guid":{"rendered":"https:\/\/baselinkweb.nl\/greeneggtotaal\/product\/letzq-spit-15-inch-big-green-egg-medium\/"},"modified":"2026-01-29T11:27:01","modified_gmt":"2026-01-29T10:27:01","slug":"letzq-spit-15-zoll-big-green-egg-medium","status":"publish","type":"product","link":"https:\/\/www.greeneggtotaal.nl\/de\/product\/letzq-spit-15-inch-big-green-egg-medium\/","title":{"rendered":"LetzQ Spie\u00df 15-Zoll Big Green Egg Medium"},"content":{"rendered":"<p>Der LetzQ-Spie\u00df mit Edelstahl-Drehspie\u00df und 4-Watt-Elektromotor eignet sich beispielsweise zum Grillen eines leckeren H\u00e4hnchens. Normalerweise ist ein H\u00e4hnchen auf dem Big Green Egg schon ein sehr leckeres Gericht, aber auf dem Spie\u00df wird es noch saftiger. Der Spie\u00dfring passt perfekt in Ihr Big Green Egg Large, sodass der Keramikgrill seine isolierenden Eigenschaften beh\u00e4lt!<\/p>\n<p>Der Spie\u00df ist aus strapazierf\u00e4higem Edelstahl 304 gefertigt, der Antrieb kann maximal 15 kg drehen, sodass Ihnen unz\u00e4hlige M\u00f6glichkeiten offenstehen. Der Griff ist \u00e4u\u00dferst praktisch, da Sie den Spie\u00df jederzeit ohne Hitzeschutzhandschuhe entfernen k\u00f6nnen. Der LetzQ-Spie\u00df ist 15 Zoll gro\u00df und passt somit perfekt auf den Big Green Egg Medium. Er wird komplett geliefert, sodass Sie sofort loslegen k\u00f6nnen.<\/p>\n<p>Packungsinhalt<br \/>\n\u2013 Spatenring 15 Zoll<br \/>\n\u2013 RvS spit mit 2 Gabeln<br \/>\n\u2013 Spezialschl\u00fcssel zum festziehen der Gabelmuttern<br \/>\n\u2013 Motor (220\u2013240 Volt) inkl. 1 Meter Kabel<br \/>\n-2 Jahre Garantie<\/p>","protected":false},"excerpt":{"rendered":"<p>Het LetzQ spit met een RVS draai spit en elektrische motor van 4 watt, waar je een bijvoorbeeld een heerlijk kippetje mee kan grillen. Normaal is een kip op de Big Green Egg al een heel fijn gerecht maar van het spit komt die nog sappiger van de BGE. De spit ring past perfect in [&hellip;]<\/p>\n","protected":false},"featured_media":10338,"template":"","meta":[],"product_brand":[227],"product_cat":[81],"product_tag":[],"class_list":{"0":"post-5818","1":"product","2":"type-product","3":"status-publish","4":"has-post-thumbnail","6":"product_brand-letzq","7":"product_cat-letzq-draaispitten","9":"first","10":"instock","11":"sale","12":"taxable","13":"shipping-taxable","14":"purchasable","15":"product-type-simple"},"yoast_head":"<!-- This site is optimized with the Yoast SEO Premium plugin v27.4 (Yoast SEO v27.4) - https:\/\/yoast.com\/product\/yoast-seo-premium-wordpress\/ -->\n<title>LetzQ Spit 15 inch Big Green Egg Medium<\/title>\n<meta name=\"description\" content=\"LetzQ Spit 15 inch voor Big Green Egg Medium zorgt voor gelijkmatig garen van vlees, kip en andere barbecuegerechten. GreenEggTotaal\" \/>\n<meta name=\"robots\" content=\"index, follow, max-snippet:-1, max-image-preview:large, max-video-preview:-1\" \/>\n<link rel=\"canonical\" href=\"https:\/\/www.greeneggtotaal.nl\/de\/product\/letzq-spit-15-zoll-big-green-egg-medium\/\" \/>\n<meta property=\"og:locale\" content=\"de_DE\" \/>\n<meta property=\"og:type\" content=\"article\" \/>\n<meta property=\"og:title\" content=\"LetzQ Spit 15 inch Big Green Egg Medium\" \/>\n<meta property=\"og:description\" content=\"LetzQ Spit 15 inch voor Big Green Egg Medium zorgt voor gelijkmatig garen van vlees, kip en andere barbecuegerechten. GreenEggTotaal\" \/>\n<meta property=\"og:url\" content=\"https:\/\/www.greeneggtotaal.nl\/de\/product\/letzq-spit-15-zoll-big-green-egg-medium\/\" \/>\n<meta property=\"og:site_name\" content=\"GreenEggTotaal\" \/>\n<meta property=\"article:modified_time\" content=\"2026-01-29T10:27:01+00:00\" \/>\n<meta property=\"og:image\" content=\"https:\/\/www.greeneggtotaal.nl\/wp-content\/uploads\/2025\/08\/1-5.webp\" \/>\n\t<meta property=\"og:image:width\" content=\"500\" \/>\n\t<meta property=\"og:image:height\" content=\"500\" \/>\n\t<meta property=\"og:image:type\" content=\"image\/webp\" \/>\n<meta name=\"twitter:card\" content=\"summary_large_image\" \/>\n<meta name=\"twitter:label1\" content=\"Gesch\u00e4tzte Lesezeit\" \/>\n\t<meta name=\"twitter:data1\" content=\"2\u00a0Minuten\" \/>\n<script type=\"application\/ld+json\" class=\"yoast-schema-graph\">{\"@context\":\"https:\\\/\\\/schema.org\",\"@graph\":[{\"@type\":\"WebPage\",\"@id\":\"https:\\\/\\\/www.greeneggtotaal.nl\\\/product\\\/letzq-spit-15-inch-big-green-egg-medium\\\/\",\"url\":\"https:\\\/\\\/www.greeneggtotaal.nl\\\/product\\\/letzq-spit-15-inch-big-green-egg-medium\\\/\",\"name\":\"LetzQ Spit 15 inch Big Green Egg Medium\",\"isPartOf\":{\"@id\":\"https:\\\/\\\/www.greeneggtotaal.nl\\\/nl\\\/#website\"},\"primaryImageOfPage\":{\"@id\":\"https:\\\/\\\/www.greeneggtotaal.nl\\\/product\\\/letzq-spit-15-inch-big-green-egg-medium\\\/#primaryimage\"},\"image\":{\"@id\":\"https:\\\/\\\/www.greeneggtotaal.nl\\\/product\\\/letzq-spit-15-inch-big-green-egg-medium\\\/#primaryimage\"},\"thumbnailUrl\":\"https:\\\/\\\/www.greeneggtotaal.nl\\\/wp-content\\\/uploads\\\/2025\\\/08\\\/1-5.webp\",\"datePublished\":\"2025-06-16T12:09:54+00:00\",\"dateModified\":\"2026-01-29T10:27:01+00:00\",\"description\":\"LetzQ Spit 15 inch voor Big Green Egg Medium zorgt voor gelijkmatig garen van vlees, kip en andere barbecuegerechten. GreenEggTotaal\",\"breadcrumb\":{\"@id\":\"https:\\\/\\\/www.greeneggtotaal.nl\\\/product\\\/letzq-spit-15-inch-big-green-egg-medium\\\/#breadcrumb\"},\"inLanguage\":\"de\",\"potentialAction\":[{\"@type\":\"ReadAction\",\"target\":[\"https:\\\/\\\/www.greeneggtotaal.nl\\\/product\\\/letzq-spit-15-inch-big-green-egg-medium\\\/\"]}]},{\"@type\":\"ImageObject\",\"inLanguage\":\"de\",\"@id\":\"https:\\\/\\\/www.greeneggtotaal.nl\\\/product\\\/letzq-spit-15-inch-big-green-egg-medium\\\/#primaryimage\",\"url\":\"https:\\\/\\\/www.greeneggtotaal.nl\\\/wp-content\\\/uploads\\\/2025\\\/08\\\/1-5.webp\",\"contentUrl\":\"https:\\\/\\\/www.greeneggtotaal.nl\\\/wp-content\\\/uploads\\\/2025\\\/08\\\/1-5.webp\",\"width\":500,\"height\":500,\"caption\":\"LetzQ Spit 18 inch Big Green Egg Large\"},{\"@type\":\"BreadcrumbList\",\"@id\":\"https:\\\/\\\/www.greeneggtotaal.nl\\\/product\\\/letzq-spit-15-inch-big-green-egg-medium\\\/#breadcrumb\",\"itemListElement\":[{\"@type\":\"ListItem\",\"position\":1,\"name\":\"Home\",\"item\":\"https:\\\/\\\/www.greeneggtotaal.nl\\\/\"},{\"@type\":\"ListItem\",\"position\":2,\"name\":\"Shop\",\"item\":\"https:\\\/\\\/www.greeneggtotaal.nl\\\/nl\\\/shop\\\/\"},{\"@type\":\"ListItem\",\"position\":3,\"name\":\"LetzQ Spit 15 inch Big Green Egg Medium\"}]},{\"@type\":\"WebSite\",\"@id\":\"https:\\\/\\\/www.greeneggtotaal.nl\\\/nl\\\/#website\",\"url\":\"https:\\\/\\\/www.greeneggtotaal.nl\\\/nl\\\/\",\"name\":\"greeneggtotaal.nl\",\"description\":\"D\u00e9 Big Green Egg Specialist\",\"publisher\":{\"@id\":\"https:\\\/\\\/www.greeneggtotaal.nl\\\/nl\\\/#organization\"},\"potentialAction\":[{\"@type\":\"SearchAction\",\"target\":{\"@type\":\"EntryPoint\",\"urlTemplate\":\"https:\\\/\\\/www.greeneggtotaal.nl\\\/nl\\\/?s={search_term_string}\"},\"query-input\":{\"@type\":\"PropertyValueSpecification\",\"valueRequired\":true,\"valueName\":\"search_term_string\"}}],\"inLanguage\":\"de\"},{\"@type\":\"Organization\",\"@id\":\"https:\\\/\\\/www.greeneggtotaal.nl\\\/nl\\\/#organization\",\"name\":\"Green Egg Totaal\",\"url\":\"https:\\\/\\\/www.greeneggtotaal.nl\\\/nl\\\/\",\"logo\":{\"@type\":\"ImageObject\",\"inLanguage\":\"de\",\"@id\":\"https:\\\/\\\/www.greeneggtotaal.nl\\\/nl\\\/#\\\/schema\\\/logo\\\/image\\\/\",\"url\":\"https:\\\/\\\/www.greeneggtotaal.nl\\\/wp-content\\\/uploads\\\/2025\\\/06\\\/Green-Egg-Totaal-Logo.png\",\"contentUrl\":\"https:\\\/\\\/www.greeneggtotaal.nl\\\/wp-content\\\/uploads\\\/2025\\\/06\\\/Green-Egg-Totaal-Logo.png\",\"width\":225,\"height\":95,\"caption\":\"Green Egg Totaal\"},\"image\":{\"@id\":\"https:\\\/\\\/www.greeneggtotaal.nl\\\/nl\\\/#\\\/schema\\\/logo\\\/image\\\/\"}}]}<\/script>\n<!-- \/ Yoast SEO Premium plugin. -->","yoast_head_json":{"title":"LetzQ Spie\u00df 15-Zoll Big Green Egg Medium","description":"LetzQ Spie\u00df 15 Zoll f\u00fcr Big Green Egg Medium sorgt f\u00fcr gleichm\u00e4\u00dfiges Garen von Fleisch, H\u00e4hnchen und anderen Grillgerichten. GreenEggGesamt","robots":{"index":"index","follow":"follow","max-snippet":"max-snippet:-1","max-image-preview":"max-image-preview:large","max-video-preview":"max-video-preview:-1"},"canonical":"https:\/\/www.greeneggtotaal.nl\/de\/product\/letzq-spit-15-zoll-big-green-egg-medium\/","og_locale":"de_DE","og_type":"article","og_title":"LetzQ Spit 15 inch Big Green Egg Medium","og_description":"LetzQ Spit 15 inch voor Big Green Egg Medium zorgt voor gelijkmatig garen van vlees, kip en andere barbecuegerechten. GreenEggTotaal","og_url":"https:\/\/www.greeneggtotaal.nl\/de\/product\/letzq-spit-15-zoll-big-green-egg-medium\/","og_site_name":"GreenEggTotaal","article_modified_time":"2026-01-29T10:27:01+00:00","og_image":[{"width":500,"height":500,"url":"https:\/\/www.greeneggtotaal.nl\/wp-content\/uploads\/2025\/08\/1-5.webp","type":"image\/webp"}],"twitter_card":"summary_large_image","twitter_misc":{"Gesch\u00e4tzte Lesezeit":"2\u00a0Minuten"},"schema":{"@context":"https:\/\/schema.org","@graph":[{"@type":"WebPage","@id":"https:\/\/www.greeneggtotaal.nl\/product\/letzq-spit-15-inch-big-green-egg-medium\/","url":"https:\/\/www.greeneggtotaal.nl\/product\/letzq-spit-15-inch-big-green-egg-medium\/","name":"LetzQ Spie\u00df 15-Zoll Big Green Egg Medium","isPartOf":{"@id":"https:\/\/www.greeneggtotaal.nl\/nl\/#website"},"primaryImageOfPage":{"@id":"https:\/\/www.greeneggtotaal.nl\/product\/letzq-spit-15-inch-big-green-egg-medium\/#primaryimage"},"image":{"@id":"https:\/\/www.greeneggtotaal.nl\/product\/letzq-spit-15-inch-big-green-egg-medium\/#primaryimage"},"thumbnailUrl":"https:\/\/www.greeneggtotaal.nl\/wp-content\/uploads\/2025\/08\/1-5.webp","datePublished":"2025-06-16T12:09:54+00:00","dateModified":"2026-01-29T10:27:01+00:00","description":"LetzQ Spie\u00df 15 Zoll f\u00fcr Big Green Egg Medium sorgt f\u00fcr gleichm\u00e4\u00dfiges Garen von Fleisch, H\u00e4hnchen und anderen Grillgerichten. GreenEggGesamt","breadcrumb":{"@id":"https:\/\/www.greeneggtotaal.nl\/product\/letzq-spit-15-inch-big-green-egg-medium\/#breadcrumb"},"inLanguage":"de","potentialAction":[{"@type":"ReadAction","target":["https:\/\/www.greeneggtotaal.nl\/product\/letzq-spit-15-inch-big-green-egg-medium\/"]}]},{"@type":"ImageObject","inLanguage":"de","@id":"https:\/\/www.greeneggtotaal.nl\/product\/letzq-spit-15-inch-big-green-egg-medium\/#primaryimage","url":"https:\/\/www.greeneggtotaal.nl\/wp-content\/uploads\/2025\/08\/1-5.webp","contentUrl":"https:\/\/www.greeneggtotaal.nl\/wp-content\/uploads\/2025\/08\/1-5.webp","width":500,"height":500,"caption":"LetzQ Spit 18 inch Big Green Egg Large"},{"@type":"BreadcrumbList","@id":"https:\/\/www.greeneggtotaal.nl\/product\/letzq-spit-15-inch-big-green-egg-medium\/#breadcrumb","itemListElement":[{"@type":"ListItem","position":1,"name":"Home","item":"https:\/\/www.greeneggtotaal.nl\/"},{"@type":"ListItem","position":2,"name":"Shop","item":"https:\/\/www.greeneggtotaal.nl\/nl\/shop\/"},{"@type":"ListItem","position":3,"name":"LetzQ Spit 15 inch Big Green Egg Medium"}]},{"@type":"WebSite","@id":"https:\/\/www.greeneggtotaal.nl\/nl\/#website","url":"https:\/\/www.greeneggtotaal.nl\/nl\/","name":"greeneggtotaal.nl","description":"Der Big Green Egg Spezialist","publisher":{"@id":"https:\/\/www.greeneggtotaal.nl\/nl\/#organization"},"potentialAction":[{"@type":"SearchAction","target":{"@type":"EntryPoint","urlTemplate":"https:\/\/www.greeneggtotaal.nl\/nl\/?s={search_term_string}"},"query-input":{"@type":"PropertyValueSpecification","valueRequired":true,"valueName":"search_term_string"}}],"inLanguage":"de"},{"@type":"Organization","@id":"https:\/\/www.greeneggtotaal.nl\/nl\/#organization","name":"Green Egg Totaal","url":"https:\/\/www.greeneggtotaal.nl\/nl\/","logo":{"@type":"ImageObject","inLanguage":"de","@id":"https:\/\/www.greeneggtotaal.nl\/nl\/#\/schema\/logo\/image\/","url":"https:\/\/www.greeneggtotaal.nl\/wp-content\/uploads\/2025\/06\/Green-Egg-Totaal-Logo.png","contentUrl":"https:\/\/www.greeneggtotaal.nl\/wp-content\/uploads\/2025\/06\/Green-Egg-Totaal-Logo.png","width":225,"height":95,"caption":"Green Egg Totaal"},"image":{"@id":"https:\/\/www.greeneggtotaal.nl\/nl\/#\/schema\/logo\/image\/"}}]}},"_links":{"self":[{"href":"https:\/\/www.greeneggtotaal.nl\/de\/wp-json\/wp\/v2\/product\/5818","targetHints":{"allow":["GET"]}}],"collection":[{"href":"https:\/\/www.greeneggtotaal.nl\/de\/wp-json\/wp\/v2\/product"}],"about":[{"href":"https:\/\/www.greeneggtotaal.nl\/de\/wp-json\/wp\/v2\/types\/product"}],"wp:featuredmedia":[{"embeddable":true,"href":"https:\/\/www.greeneggtotaal.nl\/de\/wp-json\/wp\/v2\/media\/10338"}],"wp:attachment":[{"href":"https:\/\/www.greeneggtotaal.nl\/de\/wp-json\/wp\/v2\/media?parent=5818"}],"wp:term":[{"taxonomy":"product_brand","embeddable":true,"href":"https:\/\/www.greeneggtotaal.nl\/de\/wp-json\/wp\/v2\/product_brand?post=5818"},{"taxonomy":"product_cat","embeddable":true,"href":"https:\/\/www.greeneggtotaal.nl\/de\/wp-json\/wp\/v2\/product_cat?post=5818"},{"taxonomy":"product_tag","embeddable":true,"href":"https:\/\/www.greeneggtotaal.nl\/de\/wp-json\/wp\/v2\/product_tag?post=5818"}],"curies":[{"name":"wp","href":"https:\/\/api.w.org\/{rel}","templated":true}]}}