{"id":5819,"date":"2025-06-16T14:09:54","date_gmt":"2025-06-16T12:09:54","guid":{"rendered":"https:\/\/baselinkweb.nl\/greeneggtotaal\/product\/letzq-spit-13-inch-big-green-egg-small-minimax\/"},"modified":"2026-01-29T11:30:07","modified_gmt":"2026-01-29T10:30:07","slug":"letzq-spit-13-zoll-big-green-egg-small-minimax","status":"publish","type":"product","link":"https:\/\/www.greeneggtotaal.nl\/de\/product\/letzq-spit-13-inch-big-green-egg-small-minimax\/","title":{"rendered":"LetzQ Spie\u00df 13-Zoll Big Green Egg Klein\/MiniMax"},"content":{"rendered":"<p><strong>Der LetzQ Spie\u00df mit einem Drehspie\u00df aus Edelstahl und einem 4-Watt-Elektromotor kann zum Grillen eines leckeren H\u00e4hnchens verwendet werden. Normalerweise ist ein H\u00e4hnchen auf dem Big Green Egg schon ein sehr feines Gericht, aber vom Spie\u00df kommt es noch saftiger daher!<\/strong><\/p>\n<p><strong>Der Spie\u00dfring passt perfekt in Ihr Big Green Egg Minimax &amp; Small, so dass der Keramikgrill seine isolierenden Eigenschaften beibeh\u00e4lt!<\/strong><\/p>\n<p>Der Spie\u00df ist aus haltbarem Aluminium mit einer hitzebest\u00e4ndigen Pulverbeschichtung, der Antrieb kann bis zu 15 Kilo drehen, so dass es viele M\u00f6glichkeiten gibt, superpraktisch ist der Griff, mit dem man den Spie\u00df jederzeit ohne Hitzehandschuh abnehmen kann.<\/p>\n<p>Der LetzQ-Spie\u00df ist 13 Zoll gro\u00df und passt daher perfekt auf das Big Green Egg Minimax &amp; Small und wird komplett geliefert, damit Sie sofort loslegen k\u00f6nnen.<\/p>\n<p><span style=\"text-decoration: underline;\">Packungsinhalt;<\/span><\/p>\n<ul>\n<li>Spie\u00dfring 13 Zoll<\/li>\n<li>Edelstahlspie\u00df mit 2 Gabeln<\/li>\n<li>Spezialschl\u00fcssel zum Festziehen der Mutter an den Gabeln<\/li>\n<li>Motor (220-240 Volt) inkl. 1 Meter Kabel<\/li>\n<li>2 Jahre Garantie<\/li>\n<\/ul>","protected":false},"excerpt":{"rendered":"<p>Het LetzQ spit met een RVS draai spit en elektrische motor van 4 watt, waar je een bijvoorbeeld een heerlijk kippetje mee kan grillen. Normaal is een kip op de Big Green Egg al een heel fijn gerecht maar van het spit komt die nog sappiger van de BGE! De spit ring past perfect in [&hellip;]<\/p>\n","protected":false},"featured_media":10338,"template":"","meta":[],"product_brand":[227],"product_cat":[81],"product_tag":[],"class_list":{"0":"post-5819","1":"product","2":"type-product","3":"status-publish","4":"has-post-thumbnail","6":"product_brand-letzq","7":"product_cat-letzq-draaispitten","9":"first","10":"instock","11":"sale","12":"taxable","13":"shipping-taxable","14":"purchasable","15":"product-type-simple"},"yoast_head":"<!-- This site is optimized with the Yoast SEO Premium plugin v27.4 (Yoast SEO v27.4) - https:\/\/yoast.com\/product\/yoast-seo-premium-wordpress\/ -->\n<title>LetzQ Spit 13 inch Big Green Egg Small\/MiniMax<\/title>\n<meta name=\"description\" content=\"LetzQ Spit 13 inch voor Big Green Egg Small en MiniMax zorgt voor gelijkmatig garen van vlees, kip en barbecuegerechten. GreenEggTotaal\" \/>\n<meta name=\"robots\" content=\"index, follow, max-snippet:-1, max-image-preview:large, max-video-preview:-1\" \/>\n<link rel=\"canonical\" href=\"https:\/\/www.greeneggtotaal.nl\/de\/product\/letzq-spit-13-zoll-big-green-egg-small-minimax\/\" \/>\n<meta property=\"og:locale\" content=\"de_DE\" \/>\n<meta property=\"og:type\" content=\"article\" \/>\n<meta property=\"og:title\" content=\"LetzQ Spit 13 inch Big Green Egg Small\/MiniMax\" \/>\n<meta property=\"og:description\" content=\"LetzQ Spit 13 inch voor Big Green Egg Small en MiniMax zorgt voor gelijkmatig garen van vlees, kip en barbecuegerechten. GreenEggTotaal\" \/>\n<meta property=\"og:url\" content=\"https:\/\/www.greeneggtotaal.nl\/de\/product\/letzq-spit-13-zoll-big-green-egg-small-minimax\/\" \/>\n<meta property=\"og:site_name\" content=\"GreenEggTotaal\" \/>\n<meta property=\"article:modified_time\" content=\"2026-01-29T10:30:07+00:00\" \/>\n<meta property=\"og:image\" content=\"https:\/\/www.greeneggtotaal.nl\/wp-content\/uploads\/2025\/08\/1-5.webp\" \/>\n\t<meta property=\"og:image:width\" content=\"500\" \/>\n\t<meta property=\"og:image:height\" content=\"500\" \/>\n\t<meta property=\"og:image:type\" content=\"image\/webp\" \/>\n<meta name=\"twitter:card\" content=\"summary_large_image\" \/>\n<meta name=\"twitter:label1\" content=\"Gesch\u00e4tzte Lesezeit\" \/>\n\t<meta name=\"twitter:data1\" content=\"2\u00a0Minuten\" \/>\n<script type=\"application\/ld+json\" class=\"yoast-schema-graph\">{\"@context\":\"https:\\\/\\\/schema.org\",\"@graph\":[{\"@type\":\"WebPage\",\"@id\":\"https:\\\/\\\/www.greeneggtotaal.nl\\\/product\\\/letzq-spit-13-inch-big-green-egg-small-minimax\\\/\",\"url\":\"https:\\\/\\\/www.greeneggtotaal.nl\\\/product\\\/letzq-spit-13-inch-big-green-egg-small-minimax\\\/\",\"name\":\"LetzQ Spit 13 inch Big Green Egg Small\\\/MiniMax\",\"isPartOf\":{\"@id\":\"https:\\\/\\\/www.greeneggtotaal.nl\\\/nl\\\/#website\"},\"primaryImageOfPage\":{\"@id\":\"https:\\\/\\\/www.greeneggtotaal.nl\\\/product\\\/letzq-spit-13-inch-big-green-egg-small-minimax\\\/#primaryimage\"},\"image\":{\"@id\":\"https:\\\/\\\/www.greeneggtotaal.nl\\\/product\\\/letzq-spit-13-inch-big-green-egg-small-minimax\\\/#primaryimage\"},\"thumbnailUrl\":\"https:\\\/\\\/www.greeneggtotaal.nl\\\/wp-content\\\/uploads\\\/2025\\\/08\\\/1-5.webp\",\"datePublished\":\"2025-06-16T12:09:54+00:00\",\"dateModified\":\"2026-01-29T10:30:07+00:00\",\"description\":\"LetzQ Spit 13 inch voor Big Green Egg Small en MiniMax zorgt voor gelijkmatig garen van vlees, kip en barbecuegerechten. GreenEggTotaal\",\"breadcrumb\":{\"@id\":\"https:\\\/\\\/www.greeneggtotaal.nl\\\/product\\\/letzq-spit-13-inch-big-green-egg-small-minimax\\\/#breadcrumb\"},\"inLanguage\":\"de\",\"potentialAction\":[{\"@type\":\"ReadAction\",\"target\":[\"https:\\\/\\\/www.greeneggtotaal.nl\\\/product\\\/letzq-spit-13-inch-big-green-egg-small-minimax\\\/\"]}]},{\"@type\":\"ImageObject\",\"inLanguage\":\"de\",\"@id\":\"https:\\\/\\\/www.greeneggtotaal.nl\\\/product\\\/letzq-spit-13-inch-big-green-egg-small-minimax\\\/#primaryimage\",\"url\":\"https:\\\/\\\/www.greeneggtotaal.nl\\\/wp-content\\\/uploads\\\/2025\\\/08\\\/1-5.webp\",\"contentUrl\":\"https:\\\/\\\/www.greeneggtotaal.nl\\\/wp-content\\\/uploads\\\/2025\\\/08\\\/1-5.webp\",\"width\":500,\"height\":500,\"caption\":\"LetzQ Spit 18 inch Big Green Egg Large\"},{\"@type\":\"BreadcrumbList\",\"@id\":\"https:\\\/\\\/www.greeneggtotaal.nl\\\/product\\\/letzq-spit-13-inch-big-green-egg-small-minimax\\\/#breadcrumb\",\"itemListElement\":[{\"@type\":\"ListItem\",\"position\":1,\"name\":\"Home\",\"item\":\"https:\\\/\\\/www.greeneggtotaal.nl\\\/\"},{\"@type\":\"ListItem\",\"position\":2,\"name\":\"Shop\",\"item\":\"https:\\\/\\\/www.greeneggtotaal.nl\\\/nl\\\/shop\\\/\"},{\"@type\":\"ListItem\",\"position\":3,\"name\":\"LetzQ Spit 13 inch Big Green Egg Small\\\/MiniMax\"}]},{\"@type\":\"WebSite\",\"@id\":\"https:\\\/\\\/www.greeneggtotaal.nl\\\/nl\\\/#website\",\"url\":\"https:\\\/\\\/www.greeneggtotaal.nl\\\/nl\\\/\",\"name\":\"greeneggtotaal.nl\",\"description\":\"D\u00e9 Big Green Egg Specialist\",\"publisher\":{\"@id\":\"https:\\\/\\\/www.greeneggtotaal.nl\\\/nl\\\/#organization\"},\"potentialAction\":[{\"@type\":\"SearchAction\",\"target\":{\"@type\":\"EntryPoint\",\"urlTemplate\":\"https:\\\/\\\/www.greeneggtotaal.nl\\\/nl\\\/?s={search_term_string}\"},\"query-input\":{\"@type\":\"PropertyValueSpecification\",\"valueRequired\":true,\"valueName\":\"search_term_string\"}}],\"inLanguage\":\"de\"},{\"@type\":\"Organization\",\"@id\":\"https:\\\/\\\/www.greeneggtotaal.nl\\\/nl\\\/#organization\",\"name\":\"Green Egg Totaal\",\"url\":\"https:\\\/\\\/www.greeneggtotaal.nl\\\/nl\\\/\",\"logo\":{\"@type\":\"ImageObject\",\"inLanguage\":\"de\",\"@id\":\"https:\\\/\\\/www.greeneggtotaal.nl\\\/nl\\\/#\\\/schema\\\/logo\\\/image\\\/\",\"url\":\"https:\\\/\\\/www.greeneggtotaal.nl\\\/wp-content\\\/uploads\\\/2025\\\/06\\\/Green-Egg-Totaal-Logo.png\",\"contentUrl\":\"https:\\\/\\\/www.greeneggtotaal.nl\\\/wp-content\\\/uploads\\\/2025\\\/06\\\/Green-Egg-Totaal-Logo.png\",\"width\":225,\"height\":95,\"caption\":\"Green Egg Totaal\"},\"image\":{\"@id\":\"https:\\\/\\\/www.greeneggtotaal.nl\\\/nl\\\/#\\\/schema\\\/logo\\\/image\\\/\"}}]}<\/script>\n<!-- \/ Yoast SEO Premium plugin. -->","yoast_head_json":{"title":"LetzQ Spie\u00df 13-Zoll Big Green Egg Klein\/MiniMax","description":"LetzQ Spie\u00df 13 Zoll f\u00fcr Big Green Egg Small und MiniMax sorgt f\u00fcr gleichm\u00e4\u00dfiges Garen von Fleisch, H\u00e4hnchen und Grillgerichten. GreenEggGesamt","robots":{"index":"index","follow":"follow","max-snippet":"max-snippet:-1","max-image-preview":"max-image-preview:large","max-video-preview":"max-video-preview:-1"},"canonical":"https:\/\/www.greeneggtotaal.nl\/de\/product\/letzq-spit-13-zoll-big-green-egg-small-minimax\/","og_locale":"de_DE","og_type":"article","og_title":"LetzQ Spit 13 inch Big Green Egg Small\/MiniMax","og_description":"LetzQ Spit 13 inch voor Big Green Egg Small en MiniMax zorgt voor gelijkmatig garen van vlees, kip en barbecuegerechten. GreenEggTotaal","og_url":"https:\/\/www.greeneggtotaal.nl\/de\/product\/letzq-spit-13-zoll-big-green-egg-small-minimax\/","og_site_name":"GreenEggTotaal","article_modified_time":"2026-01-29T10:30:07+00:00","og_image":[{"width":500,"height":500,"url":"https:\/\/www.greeneggtotaal.nl\/wp-content\/uploads\/2025\/08\/1-5.webp","type":"image\/webp"}],"twitter_card":"summary_large_image","twitter_misc":{"Gesch\u00e4tzte Lesezeit":"2\u00a0Minuten"},"schema":{"@context":"https:\/\/schema.org","@graph":[{"@type":"WebPage","@id":"https:\/\/www.greeneggtotaal.nl\/product\/letzq-spit-13-inch-big-green-egg-small-minimax\/","url":"https:\/\/www.greeneggtotaal.nl\/product\/letzq-spit-13-inch-big-green-egg-small-minimax\/","name":"LetzQ Spie\u00df 13-Zoll Big Green Egg Klein\/MiniMax","isPartOf":{"@id":"https:\/\/www.greeneggtotaal.nl\/nl\/#website"},"primaryImageOfPage":{"@id":"https:\/\/www.greeneggtotaal.nl\/product\/letzq-spit-13-inch-big-green-egg-small-minimax\/#primaryimage"},"image":{"@id":"https:\/\/www.greeneggtotaal.nl\/product\/letzq-spit-13-inch-big-green-egg-small-minimax\/#primaryimage"},"thumbnailUrl":"https:\/\/www.greeneggtotaal.nl\/wp-content\/uploads\/2025\/08\/1-5.webp","datePublished":"2025-06-16T12:09:54+00:00","dateModified":"2026-01-29T10:30:07+00:00","description":"LetzQ Spie\u00df 13 Zoll f\u00fcr Big Green Egg Small und MiniMax sorgt f\u00fcr gleichm\u00e4\u00dfiges Garen von Fleisch, H\u00e4hnchen und Grillgerichten. GreenEggGesamt","breadcrumb":{"@id":"https:\/\/www.greeneggtotaal.nl\/product\/letzq-spit-13-inch-big-green-egg-small-minimax\/#breadcrumb"},"inLanguage":"de","potentialAction":[{"@type":"ReadAction","target":["https:\/\/www.greeneggtotaal.nl\/product\/letzq-spit-13-inch-big-green-egg-small-minimax\/"]}]},{"@type":"ImageObject","inLanguage":"de","@id":"https:\/\/www.greeneggtotaal.nl\/product\/letzq-spit-13-inch-big-green-egg-small-minimax\/#primaryimage","url":"https:\/\/www.greeneggtotaal.nl\/wp-content\/uploads\/2025\/08\/1-5.webp","contentUrl":"https:\/\/www.greeneggtotaal.nl\/wp-content\/uploads\/2025\/08\/1-5.webp","width":500,"height":500,"caption":"LetzQ Spit 18 inch Big Green Egg Large"},{"@type":"BreadcrumbList","@id":"https:\/\/www.greeneggtotaal.nl\/product\/letzq-spit-13-inch-big-green-egg-small-minimax\/#breadcrumb","itemListElement":[{"@type":"ListItem","position":1,"name":"Home","item":"https:\/\/www.greeneggtotaal.nl\/"},{"@type":"ListItem","position":2,"name":"Shop","item":"https:\/\/www.greeneggtotaal.nl\/nl\/shop\/"},{"@type":"ListItem","position":3,"name":"LetzQ Spit 13 inch Big Green Egg Small\/MiniMax"}]},{"@type":"WebSite","@id":"https:\/\/www.greeneggtotaal.nl\/nl\/#website","url":"https:\/\/www.greeneggtotaal.nl\/nl\/","name":"greeneggtotaal.nl","description":"Der Big Green Egg Spezialist","publisher":{"@id":"https:\/\/www.greeneggtotaal.nl\/nl\/#organization"},"potentialAction":[{"@type":"SearchAction","target":{"@type":"EntryPoint","urlTemplate":"https:\/\/www.greeneggtotaal.nl\/nl\/?s={search_term_string}"},"query-input":{"@type":"PropertyValueSpecification","valueRequired":true,"valueName":"search_term_string"}}],"inLanguage":"de"},{"@type":"Organization","@id":"https:\/\/www.greeneggtotaal.nl\/nl\/#organization","name":"Green Egg Totaal","url":"https:\/\/www.greeneggtotaal.nl\/nl\/","logo":{"@type":"ImageObject","inLanguage":"de","@id":"https:\/\/www.greeneggtotaal.nl\/nl\/#\/schema\/logo\/image\/","url":"https:\/\/www.greeneggtotaal.nl\/wp-content\/uploads\/2025\/06\/Green-Egg-Totaal-Logo.png","contentUrl":"https:\/\/www.greeneggtotaal.nl\/wp-content\/uploads\/2025\/06\/Green-Egg-Totaal-Logo.png","width":225,"height":95,"caption":"Green Egg Totaal"},"image":{"@id":"https:\/\/www.greeneggtotaal.nl\/nl\/#\/schema\/logo\/image\/"}}]}},"_links":{"self":[{"href":"https:\/\/www.greeneggtotaal.nl\/de\/wp-json\/wp\/v2\/product\/5819","targetHints":{"allow":["GET"]}}],"collection":[{"href":"https:\/\/www.greeneggtotaal.nl\/de\/wp-json\/wp\/v2\/product"}],"about":[{"href":"https:\/\/www.greeneggtotaal.nl\/de\/wp-json\/wp\/v2\/types\/product"}],"wp:featuredmedia":[{"embeddable":true,"href":"https:\/\/www.greeneggtotaal.nl\/de\/wp-json\/wp\/v2\/media\/10338"}],"wp:attachment":[{"href":"https:\/\/www.greeneggtotaal.nl\/de\/wp-json\/wp\/v2\/media?parent=5819"}],"wp:term":[{"taxonomy":"product_brand","embeddable":true,"href":"https:\/\/www.greeneggtotaal.nl\/de\/wp-json\/wp\/v2\/product_brand?post=5819"},{"taxonomy":"product_cat","embeddable":true,"href":"https:\/\/www.greeneggtotaal.nl\/de\/wp-json\/wp\/v2\/product_cat?post=5819"},{"taxonomy":"product_tag","embeddable":true,"href":"https:\/\/www.greeneggtotaal.nl\/de\/wp-json\/wp\/v2\/product_tag?post=5819"}],"curies":[{"name":"wp","href":"https:\/\/api.w.org\/{rel}","templated":true}]}}