{"id":5858,"date":"2025-06-16T14:09:57","date_gmt":"2025-06-16T12:09:57","guid":{"rendered":"https:\/\/baselinkweb.nl\/greeneggtotaal\/product\/inkbird-bluetooth-thermometer-ibt-2x\/"},"modified":"2026-01-29T08:54:12","modified_gmt":"2026-01-29T07:54:12","slug":"inkbird-bluetooth-thermometer-ibt-2x","status":"publish","type":"product","link":"https:\/\/www.greeneggtotaal.nl\/de\/product\/inkbird-bluetooth-thermometer-ibt-2x\/","title":{"rendered":"Inkbird Bluetooth Thermometer IBT-2X"},"content":{"rendered":"<p>Inkbird IBT-2X, ein rechteckiges Thermometer mit LCD-Display. Sie k\u00f6nnen  2 Sonden anschlie\u00dfen, sodass Sie zwei Gerichte gleichzeitig im Auge behalten k\u00f6nnen. Sie erhalten einen Temperaturalarm, wenn die gew\u00fcnschte Temperatur erreicht ist, und es gibt eine Countdown-Uhr f\u00fcr BBQ-Anf\u00e4nger. Mit diesem Thermometer k\u00f6nnen Sie zwischen 0 und 250 Grad Celsius messen, mit einer Genauigkeit von plus\/minus 1 \u00b0C.<\/p>\n<h3><strong>Spezifikationen<\/strong><\/h3>\n<ul>\n<li>Temperatur: 0 ~ 250 \u00b0C\/32 ~ 482 \u00b0F (f\u00fcr kurze Zeit bis max. 300 \u00b0C)<\/li>\n<li>Funkreichweite: max. 30 Meter<\/li>\n<li>Alarm: \u00dcbertemperaturalarm, Bereichsalarm, Countdown-Alarm<\/li>\n<li>Display: LED-Bildschirm &amp; APP<\/li>\n<li>2 Sonden\/Thermometer<\/li>\n<li>Stromversorgung: 2x AAA-Batterien (nicht im Lieferumfang enthalten)<\/li>\n<\/ul>","protected":false},"excerpt":{"rendered":"<p>Inkbird IBT-2X, een rechthoekige thermometer met LCD-scherm. Je kunt\u00a0 2 probes aansluiten zodat je twee gerechten tegelijk in de gaten kunt houden. Je krijgt een temperatuuralarm als de gewenste warmte is bereikt en er is een countdown-klokje voor beginnende BBQ\u2019ers. Je kunt met deze thermometer tussen de 0 en 250 graden Celsius meten, met een [&hellip;]<\/p>\n","protected":false},"featured_media":11030,"template":"","meta":[],"product_brand":[280],"product_cat":[86],"product_tag":[],"class_list":{"0":"post-5858","1":"product","2":"type-product","3":"status-publish","4":"has-post-thumbnail","6":"product_brand-inkbird","7":"product_cat-inkbird-thermometers","9":"first","10":"instock","11":"taxable","12":"shipping-taxable","13":"purchasable","14":"product-type-simple"},"yoast_head":"<!-- This site is optimized with the Yoast SEO Premium plugin v27.4 (Yoast SEO v27.4) - https:\/\/yoast.com\/product\/yoast-seo-premium-wordpress\/ -->\n<title>Inkbird Bluetooth Thermometer IBT-2X<\/title>\n<meta name=\"description\" content=\"Inkbird IBT\u20112X Bluetooth thermometer biedt betrouwbare temperatuurmeting, sterke verbinding en handige app\u2011bediening voor controle tijdens elke BBQ.\" \/>\n<meta name=\"robots\" content=\"index, follow, max-snippet:-1, max-image-preview:large, max-video-preview:-1\" \/>\n<link rel=\"canonical\" href=\"https:\/\/www.greeneggtotaal.nl\/de\/product\/inkbird-bluetooth-thermometer-ibt-2x\/\" \/>\n<meta property=\"og:locale\" content=\"de_DE\" \/>\n<meta property=\"og:type\" content=\"article\" \/>\n<meta property=\"og:title\" content=\"Inkbird Bluetooth Thermometer IBT-2X\" \/>\n<meta property=\"og:description\" content=\"Inkbird IBT\u20112X Bluetooth thermometer biedt betrouwbare temperatuurmeting, sterke verbinding en handige app\u2011bediening voor controle tijdens elke BBQ.\" \/>\n<meta property=\"og:url\" content=\"https:\/\/www.greeneggtotaal.nl\/de\/product\/inkbird-bluetooth-thermometer-ibt-2x\/\" \/>\n<meta property=\"og:site_name\" content=\"GreenEggTotaal\" \/>\n<meta property=\"article:modified_time\" content=\"2026-01-29T07:54:12+00:00\" \/>\n<meta property=\"og:image\" content=\"https:\/\/www.greeneggtotaal.nl\/wp-content\/uploads\/2025\/08\/ontwerp_zonder_titel_-_2025-01-23t110131.086-removebg-preview.webp\" \/>\n\t<meta property=\"og:image:width\" content=\"500\" \/>\n\t<meta property=\"og:image:height\" content=\"500\" \/>\n\t<meta property=\"og:image:type\" content=\"image\/webp\" \/>\n<meta name=\"twitter:card\" content=\"summary_large_image\" \/>\n<meta name=\"twitter:label1\" content=\"Gesch\u00e4tzte Lesezeit\" \/>\n\t<meta name=\"twitter:data1\" content=\"1\u00a0Minute\" \/>\n<script type=\"application\/ld+json\" class=\"yoast-schema-graph\">{\"@context\":\"https:\\\/\\\/schema.org\",\"@graph\":[{\"@type\":\"WebPage\",\"@id\":\"https:\\\/\\\/www.greeneggtotaal.nl\\\/product\\\/inkbird-bluetooth-thermometer-ibt-2x\\\/\",\"url\":\"https:\\\/\\\/www.greeneggtotaal.nl\\\/product\\\/inkbird-bluetooth-thermometer-ibt-2x\\\/\",\"name\":\"Inkbird Bluetooth Thermometer IBT-2X\",\"isPartOf\":{\"@id\":\"https:\\\/\\\/www.greeneggtotaal.nl\\\/nl\\\/#website\"},\"primaryImageOfPage\":{\"@id\":\"https:\\\/\\\/www.greeneggtotaal.nl\\\/product\\\/inkbird-bluetooth-thermometer-ibt-2x\\\/#primaryimage\"},\"image\":{\"@id\":\"https:\\\/\\\/www.greeneggtotaal.nl\\\/product\\\/inkbird-bluetooth-thermometer-ibt-2x\\\/#primaryimage\"},\"thumbnailUrl\":\"https:\\\/\\\/www.greeneggtotaal.nl\\\/wp-content\\\/uploads\\\/2025\\\/08\\\/ontwerp_zonder_titel_-_2025-01-23t110131.086-removebg-preview.webp\",\"datePublished\":\"2025-06-16T12:09:57+00:00\",\"dateModified\":\"2026-01-29T07:54:12+00:00\",\"description\":\"Inkbird IBT\u20112X Bluetooth thermometer biedt betrouwbare temperatuurmeting, sterke verbinding en handige app\u2011bediening voor controle tijdens elke BBQ.\",\"breadcrumb\":{\"@id\":\"https:\\\/\\\/www.greeneggtotaal.nl\\\/product\\\/inkbird-bluetooth-thermometer-ibt-2x\\\/#breadcrumb\"},\"inLanguage\":\"de\",\"potentialAction\":[{\"@type\":\"ReadAction\",\"target\":[\"https:\\\/\\\/www.greeneggtotaal.nl\\\/product\\\/inkbird-bluetooth-thermometer-ibt-2x\\\/\"]}]},{\"@type\":\"ImageObject\",\"inLanguage\":\"de\",\"@id\":\"https:\\\/\\\/www.greeneggtotaal.nl\\\/product\\\/inkbird-bluetooth-thermometer-ibt-2x\\\/#primaryimage\",\"url\":\"https:\\\/\\\/www.greeneggtotaal.nl\\\/wp-content\\\/uploads\\\/2025\\\/08\\\/ontwerp_zonder_titel_-_2025-01-23t110131.086-removebg-preview.webp\",\"contentUrl\":\"https:\\\/\\\/www.greeneggtotaal.nl\\\/wp-content\\\/uploads\\\/2025\\\/08\\\/ontwerp_zonder_titel_-_2025-01-23t110131.086-removebg-preview.webp\",\"width\":500,\"height\":500,\"caption\":\"Inkbird Bluetooth Thermometer IBT-2X\"},{\"@type\":\"BreadcrumbList\",\"@id\":\"https:\\\/\\\/www.greeneggtotaal.nl\\\/product\\\/inkbird-bluetooth-thermometer-ibt-2x\\\/#breadcrumb\",\"itemListElement\":[{\"@type\":\"ListItem\",\"position\":1,\"name\":\"Home\",\"item\":\"https:\\\/\\\/www.greeneggtotaal.nl\\\/\"},{\"@type\":\"ListItem\",\"position\":2,\"name\":\"Shop\",\"item\":\"https:\\\/\\\/www.greeneggtotaal.nl\\\/nl\\\/shop\\\/\"},{\"@type\":\"ListItem\",\"position\":3,\"name\":\"Inkbird Bluetooth Thermometer IBT-2X\"}]},{\"@type\":\"WebSite\",\"@id\":\"https:\\\/\\\/www.greeneggtotaal.nl\\\/nl\\\/#website\",\"url\":\"https:\\\/\\\/www.greeneggtotaal.nl\\\/nl\\\/\",\"name\":\"greeneggtotaal.nl\",\"description\":\"D\u00e9 Big Green Egg Specialist\",\"publisher\":{\"@id\":\"https:\\\/\\\/www.greeneggtotaal.nl\\\/nl\\\/#organization\"},\"potentialAction\":[{\"@type\":\"SearchAction\",\"target\":{\"@type\":\"EntryPoint\",\"urlTemplate\":\"https:\\\/\\\/www.greeneggtotaal.nl\\\/nl\\\/?s={search_term_string}\"},\"query-input\":{\"@type\":\"PropertyValueSpecification\",\"valueRequired\":true,\"valueName\":\"search_term_string\"}}],\"inLanguage\":\"de\"},{\"@type\":\"Organization\",\"@id\":\"https:\\\/\\\/www.greeneggtotaal.nl\\\/nl\\\/#organization\",\"name\":\"Green Egg Totaal\",\"url\":\"https:\\\/\\\/www.greeneggtotaal.nl\\\/nl\\\/\",\"logo\":{\"@type\":\"ImageObject\",\"inLanguage\":\"de\",\"@id\":\"https:\\\/\\\/www.greeneggtotaal.nl\\\/nl\\\/#\\\/schema\\\/logo\\\/image\\\/\",\"url\":\"https:\\\/\\\/www.greeneggtotaal.nl\\\/wp-content\\\/uploads\\\/2025\\\/06\\\/Green-Egg-Totaal-Logo.png\",\"contentUrl\":\"https:\\\/\\\/www.greeneggtotaal.nl\\\/wp-content\\\/uploads\\\/2025\\\/06\\\/Green-Egg-Totaal-Logo.png\",\"width\":225,\"height\":95,\"caption\":\"Green Egg Totaal\"},\"image\":{\"@id\":\"https:\\\/\\\/www.greeneggtotaal.nl\\\/nl\\\/#\\\/schema\\\/logo\\\/image\\\/\"}}]}<\/script>\n<!-- \/ Yoast SEO Premium plugin. -->","yoast_head_json":{"title":"Inkbird Bluetooth Thermometer IBT-2X","description":"Das Bluetooth-Thermometer IBT-2X von Inkbird bietet eine zuverl\u00e4ssige Temperaturmessung, eine starke Verbindung und eine bequeme App-Steuerung f\u00fcr die \u00dcberwachung bei jeder Grillparty.","robots":{"index":"index","follow":"follow","max-snippet":"max-snippet:-1","max-image-preview":"max-image-preview:large","max-video-preview":"max-video-preview:-1"},"canonical":"https:\/\/www.greeneggtotaal.nl\/de\/product\/inkbird-bluetooth-thermometer-ibt-2x\/","og_locale":"de_DE","og_type":"article","og_title":"Inkbird Bluetooth Thermometer IBT-2X","og_description":"Inkbird IBT\u20112X Bluetooth thermometer biedt betrouwbare temperatuurmeting, sterke verbinding en handige app\u2011bediening voor controle tijdens elke BBQ.","og_url":"https:\/\/www.greeneggtotaal.nl\/de\/product\/inkbird-bluetooth-thermometer-ibt-2x\/","og_site_name":"GreenEggTotaal","article_modified_time":"2026-01-29T07:54:12+00:00","og_image":[{"width":500,"height":500,"url":"https:\/\/www.greeneggtotaal.nl\/wp-content\/uploads\/2025\/08\/ontwerp_zonder_titel_-_2025-01-23t110131.086-removebg-preview.webp","type":"image\/webp"}],"twitter_card":"summary_large_image","twitter_misc":{"Gesch\u00e4tzte Lesezeit":"1\u00a0Minute"},"schema":{"@context":"https:\/\/schema.org","@graph":[{"@type":"WebPage","@id":"https:\/\/www.greeneggtotaal.nl\/product\/inkbird-bluetooth-thermometer-ibt-2x\/","url":"https:\/\/www.greeneggtotaal.nl\/product\/inkbird-bluetooth-thermometer-ibt-2x\/","name":"Inkbird Bluetooth Thermometer IBT-2X","isPartOf":{"@id":"https:\/\/www.greeneggtotaal.nl\/nl\/#website"},"primaryImageOfPage":{"@id":"https:\/\/www.greeneggtotaal.nl\/product\/inkbird-bluetooth-thermometer-ibt-2x\/#primaryimage"},"image":{"@id":"https:\/\/www.greeneggtotaal.nl\/product\/inkbird-bluetooth-thermometer-ibt-2x\/#primaryimage"},"thumbnailUrl":"https:\/\/www.greeneggtotaal.nl\/wp-content\/uploads\/2025\/08\/ontwerp_zonder_titel_-_2025-01-23t110131.086-removebg-preview.webp","datePublished":"2025-06-16T12:09:57+00:00","dateModified":"2026-01-29T07:54:12+00:00","description":"Das Bluetooth-Thermometer IBT-2X von Inkbird bietet eine zuverl\u00e4ssige Temperaturmessung, eine starke Verbindung und eine bequeme App-Steuerung f\u00fcr die \u00dcberwachung bei jeder Grillparty.","breadcrumb":{"@id":"https:\/\/www.greeneggtotaal.nl\/product\/inkbird-bluetooth-thermometer-ibt-2x\/#breadcrumb"},"inLanguage":"de","potentialAction":[{"@type":"ReadAction","target":["https:\/\/www.greeneggtotaal.nl\/product\/inkbird-bluetooth-thermometer-ibt-2x\/"]}]},{"@type":"ImageObject","inLanguage":"de","@id":"https:\/\/www.greeneggtotaal.nl\/product\/inkbird-bluetooth-thermometer-ibt-2x\/#primaryimage","url":"https:\/\/www.greeneggtotaal.nl\/wp-content\/uploads\/2025\/08\/ontwerp_zonder_titel_-_2025-01-23t110131.086-removebg-preview.webp","contentUrl":"https:\/\/www.greeneggtotaal.nl\/wp-content\/uploads\/2025\/08\/ontwerp_zonder_titel_-_2025-01-23t110131.086-removebg-preview.webp","width":500,"height":500,"caption":"Inkbird Bluetooth Thermometer IBT-2X"},{"@type":"BreadcrumbList","@id":"https:\/\/www.greeneggtotaal.nl\/product\/inkbird-bluetooth-thermometer-ibt-2x\/#breadcrumb","itemListElement":[{"@type":"ListItem","position":1,"name":"Home","item":"https:\/\/www.greeneggtotaal.nl\/"},{"@type":"ListItem","position":2,"name":"Shop","item":"https:\/\/www.greeneggtotaal.nl\/nl\/shop\/"},{"@type":"ListItem","position":3,"name":"Inkbird Bluetooth Thermometer IBT-2X"}]},{"@type":"WebSite","@id":"https:\/\/www.greeneggtotaal.nl\/nl\/#website","url":"https:\/\/www.greeneggtotaal.nl\/nl\/","name":"greeneggtotaal.nl","description":"Der Big Green Egg Spezialist","publisher":{"@id":"https:\/\/www.greeneggtotaal.nl\/nl\/#organization"},"potentialAction":[{"@type":"SearchAction","target":{"@type":"EntryPoint","urlTemplate":"https:\/\/www.greeneggtotaal.nl\/nl\/?s={search_term_string}"},"query-input":{"@type":"PropertyValueSpecification","valueRequired":true,"valueName":"search_term_string"}}],"inLanguage":"de"},{"@type":"Organization","@id":"https:\/\/www.greeneggtotaal.nl\/nl\/#organization","name":"Green Egg Totaal","url":"https:\/\/www.greeneggtotaal.nl\/nl\/","logo":{"@type":"ImageObject","inLanguage":"de","@id":"https:\/\/www.greeneggtotaal.nl\/nl\/#\/schema\/logo\/image\/","url":"https:\/\/www.greeneggtotaal.nl\/wp-content\/uploads\/2025\/06\/Green-Egg-Totaal-Logo.png","contentUrl":"https:\/\/www.greeneggtotaal.nl\/wp-content\/uploads\/2025\/06\/Green-Egg-Totaal-Logo.png","width":225,"height":95,"caption":"Green Egg Totaal"},"image":{"@id":"https:\/\/www.greeneggtotaal.nl\/nl\/#\/schema\/logo\/image\/"}}]}},"_links":{"self":[{"href":"https:\/\/www.greeneggtotaal.nl\/de\/wp-json\/wp\/v2\/product\/5858","targetHints":{"allow":["GET"]}}],"collection":[{"href":"https:\/\/www.greeneggtotaal.nl\/de\/wp-json\/wp\/v2\/product"}],"about":[{"href":"https:\/\/www.greeneggtotaal.nl\/de\/wp-json\/wp\/v2\/types\/product"}],"wp:featuredmedia":[{"embeddable":true,"href":"https:\/\/www.greeneggtotaal.nl\/de\/wp-json\/wp\/v2\/media\/11030"}],"wp:attachment":[{"href":"https:\/\/www.greeneggtotaal.nl\/de\/wp-json\/wp\/v2\/media?parent=5858"}],"wp:term":[{"taxonomy":"product_brand","embeddable":true,"href":"https:\/\/www.greeneggtotaal.nl\/de\/wp-json\/wp\/v2\/product_brand?post=5858"},{"taxonomy":"product_cat","embeddable":true,"href":"https:\/\/www.greeneggtotaal.nl\/de\/wp-json\/wp\/v2\/product_cat?post=5858"},{"taxonomy":"product_tag","embeddable":true,"href":"https:\/\/www.greeneggtotaal.nl\/de\/wp-json\/wp\/v2\/product_tag?post=5858"}],"curies":[{"name":"wp","href":"https:\/\/api.w.org\/{rel}","templated":true}]}}