{"id":6057,"date":"2025-06-16T14:42:11","date_gmt":"2025-06-16T12:42:11","guid":{"rendered":"https:\/\/baselinkweb.nl\/greeneggtotaal\/product\/the-windmill-aanmaakwokkels-12-kg\/"},"modified":"2026-01-28T12:42:56","modified_gmt":"2026-01-28T11:42:56","slug":"die-windmuhle-anzundholz-woks-12-kg","status":"publish","type":"product","link":"https:\/\/www.greeneggtotaal.nl\/de\/product\/the-windmill-aanmaakwokkels-12-kg\/","title":{"rendered":"Die Windm\u00fchle Beleuchtung woks 1,2 kg"},"content":{"rendered":"<p>Drehen Sie die Woks leicht auf, legen Sie sie zwischen die Holzkohle oder Briketts und z\u00fcnden Sie die Woks an. Verwenden Sie sie in einem Brikettstarter, direkt in Ihrem Grill, Ofen oder Kamin.<\/p>","protected":false},"excerpt":{"rendered":"<p>Drehen Sie die Woks leicht auf, legen Sie sie zwischen die Holzkohle oder Briketts und z\u00fcnden Sie die Woks an. Verwenden Sie sie in einem Brikettstarter, direkt in Ihrem Grill, Ofen oder Kamin.<\/p>","protected":false},"featured_media":10420,"template":"","meta":[],"product_brand":[231],"product_cat":[88],"product_tag":[],"class_list":{"0":"post-6057","1":"product","2":"type-product","3":"status-publish","4":"has-post-thumbnail","6":"product_brand-the-windmill","7":"product_cat-aanmaken","9":"first","10":"instock","11":"sale","12":"taxable","13":"shipping-taxable","14":"purchasable","15":"product-type-simple"},"yoast_head":"<!-- This site is optimized with the Yoast SEO Premium plugin v27.4 (Yoast SEO v27.4) - https:\/\/yoast.com\/product\/yoast-seo-premium-wordpress\/ -->\n<title>The Windmill Aanmaakwokkels 1,2 kg<\/title>\n<meta name=\"description\" content=\"The Windmill Aanmaakwokkels 1,2 kg zorgen voor snelle, natuurlijke ontsteking van BBQ en haard, zonder geur of rook. GreenEggTotaal\" \/>\n<meta name=\"robots\" content=\"index, follow, max-snippet:-1, max-image-preview:large, max-video-preview:-1\" \/>\n<link rel=\"canonical\" href=\"https:\/\/www.greeneggtotaal.nl\/de\/product\/die-windmuhle-anzundholz-woks-12-kg\/\" \/>\n<meta property=\"og:locale\" content=\"de_DE\" \/>\n<meta property=\"og:type\" content=\"article\" \/>\n<meta property=\"og:title\" content=\"The Windmill Aanmaakwokkels 1,2 kg\" \/>\n<meta property=\"og:description\" content=\"The Windmill Aanmaakwokkels 1,2 kg zorgen voor snelle, natuurlijke ontsteking van BBQ en haard, zonder geur of rook. GreenEggTotaal\" \/>\n<meta property=\"og:url\" content=\"https:\/\/www.greeneggtotaal.nl\/de\/product\/die-windmuhle-anzundholz-woks-12-kg\/\" \/>\n<meta property=\"og:site_name\" content=\"GreenEggTotaal\" \/>\n<meta property=\"article:modified_time\" content=\"2026-01-28T11:42:56+00:00\" \/>\n<meta property=\"og:image\" content=\"https:\/\/www.greeneggtotaal.nl\/wp-content\/uploads\/2025\/08\/houtskool-16.webp\" \/>\n\t<meta property=\"og:image:width\" content=\"500\" \/>\n\t<meta property=\"og:image:height\" content=\"500\" \/>\n\t<meta property=\"og:image:type\" content=\"image\/webp\" \/>\n<meta name=\"twitter:card\" content=\"summary_large_image\" \/>\n<meta name=\"twitter:label1\" content=\"Gesch\u00e4tzte Lesezeit\" \/>\n\t<meta name=\"twitter:data1\" content=\"1\u00a0Minute\" \/>\n<script type=\"application\/ld+json\" class=\"yoast-schema-graph\">{\"@context\":\"https:\\\/\\\/schema.org\",\"@graph\":[{\"@type\":\"WebPage\",\"@id\":\"https:\\\/\\\/www.greeneggtotaal.nl\\\/product\\\/the-windmill-aanmaakwokkels-12-kg\\\/\",\"url\":\"https:\\\/\\\/www.greeneggtotaal.nl\\\/product\\\/the-windmill-aanmaakwokkels-12-kg\\\/\",\"name\":\"The Windmill Aanmaakwokkels 1,2 kg\",\"isPartOf\":{\"@id\":\"https:\\\/\\\/www.greeneggtotaal.nl\\\/nl\\\/#website\"},\"primaryImageOfPage\":{\"@id\":\"https:\\\/\\\/www.greeneggtotaal.nl\\\/product\\\/the-windmill-aanmaakwokkels-12-kg\\\/#primaryimage\"},\"image\":{\"@id\":\"https:\\\/\\\/www.greeneggtotaal.nl\\\/product\\\/the-windmill-aanmaakwokkels-12-kg\\\/#primaryimage\"},\"thumbnailUrl\":\"https:\\\/\\\/www.greeneggtotaal.nl\\\/wp-content\\\/uploads\\\/2025\\\/08\\\/houtskool-16.webp\",\"datePublished\":\"2025-06-16T12:42:11+00:00\",\"dateModified\":\"2026-01-28T11:42:56+00:00\",\"description\":\"The Windmill Aanmaakwokkels 1,2 kg zorgen voor snelle, natuurlijke ontsteking van BBQ en haard, zonder geur of rook. GreenEggTotaal\",\"breadcrumb\":{\"@id\":\"https:\\\/\\\/www.greeneggtotaal.nl\\\/product\\\/the-windmill-aanmaakwokkels-12-kg\\\/#breadcrumb\"},\"inLanguage\":\"de\",\"potentialAction\":[{\"@type\":\"ReadAction\",\"target\":[\"https:\\\/\\\/www.greeneggtotaal.nl\\\/product\\\/the-windmill-aanmaakwokkels-12-kg\\\/\"]}]},{\"@type\":\"ImageObject\",\"inLanguage\":\"de\",\"@id\":\"https:\\\/\\\/www.greeneggtotaal.nl\\\/product\\\/the-windmill-aanmaakwokkels-12-kg\\\/#primaryimage\",\"url\":\"https:\\\/\\\/www.greeneggtotaal.nl\\\/wp-content\\\/uploads\\\/2025\\\/08\\\/houtskool-16.webp\",\"contentUrl\":\"https:\\\/\\\/www.greeneggtotaal.nl\\\/wp-content\\\/uploads\\\/2025\\\/08\\\/houtskool-16.webp\",\"width\":500,\"height\":500,\"caption\":\"The Windmill Aanmaakwokkels 1,2 kg\"},{\"@type\":\"BreadcrumbList\",\"@id\":\"https:\\\/\\\/www.greeneggtotaal.nl\\\/product\\\/the-windmill-aanmaakwokkels-12-kg\\\/#breadcrumb\",\"itemListElement\":[{\"@type\":\"ListItem\",\"position\":1,\"name\":\"Home\",\"item\":\"https:\\\/\\\/www.greeneggtotaal.nl\\\/\"},{\"@type\":\"ListItem\",\"position\":2,\"name\":\"Shop\",\"item\":\"https:\\\/\\\/www.greeneggtotaal.nl\\\/nl\\\/shop\\\/\"},{\"@type\":\"ListItem\",\"position\":3,\"name\":\"The Windmill Aanmaakwokkels 1,2 kg\"}]},{\"@type\":\"WebSite\",\"@id\":\"https:\\\/\\\/www.greeneggtotaal.nl\\\/nl\\\/#website\",\"url\":\"https:\\\/\\\/www.greeneggtotaal.nl\\\/nl\\\/\",\"name\":\"greeneggtotaal.nl\",\"description\":\"D\u00e9 Big Green Egg Specialist\",\"publisher\":{\"@id\":\"https:\\\/\\\/www.greeneggtotaal.nl\\\/nl\\\/#organization\"},\"potentialAction\":[{\"@type\":\"SearchAction\",\"target\":{\"@type\":\"EntryPoint\",\"urlTemplate\":\"https:\\\/\\\/www.greeneggtotaal.nl\\\/nl\\\/?s={search_term_string}\"},\"query-input\":{\"@type\":\"PropertyValueSpecification\",\"valueRequired\":true,\"valueName\":\"search_term_string\"}}],\"inLanguage\":\"de\"},{\"@type\":\"Organization\",\"@id\":\"https:\\\/\\\/www.greeneggtotaal.nl\\\/nl\\\/#organization\",\"name\":\"Green Egg Totaal\",\"url\":\"https:\\\/\\\/www.greeneggtotaal.nl\\\/nl\\\/\",\"logo\":{\"@type\":\"ImageObject\",\"inLanguage\":\"de\",\"@id\":\"https:\\\/\\\/www.greeneggtotaal.nl\\\/nl\\\/#\\\/schema\\\/logo\\\/image\\\/\",\"url\":\"https:\\\/\\\/www.greeneggtotaal.nl\\\/wp-content\\\/uploads\\\/2025\\\/06\\\/Green-Egg-Totaal-Logo.png\",\"contentUrl\":\"https:\\\/\\\/www.greeneggtotaal.nl\\\/wp-content\\\/uploads\\\/2025\\\/06\\\/Green-Egg-Totaal-Logo.png\",\"width\":225,\"height\":95,\"caption\":\"Green Egg Totaal\"},\"image\":{\"@id\":\"https:\\\/\\\/www.greeneggtotaal.nl\\\/nl\\\/#\\\/schema\\\/logo\\\/image\\\/\"}}]}<\/script>\n<!-- \/ Yoast SEO Premium plugin. -->","yoast_head_json":{"title":"Die Windm\u00fchle Beleuchtung woks 1,2 kg","description":"Die Windmill Anz\u00fcnddochte 1,2 kg sorgen f\u00fcr ein schnelles, nat\u00fcrliches Anz\u00fcnden von Grill und Kamin, ohne Geruch oder Rauch. GreenEggTotal","robots":{"index":"index","follow":"follow","max-snippet":"max-snippet:-1","max-image-preview":"max-image-preview:large","max-video-preview":"max-video-preview:-1"},"canonical":"https:\/\/www.greeneggtotaal.nl\/de\/product\/die-windmuhle-anzundholz-woks-12-kg\/","og_locale":"de_DE","og_type":"article","og_title":"The Windmill Aanmaakwokkels 1,2 kg","og_description":"The Windmill Aanmaakwokkels 1,2 kg zorgen voor snelle, natuurlijke ontsteking van BBQ en haard, zonder geur of rook. GreenEggTotaal","og_url":"https:\/\/www.greeneggtotaal.nl\/de\/product\/die-windmuhle-anzundholz-woks-12-kg\/","og_site_name":"GreenEggTotaal","article_modified_time":"2026-01-28T11:42:56+00:00","og_image":[{"width":500,"height":500,"url":"https:\/\/www.greeneggtotaal.nl\/wp-content\/uploads\/2025\/08\/houtskool-16.webp","type":"image\/webp"}],"twitter_card":"summary_large_image","twitter_misc":{"Gesch\u00e4tzte Lesezeit":"1\u00a0Minute"},"schema":{"@context":"https:\/\/schema.org","@graph":[{"@type":"WebPage","@id":"https:\/\/www.greeneggtotaal.nl\/product\/the-windmill-aanmaakwokkels-12-kg\/","url":"https:\/\/www.greeneggtotaal.nl\/product\/the-windmill-aanmaakwokkels-12-kg\/","name":"Die Windm\u00fchle Beleuchtung woks 1,2 kg","isPartOf":{"@id":"https:\/\/www.greeneggtotaal.nl\/nl\/#website"},"primaryImageOfPage":{"@id":"https:\/\/www.greeneggtotaal.nl\/product\/the-windmill-aanmaakwokkels-12-kg\/#primaryimage"},"image":{"@id":"https:\/\/www.greeneggtotaal.nl\/product\/the-windmill-aanmaakwokkels-12-kg\/#primaryimage"},"thumbnailUrl":"https:\/\/www.greeneggtotaal.nl\/wp-content\/uploads\/2025\/08\/houtskool-16.webp","datePublished":"2025-06-16T12:42:11+00:00","dateModified":"2026-01-28T11:42:56+00:00","description":"Die Windmill Anz\u00fcnddochte 1,2 kg sorgen f\u00fcr ein schnelles, nat\u00fcrliches Anz\u00fcnden von Grill und Kamin, ohne Geruch oder Rauch. GreenEggTotal","breadcrumb":{"@id":"https:\/\/www.greeneggtotaal.nl\/product\/the-windmill-aanmaakwokkels-12-kg\/#breadcrumb"},"inLanguage":"de","potentialAction":[{"@type":"ReadAction","target":["https:\/\/www.greeneggtotaal.nl\/product\/the-windmill-aanmaakwokkels-12-kg\/"]}]},{"@type":"ImageObject","inLanguage":"de","@id":"https:\/\/www.greeneggtotaal.nl\/product\/the-windmill-aanmaakwokkels-12-kg\/#primaryimage","url":"https:\/\/www.greeneggtotaal.nl\/wp-content\/uploads\/2025\/08\/houtskool-16.webp","contentUrl":"https:\/\/www.greeneggtotaal.nl\/wp-content\/uploads\/2025\/08\/houtskool-16.webp","width":500,"height":500,"caption":"The Windmill Aanmaakwokkels 1,2 kg"},{"@type":"BreadcrumbList","@id":"https:\/\/www.greeneggtotaal.nl\/product\/the-windmill-aanmaakwokkels-12-kg\/#breadcrumb","itemListElement":[{"@type":"ListItem","position":1,"name":"Home","item":"https:\/\/www.greeneggtotaal.nl\/"},{"@type":"ListItem","position":2,"name":"Shop","item":"https:\/\/www.greeneggtotaal.nl\/nl\/shop\/"},{"@type":"ListItem","position":3,"name":"The Windmill Aanmaakwokkels 1,2 kg"}]},{"@type":"WebSite","@id":"https:\/\/www.greeneggtotaal.nl\/nl\/#website","url":"https:\/\/www.greeneggtotaal.nl\/nl\/","name":"greeneggtotaal.nl","description":"Der Big Green Egg Spezialist","publisher":{"@id":"https:\/\/www.greeneggtotaal.nl\/nl\/#organization"},"potentialAction":[{"@type":"SearchAction","target":{"@type":"EntryPoint","urlTemplate":"https:\/\/www.greeneggtotaal.nl\/nl\/?s={search_term_string}"},"query-input":{"@type":"PropertyValueSpecification","valueRequired":true,"valueName":"search_term_string"}}],"inLanguage":"de"},{"@type":"Organization","@id":"https:\/\/www.greeneggtotaal.nl\/nl\/#organization","name":"Green Egg Totaal","url":"https:\/\/www.greeneggtotaal.nl\/nl\/","logo":{"@type":"ImageObject","inLanguage":"de","@id":"https:\/\/www.greeneggtotaal.nl\/nl\/#\/schema\/logo\/image\/","url":"https:\/\/www.greeneggtotaal.nl\/wp-content\/uploads\/2025\/06\/Green-Egg-Totaal-Logo.png","contentUrl":"https:\/\/www.greeneggtotaal.nl\/wp-content\/uploads\/2025\/06\/Green-Egg-Totaal-Logo.png","width":225,"height":95,"caption":"Green Egg Totaal"},"image":{"@id":"https:\/\/www.greeneggtotaal.nl\/nl\/#\/schema\/logo\/image\/"}}]}},"_links":{"self":[{"href":"https:\/\/www.greeneggtotaal.nl\/de\/wp-json\/wp\/v2\/product\/6057","targetHints":{"allow":["GET"]}}],"collection":[{"href":"https:\/\/www.greeneggtotaal.nl\/de\/wp-json\/wp\/v2\/product"}],"about":[{"href":"https:\/\/www.greeneggtotaal.nl\/de\/wp-json\/wp\/v2\/types\/product"}],"wp:featuredmedia":[{"embeddable":true,"href":"https:\/\/www.greeneggtotaal.nl\/de\/wp-json\/wp\/v2\/media\/10420"}],"wp:attachment":[{"href":"https:\/\/www.greeneggtotaal.nl\/de\/wp-json\/wp\/v2\/media?parent=6057"}],"wp:term":[{"taxonomy":"product_brand","embeddable":true,"href":"https:\/\/www.greeneggtotaal.nl\/de\/wp-json\/wp\/v2\/product_brand?post=6057"},{"taxonomy":"product_cat","embeddable":true,"href":"https:\/\/www.greeneggtotaal.nl\/de\/wp-json\/wp\/v2\/product_cat?post=6057"},{"taxonomy":"product_tag","embeddable":true,"href":"https:\/\/www.greeneggtotaal.nl\/de\/wp-json\/wp\/v2\/product_tag?post=6057"}],"curies":[{"name":"wp","href":"https:\/\/api.w.org\/{rel}","templated":true}]}}