{"id":6070,"date":"2025-06-16T14:42:15","date_gmt":"2025-06-16T12:42:15","guid":{"rendered":"https:\/\/baselinkweb.nl\/greeneggtotaal\/product\/echt-aanmaakhoutwol-32-stuks\/"},"modified":"2026-01-28T12:40:31","modified_gmt":"2026-01-28T11:40:31","slug":"echte-anzundwolle-32-stuck","status":"publish","type":"product","link":"https:\/\/www.greeneggtotaal.nl\/de\/product\/echt-aanmaakhoutwol-32-stuks\/","title":{"rendered":"REAL Anz\u00fcndwolle 32 St\u00fcck"},"content":{"rendered":"<p>Entfachen Sie Ihr Feuer mit der Reinheit von REAL\u00ae Anz\u00fcndholzsp\u00e4nen, einem 100% Naturprodukt aus echtem Holz aus FSC-zertifizierten W\u00e4ldern. Diese Anz\u00fcndh\u00f6lzer sind nicht nur eine umweltfreundliche Option, sondern bringen Ihr Feuererlebnis auf die n\u00e4chste Stufe.<\/p>\n<p>Ob Sie nun ein begeisterter Camper, ein leidenschaftlicher Koch oder einfach nur ein gem\u00fctlicher Kaminfeuerfreund sind, diese Anz\u00fcndh\u00f6lzer sind die ideale Wahl f\u00fcr alle, die Langlebigkeit ohne Kompromisse bei der Leistung bevorzugen. G\u00f6nnen Sie sich die nat\u00fcrliche W\u00e4rme und das beruhigende Knistern von REAL\u00ae Anz\u00fcndholz.<\/p>\n<ul>\n<li>100% aus nat\u00fcrlichem und FSC-zertifiziertem Holz<\/li>\n<li>Nachhaltig und umweltfreundlich<\/li>\n<\/ul>","protected":false},"excerpt":{"rendered":"<p>Laat je vuur ontvlammen met de puurheid van ECHT\u00ae aanmaakhoutwol, een 100% natuurlijk product dat wordt vervaardigd uit echt hout afkomstig uit FSC gecertificeerde bossen. Deze aanmaakhoutkrullen bieden niet alleen een milieuvriendelijke optie, maar ze tillen ook jouw vuurervaring naar een hoger niveau. Of je nu een enthousiaste kampeerder bent, een gepassioneerde thuischef of gewoon [&hellip;]<\/p>\n","protected":false},"featured_media":11001,"template":"","meta":[],"product_brand":[236],"product_cat":[88],"product_tag":[],"class_list":{"0":"post-6070","1":"product","2":"type-product","3":"status-publish","4":"has-post-thumbnail","6":"product_brand-echt-goed","7":"product_cat-aanmaken","9":"first","10":"instock","11":"taxable","12":"shipping-taxable","13":"purchasable","14":"product-type-simple"},"yoast_head":"<!-- This site is optimized with the Yoast SEO Premium plugin v27.4 (Yoast SEO v27.4) - https:\/\/yoast.com\/product\/yoast-seo-premium-wordpress\/ -->\n<title>ECHT Aanmaakhoutwol 32 stuks<\/title>\n<meta name=\"description\" content=\"ECHT Aanmaakhoutwol 32 stuks biedt natuurlijke, snelle ontsteking voor BBQ en haard, zonder geur, rook of chemische toevoegingen.\" \/>\n<meta name=\"robots\" content=\"index, follow, max-snippet:-1, max-image-preview:large, max-video-preview:-1\" \/>\n<link rel=\"canonical\" href=\"https:\/\/www.greeneggtotaal.nl\/de\/product\/echte-anzundwolle-32-stuck\/\" \/>\n<meta property=\"og:locale\" content=\"de_DE\" \/>\n<meta property=\"og:type\" content=\"article\" \/>\n<meta property=\"og:title\" content=\"ECHT Aanmaakhoutwol 32 stuks\" \/>\n<meta property=\"og:description\" content=\"ECHT Aanmaakhoutwol 32 stuks biedt natuurlijke, snelle ontsteking voor BBQ en haard, zonder geur, rook of chemische toevoegingen.\" \/>\n<meta property=\"og:url\" content=\"https:\/\/www.greeneggtotaal.nl\/de\/product\/echte-anzundwolle-32-stuck\/\" \/>\n<meta property=\"og:site_name\" content=\"GreenEggTotaal\" \/>\n<meta property=\"article:modified_time\" content=\"2026-01-28T11:40:31+00:00\" \/>\n<meta property=\"og:image\" content=\"https:\/\/www.greeneggtotaal.nl\/wp-content\/uploads\/2025\/08\/ontwerp-zonder-titel-2024-08-28t141100.252.webp\" \/>\n\t<meta property=\"og:image:width\" content=\"500\" \/>\n\t<meta property=\"og:image:height\" content=\"500\" \/>\n\t<meta property=\"og:image:type\" content=\"image\/webp\" \/>\n<meta name=\"twitter:card\" content=\"summary_large_image\" \/>\n<meta name=\"twitter:label1\" content=\"Gesch\u00e4tzte Lesezeit\" \/>\n\t<meta name=\"twitter:data1\" content=\"1\u00a0Minute\" \/>\n<script type=\"application\/ld+json\" class=\"yoast-schema-graph\">{\"@context\":\"https:\\\/\\\/schema.org\",\"@graph\":[{\"@type\":\"WebPage\",\"@id\":\"https:\\\/\\\/www.greeneggtotaal.nl\\\/product\\\/echt-aanmaakhoutwol-32-stuks\\\/\",\"url\":\"https:\\\/\\\/www.greeneggtotaal.nl\\\/product\\\/echt-aanmaakhoutwol-32-stuks\\\/\",\"name\":\"ECHT Aanmaakhoutwol 32 stuks\",\"isPartOf\":{\"@id\":\"https:\\\/\\\/www.greeneggtotaal.nl\\\/nl\\\/#website\"},\"primaryImageOfPage\":{\"@id\":\"https:\\\/\\\/www.greeneggtotaal.nl\\\/product\\\/echt-aanmaakhoutwol-32-stuks\\\/#primaryimage\"},\"image\":{\"@id\":\"https:\\\/\\\/www.greeneggtotaal.nl\\\/product\\\/echt-aanmaakhoutwol-32-stuks\\\/#primaryimage\"},\"thumbnailUrl\":\"https:\\\/\\\/www.greeneggtotaal.nl\\\/wp-content\\\/uploads\\\/2025\\\/08\\\/ontwerp-zonder-titel-2024-08-28t141100.252.webp\",\"datePublished\":\"2025-06-16T12:42:15+00:00\",\"dateModified\":\"2026-01-28T11:40:31+00:00\",\"description\":\"ECHT Aanmaakhoutwol 32 stuks biedt natuurlijke, snelle ontsteking voor BBQ en haard, zonder geur, rook of chemische toevoegingen.\",\"breadcrumb\":{\"@id\":\"https:\\\/\\\/www.greeneggtotaal.nl\\\/product\\\/echt-aanmaakhoutwol-32-stuks\\\/#breadcrumb\"},\"inLanguage\":\"de\",\"potentialAction\":[{\"@type\":\"ReadAction\",\"target\":[\"https:\\\/\\\/www.greeneggtotaal.nl\\\/product\\\/echt-aanmaakhoutwol-32-stuks\\\/\"]}]},{\"@type\":\"ImageObject\",\"inLanguage\":\"de\",\"@id\":\"https:\\\/\\\/www.greeneggtotaal.nl\\\/product\\\/echt-aanmaakhoutwol-32-stuks\\\/#primaryimage\",\"url\":\"https:\\\/\\\/www.greeneggtotaal.nl\\\/wp-content\\\/uploads\\\/2025\\\/08\\\/ontwerp-zonder-titel-2024-08-28t141100.252.webp\",\"contentUrl\":\"https:\\\/\\\/www.greeneggtotaal.nl\\\/wp-content\\\/uploads\\\/2025\\\/08\\\/ontwerp-zonder-titel-2024-08-28t141100.252.webp\",\"width\":500,\"height\":500,\"caption\":\"ECHT Aanmaakhoutwol 32 stuks\"},{\"@type\":\"BreadcrumbList\",\"@id\":\"https:\\\/\\\/www.greeneggtotaal.nl\\\/product\\\/echt-aanmaakhoutwol-32-stuks\\\/#breadcrumb\",\"itemListElement\":[{\"@type\":\"ListItem\",\"position\":1,\"name\":\"Home\",\"item\":\"https:\\\/\\\/www.greeneggtotaal.nl\\\/\"},{\"@type\":\"ListItem\",\"position\":2,\"name\":\"Shop\",\"item\":\"https:\\\/\\\/www.greeneggtotaal.nl\\\/nl\\\/shop\\\/\"},{\"@type\":\"ListItem\",\"position\":3,\"name\":\"ECHT Aanmaakhoutwol 32 stuks\"}]},{\"@type\":\"WebSite\",\"@id\":\"https:\\\/\\\/www.greeneggtotaal.nl\\\/nl\\\/#website\",\"url\":\"https:\\\/\\\/www.greeneggtotaal.nl\\\/nl\\\/\",\"name\":\"greeneggtotaal.nl\",\"description\":\"D\u00e9 Big Green Egg Specialist\",\"publisher\":{\"@id\":\"https:\\\/\\\/www.greeneggtotaal.nl\\\/nl\\\/#organization\"},\"potentialAction\":[{\"@type\":\"SearchAction\",\"target\":{\"@type\":\"EntryPoint\",\"urlTemplate\":\"https:\\\/\\\/www.greeneggtotaal.nl\\\/nl\\\/?s={search_term_string}\"},\"query-input\":{\"@type\":\"PropertyValueSpecification\",\"valueRequired\":true,\"valueName\":\"search_term_string\"}}],\"inLanguage\":\"de\"},{\"@type\":\"Organization\",\"@id\":\"https:\\\/\\\/www.greeneggtotaal.nl\\\/nl\\\/#organization\",\"name\":\"Green Egg Totaal\",\"url\":\"https:\\\/\\\/www.greeneggtotaal.nl\\\/nl\\\/\",\"logo\":{\"@type\":\"ImageObject\",\"inLanguage\":\"de\",\"@id\":\"https:\\\/\\\/www.greeneggtotaal.nl\\\/nl\\\/#\\\/schema\\\/logo\\\/image\\\/\",\"url\":\"https:\\\/\\\/www.greeneggtotaal.nl\\\/wp-content\\\/uploads\\\/2025\\\/06\\\/Green-Egg-Totaal-Logo.png\",\"contentUrl\":\"https:\\\/\\\/www.greeneggtotaal.nl\\\/wp-content\\\/uploads\\\/2025\\\/06\\\/Green-Egg-Totaal-Logo.png\",\"width\":225,\"height\":95,\"caption\":\"Green Egg Totaal\"},\"image\":{\"@id\":\"https:\\\/\\\/www.greeneggtotaal.nl\\\/nl\\\/#\\\/schema\\\/logo\\\/image\\\/\"}}]}<\/script>\n<!-- \/ Yoast SEO Premium plugin. -->","yoast_head_json":{"title":"REAL Anz\u00fcndwolle 32 St\u00fcck","description":"Echte Anz\u00fcndwolle 32 bietet nat\u00fcrliche, schnelle Anz\u00fcndung f\u00fcr Grill und Kamin, ohne Geruch, Rauch oder chemische Zus\u00e4tze.","robots":{"index":"index","follow":"follow","max-snippet":"max-snippet:-1","max-image-preview":"max-image-preview:large","max-video-preview":"max-video-preview:-1"},"canonical":"https:\/\/www.greeneggtotaal.nl\/de\/product\/echte-anzundwolle-32-stuck\/","og_locale":"de_DE","og_type":"article","og_title":"ECHT Aanmaakhoutwol 32 stuks","og_description":"ECHT Aanmaakhoutwol 32 stuks biedt natuurlijke, snelle ontsteking voor BBQ en haard, zonder geur, rook of chemische toevoegingen.","og_url":"https:\/\/www.greeneggtotaal.nl\/de\/product\/echte-anzundwolle-32-stuck\/","og_site_name":"GreenEggTotaal","article_modified_time":"2026-01-28T11:40:31+00:00","og_image":[{"width":500,"height":500,"url":"https:\/\/www.greeneggtotaal.nl\/wp-content\/uploads\/2025\/08\/ontwerp-zonder-titel-2024-08-28t141100.252.webp","type":"image\/webp"}],"twitter_card":"summary_large_image","twitter_misc":{"Gesch\u00e4tzte Lesezeit":"1\u00a0Minute"},"schema":{"@context":"https:\/\/schema.org","@graph":[{"@type":"WebPage","@id":"https:\/\/www.greeneggtotaal.nl\/product\/echt-aanmaakhoutwol-32-stuks\/","url":"https:\/\/www.greeneggtotaal.nl\/product\/echt-aanmaakhoutwol-32-stuks\/","name":"REAL Anz\u00fcndwolle 32 St\u00fcck","isPartOf":{"@id":"https:\/\/www.greeneggtotaal.nl\/nl\/#website"},"primaryImageOfPage":{"@id":"https:\/\/www.greeneggtotaal.nl\/product\/echt-aanmaakhoutwol-32-stuks\/#primaryimage"},"image":{"@id":"https:\/\/www.greeneggtotaal.nl\/product\/echt-aanmaakhoutwol-32-stuks\/#primaryimage"},"thumbnailUrl":"https:\/\/www.greeneggtotaal.nl\/wp-content\/uploads\/2025\/08\/ontwerp-zonder-titel-2024-08-28t141100.252.webp","datePublished":"2025-06-16T12:42:15+00:00","dateModified":"2026-01-28T11:40:31+00:00","description":"Echte Anz\u00fcndwolle 32 bietet nat\u00fcrliche, schnelle Anz\u00fcndung f\u00fcr Grill und Kamin, ohne Geruch, Rauch oder chemische Zus\u00e4tze.","breadcrumb":{"@id":"https:\/\/www.greeneggtotaal.nl\/product\/echt-aanmaakhoutwol-32-stuks\/#breadcrumb"},"inLanguage":"de","potentialAction":[{"@type":"ReadAction","target":["https:\/\/www.greeneggtotaal.nl\/product\/echt-aanmaakhoutwol-32-stuks\/"]}]},{"@type":"ImageObject","inLanguage":"de","@id":"https:\/\/www.greeneggtotaal.nl\/product\/echt-aanmaakhoutwol-32-stuks\/#primaryimage","url":"https:\/\/www.greeneggtotaal.nl\/wp-content\/uploads\/2025\/08\/ontwerp-zonder-titel-2024-08-28t141100.252.webp","contentUrl":"https:\/\/www.greeneggtotaal.nl\/wp-content\/uploads\/2025\/08\/ontwerp-zonder-titel-2024-08-28t141100.252.webp","width":500,"height":500,"caption":"ECHT Aanmaakhoutwol 32 stuks"},{"@type":"BreadcrumbList","@id":"https:\/\/www.greeneggtotaal.nl\/product\/echt-aanmaakhoutwol-32-stuks\/#breadcrumb","itemListElement":[{"@type":"ListItem","position":1,"name":"Home","item":"https:\/\/www.greeneggtotaal.nl\/"},{"@type":"ListItem","position":2,"name":"Shop","item":"https:\/\/www.greeneggtotaal.nl\/nl\/shop\/"},{"@type":"ListItem","position":3,"name":"ECHT Aanmaakhoutwol 32 stuks"}]},{"@type":"WebSite","@id":"https:\/\/www.greeneggtotaal.nl\/nl\/#website","url":"https:\/\/www.greeneggtotaal.nl\/nl\/","name":"greeneggtotaal.nl","description":"Der Big Green Egg Spezialist","publisher":{"@id":"https:\/\/www.greeneggtotaal.nl\/nl\/#organization"},"potentialAction":[{"@type":"SearchAction","target":{"@type":"EntryPoint","urlTemplate":"https:\/\/www.greeneggtotaal.nl\/nl\/?s={search_term_string}"},"query-input":{"@type":"PropertyValueSpecification","valueRequired":true,"valueName":"search_term_string"}}],"inLanguage":"de"},{"@type":"Organization","@id":"https:\/\/www.greeneggtotaal.nl\/nl\/#organization","name":"Green Egg Totaal","url":"https:\/\/www.greeneggtotaal.nl\/nl\/","logo":{"@type":"ImageObject","inLanguage":"de","@id":"https:\/\/www.greeneggtotaal.nl\/nl\/#\/schema\/logo\/image\/","url":"https:\/\/www.greeneggtotaal.nl\/wp-content\/uploads\/2025\/06\/Green-Egg-Totaal-Logo.png","contentUrl":"https:\/\/www.greeneggtotaal.nl\/wp-content\/uploads\/2025\/06\/Green-Egg-Totaal-Logo.png","width":225,"height":95,"caption":"Green Egg Totaal"},"image":{"@id":"https:\/\/www.greeneggtotaal.nl\/nl\/#\/schema\/logo\/image\/"}}]}},"_links":{"self":[{"href":"https:\/\/www.greeneggtotaal.nl\/de\/wp-json\/wp\/v2\/product\/6070","targetHints":{"allow":["GET"]}}],"collection":[{"href":"https:\/\/www.greeneggtotaal.nl\/de\/wp-json\/wp\/v2\/product"}],"about":[{"href":"https:\/\/www.greeneggtotaal.nl\/de\/wp-json\/wp\/v2\/types\/product"}],"wp:featuredmedia":[{"embeddable":true,"href":"https:\/\/www.greeneggtotaal.nl\/de\/wp-json\/wp\/v2\/media\/11001"}],"wp:attachment":[{"href":"https:\/\/www.greeneggtotaal.nl\/de\/wp-json\/wp\/v2\/media?parent=6070"}],"wp:term":[{"taxonomy":"product_brand","embeddable":true,"href":"https:\/\/www.greeneggtotaal.nl\/de\/wp-json\/wp\/v2\/product_brand?post=6070"},{"taxonomy":"product_cat","embeddable":true,"href":"https:\/\/www.greeneggtotaal.nl\/de\/wp-json\/wp\/v2\/product_cat?post=6070"},{"taxonomy":"product_tag","embeddable":true,"href":"https:\/\/www.greeneggtotaal.nl\/de\/wp-json\/wp\/v2\/product_tag?post=6070"}],"curies":[{"name":"wp","href":"https:\/\/api.w.org\/{rel}","templated":true}]}}