{"id":11235,"date":"2025-08-01T13:42:27","date_gmt":"2025-08-01T11:42:27","guid":{"rendered":"https:\/\/baselinkweb.nl\/greeneggtotaal\/product\/big-green-egg-acacia-tafel-xl\/"},"modified":"2025-12-18T10:27:45","modified_gmt":"2025-12-18T09:27:45","slug":"table-big-green-egg-acacia-xl","status":"publish","type":"product","link":"https:\/\/www.greeneggtotaal.nl\/fr\/product\/big-green-egg-acacia-tafel-xl\/","title":{"rendered":"Big Green Egg Table en acacia XL"},"content":{"rendered":"<p>La nature suit son cours. Il suffit de regarder la table Acacia. Fabriqu\u00e9e \u00e0 partir de planches massives d'acacia, cette table artisanale pr\u00e9sente des veines naturellement form\u00e9es et des nuances de couleurs uniques. C'est pourquoi chaque table est diff\u00e9rente. La table en acacia transforme votre Big Green Egg en une cuisine ext\u00e9rieure compl\u00e8te avec suffisamment d'espace pour vos outils et votre vaisselle.<\/p>\n<p>Tout le monde se sent \u00e0 l'aise autour de la table en acacia en raison de son aspect chaleureux. L'acacia \u00e9tant de loin l'essence de bois la plus durable et la plus dure, il constitue l'enceinte parfaite pour le Big Green Egg Large ou XLarge. Vous souhaitez d\u00e9placer votre \u00eelot de cuisson ? Gr\u00e2ce aux 4 roues robustes, vous pouvez d\u00e9placer la table en acacia, y compris votre Big Green Egg, jusqu'\u00e0 l'endroit le plus ensoleill\u00e9. Placez l'EGG dans le nid de table pour assurer la circulation de l'air n\u00e9cessaire.<\/p>\n<p>Attention : cette table est livr\u00e9e en un seul morceau. Y a-t-il des conditions particuli\u00e8res pour la livraison (escaliers, angles difficiles, seuils dans le jardin, etc.) ? Veuillez l'indiquer dans la note de commande !<\/p>","protected":false},"excerpt":{"rendered":"<p>De natuur gaat haar eigen gang. Kijk maar naar de Acacia Table. Deze handgemaakte tafel bestaat uit massieve planken van acacia en heeft natuurlijk gevormde nerven en unieke kleurschakeringen. Daarom is elke tafel weer anders. De Acacia Table transformeert je Big Green Egg tot een complete buitenkeuken met voldoende ruimte voor je tools en je [&hellip;]<\/p>\n","protected":false},"featured_media":11190,"template":"","meta":[],"product_brand":[229],"product_cat":[106],"product_tag":[],"class_list":{"0":"post-11235","1":"product","2":"type-product","3":"status-publish","4":"has-post-thumbnail","6":"product_brand-big-green-egg","7":"product_cat-xl-accessoires","9":"first","10":"instock","11":"taxable","12":"shipping-taxable","13":"purchasable","14":"product-type-composite"},"yoast_head":"<!-- This site is optimized with the Yoast SEO Premium plugin v27.4 (Yoast SEO v27.4) - https:\/\/yoast.com\/product\/yoast-seo-premium-wordpress\/ -->\n<title>Big Green Egg Acacia Tafel XL<\/title>\n<meta name=\"description\" content=\"Wij van GreenEggTotaal.nl bezorgen de Big Green Egg gratis \u00e9n we plaatsen hem volledig gemonteerd op de plek die u aanwijst.\" \/>\n<meta name=\"robots\" content=\"index, follow, max-snippet:-1, max-image-preview:large, max-video-preview:-1\" \/>\n<link rel=\"canonical\" href=\"https:\/\/www.greeneggtotaal.nl\/fr\/product\/table-big-green-egg-acacia-xl\/\" \/>\n<meta property=\"og:locale\" content=\"fr_FR\" \/>\n<meta property=\"og:type\" content=\"article\" \/>\n<meta property=\"og:title\" content=\"Big Green Egg Acacia Tafel XL\" \/>\n<meta property=\"og:description\" content=\"Wij van GreenEggTotaal.nl bezorgen de Big Green Egg gratis \u00e9n we plaatsen hem volledig gemonteerd op de plek die u aanwijst.\" \/>\n<meta property=\"og:url\" content=\"https:\/\/www.greeneggtotaal.nl\/fr\/product\/table-big-green-egg-acacia-xl\/\" \/>\n<meta property=\"og:site_name\" content=\"GreenEggTotaal\" \/>\n<meta property=\"article:modified_time\" content=\"2025-12-18T09:27:45+00:00\" \/>\n<meta property=\"og:image\" content=\"https:\/\/www.greeneggtotaal.nl\/wp-content\/uploads\/2025\/08\/webimage-98e25524-a8df-4769-aa180f1d61ac0c67.webp\" \/>\n\t<meta property=\"og:image:width\" content=\"500\" \/>\n\t<meta property=\"og:image:height\" content=\"500\" \/>\n\t<meta property=\"og:image:type\" content=\"image\/webp\" \/>\n<meta name=\"twitter:card\" content=\"summary_large_image\" \/>\n<meta name=\"twitter:label1\" content=\"Dur\u00e9e de lecture estim\u00e9e\" \/>\n\t<meta name=\"twitter:data1\" content=\"2 minutes\" \/>\n<script type=\"application\/ld+json\" class=\"yoast-schema-graph\">{\"@context\":\"https:\\\/\\\/schema.org\",\"@graph\":[{\"@type\":\"WebPage\",\"@id\":\"https:\\\/\\\/www.greeneggtotaal.nl\\\/product\\\/big-green-egg-acacia-tafel-xl\\\/\",\"url\":\"https:\\\/\\\/www.greeneggtotaal.nl\\\/product\\\/big-green-egg-acacia-tafel-xl\\\/\",\"name\":\"Big Green Egg Acacia Tafel XL\",\"isPartOf\":{\"@id\":\"https:\\\/\\\/www.greeneggtotaal.nl\\\/nl\\\/#website\"},\"primaryImageOfPage\":{\"@id\":\"https:\\\/\\\/www.greeneggtotaal.nl\\\/product\\\/big-green-egg-acacia-tafel-xl\\\/#primaryimage\"},\"image\":{\"@id\":\"https:\\\/\\\/www.greeneggtotaal.nl\\\/product\\\/big-green-egg-acacia-tafel-xl\\\/#primaryimage\"},\"thumbnailUrl\":\"https:\\\/\\\/www.greeneggtotaal.nl\\\/wp-content\\\/uploads\\\/2025\\\/08\\\/webimage-98e25524-a8df-4769-aa180f1d61ac0c67.webp\",\"datePublished\":\"2025-08-01T11:42:27+00:00\",\"dateModified\":\"2025-12-18T09:27:45+00:00\",\"description\":\"Wij van GreenEggTotaal.nl bezorgen de Big Green Egg gratis \u00e9n we plaatsen hem volledig gemonteerd op de plek die u aanwijst.\",\"breadcrumb\":{\"@id\":\"https:\\\/\\\/www.greeneggtotaal.nl\\\/product\\\/big-green-egg-acacia-tafel-xl\\\/#breadcrumb\"},\"inLanguage\":\"fr-FR\",\"potentialAction\":[{\"@type\":\"ReadAction\",\"target\":[\"https:\\\/\\\/www.greeneggtotaal.nl\\\/product\\\/big-green-egg-acacia-tafel-xl\\\/\"]}]},{\"@type\":\"ImageObject\",\"inLanguage\":\"fr-FR\",\"@id\":\"https:\\\/\\\/www.greeneggtotaal.nl\\\/product\\\/big-green-egg-acacia-tafel-xl\\\/#primaryimage\",\"url\":\"https:\\\/\\\/www.greeneggtotaal.nl\\\/wp-content\\\/uploads\\\/2025\\\/08\\\/webimage-98e25524-a8df-4769-aa180f1d61ac0c67.webp\",\"contentUrl\":\"https:\\\/\\\/www.greeneggtotaal.nl\\\/wp-content\\\/uploads\\\/2025\\\/08\\\/webimage-98e25524-a8df-4769-aa180f1d61ac0c67.webp\",\"width\":500,\"height\":500,\"caption\":\"Big Green Egg Acacia Tafel XL\"},{\"@type\":\"BreadcrumbList\",\"@id\":\"https:\\\/\\\/www.greeneggtotaal.nl\\\/product\\\/big-green-egg-acacia-tafel-xl\\\/#breadcrumb\",\"itemListElement\":[{\"@type\":\"ListItem\",\"position\":1,\"name\":\"Home\",\"item\":\"https:\\\/\\\/www.greeneggtotaal.nl\\\/\"},{\"@type\":\"ListItem\",\"position\":2,\"name\":\"Shop\",\"item\":\"https:\\\/\\\/www.greeneggtotaal.nl\\\/nl\\\/shop\\\/\"},{\"@type\":\"ListItem\",\"position\":3,\"name\":\"Big Green Egg Acacia Tafel XL\"}]},{\"@type\":\"WebSite\",\"@id\":\"https:\\\/\\\/www.greeneggtotaal.nl\\\/nl\\\/#website\",\"url\":\"https:\\\/\\\/www.greeneggtotaal.nl\\\/nl\\\/\",\"name\":\"greeneggtotaal.nl\",\"description\":\"D\u00e9 Big Green Egg Specialist\",\"publisher\":{\"@id\":\"https:\\\/\\\/www.greeneggtotaal.nl\\\/nl\\\/#organization\"},\"potentialAction\":[{\"@type\":\"SearchAction\",\"target\":{\"@type\":\"EntryPoint\",\"urlTemplate\":\"https:\\\/\\\/www.greeneggtotaal.nl\\\/nl\\\/?s={search_term_string}\"},\"query-input\":{\"@type\":\"PropertyValueSpecification\",\"valueRequired\":true,\"valueName\":\"search_term_string\"}}],\"inLanguage\":\"fr-FR\"},{\"@type\":\"Organization\",\"@id\":\"https:\\\/\\\/www.greeneggtotaal.nl\\\/nl\\\/#organization\",\"name\":\"Green Egg Totaal\",\"url\":\"https:\\\/\\\/www.greeneggtotaal.nl\\\/nl\\\/\",\"logo\":{\"@type\":\"ImageObject\",\"inLanguage\":\"fr-FR\",\"@id\":\"https:\\\/\\\/www.greeneggtotaal.nl\\\/nl\\\/#\\\/schema\\\/logo\\\/image\\\/\",\"url\":\"https:\\\/\\\/www.greeneggtotaal.nl\\\/wp-content\\\/uploads\\\/2025\\\/06\\\/Green-Egg-Totaal-Logo.png\",\"contentUrl\":\"https:\\\/\\\/www.greeneggtotaal.nl\\\/wp-content\\\/uploads\\\/2025\\\/06\\\/Green-Egg-Totaal-Logo.png\",\"width\":225,\"height\":95,\"caption\":\"Green Egg Totaal\"},\"image\":{\"@id\":\"https:\\\/\\\/www.greeneggtotaal.nl\\\/nl\\\/#\\\/schema\\\/logo\\\/image\\\/\"}}]}<\/script>\n<!-- \/ Yoast SEO Premium plugin. -->","yoast_head_json":{"title":"Big Green Egg Table en acacia XL","description":"Chez GreenEggTotaal.co.uk, la livraison du Big Green Egg est gratuite et nous le pla\u00e7ons enti\u00e8rement assembl\u00e9 \u00e0 l'endroit que vous avez indiqu\u00e9.","robots":{"index":"index","follow":"follow","max-snippet":"max-snippet:-1","max-image-preview":"max-image-preview:large","max-video-preview":"max-video-preview:-1"},"canonical":"https:\/\/www.greeneggtotaal.nl\/fr\/product\/table-big-green-egg-acacia-xl\/","og_locale":"fr_FR","og_type":"article","og_title":"Big Green Egg Acacia Tafel XL","og_description":"Wij van GreenEggTotaal.nl bezorgen de Big Green Egg gratis \u00e9n we plaatsen hem volledig gemonteerd op de plek die u aanwijst.","og_url":"https:\/\/www.greeneggtotaal.nl\/fr\/product\/table-big-green-egg-acacia-xl\/","og_site_name":"GreenEggTotaal","article_modified_time":"2025-12-18T09:27:45+00:00","og_image":[{"width":500,"height":500,"url":"https:\/\/www.greeneggtotaal.nl\/wp-content\/uploads\/2025\/08\/webimage-98e25524-a8df-4769-aa180f1d61ac0c67.webp","type":"image\/webp"}],"twitter_card":"summary_large_image","twitter_misc":{"Dur\u00e9e de lecture estim\u00e9e":"2 minutes"},"schema":{"@context":"https:\/\/schema.org","@graph":[{"@type":"WebPage","@id":"https:\/\/www.greeneggtotaal.nl\/product\/big-green-egg-acacia-tafel-xl\/","url":"https:\/\/www.greeneggtotaal.nl\/product\/big-green-egg-acacia-tafel-xl\/","name":"Big Green Egg Table en acacia XL","isPartOf":{"@id":"https:\/\/www.greeneggtotaal.nl\/nl\/#website"},"primaryImageOfPage":{"@id":"https:\/\/www.greeneggtotaal.nl\/product\/big-green-egg-acacia-tafel-xl\/#primaryimage"},"image":{"@id":"https:\/\/www.greeneggtotaal.nl\/product\/big-green-egg-acacia-tafel-xl\/#primaryimage"},"thumbnailUrl":"https:\/\/www.greeneggtotaal.nl\/wp-content\/uploads\/2025\/08\/webimage-98e25524-a8df-4769-aa180f1d61ac0c67.webp","datePublished":"2025-08-01T11:42:27+00:00","dateModified":"2025-12-18T09:27:45+00:00","description":"Chez GreenEggTotaal.co.uk, la livraison du Big Green Egg est gratuite et nous le pla\u00e7ons enti\u00e8rement assembl\u00e9 \u00e0 l'endroit que vous avez indiqu\u00e9.","breadcrumb":{"@id":"https:\/\/www.greeneggtotaal.nl\/product\/big-green-egg-acacia-tafel-xl\/#breadcrumb"},"inLanguage":"fr-FR","potentialAction":[{"@type":"ReadAction","target":["https:\/\/www.greeneggtotaal.nl\/product\/big-green-egg-acacia-tafel-xl\/"]}]},{"@type":"ImageObject","inLanguage":"fr-FR","@id":"https:\/\/www.greeneggtotaal.nl\/product\/big-green-egg-acacia-tafel-xl\/#primaryimage","url":"https:\/\/www.greeneggtotaal.nl\/wp-content\/uploads\/2025\/08\/webimage-98e25524-a8df-4769-aa180f1d61ac0c67.webp","contentUrl":"https:\/\/www.greeneggtotaal.nl\/wp-content\/uploads\/2025\/08\/webimage-98e25524-a8df-4769-aa180f1d61ac0c67.webp","width":500,"height":500,"caption":"Big Green Egg Acacia Tafel XL"},{"@type":"BreadcrumbList","@id":"https:\/\/www.greeneggtotaal.nl\/product\/big-green-egg-acacia-tafel-xl\/#breadcrumb","itemListElement":[{"@type":"ListItem","position":1,"name":"Home","item":"https:\/\/www.greeneggtotaal.nl\/"},{"@type":"ListItem","position":2,"name":"Shop","item":"https:\/\/www.greeneggtotaal.nl\/nl\/shop\/"},{"@type":"ListItem","position":3,"name":"Big Green Egg Acacia Tafel XL"}]},{"@type":"WebSite","@id":"https:\/\/www.greeneggtotaal.nl\/nl\/#website","url":"https:\/\/www.greeneggtotaal.nl\/nl\/","name":"greeneggtotaal.nl","description":"Le sp\u00e9cialiste du Big Green Egg","publisher":{"@id":"https:\/\/www.greeneggtotaal.nl\/nl\/#organization"},"potentialAction":[{"@type":"SearchAction","target":{"@type":"EntryPoint","urlTemplate":"https:\/\/www.greeneggtotaal.nl\/nl\/?s={search_term_string}"},"query-input":{"@type":"PropertyValueSpecification","valueRequired":true,"valueName":"search_term_string"}}],"inLanguage":"fr-FR"},{"@type":"Organization","@id":"https:\/\/www.greeneggtotaal.nl\/nl\/#organization","name":"Green Egg Totaal","url":"https:\/\/www.greeneggtotaal.nl\/nl\/","logo":{"@type":"ImageObject","inLanguage":"fr-FR","@id":"https:\/\/www.greeneggtotaal.nl\/nl\/#\/schema\/logo\/image\/","url":"https:\/\/www.greeneggtotaal.nl\/wp-content\/uploads\/2025\/06\/Green-Egg-Totaal-Logo.png","contentUrl":"https:\/\/www.greeneggtotaal.nl\/wp-content\/uploads\/2025\/06\/Green-Egg-Totaal-Logo.png","width":225,"height":95,"caption":"Green Egg Totaal"},"image":{"@id":"https:\/\/www.greeneggtotaal.nl\/nl\/#\/schema\/logo\/image\/"}}]}},"_links":{"self":[{"href":"https:\/\/www.greeneggtotaal.nl\/fr\/wp-json\/wp\/v2\/product\/11235","targetHints":{"allow":["GET"]}}],"collection":[{"href":"https:\/\/www.greeneggtotaal.nl\/fr\/wp-json\/wp\/v2\/product"}],"about":[{"href":"https:\/\/www.greeneggtotaal.nl\/fr\/wp-json\/wp\/v2\/types\/product"}],"wp:featuredmedia":[{"embeddable":true,"href":"https:\/\/www.greeneggtotaal.nl\/fr\/wp-json\/wp\/v2\/media\/11190"}],"wp:attachment":[{"href":"https:\/\/www.greeneggtotaal.nl\/fr\/wp-json\/wp\/v2\/media?parent=11235"}],"wp:term":[{"taxonomy":"product_brand","embeddable":true,"href":"https:\/\/www.greeneggtotaal.nl\/fr\/wp-json\/wp\/v2\/product_brand?post=11235"},{"taxonomy":"product_cat","embeddable":true,"href":"https:\/\/www.greeneggtotaal.nl\/fr\/wp-json\/wp\/v2\/product_cat?post=11235"},{"taxonomy":"product_tag","embeddable":true,"href":"https:\/\/www.greeneggtotaal.nl\/fr\/wp-json\/wp\/v2\/product_tag?post=11235"}],"curies":[{"name":"wp","href":"https:\/\/api.w.org\/{rel}","templated":true}]}}