{"id":11268,"date":"2025-08-01T13:42:35","date_gmt":"2025-08-01T11:42:35","guid":{"rendered":"https:\/\/baselinkweb.nl\/greeneggtotaal\/product\/ofyr-mise-en-place-table-corten-65-pro-teakhout\/"},"modified":"2026-04-07T10:04:08","modified_gmt":"2026-04-07T08:04:08","slug":"ofyr-mise-en-place-table-corten-65-pro-teak","status":"publish","type":"product","link":"https:\/\/www.greeneggtotaal.nl\/fr\/product\/ofyr-mise-en-place-table-corten-65-pro-teakhout\/","title":{"rendered":"OFYR Table de mise en place Corten 65 PRO Bois de teck"},"content":{"rendered":"<p><strong>Avec la table Mise en Place 65 PRO, vous pouvez facilement ajouter un espace de travail suppl\u00e9mentaire \u00e0 votre cuisine ext\u00e9rieure. La table est facile \u00e0 d\u00e9placer et dispose d'un plan de travail pratique de 65 x 65 cm. En outre, la table dispose d'un espace de rangement pour le bois ou les accessoires. Le plan de travail est disponible en teck et en c\u00e9ramique gris fonc\u00e9.<\/strong><\/p>\n<p>-Fait partie de la collection PRO qui vous permet de composer une cuisine d'ext\u00e9rieur professionnelle.<\/p>\n<p>-Le plan de travail en c\u00e9ramique peut rester \u00e0 l'ext\u00e9rieur en permanence. Un plan de travail en teck doit \u00eatre conserv\u00e9 \u00e0 l'int\u00e9rieur et trait\u00e9 r\u00e9guli\u00e8rement avec une huile v\u00e9g\u00e9tale.<\/p>\n<p>-Comprend un plateau \u00e0 outils pour les \u00e9pices et les ustensiles de cuisine.<\/p>\n<p>-Facile \u00e0 d\u00e9placer gr\u00e2ce \u00e0 l'ajout de roulettes.<\/p>\n<p>-Compatible avec OFYR Insert PRO Small, avec ou sans portes.-<\/p>\n<p>-Malgr\u00e9 leur rev\u00eatement de haute qualit\u00e9, les mod\u00e8les Black sont plus sensibles aux rayures et aux dommages et n\u00e9cessitent plus d'entretien que les mod\u00e8les Corten.<\/p>","protected":false},"excerpt":{"rendered":"<p>Met de Mise en Place Table 65 PRO voeg je makkelijk extra werkruimte aan je buitenkeuken toe. De tafel is eenvoudig te verplaatsen en heeft een praktisch werkblad van 65 x 65 cm. Daarnaast heeft de tafel ook opbergruimte voor hout of accessoires. Het werkblad is verkrijgbaar in teakhout en donkergrijs keramiek. -Onderdeel van de [&hellip;]<\/p>\n","protected":false},"featured_media":11267,"template":"","meta":[],"product_brand":[239],"product_cat":[133],"product_tag":[],"class_list":{"0":"post-11268","1":"product","2":"type-product","3":"status-publish","4":"has-post-thumbnail","6":"product_brand-ofyr","7":"product_cat-ofyr-buitenkeukens","9":"first","10":"instock","11":"sale","12":"taxable","13":"shipping-taxable","14":"purchasable","15":"product-type-composite"},"yoast_head":"<!-- This site is optimized with the Yoast SEO Premium plugin v27.4 (Yoast SEO v27.4) - https:\/\/yoast.com\/product\/yoast-seo-premium-wordpress\/ -->\n<title>OFYR Mise en Place Table Corten 65 PRO Teakhout<\/title>\n<meta name=\"description\" content=\"Bestel alles voor de Big Green Egg bij GreenEggTotaal. Voor 16.00u besteld? Morgen bezorgd. GreenEggTotaal.nl: D\u00e9 Big Green Egg Specialist.\" \/>\n<meta name=\"robots\" content=\"index, follow, max-snippet:-1, max-image-preview:large, max-video-preview:-1\" \/>\n<link rel=\"canonical\" href=\"https:\/\/www.greeneggtotaal.nl\/fr\/product\/ofyr-mise-en-place-table-corten-65-pro-teak\/\" \/>\n<meta property=\"og:locale\" content=\"fr_FR\" \/>\n<meta property=\"og:type\" content=\"article\" \/>\n<meta property=\"og:title\" content=\"OFYR Mise en Place Table Corten 65 PRO Teakhout\" \/>\n<meta property=\"og:description\" content=\"Bestel alles voor de Big Green Egg bij GreenEggTotaal. Voor 16.00u besteld? Morgen bezorgd. GreenEggTotaal.nl: D\u00e9 Big Green Egg Specialist.\" \/>\n<meta property=\"og:url\" content=\"https:\/\/www.greeneggtotaal.nl\/fr\/product\/ofyr-mise-en-place-table-corten-65-pro-teak\/\" \/>\n<meta property=\"og:site_name\" content=\"GreenEggTotaal\" \/>\n<meta property=\"article:modified_time\" content=\"2026-04-07T08:04:08+00:00\" \/>\n<meta property=\"og:image\" content=\"https:\/\/www.greeneggtotaal.nl\/wp-content\/uploads\/2025\/08\/ontwerp-zonder-titel-2023-07-10t141046.246.webp\" \/>\n\t<meta property=\"og:image:width\" content=\"500\" \/>\n\t<meta property=\"og:image:height\" content=\"500\" \/>\n\t<meta property=\"og:image:type\" content=\"image\/webp\" \/>\n<meta name=\"twitter:card\" content=\"summary_large_image\" \/>\n<meta name=\"twitter:label1\" content=\"Dur\u00e9e de lecture estim\u00e9e\" \/>\n\t<meta name=\"twitter:data1\" content=\"1 minute\" \/>\n<script type=\"application\/ld+json\" class=\"yoast-schema-graph\">{\"@context\":\"https:\\\/\\\/schema.org\",\"@graph\":[{\"@type\":\"WebPage\",\"@id\":\"https:\\\/\\\/www.greeneggtotaal.nl\\\/product\\\/ofyr-mise-en-place-table-corten-65-pro-teakhout\\\/\",\"url\":\"https:\\\/\\\/www.greeneggtotaal.nl\\\/product\\\/ofyr-mise-en-place-table-corten-65-pro-teakhout\\\/\",\"name\":\"OFYR Mise en Place Table Corten 65 PRO Teakhout\",\"isPartOf\":{\"@id\":\"https:\\\/\\\/www.greeneggtotaal.nl\\\/nl\\\/#website\"},\"primaryImageOfPage\":{\"@id\":\"https:\\\/\\\/www.greeneggtotaal.nl\\\/product\\\/ofyr-mise-en-place-table-corten-65-pro-teakhout\\\/#primaryimage\"},\"image\":{\"@id\":\"https:\\\/\\\/www.greeneggtotaal.nl\\\/product\\\/ofyr-mise-en-place-table-corten-65-pro-teakhout\\\/#primaryimage\"},\"thumbnailUrl\":\"https:\\\/\\\/www.greeneggtotaal.nl\\\/wp-content\\\/uploads\\\/2025\\\/08\\\/ontwerp-zonder-titel-2023-07-10t141046.246.webp\",\"datePublished\":\"2025-08-01T11:42:35+00:00\",\"dateModified\":\"2026-04-07T08:04:08+00:00\",\"description\":\"Bestel alles voor de Big Green Egg bij GreenEggTotaal. Voor 16.00u besteld? Morgen bezorgd. GreenEggTotaal.nl: D\u00e9 Big Green Egg Specialist.\",\"breadcrumb\":{\"@id\":\"https:\\\/\\\/www.greeneggtotaal.nl\\\/product\\\/ofyr-mise-en-place-table-corten-65-pro-teakhout\\\/#breadcrumb\"},\"inLanguage\":\"fr-FR\",\"potentialAction\":[{\"@type\":\"ReadAction\",\"target\":[\"https:\\\/\\\/www.greeneggtotaal.nl\\\/product\\\/ofyr-mise-en-place-table-corten-65-pro-teakhout\\\/\"]}]},{\"@type\":\"ImageObject\",\"inLanguage\":\"fr-FR\",\"@id\":\"https:\\\/\\\/www.greeneggtotaal.nl\\\/product\\\/ofyr-mise-en-place-table-corten-65-pro-teakhout\\\/#primaryimage\",\"url\":\"https:\\\/\\\/www.greeneggtotaal.nl\\\/wp-content\\\/uploads\\\/2025\\\/08\\\/ontwerp-zonder-titel-2023-07-10t141046.246.webp\",\"contentUrl\":\"https:\\\/\\\/www.greeneggtotaal.nl\\\/wp-content\\\/uploads\\\/2025\\\/08\\\/ontwerp-zonder-titel-2023-07-10t141046.246.webp\",\"width\":500,\"height\":500,\"caption\":\"OFYR Mise en Place Table Corten 65 PRO Teakhout\"},{\"@type\":\"BreadcrumbList\",\"@id\":\"https:\\\/\\\/www.greeneggtotaal.nl\\\/product\\\/ofyr-mise-en-place-table-corten-65-pro-teakhout\\\/#breadcrumb\",\"itemListElement\":[{\"@type\":\"ListItem\",\"position\":1,\"name\":\"Home\",\"item\":\"https:\\\/\\\/www.greeneggtotaal.nl\\\/\"},{\"@type\":\"ListItem\",\"position\":2,\"name\":\"Shop\",\"item\":\"https:\\\/\\\/www.greeneggtotaal.nl\\\/nl\\\/shop\\\/\"},{\"@type\":\"ListItem\",\"position\":3,\"name\":\"OFYR Mise en Place Table Corten 65 PRO Teakhout\"}]},{\"@type\":\"WebSite\",\"@id\":\"https:\\\/\\\/www.greeneggtotaal.nl\\\/nl\\\/#website\",\"url\":\"https:\\\/\\\/www.greeneggtotaal.nl\\\/nl\\\/\",\"name\":\"greeneggtotaal.nl\",\"description\":\"D\u00e9 Big Green Egg Specialist\",\"publisher\":{\"@id\":\"https:\\\/\\\/www.greeneggtotaal.nl\\\/nl\\\/#organization\"},\"potentialAction\":[{\"@type\":\"SearchAction\",\"target\":{\"@type\":\"EntryPoint\",\"urlTemplate\":\"https:\\\/\\\/www.greeneggtotaal.nl\\\/nl\\\/?s={search_term_string}\"},\"query-input\":{\"@type\":\"PropertyValueSpecification\",\"valueRequired\":true,\"valueName\":\"search_term_string\"}}],\"inLanguage\":\"fr-FR\"},{\"@type\":\"Organization\",\"@id\":\"https:\\\/\\\/www.greeneggtotaal.nl\\\/nl\\\/#organization\",\"name\":\"Green Egg Totaal\",\"url\":\"https:\\\/\\\/www.greeneggtotaal.nl\\\/nl\\\/\",\"logo\":{\"@type\":\"ImageObject\",\"inLanguage\":\"fr-FR\",\"@id\":\"https:\\\/\\\/www.greeneggtotaal.nl\\\/nl\\\/#\\\/schema\\\/logo\\\/image\\\/\",\"url\":\"https:\\\/\\\/www.greeneggtotaal.nl\\\/wp-content\\\/uploads\\\/2025\\\/06\\\/Green-Egg-Totaal-Logo.png\",\"contentUrl\":\"https:\\\/\\\/www.greeneggtotaal.nl\\\/wp-content\\\/uploads\\\/2025\\\/06\\\/Green-Egg-Totaal-Logo.png\",\"width\":225,\"height\":95,\"caption\":\"Green Egg Totaal\"},\"image\":{\"@id\":\"https:\\\/\\\/www.greeneggtotaal.nl\\\/nl\\\/#\\\/schema\\\/logo\\\/image\\\/\"}}]}<\/script>\n<!-- \/ Yoast SEO Premium plugin. -->","yoast_head_json":{"title":"OFYR Table de mise en place Corten 65 PRO Bois de teck","description":"Commandez tout pour le Big Green Egg chez GreenEggTotaal. Command\u00e9 avant 16h00 ? Livr\u00e9 demain. GreenEggTotaal.nl : le sp\u00e9cialiste du Big Green Egg.","robots":{"index":"index","follow":"follow","max-snippet":"max-snippet:-1","max-image-preview":"max-image-preview:large","max-video-preview":"max-video-preview:-1"},"canonical":"https:\/\/www.greeneggtotaal.nl\/fr\/product\/ofyr-mise-en-place-table-corten-65-pro-teak\/","og_locale":"fr_FR","og_type":"article","og_title":"OFYR Mise en Place Table Corten 65 PRO Teakhout","og_description":"Bestel alles voor de Big Green Egg bij GreenEggTotaal. Voor 16.00u besteld? Morgen bezorgd. GreenEggTotaal.nl: D\u00e9 Big Green Egg Specialist.","og_url":"https:\/\/www.greeneggtotaal.nl\/fr\/product\/ofyr-mise-en-place-table-corten-65-pro-teak\/","og_site_name":"GreenEggTotaal","article_modified_time":"2026-04-07T08:04:08+00:00","og_image":[{"width":500,"height":500,"url":"https:\/\/www.greeneggtotaal.nl\/wp-content\/uploads\/2025\/08\/ontwerp-zonder-titel-2023-07-10t141046.246.webp","type":"image\/webp"}],"twitter_card":"summary_large_image","twitter_misc":{"Dur\u00e9e de lecture estim\u00e9e":"1 minute"},"schema":{"@context":"https:\/\/schema.org","@graph":[{"@type":"WebPage","@id":"https:\/\/www.greeneggtotaal.nl\/product\/ofyr-mise-en-place-table-corten-65-pro-teakhout\/","url":"https:\/\/www.greeneggtotaal.nl\/product\/ofyr-mise-en-place-table-corten-65-pro-teakhout\/","name":"OFYR Table de mise en place Corten 65 PRO Bois de teck","isPartOf":{"@id":"https:\/\/www.greeneggtotaal.nl\/nl\/#website"},"primaryImageOfPage":{"@id":"https:\/\/www.greeneggtotaal.nl\/product\/ofyr-mise-en-place-table-corten-65-pro-teakhout\/#primaryimage"},"image":{"@id":"https:\/\/www.greeneggtotaal.nl\/product\/ofyr-mise-en-place-table-corten-65-pro-teakhout\/#primaryimage"},"thumbnailUrl":"https:\/\/www.greeneggtotaal.nl\/wp-content\/uploads\/2025\/08\/ontwerp-zonder-titel-2023-07-10t141046.246.webp","datePublished":"2025-08-01T11:42:35+00:00","dateModified":"2026-04-07T08:04:08+00:00","description":"Commandez tout pour le Big Green Egg chez GreenEggTotaal. Command\u00e9 avant 16h00 ? Livr\u00e9 demain. GreenEggTotaal.nl : le sp\u00e9cialiste du Big Green Egg.","breadcrumb":{"@id":"https:\/\/www.greeneggtotaal.nl\/product\/ofyr-mise-en-place-table-corten-65-pro-teakhout\/#breadcrumb"},"inLanguage":"fr-FR","potentialAction":[{"@type":"ReadAction","target":["https:\/\/www.greeneggtotaal.nl\/product\/ofyr-mise-en-place-table-corten-65-pro-teakhout\/"]}]},{"@type":"ImageObject","inLanguage":"fr-FR","@id":"https:\/\/www.greeneggtotaal.nl\/product\/ofyr-mise-en-place-table-corten-65-pro-teakhout\/#primaryimage","url":"https:\/\/www.greeneggtotaal.nl\/wp-content\/uploads\/2025\/08\/ontwerp-zonder-titel-2023-07-10t141046.246.webp","contentUrl":"https:\/\/www.greeneggtotaal.nl\/wp-content\/uploads\/2025\/08\/ontwerp-zonder-titel-2023-07-10t141046.246.webp","width":500,"height":500,"caption":"OFYR Mise en Place Table Corten 65 PRO Teakhout"},{"@type":"BreadcrumbList","@id":"https:\/\/www.greeneggtotaal.nl\/product\/ofyr-mise-en-place-table-corten-65-pro-teakhout\/#breadcrumb","itemListElement":[{"@type":"ListItem","position":1,"name":"Home","item":"https:\/\/www.greeneggtotaal.nl\/"},{"@type":"ListItem","position":2,"name":"Shop","item":"https:\/\/www.greeneggtotaal.nl\/nl\/shop\/"},{"@type":"ListItem","position":3,"name":"OFYR Mise en Place Table Corten 65 PRO Teakhout"}]},{"@type":"WebSite","@id":"https:\/\/www.greeneggtotaal.nl\/nl\/#website","url":"https:\/\/www.greeneggtotaal.nl\/nl\/","name":"greeneggtotaal.nl","description":"Le sp\u00e9cialiste du Big Green Egg","publisher":{"@id":"https:\/\/www.greeneggtotaal.nl\/nl\/#organization"},"potentialAction":[{"@type":"SearchAction","target":{"@type":"EntryPoint","urlTemplate":"https:\/\/www.greeneggtotaal.nl\/nl\/?s={search_term_string}"},"query-input":{"@type":"PropertyValueSpecification","valueRequired":true,"valueName":"search_term_string"}}],"inLanguage":"fr-FR"},{"@type":"Organization","@id":"https:\/\/www.greeneggtotaal.nl\/nl\/#organization","name":"Green Egg Totaal","url":"https:\/\/www.greeneggtotaal.nl\/nl\/","logo":{"@type":"ImageObject","inLanguage":"fr-FR","@id":"https:\/\/www.greeneggtotaal.nl\/nl\/#\/schema\/logo\/image\/","url":"https:\/\/www.greeneggtotaal.nl\/wp-content\/uploads\/2025\/06\/Green-Egg-Totaal-Logo.png","contentUrl":"https:\/\/www.greeneggtotaal.nl\/wp-content\/uploads\/2025\/06\/Green-Egg-Totaal-Logo.png","width":225,"height":95,"caption":"Green Egg Totaal"},"image":{"@id":"https:\/\/www.greeneggtotaal.nl\/nl\/#\/schema\/logo\/image\/"}}]}},"_links":{"self":[{"href":"https:\/\/www.greeneggtotaal.nl\/fr\/wp-json\/wp\/v2\/product\/11268","targetHints":{"allow":["GET"]}}],"collection":[{"href":"https:\/\/www.greeneggtotaal.nl\/fr\/wp-json\/wp\/v2\/product"}],"about":[{"href":"https:\/\/www.greeneggtotaal.nl\/fr\/wp-json\/wp\/v2\/types\/product"}],"wp:featuredmedia":[{"embeddable":true,"href":"https:\/\/www.greeneggtotaal.nl\/fr\/wp-json\/wp\/v2\/media\/11267"}],"wp:attachment":[{"href":"https:\/\/www.greeneggtotaal.nl\/fr\/wp-json\/wp\/v2\/media?parent=11268"}],"wp:term":[{"taxonomy":"product_brand","embeddable":true,"href":"https:\/\/www.greeneggtotaal.nl\/fr\/wp-json\/wp\/v2\/product_brand?post=11268"},{"taxonomy":"product_cat","embeddable":true,"href":"https:\/\/www.greeneggtotaal.nl\/fr\/wp-json\/wp\/v2\/product_cat?post=11268"},{"taxonomy":"product_tag","embeddable":true,"href":"https:\/\/www.greeneggtotaal.nl\/fr\/wp-json\/wp\/v2\/product_tag?post=11268"}],"curies":[{"name":"wp","href":"https:\/\/api.w.org\/{rel}","templated":true}]}}